{"id":277729,"date":"2016-12-07T19:54:40","date_gmt":"2016-12-07T17:54:40","guid":{"rendered":"https:\/\/sharks.ee\/vunder_2019\/lv\/product\/gaismas-virtene-airam-led-40-zals-vads\/"},"modified":"2016-12-07T19:54:40","modified_gmt":"2016-12-07T17:54:40","slug":"gaismas-virtene-airam-led-40-zals-vads","status":"publish","type":"product","link":"https:\/\/hobstop.ee\/lv\/produkts\/gaismas-virtene-airam-led-40-zals-vads\/","title":{"rendered":"Gaismas virtene Airam LED 40 za\u013c\u0161 vads"},"content":{"rendered":"<p>40 LED gaismas dio\u017eu virtene izmanto\u0161anai gan iek\u0161telp\u0101s, gan ar\u012b \u0101rpus telp\u0101m. Ar to var lieliski izrot\u0101t visu m\u0101ju. Gaismu izstarojo\u0161\u0101s da\u013cas garums ir 5.85m, Att\u0101lums starp LED gaismas diod\u0113m15cm. 10m gar\u0161 za\u013c\u0161 vads. Gaismas dio\u017eu darba laiks aptuveni 10 000 stundas, jauda 1.6W. Gaismas diodes nav main\u0101mas.<\/p>\n","protected":false},"excerpt":{"rendered":"<p>40 LED gaismas dio\u017eu virtene izmanto\u0161anai gan iek\u0161telp\u0101s, gan ar\u012b \u0101rpus telp\u0101m. Ar to var lieliski izrot\u0101t visu m\u0101ju. Gaismu izstarojo\u0161\u0101s da\u013cas garums ir 5.85m, Att\u0101lums starp LED gaismas diod\u0113m15cm. 10m gar\u0161 za\u013c\u0161 vads. Gaismas dio\u017eu darba laiks aptuveni 10 000 stundas, jauda 1.6W. Gaismas diodes nav main\u0101mas.<\/p>\n","protected":false},"featured_media":277793,"comment_status":"closed","ping_status":"closed","template":"","meta":{"_acf_changed":false,"ep_exclude_from_search":false},"product_cat":[20165,18798],"product_tag":[],"class_list":{"0":"post-277729","1":"product","2":"type-product","3":"status-publish","4":"has-post-thumbnail","6":"product_cat-dekorativs-apgaismojums","7":"product_cat-lampas-3","9":"first","10":"instock","11":"taxable","12":"shipping-taxable","13":"product-type-simple"},"acf":[],"yoast_head":"<!-- This site is optimized with the Yoast SEO plugin v24.1 - https:\/\/yoast.com\/wordpress\/plugins\/seo\/ -->\n<title>Gaismas virtene Airam LED 40 za\u013c\u0161 vads &#8211; Skizze<\/title>\n<meta name=\"robots\" content=\"noindex, follow, max-snippet:-1, max-image-preview:large, max-video-preview:-1\" \/>\n<meta property=\"og:locale\" content=\"lv_LV\" \/>\n<meta property=\"og:type\" content=\"article\" \/>\n<meta property=\"og:title\" content=\"Gaismas virtene Airam LED 40 za\u013c\u0161 vads &#8211; Skizze\" \/>\n<meta property=\"og:description\" content=\"40 LED gaismas dio\u017eu virtene izmanto\u0161anai gan iek\u0161telp\u0101s, gan ar\u012b \u0101rpus telp\u0101m. Ar to var lieliski izrot\u0101t visu m\u0101ju. Gaismu izstarojo\u0161\u0101s da\u013cas garums ir 5.85m, Att\u0101lums starp LED gaismas diod\u0113m15cm. 10m gar\u0161 za\u013c\u0161 vads. Gaismas dio\u017eu darba laiks aptuveni 10 000 stundas, jauda 1.6W. Gaismas diodes nav main\u0101mas.\" \/>\n<meta property=\"og:url\" content=\"https:\/\/hobstop.ee\/lv\/produkts\/gaismas-virtene-airam-led-40-zals-vads\/\" \/>\n<meta property=\"og:site_name\" content=\"Skizze\" \/>\n<meta property=\"article:publisher\" content=\"http:\/\/www.facebook.com\/VunderSkizze\" \/>\n<meta property=\"og:image\" content=\"https:\/\/hobstop.ee\/media\/4436.jpg\" \/>\n\t<meta property=\"og:image:width\" content=\"1024\" \/>\n\t<meta property=\"og:image:height\" content=\"768\" \/>\n\t<meta property=\"og:image:type\" content=\"image\/jpeg\" \/>\n<meta name=\"twitter:card\" content=\"summary_large_image\" \/>\n<script type=\"application\/ld+json\" class=\"yoast-schema-graph\">{\"@context\":\"https:\/\/schema.org\",\"@graph\":[{\"@type\":\"WebPage\",\"@id\":\"https:\/\/hobstop.ee\/lv\/produkts\/gaismas-virtene-airam-led-40-zals-vads\/\",\"url\":\"https:\/\/hobstop.ee\/lv\/produkts\/gaismas-virtene-airam-led-40-zals-vads\/\",\"name\":\"Gaismas virtene Airam LED 40 za\u013c\u0161 vads &#8211; Skizze\",\"isPartOf\":{\"@id\":\"https:\/\/hobstop.ee\/lv\/#website\"},\"primaryImageOfPage\":{\"@id\":\"https:\/\/hobstop.ee\/lv\/produkts\/gaismas-virtene-airam-led-40-zals-vads\/#primaryimage\"},\"image\":{\"@id\":\"https:\/\/hobstop.ee\/lv\/produkts\/gaismas-virtene-airam-led-40-zals-vads\/#primaryimage\"},\"thumbnailUrl\":\"https:\/\/hobstop.ee\/media\/4436.jpg\",\"datePublished\":\"2016-12-07T17:54:40+00:00\",\"dateModified\":\"2016-12-07T17:54:40+00:00\",\"breadcrumb\":{\"@id\":\"https:\/\/hobstop.ee\/lv\/produkts\/gaismas-virtene-airam-led-40-zals-vads\/#breadcrumb\"},\"inLanguage\":\"lv-LV\",\"potentialAction\":[{\"@type\":\"ReadAction\",\"target\":[\"https:\/\/hobstop.ee\/lv\/produkts\/gaismas-virtene-airam-led-40-zals-vads\/\"]}]},{\"@type\":\"ImageObject\",\"inLanguage\":\"lv-LV\",\"@id\":\"https:\/\/hobstop.ee\/lv\/produkts\/gaismas-virtene-airam-led-40-zals-vads\/#primaryimage\",\"url\":\"https:\/\/hobstop.ee\/media\/4436.jpg\",\"contentUrl\":\"https:\/\/hobstop.ee\/media\/4436.jpg\",\"width\":1024,\"height\":768},{\"@type\":\"BreadcrumbList\",\"@id\":\"https:\/\/hobstop.ee\/lv\/produkts\/gaismas-virtene-airam-led-40-zals-vads\/#breadcrumb\",\"itemListElement\":[{\"@type\":\"ListItem\",\"position\":1,\"name\":\"Avaleht\",\"item\":\"https:\/\/hobstop.ee\/lv\/\"},{\"@type\":\"ListItem\",\"position\":2,\"name\":\"Veikals\",\"item\":\"https:\/\/hobstop.ee\/lv\/veikals\/\"},{\"@type\":\"ListItem\",\"position\":3,\"name\":\"Gaismas virtene Airam LED 40 za\u013c\u0161 vads\"}]},{\"@type\":\"WebSite\",\"@id\":\"https:\/\/hobstop.ee\/lv\/#website\",\"url\":\"https:\/\/hobstop.ee\/lv\/\",\"name\":\"Skizze\",\"description\":\"M\u0101kslas, hobiju un skolas preces\",\"publisher\":{\"@id\":\"https:\/\/hobstop.ee\/lv\/#organization\"},\"potentialAction\":[{\"@type\":\"SearchAction\",\"target\":{\"@type\":\"EntryPoint\",\"urlTemplate\":\"https:\/\/hobstop.ee\/lv\/?s={search_term_string}\"},\"query-input\":{\"@type\":\"PropertyValueSpecification\",\"valueRequired\":true,\"valueName\":\"search_term_string\"}}],\"inLanguage\":\"lv-LV\"},{\"@type\":\"Organization\",\"@id\":\"https:\/\/hobstop.ee\/lv\/#organization\",\"name\":\"Vunder AS\",\"url\":\"https:\/\/hobstop.ee\/lv\/\",\"logo\":{\"@type\":\"ImageObject\",\"inLanguage\":\"lv-LV\",\"@id\":\"https:\/\/hobstop.ee\/lv\/#\/schema\/logo\/image\/\",\"url\":\"https:\/\/hobstop.ee\/media\/vunder-logo.png\",\"contentUrl\":\"https:\/\/hobstop.ee\/media\/vunder-logo.png\",\"width\":127,\"height\":55,\"caption\":\"Vunder AS\"},\"image\":{\"@id\":\"https:\/\/hobstop.ee\/lv\/#\/schema\/logo\/image\/\"},\"sameAs\":[\"http:\/\/www.facebook.com\/VunderSkizze\"]}]}<\/script>\n<!-- \/ Yoast SEO plugin. -->","yoast_head_json":{"title":"Gaismas virtene Airam LED 40 za\u013c\u0161 vads &#8211; Skizze","robots":{"index":"noindex","follow":"follow","max-snippet":"max-snippet:-1","max-image-preview":"max-image-preview:large","max-video-preview":"max-video-preview:-1"},"og_locale":"lv_LV","og_type":"article","og_title":"Gaismas virtene Airam LED 40 za\u013c\u0161 vads &#8211; Skizze","og_description":"40 LED gaismas dio\u017eu virtene izmanto\u0161anai gan iek\u0161telp\u0101s, gan ar\u012b \u0101rpus telp\u0101m. Ar to var lieliski izrot\u0101t visu m\u0101ju. Gaismu izstarojo\u0161\u0101s da\u013cas garums ir 5.85m, Att\u0101lums starp LED gaismas diod\u0113m15cm. 10m gar\u0161 za\u013c\u0161 vads. Gaismas dio\u017eu darba laiks aptuveni 10 000 stundas, jauda 1.6W. Gaismas diodes nav main\u0101mas.","og_url":"https:\/\/hobstop.ee\/lv\/produkts\/gaismas-virtene-airam-led-40-zals-vads\/","og_site_name":"Skizze","article_publisher":"http:\/\/www.facebook.com\/VunderSkizze","og_image":[{"width":1024,"height":768,"url":"https:\/\/hobstop.ee\/media\/4436.jpg","type":"image\/jpeg"}],"twitter_card":"summary_large_image","schema":{"@context":"https:\/\/schema.org","@graph":[{"@type":"WebPage","@id":"https:\/\/hobstop.ee\/lv\/produkts\/gaismas-virtene-airam-led-40-zals-vads\/","url":"https:\/\/hobstop.ee\/lv\/produkts\/gaismas-virtene-airam-led-40-zals-vads\/","name":"Gaismas virtene Airam LED 40 za\u013c\u0161 vads &#8211; Skizze","isPartOf":{"@id":"https:\/\/hobstop.ee\/lv\/#website"},"primaryImageOfPage":{"@id":"https:\/\/hobstop.ee\/lv\/produkts\/gaismas-virtene-airam-led-40-zals-vads\/#primaryimage"},"image":{"@id":"https:\/\/hobstop.ee\/lv\/produkts\/gaismas-virtene-airam-led-40-zals-vads\/#primaryimage"},"thumbnailUrl":"https:\/\/hobstop.ee\/media\/4436.jpg","datePublished":"2016-12-07T17:54:40+00:00","dateModified":"2016-12-07T17:54:40+00:00","breadcrumb":{"@id":"https:\/\/hobstop.ee\/lv\/produkts\/gaismas-virtene-airam-led-40-zals-vads\/#breadcrumb"},"inLanguage":"lv-LV","potentialAction":[{"@type":"ReadAction","target":["https:\/\/hobstop.ee\/lv\/produkts\/gaismas-virtene-airam-led-40-zals-vads\/"]}]},{"@type":"ImageObject","inLanguage":"lv-LV","@id":"https:\/\/hobstop.ee\/lv\/produkts\/gaismas-virtene-airam-led-40-zals-vads\/#primaryimage","url":"https:\/\/hobstop.ee\/media\/4436.jpg","contentUrl":"https:\/\/hobstop.ee\/media\/4436.jpg","width":1024,"height":768},{"@type":"BreadcrumbList","@id":"https:\/\/hobstop.ee\/lv\/produkts\/gaismas-virtene-airam-led-40-zals-vads\/#breadcrumb","itemListElement":[{"@type":"ListItem","position":1,"name":"Avaleht","item":"https:\/\/hobstop.ee\/lv\/"},{"@type":"ListItem","position":2,"name":"Veikals","item":"https:\/\/hobstop.ee\/lv\/veikals\/"},{"@type":"ListItem","position":3,"name":"Gaismas virtene Airam LED 40 za\u013c\u0161 vads"}]},{"@type":"WebSite","@id":"https:\/\/hobstop.ee\/lv\/#website","url":"https:\/\/hobstop.ee\/lv\/","name":"Skizze","description":"M\u0101kslas, hobiju un skolas preces","publisher":{"@id":"https:\/\/hobstop.ee\/lv\/#organization"},"potentialAction":[{"@type":"SearchAction","target":{"@type":"EntryPoint","urlTemplate":"https:\/\/hobstop.ee\/lv\/?s={search_term_string}"},"query-input":{"@type":"PropertyValueSpecification","valueRequired":true,"valueName":"search_term_string"}}],"inLanguage":"lv-LV"},{"@type":"Organization","@id":"https:\/\/hobstop.ee\/lv\/#organization","name":"Vunder AS","url":"https:\/\/hobstop.ee\/lv\/","logo":{"@type":"ImageObject","inLanguage":"lv-LV","@id":"https:\/\/hobstop.ee\/lv\/#\/schema\/logo\/image\/","url":"https:\/\/hobstop.ee\/media\/vunder-logo.png","contentUrl":"https:\/\/hobstop.ee\/media\/vunder-logo.png","width":127,"height":55,"caption":"Vunder AS"},"image":{"@id":"https:\/\/hobstop.ee\/lv\/#\/schema\/logo\/image\/"},"sameAs":["http:\/\/www.facebook.com\/VunderSkizze"]}]}},"_links":{"self":[{"href":"https:\/\/hobstop.ee\/lv\/wp-json\/wp\/v2\/product\/277729","targetHints":{"allow":["GET"]}}],"collection":[{"href":"https:\/\/hobstop.ee\/lv\/wp-json\/wp\/v2\/product"}],"about":[{"href":"https:\/\/hobstop.ee\/lv\/wp-json\/wp\/v2\/types\/product"}],"replies":[{"embeddable":true,"href":"https:\/\/hobstop.ee\/lv\/wp-json\/wp\/v2\/comments?post=277729"}],"wp:featuredmedia":[{"embeddable":true,"href":"https:\/\/hobstop.ee\/lv\/wp-json\/wp\/v2\/media\/277793"}],"wp:attachment":[{"href":"https:\/\/hobstop.ee\/lv\/wp-json\/wp\/v2\/media?parent=277729"}],"wp:term":[{"taxonomy":"product_cat","embeddable":true,"href":"https:\/\/hobstop.ee\/lv\/wp-json\/wp\/v2\/product_cat?post=277729"},{"taxonomy":"product_tag","embeddable":true,"href":"https:\/\/hobstop.ee\/lv\/wp-json\/wp\/v2\/product_tag?post=277729"}],"curies":[{"name":"wp","href":"https:\/\/api.w.org\/{rel}","templated":true}]}}