{"id":277737,"date":"2016-12-07T19:54:42","date_gmt":"2016-12-07T17:54:42","guid":{"rendered":"https:\/\/sharks.ee\/vunder_2019\/lv\/product\/gaismas-virtene-airam-led-20-sudraba-vads\/"},"modified":"2016-12-07T19:54:42","modified_gmt":"2016-12-07T17:54:42","slug":"gaismas-virtene-airam-led-20-sudraba-vads","status":"publish","type":"product","link":"https:\/\/hobstop.ee\/lv\/produkts\/gaismas-virtene-airam-led-20-sudraba-vads\/","title":{"rendered":"Gaismas virtene Airam LED 20 sudraba vads"},"content":{"rendered":"<p>Gaismas virtene ar 20 LED gaismas diod\u0113m un elast\u012bgu stiepli izmanto\u0161anai iek\u0161telp\u0101s. Ide\u0101li piem\u0113rota gan m\u0101jas dekor\u0113\u0161anai, gan ar\u012b izmanto\u0161anai amatniec\u012bbas projektos. Gaismu izstarojo\u0161\u0101s da\u013cas garums ir 1,9 m, att\u0101lums starp LED gaismas diod\u0113m aptuveni 10cm. Darba laiks aptuveni 10 000 stundas, jauda 1,2 W. Baterijas, kas tiek komplekt\u0101, nodro\u0161ina aptuvenu darb\u012bbas laiku 50 stundas. Gaismas diodes nav main\u0101mas.<\/p>\n","protected":false},"excerpt":{"rendered":"<p>Gaismas virtene ar 20 LED gaismas diod\u0113m un elast\u012bgu stiepli izmanto\u0161anai iek\u0161telp\u0101s. Ide\u0101li piem\u0113rota gan m\u0101jas dekor\u0113\u0161anai, gan ar\u012b izmanto\u0161anai amatniec\u012bbas projektos. Gaismu izstarojo\u0161\u0101s da\u013cas garums ir 1,9 m, att\u0101lums starp LED gaismas diod\u0113m aptuveni 10cm. Darba laiks aptuveni 10 000 stundas, jauda 1,2 W. Baterijas, kas tiek komplekt\u0101, nodro\u0161ina aptuvenu darb\u012bbas laiku 50 stundas. Gaismas diodes nav main\u0101mas.<\/p>\n","protected":false},"featured_media":277801,"comment_status":"closed","ping_status":"closed","template":"","meta":{"_acf_changed":false,"ep_exclude_from_search":false},"product_cat":[20165,18798],"product_tag":[],"class_list":{"0":"post-277737","1":"product","2":"type-product","3":"status-publish","4":"has-post-thumbnail","6":"product_cat-dekorativs-apgaismojums","7":"product_cat-lampas-3","9":"first","10":"instock","11":"taxable","12":"shipping-taxable","13":"product-type-simple"},"acf":[],"yoast_head":"<!-- This site is optimized with the Yoast SEO plugin v24.1 - https:\/\/yoast.com\/wordpress\/plugins\/seo\/ -->\n<title>Gaismas virtene Airam LED 20 sudraba vads &#8211; Skizze<\/title>\n<meta name=\"robots\" content=\"noindex, follow, max-snippet:-1, max-image-preview:large, max-video-preview:-1\" \/>\n<meta property=\"og:locale\" content=\"lv_LV\" \/>\n<meta property=\"og:type\" content=\"article\" \/>\n<meta property=\"og:title\" content=\"Gaismas virtene Airam LED 20 sudraba vads &#8211; Skizze\" \/>\n<meta property=\"og:description\" content=\"Gaismas virtene ar 20 LED gaismas diod\u0113m un elast\u012bgu stiepli izmanto\u0161anai iek\u0161telp\u0101s. Ide\u0101li piem\u0113rota gan m\u0101jas dekor\u0113\u0161anai, gan ar\u012b izmanto\u0161anai amatniec\u012bbas projektos. Gaismu izstarojo\u0161\u0101s da\u013cas garums ir 1,9 m, att\u0101lums starp LED gaismas diod\u0113m aptuveni 10cm. Darba laiks aptuveni 10 000 stundas, jauda 1,2 W. Baterijas, kas tiek komplekt\u0101, nodro\u0161ina aptuvenu darb\u012bbas laiku 50 stundas. Gaismas diodes nav main\u0101mas.\" \/>\n<meta property=\"og:url\" content=\"https:\/\/hobstop.ee\/lv\/produkts\/gaismas-virtene-airam-led-20-sudraba-vads\/\" \/>\n<meta property=\"og:site_name\" content=\"Skizze\" \/>\n<meta property=\"article:publisher\" content=\"http:\/\/www.facebook.com\/VunderSkizze\" \/>\n<meta property=\"og:image\" content=\"https:\/\/hobstop.ee\/media\/4438.jpg\" \/>\n\t<meta property=\"og:image:width\" content=\"1024\" \/>\n\t<meta property=\"og:image:height\" content=\"768\" \/>\n\t<meta property=\"og:image:type\" content=\"image\/jpeg\" \/>\n<meta name=\"twitter:card\" content=\"summary_large_image\" \/>\n<script type=\"application\/ld+json\" class=\"yoast-schema-graph\">{\"@context\":\"https:\/\/schema.org\",\"@graph\":[{\"@type\":\"WebPage\",\"@id\":\"https:\/\/hobstop.ee\/lv\/produkts\/gaismas-virtene-airam-led-20-sudraba-vads\/\",\"url\":\"https:\/\/hobstop.ee\/lv\/produkts\/gaismas-virtene-airam-led-20-sudraba-vads\/\",\"name\":\"Gaismas virtene Airam LED 20 sudraba vads &#8211; Skizze\",\"isPartOf\":{\"@id\":\"https:\/\/hobstop.ee\/lv\/#website\"},\"primaryImageOfPage\":{\"@id\":\"https:\/\/hobstop.ee\/lv\/produkts\/gaismas-virtene-airam-led-20-sudraba-vads\/#primaryimage\"},\"image\":{\"@id\":\"https:\/\/hobstop.ee\/lv\/produkts\/gaismas-virtene-airam-led-20-sudraba-vads\/#primaryimage\"},\"thumbnailUrl\":\"https:\/\/hobstop.ee\/media\/4438.jpg\",\"datePublished\":\"2016-12-07T17:54:42+00:00\",\"dateModified\":\"2016-12-07T17:54:42+00:00\",\"breadcrumb\":{\"@id\":\"https:\/\/hobstop.ee\/lv\/produkts\/gaismas-virtene-airam-led-20-sudraba-vads\/#breadcrumb\"},\"inLanguage\":\"lv-LV\",\"potentialAction\":[{\"@type\":\"ReadAction\",\"target\":[\"https:\/\/hobstop.ee\/lv\/produkts\/gaismas-virtene-airam-led-20-sudraba-vads\/\"]}]},{\"@type\":\"ImageObject\",\"inLanguage\":\"lv-LV\",\"@id\":\"https:\/\/hobstop.ee\/lv\/produkts\/gaismas-virtene-airam-led-20-sudraba-vads\/#primaryimage\",\"url\":\"https:\/\/hobstop.ee\/media\/4438.jpg\",\"contentUrl\":\"https:\/\/hobstop.ee\/media\/4438.jpg\",\"width\":1024,\"height\":768},{\"@type\":\"BreadcrumbList\",\"@id\":\"https:\/\/hobstop.ee\/lv\/produkts\/gaismas-virtene-airam-led-20-sudraba-vads\/#breadcrumb\",\"itemListElement\":[{\"@type\":\"ListItem\",\"position\":1,\"name\":\"Avaleht\",\"item\":\"https:\/\/hobstop.ee\/lv\/\"},{\"@type\":\"ListItem\",\"position\":2,\"name\":\"Veikals\",\"item\":\"https:\/\/hobstop.ee\/lv\/veikals\/\"},{\"@type\":\"ListItem\",\"position\":3,\"name\":\"Gaismas virtene Airam LED 20 sudraba vads\"}]},{\"@type\":\"WebSite\",\"@id\":\"https:\/\/hobstop.ee\/lv\/#website\",\"url\":\"https:\/\/hobstop.ee\/lv\/\",\"name\":\"Skizze\",\"description\":\"M\u0101kslas, hobiju un skolas preces\",\"publisher\":{\"@id\":\"https:\/\/hobstop.ee\/lv\/#organization\"},\"potentialAction\":[{\"@type\":\"SearchAction\",\"target\":{\"@type\":\"EntryPoint\",\"urlTemplate\":\"https:\/\/hobstop.ee\/lv\/?s={search_term_string}\"},\"query-input\":{\"@type\":\"PropertyValueSpecification\",\"valueRequired\":true,\"valueName\":\"search_term_string\"}}],\"inLanguage\":\"lv-LV\"},{\"@type\":\"Organization\",\"@id\":\"https:\/\/hobstop.ee\/lv\/#organization\",\"name\":\"Vunder AS\",\"url\":\"https:\/\/hobstop.ee\/lv\/\",\"logo\":{\"@type\":\"ImageObject\",\"inLanguage\":\"lv-LV\",\"@id\":\"https:\/\/hobstop.ee\/lv\/#\/schema\/logo\/image\/\",\"url\":\"https:\/\/hobstop.ee\/media\/vunder-logo.png\",\"contentUrl\":\"https:\/\/hobstop.ee\/media\/vunder-logo.png\",\"width\":127,\"height\":55,\"caption\":\"Vunder AS\"},\"image\":{\"@id\":\"https:\/\/hobstop.ee\/lv\/#\/schema\/logo\/image\/\"},\"sameAs\":[\"http:\/\/www.facebook.com\/VunderSkizze\"]}]}<\/script>\n<!-- \/ Yoast SEO plugin. -->","yoast_head_json":{"title":"Gaismas virtene Airam LED 20 sudraba vads &#8211; Skizze","robots":{"index":"noindex","follow":"follow","max-snippet":"max-snippet:-1","max-image-preview":"max-image-preview:large","max-video-preview":"max-video-preview:-1"},"og_locale":"lv_LV","og_type":"article","og_title":"Gaismas virtene Airam LED 20 sudraba vads &#8211; Skizze","og_description":"Gaismas virtene ar 20 LED gaismas diod\u0113m un elast\u012bgu stiepli izmanto\u0161anai iek\u0161telp\u0101s. Ide\u0101li piem\u0113rota gan m\u0101jas dekor\u0113\u0161anai, gan ar\u012b izmanto\u0161anai amatniec\u012bbas projektos. Gaismu izstarojo\u0161\u0101s da\u013cas garums ir 1,9 m, att\u0101lums starp LED gaismas diod\u0113m aptuveni 10cm. Darba laiks aptuveni 10 000 stundas, jauda 1,2 W. Baterijas, kas tiek komplekt\u0101, nodro\u0161ina aptuvenu darb\u012bbas laiku 50 stundas. Gaismas diodes nav main\u0101mas.","og_url":"https:\/\/hobstop.ee\/lv\/produkts\/gaismas-virtene-airam-led-20-sudraba-vads\/","og_site_name":"Skizze","article_publisher":"http:\/\/www.facebook.com\/VunderSkizze","og_image":[{"width":1024,"height":768,"url":"https:\/\/hobstop.ee\/media\/4438.jpg","type":"image\/jpeg"}],"twitter_card":"summary_large_image","schema":{"@context":"https:\/\/schema.org","@graph":[{"@type":"WebPage","@id":"https:\/\/hobstop.ee\/lv\/produkts\/gaismas-virtene-airam-led-20-sudraba-vads\/","url":"https:\/\/hobstop.ee\/lv\/produkts\/gaismas-virtene-airam-led-20-sudraba-vads\/","name":"Gaismas virtene Airam LED 20 sudraba vads &#8211; Skizze","isPartOf":{"@id":"https:\/\/hobstop.ee\/lv\/#website"},"primaryImageOfPage":{"@id":"https:\/\/hobstop.ee\/lv\/produkts\/gaismas-virtene-airam-led-20-sudraba-vads\/#primaryimage"},"image":{"@id":"https:\/\/hobstop.ee\/lv\/produkts\/gaismas-virtene-airam-led-20-sudraba-vads\/#primaryimage"},"thumbnailUrl":"https:\/\/hobstop.ee\/media\/4438.jpg","datePublished":"2016-12-07T17:54:42+00:00","dateModified":"2016-12-07T17:54:42+00:00","breadcrumb":{"@id":"https:\/\/hobstop.ee\/lv\/produkts\/gaismas-virtene-airam-led-20-sudraba-vads\/#breadcrumb"},"inLanguage":"lv-LV","potentialAction":[{"@type":"ReadAction","target":["https:\/\/hobstop.ee\/lv\/produkts\/gaismas-virtene-airam-led-20-sudraba-vads\/"]}]},{"@type":"ImageObject","inLanguage":"lv-LV","@id":"https:\/\/hobstop.ee\/lv\/produkts\/gaismas-virtene-airam-led-20-sudraba-vads\/#primaryimage","url":"https:\/\/hobstop.ee\/media\/4438.jpg","contentUrl":"https:\/\/hobstop.ee\/media\/4438.jpg","width":1024,"height":768},{"@type":"BreadcrumbList","@id":"https:\/\/hobstop.ee\/lv\/produkts\/gaismas-virtene-airam-led-20-sudraba-vads\/#breadcrumb","itemListElement":[{"@type":"ListItem","position":1,"name":"Avaleht","item":"https:\/\/hobstop.ee\/lv\/"},{"@type":"ListItem","position":2,"name":"Veikals","item":"https:\/\/hobstop.ee\/lv\/veikals\/"},{"@type":"ListItem","position":3,"name":"Gaismas virtene Airam LED 20 sudraba vads"}]},{"@type":"WebSite","@id":"https:\/\/hobstop.ee\/lv\/#website","url":"https:\/\/hobstop.ee\/lv\/","name":"Skizze","description":"M\u0101kslas, hobiju un skolas preces","publisher":{"@id":"https:\/\/hobstop.ee\/lv\/#organization"},"potentialAction":[{"@type":"SearchAction","target":{"@type":"EntryPoint","urlTemplate":"https:\/\/hobstop.ee\/lv\/?s={search_term_string}"},"query-input":{"@type":"PropertyValueSpecification","valueRequired":true,"valueName":"search_term_string"}}],"inLanguage":"lv-LV"},{"@type":"Organization","@id":"https:\/\/hobstop.ee\/lv\/#organization","name":"Vunder AS","url":"https:\/\/hobstop.ee\/lv\/","logo":{"@type":"ImageObject","inLanguage":"lv-LV","@id":"https:\/\/hobstop.ee\/lv\/#\/schema\/logo\/image\/","url":"https:\/\/hobstop.ee\/media\/vunder-logo.png","contentUrl":"https:\/\/hobstop.ee\/media\/vunder-logo.png","width":127,"height":55,"caption":"Vunder AS"},"image":{"@id":"https:\/\/hobstop.ee\/lv\/#\/schema\/logo\/image\/"},"sameAs":["http:\/\/www.facebook.com\/VunderSkizze"]}]}},"_links":{"self":[{"href":"https:\/\/hobstop.ee\/lv\/wp-json\/wp\/v2\/product\/277737","targetHints":{"allow":["GET"]}}],"collection":[{"href":"https:\/\/hobstop.ee\/lv\/wp-json\/wp\/v2\/product"}],"about":[{"href":"https:\/\/hobstop.ee\/lv\/wp-json\/wp\/v2\/types\/product"}],"replies":[{"embeddable":true,"href":"https:\/\/hobstop.ee\/lv\/wp-json\/wp\/v2\/comments?post=277737"}],"wp:featuredmedia":[{"embeddable":true,"href":"https:\/\/hobstop.ee\/lv\/wp-json\/wp\/v2\/media\/277801"}],"wp:attachment":[{"href":"https:\/\/hobstop.ee\/lv\/wp-json\/wp\/v2\/media?parent=277737"}],"wp:term":[{"taxonomy":"product_cat","embeddable":true,"href":"https:\/\/hobstop.ee\/lv\/wp-json\/wp\/v2\/product_cat?post=277737"},{"taxonomy":"product_tag","embeddable":true,"href":"https:\/\/hobstop.ee\/lv\/wp-json\/wp\/v2\/product_tag?post=277737"}],"curies":[{"name":"wp","href":"https:\/\/api.w.org\/{rel}","templated":true}]}}