{"id":279585,"date":"2015-09-20T15:03:14","date_gmt":"2017-01-20T13:03:15","guid":{"rendered":"https:\/\/sharks.ee\/vunder_2019\/lv\/product\/molberts-mabef-m04-plus\/"},"modified":"2017-01-20T15:03:15","modified_gmt":"2017-01-20T13:03:15","slug":"molberts-mabef-m04-plus","status":"publish","type":"product","link":"https:\/\/hobstop.ee\/lv\/produkts\/molberts-mabef-m04-plus\/","title":{"rendered":"Molberts Mabef M04 PLUS"},"content":{"rendered":"<p>Uzlabota Mabef M04 master studio molberta versija &#8211; jaun\u0101 versija ietver visas ori\u0123in\u0101l\u0101s M04 versijas priek\u0161roc\u012bbas, k\u0101 ar\u012b \u0113rtu klo\u0137a meh\u0101nismu, kas padara darb\u012bbas le\u0146\u0137a piel\u0101go\u0161anu viegl\u0101ku. Tas ietver ar\u012b klo\u0137i, ar kura pal\u012bdz\u012bbu var \u0113rti regul\u0113t darba virsmas augstumu. Ar t\u0101 pal\u012bdz\u012bbu var regul\u0113t ar\u012b audekla augstumu. Izgatavots no di\u017esk\u0101bar\u017ea, kas apstr\u0101d\u0101ts ar e\u013c\u013cu, iev\u0113rojot bag\u0101t\u0101s it\u0101\u013cu kokapstr\u0101des trad\u012bcijas. Molbert\u0101 ir divas atvilktnes ot\u0101m un kr\u0101s\u0101m, un tas ir apr\u012bkots ar \u010detriem sasl\u0113dzamiem riten\u012b\u0161iem. Var piestiprin\u0101t audeklu l\u012bdz pat 235cm.<\/p>\n","protected":false},"excerpt":{"rendered":"<p>Uzlabota Mabef M04 master studio molberta versija &#8211; jaun\u0101 versija ietver visas ori\u0123in\u0101l\u0101s M04 versijas priek\u0161roc\u012bbas, k\u0101 ar\u012b \u0113rtu klo\u0137a meh\u0101nismu, kas padara darb\u012bbas le\u0146\u0137a piel\u0101go\u0161anu viegl\u0101ku. Tas ietver ar\u012b klo\u0137i, ar kura pal\u012bdz\u012bbu var \u0113rti regul\u0113t darba virsmas augstumu. Ar t\u0101 pal\u012bdz\u012bbu var regul\u0113t ar\u012b audekla augstumu. Izgatavots no di\u017esk\u0101bar\u017ea, kas apstr\u0101d\u0101ts ar e\u013c\u013cu, iev\u0113rojot bag\u0101t\u0101s it\u0101\u013cu kokapstr\u0101des trad\u012bcijas. Molbert\u0101 ir divas atvilktnes ot\u0101m un kr\u0101s\u0101m, un tas ir apr\u012bkots ar \u010detriem sasl\u0113dzamiem riten\u012b\u0161iem. Var piestiprin\u0101t audeklu l\u012bdz pat 235cm.<\/p>\n","protected":false},"featured_media":281702,"comment_status":"closed","ping_status":"closed","template":"","meta":{"_acf_changed":false,"ep_exclude_from_search":false},"product_cat":[16123,18934,18366],"product_tag":[],"class_list":{"0":"post-279585","1":"product","2":"type-product","3":"status-publish","4":"has-post-thumbnail","6":"product_cat-makslas-piederumi-2","7":"product_cat-molberti-2","8":"product_cat-molberti-uz-h-ramjiem","10":"first","11":"outofstock","12":"taxable","13":"shipping-taxable","14":"purchasable","15":"product-type-variable"},"acf":[],"yoast_head":"<!-- This site is optimized with the Yoast SEO plugin v24.1 - https:\/\/yoast.com\/wordpress\/plugins\/seo\/ -->\n<title>Molberts Mabef M04 PLUS &#8211; Skizze<\/title>\n<meta name=\"robots\" content=\"noindex, follow, max-snippet:-1, max-image-preview:large, max-video-preview:-1\" \/>\n<meta property=\"og:locale\" content=\"lv_LV\" \/>\n<meta property=\"og:type\" content=\"article\" \/>\n<meta property=\"og:title\" content=\"Molberts Mabef M04 PLUS &#8211; Skizze\" \/>\n<meta property=\"og:description\" content=\"Uzlabota Mabef M04 master studio molberta versija &#8211; jaun\u0101 versija ietver visas ori\u0123in\u0101l\u0101s M04 versijas priek\u0161roc\u012bbas, k\u0101 ar\u012b \u0113rtu klo\u0137a meh\u0101nismu, kas padara darb\u012bbas le\u0146\u0137a piel\u0101go\u0161anu viegl\u0101ku. Tas ietver ar\u012b klo\u0137i, ar kura pal\u012bdz\u012bbu var \u0113rti regul\u0113t darba virsmas augstumu. Ar t\u0101 pal\u012bdz\u012bbu var regul\u0113t ar\u012b audekla augstumu. Izgatavots no di\u017esk\u0101bar\u017ea, kas apstr\u0101d\u0101ts ar e\u013c\u013cu, iev\u0113rojot bag\u0101t\u0101s it\u0101\u013cu kokapstr\u0101des trad\u012bcijas. Molbert\u0101 ir divas atvilktnes ot\u0101m un kr\u0101s\u0101m, un tas ir apr\u012bkots ar \u010detriem sasl\u0113dzamiem riten\u012b\u0161iem. Var piestiprin\u0101t audeklu l\u012bdz pat 235cm.\" \/>\n<meta property=\"og:url\" content=\"https:\/\/hobstop.ee\/lv\/produkts\/molberts-mabef-m04-plus\/\" \/>\n<meta property=\"og:site_name\" content=\"Skizze\" \/>\n<meta property=\"article:publisher\" content=\"http:\/\/www.facebook.com\/VunderSkizze\" \/>\n<meta property=\"og:image\" content=\"https:\/\/hobstop.ee\/media\/4374.jpg\" \/>\n\t<meta property=\"og:image:width\" content=\"1024\" \/>\n\t<meta property=\"og:image:height\" content=\"768\" \/>\n\t<meta property=\"og:image:type\" content=\"image\/jpeg\" \/>\n<meta name=\"twitter:card\" content=\"summary_large_image\" \/>\n<meta name=\"twitter:label1\" content=\"Est. reading time\" \/>\n\t<meta name=\"twitter:data1\" content=\"1 min\u016b\u0161u\" \/>\n<script type=\"application\/ld+json\" class=\"yoast-schema-graph\">{\"@context\":\"https:\/\/schema.org\",\"@graph\":[{\"@type\":\"WebPage\",\"@id\":\"https:\/\/hobstop.ee\/lv\/produkts\/molberts-mabef-m04-plus\/\",\"url\":\"https:\/\/hobstop.ee\/lv\/produkts\/molberts-mabef-m04-plus\/\",\"name\":\"Molberts Mabef M04 PLUS &#8211; Skizze\",\"isPartOf\":{\"@id\":\"https:\/\/hobstop.ee\/lv\/#website\"},\"primaryImageOfPage\":{\"@id\":\"https:\/\/hobstop.ee\/lv\/produkts\/molberts-mabef-m04-plus\/#primaryimage\"},\"image\":{\"@id\":\"https:\/\/hobstop.ee\/lv\/produkts\/molberts-mabef-m04-plus\/#primaryimage\"},\"thumbnailUrl\":\"https:\/\/hobstop.ee\/media\/4374.jpg\",\"datePublished\":\"2017-01-20T13:03:15+00:00\",\"dateModified\":\"2017-01-20T13:03:15+00:00\",\"breadcrumb\":{\"@id\":\"https:\/\/hobstop.ee\/lv\/produkts\/molberts-mabef-m04-plus\/#breadcrumb\"},\"inLanguage\":\"lv-LV\",\"potentialAction\":[{\"@type\":\"ReadAction\",\"target\":[\"https:\/\/hobstop.ee\/lv\/produkts\/molberts-mabef-m04-plus\/\"]}]},{\"@type\":\"ImageObject\",\"inLanguage\":\"lv-LV\",\"@id\":\"https:\/\/hobstop.ee\/lv\/produkts\/molberts-mabef-m04-plus\/#primaryimage\",\"url\":\"https:\/\/hobstop.ee\/media\/4374.jpg\",\"contentUrl\":\"https:\/\/hobstop.ee\/media\/4374.jpg\",\"width\":1024,\"height\":768},{\"@type\":\"BreadcrumbList\",\"@id\":\"https:\/\/hobstop.ee\/lv\/produkts\/molberts-mabef-m04-plus\/#breadcrumb\",\"itemListElement\":[{\"@type\":\"ListItem\",\"position\":1,\"name\":\"Avaleht\",\"item\":\"https:\/\/www.hobstop.ee\/lv\/\"},{\"@type\":\"ListItem\",\"position\":2,\"name\":\"Veikals\",\"item\":\"https:\/\/www.hobstop.ee\/lv\/veikals\/\"},{\"@type\":\"ListItem\",\"position\":3,\"name\":\"Molberts Mabef M04 PLUS\"}]},{\"@type\":\"WebSite\",\"@id\":\"https:\/\/hobstop.ee\/lv\/#website\",\"url\":\"https:\/\/hobstop.ee\/lv\/\",\"name\":\"Skizze\",\"description\":\"M\u0101kslas, hobiju un skolas preces\",\"publisher\":{\"@id\":\"https:\/\/hobstop.ee\/lv\/#organization\"},\"potentialAction\":[{\"@type\":\"SearchAction\",\"target\":{\"@type\":\"EntryPoint\",\"urlTemplate\":\"https:\/\/hobstop.ee\/lv\/?s={search_term_string}\"},\"query-input\":{\"@type\":\"PropertyValueSpecification\",\"valueRequired\":true,\"valueName\":\"search_term_string\"}}],\"inLanguage\":\"lv-LV\"},{\"@type\":\"Organization\",\"@id\":\"https:\/\/hobstop.ee\/lv\/#organization\",\"name\":\"Vunder AS\",\"url\":\"https:\/\/hobstop.ee\/lv\/\",\"logo\":{\"@type\":\"ImageObject\",\"inLanguage\":\"lv-LV\",\"@id\":\"https:\/\/hobstop.ee\/lv\/#\/schema\/logo\/image\/\",\"url\":\"https:\/\/hobstop.ee\/media\/vunder-logo.png\",\"contentUrl\":\"https:\/\/hobstop.ee\/media\/vunder-logo.png\",\"width\":127,\"height\":55,\"caption\":\"Vunder AS\"},\"image\":{\"@id\":\"https:\/\/hobstop.ee\/lv\/#\/schema\/logo\/image\/\"},\"sameAs\":[\"http:\/\/www.facebook.com\/VunderSkizze\"]}]}<\/script>\n<!-- \/ Yoast SEO plugin. -->","yoast_head_json":{"title":"Molberts Mabef M04 PLUS &#8211; Skizze","robots":{"index":"noindex","follow":"follow","max-snippet":"max-snippet:-1","max-image-preview":"max-image-preview:large","max-video-preview":"max-video-preview:-1"},"og_locale":"lv_LV","og_type":"article","og_title":"Molberts Mabef M04 PLUS &#8211; Skizze","og_description":"Uzlabota Mabef M04 master studio molberta versija &#8211; jaun\u0101 versija ietver visas ori\u0123in\u0101l\u0101s M04 versijas priek\u0161roc\u012bbas, k\u0101 ar\u012b \u0113rtu klo\u0137a meh\u0101nismu, kas padara darb\u012bbas le\u0146\u0137a piel\u0101go\u0161anu viegl\u0101ku. Tas ietver ar\u012b klo\u0137i, ar kura pal\u012bdz\u012bbu var \u0113rti regul\u0113t darba virsmas augstumu. Ar t\u0101 pal\u012bdz\u012bbu var regul\u0113t ar\u012b audekla augstumu. Izgatavots no di\u017esk\u0101bar\u017ea, kas apstr\u0101d\u0101ts ar e\u013c\u013cu, iev\u0113rojot bag\u0101t\u0101s it\u0101\u013cu kokapstr\u0101des trad\u012bcijas. Molbert\u0101 ir divas atvilktnes ot\u0101m un kr\u0101s\u0101m, un tas ir apr\u012bkots ar \u010detriem sasl\u0113dzamiem riten\u012b\u0161iem. Var piestiprin\u0101t audeklu l\u012bdz pat 235cm.","og_url":"https:\/\/hobstop.ee\/lv\/produkts\/molberts-mabef-m04-plus\/","og_site_name":"Skizze","article_publisher":"http:\/\/www.facebook.com\/VunderSkizze","og_image":[{"width":1024,"height":768,"url":"https:\/\/hobstop.ee\/media\/4374.jpg","type":"image\/jpeg"}],"twitter_card":"summary_large_image","twitter_misc":{"Est. reading time":"1 min\u016b\u0161u"},"schema":{"@context":"https:\/\/schema.org","@graph":[{"@type":"WebPage","@id":"https:\/\/hobstop.ee\/lv\/produkts\/molberts-mabef-m04-plus\/","url":"https:\/\/hobstop.ee\/lv\/produkts\/molberts-mabef-m04-plus\/","name":"Molberts Mabef M04 PLUS &#8211; Skizze","isPartOf":{"@id":"https:\/\/hobstop.ee\/lv\/#website"},"primaryImageOfPage":{"@id":"https:\/\/hobstop.ee\/lv\/produkts\/molberts-mabef-m04-plus\/#primaryimage"},"image":{"@id":"https:\/\/hobstop.ee\/lv\/produkts\/molberts-mabef-m04-plus\/#primaryimage"},"thumbnailUrl":"https:\/\/hobstop.ee\/media\/4374.jpg","datePublished":"2017-01-20T13:03:15+00:00","dateModified":"2017-01-20T13:03:15+00:00","breadcrumb":{"@id":"https:\/\/hobstop.ee\/lv\/produkts\/molberts-mabef-m04-plus\/#breadcrumb"},"inLanguage":"lv-LV","potentialAction":[{"@type":"ReadAction","target":["https:\/\/hobstop.ee\/lv\/produkts\/molberts-mabef-m04-plus\/"]}]},{"@type":"ImageObject","inLanguage":"lv-LV","@id":"https:\/\/hobstop.ee\/lv\/produkts\/molberts-mabef-m04-plus\/#primaryimage","url":"https:\/\/hobstop.ee\/media\/4374.jpg","contentUrl":"https:\/\/hobstop.ee\/media\/4374.jpg","width":1024,"height":768},{"@type":"BreadcrumbList","@id":"https:\/\/hobstop.ee\/lv\/produkts\/molberts-mabef-m04-plus\/#breadcrumb","itemListElement":[{"@type":"ListItem","position":1,"name":"Avaleht","item":"https:\/\/www.hobstop.ee\/lv\/"},{"@type":"ListItem","position":2,"name":"Veikals","item":"https:\/\/www.hobstop.ee\/lv\/veikals\/"},{"@type":"ListItem","position":3,"name":"Molberts Mabef M04 PLUS"}]},{"@type":"WebSite","@id":"https:\/\/hobstop.ee\/lv\/#website","url":"https:\/\/hobstop.ee\/lv\/","name":"Skizze","description":"M\u0101kslas, hobiju un skolas preces","publisher":{"@id":"https:\/\/hobstop.ee\/lv\/#organization"},"potentialAction":[{"@type":"SearchAction","target":{"@type":"EntryPoint","urlTemplate":"https:\/\/hobstop.ee\/lv\/?s={search_term_string}"},"query-input":{"@type":"PropertyValueSpecification","valueRequired":true,"valueName":"search_term_string"}}],"inLanguage":"lv-LV"},{"@type":"Organization","@id":"https:\/\/hobstop.ee\/lv\/#organization","name":"Vunder AS","url":"https:\/\/hobstop.ee\/lv\/","logo":{"@type":"ImageObject","inLanguage":"lv-LV","@id":"https:\/\/hobstop.ee\/lv\/#\/schema\/logo\/image\/","url":"https:\/\/hobstop.ee\/media\/vunder-logo.png","contentUrl":"https:\/\/hobstop.ee\/media\/vunder-logo.png","width":127,"height":55,"caption":"Vunder AS"},"image":{"@id":"https:\/\/hobstop.ee\/lv\/#\/schema\/logo\/image\/"},"sameAs":["http:\/\/www.facebook.com\/VunderSkizze"]}]}},"_links":{"self":[{"href":"https:\/\/hobstop.ee\/lv\/wp-json\/wp\/v2\/product\/279585","targetHints":{"allow":["GET"]}}],"collection":[{"href":"https:\/\/hobstop.ee\/lv\/wp-json\/wp\/v2\/product"}],"about":[{"href":"https:\/\/hobstop.ee\/lv\/wp-json\/wp\/v2\/types\/product"}],"replies":[{"embeddable":true,"href":"https:\/\/hobstop.ee\/lv\/wp-json\/wp\/v2\/comments?post=279585"}],"wp:featuredmedia":[{"embeddable":true,"href":"https:\/\/hobstop.ee\/lv\/wp-json\/wp\/v2\/media\/281702"}],"wp:attachment":[{"href":"https:\/\/hobstop.ee\/lv\/wp-json\/wp\/v2\/media?parent=279585"}],"wp:term":[{"taxonomy":"product_cat","embeddable":true,"href":"https:\/\/hobstop.ee\/lv\/wp-json\/wp\/v2\/product_cat?post=279585"},{"taxonomy":"product_tag","embeddable":true,"href":"https:\/\/hobstop.ee\/lv\/wp-json\/wp\/v2\/product_tag?post=279585"}],"curies":[{"name":"wp","href":"https:\/\/api.w.org\/{rel}","templated":true}]}}