{"id":279589,"date":"2015-09-20T15:03:16","date_gmt":"2017-01-20T13:03:16","guid":{"rendered":"https:\/\/sharks.ee\/vunder_2019\/lv\/product\/molberts-mabef-m11\/"},"modified":"2017-01-20T15:03:16","modified_gmt":"2017-01-20T13:03:16","slug":"molberts-mabef-m11","status":"publish","type":"product","link":"https:\/\/hobstop.ee\/lv\/produkts\/molberts-mabef-m11\/","title":{"rendered":"Molberts Mabef M11"},"content":{"rendered":"<p>Mabef M11 ir veidots no di\u017eskab\u0101r\u017ea, kas apstr\u0101d\u0101ts ar e\u013c\u013cu, un ir iztur\u012bgs pret net\u012brumiem. \u0160is luksusa studijas tipa molberts ir apr\u012bkots ar vienk\u0101r\u0161u spr\u016bdrata meh\u0101nismu, ar kura pal\u012bdz\u012bbu var \u0113rti piel\u0101got audekla augstumu un sl\u012bpumu. Kop\u0113jais glab\u0101\u0161anas augstums 176cm ar maksim\u0101lo audekla augstumu 125cm. Svars 6.8kg.<\/p>\n","protected":false},"excerpt":{"rendered":"<p>Mabef M11 ir veidots no di\u017eskab\u0101r\u017ea, kas apstr\u0101d\u0101ts ar e\u013c\u013cu, un ir iztur\u012bgs pret net\u012brumiem. \u0160is luksusa studijas tipa molberts ir apr\u012bkots ar vienk\u0101r\u0161u spr\u016bdrata meh\u0101nismu, ar kura pal\u012bdz\u012bbu var \u0113rti piel\u0101got audekla augstumu un sl\u012bpumu. Kop\u0113jais glab\u0101\u0161anas augstums 176cm ar maksim\u0101lo audekla augstumu 125cm. Svars 6.8kg.<\/p>\n","protected":false},"featured_media":279621,"comment_status":"closed","ping_status":"closed","template":"","meta":{"_acf_changed":false,"ep_exclude_from_search":false},"product_cat":[18378,16123,18934],"product_tag":[],"class_list":{"0":"post-279589","1":"product","2":"type-product","3":"status-publish","4":"has-post-thumbnail","6":"product_cat-liras-tipa-molberti","7":"product_cat-makslas-piederumi-2","8":"product_cat-molberti-2","10":"first","11":"outofstock","12":"taxable","13":"shipping-taxable","14":"purchasable","15":"product-type-variable"},"acf":[],"yoast_head":"<!-- This site is optimized with the Yoast SEO plugin v24.1 - https:\/\/yoast.com\/wordpress\/plugins\/seo\/ -->\n<title>Molberts Mabef M11 &#8211; Skizze<\/title>\n<meta name=\"robots\" content=\"noindex, follow, max-snippet:-1, max-image-preview:large, max-video-preview:-1\" \/>\n<meta property=\"og:locale\" content=\"lv_LV\" \/>\n<meta property=\"og:type\" content=\"article\" \/>\n<meta property=\"og:title\" content=\"Molberts Mabef M11 &#8211; Skizze\" \/>\n<meta property=\"og:description\" content=\"Mabef M11 ir veidots no di\u017eskab\u0101r\u017ea, kas apstr\u0101d\u0101ts ar e\u013c\u013cu, un ir iztur\u012bgs pret net\u012brumiem. \u0160is luksusa studijas tipa molberts ir apr\u012bkots ar vienk\u0101r\u0161u spr\u016bdrata meh\u0101nismu, ar kura pal\u012bdz\u012bbu var \u0113rti piel\u0101got audekla augstumu un sl\u012bpumu. Kop\u0113jais glab\u0101\u0161anas augstums 176cm ar maksim\u0101lo audekla augstumu 125cm. Svars 6.8kg.\" \/>\n<meta property=\"og:url\" content=\"https:\/\/hobstop.ee\/lv\/produkts\/molberts-mabef-m11\/\" \/>\n<meta property=\"og:site_name\" content=\"Skizze\" \/>\n<meta property=\"article:publisher\" content=\"http:\/\/www.facebook.com\/VunderSkizze\" \/>\n<meta property=\"og:image\" content=\"https:\/\/hobstop.ee\/media\/4375.jpg\" \/>\n\t<meta property=\"og:image:width\" content=\"1024\" \/>\n\t<meta property=\"og:image:height\" content=\"768\" \/>\n\t<meta property=\"og:image:type\" content=\"image\/jpeg\" \/>\n<meta name=\"twitter:card\" content=\"summary_large_image\" \/>\n<script type=\"application\/ld+json\" class=\"yoast-schema-graph\">{\"@context\":\"https:\/\/schema.org\",\"@graph\":[{\"@type\":\"WebPage\",\"@id\":\"https:\/\/hobstop.ee\/lv\/produkts\/molberts-mabef-m11\/\",\"url\":\"https:\/\/hobstop.ee\/lv\/produkts\/molberts-mabef-m11\/\",\"name\":\"Molberts Mabef M11 &#8211; Skizze\",\"isPartOf\":{\"@id\":\"https:\/\/hobstop.ee\/lv\/#website\"},\"primaryImageOfPage\":{\"@id\":\"https:\/\/hobstop.ee\/lv\/produkts\/molberts-mabef-m11\/#primaryimage\"},\"image\":{\"@id\":\"https:\/\/hobstop.ee\/lv\/produkts\/molberts-mabef-m11\/#primaryimage\"},\"thumbnailUrl\":\"https:\/\/hobstop.ee\/media\/4375.jpg\",\"datePublished\":\"2017-01-20T13:03:16+00:00\",\"dateModified\":\"2017-01-20T13:03:16+00:00\",\"breadcrumb\":{\"@id\":\"https:\/\/hobstop.ee\/lv\/produkts\/molberts-mabef-m11\/#breadcrumb\"},\"inLanguage\":\"lv-LV\",\"potentialAction\":[{\"@type\":\"ReadAction\",\"target\":[\"https:\/\/hobstop.ee\/lv\/produkts\/molberts-mabef-m11\/\"]}]},{\"@type\":\"ImageObject\",\"inLanguage\":\"lv-LV\",\"@id\":\"https:\/\/hobstop.ee\/lv\/produkts\/molberts-mabef-m11\/#primaryimage\",\"url\":\"https:\/\/hobstop.ee\/media\/4375.jpg\",\"contentUrl\":\"https:\/\/hobstop.ee\/media\/4375.jpg\",\"width\":1024,\"height\":768},{\"@type\":\"BreadcrumbList\",\"@id\":\"https:\/\/hobstop.ee\/lv\/produkts\/molberts-mabef-m11\/#breadcrumb\",\"itemListElement\":[{\"@type\":\"ListItem\",\"position\":1,\"name\":\"Avaleht\",\"item\":\"https:\/\/hobstop.ee\/lv\/\"},{\"@type\":\"ListItem\",\"position\":2,\"name\":\"Veikals\",\"item\":\"https:\/\/hobstop.ee\/lv\/veikals\/\"},{\"@type\":\"ListItem\",\"position\":3,\"name\":\"Molberts Mabef M11\"}]},{\"@type\":\"WebSite\",\"@id\":\"https:\/\/hobstop.ee\/lv\/#website\",\"url\":\"https:\/\/hobstop.ee\/lv\/\",\"name\":\"Skizze\",\"description\":\"M\u0101kslas, hobiju un skolas preces\",\"publisher\":{\"@id\":\"https:\/\/hobstop.ee\/lv\/#organization\"},\"potentialAction\":[{\"@type\":\"SearchAction\",\"target\":{\"@type\":\"EntryPoint\",\"urlTemplate\":\"https:\/\/hobstop.ee\/lv\/?s={search_term_string}\"},\"query-input\":{\"@type\":\"PropertyValueSpecification\",\"valueRequired\":true,\"valueName\":\"search_term_string\"}}],\"inLanguage\":\"lv-LV\"},{\"@type\":\"Organization\",\"@id\":\"https:\/\/hobstop.ee\/lv\/#organization\",\"name\":\"Vunder AS\",\"url\":\"https:\/\/hobstop.ee\/lv\/\",\"logo\":{\"@type\":\"ImageObject\",\"inLanguage\":\"lv-LV\",\"@id\":\"https:\/\/hobstop.ee\/lv\/#\/schema\/logo\/image\/\",\"url\":\"https:\/\/hobstop.ee\/media\/vunder-logo.png\",\"contentUrl\":\"https:\/\/hobstop.ee\/media\/vunder-logo.png\",\"width\":127,\"height\":55,\"caption\":\"Vunder AS\"},\"image\":{\"@id\":\"https:\/\/hobstop.ee\/lv\/#\/schema\/logo\/image\/\"},\"sameAs\":[\"http:\/\/www.facebook.com\/VunderSkizze\"]}]}<\/script>\n<!-- \/ Yoast SEO plugin. -->","yoast_head_json":{"title":"Molberts Mabef M11 &#8211; Skizze","robots":{"index":"noindex","follow":"follow","max-snippet":"max-snippet:-1","max-image-preview":"max-image-preview:large","max-video-preview":"max-video-preview:-1"},"og_locale":"lv_LV","og_type":"article","og_title":"Molberts Mabef M11 &#8211; Skizze","og_description":"Mabef M11 ir veidots no di\u017eskab\u0101r\u017ea, kas apstr\u0101d\u0101ts ar e\u013c\u013cu, un ir iztur\u012bgs pret net\u012brumiem. \u0160is luksusa studijas tipa molberts ir apr\u012bkots ar vienk\u0101r\u0161u spr\u016bdrata meh\u0101nismu, ar kura pal\u012bdz\u012bbu var \u0113rti piel\u0101got audekla augstumu un sl\u012bpumu. Kop\u0113jais glab\u0101\u0161anas augstums 176cm ar maksim\u0101lo audekla augstumu 125cm. Svars 6.8kg.","og_url":"https:\/\/hobstop.ee\/lv\/produkts\/molberts-mabef-m11\/","og_site_name":"Skizze","article_publisher":"http:\/\/www.facebook.com\/VunderSkizze","og_image":[{"width":1024,"height":768,"url":"https:\/\/hobstop.ee\/media\/4375.jpg","type":"image\/jpeg"}],"twitter_card":"summary_large_image","schema":{"@context":"https:\/\/schema.org","@graph":[{"@type":"WebPage","@id":"https:\/\/hobstop.ee\/lv\/produkts\/molberts-mabef-m11\/","url":"https:\/\/hobstop.ee\/lv\/produkts\/molberts-mabef-m11\/","name":"Molberts Mabef M11 &#8211; Skizze","isPartOf":{"@id":"https:\/\/hobstop.ee\/lv\/#website"},"primaryImageOfPage":{"@id":"https:\/\/hobstop.ee\/lv\/produkts\/molberts-mabef-m11\/#primaryimage"},"image":{"@id":"https:\/\/hobstop.ee\/lv\/produkts\/molberts-mabef-m11\/#primaryimage"},"thumbnailUrl":"https:\/\/hobstop.ee\/media\/4375.jpg","datePublished":"2017-01-20T13:03:16+00:00","dateModified":"2017-01-20T13:03:16+00:00","breadcrumb":{"@id":"https:\/\/hobstop.ee\/lv\/produkts\/molberts-mabef-m11\/#breadcrumb"},"inLanguage":"lv-LV","potentialAction":[{"@type":"ReadAction","target":["https:\/\/hobstop.ee\/lv\/produkts\/molberts-mabef-m11\/"]}]},{"@type":"ImageObject","inLanguage":"lv-LV","@id":"https:\/\/hobstop.ee\/lv\/produkts\/molberts-mabef-m11\/#primaryimage","url":"https:\/\/hobstop.ee\/media\/4375.jpg","contentUrl":"https:\/\/hobstop.ee\/media\/4375.jpg","width":1024,"height":768},{"@type":"BreadcrumbList","@id":"https:\/\/hobstop.ee\/lv\/produkts\/molberts-mabef-m11\/#breadcrumb","itemListElement":[{"@type":"ListItem","position":1,"name":"Avaleht","item":"https:\/\/hobstop.ee\/lv\/"},{"@type":"ListItem","position":2,"name":"Veikals","item":"https:\/\/hobstop.ee\/lv\/veikals\/"},{"@type":"ListItem","position":3,"name":"Molberts Mabef M11"}]},{"@type":"WebSite","@id":"https:\/\/hobstop.ee\/lv\/#website","url":"https:\/\/hobstop.ee\/lv\/","name":"Skizze","description":"M\u0101kslas, hobiju un skolas preces","publisher":{"@id":"https:\/\/hobstop.ee\/lv\/#organization"},"potentialAction":[{"@type":"SearchAction","target":{"@type":"EntryPoint","urlTemplate":"https:\/\/hobstop.ee\/lv\/?s={search_term_string}"},"query-input":{"@type":"PropertyValueSpecification","valueRequired":true,"valueName":"search_term_string"}}],"inLanguage":"lv-LV"},{"@type":"Organization","@id":"https:\/\/hobstop.ee\/lv\/#organization","name":"Vunder AS","url":"https:\/\/hobstop.ee\/lv\/","logo":{"@type":"ImageObject","inLanguage":"lv-LV","@id":"https:\/\/hobstop.ee\/lv\/#\/schema\/logo\/image\/","url":"https:\/\/hobstop.ee\/media\/vunder-logo.png","contentUrl":"https:\/\/hobstop.ee\/media\/vunder-logo.png","width":127,"height":55,"caption":"Vunder AS"},"image":{"@id":"https:\/\/hobstop.ee\/lv\/#\/schema\/logo\/image\/"},"sameAs":["http:\/\/www.facebook.com\/VunderSkizze"]}]}},"_links":{"self":[{"href":"https:\/\/hobstop.ee\/lv\/wp-json\/wp\/v2\/product\/279589","targetHints":{"allow":["GET"]}}],"collection":[{"href":"https:\/\/hobstop.ee\/lv\/wp-json\/wp\/v2\/product"}],"about":[{"href":"https:\/\/hobstop.ee\/lv\/wp-json\/wp\/v2\/types\/product"}],"replies":[{"embeddable":true,"href":"https:\/\/hobstop.ee\/lv\/wp-json\/wp\/v2\/comments?post=279589"}],"wp:featuredmedia":[{"embeddable":true,"href":"https:\/\/hobstop.ee\/lv\/wp-json\/wp\/v2\/media\/279621"}],"wp:attachment":[{"href":"https:\/\/hobstop.ee\/lv\/wp-json\/wp\/v2\/media?parent=279589"}],"wp:term":[{"taxonomy":"product_cat","embeddable":true,"href":"https:\/\/hobstop.ee\/lv\/wp-json\/wp\/v2\/product_cat?post=279589"},{"taxonomy":"product_tag","embeddable":true,"href":"https:\/\/hobstop.ee\/lv\/wp-json\/wp\/v2\/product_tag?post=279589"}],"curies":[{"name":"wp","href":"https:\/\/api.w.org\/{rel}","templated":true}]}}