{"id":279597,"date":"2015-09-20T15:03:18","date_gmt":"2017-01-20T13:03:18","guid":{"rendered":"https:\/\/sharks.ee\/vunder_2019\/lv\/product\/molberts-mabef-m27\/"},"modified":"2017-01-20T15:03:18","modified_gmt":"2017-01-20T13:03:18","slug":"molberts-mabef-m27","status":"publish","type":"product","link":"https:\/\/hobstop.ee\/lv\/produkts\/molberts-mabef-m27\/","title":{"rendered":"Molberts Mabef M27"},"content":{"rendered":"<p>Mabef M27 Field Easel ir r\u016bp\u012bgi izgatavots no di\u017eskab\u0101r\u017ea, kas apstr\u0101d\u0101ts ar e\u013c\u013cu. To var \u0113rti salikt viegl\u0101kai p\u0101rn\u0113s\u0101\u0161anai. Iztur\u012bgais sp\u0101rnveida  uzgrieznis \u013cauj regul\u0113t glezno\u0161anas vai z\u012bm\u0113\u0161anas sl\u012bpumu jebkur\u0101 le\u0146\u0137\u012b, taj\u0101 pa\u0161\u0101 laik\u0101 paletes rokturi \u013cauj paleti tur\u0113t zem audekla. Maksim\u0101lais audekla augstums 115cm.<\/p>\n","protected":false},"excerpt":{"rendered":"<p>Mabef M27 Field Easel ir r\u016bp\u012bgi izgatavots no di\u017eskab\u0101r\u017ea, kas apstr\u0101d\u0101ts ar e\u013c\u013cu. To var \u0113rti salikt viegl\u0101kai p\u0101rn\u0113s\u0101\u0161anai. Iztur\u012bgais sp\u0101rnveida uzgrieznis \u013cauj regul\u0113t glezno\u0161anas vai z\u012bm\u0113\u0161anas sl\u012bpumu jebkur\u0101 le\u0146\u0137\u012b, taj\u0101 pa\u0161\u0101 laik\u0101 paletes rokturi \u013cauj paleti tur\u0113t zem audekla. Maksim\u0101lais audekla augstums 115cm.<\/p>\n","protected":false},"featured_media":279629,"comment_status":"closed","ping_status":"closed","template":"","meta":{"_acf_changed":false,"ep_exclude_from_search":false},"product_cat":[16123,18934,18374],"product_tag":[],"class_list":{"0":"post-279597","1":"product","2":"type-product","3":"status-publish","4":"has-post-thumbnail","6":"product_cat-makslas-piederumi-2","7":"product_cat-molberti-un-mebeles","8":"product_cat-saliekamie-molberti","10":"first","11":"instock","12":"taxable","13":"shipping-taxable","14":"purchasable","15":"product-type-variable"},"acf":[],"yoast_head":"<!-- This site is optimized with the Yoast SEO plugin v24.1 - https:\/\/yoast.com\/wordpress\/plugins\/seo\/ -->\n<title>Molberts Mabef M27 &#8211; Skizze<\/title>\n<meta name=\"robots\" content=\"noindex, follow, max-snippet:-1, max-image-preview:large, max-video-preview:-1\" \/>\n<meta property=\"og:locale\" content=\"lv_LV\" \/>\n<meta property=\"og:type\" content=\"article\" \/>\n<meta property=\"og:title\" content=\"Molberts Mabef M27 &#8211; Skizze\" \/>\n<meta property=\"og:description\" content=\"Mabef M27 Field Easel ir r\u016bp\u012bgi izgatavots no di\u017eskab\u0101r\u017ea, kas apstr\u0101d\u0101ts ar e\u013c\u013cu. To var \u0113rti salikt viegl\u0101kai p\u0101rn\u0113s\u0101\u0161anai. Iztur\u012bgais sp\u0101rnveida uzgrieznis \u013cauj regul\u0113t glezno\u0161anas vai z\u012bm\u0113\u0161anas sl\u012bpumu jebkur\u0101 le\u0146\u0137\u012b, taj\u0101 pa\u0161\u0101 laik\u0101 paletes rokturi \u013cauj paleti tur\u0113t zem audekla. Maksim\u0101lais audekla augstums 115cm.\" \/>\n<meta property=\"og:url\" content=\"https:\/\/hobstop.ee\/lv\/produkts\/molberts-mabef-m27\/\" \/>\n<meta property=\"og:site_name\" content=\"Skizze\" \/>\n<meta property=\"article:publisher\" content=\"http:\/\/www.facebook.com\/VunderSkizze\" \/>\n<meta property=\"og:image\" content=\"https:\/\/hobstop.ee\/media\/4377.jpg\" \/>\n\t<meta property=\"og:image:width\" content=\"1024\" \/>\n\t<meta property=\"og:image:height\" content=\"768\" \/>\n\t<meta property=\"og:image:type\" content=\"image\/jpeg\" \/>\n<meta name=\"twitter:card\" content=\"summary_large_image\" \/>\n<script type=\"application\/ld+json\" class=\"yoast-schema-graph\">{\"@context\":\"https:\/\/schema.org\",\"@graph\":[{\"@type\":\"WebPage\",\"@id\":\"https:\/\/hobstop.ee\/lv\/produkts\/molberts-mabef-m27\/\",\"url\":\"https:\/\/hobstop.ee\/lv\/produkts\/molberts-mabef-m27\/\",\"name\":\"Molberts Mabef M27 &#8211; Skizze\",\"isPartOf\":{\"@id\":\"https:\/\/hobstop.ee\/lv\/#website\"},\"primaryImageOfPage\":{\"@id\":\"https:\/\/hobstop.ee\/lv\/produkts\/molberts-mabef-m27\/#primaryimage\"},\"image\":{\"@id\":\"https:\/\/hobstop.ee\/lv\/produkts\/molberts-mabef-m27\/#primaryimage\"},\"thumbnailUrl\":\"https:\/\/hobstop.ee\/media\/4377.jpg\",\"datePublished\":\"2017-01-20T13:03:18+00:00\",\"dateModified\":\"2017-01-20T13:03:18+00:00\",\"breadcrumb\":{\"@id\":\"https:\/\/hobstop.ee\/lv\/produkts\/molberts-mabef-m27\/#breadcrumb\"},\"inLanguage\":\"lv-LV\",\"potentialAction\":[{\"@type\":\"ReadAction\",\"target\":[\"https:\/\/hobstop.ee\/lv\/produkts\/molberts-mabef-m27\/\"]}]},{\"@type\":\"ImageObject\",\"inLanguage\":\"lv-LV\",\"@id\":\"https:\/\/hobstop.ee\/lv\/produkts\/molberts-mabef-m27\/#primaryimage\",\"url\":\"https:\/\/hobstop.ee\/media\/4377.jpg\",\"contentUrl\":\"https:\/\/hobstop.ee\/media\/4377.jpg\",\"width\":1024,\"height\":768},{\"@type\":\"BreadcrumbList\",\"@id\":\"https:\/\/hobstop.ee\/lv\/produkts\/molberts-mabef-m27\/#breadcrumb\",\"itemListElement\":[{\"@type\":\"ListItem\",\"position\":1,\"name\":\"Avaleht\",\"item\":\"https:\/\/hobstop.ee\/lv\/\"},{\"@type\":\"ListItem\",\"position\":2,\"name\":\"Veikals\",\"item\":\"https:\/\/hobstop.ee\/lv\/veikals\/\"},{\"@type\":\"ListItem\",\"position\":3,\"name\":\"Molberts Mabef M27\"}]},{\"@type\":\"WebSite\",\"@id\":\"https:\/\/hobstop.ee\/lv\/#website\",\"url\":\"https:\/\/hobstop.ee\/lv\/\",\"name\":\"Skizze\",\"description\":\"M\u0101kslas, hobiju un skolas preces\",\"publisher\":{\"@id\":\"https:\/\/hobstop.ee\/lv\/#organization\"},\"potentialAction\":[{\"@type\":\"SearchAction\",\"target\":{\"@type\":\"EntryPoint\",\"urlTemplate\":\"https:\/\/hobstop.ee\/lv\/?s={search_term_string}\"},\"query-input\":{\"@type\":\"PropertyValueSpecification\",\"valueRequired\":true,\"valueName\":\"search_term_string\"}}],\"inLanguage\":\"lv-LV\"},{\"@type\":\"Organization\",\"@id\":\"https:\/\/hobstop.ee\/lv\/#organization\",\"name\":\"Vunder AS\",\"url\":\"https:\/\/hobstop.ee\/lv\/\",\"logo\":{\"@type\":\"ImageObject\",\"inLanguage\":\"lv-LV\",\"@id\":\"https:\/\/hobstop.ee\/lv\/#\/schema\/logo\/image\/\",\"url\":\"https:\/\/hobstop.ee\/media\/vunder-logo.png\",\"contentUrl\":\"https:\/\/hobstop.ee\/media\/vunder-logo.png\",\"width\":127,\"height\":55,\"caption\":\"Vunder AS\"},\"image\":{\"@id\":\"https:\/\/hobstop.ee\/lv\/#\/schema\/logo\/image\/\"},\"sameAs\":[\"http:\/\/www.facebook.com\/VunderSkizze\"]}]}<\/script>\n<!-- \/ Yoast SEO plugin. -->","yoast_head_json":{"title":"Molberts Mabef M27 &#8211; Skizze","robots":{"index":"noindex","follow":"follow","max-snippet":"max-snippet:-1","max-image-preview":"max-image-preview:large","max-video-preview":"max-video-preview:-1"},"og_locale":"lv_LV","og_type":"article","og_title":"Molberts Mabef M27 &#8211; Skizze","og_description":"Mabef M27 Field Easel ir r\u016bp\u012bgi izgatavots no di\u017eskab\u0101r\u017ea, kas apstr\u0101d\u0101ts ar e\u013c\u013cu. To var \u0113rti salikt viegl\u0101kai p\u0101rn\u0113s\u0101\u0161anai. Iztur\u012bgais sp\u0101rnveida uzgrieznis \u013cauj regul\u0113t glezno\u0161anas vai z\u012bm\u0113\u0161anas sl\u012bpumu jebkur\u0101 le\u0146\u0137\u012b, taj\u0101 pa\u0161\u0101 laik\u0101 paletes rokturi \u013cauj paleti tur\u0113t zem audekla. Maksim\u0101lais audekla augstums 115cm.","og_url":"https:\/\/hobstop.ee\/lv\/produkts\/molberts-mabef-m27\/","og_site_name":"Skizze","article_publisher":"http:\/\/www.facebook.com\/VunderSkizze","og_image":[{"width":1024,"height":768,"url":"https:\/\/hobstop.ee\/media\/4377.jpg","type":"image\/jpeg"}],"twitter_card":"summary_large_image","schema":{"@context":"https:\/\/schema.org","@graph":[{"@type":"WebPage","@id":"https:\/\/hobstop.ee\/lv\/produkts\/molberts-mabef-m27\/","url":"https:\/\/hobstop.ee\/lv\/produkts\/molberts-mabef-m27\/","name":"Molberts Mabef M27 &#8211; Skizze","isPartOf":{"@id":"https:\/\/hobstop.ee\/lv\/#website"},"primaryImageOfPage":{"@id":"https:\/\/hobstop.ee\/lv\/produkts\/molberts-mabef-m27\/#primaryimage"},"image":{"@id":"https:\/\/hobstop.ee\/lv\/produkts\/molberts-mabef-m27\/#primaryimage"},"thumbnailUrl":"https:\/\/hobstop.ee\/media\/4377.jpg","datePublished":"2017-01-20T13:03:18+00:00","dateModified":"2017-01-20T13:03:18+00:00","breadcrumb":{"@id":"https:\/\/hobstop.ee\/lv\/produkts\/molberts-mabef-m27\/#breadcrumb"},"inLanguage":"lv-LV","potentialAction":[{"@type":"ReadAction","target":["https:\/\/hobstop.ee\/lv\/produkts\/molberts-mabef-m27\/"]}]},{"@type":"ImageObject","inLanguage":"lv-LV","@id":"https:\/\/hobstop.ee\/lv\/produkts\/molberts-mabef-m27\/#primaryimage","url":"https:\/\/hobstop.ee\/media\/4377.jpg","contentUrl":"https:\/\/hobstop.ee\/media\/4377.jpg","width":1024,"height":768},{"@type":"BreadcrumbList","@id":"https:\/\/hobstop.ee\/lv\/produkts\/molberts-mabef-m27\/#breadcrumb","itemListElement":[{"@type":"ListItem","position":1,"name":"Avaleht","item":"https:\/\/hobstop.ee\/lv\/"},{"@type":"ListItem","position":2,"name":"Veikals","item":"https:\/\/hobstop.ee\/lv\/veikals\/"},{"@type":"ListItem","position":3,"name":"Molberts Mabef M27"}]},{"@type":"WebSite","@id":"https:\/\/hobstop.ee\/lv\/#website","url":"https:\/\/hobstop.ee\/lv\/","name":"Skizze","description":"M\u0101kslas, hobiju un skolas preces","publisher":{"@id":"https:\/\/hobstop.ee\/lv\/#organization"},"potentialAction":[{"@type":"SearchAction","target":{"@type":"EntryPoint","urlTemplate":"https:\/\/hobstop.ee\/lv\/?s={search_term_string}"},"query-input":{"@type":"PropertyValueSpecification","valueRequired":true,"valueName":"search_term_string"}}],"inLanguage":"lv-LV"},{"@type":"Organization","@id":"https:\/\/hobstop.ee\/lv\/#organization","name":"Vunder AS","url":"https:\/\/hobstop.ee\/lv\/","logo":{"@type":"ImageObject","inLanguage":"lv-LV","@id":"https:\/\/hobstop.ee\/lv\/#\/schema\/logo\/image\/","url":"https:\/\/hobstop.ee\/media\/vunder-logo.png","contentUrl":"https:\/\/hobstop.ee\/media\/vunder-logo.png","width":127,"height":55,"caption":"Vunder AS"},"image":{"@id":"https:\/\/hobstop.ee\/lv\/#\/schema\/logo\/image\/"},"sameAs":["http:\/\/www.facebook.com\/VunderSkizze"]}]}},"_links":{"self":[{"href":"https:\/\/hobstop.ee\/lv\/wp-json\/wp\/v2\/product\/279597","targetHints":{"allow":["GET"]}}],"collection":[{"href":"https:\/\/hobstop.ee\/lv\/wp-json\/wp\/v2\/product"}],"about":[{"href":"https:\/\/hobstop.ee\/lv\/wp-json\/wp\/v2\/types\/product"}],"replies":[{"embeddable":true,"href":"https:\/\/hobstop.ee\/lv\/wp-json\/wp\/v2\/comments?post=279597"}],"wp:featuredmedia":[{"embeddable":true,"href":"https:\/\/hobstop.ee\/lv\/wp-json\/wp\/v2\/media\/279629"}],"wp:attachment":[{"href":"https:\/\/hobstop.ee\/lv\/wp-json\/wp\/v2\/media?parent=279597"}],"wp:term":[{"taxonomy":"product_cat","embeddable":true,"href":"https:\/\/hobstop.ee\/lv\/wp-json\/wp\/v2\/product_cat?post=279597"},{"taxonomy":"product_tag","embeddable":true,"href":"https:\/\/hobstop.ee\/lv\/wp-json\/wp\/v2\/product_tag?post=279597"}],"curies":[{"name":"wp","href":"https:\/\/api.w.org\/{rel}","templated":true}]}}