{"id":281590,"date":"2017-02-07T15:33:29","date_gmt":"2017-02-07T13:33:29","guid":{"rendered":"https:\/\/sharks.ee\/vunder_2019\/lv\/product\/lime-giotto-bricolage\/"},"modified":"2017-02-07T15:33:29","modified_gmt":"2017-02-07T13:33:29","slug":"lime-giotto-bricolage","status":"publish","type":"product","link":"https:\/\/hobstop.ee\/lv\/produkts\/lime-giotto-bricolage\/","title":{"rendered":"L\u012bme Giotto Bricolage"},"content":{"rendered":"<p>\u012apa\u0161i sp\u0113c\u012bg\u0101 l\u012bme k\u013c\u016bst caursp\u012bd\u012bga tad, kad ir no\u017euvusi. \u0100tra uzkl\u0101\u0161ana, ide\u0101li piem\u0113rota ikdienas darbu veik\u0161anai pa\u0161u rok\u0101m, s\u012bkiem remontdarbiem un amatniec\u012bbas darbiem ar porainu materi\u0101lu (pap\u012brs, kartons, audums, \u0101da, koks, keramika, kor\u0137is). Maksim\u0101la precizit\u0101te pateicoties aplikatoram ar sn\u012bp\u012bti. Formula nesatur \u0161\u0137\u012bdin\u0101t\u0101jus un ir viegli nomazg\u0101jama no rok\u0101m un auduma ar \u016bdeni.<\/p>\n","protected":false},"excerpt":{"rendered":"<p>\u012apa\u0161i sp\u0113c\u012bg\u0101 l\u012bme k\u013c\u016bst caursp\u012bd\u012bga tad, kad ir no\u017euvusi. \u0100tra uzkl\u0101\u0161ana, ide\u0101li piem\u0113rota ikdienas darbu veik\u0161anai pa\u0161u rok\u0101m, s\u012bkiem remontdarbiem un amatniec\u012bbas darbiem ar porainu materi\u0101lu (pap\u012brs, kartons, audums, \u0101da, koks, keramika, kor\u0137is). Maksim\u0101la precizit\u0101te pateicoties aplikatoram ar sn\u012bp\u012bti. Formula nesatur \u0161\u0137\u012bdin\u0101t\u0101jus un ir viegli nomazg\u0101jama no rok\u0101m un auduma ar \u016bdeni.<\/p>\n","protected":false},"featured_media":281710,"comment_status":"closed","ping_status":"closed","template":"","meta":{"_acf_changed":false,"ep_exclude_from_search":false},"product_cat":[18061,17916,18641],"product_tag":[],"class_list":{"0":"post-281590","1":"product","2":"type-product","3":"status-publish","4":"has-post-thumbnail","6":"product_cat-limes","7":"product_cat-preces-skolai","8":"product_cat-radosas-lietas-2","10":"first","11":"instock","12":"taxable","13":"shipping-taxable","14":"purchasable","15":"product-type-simple"},"acf":[],"yoast_head":"<!-- This site is optimized with the Yoast SEO plugin v24.1 - https:\/\/yoast.com\/wordpress\/plugins\/seo\/ -->\n<title>L\u012bme Giotto Bricolage &#8211; Skizze<\/title>\n<meta name=\"robots\" content=\"noindex, follow, max-snippet:-1, max-image-preview:large, max-video-preview:-1\" \/>\n<meta property=\"og:locale\" content=\"lv_LV\" \/>\n<meta property=\"og:type\" content=\"article\" \/>\n<meta property=\"og:title\" content=\"L\u012bme Giotto Bricolage &#8211; Skizze\" \/>\n<meta property=\"og:description\" content=\"\u012apa\u0161i sp\u0113c\u012bg\u0101 l\u012bme k\u013c\u016bst caursp\u012bd\u012bga tad, kad ir no\u017euvusi. \u0100tra uzkl\u0101\u0161ana, ide\u0101li piem\u0113rota ikdienas darbu veik\u0161anai pa\u0161u rok\u0101m, s\u012bkiem remontdarbiem un amatniec\u012bbas darbiem ar porainu materi\u0101lu (pap\u012brs, kartons, audums, \u0101da, koks, keramika, kor\u0137is). Maksim\u0101la precizit\u0101te pateicoties aplikatoram ar sn\u012bp\u012bti. Formula nesatur \u0161\u0137\u012bdin\u0101t\u0101jus un ir viegli nomazg\u0101jama no rok\u0101m un auduma ar \u016bdeni.\" \/>\n<meta property=\"og:url\" content=\"https:\/\/hobstop.ee\/lv\/produkts\/lime-giotto-bricolage\/\" \/>\n<meta property=\"og:site_name\" content=\"Skizze\" \/>\n<meta property=\"article:publisher\" content=\"http:\/\/www.facebook.com\/VunderSkizze\" \/>\n<meta property=\"og:image\" content=\"https:\/\/hobstop.ee\/media\/4447.jpg\" \/>\n\t<meta property=\"og:image:width\" content=\"1024\" \/>\n\t<meta property=\"og:image:height\" content=\"768\" \/>\n\t<meta property=\"og:image:type\" content=\"image\/jpeg\" \/>\n<meta name=\"twitter:card\" content=\"summary_large_image\" \/>\n<script type=\"application\/ld+json\" class=\"yoast-schema-graph\">{\"@context\":\"https:\/\/schema.org\",\"@graph\":[{\"@type\":\"WebPage\",\"@id\":\"https:\/\/hobstop.ee\/lv\/produkts\/lime-giotto-bricolage\/\",\"url\":\"https:\/\/hobstop.ee\/lv\/produkts\/lime-giotto-bricolage\/\",\"name\":\"L\u012bme Giotto Bricolage &#8211; Skizze\",\"isPartOf\":{\"@id\":\"https:\/\/hobstop.ee\/lv\/#website\"},\"primaryImageOfPage\":{\"@id\":\"https:\/\/hobstop.ee\/lv\/produkts\/lime-giotto-bricolage\/#primaryimage\"},\"image\":{\"@id\":\"https:\/\/hobstop.ee\/lv\/produkts\/lime-giotto-bricolage\/#primaryimage\"},\"thumbnailUrl\":\"https:\/\/hobstop.ee\/media\/4447.jpg\",\"datePublished\":\"2017-02-07T13:33:29+00:00\",\"dateModified\":\"2017-02-07T13:33:29+00:00\",\"breadcrumb\":{\"@id\":\"https:\/\/hobstop.ee\/lv\/produkts\/lime-giotto-bricolage\/#breadcrumb\"},\"inLanguage\":\"lv-LV\",\"potentialAction\":[{\"@type\":\"ReadAction\",\"target\":[\"https:\/\/hobstop.ee\/lv\/produkts\/lime-giotto-bricolage\/\"]}]},{\"@type\":\"ImageObject\",\"inLanguage\":\"lv-LV\",\"@id\":\"https:\/\/hobstop.ee\/lv\/produkts\/lime-giotto-bricolage\/#primaryimage\",\"url\":\"https:\/\/hobstop.ee\/media\/4447.jpg\",\"contentUrl\":\"https:\/\/hobstop.ee\/media\/4447.jpg\",\"width\":1024,\"height\":768},{\"@type\":\"BreadcrumbList\",\"@id\":\"https:\/\/hobstop.ee\/lv\/produkts\/lime-giotto-bricolage\/#breadcrumb\",\"itemListElement\":[{\"@type\":\"ListItem\",\"position\":1,\"name\":\"Avaleht\",\"item\":\"https:\/\/hobstop.ee\/lv\/\"},{\"@type\":\"ListItem\",\"position\":2,\"name\":\"Veikals\",\"item\":\"https:\/\/hobstop.ee\/lv\/veikals\/\"},{\"@type\":\"ListItem\",\"position\":3,\"name\":\"L\u012bme Giotto Bricolage\"}]},{\"@type\":\"WebSite\",\"@id\":\"https:\/\/hobstop.ee\/lv\/#website\",\"url\":\"https:\/\/hobstop.ee\/lv\/\",\"name\":\"Skizze\",\"description\":\"M\u0101kslas, hobiju un skolas preces\",\"publisher\":{\"@id\":\"https:\/\/hobstop.ee\/lv\/#organization\"},\"potentialAction\":[{\"@type\":\"SearchAction\",\"target\":{\"@type\":\"EntryPoint\",\"urlTemplate\":\"https:\/\/hobstop.ee\/lv\/?s={search_term_string}\"},\"query-input\":{\"@type\":\"PropertyValueSpecification\",\"valueRequired\":true,\"valueName\":\"search_term_string\"}}],\"inLanguage\":\"lv-LV\"},{\"@type\":\"Organization\",\"@id\":\"https:\/\/hobstop.ee\/lv\/#organization\",\"name\":\"Vunder AS\",\"url\":\"https:\/\/hobstop.ee\/lv\/\",\"logo\":{\"@type\":\"ImageObject\",\"inLanguage\":\"lv-LV\",\"@id\":\"https:\/\/hobstop.ee\/lv\/#\/schema\/logo\/image\/\",\"url\":\"https:\/\/hobstop.ee\/media\/vunder-logo.png\",\"contentUrl\":\"https:\/\/hobstop.ee\/media\/vunder-logo.png\",\"width\":127,\"height\":55,\"caption\":\"Vunder AS\"},\"image\":{\"@id\":\"https:\/\/hobstop.ee\/lv\/#\/schema\/logo\/image\/\"},\"sameAs\":[\"http:\/\/www.facebook.com\/VunderSkizze\"]}]}<\/script>\n<!-- \/ Yoast SEO plugin. -->","yoast_head_json":{"title":"L\u012bme Giotto Bricolage &#8211; Skizze","robots":{"index":"noindex","follow":"follow","max-snippet":"max-snippet:-1","max-image-preview":"max-image-preview:large","max-video-preview":"max-video-preview:-1"},"og_locale":"lv_LV","og_type":"article","og_title":"L\u012bme Giotto Bricolage &#8211; Skizze","og_description":"\u012apa\u0161i sp\u0113c\u012bg\u0101 l\u012bme k\u013c\u016bst caursp\u012bd\u012bga tad, kad ir no\u017euvusi. \u0100tra uzkl\u0101\u0161ana, ide\u0101li piem\u0113rota ikdienas darbu veik\u0161anai pa\u0161u rok\u0101m, s\u012bkiem remontdarbiem un amatniec\u012bbas darbiem ar porainu materi\u0101lu (pap\u012brs, kartons, audums, \u0101da, koks, keramika, kor\u0137is). Maksim\u0101la precizit\u0101te pateicoties aplikatoram ar sn\u012bp\u012bti. Formula nesatur \u0161\u0137\u012bdin\u0101t\u0101jus un ir viegli nomazg\u0101jama no rok\u0101m un auduma ar \u016bdeni.","og_url":"https:\/\/hobstop.ee\/lv\/produkts\/lime-giotto-bricolage\/","og_site_name":"Skizze","article_publisher":"http:\/\/www.facebook.com\/VunderSkizze","og_image":[{"width":1024,"height":768,"url":"https:\/\/hobstop.ee\/media\/4447.jpg","type":"image\/jpeg"}],"twitter_card":"summary_large_image","schema":{"@context":"https:\/\/schema.org","@graph":[{"@type":"WebPage","@id":"https:\/\/hobstop.ee\/lv\/produkts\/lime-giotto-bricolage\/","url":"https:\/\/hobstop.ee\/lv\/produkts\/lime-giotto-bricolage\/","name":"L\u012bme Giotto Bricolage &#8211; Skizze","isPartOf":{"@id":"https:\/\/hobstop.ee\/lv\/#website"},"primaryImageOfPage":{"@id":"https:\/\/hobstop.ee\/lv\/produkts\/lime-giotto-bricolage\/#primaryimage"},"image":{"@id":"https:\/\/hobstop.ee\/lv\/produkts\/lime-giotto-bricolage\/#primaryimage"},"thumbnailUrl":"https:\/\/hobstop.ee\/media\/4447.jpg","datePublished":"2017-02-07T13:33:29+00:00","dateModified":"2017-02-07T13:33:29+00:00","breadcrumb":{"@id":"https:\/\/hobstop.ee\/lv\/produkts\/lime-giotto-bricolage\/#breadcrumb"},"inLanguage":"lv-LV","potentialAction":[{"@type":"ReadAction","target":["https:\/\/hobstop.ee\/lv\/produkts\/lime-giotto-bricolage\/"]}]},{"@type":"ImageObject","inLanguage":"lv-LV","@id":"https:\/\/hobstop.ee\/lv\/produkts\/lime-giotto-bricolage\/#primaryimage","url":"https:\/\/hobstop.ee\/media\/4447.jpg","contentUrl":"https:\/\/hobstop.ee\/media\/4447.jpg","width":1024,"height":768},{"@type":"BreadcrumbList","@id":"https:\/\/hobstop.ee\/lv\/produkts\/lime-giotto-bricolage\/#breadcrumb","itemListElement":[{"@type":"ListItem","position":1,"name":"Avaleht","item":"https:\/\/hobstop.ee\/lv\/"},{"@type":"ListItem","position":2,"name":"Veikals","item":"https:\/\/hobstop.ee\/lv\/veikals\/"},{"@type":"ListItem","position":3,"name":"L\u012bme Giotto Bricolage"}]},{"@type":"WebSite","@id":"https:\/\/hobstop.ee\/lv\/#website","url":"https:\/\/hobstop.ee\/lv\/","name":"Skizze","description":"M\u0101kslas, hobiju un skolas preces","publisher":{"@id":"https:\/\/hobstop.ee\/lv\/#organization"},"potentialAction":[{"@type":"SearchAction","target":{"@type":"EntryPoint","urlTemplate":"https:\/\/hobstop.ee\/lv\/?s={search_term_string}"},"query-input":{"@type":"PropertyValueSpecification","valueRequired":true,"valueName":"search_term_string"}}],"inLanguage":"lv-LV"},{"@type":"Organization","@id":"https:\/\/hobstop.ee\/lv\/#organization","name":"Vunder AS","url":"https:\/\/hobstop.ee\/lv\/","logo":{"@type":"ImageObject","inLanguage":"lv-LV","@id":"https:\/\/hobstop.ee\/lv\/#\/schema\/logo\/image\/","url":"https:\/\/hobstop.ee\/media\/vunder-logo.png","contentUrl":"https:\/\/hobstop.ee\/media\/vunder-logo.png","width":127,"height":55,"caption":"Vunder AS"},"image":{"@id":"https:\/\/hobstop.ee\/lv\/#\/schema\/logo\/image\/"},"sameAs":["http:\/\/www.facebook.com\/VunderSkizze"]}]}},"_links":{"self":[{"href":"https:\/\/hobstop.ee\/lv\/wp-json\/wp\/v2\/product\/281590","targetHints":{"allow":["GET"]}}],"collection":[{"href":"https:\/\/hobstop.ee\/lv\/wp-json\/wp\/v2\/product"}],"about":[{"href":"https:\/\/hobstop.ee\/lv\/wp-json\/wp\/v2\/types\/product"}],"replies":[{"embeddable":true,"href":"https:\/\/hobstop.ee\/lv\/wp-json\/wp\/v2\/comments?post=281590"}],"wp:featuredmedia":[{"embeddable":true,"href":"https:\/\/hobstop.ee\/lv\/wp-json\/wp\/v2\/media\/281710"}],"wp:attachment":[{"href":"https:\/\/hobstop.ee\/lv\/wp-json\/wp\/v2\/media?parent=281590"}],"wp:term":[{"taxonomy":"product_cat","embeddable":true,"href":"https:\/\/hobstop.ee\/lv\/wp-json\/wp\/v2\/product_cat?post=281590"},{"taxonomy":"product_tag","embeddable":true,"href":"https:\/\/hobstop.ee\/lv\/wp-json\/wp\/v2\/product_tag?post=281590"}],"curies":[{"name":"wp","href":"https:\/\/api.w.org\/{rel}","templated":true}]}}