{"id":281594,"date":"2017-02-07T15:33:30","date_gmt":"2017-02-07T13:33:30","guid":{"rendered":"https:\/\/sharks.ee\/vunder_2019\/lv\/product\/pirkstu-krasas-giotto-dita\/"},"modified":"2017-02-07T15:33:30","modified_gmt":"2017-02-07T13:33:30","slug":"pirkstu-krasas-giotto-dita","status":"publish","type":"product","link":"https:\/\/hobstop.ee\/lv\/produkts\/pirkstu-krasas-giotto-dita\/","title":{"rendered":"Pirkstu kr\u0101sas Giotto Dita"},"content":{"rendered":"<p>Giotto Dita pirkstu kr\u0101sas ir bag\u0101t\u012bgas, m\u012bkstas un ar kr\u0113mveida tekst\u016bru. \u012apa\u0161i izstr\u0101d\u0101tas, lai b\u016btu viegli nomazg\u0101jamas no rok\u0101m un audumiem. T\u0101 k\u0101 t\u0101m ir \u013coti pat\u012bkami pieskarties, Giotto Dita pirkstu kr\u0101sas ir ide\u0101li piem\u0113rotas pirmaj\u0101m rado\u0161aj\u0101m izpausm\u0113m m\u0101kslas pasaul\u0113. Dro\u0161as, dermatolo\u0123iski test\u0113tas un nesatur glut\u0113nu. Kr\u0101sas ir nelielos trauci\u0146os ar v\u0101ci\u0146u, kas cie\u0161i nosl\u0113dz pa\u0161u trauci\u0146u. Pieejamas 6 kr\u0101sas, kuras var jaukt kop\u0101, lai rad\u012btu neskait\u0101mus to\u0146us.<\/p>\n","protected":false},"excerpt":{"rendered":"<p>Giotto Dita pirkstu kr\u0101sas ir bag\u0101t\u012bgas, m\u012bkstas un ar kr\u0113mveida tekst\u016bru. \u012apa\u0161i izstr\u0101d\u0101tas, lai b\u016btu viegli nomazg\u0101jamas no rok\u0101m un audumiem. T\u0101 k\u0101 t\u0101m ir \u013coti pat\u012bkami pieskarties, Giotto Dita pirkstu kr\u0101sas ir ide\u0101li piem\u0113rotas pirmaj\u0101m rado\u0161aj\u0101m izpausm\u0113m m\u0101kslas pasaul\u0113. Dro\u0161as, dermatolo\u0123iski test\u0113tas un nesatur glut\u0113nu. Kr\u0101sas ir nelielos trauci\u0146os ar v\u0101ci\u0146u, kas cie\u0161i nosl\u0113dz pa\u0161u trauci\u0146u. Pieejamas 6 kr\u0101sas, kuras var jaukt kop\u0101, lai rad\u012btu neskait\u0101mus to\u0146us.<\/p>\n","protected":false},"featured_media":281714,"comment_status":"closed","ping_status":"closed","template":"","meta":{"_acf_changed":false,"ep_exclude_from_search":false},"product_cat":[19835,20398,20389],"product_tag":[],"class_list":{"0":"post-281594","1":"product","2":"type-product","3":"status-publish","4":"has-post-thumbnail","6":"product_cat-bernu-brivais-laiks","7":"product_cat-dazai","8":"product_cat-makslas-piederumi-3","10":"first","11":"instock","12":"taxable","13":"shipping-taxable","14":"purchasable","15":"product-type-variable"},"acf":[],"yoast_head":"<!-- This site is optimized with the Yoast SEO plugin v24.1 - https:\/\/yoast.com\/wordpress\/plugins\/seo\/ -->\n<title>Pirkstu kr\u0101sas Giotto Dita &#8211; Skizze<\/title>\n<meta name=\"robots\" content=\"noindex, follow, max-snippet:-1, max-image-preview:large, max-video-preview:-1\" \/>\n<meta property=\"og:locale\" content=\"lv_LV\" \/>\n<meta property=\"og:type\" content=\"article\" \/>\n<meta property=\"og:title\" content=\"Pirkstu kr\u0101sas Giotto Dita &#8211; Skizze\" \/>\n<meta property=\"og:description\" content=\"Giotto Dita pirkstu kr\u0101sas ir bag\u0101t\u012bgas, m\u012bkstas un ar kr\u0113mveida tekst\u016bru. \u012apa\u0161i izstr\u0101d\u0101tas, lai b\u016btu viegli nomazg\u0101jamas no rok\u0101m un audumiem. T\u0101 k\u0101 t\u0101m ir \u013coti pat\u012bkami pieskarties, Giotto Dita pirkstu kr\u0101sas ir ide\u0101li piem\u0113rotas pirmaj\u0101m rado\u0161aj\u0101m izpausm\u0113m m\u0101kslas pasaul\u0113. Dro\u0161as, dermatolo\u0123iski test\u0113tas un nesatur glut\u0113nu. Kr\u0101sas ir nelielos trauci\u0146os ar v\u0101ci\u0146u, kas cie\u0161i nosl\u0113dz pa\u0161u trauci\u0146u. Pieejamas 6 kr\u0101sas, kuras var jaukt kop\u0101, lai rad\u012btu neskait\u0101mus to\u0146us.\" \/>\n<meta property=\"og:url\" content=\"https:\/\/hobstop.ee\/lv\/produkts\/pirkstu-krasas-giotto-dita\/\" \/>\n<meta property=\"og:site_name\" content=\"Skizze\" \/>\n<meta property=\"article:publisher\" content=\"http:\/\/www.facebook.com\/VunderSkizze\" \/>\n<meta property=\"og:image\" content=\"https:\/\/hobstop.ee\/media\/4459.jpg\" \/>\n\t<meta property=\"og:image:width\" content=\"1024\" \/>\n\t<meta property=\"og:image:height\" content=\"768\" \/>\n\t<meta property=\"og:image:type\" content=\"image\/jpeg\" \/>\n<meta name=\"twitter:card\" content=\"summary_large_image\" \/>\n<meta name=\"twitter:label1\" content=\"Est. reading time\" \/>\n\t<meta name=\"twitter:data1\" content=\"1 min\u016b\u0161u\" \/>\n<script type=\"application\/ld+json\" class=\"yoast-schema-graph\">{\"@context\":\"https:\/\/schema.org\",\"@graph\":[{\"@type\":\"WebPage\",\"@id\":\"https:\/\/hobstop.ee\/lv\/produkts\/pirkstu-krasas-giotto-dita\/\",\"url\":\"https:\/\/hobstop.ee\/lv\/produkts\/pirkstu-krasas-giotto-dita\/\",\"name\":\"Pirkstu kr\u0101sas Giotto Dita &#8211; Skizze\",\"isPartOf\":{\"@id\":\"https:\/\/hobstop.ee\/lv\/#website\"},\"primaryImageOfPage\":{\"@id\":\"https:\/\/hobstop.ee\/lv\/produkts\/pirkstu-krasas-giotto-dita\/#primaryimage\"},\"image\":{\"@id\":\"https:\/\/hobstop.ee\/lv\/produkts\/pirkstu-krasas-giotto-dita\/#primaryimage\"},\"thumbnailUrl\":\"https:\/\/hobstop.ee\/media\/4459.jpg\",\"datePublished\":\"2017-02-07T13:33:30+00:00\",\"dateModified\":\"2017-02-07T13:33:30+00:00\",\"breadcrumb\":{\"@id\":\"https:\/\/hobstop.ee\/lv\/produkts\/pirkstu-krasas-giotto-dita\/#breadcrumb\"},\"inLanguage\":\"lv-LV\",\"potentialAction\":[{\"@type\":\"ReadAction\",\"target\":[\"https:\/\/hobstop.ee\/lv\/produkts\/pirkstu-krasas-giotto-dita\/\"]}]},{\"@type\":\"ImageObject\",\"inLanguage\":\"lv-LV\",\"@id\":\"https:\/\/hobstop.ee\/lv\/produkts\/pirkstu-krasas-giotto-dita\/#primaryimage\",\"url\":\"https:\/\/hobstop.ee\/media\/4459.jpg\",\"contentUrl\":\"https:\/\/hobstop.ee\/media\/4459.jpg\",\"width\":1024,\"height\":768},{\"@type\":\"BreadcrumbList\",\"@id\":\"https:\/\/hobstop.ee\/lv\/produkts\/pirkstu-krasas-giotto-dita\/#breadcrumb\",\"itemListElement\":[{\"@type\":\"ListItem\",\"position\":1,\"name\":\"Avaleht\",\"item\":\"https:\/\/hobstop.ee\/lv\/\"},{\"@type\":\"ListItem\",\"position\":2,\"name\":\"Veikals\",\"item\":\"https:\/\/hobstop.ee\/lv\/veikals\/\"},{\"@type\":\"ListItem\",\"position\":3,\"name\":\"Pirkstu kr\u0101sas Giotto Dita\"}]},{\"@type\":\"WebSite\",\"@id\":\"https:\/\/hobstop.ee\/lv\/#website\",\"url\":\"https:\/\/hobstop.ee\/lv\/\",\"name\":\"Skizze\",\"description\":\"M\u0101kslas, hobiju un skolas preces\",\"publisher\":{\"@id\":\"https:\/\/hobstop.ee\/lv\/#organization\"},\"potentialAction\":[{\"@type\":\"SearchAction\",\"target\":{\"@type\":\"EntryPoint\",\"urlTemplate\":\"https:\/\/hobstop.ee\/lv\/?s={search_term_string}\"},\"query-input\":{\"@type\":\"PropertyValueSpecification\",\"valueRequired\":true,\"valueName\":\"search_term_string\"}}],\"inLanguage\":\"lv-LV\"},{\"@type\":\"Organization\",\"@id\":\"https:\/\/hobstop.ee\/lv\/#organization\",\"name\":\"Vunder AS\",\"url\":\"https:\/\/hobstop.ee\/lv\/\",\"logo\":{\"@type\":\"ImageObject\",\"inLanguage\":\"lv-LV\",\"@id\":\"https:\/\/hobstop.ee\/lv\/#\/schema\/logo\/image\/\",\"url\":\"https:\/\/hobstop.ee\/media\/vunder-logo.png\",\"contentUrl\":\"https:\/\/hobstop.ee\/media\/vunder-logo.png\",\"width\":127,\"height\":55,\"caption\":\"Vunder AS\"},\"image\":{\"@id\":\"https:\/\/hobstop.ee\/lv\/#\/schema\/logo\/image\/\"},\"sameAs\":[\"http:\/\/www.facebook.com\/VunderSkizze\"]}]}<\/script>\n<!-- \/ Yoast SEO plugin. -->","yoast_head_json":{"title":"Pirkstu kr\u0101sas Giotto Dita &#8211; Skizze","robots":{"index":"noindex","follow":"follow","max-snippet":"max-snippet:-1","max-image-preview":"max-image-preview:large","max-video-preview":"max-video-preview:-1"},"og_locale":"lv_LV","og_type":"article","og_title":"Pirkstu kr\u0101sas Giotto Dita &#8211; Skizze","og_description":"Giotto Dita pirkstu kr\u0101sas ir bag\u0101t\u012bgas, m\u012bkstas un ar kr\u0113mveida tekst\u016bru. \u012apa\u0161i izstr\u0101d\u0101tas, lai b\u016btu viegli nomazg\u0101jamas no rok\u0101m un audumiem. T\u0101 k\u0101 t\u0101m ir \u013coti pat\u012bkami pieskarties, Giotto Dita pirkstu kr\u0101sas ir ide\u0101li piem\u0113rotas pirmaj\u0101m rado\u0161aj\u0101m izpausm\u0113m m\u0101kslas pasaul\u0113. Dro\u0161as, dermatolo\u0123iski test\u0113tas un nesatur glut\u0113nu. Kr\u0101sas ir nelielos trauci\u0146os ar v\u0101ci\u0146u, kas cie\u0161i nosl\u0113dz pa\u0161u trauci\u0146u. Pieejamas 6 kr\u0101sas, kuras var jaukt kop\u0101, lai rad\u012btu neskait\u0101mus to\u0146us.","og_url":"https:\/\/hobstop.ee\/lv\/produkts\/pirkstu-krasas-giotto-dita\/","og_site_name":"Skizze","article_publisher":"http:\/\/www.facebook.com\/VunderSkizze","og_image":[{"width":1024,"height":768,"url":"https:\/\/hobstop.ee\/media\/4459.jpg","type":"image\/jpeg"}],"twitter_card":"summary_large_image","twitter_misc":{"Est. reading time":"1 min\u016b\u0161u"},"schema":{"@context":"https:\/\/schema.org","@graph":[{"@type":"WebPage","@id":"https:\/\/hobstop.ee\/lv\/produkts\/pirkstu-krasas-giotto-dita\/","url":"https:\/\/hobstop.ee\/lv\/produkts\/pirkstu-krasas-giotto-dita\/","name":"Pirkstu kr\u0101sas Giotto Dita &#8211; Skizze","isPartOf":{"@id":"https:\/\/hobstop.ee\/lv\/#website"},"primaryImageOfPage":{"@id":"https:\/\/hobstop.ee\/lv\/produkts\/pirkstu-krasas-giotto-dita\/#primaryimage"},"image":{"@id":"https:\/\/hobstop.ee\/lv\/produkts\/pirkstu-krasas-giotto-dita\/#primaryimage"},"thumbnailUrl":"https:\/\/hobstop.ee\/media\/4459.jpg","datePublished":"2017-02-07T13:33:30+00:00","dateModified":"2017-02-07T13:33:30+00:00","breadcrumb":{"@id":"https:\/\/hobstop.ee\/lv\/produkts\/pirkstu-krasas-giotto-dita\/#breadcrumb"},"inLanguage":"lv-LV","potentialAction":[{"@type":"ReadAction","target":["https:\/\/hobstop.ee\/lv\/produkts\/pirkstu-krasas-giotto-dita\/"]}]},{"@type":"ImageObject","inLanguage":"lv-LV","@id":"https:\/\/hobstop.ee\/lv\/produkts\/pirkstu-krasas-giotto-dita\/#primaryimage","url":"https:\/\/hobstop.ee\/media\/4459.jpg","contentUrl":"https:\/\/hobstop.ee\/media\/4459.jpg","width":1024,"height":768},{"@type":"BreadcrumbList","@id":"https:\/\/hobstop.ee\/lv\/produkts\/pirkstu-krasas-giotto-dita\/#breadcrumb","itemListElement":[{"@type":"ListItem","position":1,"name":"Avaleht","item":"https:\/\/hobstop.ee\/lv\/"},{"@type":"ListItem","position":2,"name":"Veikals","item":"https:\/\/hobstop.ee\/lv\/veikals\/"},{"@type":"ListItem","position":3,"name":"Pirkstu kr\u0101sas Giotto Dita"}]},{"@type":"WebSite","@id":"https:\/\/hobstop.ee\/lv\/#website","url":"https:\/\/hobstop.ee\/lv\/","name":"Skizze","description":"M\u0101kslas, hobiju un skolas preces","publisher":{"@id":"https:\/\/hobstop.ee\/lv\/#organization"},"potentialAction":[{"@type":"SearchAction","target":{"@type":"EntryPoint","urlTemplate":"https:\/\/hobstop.ee\/lv\/?s={search_term_string}"},"query-input":{"@type":"PropertyValueSpecification","valueRequired":true,"valueName":"search_term_string"}}],"inLanguage":"lv-LV"},{"@type":"Organization","@id":"https:\/\/hobstop.ee\/lv\/#organization","name":"Vunder AS","url":"https:\/\/hobstop.ee\/lv\/","logo":{"@type":"ImageObject","inLanguage":"lv-LV","@id":"https:\/\/hobstop.ee\/lv\/#\/schema\/logo\/image\/","url":"https:\/\/hobstop.ee\/media\/vunder-logo.png","contentUrl":"https:\/\/hobstop.ee\/media\/vunder-logo.png","width":127,"height":55,"caption":"Vunder AS"},"image":{"@id":"https:\/\/hobstop.ee\/lv\/#\/schema\/logo\/image\/"},"sameAs":["http:\/\/www.facebook.com\/VunderSkizze"]}]}},"_links":{"self":[{"href":"https:\/\/hobstop.ee\/lv\/wp-json\/wp\/v2\/product\/281594","targetHints":{"allow":["GET"]}}],"collection":[{"href":"https:\/\/hobstop.ee\/lv\/wp-json\/wp\/v2\/product"}],"about":[{"href":"https:\/\/hobstop.ee\/lv\/wp-json\/wp\/v2\/types\/product"}],"replies":[{"embeddable":true,"href":"https:\/\/hobstop.ee\/lv\/wp-json\/wp\/v2\/comments?post=281594"}],"wp:featuredmedia":[{"embeddable":true,"href":"https:\/\/hobstop.ee\/lv\/wp-json\/wp\/v2\/media\/281714"}],"wp:attachment":[{"href":"https:\/\/hobstop.ee\/lv\/wp-json\/wp\/v2\/media?parent=281594"}],"wp:term":[{"taxonomy":"product_cat","embeddable":true,"href":"https:\/\/hobstop.ee\/lv\/wp-json\/wp\/v2\/product_cat?post=281594"},{"taxonomy":"product_tag","embeddable":true,"href":"https:\/\/hobstop.ee\/lv\/wp-json\/wp\/v2\/product_tag?post=281594"}],"curies":[{"name":"wp","href":"https:\/\/api.w.org\/{rel}","templated":true}]}}