{"id":282832,"date":"2017-02-23T13:41:04","date_gmt":"2017-02-23T11:41:04","guid":{"rendered":"https:\/\/sharks.ee\/vunder_2019\/lv\/product\/lodisu-pildspalva-pilot-mr-retro-pop\/"},"modified":"2017-02-23T13:41:04","modified_gmt":"2017-02-23T11:41:04","slug":"lodisu-pildspalva-pilot-mr-retro-pop","status":"publish","type":"product","link":"https:\/\/hobstop.ee\/lv\/produkts\/lodisu-pildspalva-pilot-mr-retro-pop\/","title":{"rendered":"Lod\u012b\u0161u pildspalva Pilot MR Retro Pop"},"content":{"rendered":"<p>Pateicoties savam izteiksm\u012bgajam dizainam un jaun\u0101s paaudzes hibr\u012bda tintei, Pilot MR Retro Pop kolekcija ir glu\u017ei k\u0101 dziesma par prieku! Ide\u0101li piem\u0113rotas, lai vienmu\u013c\u0101s un pel\u0113k\u0101s debesis padar\u012btu par \u012bpa\u0161\u0101m. Pilot MR Retro Pop kolekcija pie\u0161\u0137ir elegancei piln\u012bgi jaunu kr\u0101su gammu. Dz\u012bve ir k\u0101 laim\u012bgs st\u0101sts ar lieliska humora piesk\u0101rienu. Perfekta d\u0101vana k\u0101dam \u012bpa\u0161am cilv\u0113kam vai sev \u2013 Pilot MR pildspalva katru dienu uzs\u0101ks stil\u012bgi! Vidusda\u013c\u0101 eso\u0161o gredzenu rot\u0101 6 da\u017e\u0101di dizaini un kr\u0101sas. To var raksturot vien\u0101 v\u0101rd\u0101 \u2013 rakst\u012btprieks!<br \/>\n&#8211; Mat\u0113ts met\u0101la korpuss<br \/>\n&#8211; Serdene izn\u0101k, pagrie\u017eot korpusu<br \/>\n&#8211; Cieta un iztur\u012bga volframa karb\u012bda lod\u012bte<br \/>\n&#8211; Main\u0101ms serdenis<br \/>\n&#8211; D\u0101vanu k\u0101rba<\/p>\n","protected":false},"excerpt":{"rendered":"<p>Pateicoties savam izteiksm\u012bgajam dizainam un jaun\u0101s paaudzes hibr\u012bda tintei, Pilot MR Retro Pop kolekcija ir glu\u017ei k\u0101 dziesma par prieku! Ide\u0101li piem\u0113rotas, lai vienmu\u013c\u0101s un pel\u0113k\u0101s debesis padar\u012btu par \u012bpa\u0161\u0101m. Pilot MR Retro Pop kolekcija pie\u0161\u0137ir elegancei piln\u012bgi jaunu kr\u0101su gammu. Dz\u012bve ir k\u0101 laim\u012bgs st\u0101sts ar lieliska humora piesk\u0101rienu. Perfekta d\u0101vana k\u0101dam \u012bpa\u0161am cilv\u0113kam vai sev \u2013 Pilot MR pildspalva katru dienu uzs\u0101ks stil\u012bgi! Vidusda\u013c\u0101 eso\u0161o gredzenu rot\u0101 6 da\u017e\u0101di dizaini un kr\u0101sas. To var raksturot vien\u0101 v\u0101rd\u0101 \u2013 rakst\u012btprieks! &#8211; Mat\u0113ts met\u0101la korpuss &#8211; Serdene izn\u0101k, pagrie\u017eot korpusu &#8211; Cieta un iztur\u012bga volframa karb\u012bda lod\u012bte &#8211; Main\u0101ms serdenis &#8211; D\u0101vanu k\u0101rba<\/p>\n","protected":false},"featured_media":282904,"comment_status":"closed","ping_status":"closed","template":"","meta":{"_acf_changed":false,"ep_exclude_from_search":false},"product_cat":[19695,18519],"product_tag":[],"class_list":{"0":"post-282832","1":"product","2":"type-product","3":"status-publish","4":"has-post-thumbnail","6":"product_cat-lodisu-pildspalvas","7":"product_cat-rakstampiederumi-2","9":"first","10":"instock","11":"taxable","12":"shipping-taxable","13":"product-type-simple"},"acf":[],"yoast_head":"<!-- This site is optimized with the Yoast SEO plugin v24.1 - https:\/\/yoast.com\/wordpress\/plugins\/seo\/ -->\n<title>Lod\u012b\u0161u pildspalva Pilot MR Retro Pop &#8211; Skizze<\/title>\n<meta name=\"robots\" content=\"noindex, follow, max-snippet:-1, max-image-preview:large, max-video-preview:-1\" \/>\n<meta property=\"og:locale\" content=\"lv_LV\" \/>\n<meta property=\"og:type\" content=\"article\" \/>\n<meta property=\"og:title\" content=\"Lod\u012b\u0161u pildspalva Pilot MR Retro Pop &#8211; Skizze\" \/>\n<meta property=\"og:description\" content=\"Pateicoties savam izteiksm\u012bgajam dizainam un jaun\u0101s paaudzes hibr\u012bda tintei, Pilot MR Retro Pop kolekcija ir glu\u017ei k\u0101 dziesma par prieku! Ide\u0101li piem\u0113rotas, lai vienmu\u013c\u0101s un pel\u0113k\u0101s debesis padar\u012btu par \u012bpa\u0161\u0101m. Pilot MR Retro Pop kolekcija pie\u0161\u0137ir elegancei piln\u012bgi jaunu kr\u0101su gammu. Dz\u012bve ir k\u0101 laim\u012bgs st\u0101sts ar lieliska humora piesk\u0101rienu. Perfekta d\u0101vana k\u0101dam \u012bpa\u0161am cilv\u0113kam vai sev \u2013 Pilot MR pildspalva katru dienu uzs\u0101ks stil\u012bgi! Vidusda\u013c\u0101 eso\u0161o gredzenu rot\u0101 6 da\u017e\u0101di dizaini un kr\u0101sas. To var raksturot vien\u0101 v\u0101rd\u0101 \u2013 rakst\u012btprieks! &#8211; Mat\u0113ts met\u0101la korpuss &#8211; Serdene izn\u0101k, pagrie\u017eot korpusu &#8211; Cieta un iztur\u012bga volframa karb\u012bda lod\u012bte &#8211; Main\u0101ms serdenis &#8211; D\u0101vanu k\u0101rba\" \/>\n<meta property=\"og:url\" content=\"https:\/\/hobstop.ee\/lv\/produkts\/lodisu-pildspalva-pilot-mr-retro-pop\/\" \/>\n<meta property=\"og:site_name\" content=\"Skizze\" \/>\n<meta property=\"article:publisher\" content=\"http:\/\/www.facebook.com\/VunderSkizze\" \/>\n<meta property=\"og:image\" content=\"https:\/\/hobstop.ee\/media\/4473.jpg\" \/>\n\t<meta property=\"og:image:width\" content=\"1024\" \/>\n\t<meta property=\"og:image:height\" content=\"768\" \/>\n\t<meta property=\"og:image:type\" content=\"image\/jpeg\" \/>\n<meta name=\"twitter:card\" content=\"summary_large_image\" \/>\n<meta name=\"twitter:label1\" content=\"Est. reading time\" \/>\n\t<meta name=\"twitter:data1\" content=\"1 min\u016b\u0161u\" \/>\n<script type=\"application\/ld+json\" class=\"yoast-schema-graph\">{\"@context\":\"https:\/\/schema.org\",\"@graph\":[{\"@type\":\"WebPage\",\"@id\":\"https:\/\/hobstop.ee\/lv\/produkts\/lodisu-pildspalva-pilot-mr-retro-pop\/\",\"url\":\"https:\/\/hobstop.ee\/lv\/produkts\/lodisu-pildspalva-pilot-mr-retro-pop\/\",\"name\":\"Lod\u012b\u0161u pildspalva Pilot MR Retro Pop &#8211; Skizze\",\"isPartOf\":{\"@id\":\"https:\/\/hobstop.ee\/lv\/#website\"},\"primaryImageOfPage\":{\"@id\":\"https:\/\/hobstop.ee\/lv\/produkts\/lodisu-pildspalva-pilot-mr-retro-pop\/#primaryimage\"},\"image\":{\"@id\":\"https:\/\/hobstop.ee\/lv\/produkts\/lodisu-pildspalva-pilot-mr-retro-pop\/#primaryimage\"},\"thumbnailUrl\":\"https:\/\/hobstop.ee\/media\/4473.jpg\",\"datePublished\":\"2017-02-23T11:41:04+00:00\",\"dateModified\":\"2017-02-23T11:41:04+00:00\",\"breadcrumb\":{\"@id\":\"https:\/\/hobstop.ee\/lv\/produkts\/lodisu-pildspalva-pilot-mr-retro-pop\/#breadcrumb\"},\"inLanguage\":\"lv-LV\",\"potentialAction\":[{\"@type\":\"ReadAction\",\"target\":[\"https:\/\/hobstop.ee\/lv\/produkts\/lodisu-pildspalva-pilot-mr-retro-pop\/\"]}]},{\"@type\":\"ImageObject\",\"inLanguage\":\"lv-LV\",\"@id\":\"https:\/\/hobstop.ee\/lv\/produkts\/lodisu-pildspalva-pilot-mr-retro-pop\/#primaryimage\",\"url\":\"https:\/\/hobstop.ee\/media\/4473.jpg\",\"contentUrl\":\"https:\/\/hobstop.ee\/media\/4473.jpg\",\"width\":1024,\"height\":768},{\"@type\":\"BreadcrumbList\",\"@id\":\"https:\/\/hobstop.ee\/lv\/produkts\/lodisu-pildspalva-pilot-mr-retro-pop\/#breadcrumb\",\"itemListElement\":[{\"@type\":\"ListItem\",\"position\":1,\"name\":\"Avaleht\",\"item\":\"https:\/\/hobstop.ee\/lv\/\"},{\"@type\":\"ListItem\",\"position\":2,\"name\":\"Veikals\",\"item\":\"https:\/\/hobstop.ee\/lv\/veikals\/\"},{\"@type\":\"ListItem\",\"position\":3,\"name\":\"Lod\u012b\u0161u pildspalva Pilot MR Retro Pop\"}]},{\"@type\":\"WebSite\",\"@id\":\"https:\/\/hobstop.ee\/lv\/#website\",\"url\":\"https:\/\/hobstop.ee\/lv\/\",\"name\":\"Skizze\",\"description\":\"M\u0101kslas, hobiju un skolas preces\",\"publisher\":{\"@id\":\"https:\/\/hobstop.ee\/lv\/#organization\"},\"potentialAction\":[{\"@type\":\"SearchAction\",\"target\":{\"@type\":\"EntryPoint\",\"urlTemplate\":\"https:\/\/hobstop.ee\/lv\/?s={search_term_string}\"},\"query-input\":{\"@type\":\"PropertyValueSpecification\",\"valueRequired\":true,\"valueName\":\"search_term_string\"}}],\"inLanguage\":\"lv-LV\"},{\"@type\":\"Organization\",\"@id\":\"https:\/\/hobstop.ee\/lv\/#organization\",\"name\":\"Vunder AS\",\"url\":\"https:\/\/hobstop.ee\/lv\/\",\"logo\":{\"@type\":\"ImageObject\",\"inLanguage\":\"lv-LV\",\"@id\":\"https:\/\/hobstop.ee\/lv\/#\/schema\/logo\/image\/\",\"url\":\"https:\/\/hobstop.ee\/media\/vunder-logo.png\",\"contentUrl\":\"https:\/\/hobstop.ee\/media\/vunder-logo.png\",\"width\":127,\"height\":55,\"caption\":\"Vunder AS\"},\"image\":{\"@id\":\"https:\/\/hobstop.ee\/lv\/#\/schema\/logo\/image\/\"},\"sameAs\":[\"http:\/\/www.facebook.com\/VunderSkizze\"]}]}<\/script>\n<!-- \/ Yoast SEO plugin. -->","yoast_head_json":{"title":"Lod\u012b\u0161u pildspalva Pilot MR Retro Pop &#8211; Skizze","robots":{"index":"noindex","follow":"follow","max-snippet":"max-snippet:-1","max-image-preview":"max-image-preview:large","max-video-preview":"max-video-preview:-1"},"og_locale":"lv_LV","og_type":"article","og_title":"Lod\u012b\u0161u pildspalva Pilot MR Retro Pop &#8211; Skizze","og_description":"Pateicoties savam izteiksm\u012bgajam dizainam un jaun\u0101s paaudzes hibr\u012bda tintei, Pilot MR Retro Pop kolekcija ir glu\u017ei k\u0101 dziesma par prieku! Ide\u0101li piem\u0113rotas, lai vienmu\u013c\u0101s un pel\u0113k\u0101s debesis padar\u012btu par \u012bpa\u0161\u0101m. Pilot MR Retro Pop kolekcija pie\u0161\u0137ir elegancei piln\u012bgi jaunu kr\u0101su gammu. Dz\u012bve ir k\u0101 laim\u012bgs st\u0101sts ar lieliska humora piesk\u0101rienu. Perfekta d\u0101vana k\u0101dam \u012bpa\u0161am cilv\u0113kam vai sev \u2013 Pilot MR pildspalva katru dienu uzs\u0101ks stil\u012bgi! Vidusda\u013c\u0101 eso\u0161o gredzenu rot\u0101 6 da\u017e\u0101di dizaini un kr\u0101sas. To var raksturot vien\u0101 v\u0101rd\u0101 \u2013 rakst\u012btprieks! &#8211; Mat\u0113ts met\u0101la korpuss &#8211; Serdene izn\u0101k, pagrie\u017eot korpusu &#8211; Cieta un iztur\u012bga volframa karb\u012bda lod\u012bte &#8211; Main\u0101ms serdenis &#8211; D\u0101vanu k\u0101rba","og_url":"https:\/\/hobstop.ee\/lv\/produkts\/lodisu-pildspalva-pilot-mr-retro-pop\/","og_site_name":"Skizze","article_publisher":"http:\/\/www.facebook.com\/VunderSkizze","og_image":[{"width":1024,"height":768,"url":"https:\/\/hobstop.ee\/media\/4473.jpg","type":"image\/jpeg"}],"twitter_card":"summary_large_image","twitter_misc":{"Est. reading time":"1 min\u016b\u0161u"},"schema":{"@context":"https:\/\/schema.org","@graph":[{"@type":"WebPage","@id":"https:\/\/hobstop.ee\/lv\/produkts\/lodisu-pildspalva-pilot-mr-retro-pop\/","url":"https:\/\/hobstop.ee\/lv\/produkts\/lodisu-pildspalva-pilot-mr-retro-pop\/","name":"Lod\u012b\u0161u pildspalva Pilot MR Retro Pop &#8211; Skizze","isPartOf":{"@id":"https:\/\/hobstop.ee\/lv\/#website"},"primaryImageOfPage":{"@id":"https:\/\/hobstop.ee\/lv\/produkts\/lodisu-pildspalva-pilot-mr-retro-pop\/#primaryimage"},"image":{"@id":"https:\/\/hobstop.ee\/lv\/produkts\/lodisu-pildspalva-pilot-mr-retro-pop\/#primaryimage"},"thumbnailUrl":"https:\/\/hobstop.ee\/media\/4473.jpg","datePublished":"2017-02-23T11:41:04+00:00","dateModified":"2017-02-23T11:41:04+00:00","breadcrumb":{"@id":"https:\/\/hobstop.ee\/lv\/produkts\/lodisu-pildspalva-pilot-mr-retro-pop\/#breadcrumb"},"inLanguage":"lv-LV","potentialAction":[{"@type":"ReadAction","target":["https:\/\/hobstop.ee\/lv\/produkts\/lodisu-pildspalva-pilot-mr-retro-pop\/"]}]},{"@type":"ImageObject","inLanguage":"lv-LV","@id":"https:\/\/hobstop.ee\/lv\/produkts\/lodisu-pildspalva-pilot-mr-retro-pop\/#primaryimage","url":"https:\/\/hobstop.ee\/media\/4473.jpg","contentUrl":"https:\/\/hobstop.ee\/media\/4473.jpg","width":1024,"height":768},{"@type":"BreadcrumbList","@id":"https:\/\/hobstop.ee\/lv\/produkts\/lodisu-pildspalva-pilot-mr-retro-pop\/#breadcrumb","itemListElement":[{"@type":"ListItem","position":1,"name":"Avaleht","item":"https:\/\/hobstop.ee\/lv\/"},{"@type":"ListItem","position":2,"name":"Veikals","item":"https:\/\/hobstop.ee\/lv\/veikals\/"},{"@type":"ListItem","position":3,"name":"Lod\u012b\u0161u pildspalva Pilot MR Retro Pop"}]},{"@type":"WebSite","@id":"https:\/\/hobstop.ee\/lv\/#website","url":"https:\/\/hobstop.ee\/lv\/","name":"Skizze","description":"M\u0101kslas, hobiju un skolas preces","publisher":{"@id":"https:\/\/hobstop.ee\/lv\/#organization"},"potentialAction":[{"@type":"SearchAction","target":{"@type":"EntryPoint","urlTemplate":"https:\/\/hobstop.ee\/lv\/?s={search_term_string}"},"query-input":{"@type":"PropertyValueSpecification","valueRequired":true,"valueName":"search_term_string"}}],"inLanguage":"lv-LV"},{"@type":"Organization","@id":"https:\/\/hobstop.ee\/lv\/#organization","name":"Vunder AS","url":"https:\/\/hobstop.ee\/lv\/","logo":{"@type":"ImageObject","inLanguage":"lv-LV","@id":"https:\/\/hobstop.ee\/lv\/#\/schema\/logo\/image\/","url":"https:\/\/hobstop.ee\/media\/vunder-logo.png","contentUrl":"https:\/\/hobstop.ee\/media\/vunder-logo.png","width":127,"height":55,"caption":"Vunder AS"},"image":{"@id":"https:\/\/hobstop.ee\/lv\/#\/schema\/logo\/image\/"},"sameAs":["http:\/\/www.facebook.com\/VunderSkizze"]}]}},"_links":{"self":[{"href":"https:\/\/hobstop.ee\/lv\/wp-json\/wp\/v2\/product\/282832","targetHints":{"allow":["GET"]}}],"collection":[{"href":"https:\/\/hobstop.ee\/lv\/wp-json\/wp\/v2\/product"}],"about":[{"href":"https:\/\/hobstop.ee\/lv\/wp-json\/wp\/v2\/types\/product"}],"replies":[{"embeddable":true,"href":"https:\/\/hobstop.ee\/lv\/wp-json\/wp\/v2\/comments?post=282832"}],"wp:featuredmedia":[{"embeddable":true,"href":"https:\/\/hobstop.ee\/lv\/wp-json\/wp\/v2\/media\/282904"}],"wp:attachment":[{"href":"https:\/\/hobstop.ee\/lv\/wp-json\/wp\/v2\/media?parent=282832"}],"wp:term":[{"taxonomy":"product_cat","embeddable":true,"href":"https:\/\/hobstop.ee\/lv\/wp-json\/wp\/v2\/product_cat?post=282832"},{"taxonomy":"product_tag","embeddable":true,"href":"https:\/\/hobstop.ee\/lv\/wp-json\/wp\/v2\/product_tag?post=282832"}],"curies":[{"name":"wp","href":"https:\/\/api.w.org\/{rel}","templated":true}]}}