{"id":282836,"date":"2017-02-23T13:41:04","date_gmt":"2017-02-23T11:41:04","guid":{"rendered":"https:\/\/sharks.ee\/vunder_2019\/lv\/product\/lodisu-pildspalva-pilot-mr-animal\/"},"modified":"2017-02-23T13:41:04","modified_gmt":"2017-02-23T11:41:04","slug":"lodisu-pildspalva-pilot-mr-animal","status":"publish","type":"product","link":"https:\/\/hobstop.ee\/lv\/produkts\/lodisu-pildspalva-pilot-mr-animal\/","title":{"rendered":"Lod\u012b\u0161u pildspalva Pilot MR Animal"},"content":{"rendered":"<p>Glud\u0101 Pilot MR dz\u012bvnieku kolekcijas silueta iedvesmas pamat\u0101 ir kokona maig\u0101s un noapa\u013cot\u0101s l\u012bnijas. Pl\u016bsto\u0161\u0101s l\u012bnijas tiek izceltas ar attur\u012bgu savva\u013cas piesk\u0101rienu \u2013 dizain\u0101 tiek att\u0113loti dz\u012bvnieku, piem\u0113ram, t\u012b\u0123era, leoparda, pitona, krokodila un \u0137irzakas mot\u012bvi. Katrs mot\u012bvs ir pieejams k\u0101 atsevi\u0161\u0137a lod\u012b\u0161u pildspalva ar jaun\u0101k\u0101s paaudzes hibr\u012bda tinti.<br \/>\n&#8211; Mat\u0113ts met\u0101la korpuss<br \/>\n&#8211; Serdene izn\u0101k, pagrie\u017eot korpusu<br \/>\n&#8211; Cieta un iztur\u012bga volframa karb\u012bda lod\u012bte<br \/>\n&#8211; Main\u0101ms serdenis<br \/>\n&#8211; D\u0101vanu k\u0101rba<\/p>\n","protected":false},"excerpt":{"rendered":"<p>Glud\u0101 Pilot MR dz\u012bvnieku kolekcijas silueta iedvesmas pamat\u0101 ir kokona maig\u0101s un noapa\u013cot\u0101s l\u012bnijas. Pl\u016bsto\u0161\u0101s l\u012bnijas tiek izceltas ar attur\u012bgu savva\u013cas piesk\u0101rienu \u2013 dizain\u0101 tiek att\u0113loti dz\u012bvnieku, piem\u0113ram, t\u012b\u0123era, leoparda, pitona, krokodila un \u0137irzakas mot\u012bvi. Katrs mot\u012bvs ir pieejams k\u0101 atsevi\u0161\u0137a lod\u012b\u0161u pildspalva ar jaun\u0101k\u0101s paaudzes hibr\u012bda tinti. &#8211; Mat\u0113ts met\u0101la korpuss &#8211; Serdene izn\u0101k, pagrie\u017eot korpusu &#8211; Cieta un iztur\u012bga volframa karb\u012bda lod\u012bte &#8211; Main\u0101ms serdenis &#8211; D\u0101vanu k\u0101rba<\/p>\n","protected":false},"featured_media":282908,"comment_status":"closed","ping_status":"closed","template":"","meta":{"_acf_changed":false,"ep_exclude_from_search":false},"product_cat":[19695,18519],"product_tag":[],"class_list":{"0":"post-282836","1":"product","2":"type-product","3":"status-publish","4":"has-post-thumbnail","6":"product_cat-lodisu-pildspalvas","7":"product_cat-rakstampiederumi-2","9":"first","10":"instock","11":"taxable","12":"shipping-taxable","13":"product-type-simple"},"acf":[],"yoast_head":"<!-- This site is optimized with the Yoast SEO plugin v24.1 - https:\/\/yoast.com\/wordpress\/plugins\/seo\/ -->\n<title>Lod\u012b\u0161u pildspalva Pilot MR Animal &#8211; Skizze<\/title>\n<meta name=\"robots\" content=\"noindex, follow, max-snippet:-1, max-image-preview:large, max-video-preview:-1\" \/>\n<meta property=\"og:locale\" content=\"lv_LV\" \/>\n<meta property=\"og:type\" content=\"article\" \/>\n<meta property=\"og:title\" content=\"Lod\u012b\u0161u pildspalva Pilot MR Animal &#8211; Skizze\" \/>\n<meta property=\"og:description\" content=\"Glud\u0101 Pilot MR dz\u012bvnieku kolekcijas silueta iedvesmas pamat\u0101 ir kokona maig\u0101s un noapa\u013cot\u0101s l\u012bnijas. Pl\u016bsto\u0161\u0101s l\u012bnijas tiek izceltas ar attur\u012bgu savva\u013cas piesk\u0101rienu \u2013 dizain\u0101 tiek att\u0113loti dz\u012bvnieku, piem\u0113ram, t\u012b\u0123era, leoparda, pitona, krokodila un \u0137irzakas mot\u012bvi. Katrs mot\u012bvs ir pieejams k\u0101 atsevi\u0161\u0137a lod\u012b\u0161u pildspalva ar jaun\u0101k\u0101s paaudzes hibr\u012bda tinti. &#8211; Mat\u0113ts met\u0101la korpuss &#8211; Serdene izn\u0101k, pagrie\u017eot korpusu &#8211; Cieta un iztur\u012bga volframa karb\u012bda lod\u012bte &#8211; Main\u0101ms serdenis &#8211; D\u0101vanu k\u0101rba\" \/>\n<meta property=\"og:url\" content=\"https:\/\/hobstop.ee\/lv\/produkts\/lodisu-pildspalva-pilot-mr-animal\/\" \/>\n<meta property=\"og:site_name\" content=\"Skizze\" \/>\n<meta property=\"article:publisher\" content=\"http:\/\/www.facebook.com\/VunderSkizze\" \/>\n<meta property=\"og:image\" content=\"https:\/\/hobstop.ee\/media\/4474.jpg\" \/>\n\t<meta property=\"og:image:width\" content=\"1024\" \/>\n\t<meta property=\"og:image:height\" content=\"768\" \/>\n\t<meta property=\"og:image:type\" content=\"image\/jpeg\" \/>\n<meta name=\"twitter:card\" content=\"summary_large_image\" \/>\n<meta name=\"twitter:label1\" content=\"Est. reading time\" \/>\n\t<meta name=\"twitter:data1\" content=\"1 min\u016b\u0161u\" \/>\n<script type=\"application\/ld+json\" class=\"yoast-schema-graph\">{\"@context\":\"https:\/\/schema.org\",\"@graph\":[{\"@type\":\"WebPage\",\"@id\":\"https:\/\/hobstop.ee\/lv\/produkts\/lodisu-pildspalva-pilot-mr-animal\/\",\"url\":\"https:\/\/hobstop.ee\/lv\/produkts\/lodisu-pildspalva-pilot-mr-animal\/\",\"name\":\"Lod\u012b\u0161u pildspalva Pilot MR Animal &#8211; Skizze\",\"isPartOf\":{\"@id\":\"https:\/\/hobstop.ee\/lv\/#website\"},\"primaryImageOfPage\":{\"@id\":\"https:\/\/hobstop.ee\/lv\/produkts\/lodisu-pildspalva-pilot-mr-animal\/#primaryimage\"},\"image\":{\"@id\":\"https:\/\/hobstop.ee\/lv\/produkts\/lodisu-pildspalva-pilot-mr-animal\/#primaryimage\"},\"thumbnailUrl\":\"https:\/\/hobstop.ee\/media\/4474.jpg\",\"datePublished\":\"2017-02-23T11:41:04+00:00\",\"dateModified\":\"2017-02-23T11:41:04+00:00\",\"breadcrumb\":{\"@id\":\"https:\/\/hobstop.ee\/lv\/produkts\/lodisu-pildspalva-pilot-mr-animal\/#breadcrumb\"},\"inLanguage\":\"lv-LV\",\"potentialAction\":[{\"@type\":\"ReadAction\",\"target\":[\"https:\/\/hobstop.ee\/lv\/produkts\/lodisu-pildspalva-pilot-mr-animal\/\"]}]},{\"@type\":\"ImageObject\",\"inLanguage\":\"lv-LV\",\"@id\":\"https:\/\/hobstop.ee\/lv\/produkts\/lodisu-pildspalva-pilot-mr-animal\/#primaryimage\",\"url\":\"https:\/\/hobstop.ee\/media\/4474.jpg\",\"contentUrl\":\"https:\/\/hobstop.ee\/media\/4474.jpg\",\"width\":1024,\"height\":768},{\"@type\":\"BreadcrumbList\",\"@id\":\"https:\/\/hobstop.ee\/lv\/produkts\/lodisu-pildspalva-pilot-mr-animal\/#breadcrumb\",\"itemListElement\":[{\"@type\":\"ListItem\",\"position\":1,\"name\":\"Avaleht\",\"item\":\"https:\/\/hobstop.ee\/lv\/\"},{\"@type\":\"ListItem\",\"position\":2,\"name\":\"Veikals\",\"item\":\"https:\/\/hobstop.ee\/lv\/veikals\/\"},{\"@type\":\"ListItem\",\"position\":3,\"name\":\"Lod\u012b\u0161u pildspalva Pilot MR Animal\"}]},{\"@type\":\"WebSite\",\"@id\":\"https:\/\/hobstop.ee\/lv\/#website\",\"url\":\"https:\/\/hobstop.ee\/lv\/\",\"name\":\"Skizze\",\"description\":\"M\u0101kslas, hobiju un skolas preces\",\"publisher\":{\"@id\":\"https:\/\/hobstop.ee\/lv\/#organization\"},\"potentialAction\":[{\"@type\":\"SearchAction\",\"target\":{\"@type\":\"EntryPoint\",\"urlTemplate\":\"https:\/\/hobstop.ee\/lv\/?s={search_term_string}\"},\"query-input\":{\"@type\":\"PropertyValueSpecification\",\"valueRequired\":true,\"valueName\":\"search_term_string\"}}],\"inLanguage\":\"lv-LV\"},{\"@type\":\"Organization\",\"@id\":\"https:\/\/hobstop.ee\/lv\/#organization\",\"name\":\"Vunder AS\",\"url\":\"https:\/\/hobstop.ee\/lv\/\",\"logo\":{\"@type\":\"ImageObject\",\"inLanguage\":\"lv-LV\",\"@id\":\"https:\/\/hobstop.ee\/lv\/#\/schema\/logo\/image\/\",\"url\":\"https:\/\/hobstop.ee\/media\/vunder-logo.png\",\"contentUrl\":\"https:\/\/hobstop.ee\/media\/vunder-logo.png\",\"width\":127,\"height\":55,\"caption\":\"Vunder AS\"},\"image\":{\"@id\":\"https:\/\/hobstop.ee\/lv\/#\/schema\/logo\/image\/\"},\"sameAs\":[\"http:\/\/www.facebook.com\/VunderSkizze\"]}]}<\/script>\n<!-- \/ Yoast SEO plugin. -->","yoast_head_json":{"title":"Lod\u012b\u0161u pildspalva Pilot MR Animal &#8211; Skizze","robots":{"index":"noindex","follow":"follow","max-snippet":"max-snippet:-1","max-image-preview":"max-image-preview:large","max-video-preview":"max-video-preview:-1"},"og_locale":"lv_LV","og_type":"article","og_title":"Lod\u012b\u0161u pildspalva Pilot MR Animal &#8211; Skizze","og_description":"Glud\u0101 Pilot MR dz\u012bvnieku kolekcijas silueta iedvesmas pamat\u0101 ir kokona maig\u0101s un noapa\u013cot\u0101s l\u012bnijas. Pl\u016bsto\u0161\u0101s l\u012bnijas tiek izceltas ar attur\u012bgu savva\u013cas piesk\u0101rienu \u2013 dizain\u0101 tiek att\u0113loti dz\u012bvnieku, piem\u0113ram, t\u012b\u0123era, leoparda, pitona, krokodila un \u0137irzakas mot\u012bvi. Katrs mot\u012bvs ir pieejams k\u0101 atsevi\u0161\u0137a lod\u012b\u0161u pildspalva ar jaun\u0101k\u0101s paaudzes hibr\u012bda tinti. &#8211; Mat\u0113ts met\u0101la korpuss &#8211; Serdene izn\u0101k, pagrie\u017eot korpusu &#8211; Cieta un iztur\u012bga volframa karb\u012bda lod\u012bte &#8211; Main\u0101ms serdenis &#8211; D\u0101vanu k\u0101rba","og_url":"https:\/\/hobstop.ee\/lv\/produkts\/lodisu-pildspalva-pilot-mr-animal\/","og_site_name":"Skizze","article_publisher":"http:\/\/www.facebook.com\/VunderSkizze","og_image":[{"width":1024,"height":768,"url":"https:\/\/hobstop.ee\/media\/4474.jpg","type":"image\/jpeg"}],"twitter_card":"summary_large_image","twitter_misc":{"Est. reading time":"1 min\u016b\u0161u"},"schema":{"@context":"https:\/\/schema.org","@graph":[{"@type":"WebPage","@id":"https:\/\/hobstop.ee\/lv\/produkts\/lodisu-pildspalva-pilot-mr-animal\/","url":"https:\/\/hobstop.ee\/lv\/produkts\/lodisu-pildspalva-pilot-mr-animal\/","name":"Lod\u012b\u0161u pildspalva Pilot MR Animal &#8211; Skizze","isPartOf":{"@id":"https:\/\/hobstop.ee\/lv\/#website"},"primaryImageOfPage":{"@id":"https:\/\/hobstop.ee\/lv\/produkts\/lodisu-pildspalva-pilot-mr-animal\/#primaryimage"},"image":{"@id":"https:\/\/hobstop.ee\/lv\/produkts\/lodisu-pildspalva-pilot-mr-animal\/#primaryimage"},"thumbnailUrl":"https:\/\/hobstop.ee\/media\/4474.jpg","datePublished":"2017-02-23T11:41:04+00:00","dateModified":"2017-02-23T11:41:04+00:00","breadcrumb":{"@id":"https:\/\/hobstop.ee\/lv\/produkts\/lodisu-pildspalva-pilot-mr-animal\/#breadcrumb"},"inLanguage":"lv-LV","potentialAction":[{"@type":"ReadAction","target":["https:\/\/hobstop.ee\/lv\/produkts\/lodisu-pildspalva-pilot-mr-animal\/"]}]},{"@type":"ImageObject","inLanguage":"lv-LV","@id":"https:\/\/hobstop.ee\/lv\/produkts\/lodisu-pildspalva-pilot-mr-animal\/#primaryimage","url":"https:\/\/hobstop.ee\/media\/4474.jpg","contentUrl":"https:\/\/hobstop.ee\/media\/4474.jpg","width":1024,"height":768},{"@type":"BreadcrumbList","@id":"https:\/\/hobstop.ee\/lv\/produkts\/lodisu-pildspalva-pilot-mr-animal\/#breadcrumb","itemListElement":[{"@type":"ListItem","position":1,"name":"Avaleht","item":"https:\/\/hobstop.ee\/lv\/"},{"@type":"ListItem","position":2,"name":"Veikals","item":"https:\/\/hobstop.ee\/lv\/veikals\/"},{"@type":"ListItem","position":3,"name":"Lod\u012b\u0161u pildspalva Pilot MR Animal"}]},{"@type":"WebSite","@id":"https:\/\/hobstop.ee\/lv\/#website","url":"https:\/\/hobstop.ee\/lv\/","name":"Skizze","description":"M\u0101kslas, hobiju un skolas preces","publisher":{"@id":"https:\/\/hobstop.ee\/lv\/#organization"},"potentialAction":[{"@type":"SearchAction","target":{"@type":"EntryPoint","urlTemplate":"https:\/\/hobstop.ee\/lv\/?s={search_term_string}"},"query-input":{"@type":"PropertyValueSpecification","valueRequired":true,"valueName":"search_term_string"}}],"inLanguage":"lv-LV"},{"@type":"Organization","@id":"https:\/\/hobstop.ee\/lv\/#organization","name":"Vunder AS","url":"https:\/\/hobstop.ee\/lv\/","logo":{"@type":"ImageObject","inLanguage":"lv-LV","@id":"https:\/\/hobstop.ee\/lv\/#\/schema\/logo\/image\/","url":"https:\/\/hobstop.ee\/media\/vunder-logo.png","contentUrl":"https:\/\/hobstop.ee\/media\/vunder-logo.png","width":127,"height":55,"caption":"Vunder AS"},"image":{"@id":"https:\/\/hobstop.ee\/lv\/#\/schema\/logo\/image\/"},"sameAs":["http:\/\/www.facebook.com\/VunderSkizze"]}]}},"_links":{"self":[{"href":"https:\/\/hobstop.ee\/lv\/wp-json\/wp\/v2\/product\/282836","targetHints":{"allow":["GET"]}}],"collection":[{"href":"https:\/\/hobstop.ee\/lv\/wp-json\/wp\/v2\/product"}],"about":[{"href":"https:\/\/hobstop.ee\/lv\/wp-json\/wp\/v2\/types\/product"}],"replies":[{"embeddable":true,"href":"https:\/\/hobstop.ee\/lv\/wp-json\/wp\/v2\/comments?post=282836"}],"wp:featuredmedia":[{"embeddable":true,"href":"https:\/\/hobstop.ee\/lv\/wp-json\/wp\/v2\/media\/282908"}],"wp:attachment":[{"href":"https:\/\/hobstop.ee\/lv\/wp-json\/wp\/v2\/media?parent=282836"}],"wp:term":[{"taxonomy":"product_cat","embeddable":true,"href":"https:\/\/hobstop.ee\/lv\/wp-json\/wp\/v2\/product_cat?post=282836"},{"taxonomy":"product_tag","embeddable":true,"href":"https:\/\/hobstop.ee\/lv\/wp-json\/wp\/v2\/product_tag?post=282836"}],"curies":[{"name":"wp","href":"https:\/\/api.w.org\/{rel}","templated":true}]}}