{"id":284112,"date":"2017-04-04T11:57:47","date_gmt":"2017-04-04T08:57:47","guid":{"rendered":"https:\/\/sharks.ee\/vunder_2019\/lv\/product\/guasa-krasa-maped-colorpeps-tubinos\/"},"modified":"2017-04-04T11:57:47","modified_gmt":"2017-04-04T08:57:47","slug":"guasa-krasa-maped-colorpeps-tubinos","status":"publish","type":"product","link":"https:\/\/hobstop.ee\/lv\/produkts\/guasa-krasa-maped-colorpeps-tubinos\/","title":{"rendered":"Gua\u0161a kr\u0101sa Maped Color&#8217;Peps tubi\u0146os"},"content":{"rendered":"<p>Glezno\u0161anai ir svar\u012bga loma b\u0113rna att\u012bst\u012bb\u0101, jo t\u0101 pal\u012bdz atkl\u0101t kr\u0101sas, rosina izt\u0113li, veicina rado\u0161\u0101s pasaules uztveri un att\u012bsta motoriku. Maped pied\u0101v\u0101 augstas kvalit\u0101tes gua\u0161as, kas nevar b\u016bt nepaman\u012btas! Maped Color&#8217;Peps gua\u0161as ar augstu pigmentu saturu spilgt\u0101s kr\u0101s\u0101s, t\u0101s var jaukt kop\u0101, lai rad\u012btu bezgal\u012bgu kr\u0101su gammu. Maped Color&#8217;Peps gua\u0161as kr\u0101sas t\u016bbi\u0146\u0101 satur koncentr\u0113tu formulu, kas ir lieliski piem\u0113rota da\u017e\u0101du efektu rad\u012b\u0161anai \u2013 no caursp\u012bd\u012bgiem l\u012bdz pat bieziem, necaursp\u012bd\u012bgiem mat\u0113tiem, nepiecie\u0161am\u012bbas gad\u012bjum\u0101 at\u0161\u0137aidot ar \u016bdeni, atkar\u012bb\u0101 no v\u0113lam\u0101 efekta. T\u016bbi\u0146as ir \u0113rta, praktiskas, ar vienk\u0101r\u0161i aizgrie\u017eamu v\u0101ci\u0146u.<\/p>\n","protected":false},"excerpt":{"rendered":"<p>Glezno\u0161anai ir svar\u012bga loma b\u0113rna att\u012bst\u012bb\u0101, jo t\u0101 pal\u012bdz atkl\u0101t kr\u0101sas, rosina izt\u0113li, veicina rado\u0161\u0101s pasaules uztveri un att\u012bsta motoriku. Maped pied\u0101v\u0101 augstas kvalit\u0101tes gua\u0161as, kas nevar b\u016bt nepaman\u012btas! Maped Color&#8217;Peps gua\u0161as ar augstu pigmentu saturu spilgt\u0101s kr\u0101s\u0101s, t\u0101s var jaukt kop\u0101, lai rad\u012btu bezgal\u012bgu kr\u0101su gammu. Maped Color&#8217;Peps gua\u0161as kr\u0101sas t\u016bbi\u0146\u0101 satur koncentr\u0113tu formulu, kas ir lieliski piem\u0113rota da\u017e\u0101du efektu rad\u012b\u0161anai \u2013 no caursp\u012bd\u012bgiem l\u012bdz pat bieziem, necaursp\u012bd\u012bgiem mat\u0113tiem, nepiecie\u0161am\u012bbas gad\u012bjum\u0101 at\u0161\u0137aidot ar \u016bdeni, atkar\u012bb\u0101 no v\u0113lam\u0101 efekta. T\u016bbi\u0146as ir \u0113rta, praktiskas, ar vienk\u0101r\u0161i aizgrie\u017eamu v\u0101ci\u0146u.<\/p>\n","protected":false},"featured_media":284649,"comment_status":"closed","ping_status":"closed","template":"","meta":{"_acf_changed":false,"ep_exclude_from_search":false},"product_cat":[18925,18958,17916],"product_tag":[],"class_list":{"0":"post-284112","1":"product","2":"type-product","3":"status-publish","4":"has-post-thumbnail","6":"product_cat-gleznosanas-piederumi","7":"product_cat-guasa-krasas-2","8":"product_cat-preces-skolai","10":"first","11":"instock","12":"taxable","13":"shipping-taxable","14":"product-type-simple"},"acf":[],"yoast_head":"<!-- This site is optimized with the Yoast SEO plugin v24.1 - https:\/\/yoast.com\/wordpress\/plugins\/seo\/ -->\n<title>Gua\u0161a kr\u0101sa Maped Color&#039;Peps tubi\u0146os &#8211; Skizze<\/title>\n<meta name=\"robots\" content=\"noindex, follow, max-snippet:-1, max-image-preview:large, max-video-preview:-1\" \/>\n<meta property=\"og:locale\" content=\"lv_LV\" \/>\n<meta property=\"og:type\" content=\"article\" \/>\n<meta property=\"og:title\" content=\"Gua\u0161a kr\u0101sa Maped Color&#039;Peps tubi\u0146os &#8211; Skizze\" \/>\n<meta property=\"og:description\" content=\"Glezno\u0161anai ir svar\u012bga loma b\u0113rna att\u012bst\u012bb\u0101, jo t\u0101 pal\u012bdz atkl\u0101t kr\u0101sas, rosina izt\u0113li, veicina rado\u0161\u0101s pasaules uztveri un att\u012bsta motoriku. Maped pied\u0101v\u0101 augstas kvalit\u0101tes gua\u0161as, kas nevar b\u016bt nepaman\u012btas! Maped Color&#8217;Peps gua\u0161as ar augstu pigmentu saturu spilgt\u0101s kr\u0101s\u0101s, t\u0101s var jaukt kop\u0101, lai rad\u012btu bezgal\u012bgu kr\u0101su gammu. Maped Color&#8217;Peps gua\u0161as kr\u0101sas t\u016bbi\u0146\u0101 satur koncentr\u0113tu formulu, kas ir lieliski piem\u0113rota da\u017e\u0101du efektu rad\u012b\u0161anai \u2013 no caursp\u012bd\u012bgiem l\u012bdz pat bieziem, necaursp\u012bd\u012bgiem mat\u0113tiem, nepiecie\u0161am\u012bbas gad\u012bjum\u0101 at\u0161\u0137aidot ar \u016bdeni, atkar\u012bb\u0101 no v\u0113lam\u0101 efekta. T\u016bbi\u0146as ir \u0113rta, praktiskas, ar vienk\u0101r\u0161i aizgrie\u017eamu v\u0101ci\u0146u.\" \/>\n<meta property=\"og:url\" content=\"https:\/\/hobstop.ee\/lv\/produkts\/guasa-krasa-maped-colorpeps-tubinos\/\" \/>\n<meta property=\"og:site_name\" content=\"Skizze\" \/>\n<meta property=\"article:publisher\" content=\"http:\/\/www.facebook.com\/VunderSkizze\" \/>\n<meta property=\"og:image\" content=\"https:\/\/hobstop.ee\/media\/4453.jpg\" \/>\n\t<meta property=\"og:image:width\" content=\"1024\" \/>\n\t<meta property=\"og:image:height\" content=\"768\" \/>\n\t<meta property=\"og:image:type\" content=\"image\/jpeg\" \/>\n<meta name=\"twitter:card\" content=\"summary_large_image\" \/>\n<meta name=\"twitter:label1\" content=\"Est. reading time\" \/>\n\t<meta name=\"twitter:data1\" content=\"1 min\u016b\u0161u\" \/>\n<script type=\"application\/ld+json\" class=\"yoast-schema-graph\">{\"@context\":\"https:\/\/schema.org\",\"@graph\":[{\"@type\":\"WebPage\",\"@id\":\"https:\/\/hobstop.ee\/lv\/produkts\/guasa-krasa-maped-colorpeps-tubinos\/\",\"url\":\"https:\/\/hobstop.ee\/lv\/produkts\/guasa-krasa-maped-colorpeps-tubinos\/\",\"name\":\"Gua\u0161a kr\u0101sa Maped Color'Peps tubi\u0146os &#8211; Skizze\",\"isPartOf\":{\"@id\":\"https:\/\/hobstop.ee\/lv\/#website\"},\"primaryImageOfPage\":{\"@id\":\"https:\/\/hobstop.ee\/lv\/produkts\/guasa-krasa-maped-colorpeps-tubinos\/#primaryimage\"},\"image\":{\"@id\":\"https:\/\/hobstop.ee\/lv\/produkts\/guasa-krasa-maped-colorpeps-tubinos\/#primaryimage\"},\"thumbnailUrl\":\"https:\/\/hobstop.ee\/media\/4453.jpg\",\"datePublished\":\"2017-04-04T08:57:47+00:00\",\"dateModified\":\"2017-04-04T08:57:47+00:00\",\"breadcrumb\":{\"@id\":\"https:\/\/hobstop.ee\/lv\/produkts\/guasa-krasa-maped-colorpeps-tubinos\/#breadcrumb\"},\"inLanguage\":\"lv-LV\",\"potentialAction\":[{\"@type\":\"ReadAction\",\"target\":[\"https:\/\/hobstop.ee\/lv\/produkts\/guasa-krasa-maped-colorpeps-tubinos\/\"]}]},{\"@type\":\"ImageObject\",\"inLanguage\":\"lv-LV\",\"@id\":\"https:\/\/hobstop.ee\/lv\/produkts\/guasa-krasa-maped-colorpeps-tubinos\/#primaryimage\",\"url\":\"https:\/\/hobstop.ee\/media\/4453.jpg\",\"contentUrl\":\"https:\/\/hobstop.ee\/media\/4453.jpg\",\"width\":1024,\"height\":768},{\"@type\":\"BreadcrumbList\",\"@id\":\"https:\/\/hobstop.ee\/lv\/produkts\/guasa-krasa-maped-colorpeps-tubinos\/#breadcrumb\",\"itemListElement\":[{\"@type\":\"ListItem\",\"position\":1,\"name\":\"Avaleht\",\"item\":\"https:\/\/hobstop.ee\/lv\/\"},{\"@type\":\"ListItem\",\"position\":2,\"name\":\"Veikals\",\"item\":\"https:\/\/hobstop.ee\/lv\/veikals\/\"},{\"@type\":\"ListItem\",\"position\":3,\"name\":\"Gua\u0161a kr\u0101sa Maped Color&#8217;Peps tubi\u0146os\"}]},{\"@type\":\"WebSite\",\"@id\":\"https:\/\/hobstop.ee\/lv\/#website\",\"url\":\"https:\/\/hobstop.ee\/lv\/\",\"name\":\"Skizze\",\"description\":\"M\u0101kslas, hobiju un skolas preces\",\"publisher\":{\"@id\":\"https:\/\/hobstop.ee\/lv\/#organization\"},\"potentialAction\":[{\"@type\":\"SearchAction\",\"target\":{\"@type\":\"EntryPoint\",\"urlTemplate\":\"https:\/\/hobstop.ee\/lv\/?s={search_term_string}\"},\"query-input\":{\"@type\":\"PropertyValueSpecification\",\"valueRequired\":true,\"valueName\":\"search_term_string\"}}],\"inLanguage\":\"lv-LV\"},{\"@type\":\"Organization\",\"@id\":\"https:\/\/hobstop.ee\/lv\/#organization\",\"name\":\"Vunder AS\",\"url\":\"https:\/\/hobstop.ee\/lv\/\",\"logo\":{\"@type\":\"ImageObject\",\"inLanguage\":\"lv-LV\",\"@id\":\"https:\/\/hobstop.ee\/lv\/#\/schema\/logo\/image\/\",\"url\":\"https:\/\/hobstop.ee\/media\/vunder-logo.png\",\"contentUrl\":\"https:\/\/hobstop.ee\/media\/vunder-logo.png\",\"width\":127,\"height\":55,\"caption\":\"Vunder AS\"},\"image\":{\"@id\":\"https:\/\/hobstop.ee\/lv\/#\/schema\/logo\/image\/\"},\"sameAs\":[\"http:\/\/www.facebook.com\/VunderSkizze\"]}]}<\/script>\n<!-- \/ Yoast SEO plugin. -->","yoast_head_json":{"title":"Gua\u0161a kr\u0101sa Maped Color'Peps tubi\u0146os &#8211; Skizze","robots":{"index":"noindex","follow":"follow","max-snippet":"max-snippet:-1","max-image-preview":"max-image-preview:large","max-video-preview":"max-video-preview:-1"},"og_locale":"lv_LV","og_type":"article","og_title":"Gua\u0161a kr\u0101sa Maped Color'Peps tubi\u0146os &#8211; Skizze","og_description":"Glezno\u0161anai ir svar\u012bga loma b\u0113rna att\u012bst\u012bb\u0101, jo t\u0101 pal\u012bdz atkl\u0101t kr\u0101sas, rosina izt\u0113li, veicina rado\u0161\u0101s pasaules uztveri un att\u012bsta motoriku. Maped pied\u0101v\u0101 augstas kvalit\u0101tes gua\u0161as, kas nevar b\u016bt nepaman\u012btas! Maped Color&#8217;Peps gua\u0161as ar augstu pigmentu saturu spilgt\u0101s kr\u0101s\u0101s, t\u0101s var jaukt kop\u0101, lai rad\u012btu bezgal\u012bgu kr\u0101su gammu. Maped Color&#8217;Peps gua\u0161as kr\u0101sas t\u016bbi\u0146\u0101 satur koncentr\u0113tu formulu, kas ir lieliski piem\u0113rota da\u017e\u0101du efektu rad\u012b\u0161anai \u2013 no caursp\u012bd\u012bgiem l\u012bdz pat bieziem, necaursp\u012bd\u012bgiem mat\u0113tiem, nepiecie\u0161am\u012bbas gad\u012bjum\u0101 at\u0161\u0137aidot ar \u016bdeni, atkar\u012bb\u0101 no v\u0113lam\u0101 efekta. T\u016bbi\u0146as ir \u0113rta, praktiskas, ar vienk\u0101r\u0161i aizgrie\u017eamu v\u0101ci\u0146u.","og_url":"https:\/\/hobstop.ee\/lv\/produkts\/guasa-krasa-maped-colorpeps-tubinos\/","og_site_name":"Skizze","article_publisher":"http:\/\/www.facebook.com\/VunderSkizze","og_image":[{"width":1024,"height":768,"url":"https:\/\/hobstop.ee\/media\/4453.jpg","type":"image\/jpeg"}],"twitter_card":"summary_large_image","twitter_misc":{"Est. reading time":"1 min\u016b\u0161u"},"schema":{"@context":"https:\/\/schema.org","@graph":[{"@type":"WebPage","@id":"https:\/\/hobstop.ee\/lv\/produkts\/guasa-krasa-maped-colorpeps-tubinos\/","url":"https:\/\/hobstop.ee\/lv\/produkts\/guasa-krasa-maped-colorpeps-tubinos\/","name":"Gua\u0161a kr\u0101sa Maped Color'Peps tubi\u0146os &#8211; Skizze","isPartOf":{"@id":"https:\/\/hobstop.ee\/lv\/#website"},"primaryImageOfPage":{"@id":"https:\/\/hobstop.ee\/lv\/produkts\/guasa-krasa-maped-colorpeps-tubinos\/#primaryimage"},"image":{"@id":"https:\/\/hobstop.ee\/lv\/produkts\/guasa-krasa-maped-colorpeps-tubinos\/#primaryimage"},"thumbnailUrl":"https:\/\/hobstop.ee\/media\/4453.jpg","datePublished":"2017-04-04T08:57:47+00:00","dateModified":"2017-04-04T08:57:47+00:00","breadcrumb":{"@id":"https:\/\/hobstop.ee\/lv\/produkts\/guasa-krasa-maped-colorpeps-tubinos\/#breadcrumb"},"inLanguage":"lv-LV","potentialAction":[{"@type":"ReadAction","target":["https:\/\/hobstop.ee\/lv\/produkts\/guasa-krasa-maped-colorpeps-tubinos\/"]}]},{"@type":"ImageObject","inLanguage":"lv-LV","@id":"https:\/\/hobstop.ee\/lv\/produkts\/guasa-krasa-maped-colorpeps-tubinos\/#primaryimage","url":"https:\/\/hobstop.ee\/media\/4453.jpg","contentUrl":"https:\/\/hobstop.ee\/media\/4453.jpg","width":1024,"height":768},{"@type":"BreadcrumbList","@id":"https:\/\/hobstop.ee\/lv\/produkts\/guasa-krasa-maped-colorpeps-tubinos\/#breadcrumb","itemListElement":[{"@type":"ListItem","position":1,"name":"Avaleht","item":"https:\/\/hobstop.ee\/lv\/"},{"@type":"ListItem","position":2,"name":"Veikals","item":"https:\/\/hobstop.ee\/lv\/veikals\/"},{"@type":"ListItem","position":3,"name":"Gua\u0161a kr\u0101sa Maped Color&#8217;Peps tubi\u0146os"}]},{"@type":"WebSite","@id":"https:\/\/hobstop.ee\/lv\/#website","url":"https:\/\/hobstop.ee\/lv\/","name":"Skizze","description":"M\u0101kslas, hobiju un skolas preces","publisher":{"@id":"https:\/\/hobstop.ee\/lv\/#organization"},"potentialAction":[{"@type":"SearchAction","target":{"@type":"EntryPoint","urlTemplate":"https:\/\/hobstop.ee\/lv\/?s={search_term_string}"},"query-input":{"@type":"PropertyValueSpecification","valueRequired":true,"valueName":"search_term_string"}}],"inLanguage":"lv-LV"},{"@type":"Organization","@id":"https:\/\/hobstop.ee\/lv\/#organization","name":"Vunder AS","url":"https:\/\/hobstop.ee\/lv\/","logo":{"@type":"ImageObject","inLanguage":"lv-LV","@id":"https:\/\/hobstop.ee\/lv\/#\/schema\/logo\/image\/","url":"https:\/\/hobstop.ee\/media\/vunder-logo.png","contentUrl":"https:\/\/hobstop.ee\/media\/vunder-logo.png","width":127,"height":55,"caption":"Vunder AS"},"image":{"@id":"https:\/\/hobstop.ee\/lv\/#\/schema\/logo\/image\/"},"sameAs":["http:\/\/www.facebook.com\/VunderSkizze"]}]}},"_links":{"self":[{"href":"https:\/\/hobstop.ee\/lv\/wp-json\/wp\/v2\/product\/284112","targetHints":{"allow":["GET"]}}],"collection":[{"href":"https:\/\/hobstop.ee\/lv\/wp-json\/wp\/v2\/product"}],"about":[{"href":"https:\/\/hobstop.ee\/lv\/wp-json\/wp\/v2\/types\/product"}],"replies":[{"embeddable":true,"href":"https:\/\/hobstop.ee\/lv\/wp-json\/wp\/v2\/comments?post=284112"}],"wp:featuredmedia":[{"embeddable":true,"href":"https:\/\/hobstop.ee\/lv\/wp-json\/wp\/v2\/media\/284649"}],"wp:attachment":[{"href":"https:\/\/hobstop.ee\/lv\/wp-json\/wp\/v2\/media?parent=284112"}],"wp:term":[{"taxonomy":"product_cat","embeddable":true,"href":"https:\/\/hobstop.ee\/lv\/wp-json\/wp\/v2\/product_cat?post=284112"},{"taxonomy":"product_tag","embeddable":true,"href":"https:\/\/hobstop.ee\/lv\/wp-json\/wp\/v2\/product_tag?post=284112"}],"curies":[{"name":"wp","href":"https:\/\/api.w.org\/{rel}","templated":true}]}}