{"id":284124,"date":"2017-04-04T11:57:50","date_gmt":"2017-04-04T08:57:50","guid":{"rendered":"https:\/\/sharks.ee\/vunder_2019\/lv\/product\/ota-raphael-hobbyloisirs-291-plakana\/"},"modified":"2017-04-04T11:57:50","modified_gmt":"2017-04-04T08:57:50","slug":"ota-raphael-hobbyloisirs-291-plakana","status":"publish","type":"product","link":"https:\/\/hobstop.ee\/lv\/produkts\/ota-raphael-hobbyloisirs-291-plakana\/","title":{"rendered":"Ota Raphael Hobby&#038;Loisirs 291 plakana"},"content":{"rendered":"<p>Hobby&#038;Loisirs ir 4&#215;4 dekorat\u012bv\u0101s otas: otas ar pla\u0161u pielieto\u0161anas spektru var izmantot jebkur, piel\u0101gojas visiem tehnikas veidiem. Tie\u0161i tas Raphael laboratorij\u0101 tika \u0146emts v\u0113r\u0101, radot \u0161\u012bs otas \u2013 lai iepriecin\u0101tu ies\u0101c\u0113jus un tos, kuriem glezno\u0161ana ir \u012bsts va\u013casprieks. Daudziem m\u0101ksliniekiem plat\u0101s otas ir k\u013cuvu\u0161i par neat\u0146emamu darba instrumentu, \u012bpa\u0161i tiem, kuri glezno uz liel\u0101m virsm\u0101m un\/ vai izmanto kr\u0101sas lielos konteineros. Melni, puscieti sari. Ar ner\u016bs\u0113jo\u0161\u0101 t\u0113rauda aptveri, lakotu rokturi, kas p\u0101rkl\u0101ts ar ultravioletu laku, un violetu gali\u0146u.<br \/>\nGlezno\u0161anas tehnika: univers\u0101la (akrils, akvarelis, tekstils, z\u012bds, u.c.)<\/p>\n","protected":false},"excerpt":{"rendered":"<p>Hobby&#038;Loisirs ir 4&#215;4 dekorat\u012bv\u0101s otas: otas ar pla\u0161u pielieto\u0161anas spektru var izmantot jebkur, piel\u0101gojas visiem tehnikas veidiem. Tie\u0161i tas Raphael laboratorij\u0101 tika \u0146emts v\u0113r\u0101, radot \u0161\u012bs otas \u2013 lai iepriecin\u0101tu ies\u0101c\u0113jus un tos, kuriem glezno\u0161ana ir \u012bsts va\u013casprieks. Daudziem m\u0101ksliniekiem plat\u0101s otas ir k\u013cuvu\u0161i par neat\u0146emamu darba instrumentu, \u012bpa\u0161i tiem, kuri glezno uz liel\u0101m virsm\u0101m un\/ vai izmanto kr\u0101sas lielos konteineros. Melni, puscieti sari. Ar ner\u016bs\u0113jo\u0161\u0101 t\u0113rauda aptveri, lakotu rokturi, kas p\u0101rkl\u0101ts ar ultravioletu laku, un violetu gali\u0146u. Glezno\u0161anas tehnika: univers\u0101la (akrils, akvarelis, tekstils, z\u012bds, u.c.)<\/p>\n","protected":false},"featured_media":284661,"comment_status":"closed","ping_status":"closed","template":"","meta":{"_acf_changed":false,"ep_exclude_from_search":false},"product_cat":[16176,17918,18177],"product_tag":[],"class_list":{"0":"post-284124","1":"product","2":"type-product","3":"status-publish","4":"has-post-thumbnail","6":"product_cat-otas-3","7":"product_cat-preces-hobijiem","8":"product_cat-sintetiskas-otas-3","10":"first","11":"outofstock","12":"taxable","13":"shipping-taxable","14":"purchasable","15":"product-type-simple"},"acf":[],"yoast_head":"<!-- This site is optimized with the Yoast SEO plugin v24.1 - https:\/\/yoast.com\/wordpress\/plugins\/seo\/ -->\n<title>Ota Raphael Hobby&amp;Loisirs 291 plakana &#8211; Skizze<\/title>\n<meta name=\"robots\" content=\"noindex, follow, max-snippet:-1, max-image-preview:large, max-video-preview:-1\" \/>\n<meta property=\"og:locale\" content=\"lv_LV\" \/>\n<meta property=\"og:type\" content=\"article\" \/>\n<meta property=\"og:title\" content=\"Ota Raphael Hobby&amp;Loisirs 291 plakana &#8211; Skizze\" \/>\n<meta property=\"og:description\" content=\"Hobby&#038;Loisirs ir 4&#215;4 dekorat\u012bv\u0101s otas: otas ar pla\u0161u pielieto\u0161anas spektru var izmantot jebkur, piel\u0101gojas visiem tehnikas veidiem. Tie\u0161i tas Raphael laboratorij\u0101 tika \u0146emts v\u0113r\u0101, radot \u0161\u012bs otas \u2013 lai iepriecin\u0101tu ies\u0101c\u0113jus un tos, kuriem glezno\u0161ana ir \u012bsts va\u013casprieks. Daudziem m\u0101ksliniekiem plat\u0101s otas ir k\u013cuvu\u0161i par neat\u0146emamu darba instrumentu, \u012bpa\u0161i tiem, kuri glezno uz liel\u0101m virsm\u0101m un\/ vai izmanto kr\u0101sas lielos konteineros. Melni, puscieti sari. Ar ner\u016bs\u0113jo\u0161\u0101 t\u0113rauda aptveri, lakotu rokturi, kas p\u0101rkl\u0101ts ar ultravioletu laku, un violetu gali\u0146u. Glezno\u0161anas tehnika: univers\u0101la (akrils, akvarelis, tekstils, z\u012bds, u.c.)\" \/>\n<meta property=\"og:url\" content=\"https:\/\/hobstop.ee\/lv\/produkts\/ota-raphael-hobbyloisirs-291-plakana\/\" \/>\n<meta property=\"og:site_name\" content=\"Skizze\" \/>\n<meta property=\"article:publisher\" content=\"http:\/\/www.facebook.com\/VunderSkizze\" \/>\n<meta property=\"og:image\" content=\"https:\/\/hobstop.ee\/media\/4478.jpg\" \/>\n\t<meta property=\"og:image:width\" content=\"1024\" \/>\n\t<meta property=\"og:image:height\" content=\"768\" \/>\n\t<meta property=\"og:image:type\" content=\"image\/jpeg\" \/>\n<meta name=\"twitter:card\" content=\"summary_large_image\" \/>\n<meta name=\"twitter:label1\" content=\"Est. reading time\" \/>\n\t<meta name=\"twitter:data1\" content=\"1 min\u016b\u0161u\" \/>\n<script type=\"application\/ld+json\" class=\"yoast-schema-graph\">{\"@context\":\"https:\/\/schema.org\",\"@graph\":[{\"@type\":\"WebPage\",\"@id\":\"https:\/\/hobstop.ee\/lv\/produkts\/ota-raphael-hobbyloisirs-291-plakana\/\",\"url\":\"https:\/\/hobstop.ee\/lv\/produkts\/ota-raphael-hobbyloisirs-291-plakana\/\",\"name\":\"Ota Raphael Hobby&Loisirs 291 plakana &#8211; Skizze\",\"isPartOf\":{\"@id\":\"https:\/\/hobstop.ee\/lv\/#website\"},\"primaryImageOfPage\":{\"@id\":\"https:\/\/hobstop.ee\/lv\/produkts\/ota-raphael-hobbyloisirs-291-plakana\/#primaryimage\"},\"image\":{\"@id\":\"https:\/\/hobstop.ee\/lv\/produkts\/ota-raphael-hobbyloisirs-291-plakana\/#primaryimage\"},\"thumbnailUrl\":\"https:\/\/hobstop.ee\/media\/4478.jpg\",\"datePublished\":\"2017-04-04T08:57:50+00:00\",\"dateModified\":\"2017-04-04T08:57:50+00:00\",\"breadcrumb\":{\"@id\":\"https:\/\/hobstop.ee\/lv\/produkts\/ota-raphael-hobbyloisirs-291-plakana\/#breadcrumb\"},\"inLanguage\":\"lv-LV\",\"potentialAction\":[{\"@type\":\"ReadAction\",\"target\":[\"https:\/\/hobstop.ee\/lv\/produkts\/ota-raphael-hobbyloisirs-291-plakana\/\"]}]},{\"@type\":\"ImageObject\",\"inLanguage\":\"lv-LV\",\"@id\":\"https:\/\/hobstop.ee\/lv\/produkts\/ota-raphael-hobbyloisirs-291-plakana\/#primaryimage\",\"url\":\"https:\/\/hobstop.ee\/media\/4478.jpg\",\"contentUrl\":\"https:\/\/hobstop.ee\/media\/4478.jpg\",\"width\":1024,\"height\":768},{\"@type\":\"BreadcrumbList\",\"@id\":\"https:\/\/hobstop.ee\/lv\/produkts\/ota-raphael-hobbyloisirs-291-plakana\/#breadcrumb\",\"itemListElement\":[{\"@type\":\"ListItem\",\"position\":1,\"name\":\"Avaleht\",\"item\":\"https:\/\/www.hobstop.ee\/lv\/\"},{\"@type\":\"ListItem\",\"position\":2,\"name\":\"Veikals\",\"item\":\"https:\/\/www.hobstop.ee\/lv\/veikals\/\"},{\"@type\":\"ListItem\",\"position\":3,\"name\":\"Ota Raphael Hobby&#038;Loisirs 291 plakana\"}]},{\"@type\":\"WebSite\",\"@id\":\"https:\/\/hobstop.ee\/lv\/#website\",\"url\":\"https:\/\/hobstop.ee\/lv\/\",\"name\":\"Skizze\",\"description\":\"M\u0101kslas, hobiju un skolas preces\",\"publisher\":{\"@id\":\"https:\/\/hobstop.ee\/lv\/#organization\"},\"potentialAction\":[{\"@type\":\"SearchAction\",\"target\":{\"@type\":\"EntryPoint\",\"urlTemplate\":\"https:\/\/hobstop.ee\/lv\/?s={search_term_string}\"},\"query-input\":{\"@type\":\"PropertyValueSpecification\",\"valueRequired\":true,\"valueName\":\"search_term_string\"}}],\"inLanguage\":\"lv-LV\"},{\"@type\":\"Organization\",\"@id\":\"https:\/\/hobstop.ee\/lv\/#organization\",\"name\":\"Vunder AS\",\"url\":\"https:\/\/hobstop.ee\/lv\/\",\"logo\":{\"@type\":\"ImageObject\",\"inLanguage\":\"lv-LV\",\"@id\":\"https:\/\/hobstop.ee\/lv\/#\/schema\/logo\/image\/\",\"url\":\"https:\/\/hobstop.ee\/media\/vunder-logo.png\",\"contentUrl\":\"https:\/\/hobstop.ee\/media\/vunder-logo.png\",\"width\":127,\"height\":55,\"caption\":\"Vunder AS\"},\"image\":{\"@id\":\"https:\/\/hobstop.ee\/lv\/#\/schema\/logo\/image\/\"},\"sameAs\":[\"http:\/\/www.facebook.com\/VunderSkizze\"]}]}<\/script>\n<!-- \/ Yoast SEO plugin. -->","yoast_head_json":{"title":"Ota Raphael Hobby&Loisirs 291 plakana &#8211; Skizze","robots":{"index":"noindex","follow":"follow","max-snippet":"max-snippet:-1","max-image-preview":"max-image-preview:large","max-video-preview":"max-video-preview:-1"},"og_locale":"lv_LV","og_type":"article","og_title":"Ota Raphael Hobby&Loisirs 291 plakana &#8211; Skizze","og_description":"Hobby&#038;Loisirs ir 4&#215;4 dekorat\u012bv\u0101s otas: otas ar pla\u0161u pielieto\u0161anas spektru var izmantot jebkur, piel\u0101gojas visiem tehnikas veidiem. Tie\u0161i tas Raphael laboratorij\u0101 tika \u0146emts v\u0113r\u0101, radot \u0161\u012bs otas \u2013 lai iepriecin\u0101tu ies\u0101c\u0113jus un tos, kuriem glezno\u0161ana ir \u012bsts va\u013casprieks. Daudziem m\u0101ksliniekiem plat\u0101s otas ir k\u013cuvu\u0161i par neat\u0146emamu darba instrumentu, \u012bpa\u0161i tiem, kuri glezno uz liel\u0101m virsm\u0101m un\/ vai izmanto kr\u0101sas lielos konteineros. Melni, puscieti sari. Ar ner\u016bs\u0113jo\u0161\u0101 t\u0113rauda aptveri, lakotu rokturi, kas p\u0101rkl\u0101ts ar ultravioletu laku, un violetu gali\u0146u. Glezno\u0161anas tehnika: univers\u0101la (akrils, akvarelis, tekstils, z\u012bds, u.c.)","og_url":"https:\/\/hobstop.ee\/lv\/produkts\/ota-raphael-hobbyloisirs-291-plakana\/","og_site_name":"Skizze","article_publisher":"http:\/\/www.facebook.com\/VunderSkizze","og_image":[{"width":1024,"height":768,"url":"https:\/\/hobstop.ee\/media\/4478.jpg","type":"image\/jpeg"}],"twitter_card":"summary_large_image","twitter_misc":{"Est. reading time":"1 min\u016b\u0161u"},"schema":{"@context":"https:\/\/schema.org","@graph":[{"@type":"WebPage","@id":"https:\/\/hobstop.ee\/lv\/produkts\/ota-raphael-hobbyloisirs-291-plakana\/","url":"https:\/\/hobstop.ee\/lv\/produkts\/ota-raphael-hobbyloisirs-291-plakana\/","name":"Ota Raphael Hobby&Loisirs 291 plakana &#8211; Skizze","isPartOf":{"@id":"https:\/\/hobstop.ee\/lv\/#website"},"primaryImageOfPage":{"@id":"https:\/\/hobstop.ee\/lv\/produkts\/ota-raphael-hobbyloisirs-291-plakana\/#primaryimage"},"image":{"@id":"https:\/\/hobstop.ee\/lv\/produkts\/ota-raphael-hobbyloisirs-291-plakana\/#primaryimage"},"thumbnailUrl":"https:\/\/hobstop.ee\/media\/4478.jpg","datePublished":"2017-04-04T08:57:50+00:00","dateModified":"2017-04-04T08:57:50+00:00","breadcrumb":{"@id":"https:\/\/hobstop.ee\/lv\/produkts\/ota-raphael-hobbyloisirs-291-plakana\/#breadcrumb"},"inLanguage":"lv-LV","potentialAction":[{"@type":"ReadAction","target":["https:\/\/hobstop.ee\/lv\/produkts\/ota-raphael-hobbyloisirs-291-plakana\/"]}]},{"@type":"ImageObject","inLanguage":"lv-LV","@id":"https:\/\/hobstop.ee\/lv\/produkts\/ota-raphael-hobbyloisirs-291-plakana\/#primaryimage","url":"https:\/\/hobstop.ee\/media\/4478.jpg","contentUrl":"https:\/\/hobstop.ee\/media\/4478.jpg","width":1024,"height":768},{"@type":"BreadcrumbList","@id":"https:\/\/hobstop.ee\/lv\/produkts\/ota-raphael-hobbyloisirs-291-plakana\/#breadcrumb","itemListElement":[{"@type":"ListItem","position":1,"name":"Avaleht","item":"https:\/\/www.hobstop.ee\/lv\/"},{"@type":"ListItem","position":2,"name":"Veikals","item":"https:\/\/www.hobstop.ee\/lv\/veikals\/"},{"@type":"ListItem","position":3,"name":"Ota Raphael Hobby&#038;Loisirs 291 plakana"}]},{"@type":"WebSite","@id":"https:\/\/hobstop.ee\/lv\/#website","url":"https:\/\/hobstop.ee\/lv\/","name":"Skizze","description":"M\u0101kslas, hobiju un skolas preces","publisher":{"@id":"https:\/\/hobstop.ee\/lv\/#organization"},"potentialAction":[{"@type":"SearchAction","target":{"@type":"EntryPoint","urlTemplate":"https:\/\/hobstop.ee\/lv\/?s={search_term_string}"},"query-input":{"@type":"PropertyValueSpecification","valueRequired":true,"valueName":"search_term_string"}}],"inLanguage":"lv-LV"},{"@type":"Organization","@id":"https:\/\/hobstop.ee\/lv\/#organization","name":"Vunder AS","url":"https:\/\/hobstop.ee\/lv\/","logo":{"@type":"ImageObject","inLanguage":"lv-LV","@id":"https:\/\/hobstop.ee\/lv\/#\/schema\/logo\/image\/","url":"https:\/\/hobstop.ee\/media\/vunder-logo.png","contentUrl":"https:\/\/hobstop.ee\/media\/vunder-logo.png","width":127,"height":55,"caption":"Vunder AS"},"image":{"@id":"https:\/\/hobstop.ee\/lv\/#\/schema\/logo\/image\/"},"sameAs":["http:\/\/www.facebook.com\/VunderSkizze"]}]}},"_links":{"self":[{"href":"https:\/\/hobstop.ee\/lv\/wp-json\/wp\/v2\/product\/284124","targetHints":{"allow":["GET"]}}],"collection":[{"href":"https:\/\/hobstop.ee\/lv\/wp-json\/wp\/v2\/product"}],"about":[{"href":"https:\/\/hobstop.ee\/lv\/wp-json\/wp\/v2\/types\/product"}],"replies":[{"embeddable":true,"href":"https:\/\/hobstop.ee\/lv\/wp-json\/wp\/v2\/comments?post=284124"}],"wp:featuredmedia":[{"embeddable":true,"href":"https:\/\/hobstop.ee\/lv\/wp-json\/wp\/v2\/media\/284661"}],"wp:attachment":[{"href":"https:\/\/hobstop.ee\/lv\/wp-json\/wp\/v2\/media?parent=284124"}],"wp:term":[{"taxonomy":"product_cat","embeddable":true,"href":"https:\/\/hobstop.ee\/lv\/wp-json\/wp\/v2\/product_cat?post=284124"},{"taxonomy":"product_tag","embeddable":true,"href":"https:\/\/hobstop.ee\/lv\/wp-json\/wp\/v2\/product_tag?post=284124"}],"curies":[{"name":"wp","href":"https:\/\/api.w.org\/{rel}","templated":true}]}}