{"id":284128,"date":"2017-04-04T11:57:51","date_gmt":"2017-04-04T08:57:51","guid":{"rendered":"https:\/\/sharks.ee\/vunder_2019\/lv\/product\/ota-raphael-softaqua-296-plakana\/"},"modified":"2017-04-04T11:57:51","modified_gmt":"2017-04-04T08:57:51","slug":"ota-raphael-softaqua-296-plakana","status":"publish","type":"product","link":"https:\/\/hobstop.ee\/lv\/produkts\/ota-raphael-softaqua-296-plakana\/","title":{"rendered":"Ota Raphael Softaqua 296 plakana"},"content":{"rendered":"<p>Uz\u0146\u0113mums ar 200 gadu pieredzi RAPHAEL ir izstr\u0101d\u0101jis sint\u0113tisk\u0101s \u0161\u0137iedras sari\u0146us, kas paredz\u0113ti izmanto\u0161anai darbam akvare\u013cu tehnik\u0101s. Ierast\u0101 taisn\u0101 sint\u0113tisk\u0101 \u0161\u0137iedra ir aizst\u0101ta ar vi\u013c\u0146otu formu, kas veido starp sari\u0146iem papildus telpu \u016bdens molekulu uzkr\u0101\u0161anai. Pateicoties \u0161ai tehnolo\u0123ijai SoftAqua sp\u0113j uz\u0146emt 2 reizes vair\u0101k kr\u0101sas. SoftAqua otas ir \u013coti iztur\u012bgas un to \u012bsais k\u0101ti\u0146\u0161 nodro\u0161ina \u012bpa\u0161i prec\u012bzu otas kust\u012bbu kontroli. Piem\u0113rotas izmanto\u0161anai da\u017e\u0101d\u0101s slapjaj\u0101s tehnik\u0101s, piem\u0113ram, str\u0101d\u0101jot ar akvare\u013ciem un gua\u0161u, z\u012bda apglezno\u0161anai u.c. Daudziem m\u0101ksliniekiem plat\u0101s otas ir k\u013cuvu\u0161i par neat\u0146emamu darba instrumentu, \u012bpa\u0161i tiem, kuri glezno uz liel\u0101m virsm\u0101m un\/ vai izmanto kr\u0101sas lielos konteineros. Ar ner\u016bs\u0113jo\u0161\u0101 t\u0113rauda aptveri, lakotu rokturi, kas p\u0101rkl\u0101ts ar ultravioletu laku, un melnu gali\u0146u.<\/p>\n","protected":false},"excerpt":{"rendered":"<p>Uz\u0146\u0113mums ar 200 gadu pieredzi RAPHAEL ir izstr\u0101d\u0101jis sint\u0113tisk\u0101s \u0161\u0137iedras sari\u0146us, kas paredz\u0113ti izmanto\u0161anai darbam akvare\u013cu tehnik\u0101s. Ierast\u0101 taisn\u0101 sint\u0113tisk\u0101 \u0161\u0137iedra ir aizst\u0101ta ar vi\u013c\u0146otu formu, kas veido starp sari\u0146iem papildus telpu \u016bdens molekulu uzkr\u0101\u0161anai. Pateicoties \u0161ai tehnolo\u0123ijai SoftAqua sp\u0113j uz\u0146emt 2 reizes vair\u0101k kr\u0101sas. SoftAqua otas ir \u013coti iztur\u012bgas un to \u012bsais k\u0101ti\u0146\u0161 nodro\u0161ina \u012bpa\u0161i prec\u012bzu otas kust\u012bbu kontroli. Piem\u0113rotas izmanto\u0161anai da\u017e\u0101d\u0101s slapjaj\u0101s tehnik\u0101s, piem\u0113ram, str\u0101d\u0101jot ar akvare\u013ciem un gua\u0161u, z\u012bda apglezno\u0161anai u.c. Daudziem m\u0101ksliniekiem plat\u0101s otas ir k\u013cuvu\u0161i par neat\u0146emamu darba instrumentu, \u012bpa\u0161i tiem, kuri glezno uz liel\u0101m virsm\u0101m un\/ vai izmanto kr\u0101sas lielos konteineros. Ar ner\u016bs\u0113jo\u0161\u0101 t\u0113rauda aptveri, lakotu rokturi, kas p\u0101rkl\u0101ts ar ultravioletu laku, un melnu gali\u0146u.<\/p>\n","protected":false},"featured_media":284665,"comment_status":"closed","ping_status":"closed","template":"","meta":{"_acf_changed":false,"ep_exclude_from_search":false},"product_cat":[16123,18650,18608],"product_tag":[],"class_list":{"0":"post-284128","1":"product","2":"type-product","3":"status-publish","4":"has-post-thumbnail","6":"product_cat-makslas-piederumi-2","7":"product_cat-otas-un-piederumi","8":"product_cat-sintetiskas-otas-2","10":"first","11":"outofstock","12":"taxable","13":"shipping-taxable","14":"purchasable","15":"product-type-simple"},"acf":[],"yoast_head":"<!-- This site is optimized with the Yoast SEO plugin v24.1 - https:\/\/yoast.com\/wordpress\/plugins\/seo\/ -->\n<title>Ota Raphael Softaqua 296 plakana &#8211; Skizze<\/title>\n<meta name=\"robots\" content=\"noindex, follow, max-snippet:-1, max-image-preview:large, max-video-preview:-1\" \/>\n<meta property=\"og:locale\" content=\"lv_LV\" \/>\n<meta property=\"og:type\" content=\"article\" \/>\n<meta property=\"og:title\" content=\"Ota Raphael Softaqua 296 plakana &#8211; Skizze\" \/>\n<meta property=\"og:description\" content=\"Uz\u0146\u0113mums ar 200 gadu pieredzi RAPHAEL ir izstr\u0101d\u0101jis sint\u0113tisk\u0101s \u0161\u0137iedras sari\u0146us, kas paredz\u0113ti izmanto\u0161anai darbam akvare\u013cu tehnik\u0101s. Ierast\u0101 taisn\u0101 sint\u0113tisk\u0101 \u0161\u0137iedra ir aizst\u0101ta ar vi\u013c\u0146otu formu, kas veido starp sari\u0146iem papildus telpu \u016bdens molekulu uzkr\u0101\u0161anai. Pateicoties \u0161ai tehnolo\u0123ijai SoftAqua sp\u0113j uz\u0146emt 2 reizes vair\u0101k kr\u0101sas. SoftAqua otas ir \u013coti iztur\u012bgas un to \u012bsais k\u0101ti\u0146\u0161 nodro\u0161ina \u012bpa\u0161i prec\u012bzu otas kust\u012bbu kontroli. Piem\u0113rotas izmanto\u0161anai da\u017e\u0101d\u0101s slapjaj\u0101s tehnik\u0101s, piem\u0113ram, str\u0101d\u0101jot ar akvare\u013ciem un gua\u0161u, z\u012bda apglezno\u0161anai u.c. Daudziem m\u0101ksliniekiem plat\u0101s otas ir k\u013cuvu\u0161i par neat\u0146emamu darba instrumentu, \u012bpa\u0161i tiem, kuri glezno uz liel\u0101m virsm\u0101m un\/ vai izmanto kr\u0101sas lielos konteineros. Ar ner\u016bs\u0113jo\u0161\u0101 t\u0113rauda aptveri, lakotu rokturi, kas p\u0101rkl\u0101ts ar ultravioletu laku, un melnu gali\u0146u.\" \/>\n<meta property=\"og:url\" content=\"https:\/\/hobstop.ee\/lv\/produkts\/ota-raphael-softaqua-296-plakana\/\" \/>\n<meta property=\"og:site_name\" content=\"Skizze\" \/>\n<meta property=\"article:publisher\" content=\"http:\/\/www.facebook.com\/VunderSkizze\" \/>\n<meta property=\"og:image\" content=\"https:\/\/hobstop.ee\/media\/4479.jpg\" \/>\n\t<meta property=\"og:image:width\" content=\"1024\" \/>\n\t<meta property=\"og:image:height\" content=\"768\" \/>\n\t<meta property=\"og:image:type\" content=\"image\/jpeg\" \/>\n<meta name=\"twitter:card\" content=\"summary_large_image\" \/>\n<meta name=\"twitter:label1\" content=\"Est. reading time\" \/>\n\t<meta name=\"twitter:data1\" content=\"1 min\u016b\u0161u\" \/>\n<script type=\"application\/ld+json\" class=\"yoast-schema-graph\">{\"@context\":\"https:\/\/schema.org\",\"@graph\":[{\"@type\":\"WebPage\",\"@id\":\"https:\/\/hobstop.ee\/lv\/produkts\/ota-raphael-softaqua-296-plakana\/\",\"url\":\"https:\/\/hobstop.ee\/lv\/produkts\/ota-raphael-softaqua-296-plakana\/\",\"name\":\"Ota Raphael Softaqua 296 plakana &#8211; Skizze\",\"isPartOf\":{\"@id\":\"https:\/\/hobstop.ee\/lv\/#website\"},\"primaryImageOfPage\":{\"@id\":\"https:\/\/hobstop.ee\/lv\/produkts\/ota-raphael-softaqua-296-plakana\/#primaryimage\"},\"image\":{\"@id\":\"https:\/\/hobstop.ee\/lv\/produkts\/ota-raphael-softaqua-296-plakana\/#primaryimage\"},\"thumbnailUrl\":\"https:\/\/hobstop.ee\/media\/4479.jpg\",\"datePublished\":\"2017-04-04T08:57:51+00:00\",\"dateModified\":\"2017-04-04T08:57:51+00:00\",\"breadcrumb\":{\"@id\":\"https:\/\/hobstop.ee\/lv\/produkts\/ota-raphael-softaqua-296-plakana\/#breadcrumb\"},\"inLanguage\":\"lv-LV\",\"potentialAction\":[{\"@type\":\"ReadAction\",\"target\":[\"https:\/\/hobstop.ee\/lv\/produkts\/ota-raphael-softaqua-296-plakana\/\"]}]},{\"@type\":\"ImageObject\",\"inLanguage\":\"lv-LV\",\"@id\":\"https:\/\/hobstop.ee\/lv\/produkts\/ota-raphael-softaqua-296-plakana\/#primaryimage\",\"url\":\"https:\/\/hobstop.ee\/media\/4479.jpg\",\"contentUrl\":\"https:\/\/hobstop.ee\/media\/4479.jpg\",\"width\":1024,\"height\":768},{\"@type\":\"BreadcrumbList\",\"@id\":\"https:\/\/hobstop.ee\/lv\/produkts\/ota-raphael-softaqua-296-plakana\/#breadcrumb\",\"itemListElement\":[{\"@type\":\"ListItem\",\"position\":1,\"name\":\"Avaleht\",\"item\":\"https:\/\/www.hobstop.ee\/lv\/\"},{\"@type\":\"ListItem\",\"position\":2,\"name\":\"Veikals\",\"item\":\"https:\/\/www.hobstop.ee\/lv\/veikals\/\"},{\"@type\":\"ListItem\",\"position\":3,\"name\":\"Ota Raphael Softaqua 296 plakana\"}]},{\"@type\":\"WebSite\",\"@id\":\"https:\/\/hobstop.ee\/lv\/#website\",\"url\":\"https:\/\/hobstop.ee\/lv\/\",\"name\":\"Skizze\",\"description\":\"M\u0101kslas, hobiju un skolas preces\",\"publisher\":{\"@id\":\"https:\/\/hobstop.ee\/lv\/#organization\"},\"potentialAction\":[{\"@type\":\"SearchAction\",\"target\":{\"@type\":\"EntryPoint\",\"urlTemplate\":\"https:\/\/hobstop.ee\/lv\/?s={search_term_string}\"},\"query-input\":{\"@type\":\"PropertyValueSpecification\",\"valueRequired\":true,\"valueName\":\"search_term_string\"}}],\"inLanguage\":\"lv-LV\"},{\"@type\":\"Organization\",\"@id\":\"https:\/\/hobstop.ee\/lv\/#organization\",\"name\":\"Vunder AS\",\"url\":\"https:\/\/hobstop.ee\/lv\/\",\"logo\":{\"@type\":\"ImageObject\",\"inLanguage\":\"lv-LV\",\"@id\":\"https:\/\/hobstop.ee\/lv\/#\/schema\/logo\/image\/\",\"url\":\"https:\/\/hobstop.ee\/media\/vunder-logo.png\",\"contentUrl\":\"https:\/\/hobstop.ee\/media\/vunder-logo.png\",\"width\":127,\"height\":55,\"caption\":\"Vunder AS\"},\"image\":{\"@id\":\"https:\/\/hobstop.ee\/lv\/#\/schema\/logo\/image\/\"},\"sameAs\":[\"http:\/\/www.facebook.com\/VunderSkizze\"]}]}<\/script>\n<!-- \/ Yoast SEO plugin. -->","yoast_head_json":{"title":"Ota Raphael Softaqua 296 plakana &#8211; Skizze","robots":{"index":"noindex","follow":"follow","max-snippet":"max-snippet:-1","max-image-preview":"max-image-preview:large","max-video-preview":"max-video-preview:-1"},"og_locale":"lv_LV","og_type":"article","og_title":"Ota Raphael Softaqua 296 plakana &#8211; Skizze","og_description":"Uz\u0146\u0113mums ar 200 gadu pieredzi RAPHAEL ir izstr\u0101d\u0101jis sint\u0113tisk\u0101s \u0161\u0137iedras sari\u0146us, kas paredz\u0113ti izmanto\u0161anai darbam akvare\u013cu tehnik\u0101s. Ierast\u0101 taisn\u0101 sint\u0113tisk\u0101 \u0161\u0137iedra ir aizst\u0101ta ar vi\u013c\u0146otu formu, kas veido starp sari\u0146iem papildus telpu \u016bdens molekulu uzkr\u0101\u0161anai. Pateicoties \u0161ai tehnolo\u0123ijai SoftAqua sp\u0113j uz\u0146emt 2 reizes vair\u0101k kr\u0101sas. SoftAqua otas ir \u013coti iztur\u012bgas un to \u012bsais k\u0101ti\u0146\u0161 nodro\u0161ina \u012bpa\u0161i prec\u012bzu otas kust\u012bbu kontroli. Piem\u0113rotas izmanto\u0161anai da\u017e\u0101d\u0101s slapjaj\u0101s tehnik\u0101s, piem\u0113ram, str\u0101d\u0101jot ar akvare\u013ciem un gua\u0161u, z\u012bda apglezno\u0161anai u.c. Daudziem m\u0101ksliniekiem plat\u0101s otas ir k\u013cuvu\u0161i par neat\u0146emamu darba instrumentu, \u012bpa\u0161i tiem, kuri glezno uz liel\u0101m virsm\u0101m un\/ vai izmanto kr\u0101sas lielos konteineros. Ar ner\u016bs\u0113jo\u0161\u0101 t\u0113rauda aptveri, lakotu rokturi, kas p\u0101rkl\u0101ts ar ultravioletu laku, un melnu gali\u0146u.","og_url":"https:\/\/hobstop.ee\/lv\/produkts\/ota-raphael-softaqua-296-plakana\/","og_site_name":"Skizze","article_publisher":"http:\/\/www.facebook.com\/VunderSkizze","og_image":[{"width":1024,"height":768,"url":"https:\/\/hobstop.ee\/media\/4479.jpg","type":"image\/jpeg"}],"twitter_card":"summary_large_image","twitter_misc":{"Est. reading time":"1 min\u016b\u0161u"},"schema":{"@context":"https:\/\/schema.org","@graph":[{"@type":"WebPage","@id":"https:\/\/hobstop.ee\/lv\/produkts\/ota-raphael-softaqua-296-plakana\/","url":"https:\/\/hobstop.ee\/lv\/produkts\/ota-raphael-softaqua-296-plakana\/","name":"Ota Raphael Softaqua 296 plakana &#8211; Skizze","isPartOf":{"@id":"https:\/\/hobstop.ee\/lv\/#website"},"primaryImageOfPage":{"@id":"https:\/\/hobstop.ee\/lv\/produkts\/ota-raphael-softaqua-296-plakana\/#primaryimage"},"image":{"@id":"https:\/\/hobstop.ee\/lv\/produkts\/ota-raphael-softaqua-296-plakana\/#primaryimage"},"thumbnailUrl":"https:\/\/hobstop.ee\/media\/4479.jpg","datePublished":"2017-04-04T08:57:51+00:00","dateModified":"2017-04-04T08:57:51+00:00","breadcrumb":{"@id":"https:\/\/hobstop.ee\/lv\/produkts\/ota-raphael-softaqua-296-plakana\/#breadcrumb"},"inLanguage":"lv-LV","potentialAction":[{"@type":"ReadAction","target":["https:\/\/hobstop.ee\/lv\/produkts\/ota-raphael-softaqua-296-plakana\/"]}]},{"@type":"ImageObject","inLanguage":"lv-LV","@id":"https:\/\/hobstop.ee\/lv\/produkts\/ota-raphael-softaqua-296-plakana\/#primaryimage","url":"https:\/\/hobstop.ee\/media\/4479.jpg","contentUrl":"https:\/\/hobstop.ee\/media\/4479.jpg","width":1024,"height":768},{"@type":"BreadcrumbList","@id":"https:\/\/hobstop.ee\/lv\/produkts\/ota-raphael-softaqua-296-plakana\/#breadcrumb","itemListElement":[{"@type":"ListItem","position":1,"name":"Avaleht","item":"https:\/\/www.hobstop.ee\/lv\/"},{"@type":"ListItem","position":2,"name":"Veikals","item":"https:\/\/www.hobstop.ee\/lv\/veikals\/"},{"@type":"ListItem","position":3,"name":"Ota Raphael Softaqua 296 plakana"}]},{"@type":"WebSite","@id":"https:\/\/hobstop.ee\/lv\/#website","url":"https:\/\/hobstop.ee\/lv\/","name":"Skizze","description":"M\u0101kslas, hobiju un skolas preces","publisher":{"@id":"https:\/\/hobstop.ee\/lv\/#organization"},"potentialAction":[{"@type":"SearchAction","target":{"@type":"EntryPoint","urlTemplate":"https:\/\/hobstop.ee\/lv\/?s={search_term_string}"},"query-input":{"@type":"PropertyValueSpecification","valueRequired":true,"valueName":"search_term_string"}}],"inLanguage":"lv-LV"},{"@type":"Organization","@id":"https:\/\/hobstop.ee\/lv\/#organization","name":"Vunder AS","url":"https:\/\/hobstop.ee\/lv\/","logo":{"@type":"ImageObject","inLanguage":"lv-LV","@id":"https:\/\/hobstop.ee\/lv\/#\/schema\/logo\/image\/","url":"https:\/\/hobstop.ee\/media\/vunder-logo.png","contentUrl":"https:\/\/hobstop.ee\/media\/vunder-logo.png","width":127,"height":55,"caption":"Vunder AS"},"image":{"@id":"https:\/\/hobstop.ee\/lv\/#\/schema\/logo\/image\/"},"sameAs":["http:\/\/www.facebook.com\/VunderSkizze"]}]}},"_links":{"self":[{"href":"https:\/\/hobstop.ee\/lv\/wp-json\/wp\/v2\/product\/284128","targetHints":{"allow":["GET"]}}],"collection":[{"href":"https:\/\/hobstop.ee\/lv\/wp-json\/wp\/v2\/product"}],"about":[{"href":"https:\/\/hobstop.ee\/lv\/wp-json\/wp\/v2\/types\/product"}],"replies":[{"embeddable":true,"href":"https:\/\/hobstop.ee\/lv\/wp-json\/wp\/v2\/comments?post=284128"}],"wp:featuredmedia":[{"embeddable":true,"href":"https:\/\/hobstop.ee\/lv\/wp-json\/wp\/v2\/media\/284665"}],"wp:attachment":[{"href":"https:\/\/hobstop.ee\/lv\/wp-json\/wp\/v2\/media?parent=284128"}],"wp:term":[{"taxonomy":"product_cat","embeddable":true,"href":"https:\/\/hobstop.ee\/lv\/wp-json\/wp\/v2\/product_cat?post=284128"},{"taxonomy":"product_tag","embeddable":true,"href":"https:\/\/hobstop.ee\/lv\/wp-json\/wp\/v2\/product_tag?post=284128"}],"curies":[{"name":"wp","href":"https:\/\/api.w.org\/{rel}","templated":true}]}}