{"id":284140,"date":"2017-04-04T11:57:53","date_gmt":"2017-04-04T08:57:53","guid":{"rendered":"https:\/\/sharks.ee\/vunder_2019\/lv\/product\/ota-raphael-mini-precision-89406-filbert\/"},"modified":"2017-04-04T11:57:53","modified_gmt":"2017-04-04T08:57:53","slug":"ota-raphael-mini-precision-89406-filbert","status":"publish","type":"product","link":"https:\/\/hobstop.ee\/lv\/produkts\/ota-raphael-mini-precision-89406-filbert\/","title":{"rendered":"Ota Raphael Mini Precision 89406 filbert"},"content":{"rendered":"<p>Sabu\u013ca ota pied\u0101v\u0101 izteiktu precizit\u0101ti visiem tiem m\u0101ksliniekiem, kuri mekl\u0113 maksim\u0101li prec\u012bzas otas. \u0160\u012b ir ota ar visliel\u0101ko precizit\u0101ti sav\u0101 kategorij\u0101, nodro\u0161inot ar vis\u0101m lieliskaj\u0101m sabu\u013ca spalvu \u012bpa\u0161\u012bb\u0101m, k\u0101 ar\u012b lielisku v\u0113rt\u012bbu. Precision ota ir \u012bpa\u0161i popul\u0101ra m\u0101kslinieku vid\u016b, pateicoties t\u0101s sp\u0113jai saglab\u0101t formu, smalkajam gali\u0146am, k\u0101 ar\u012b t\u0101s elast\u012bbai. Rad\u012bta, lai veidotu perfektas l\u012bnijas! Precision Mini ota ir \u012bpa\u0161i piem\u0113rota ce\u013co\u0161anai \u2013 maza un \u0113rti \u0146emama l\u012bdzi. Ar ni\u0137e\u013ca misi\u0146a aptveri un \u012bsu, lakotu rokturi br\u016bn\u0101 kr\u0101s\u0101.<br \/>\nGlezno\u0161anas tehnika: akrils<\/p>\n","protected":false},"excerpt":{"rendered":"<p>Sabu\u013ca ota pied\u0101v\u0101 izteiktu precizit\u0101ti visiem tiem m\u0101ksliniekiem, kuri mekl\u0113 maksim\u0101li prec\u012bzas otas. \u0160\u012b ir ota ar visliel\u0101ko precizit\u0101ti sav\u0101 kategorij\u0101, nodro\u0161inot ar vis\u0101m lieliskaj\u0101m sabu\u013ca spalvu \u012bpa\u0161\u012bb\u0101m, k\u0101 ar\u012b lielisku v\u0113rt\u012bbu. Precision ota ir \u012bpa\u0161i popul\u0101ra m\u0101kslinieku vid\u016b, pateicoties t\u0101s sp\u0113jai saglab\u0101t formu, smalkajam gali\u0146am, k\u0101 ar\u012b t\u0101s elast\u012bbai. Rad\u012bta, lai veidotu perfektas l\u012bnijas! Precision Mini ota ir \u012bpa\u0161i piem\u0113rota ce\u013co\u0161anai \u2013 maza un \u0113rti \u0146emama l\u012bdzi. Ar ni\u0137e\u013ca misi\u0146a aptveri un \u012bsu, lakotu rokturi br\u016bn\u0101 kr\u0101s\u0101. Glezno\u0161anas tehnika: akrils<\/p>\n","protected":false},"featured_media":284677,"comment_status":"closed","ping_status":"closed","template":"","meta":{"_acf_changed":false,"ep_exclude_from_search":false},"product_cat":[16123,18650,18608],"product_tag":[],"class_list":{"0":"post-284140","1":"product","2":"type-product","3":"status-publish","4":"has-post-thumbnail","6":"product_cat-makslas-piederumi-2","7":"product_cat-otas-un-piederumi","8":"product_cat-sintetiskas-otas-2","10":"first","11":"instock","12":"taxable","13":"shipping-taxable","14":"purchasable","15":"product-type-simple"},"acf":[],"yoast_head":"<!-- This site is optimized with the Yoast SEO plugin v24.1 - https:\/\/yoast.com\/wordpress\/plugins\/seo\/ -->\n<title>Ota Raphael Mini Precision 89406 filbert &#8211; Skizze<\/title>\n<meta name=\"robots\" content=\"noindex, follow, max-snippet:-1, max-image-preview:large, max-video-preview:-1\" \/>\n<meta property=\"og:locale\" content=\"lv_LV\" \/>\n<meta property=\"og:type\" content=\"article\" \/>\n<meta property=\"og:title\" content=\"Ota Raphael Mini Precision 89406 filbert &#8211; Skizze\" \/>\n<meta property=\"og:description\" content=\"Sabu\u013ca ota pied\u0101v\u0101 izteiktu precizit\u0101ti visiem tiem m\u0101ksliniekiem, kuri mekl\u0113 maksim\u0101li prec\u012bzas otas. \u0160\u012b ir ota ar visliel\u0101ko precizit\u0101ti sav\u0101 kategorij\u0101, nodro\u0161inot ar vis\u0101m lieliskaj\u0101m sabu\u013ca spalvu \u012bpa\u0161\u012bb\u0101m, k\u0101 ar\u012b lielisku v\u0113rt\u012bbu. Precision ota ir \u012bpa\u0161i popul\u0101ra m\u0101kslinieku vid\u016b, pateicoties t\u0101s sp\u0113jai saglab\u0101t formu, smalkajam gali\u0146am, k\u0101 ar\u012b t\u0101s elast\u012bbai. Rad\u012bta, lai veidotu perfektas l\u012bnijas! Precision Mini ota ir \u012bpa\u0161i piem\u0113rota ce\u013co\u0161anai \u2013 maza un \u0113rti \u0146emama l\u012bdzi. Ar ni\u0137e\u013ca misi\u0146a aptveri un \u012bsu, lakotu rokturi br\u016bn\u0101 kr\u0101s\u0101. Glezno\u0161anas tehnika: akrils\" \/>\n<meta property=\"og:url\" content=\"https:\/\/hobstop.ee\/lv\/produkts\/ota-raphael-mini-precision-89406-filbert\/\" \/>\n<meta property=\"og:site_name\" content=\"Skizze\" \/>\n<meta property=\"article:publisher\" content=\"http:\/\/www.facebook.com\/VunderSkizze\" \/>\n<meta property=\"og:image\" content=\"https:\/\/hobstop.ee\/media\/4482.jpg\" \/>\n\t<meta property=\"og:image:width\" content=\"1024\" \/>\n\t<meta property=\"og:image:height\" content=\"768\" \/>\n\t<meta property=\"og:image:type\" content=\"image\/jpeg\" \/>\n<meta name=\"twitter:card\" content=\"summary_large_image\" \/>\n<meta name=\"twitter:label1\" content=\"Est. reading time\" \/>\n\t<meta name=\"twitter:data1\" content=\"1 min\u016b\u0161u\" \/>\n<script type=\"application\/ld+json\" class=\"yoast-schema-graph\">{\"@context\":\"https:\/\/schema.org\",\"@graph\":[{\"@type\":\"WebPage\",\"@id\":\"https:\/\/hobstop.ee\/lv\/produkts\/ota-raphael-mini-precision-89406-filbert\/\",\"url\":\"https:\/\/hobstop.ee\/lv\/produkts\/ota-raphael-mini-precision-89406-filbert\/\",\"name\":\"Ota Raphael Mini Precision 89406 filbert &#8211; Skizze\",\"isPartOf\":{\"@id\":\"https:\/\/hobstop.ee\/lv\/#website\"},\"primaryImageOfPage\":{\"@id\":\"https:\/\/hobstop.ee\/lv\/produkts\/ota-raphael-mini-precision-89406-filbert\/#primaryimage\"},\"image\":{\"@id\":\"https:\/\/hobstop.ee\/lv\/produkts\/ota-raphael-mini-precision-89406-filbert\/#primaryimage\"},\"thumbnailUrl\":\"https:\/\/hobstop.ee\/media\/4482.jpg\",\"datePublished\":\"2017-04-04T08:57:53+00:00\",\"dateModified\":\"2017-04-04T08:57:53+00:00\",\"breadcrumb\":{\"@id\":\"https:\/\/hobstop.ee\/lv\/produkts\/ota-raphael-mini-precision-89406-filbert\/#breadcrumb\"},\"inLanguage\":\"lv-LV\",\"potentialAction\":[{\"@type\":\"ReadAction\",\"target\":[\"https:\/\/hobstop.ee\/lv\/produkts\/ota-raphael-mini-precision-89406-filbert\/\"]}]},{\"@type\":\"ImageObject\",\"inLanguage\":\"lv-LV\",\"@id\":\"https:\/\/hobstop.ee\/lv\/produkts\/ota-raphael-mini-precision-89406-filbert\/#primaryimage\",\"url\":\"https:\/\/hobstop.ee\/media\/4482.jpg\",\"contentUrl\":\"https:\/\/hobstop.ee\/media\/4482.jpg\",\"width\":1024,\"height\":768},{\"@type\":\"BreadcrumbList\",\"@id\":\"https:\/\/hobstop.ee\/lv\/produkts\/ota-raphael-mini-precision-89406-filbert\/#breadcrumb\",\"itemListElement\":[{\"@type\":\"ListItem\",\"position\":1,\"name\":\"Avaleht\",\"item\":\"https:\/\/www.hobstop.ee\/lv\/\"},{\"@type\":\"ListItem\",\"position\":2,\"name\":\"Veikals\",\"item\":\"https:\/\/www.hobstop.ee\/lv\/veikals\/\"},{\"@type\":\"ListItem\",\"position\":3,\"name\":\"Ota Raphael Mini Precision 89406 filbert\"}]},{\"@type\":\"WebSite\",\"@id\":\"https:\/\/hobstop.ee\/lv\/#website\",\"url\":\"https:\/\/hobstop.ee\/lv\/\",\"name\":\"Skizze\",\"description\":\"M\u0101kslas, hobiju un skolas preces\",\"publisher\":{\"@id\":\"https:\/\/hobstop.ee\/lv\/#organization\"},\"potentialAction\":[{\"@type\":\"SearchAction\",\"target\":{\"@type\":\"EntryPoint\",\"urlTemplate\":\"https:\/\/hobstop.ee\/lv\/?s={search_term_string}\"},\"query-input\":{\"@type\":\"PropertyValueSpecification\",\"valueRequired\":true,\"valueName\":\"search_term_string\"}}],\"inLanguage\":\"lv-LV\"},{\"@type\":\"Organization\",\"@id\":\"https:\/\/hobstop.ee\/lv\/#organization\",\"name\":\"Vunder AS\",\"url\":\"https:\/\/hobstop.ee\/lv\/\",\"logo\":{\"@type\":\"ImageObject\",\"inLanguage\":\"lv-LV\",\"@id\":\"https:\/\/hobstop.ee\/lv\/#\/schema\/logo\/image\/\",\"url\":\"https:\/\/hobstop.ee\/media\/vunder-logo.png\",\"contentUrl\":\"https:\/\/hobstop.ee\/media\/vunder-logo.png\",\"width\":127,\"height\":55,\"caption\":\"Vunder AS\"},\"image\":{\"@id\":\"https:\/\/hobstop.ee\/lv\/#\/schema\/logo\/image\/\"},\"sameAs\":[\"http:\/\/www.facebook.com\/VunderSkizze\"]}]}<\/script>\n<!-- \/ Yoast SEO plugin. -->","yoast_head_json":{"title":"Ota Raphael Mini Precision 89406 filbert &#8211; Skizze","robots":{"index":"noindex","follow":"follow","max-snippet":"max-snippet:-1","max-image-preview":"max-image-preview:large","max-video-preview":"max-video-preview:-1"},"og_locale":"lv_LV","og_type":"article","og_title":"Ota Raphael Mini Precision 89406 filbert &#8211; Skizze","og_description":"Sabu\u013ca ota pied\u0101v\u0101 izteiktu precizit\u0101ti visiem tiem m\u0101ksliniekiem, kuri mekl\u0113 maksim\u0101li prec\u012bzas otas. \u0160\u012b ir ota ar visliel\u0101ko precizit\u0101ti sav\u0101 kategorij\u0101, nodro\u0161inot ar vis\u0101m lieliskaj\u0101m sabu\u013ca spalvu \u012bpa\u0161\u012bb\u0101m, k\u0101 ar\u012b lielisku v\u0113rt\u012bbu. Precision ota ir \u012bpa\u0161i popul\u0101ra m\u0101kslinieku vid\u016b, pateicoties t\u0101s sp\u0113jai saglab\u0101t formu, smalkajam gali\u0146am, k\u0101 ar\u012b t\u0101s elast\u012bbai. Rad\u012bta, lai veidotu perfektas l\u012bnijas! Precision Mini ota ir \u012bpa\u0161i piem\u0113rota ce\u013co\u0161anai \u2013 maza un \u0113rti \u0146emama l\u012bdzi. Ar ni\u0137e\u013ca misi\u0146a aptveri un \u012bsu, lakotu rokturi br\u016bn\u0101 kr\u0101s\u0101. Glezno\u0161anas tehnika: akrils","og_url":"https:\/\/hobstop.ee\/lv\/produkts\/ota-raphael-mini-precision-89406-filbert\/","og_site_name":"Skizze","article_publisher":"http:\/\/www.facebook.com\/VunderSkizze","og_image":[{"width":1024,"height":768,"url":"https:\/\/hobstop.ee\/media\/4482.jpg","type":"image\/jpeg"}],"twitter_card":"summary_large_image","twitter_misc":{"Est. reading time":"1 min\u016b\u0161u"},"schema":{"@context":"https:\/\/schema.org","@graph":[{"@type":"WebPage","@id":"https:\/\/hobstop.ee\/lv\/produkts\/ota-raphael-mini-precision-89406-filbert\/","url":"https:\/\/hobstop.ee\/lv\/produkts\/ota-raphael-mini-precision-89406-filbert\/","name":"Ota Raphael Mini Precision 89406 filbert &#8211; Skizze","isPartOf":{"@id":"https:\/\/hobstop.ee\/lv\/#website"},"primaryImageOfPage":{"@id":"https:\/\/hobstop.ee\/lv\/produkts\/ota-raphael-mini-precision-89406-filbert\/#primaryimage"},"image":{"@id":"https:\/\/hobstop.ee\/lv\/produkts\/ota-raphael-mini-precision-89406-filbert\/#primaryimage"},"thumbnailUrl":"https:\/\/hobstop.ee\/media\/4482.jpg","datePublished":"2017-04-04T08:57:53+00:00","dateModified":"2017-04-04T08:57:53+00:00","breadcrumb":{"@id":"https:\/\/hobstop.ee\/lv\/produkts\/ota-raphael-mini-precision-89406-filbert\/#breadcrumb"},"inLanguage":"lv-LV","potentialAction":[{"@type":"ReadAction","target":["https:\/\/hobstop.ee\/lv\/produkts\/ota-raphael-mini-precision-89406-filbert\/"]}]},{"@type":"ImageObject","inLanguage":"lv-LV","@id":"https:\/\/hobstop.ee\/lv\/produkts\/ota-raphael-mini-precision-89406-filbert\/#primaryimage","url":"https:\/\/hobstop.ee\/media\/4482.jpg","contentUrl":"https:\/\/hobstop.ee\/media\/4482.jpg","width":1024,"height":768},{"@type":"BreadcrumbList","@id":"https:\/\/hobstop.ee\/lv\/produkts\/ota-raphael-mini-precision-89406-filbert\/#breadcrumb","itemListElement":[{"@type":"ListItem","position":1,"name":"Avaleht","item":"https:\/\/www.hobstop.ee\/lv\/"},{"@type":"ListItem","position":2,"name":"Veikals","item":"https:\/\/www.hobstop.ee\/lv\/veikals\/"},{"@type":"ListItem","position":3,"name":"Ota Raphael Mini Precision 89406 filbert"}]},{"@type":"WebSite","@id":"https:\/\/hobstop.ee\/lv\/#website","url":"https:\/\/hobstop.ee\/lv\/","name":"Skizze","description":"M\u0101kslas, hobiju un skolas preces","publisher":{"@id":"https:\/\/hobstop.ee\/lv\/#organization"},"potentialAction":[{"@type":"SearchAction","target":{"@type":"EntryPoint","urlTemplate":"https:\/\/hobstop.ee\/lv\/?s={search_term_string}"},"query-input":{"@type":"PropertyValueSpecification","valueRequired":true,"valueName":"search_term_string"}}],"inLanguage":"lv-LV"},{"@type":"Organization","@id":"https:\/\/hobstop.ee\/lv\/#organization","name":"Vunder AS","url":"https:\/\/hobstop.ee\/lv\/","logo":{"@type":"ImageObject","inLanguage":"lv-LV","@id":"https:\/\/hobstop.ee\/lv\/#\/schema\/logo\/image\/","url":"https:\/\/hobstop.ee\/media\/vunder-logo.png","contentUrl":"https:\/\/hobstop.ee\/media\/vunder-logo.png","width":127,"height":55,"caption":"Vunder AS"},"image":{"@id":"https:\/\/hobstop.ee\/lv\/#\/schema\/logo\/image\/"},"sameAs":["http:\/\/www.facebook.com\/VunderSkizze"]}]}},"_links":{"self":[{"href":"https:\/\/hobstop.ee\/lv\/wp-json\/wp\/v2\/product\/284140","targetHints":{"allow":["GET"]}}],"collection":[{"href":"https:\/\/hobstop.ee\/lv\/wp-json\/wp\/v2\/product"}],"about":[{"href":"https:\/\/hobstop.ee\/lv\/wp-json\/wp\/v2\/types\/product"}],"replies":[{"embeddable":true,"href":"https:\/\/hobstop.ee\/lv\/wp-json\/wp\/v2\/comments?post=284140"}],"wp:featuredmedia":[{"embeddable":true,"href":"https:\/\/hobstop.ee\/lv\/wp-json\/wp\/v2\/media\/284677"}],"wp:attachment":[{"href":"https:\/\/hobstop.ee\/lv\/wp-json\/wp\/v2\/media?parent=284140"}],"wp:term":[{"taxonomy":"product_cat","embeddable":true,"href":"https:\/\/hobstop.ee\/lv\/wp-json\/wp\/v2\/product_cat?post=284140"},{"taxonomy":"product_tag","embeddable":true,"href":"https:\/\/hobstop.ee\/lv\/wp-json\/wp\/v2\/product_tag?post=284140"}],"curies":[{"name":"wp","href":"https:\/\/api.w.org\/{rel}","templated":true}]}}