{"id":284148,"date":"2017-04-04T11:57:55","date_gmt":"2017-04-04T08:57:55","guid":{"rendered":"https:\/\/sharks.ee\/vunder_2019\/lv\/product\/modelesanas-pasta-akrilam-sennelier-light\/"},"modified":"2017-04-04T11:57:55","modified_gmt":"2017-04-04T08:57:55","slug":"modelesanas-pasta-akrilam-sennelier-light","status":"publish","type":"product","link":"https:\/\/hobstop.ee\/lv\/produkts\/modelesanas-pasta-akrilam-sennelier-light\/","title":{"rendered":"Model\u0113\u0161anas pasta akrilam Sennelier Light"},"content":{"rendered":"<p>\u0160\u012b biez\u0101 pasta \u013cauj veidot p\u0101rkl\u0101jumu un reljefu. Taj\u0101 var lieliski veidot atz\u012bmes ar darbar\u012bkiem un nospiedumus, lai rad\u012btu interesantu reljefu, taj\u0101 pa\u0161\u0101 laik\u0101 t\u0101 nodro\u0161ina pl\u0113vei lielisku elast\u012bbu. To var izmantot t\u012br\u0101 veid\u0101 vai ar\u012b iepriek\u0161 sajaucot ar akrila kr\u0101s\u0101m. \u016aden\u012b \u0161\u0137\u012bsto\u0161a, \u0101tri \u017e\u016bsto\u0161a un, kad no\u017euvusi, k\u013c\u016bst \u016bdens iztur\u012bga.<\/p>\n","protected":false},"excerpt":{"rendered":"<p>\u0160\u012b biez\u0101 pasta \u013cauj veidot p\u0101rkl\u0101jumu un reljefu. Taj\u0101 var lieliski veidot atz\u012bmes ar darbar\u012bkiem un nospiedumus, lai rad\u012btu interesantu reljefu, taj\u0101 pa\u0161\u0101 laik\u0101 t\u0101 nodro\u0161ina pl\u0113vei lielisku elast\u012bbu. To var izmantot t\u012br\u0101 veid\u0101 vai ar\u012b iepriek\u0161 sajaucot ar akrila kr\u0101s\u0101m. \u016aden\u012b \u0161\u0137\u012bsto\u0161a, \u0101tri \u017e\u016bsto\u0161a un, kad no\u017euvusi, k\u013c\u016bst \u016bdens iztur\u012bga.<\/p>\n","protected":false},"featured_media":284685,"comment_status":"closed","ping_status":"closed","template":"","meta":{"_acf_changed":false,"ep_exclude_from_search":false},"product_cat":[18997,17980,16123],"product_tag":[],"class_list":{"0":"post-284148","1":"product","2":"type-product","3":"status-publish","4":"has-post-thumbnail","6":"product_cat-akrilkrasu-mediji-3","7":"product_cat-krasas-un-gleznosanas-paligmateriali","8":"product_cat-makslas-piederumi-2","10":"first","11":"instock","12":"taxable","13":"shipping-taxable","14":"purchasable","15":"product-type-simple"},"acf":[],"yoast_head":"<!-- This site is optimized with the Yoast SEO plugin v24.1 - https:\/\/yoast.com\/wordpress\/plugins\/seo\/ -->\n<title>Model\u0113\u0161anas pasta akrilam Sennelier Light &#8211; Skizze<\/title>\n<meta name=\"robots\" content=\"noindex, follow, max-snippet:-1, max-image-preview:large, max-video-preview:-1\" \/>\n<meta property=\"og:locale\" content=\"lv_LV\" \/>\n<meta property=\"og:type\" content=\"article\" \/>\n<meta property=\"og:title\" content=\"Model\u0113\u0161anas pasta akrilam Sennelier Light &#8211; Skizze\" \/>\n<meta property=\"og:description\" content=\"\u0160\u012b biez\u0101 pasta \u013cauj veidot p\u0101rkl\u0101jumu un reljefu. Taj\u0101 var lieliski veidot atz\u012bmes ar darbar\u012bkiem un nospiedumus, lai rad\u012btu interesantu reljefu, taj\u0101 pa\u0161\u0101 laik\u0101 t\u0101 nodro\u0161ina pl\u0113vei lielisku elast\u012bbu. To var izmantot t\u012br\u0101 veid\u0101 vai ar\u012b iepriek\u0161 sajaucot ar akrila kr\u0101s\u0101m. \u016aden\u012b \u0161\u0137\u012bsto\u0161a, \u0101tri \u017e\u016bsto\u0161a un, kad no\u017euvusi, k\u013c\u016bst \u016bdens iztur\u012bga.\" \/>\n<meta property=\"og:url\" content=\"https:\/\/hobstop.ee\/lv\/produkts\/modelesanas-pasta-akrilam-sennelier-light\/\" \/>\n<meta property=\"og:site_name\" content=\"Skizze\" \/>\n<meta property=\"article:publisher\" content=\"http:\/\/www.facebook.com\/VunderSkizze\" \/>\n<meta property=\"og:image\" content=\"https:\/\/hobstop.ee\/media\/4484.jpg\" \/>\n\t<meta property=\"og:image:width\" content=\"1024\" \/>\n\t<meta property=\"og:image:height\" content=\"768\" \/>\n\t<meta property=\"og:image:type\" content=\"image\/jpeg\" \/>\n<meta name=\"twitter:card\" content=\"summary_large_image\" \/>\n<script type=\"application\/ld+json\" class=\"yoast-schema-graph\">{\"@context\":\"https:\/\/schema.org\",\"@graph\":[{\"@type\":\"WebPage\",\"@id\":\"https:\/\/hobstop.ee\/lv\/produkts\/modelesanas-pasta-akrilam-sennelier-light\/\",\"url\":\"https:\/\/hobstop.ee\/lv\/produkts\/modelesanas-pasta-akrilam-sennelier-light\/\",\"name\":\"Model\u0113\u0161anas pasta akrilam Sennelier Light &#8211; Skizze\",\"isPartOf\":{\"@id\":\"https:\/\/hobstop.ee\/lv\/#website\"},\"primaryImageOfPage\":{\"@id\":\"https:\/\/hobstop.ee\/lv\/produkts\/modelesanas-pasta-akrilam-sennelier-light\/#primaryimage\"},\"image\":{\"@id\":\"https:\/\/hobstop.ee\/lv\/produkts\/modelesanas-pasta-akrilam-sennelier-light\/#primaryimage\"},\"thumbnailUrl\":\"https:\/\/hobstop.ee\/media\/4484.jpg\",\"datePublished\":\"2017-04-04T08:57:55+00:00\",\"dateModified\":\"2017-04-04T08:57:55+00:00\",\"breadcrumb\":{\"@id\":\"https:\/\/hobstop.ee\/lv\/produkts\/modelesanas-pasta-akrilam-sennelier-light\/#breadcrumb\"},\"inLanguage\":\"lv-LV\",\"potentialAction\":[{\"@type\":\"ReadAction\",\"target\":[\"https:\/\/hobstop.ee\/lv\/produkts\/modelesanas-pasta-akrilam-sennelier-light\/\"]}]},{\"@type\":\"ImageObject\",\"inLanguage\":\"lv-LV\",\"@id\":\"https:\/\/hobstop.ee\/lv\/produkts\/modelesanas-pasta-akrilam-sennelier-light\/#primaryimage\",\"url\":\"https:\/\/hobstop.ee\/media\/4484.jpg\",\"contentUrl\":\"https:\/\/hobstop.ee\/media\/4484.jpg\",\"width\":1024,\"height\":768},{\"@type\":\"BreadcrumbList\",\"@id\":\"https:\/\/hobstop.ee\/lv\/produkts\/modelesanas-pasta-akrilam-sennelier-light\/#breadcrumb\",\"itemListElement\":[{\"@type\":\"ListItem\",\"position\":1,\"name\":\"Avaleht\",\"item\":\"https:\/\/www.hobstop.ee\/lv\/\"},{\"@type\":\"ListItem\",\"position\":2,\"name\":\"Veikals\",\"item\":\"https:\/\/www.hobstop.ee\/lv\/veikals\/\"},{\"@type\":\"ListItem\",\"position\":3,\"name\":\"Model\u0113\u0161anas pasta akrilam Sennelier Light\"}]},{\"@type\":\"WebSite\",\"@id\":\"https:\/\/hobstop.ee\/lv\/#website\",\"url\":\"https:\/\/hobstop.ee\/lv\/\",\"name\":\"Skizze\",\"description\":\"M\u0101kslas, hobiju un skolas preces\",\"publisher\":{\"@id\":\"https:\/\/hobstop.ee\/lv\/#organization\"},\"potentialAction\":[{\"@type\":\"SearchAction\",\"target\":{\"@type\":\"EntryPoint\",\"urlTemplate\":\"https:\/\/hobstop.ee\/lv\/?s={search_term_string}\"},\"query-input\":{\"@type\":\"PropertyValueSpecification\",\"valueRequired\":true,\"valueName\":\"search_term_string\"}}],\"inLanguage\":\"lv-LV\"},{\"@type\":\"Organization\",\"@id\":\"https:\/\/hobstop.ee\/lv\/#organization\",\"name\":\"Vunder AS\",\"url\":\"https:\/\/hobstop.ee\/lv\/\",\"logo\":{\"@type\":\"ImageObject\",\"inLanguage\":\"lv-LV\",\"@id\":\"https:\/\/hobstop.ee\/lv\/#\/schema\/logo\/image\/\",\"url\":\"https:\/\/hobstop.ee\/media\/vunder-logo.png\",\"contentUrl\":\"https:\/\/hobstop.ee\/media\/vunder-logo.png\",\"width\":127,\"height\":55,\"caption\":\"Vunder AS\"},\"image\":{\"@id\":\"https:\/\/hobstop.ee\/lv\/#\/schema\/logo\/image\/\"},\"sameAs\":[\"http:\/\/www.facebook.com\/VunderSkizze\"]}]}<\/script>\n<!-- \/ Yoast SEO plugin. -->","yoast_head_json":{"title":"Model\u0113\u0161anas pasta akrilam Sennelier Light &#8211; Skizze","robots":{"index":"noindex","follow":"follow","max-snippet":"max-snippet:-1","max-image-preview":"max-image-preview:large","max-video-preview":"max-video-preview:-1"},"og_locale":"lv_LV","og_type":"article","og_title":"Model\u0113\u0161anas pasta akrilam Sennelier Light &#8211; Skizze","og_description":"\u0160\u012b biez\u0101 pasta \u013cauj veidot p\u0101rkl\u0101jumu un reljefu. Taj\u0101 var lieliski veidot atz\u012bmes ar darbar\u012bkiem un nospiedumus, lai rad\u012btu interesantu reljefu, taj\u0101 pa\u0161\u0101 laik\u0101 t\u0101 nodro\u0161ina pl\u0113vei lielisku elast\u012bbu. To var izmantot t\u012br\u0101 veid\u0101 vai ar\u012b iepriek\u0161 sajaucot ar akrila kr\u0101s\u0101m. \u016aden\u012b \u0161\u0137\u012bsto\u0161a, \u0101tri \u017e\u016bsto\u0161a un, kad no\u017euvusi, k\u013c\u016bst \u016bdens iztur\u012bga.","og_url":"https:\/\/hobstop.ee\/lv\/produkts\/modelesanas-pasta-akrilam-sennelier-light\/","og_site_name":"Skizze","article_publisher":"http:\/\/www.facebook.com\/VunderSkizze","og_image":[{"width":1024,"height":768,"url":"https:\/\/hobstop.ee\/media\/4484.jpg","type":"image\/jpeg"}],"twitter_card":"summary_large_image","schema":{"@context":"https:\/\/schema.org","@graph":[{"@type":"WebPage","@id":"https:\/\/hobstop.ee\/lv\/produkts\/modelesanas-pasta-akrilam-sennelier-light\/","url":"https:\/\/hobstop.ee\/lv\/produkts\/modelesanas-pasta-akrilam-sennelier-light\/","name":"Model\u0113\u0161anas pasta akrilam Sennelier Light &#8211; Skizze","isPartOf":{"@id":"https:\/\/hobstop.ee\/lv\/#website"},"primaryImageOfPage":{"@id":"https:\/\/hobstop.ee\/lv\/produkts\/modelesanas-pasta-akrilam-sennelier-light\/#primaryimage"},"image":{"@id":"https:\/\/hobstop.ee\/lv\/produkts\/modelesanas-pasta-akrilam-sennelier-light\/#primaryimage"},"thumbnailUrl":"https:\/\/hobstop.ee\/media\/4484.jpg","datePublished":"2017-04-04T08:57:55+00:00","dateModified":"2017-04-04T08:57:55+00:00","breadcrumb":{"@id":"https:\/\/hobstop.ee\/lv\/produkts\/modelesanas-pasta-akrilam-sennelier-light\/#breadcrumb"},"inLanguage":"lv-LV","potentialAction":[{"@type":"ReadAction","target":["https:\/\/hobstop.ee\/lv\/produkts\/modelesanas-pasta-akrilam-sennelier-light\/"]}]},{"@type":"ImageObject","inLanguage":"lv-LV","@id":"https:\/\/hobstop.ee\/lv\/produkts\/modelesanas-pasta-akrilam-sennelier-light\/#primaryimage","url":"https:\/\/hobstop.ee\/media\/4484.jpg","contentUrl":"https:\/\/hobstop.ee\/media\/4484.jpg","width":1024,"height":768},{"@type":"BreadcrumbList","@id":"https:\/\/hobstop.ee\/lv\/produkts\/modelesanas-pasta-akrilam-sennelier-light\/#breadcrumb","itemListElement":[{"@type":"ListItem","position":1,"name":"Avaleht","item":"https:\/\/www.hobstop.ee\/lv\/"},{"@type":"ListItem","position":2,"name":"Veikals","item":"https:\/\/www.hobstop.ee\/lv\/veikals\/"},{"@type":"ListItem","position":3,"name":"Model\u0113\u0161anas pasta akrilam Sennelier Light"}]},{"@type":"WebSite","@id":"https:\/\/hobstop.ee\/lv\/#website","url":"https:\/\/hobstop.ee\/lv\/","name":"Skizze","description":"M\u0101kslas, hobiju un skolas preces","publisher":{"@id":"https:\/\/hobstop.ee\/lv\/#organization"},"potentialAction":[{"@type":"SearchAction","target":{"@type":"EntryPoint","urlTemplate":"https:\/\/hobstop.ee\/lv\/?s={search_term_string}"},"query-input":{"@type":"PropertyValueSpecification","valueRequired":true,"valueName":"search_term_string"}}],"inLanguage":"lv-LV"},{"@type":"Organization","@id":"https:\/\/hobstop.ee\/lv\/#organization","name":"Vunder AS","url":"https:\/\/hobstop.ee\/lv\/","logo":{"@type":"ImageObject","inLanguage":"lv-LV","@id":"https:\/\/hobstop.ee\/lv\/#\/schema\/logo\/image\/","url":"https:\/\/hobstop.ee\/media\/vunder-logo.png","contentUrl":"https:\/\/hobstop.ee\/media\/vunder-logo.png","width":127,"height":55,"caption":"Vunder AS"},"image":{"@id":"https:\/\/hobstop.ee\/lv\/#\/schema\/logo\/image\/"},"sameAs":["http:\/\/www.facebook.com\/VunderSkizze"]}]}},"_links":{"self":[{"href":"https:\/\/hobstop.ee\/lv\/wp-json\/wp\/v2\/product\/284148","targetHints":{"allow":["GET"]}}],"collection":[{"href":"https:\/\/hobstop.ee\/lv\/wp-json\/wp\/v2\/product"}],"about":[{"href":"https:\/\/hobstop.ee\/lv\/wp-json\/wp\/v2\/types\/product"}],"replies":[{"embeddable":true,"href":"https:\/\/hobstop.ee\/lv\/wp-json\/wp\/v2\/comments?post=284148"}],"wp:featuredmedia":[{"embeddable":true,"href":"https:\/\/hobstop.ee\/lv\/wp-json\/wp\/v2\/media\/284685"}],"wp:attachment":[{"href":"https:\/\/hobstop.ee\/lv\/wp-json\/wp\/v2\/media?parent=284148"}],"wp:term":[{"taxonomy":"product_cat","embeddable":true,"href":"https:\/\/hobstop.ee\/lv\/wp-json\/wp\/v2\/product_cat?post=284148"},{"taxonomy":"product_tag","embeddable":true,"href":"https:\/\/hobstop.ee\/lv\/wp-json\/wp\/v2\/product_tag?post=284148"}],"curies":[{"name":"wp","href":"https:\/\/api.w.org\/{rel}","templated":true}]}}