{"id":284152,"date":"2017-04-04T11:57:56","date_gmt":"2017-04-04T08:57:56","guid":{"rendered":"https:\/\/sharks.ee\/vunder_2019\/lv\/product\/medijs-laka-akrilam-sennelier-spidigs\/"},"modified":"2017-04-04T11:57:56","modified_gmt":"2017-04-04T08:57:56","slug":"medijs-laka-akrilam-sennelier-spidigs","status":"publish","type":"product","link":"https:\/\/hobstop.ee\/lv\/produkts\/medijs-laka-akrilam-sennelier-spidigs\/","title":{"rendered":"Medijs-laka akrilam Sennelier sp\u012bd\u012bgs"},"content":{"rendered":"<p>Sennelier medijs un sp\u012bd\u012bg\u0101 laka uzlabo kr\u0101sas pl\u016bsmu, dzidrumu un dzi\u013cumu. Pievienojot akrila kr\u0101s\u0101m, pie\u0161\u0137ir glaz\u0113tu sp\u012bdumu. To var uzkl\u0101t ar otu uz piln\u012bgi sausas virsmas. Satur UV starojumu absorb\u0113jo\u0161\u0101s vielas, kas rada glanc\u0113tu aizsarg\u0101jo\u0161o pl\u0113vi iztur\u012bgu pret kait\u012bgo gaismas ietekmi un pret skr\u0101p\u0113jumiem. Mitr\u0101 st\u0101vokl\u012b caursp\u012bd\u012bga, ta\u010du, no\u017e\u016bstot, k\u013c\u016bst piln\u012bgi caursp\u012bd\u012bga, nedzelt\u0113, \u016bdens iztur\u012bga, ilgnotur\u012bga un stabila.<\/p>\n","protected":false},"excerpt":{"rendered":"<p>Sennelier medijs un sp\u012bd\u012bg\u0101 laka uzlabo kr\u0101sas pl\u016bsmu, dzidrumu un dzi\u013cumu. Pievienojot akrila kr\u0101s\u0101m, pie\u0161\u0137ir glaz\u0113tu sp\u012bdumu. To var uzkl\u0101t ar otu uz piln\u012bgi sausas virsmas. Satur UV starojumu absorb\u0113jo\u0161\u0101s vielas, kas rada glanc\u0113tu aizsarg\u0101jo\u0161o pl\u0113vi iztur\u012bgu pret kait\u012bgo gaismas ietekmi un pret skr\u0101p\u0113jumiem. Mitr\u0101 st\u0101vokl\u012b caursp\u012bd\u012bga, ta\u010du, no\u017e\u016bstot, k\u013c\u016bst piln\u012bgi caursp\u012bd\u012bga, nedzelt\u0113, \u016bdens iztur\u012bga, ilgnotur\u012bga un stabila.<\/p>\n","protected":false},"featured_media":284689,"comment_status":"closed","ping_status":"closed","template":"","meta":{"_acf_changed":false,"ep_exclude_from_search":false},"product_cat":[18997,17980,16123],"product_tag":[],"class_list":{"0":"post-284152","1":"product","2":"type-product","3":"status-publish","4":"has-post-thumbnail","6":"product_cat-akrilkrasu-mediji-3","7":"product_cat-krasas-un-gleznosanas-paligmateriali","8":"product_cat-makslas-piederumi-2","10":"first","11":"outofstock","12":"taxable","13":"shipping-taxable","14":"purchasable","15":"product-type-simple"},"acf":[],"yoast_head":"<!-- This site is optimized with the Yoast SEO plugin v24.1 - https:\/\/yoast.com\/wordpress\/plugins\/seo\/ -->\n<title>Medijs-laka akrilam Sennelier sp\u012bd\u012bgs &#8211; Skizze<\/title>\n<meta name=\"robots\" content=\"noindex, follow, max-snippet:-1, max-image-preview:large, max-video-preview:-1\" \/>\n<meta property=\"og:locale\" content=\"lv_LV\" \/>\n<meta property=\"og:type\" content=\"article\" \/>\n<meta property=\"og:title\" content=\"Medijs-laka akrilam Sennelier sp\u012bd\u012bgs &#8211; Skizze\" \/>\n<meta property=\"og:description\" content=\"Sennelier medijs un sp\u012bd\u012bg\u0101 laka uzlabo kr\u0101sas pl\u016bsmu, dzidrumu un dzi\u013cumu. Pievienojot akrila kr\u0101s\u0101m, pie\u0161\u0137ir glaz\u0113tu sp\u012bdumu. To var uzkl\u0101t ar otu uz piln\u012bgi sausas virsmas. Satur UV starojumu absorb\u0113jo\u0161\u0101s vielas, kas rada glanc\u0113tu aizsarg\u0101jo\u0161o pl\u0113vi iztur\u012bgu pret kait\u012bgo gaismas ietekmi un pret skr\u0101p\u0113jumiem. Mitr\u0101 st\u0101vokl\u012b caursp\u012bd\u012bga, ta\u010du, no\u017e\u016bstot, k\u013c\u016bst piln\u012bgi caursp\u012bd\u012bga, nedzelt\u0113, \u016bdens iztur\u012bga, ilgnotur\u012bga un stabila.\" \/>\n<meta property=\"og:url\" content=\"https:\/\/hobstop.ee\/lv\/produkts\/medijs-laka-akrilam-sennelier-spidigs\/\" \/>\n<meta property=\"og:site_name\" content=\"Skizze\" \/>\n<meta property=\"article:publisher\" content=\"http:\/\/www.facebook.com\/VunderSkizze\" \/>\n<meta property=\"og:image\" content=\"https:\/\/www.hobstop.ee\/media\/4485.jpg\" \/>\n\t<meta property=\"og:image:width\" content=\"1024\" \/>\n\t<meta property=\"og:image:height\" content=\"768\" \/>\n\t<meta property=\"og:image:type\" content=\"image\/jpeg\" \/>\n<meta name=\"twitter:card\" content=\"summary_large_image\" \/>\n<script type=\"application\/ld+json\" class=\"yoast-schema-graph\">{\"@context\":\"https:\/\/schema.org\",\"@graph\":[{\"@type\":\"WebPage\",\"@id\":\"https:\/\/hobstop.ee\/lv\/produkts\/medijs-laka-akrilam-sennelier-spidigs\/\",\"url\":\"https:\/\/hobstop.ee\/lv\/produkts\/medijs-laka-akrilam-sennelier-spidigs\/\",\"name\":\"Medijs-laka akrilam Sennelier sp\u012bd\u012bgs &#8211; Skizze\",\"isPartOf\":{\"@id\":\"https:\/\/hobstop.ee\/lv\/#website\"},\"primaryImageOfPage\":{\"@id\":\"https:\/\/hobstop.ee\/lv\/produkts\/medijs-laka-akrilam-sennelier-spidigs\/#primaryimage\"},\"image\":{\"@id\":\"https:\/\/hobstop.ee\/lv\/produkts\/medijs-laka-akrilam-sennelier-spidigs\/#primaryimage\"},\"thumbnailUrl\":\"https:\/\/hobstop.ee\/media\/4485.jpg\",\"datePublished\":\"2017-04-04T08:57:56+00:00\",\"dateModified\":\"2017-04-04T08:57:56+00:00\",\"breadcrumb\":{\"@id\":\"https:\/\/hobstop.ee\/lv\/produkts\/medijs-laka-akrilam-sennelier-spidigs\/#breadcrumb\"},\"inLanguage\":\"lv-LV\",\"potentialAction\":[{\"@type\":\"ReadAction\",\"target\":[\"https:\/\/hobstop.ee\/lv\/produkts\/medijs-laka-akrilam-sennelier-spidigs\/\"]}]},{\"@type\":\"ImageObject\",\"inLanguage\":\"lv-LV\",\"@id\":\"https:\/\/hobstop.ee\/lv\/produkts\/medijs-laka-akrilam-sennelier-spidigs\/#primaryimage\",\"url\":\"https:\/\/hobstop.ee\/media\/4485.jpg\",\"contentUrl\":\"https:\/\/hobstop.ee\/media\/4485.jpg\",\"width\":1024,\"height\":768},{\"@type\":\"BreadcrumbList\",\"@id\":\"https:\/\/hobstop.ee\/lv\/produkts\/medijs-laka-akrilam-sennelier-spidigs\/#breadcrumb\",\"itemListElement\":[{\"@type\":\"ListItem\",\"position\":1,\"name\":\"Avaleht\",\"item\":\"https:\/\/www.hobstop.ee\/lv\/\"},{\"@type\":\"ListItem\",\"position\":2,\"name\":\"Veikals\",\"item\":\"https:\/\/www.hobstop.ee\/lv\/veikals\/\"},{\"@type\":\"ListItem\",\"position\":3,\"name\":\"Medijs-laka akrilam Sennelier sp\u012bd\u012bgs\"}]},{\"@type\":\"WebSite\",\"@id\":\"https:\/\/hobstop.ee\/lv\/#website\",\"url\":\"https:\/\/hobstop.ee\/lv\/\",\"name\":\"Skizze\",\"description\":\"M\u0101kslas, hobiju un skolas preces\",\"publisher\":{\"@id\":\"https:\/\/hobstop.ee\/lv\/#organization\"},\"potentialAction\":[{\"@type\":\"SearchAction\",\"target\":{\"@type\":\"EntryPoint\",\"urlTemplate\":\"https:\/\/hobstop.ee\/lv\/?s={search_term_string}\"},\"query-input\":{\"@type\":\"PropertyValueSpecification\",\"valueRequired\":true,\"valueName\":\"search_term_string\"}}],\"inLanguage\":\"lv-LV\"},{\"@type\":\"Organization\",\"@id\":\"https:\/\/hobstop.ee\/lv\/#organization\",\"name\":\"Vunder AS\",\"url\":\"https:\/\/hobstop.ee\/lv\/\",\"logo\":{\"@type\":\"ImageObject\",\"inLanguage\":\"lv-LV\",\"@id\":\"https:\/\/hobstop.ee\/lv\/#\/schema\/logo\/image\/\",\"url\":\"https:\/\/hobstop.ee\/media\/vunder-logo.png\",\"contentUrl\":\"https:\/\/hobstop.ee\/media\/vunder-logo.png\",\"width\":127,\"height\":55,\"caption\":\"Vunder AS\"},\"image\":{\"@id\":\"https:\/\/hobstop.ee\/lv\/#\/schema\/logo\/image\/\"},\"sameAs\":[\"http:\/\/www.facebook.com\/VunderSkizze\"]}]}<\/script>\n<!-- \/ Yoast SEO plugin. -->","yoast_head_json":{"title":"Medijs-laka akrilam Sennelier sp\u012bd\u012bgs &#8211; Skizze","robots":{"index":"noindex","follow":"follow","max-snippet":"max-snippet:-1","max-image-preview":"max-image-preview:large","max-video-preview":"max-video-preview:-1"},"og_locale":"lv_LV","og_type":"article","og_title":"Medijs-laka akrilam Sennelier sp\u012bd\u012bgs &#8211; Skizze","og_description":"Sennelier medijs un sp\u012bd\u012bg\u0101 laka uzlabo kr\u0101sas pl\u016bsmu, dzidrumu un dzi\u013cumu. Pievienojot akrila kr\u0101s\u0101m, pie\u0161\u0137ir glaz\u0113tu sp\u012bdumu. To var uzkl\u0101t ar otu uz piln\u012bgi sausas virsmas. Satur UV starojumu absorb\u0113jo\u0161\u0101s vielas, kas rada glanc\u0113tu aizsarg\u0101jo\u0161o pl\u0113vi iztur\u012bgu pret kait\u012bgo gaismas ietekmi un pret skr\u0101p\u0113jumiem. Mitr\u0101 st\u0101vokl\u012b caursp\u012bd\u012bga, ta\u010du, no\u017e\u016bstot, k\u013c\u016bst piln\u012bgi caursp\u012bd\u012bga, nedzelt\u0113, \u016bdens iztur\u012bga, ilgnotur\u012bga un stabila.","og_url":"https:\/\/hobstop.ee\/lv\/produkts\/medijs-laka-akrilam-sennelier-spidigs\/","og_site_name":"Skizze","article_publisher":"http:\/\/www.facebook.com\/VunderSkizze","og_image":[{"width":1024,"height":768,"url":"https:\/\/www.hobstop.ee\/media\/4485.jpg","type":"image\/jpeg"}],"twitter_card":"summary_large_image","schema":{"@context":"https:\/\/schema.org","@graph":[{"@type":"WebPage","@id":"https:\/\/hobstop.ee\/lv\/produkts\/medijs-laka-akrilam-sennelier-spidigs\/","url":"https:\/\/hobstop.ee\/lv\/produkts\/medijs-laka-akrilam-sennelier-spidigs\/","name":"Medijs-laka akrilam Sennelier sp\u012bd\u012bgs &#8211; Skizze","isPartOf":{"@id":"https:\/\/hobstop.ee\/lv\/#website"},"primaryImageOfPage":{"@id":"https:\/\/hobstop.ee\/lv\/produkts\/medijs-laka-akrilam-sennelier-spidigs\/#primaryimage"},"image":{"@id":"https:\/\/hobstop.ee\/lv\/produkts\/medijs-laka-akrilam-sennelier-spidigs\/#primaryimage"},"thumbnailUrl":"https:\/\/hobstop.ee\/media\/4485.jpg","datePublished":"2017-04-04T08:57:56+00:00","dateModified":"2017-04-04T08:57:56+00:00","breadcrumb":{"@id":"https:\/\/hobstop.ee\/lv\/produkts\/medijs-laka-akrilam-sennelier-spidigs\/#breadcrumb"},"inLanguage":"lv-LV","potentialAction":[{"@type":"ReadAction","target":["https:\/\/hobstop.ee\/lv\/produkts\/medijs-laka-akrilam-sennelier-spidigs\/"]}]},{"@type":"ImageObject","inLanguage":"lv-LV","@id":"https:\/\/hobstop.ee\/lv\/produkts\/medijs-laka-akrilam-sennelier-spidigs\/#primaryimage","url":"https:\/\/hobstop.ee\/media\/4485.jpg","contentUrl":"https:\/\/hobstop.ee\/media\/4485.jpg","width":1024,"height":768},{"@type":"BreadcrumbList","@id":"https:\/\/hobstop.ee\/lv\/produkts\/medijs-laka-akrilam-sennelier-spidigs\/#breadcrumb","itemListElement":[{"@type":"ListItem","position":1,"name":"Avaleht","item":"https:\/\/www.hobstop.ee\/lv\/"},{"@type":"ListItem","position":2,"name":"Veikals","item":"https:\/\/www.hobstop.ee\/lv\/veikals\/"},{"@type":"ListItem","position":3,"name":"Medijs-laka akrilam Sennelier sp\u012bd\u012bgs"}]},{"@type":"WebSite","@id":"https:\/\/hobstop.ee\/lv\/#website","url":"https:\/\/hobstop.ee\/lv\/","name":"Skizze","description":"M\u0101kslas, hobiju un skolas preces","publisher":{"@id":"https:\/\/hobstop.ee\/lv\/#organization"},"potentialAction":[{"@type":"SearchAction","target":{"@type":"EntryPoint","urlTemplate":"https:\/\/hobstop.ee\/lv\/?s={search_term_string}"},"query-input":{"@type":"PropertyValueSpecification","valueRequired":true,"valueName":"search_term_string"}}],"inLanguage":"lv-LV"},{"@type":"Organization","@id":"https:\/\/hobstop.ee\/lv\/#organization","name":"Vunder AS","url":"https:\/\/hobstop.ee\/lv\/","logo":{"@type":"ImageObject","inLanguage":"lv-LV","@id":"https:\/\/hobstop.ee\/lv\/#\/schema\/logo\/image\/","url":"https:\/\/hobstop.ee\/media\/vunder-logo.png","contentUrl":"https:\/\/hobstop.ee\/media\/vunder-logo.png","width":127,"height":55,"caption":"Vunder AS"},"image":{"@id":"https:\/\/hobstop.ee\/lv\/#\/schema\/logo\/image\/"},"sameAs":["http:\/\/www.facebook.com\/VunderSkizze"]}]}},"_links":{"self":[{"href":"https:\/\/hobstop.ee\/lv\/wp-json\/wp\/v2\/product\/284152","targetHints":{"allow":["GET"]}}],"collection":[{"href":"https:\/\/hobstop.ee\/lv\/wp-json\/wp\/v2\/product"}],"about":[{"href":"https:\/\/hobstop.ee\/lv\/wp-json\/wp\/v2\/types\/product"}],"replies":[{"embeddable":true,"href":"https:\/\/hobstop.ee\/lv\/wp-json\/wp\/v2\/comments?post=284152"}],"wp:featuredmedia":[{"embeddable":true,"href":"https:\/\/hobstop.ee\/lv\/wp-json\/wp\/v2\/media\/284689"}],"wp:attachment":[{"href":"https:\/\/hobstop.ee\/lv\/wp-json\/wp\/v2\/media?parent=284152"}],"wp:term":[{"taxonomy":"product_cat","embeddable":true,"href":"https:\/\/hobstop.ee\/lv\/wp-json\/wp\/v2\/product_cat?post=284152"},{"taxonomy":"product_tag","embeddable":true,"href":"https:\/\/hobstop.ee\/lv\/wp-json\/wp\/v2\/product_tag?post=284152"}],"curies":[{"name":"wp","href":"https:\/\/api.w.org\/{rel}","templated":true}]}}