{"id":284164,"date":"2017-04-04T11:57:59","date_gmt":"2017-04-04T08:57:59","guid":{"rendered":"https:\/\/sharks.ee\/vunder_2019\/lv\/product\/akrila-krasu-medijs-saistviela-sennelier\/"},"modified":"2017-04-04T11:57:59","modified_gmt":"2017-04-04T08:57:59","slug":"akrila-krasu-medijs-saistviela-sennelier","status":"publish","type":"product","link":"https:\/\/hobstop.ee\/lv\/produkts\/akrila-krasu-medijs-saistviela-sennelier\/","title":{"rendered":"Akrila kr\u0101su medijs-saistviela Sennelier"},"content":{"rendered":"<p>Sp\u012bd\u012bga, caursp\u012bd\u012bga akrila saistviela piem\u0113rota interjera un eksterjera darbiem, nodro\u0161inot daudz lab\u0101ku stabilit\u0101ti \u016bden\u012b, sal\u012bdzinot ar produktiem uz Caparol b\u0101zes. Jo maz\u0101k metilceluloze saistvielas medijs tiek izmantots pigmentu pagatavo\u0161anai, jo liel\u0101ka b\u016bs akrila kr\u0101sas \u016bdensiztur\u012bba saus\u0101 veid\u0101. Nodro\u0161ina vienm\u0113r\u012bgu, glanc\u0113tu pl\u0113vi atkar\u012bb\u0101 no izmantoto akrila sve\u0137u daudzuma procentos.<\/p>\n","protected":false},"excerpt":{"rendered":"<p>Sp\u012bd\u012bga, caursp\u012bd\u012bga akrila saistviela piem\u0113rota interjera un eksterjera darbiem, nodro\u0161inot daudz lab\u0101ku stabilit\u0101ti \u016bden\u012b, sal\u012bdzinot ar produktiem uz Caparol b\u0101zes. Jo maz\u0101k metilceluloze saistvielas medijs tiek izmantots pigmentu pagatavo\u0161anai, jo liel\u0101ka b\u016bs akrila kr\u0101sas \u016bdensiztur\u012bba saus\u0101 veid\u0101. Nodro\u0161ina vienm\u0113r\u012bgu, glanc\u0113tu pl\u0113vi atkar\u012bb\u0101 no izmantoto akrila sve\u0137u daudzuma procentos.<\/p>\n","protected":false},"featured_media":284701,"comment_status":"closed","ping_status":"closed","template":"","meta":{"_acf_changed":false,"ep_exclude_from_search":false},"product_cat":[18997,17980,16123],"product_tag":[],"class_list":{"0":"post-284164","1":"product","2":"type-product","3":"status-publish","4":"has-post-thumbnail","6":"product_cat-akrilkrasu-mediji-3","7":"product_cat-krasas-un-gleznosanas-paligmateriali","8":"product_cat-makslas-piederumi-2","10":"first","11":"instock","12":"taxable","13":"shipping-taxable","14":"purchasable","15":"product-type-simple"},"acf":[],"yoast_head":"<!-- This site is optimized with the Yoast SEO plugin v24.1 - https:\/\/yoast.com\/wordpress\/plugins\/seo\/ -->\n<title>Akrila kr\u0101su medijs-saistviela Sennelier &#8211; Skizze<\/title>\n<meta name=\"robots\" content=\"noindex, follow, max-snippet:-1, max-image-preview:large, max-video-preview:-1\" \/>\n<meta property=\"og:locale\" content=\"lv_LV\" \/>\n<meta property=\"og:type\" content=\"article\" \/>\n<meta property=\"og:title\" content=\"Akrila kr\u0101su medijs-saistviela Sennelier &#8211; Skizze\" \/>\n<meta property=\"og:description\" content=\"Sp\u012bd\u012bga, caursp\u012bd\u012bga akrila saistviela piem\u0113rota interjera un eksterjera darbiem, nodro\u0161inot daudz lab\u0101ku stabilit\u0101ti \u016bden\u012b, sal\u012bdzinot ar produktiem uz Caparol b\u0101zes. Jo maz\u0101k metilceluloze saistvielas medijs tiek izmantots pigmentu pagatavo\u0161anai, jo liel\u0101ka b\u016bs akrila kr\u0101sas \u016bdensiztur\u012bba saus\u0101 veid\u0101. Nodro\u0161ina vienm\u0113r\u012bgu, glanc\u0113tu pl\u0113vi atkar\u012bb\u0101 no izmantoto akrila sve\u0137u daudzuma procentos.\" \/>\n<meta property=\"og:url\" content=\"https:\/\/hobstop.ee\/lv\/produkts\/akrila-krasu-medijs-saistviela-sennelier\/\" \/>\n<meta property=\"og:site_name\" content=\"Skizze\" \/>\n<meta property=\"article:publisher\" content=\"http:\/\/www.facebook.com\/VunderSkizze\" \/>\n<meta property=\"og:image\" content=\"https:\/\/hobstop.ee\/media\/4488.jpg\" \/>\n\t<meta property=\"og:image:width\" content=\"1024\" \/>\n\t<meta property=\"og:image:height\" content=\"768\" \/>\n\t<meta property=\"og:image:type\" content=\"image\/jpeg\" \/>\n<meta name=\"twitter:card\" content=\"summary_large_image\" \/>\n<script type=\"application\/ld+json\" class=\"yoast-schema-graph\">{\"@context\":\"https:\/\/schema.org\",\"@graph\":[{\"@type\":\"WebPage\",\"@id\":\"https:\/\/hobstop.ee\/lv\/produkts\/akrila-krasu-medijs-saistviela-sennelier\/\",\"url\":\"https:\/\/hobstop.ee\/lv\/produkts\/akrila-krasu-medijs-saistviela-sennelier\/\",\"name\":\"Akrila kr\u0101su medijs-saistviela Sennelier &#8211; Skizze\",\"isPartOf\":{\"@id\":\"https:\/\/hobstop.ee\/lv\/#website\"},\"primaryImageOfPage\":{\"@id\":\"https:\/\/hobstop.ee\/lv\/produkts\/akrila-krasu-medijs-saistviela-sennelier\/#primaryimage\"},\"image\":{\"@id\":\"https:\/\/hobstop.ee\/lv\/produkts\/akrila-krasu-medijs-saistviela-sennelier\/#primaryimage\"},\"thumbnailUrl\":\"https:\/\/hobstop.ee\/media\/4488.jpg\",\"datePublished\":\"2017-04-04T08:57:59+00:00\",\"dateModified\":\"2017-04-04T08:57:59+00:00\",\"breadcrumb\":{\"@id\":\"https:\/\/hobstop.ee\/lv\/produkts\/akrila-krasu-medijs-saistviela-sennelier\/#breadcrumb\"},\"inLanguage\":\"lv-LV\",\"potentialAction\":[{\"@type\":\"ReadAction\",\"target\":[\"https:\/\/hobstop.ee\/lv\/produkts\/akrila-krasu-medijs-saistviela-sennelier\/\"]}]},{\"@type\":\"ImageObject\",\"inLanguage\":\"lv-LV\",\"@id\":\"https:\/\/hobstop.ee\/lv\/produkts\/akrila-krasu-medijs-saistviela-sennelier\/#primaryimage\",\"url\":\"https:\/\/hobstop.ee\/media\/4488.jpg\",\"contentUrl\":\"https:\/\/hobstop.ee\/media\/4488.jpg\",\"width\":1024,\"height\":768},{\"@type\":\"BreadcrumbList\",\"@id\":\"https:\/\/hobstop.ee\/lv\/produkts\/akrila-krasu-medijs-saistviela-sennelier\/#breadcrumb\",\"itemListElement\":[{\"@type\":\"ListItem\",\"position\":1,\"name\":\"Avaleht\",\"item\":\"https:\/\/www.hobstop.ee\/lv\/\"},{\"@type\":\"ListItem\",\"position\":2,\"name\":\"Veikals\",\"item\":\"https:\/\/www.hobstop.ee\/lv\/veikals\/\"},{\"@type\":\"ListItem\",\"position\":3,\"name\":\"Akrila kr\u0101su medijs-saistviela Sennelier\"}]},{\"@type\":\"WebSite\",\"@id\":\"https:\/\/hobstop.ee\/lv\/#website\",\"url\":\"https:\/\/hobstop.ee\/lv\/\",\"name\":\"Skizze\",\"description\":\"M\u0101kslas, hobiju un skolas preces\",\"publisher\":{\"@id\":\"https:\/\/hobstop.ee\/lv\/#organization\"},\"potentialAction\":[{\"@type\":\"SearchAction\",\"target\":{\"@type\":\"EntryPoint\",\"urlTemplate\":\"https:\/\/hobstop.ee\/lv\/?s={search_term_string}\"},\"query-input\":{\"@type\":\"PropertyValueSpecification\",\"valueRequired\":true,\"valueName\":\"search_term_string\"}}],\"inLanguage\":\"lv-LV\"},{\"@type\":\"Organization\",\"@id\":\"https:\/\/hobstop.ee\/lv\/#organization\",\"name\":\"Vunder AS\",\"url\":\"https:\/\/hobstop.ee\/lv\/\",\"logo\":{\"@type\":\"ImageObject\",\"inLanguage\":\"lv-LV\",\"@id\":\"https:\/\/hobstop.ee\/lv\/#\/schema\/logo\/image\/\",\"url\":\"https:\/\/hobstop.ee\/media\/vunder-logo.png\",\"contentUrl\":\"https:\/\/hobstop.ee\/media\/vunder-logo.png\",\"width\":127,\"height\":55,\"caption\":\"Vunder AS\"},\"image\":{\"@id\":\"https:\/\/hobstop.ee\/lv\/#\/schema\/logo\/image\/\"},\"sameAs\":[\"http:\/\/www.facebook.com\/VunderSkizze\"]}]}<\/script>\n<!-- \/ Yoast SEO plugin. -->","yoast_head_json":{"title":"Akrila kr\u0101su medijs-saistviela Sennelier &#8211; Skizze","robots":{"index":"noindex","follow":"follow","max-snippet":"max-snippet:-1","max-image-preview":"max-image-preview:large","max-video-preview":"max-video-preview:-1"},"og_locale":"lv_LV","og_type":"article","og_title":"Akrila kr\u0101su medijs-saistviela Sennelier &#8211; Skizze","og_description":"Sp\u012bd\u012bga, caursp\u012bd\u012bga akrila saistviela piem\u0113rota interjera un eksterjera darbiem, nodro\u0161inot daudz lab\u0101ku stabilit\u0101ti \u016bden\u012b, sal\u012bdzinot ar produktiem uz Caparol b\u0101zes. Jo maz\u0101k metilceluloze saistvielas medijs tiek izmantots pigmentu pagatavo\u0161anai, jo liel\u0101ka b\u016bs akrila kr\u0101sas \u016bdensiztur\u012bba saus\u0101 veid\u0101. Nodro\u0161ina vienm\u0113r\u012bgu, glanc\u0113tu pl\u0113vi atkar\u012bb\u0101 no izmantoto akrila sve\u0137u daudzuma procentos.","og_url":"https:\/\/hobstop.ee\/lv\/produkts\/akrila-krasu-medijs-saistviela-sennelier\/","og_site_name":"Skizze","article_publisher":"http:\/\/www.facebook.com\/VunderSkizze","og_image":[{"width":1024,"height":768,"url":"https:\/\/hobstop.ee\/media\/4488.jpg","type":"image\/jpeg"}],"twitter_card":"summary_large_image","schema":{"@context":"https:\/\/schema.org","@graph":[{"@type":"WebPage","@id":"https:\/\/hobstop.ee\/lv\/produkts\/akrila-krasu-medijs-saistviela-sennelier\/","url":"https:\/\/hobstop.ee\/lv\/produkts\/akrila-krasu-medijs-saistviela-sennelier\/","name":"Akrila kr\u0101su medijs-saistviela Sennelier &#8211; Skizze","isPartOf":{"@id":"https:\/\/hobstop.ee\/lv\/#website"},"primaryImageOfPage":{"@id":"https:\/\/hobstop.ee\/lv\/produkts\/akrila-krasu-medijs-saistviela-sennelier\/#primaryimage"},"image":{"@id":"https:\/\/hobstop.ee\/lv\/produkts\/akrila-krasu-medijs-saistviela-sennelier\/#primaryimage"},"thumbnailUrl":"https:\/\/hobstop.ee\/media\/4488.jpg","datePublished":"2017-04-04T08:57:59+00:00","dateModified":"2017-04-04T08:57:59+00:00","breadcrumb":{"@id":"https:\/\/hobstop.ee\/lv\/produkts\/akrila-krasu-medijs-saistviela-sennelier\/#breadcrumb"},"inLanguage":"lv-LV","potentialAction":[{"@type":"ReadAction","target":["https:\/\/hobstop.ee\/lv\/produkts\/akrila-krasu-medijs-saistviela-sennelier\/"]}]},{"@type":"ImageObject","inLanguage":"lv-LV","@id":"https:\/\/hobstop.ee\/lv\/produkts\/akrila-krasu-medijs-saistviela-sennelier\/#primaryimage","url":"https:\/\/hobstop.ee\/media\/4488.jpg","contentUrl":"https:\/\/hobstop.ee\/media\/4488.jpg","width":1024,"height":768},{"@type":"BreadcrumbList","@id":"https:\/\/hobstop.ee\/lv\/produkts\/akrila-krasu-medijs-saistviela-sennelier\/#breadcrumb","itemListElement":[{"@type":"ListItem","position":1,"name":"Avaleht","item":"https:\/\/www.hobstop.ee\/lv\/"},{"@type":"ListItem","position":2,"name":"Veikals","item":"https:\/\/www.hobstop.ee\/lv\/veikals\/"},{"@type":"ListItem","position":3,"name":"Akrila kr\u0101su medijs-saistviela Sennelier"}]},{"@type":"WebSite","@id":"https:\/\/hobstop.ee\/lv\/#website","url":"https:\/\/hobstop.ee\/lv\/","name":"Skizze","description":"M\u0101kslas, hobiju un skolas preces","publisher":{"@id":"https:\/\/hobstop.ee\/lv\/#organization"},"potentialAction":[{"@type":"SearchAction","target":{"@type":"EntryPoint","urlTemplate":"https:\/\/hobstop.ee\/lv\/?s={search_term_string}"},"query-input":{"@type":"PropertyValueSpecification","valueRequired":true,"valueName":"search_term_string"}}],"inLanguage":"lv-LV"},{"@type":"Organization","@id":"https:\/\/hobstop.ee\/lv\/#organization","name":"Vunder AS","url":"https:\/\/hobstop.ee\/lv\/","logo":{"@type":"ImageObject","inLanguage":"lv-LV","@id":"https:\/\/hobstop.ee\/lv\/#\/schema\/logo\/image\/","url":"https:\/\/hobstop.ee\/media\/vunder-logo.png","contentUrl":"https:\/\/hobstop.ee\/media\/vunder-logo.png","width":127,"height":55,"caption":"Vunder AS"},"image":{"@id":"https:\/\/hobstop.ee\/lv\/#\/schema\/logo\/image\/"},"sameAs":["http:\/\/www.facebook.com\/VunderSkizze"]}]}},"_links":{"self":[{"href":"https:\/\/hobstop.ee\/lv\/wp-json\/wp\/v2\/product\/284164","targetHints":{"allow":["GET"]}}],"collection":[{"href":"https:\/\/hobstop.ee\/lv\/wp-json\/wp\/v2\/product"}],"about":[{"href":"https:\/\/hobstop.ee\/lv\/wp-json\/wp\/v2\/types\/product"}],"replies":[{"embeddable":true,"href":"https:\/\/hobstop.ee\/lv\/wp-json\/wp\/v2\/comments?post=284164"}],"wp:featuredmedia":[{"embeddable":true,"href":"https:\/\/hobstop.ee\/lv\/wp-json\/wp\/v2\/media\/284701"}],"wp:attachment":[{"href":"https:\/\/hobstop.ee\/lv\/wp-json\/wp\/v2\/media?parent=284164"}],"wp:term":[{"taxonomy":"product_cat","embeddable":true,"href":"https:\/\/hobstop.ee\/lv\/wp-json\/wp\/v2\/product_cat?post=284164"},{"taxonomy":"product_tag","embeddable":true,"href":"https:\/\/hobstop.ee\/lv\/wp-json\/wp\/v2\/product_tag?post=284164"}],"curies":[{"name":"wp","href":"https:\/\/api.w.org\/{rel}","templated":true}]}}