{"id":284168,"date":"2017-04-04T11:57:59","date_gmt":"2017-04-04T08:57:59","guid":{"rendered":"https:\/\/sharks.ee\/vunder_2019\/lv\/product\/ota-raphael-oleo-293-plakana\/"},"modified":"2017-04-04T11:57:59","modified_gmt":"2017-04-04T08:57:59","slug":"ota-raphael-oleo-293-plakana","status":"publish","type":"product","link":"https:\/\/hobstop.ee\/lv\/produkts\/ota-raphael-oleo-293-plakana\/","title":{"rendered":"Ota Raphael Oleo 293 plakana"},"content":{"rendered":"<p>Ota ar skaidru dizainu un t\u012br\u0101m l\u012bnij\u0101m, Ol\u00e9o ir ota m\u0101ksliniekiem, kuri mekl\u0113 ori\u0123in\u0101las attiec\u012bbas ar kr\u0101su. T\u0101s baltie sari garant\u0113 lielisku saglab\u0101\u0161anos un lielisku v\u0113rt\u012bbu, ko par naudu var ieg\u0101d\u0101ties. Daudziem m\u0101ksliniekiem plat\u0101s otas ir k\u013cuvu\u0161i par neat\u0146emamu darba instrumentu, \u012bpa\u0161i tiem, kuri glezno uz liel\u0101m virsm\u0101m un\/ vai izmanto kr\u0101sas lielos konteineros. Ar ner\u016bs\u0113jo\u0161\u0101 t\u0113rauda aptveri, lakotu rokturi, kas p\u0101rkl\u0101ts ar ultravioletu laku, un oran\u017eu gali\u0146u.<br \/>\nGlezno\u0161anas tehnika: e\u013c\u013cas kr\u0101sas<\/p>\n","protected":false},"excerpt":{"rendered":"<p>Ota ar skaidru dizainu un t\u012br\u0101m l\u012bnij\u0101m, Ol\u00e9o ir ota m\u0101ksliniekiem, kuri mekl\u0113 ori\u0123in\u0101las attiec\u012bbas ar kr\u0101su. T\u0101s baltie sari garant\u0113 lielisku saglab\u0101\u0161anos un lielisku v\u0113rt\u012bbu, ko par naudu var ieg\u0101d\u0101ties. Daudziem m\u0101ksliniekiem plat\u0101s otas ir k\u013cuvu\u0161i par neat\u0146emamu darba instrumentu, \u012bpa\u0161i tiem, kuri glezno uz liel\u0101m virsm\u0101m un\/ vai izmanto kr\u0101sas lielos konteineros. Ar ner\u016bs\u0113jo\u0161\u0101 t\u0113rauda aptveri, lakotu rokturi, kas p\u0101rkl\u0101ts ar ultravioletu laku, un oran\u017eu gali\u0146u. Glezno\u0161anas tehnika: e\u013c\u013cas kr\u0101sas<\/p>\n","protected":false},"featured_media":284705,"comment_status":"closed","ping_status":"closed","template":"","meta":{"_acf_changed":false,"ep_exclude_from_search":false},"product_cat":[18389,16123,18650],"product_tag":[],"class_list":{"0":"post-284168","1":"product","2":"type-product","3":"status-publish","4":"has-post-thumbnail","6":"product_cat-cuku-saru-otas-3","7":"product_cat-makslas-piederumi-2","8":"product_cat-otas-un-piederumi","10":"first","11":"instock","12":"taxable","13":"shipping-taxable","14":"purchasable","15":"product-type-simple"},"acf":[],"yoast_head":"<!-- This site is optimized with the Yoast SEO plugin v24.1 - https:\/\/yoast.com\/wordpress\/plugins\/seo\/ -->\n<title>Ota Raphael Oleo 293 plakana &#8211; Skizze<\/title>\n<meta name=\"robots\" content=\"noindex, follow, max-snippet:-1, max-image-preview:large, max-video-preview:-1\" \/>\n<meta property=\"og:locale\" content=\"lv_LV\" \/>\n<meta property=\"og:type\" content=\"article\" \/>\n<meta property=\"og:title\" content=\"Ota Raphael Oleo 293 plakana &#8211; Skizze\" \/>\n<meta property=\"og:description\" content=\"Ota ar skaidru dizainu un t\u012br\u0101m l\u012bnij\u0101m, Ol\u00e9o ir ota m\u0101ksliniekiem, kuri mekl\u0113 ori\u0123in\u0101las attiec\u012bbas ar kr\u0101su. T\u0101s baltie sari garant\u0113 lielisku saglab\u0101\u0161anos un lielisku v\u0113rt\u012bbu, ko par naudu var ieg\u0101d\u0101ties. Daudziem m\u0101ksliniekiem plat\u0101s otas ir k\u013cuvu\u0161i par neat\u0146emamu darba instrumentu, \u012bpa\u0161i tiem, kuri glezno uz liel\u0101m virsm\u0101m un\/ vai izmanto kr\u0101sas lielos konteineros. Ar ner\u016bs\u0113jo\u0161\u0101 t\u0113rauda aptveri, lakotu rokturi, kas p\u0101rkl\u0101ts ar ultravioletu laku, un oran\u017eu gali\u0146u. Glezno\u0161anas tehnika: e\u013c\u013cas kr\u0101sas\" \/>\n<meta property=\"og:url\" content=\"https:\/\/hobstop.ee\/lv\/produkts\/ota-raphael-oleo-293-plakana\/\" \/>\n<meta property=\"og:site_name\" content=\"Skizze\" \/>\n<meta property=\"article:publisher\" content=\"http:\/\/www.facebook.com\/VunderSkizze\" \/>\n<meta property=\"og:image\" content=\"https:\/\/hobstop.ee\/media\/4490.jpg\" \/>\n\t<meta property=\"og:image:width\" content=\"1024\" \/>\n\t<meta property=\"og:image:height\" content=\"768\" \/>\n\t<meta property=\"og:image:type\" content=\"image\/jpeg\" \/>\n<meta name=\"twitter:card\" content=\"summary_large_image\" \/>\n<meta name=\"twitter:label1\" content=\"Est. reading time\" \/>\n\t<meta name=\"twitter:data1\" content=\"1 min\u016b\u0161u\" \/>\n<script type=\"application\/ld+json\" class=\"yoast-schema-graph\">{\"@context\":\"https:\/\/schema.org\",\"@graph\":[{\"@type\":\"WebPage\",\"@id\":\"https:\/\/hobstop.ee\/lv\/produkts\/ota-raphael-oleo-293-plakana\/\",\"url\":\"https:\/\/hobstop.ee\/lv\/produkts\/ota-raphael-oleo-293-plakana\/\",\"name\":\"Ota Raphael Oleo 293 plakana &#8211; Skizze\",\"isPartOf\":{\"@id\":\"https:\/\/hobstop.ee\/lv\/#website\"},\"primaryImageOfPage\":{\"@id\":\"https:\/\/hobstop.ee\/lv\/produkts\/ota-raphael-oleo-293-plakana\/#primaryimage\"},\"image\":{\"@id\":\"https:\/\/hobstop.ee\/lv\/produkts\/ota-raphael-oleo-293-plakana\/#primaryimage\"},\"thumbnailUrl\":\"https:\/\/hobstop.ee\/media\/4490.jpg\",\"datePublished\":\"2017-04-04T08:57:59+00:00\",\"dateModified\":\"2017-04-04T08:57:59+00:00\",\"breadcrumb\":{\"@id\":\"https:\/\/hobstop.ee\/lv\/produkts\/ota-raphael-oleo-293-plakana\/#breadcrumb\"},\"inLanguage\":\"lv-LV\",\"potentialAction\":[{\"@type\":\"ReadAction\",\"target\":[\"https:\/\/hobstop.ee\/lv\/produkts\/ota-raphael-oleo-293-plakana\/\"]}]},{\"@type\":\"ImageObject\",\"inLanguage\":\"lv-LV\",\"@id\":\"https:\/\/hobstop.ee\/lv\/produkts\/ota-raphael-oleo-293-plakana\/#primaryimage\",\"url\":\"https:\/\/hobstop.ee\/media\/4490.jpg\",\"contentUrl\":\"https:\/\/hobstop.ee\/media\/4490.jpg\",\"width\":1024,\"height\":768},{\"@type\":\"BreadcrumbList\",\"@id\":\"https:\/\/hobstop.ee\/lv\/produkts\/ota-raphael-oleo-293-plakana\/#breadcrumb\",\"itemListElement\":[{\"@type\":\"ListItem\",\"position\":1,\"name\":\"Avaleht\",\"item\":\"https:\/\/hobstop.ee\/lv\/\"},{\"@type\":\"ListItem\",\"position\":2,\"name\":\"Veikals\",\"item\":\"https:\/\/hobstop.ee\/lv\/veikals\/\"},{\"@type\":\"ListItem\",\"position\":3,\"name\":\"Ota Raphael Oleo 293 plakana\"}]},{\"@type\":\"WebSite\",\"@id\":\"https:\/\/hobstop.ee\/lv\/#website\",\"url\":\"https:\/\/hobstop.ee\/lv\/\",\"name\":\"Skizze\",\"description\":\"M\u0101kslas, hobiju un skolas preces\",\"publisher\":{\"@id\":\"https:\/\/hobstop.ee\/lv\/#organization\"},\"potentialAction\":[{\"@type\":\"SearchAction\",\"target\":{\"@type\":\"EntryPoint\",\"urlTemplate\":\"https:\/\/hobstop.ee\/lv\/?s={search_term_string}\"},\"query-input\":{\"@type\":\"PropertyValueSpecification\",\"valueRequired\":true,\"valueName\":\"search_term_string\"}}],\"inLanguage\":\"lv-LV\"},{\"@type\":\"Organization\",\"@id\":\"https:\/\/hobstop.ee\/lv\/#organization\",\"name\":\"Vunder AS\",\"url\":\"https:\/\/hobstop.ee\/lv\/\",\"logo\":{\"@type\":\"ImageObject\",\"inLanguage\":\"lv-LV\",\"@id\":\"https:\/\/hobstop.ee\/lv\/#\/schema\/logo\/image\/\",\"url\":\"https:\/\/hobstop.ee\/media\/vunder-logo.png\",\"contentUrl\":\"https:\/\/hobstop.ee\/media\/vunder-logo.png\",\"width\":127,\"height\":55,\"caption\":\"Vunder AS\"},\"image\":{\"@id\":\"https:\/\/hobstop.ee\/lv\/#\/schema\/logo\/image\/\"},\"sameAs\":[\"http:\/\/www.facebook.com\/VunderSkizze\"]}]}<\/script>\n<!-- \/ Yoast SEO plugin. -->","yoast_head_json":{"title":"Ota Raphael Oleo 293 plakana &#8211; Skizze","robots":{"index":"noindex","follow":"follow","max-snippet":"max-snippet:-1","max-image-preview":"max-image-preview:large","max-video-preview":"max-video-preview:-1"},"og_locale":"lv_LV","og_type":"article","og_title":"Ota Raphael Oleo 293 plakana &#8211; Skizze","og_description":"Ota ar skaidru dizainu un t\u012br\u0101m l\u012bnij\u0101m, Ol\u00e9o ir ota m\u0101ksliniekiem, kuri mekl\u0113 ori\u0123in\u0101las attiec\u012bbas ar kr\u0101su. T\u0101s baltie sari garant\u0113 lielisku saglab\u0101\u0161anos un lielisku v\u0113rt\u012bbu, ko par naudu var ieg\u0101d\u0101ties. Daudziem m\u0101ksliniekiem plat\u0101s otas ir k\u013cuvu\u0161i par neat\u0146emamu darba instrumentu, \u012bpa\u0161i tiem, kuri glezno uz liel\u0101m virsm\u0101m un\/ vai izmanto kr\u0101sas lielos konteineros. Ar ner\u016bs\u0113jo\u0161\u0101 t\u0113rauda aptveri, lakotu rokturi, kas p\u0101rkl\u0101ts ar ultravioletu laku, un oran\u017eu gali\u0146u. Glezno\u0161anas tehnika: e\u013c\u013cas kr\u0101sas","og_url":"https:\/\/hobstop.ee\/lv\/produkts\/ota-raphael-oleo-293-plakana\/","og_site_name":"Skizze","article_publisher":"http:\/\/www.facebook.com\/VunderSkizze","og_image":[{"width":1024,"height":768,"url":"https:\/\/hobstop.ee\/media\/4490.jpg","type":"image\/jpeg"}],"twitter_card":"summary_large_image","twitter_misc":{"Est. reading time":"1 min\u016b\u0161u"},"schema":{"@context":"https:\/\/schema.org","@graph":[{"@type":"WebPage","@id":"https:\/\/hobstop.ee\/lv\/produkts\/ota-raphael-oleo-293-plakana\/","url":"https:\/\/hobstop.ee\/lv\/produkts\/ota-raphael-oleo-293-plakana\/","name":"Ota Raphael Oleo 293 plakana &#8211; Skizze","isPartOf":{"@id":"https:\/\/hobstop.ee\/lv\/#website"},"primaryImageOfPage":{"@id":"https:\/\/hobstop.ee\/lv\/produkts\/ota-raphael-oleo-293-plakana\/#primaryimage"},"image":{"@id":"https:\/\/hobstop.ee\/lv\/produkts\/ota-raphael-oleo-293-plakana\/#primaryimage"},"thumbnailUrl":"https:\/\/hobstop.ee\/media\/4490.jpg","datePublished":"2017-04-04T08:57:59+00:00","dateModified":"2017-04-04T08:57:59+00:00","breadcrumb":{"@id":"https:\/\/hobstop.ee\/lv\/produkts\/ota-raphael-oleo-293-plakana\/#breadcrumb"},"inLanguage":"lv-LV","potentialAction":[{"@type":"ReadAction","target":["https:\/\/hobstop.ee\/lv\/produkts\/ota-raphael-oleo-293-plakana\/"]}]},{"@type":"ImageObject","inLanguage":"lv-LV","@id":"https:\/\/hobstop.ee\/lv\/produkts\/ota-raphael-oleo-293-plakana\/#primaryimage","url":"https:\/\/hobstop.ee\/media\/4490.jpg","contentUrl":"https:\/\/hobstop.ee\/media\/4490.jpg","width":1024,"height":768},{"@type":"BreadcrumbList","@id":"https:\/\/hobstop.ee\/lv\/produkts\/ota-raphael-oleo-293-plakana\/#breadcrumb","itemListElement":[{"@type":"ListItem","position":1,"name":"Avaleht","item":"https:\/\/hobstop.ee\/lv\/"},{"@type":"ListItem","position":2,"name":"Veikals","item":"https:\/\/hobstop.ee\/lv\/veikals\/"},{"@type":"ListItem","position":3,"name":"Ota Raphael Oleo 293 plakana"}]},{"@type":"WebSite","@id":"https:\/\/hobstop.ee\/lv\/#website","url":"https:\/\/hobstop.ee\/lv\/","name":"Skizze","description":"M\u0101kslas, hobiju un skolas preces","publisher":{"@id":"https:\/\/hobstop.ee\/lv\/#organization"},"potentialAction":[{"@type":"SearchAction","target":{"@type":"EntryPoint","urlTemplate":"https:\/\/hobstop.ee\/lv\/?s={search_term_string}"},"query-input":{"@type":"PropertyValueSpecification","valueRequired":true,"valueName":"search_term_string"}}],"inLanguage":"lv-LV"},{"@type":"Organization","@id":"https:\/\/hobstop.ee\/lv\/#organization","name":"Vunder AS","url":"https:\/\/hobstop.ee\/lv\/","logo":{"@type":"ImageObject","inLanguage":"lv-LV","@id":"https:\/\/hobstop.ee\/lv\/#\/schema\/logo\/image\/","url":"https:\/\/hobstop.ee\/media\/vunder-logo.png","contentUrl":"https:\/\/hobstop.ee\/media\/vunder-logo.png","width":127,"height":55,"caption":"Vunder AS"},"image":{"@id":"https:\/\/hobstop.ee\/lv\/#\/schema\/logo\/image\/"},"sameAs":["http:\/\/www.facebook.com\/VunderSkizze"]}]}},"_links":{"self":[{"href":"https:\/\/hobstop.ee\/lv\/wp-json\/wp\/v2\/product\/284168","targetHints":{"allow":["GET"]}}],"collection":[{"href":"https:\/\/hobstop.ee\/lv\/wp-json\/wp\/v2\/product"}],"about":[{"href":"https:\/\/hobstop.ee\/lv\/wp-json\/wp\/v2\/types\/product"}],"replies":[{"embeddable":true,"href":"https:\/\/hobstop.ee\/lv\/wp-json\/wp\/v2\/comments?post=284168"}],"wp:featuredmedia":[{"embeddable":true,"href":"https:\/\/hobstop.ee\/lv\/wp-json\/wp\/v2\/media\/284705"}],"wp:attachment":[{"href":"https:\/\/hobstop.ee\/lv\/wp-json\/wp\/v2\/media?parent=284168"}],"wp:term":[{"taxonomy":"product_cat","embeddable":true,"href":"https:\/\/hobstop.ee\/lv\/wp-json\/wp\/v2\/product_cat?post=284168"},{"taxonomy":"product_tag","embeddable":true,"href":"https:\/\/hobstop.ee\/lv\/wp-json\/wp\/v2\/product_tag?post=284168"}],"curies":[{"name":"wp","href":"https:\/\/api.w.org\/{rel}","templated":true}]}}