{"id":284172,"date":"2017-04-04T11:58:00","date_gmt":"2017-04-04T08:58:00","guid":{"rendered":"https:\/\/sharks.ee\/vunder_2019\/lv\/product\/lapstina-gleznosanai-liquitex-freestyle-traditional\/"},"modified":"2017-04-04T11:58:00","modified_gmt":"2017-04-04T08:58:00","slug":"lapstina-gleznosanai-liquitex-freestyle-traditional","status":"publish","type":"product","link":"https:\/\/hobstop.ee\/lv\/produkts\/lapstina-gleznosanai-liquitex-freestyle-traditional\/","title":{"rendered":"L\u0101psti\u0146a glezno\u0161anai Liquitex Freestyle Traditional"},"content":{"rendered":"<p>\u0160iem augst\u0101k\u0101s kvalit\u0101tes na\u017eiem ir lab\u0101kie ner\u016bs\u0113jo\u0161\u0101 t\u0113rauda asme\u0146i ar maksim\u0101lu nodilumiztur\u012bbu un uz tiem neveidojas mediju izrais\u012bta korozija, ar\u012b izmantojot akrila medijus. Turkl\u0101t ergonomiskie rokturi nodro\u0161ina liel\u0101ku komfortu un \u0113rt\u0101ku satveri, veicot jebkurus darbus. Liquitex pied\u0101v\u0101 pilnu tradicion\u0101lo na\u017eu kl\u0101stu, kas ietver lielisku iztur\u012bbu pret koroziju un elast\u012bgu atsperi, lai var\u0113tu veikt jebkurus kr\u0101so\u0161anas darbus.<\/p>\n","protected":false},"excerpt":{"rendered":"<p>\u0160iem augst\u0101k\u0101s kvalit\u0101tes na\u017eiem ir lab\u0101kie ner\u016bs\u0113jo\u0161\u0101 t\u0113rauda asme\u0146i ar maksim\u0101lu nodilumiztur\u012bbu un uz tiem neveidojas mediju izrais\u012bta korozija, ar\u012b izmantojot akrila medijus. Turkl\u0101t ergonomiskie rokturi nodro\u0161ina liel\u0101ku komfortu un \u0113rt\u0101ku satveri, veicot jebkurus darbus. Liquitex pied\u0101v\u0101 pilnu tradicion\u0101lo na\u017eu kl\u0101stu, kas ietver lielisku iztur\u012bbu pret koroziju un elast\u012bgu atsperi, lai var\u0113tu veikt jebkurus kr\u0101so\u0161anas darbus.<\/p>\n","protected":false},"featured_media":284709,"comment_status":"closed","ping_status":"closed","template":"","meta":{"_acf_changed":false,"ep_exclude_from_search":false},"product_cat":[18396,16123,18650],"product_tag":[],"class_list":{"0":"post-284172","1":"product","2":"type-product","3":"status-publish","4":"has-post-thumbnail","6":"product_cat-gleznosanas-nazi","7":"product_cat-makslas-piederumi-2","8":"product_cat-otas-un-piederumi","10":"first","11":"instock","12":"taxable","13":"shipping-taxable","14":"purchasable","15":"product-type-simple"},"acf":[],"yoast_head":"<!-- This site is optimized with the Yoast SEO plugin v24.1 - https:\/\/yoast.com\/wordpress\/plugins\/seo\/ -->\n<title>L\u0101psti\u0146a glezno\u0161anai Liquitex Freestyle Traditional &#8211; Skizze<\/title>\n<meta name=\"robots\" content=\"noindex, follow, max-snippet:-1, max-image-preview:large, max-video-preview:-1\" \/>\n<meta property=\"og:locale\" content=\"lv_LV\" \/>\n<meta property=\"og:type\" content=\"article\" \/>\n<meta property=\"og:title\" content=\"L\u0101psti\u0146a glezno\u0161anai Liquitex Freestyle Traditional &#8211; Skizze\" \/>\n<meta property=\"og:description\" content=\"\u0160iem augst\u0101k\u0101s kvalit\u0101tes na\u017eiem ir lab\u0101kie ner\u016bs\u0113jo\u0161\u0101 t\u0113rauda asme\u0146i ar maksim\u0101lu nodilumiztur\u012bbu un uz tiem neveidojas mediju izrais\u012bta korozija, ar\u012b izmantojot akrila medijus. Turkl\u0101t ergonomiskie rokturi nodro\u0161ina liel\u0101ku komfortu un \u0113rt\u0101ku satveri, veicot jebkurus darbus. Liquitex pied\u0101v\u0101 pilnu tradicion\u0101lo na\u017eu kl\u0101stu, kas ietver lielisku iztur\u012bbu pret koroziju un elast\u012bgu atsperi, lai var\u0113tu veikt jebkurus kr\u0101so\u0161anas darbus.\" \/>\n<meta property=\"og:url\" content=\"https:\/\/hobstop.ee\/lv\/produkts\/lapstina-gleznosanai-liquitex-freestyle-traditional\/\" \/>\n<meta property=\"og:site_name\" content=\"Skizze\" \/>\n<meta property=\"article:publisher\" content=\"http:\/\/www.facebook.com\/VunderSkizze\" \/>\n<meta property=\"og:image\" content=\"https:\/\/www.hobstop.ee\/media\/4498.jpg\" \/>\n\t<meta property=\"og:image:width\" content=\"1024\" \/>\n\t<meta property=\"og:image:height\" content=\"768\" \/>\n\t<meta property=\"og:image:type\" content=\"image\/jpeg\" \/>\n<meta name=\"twitter:card\" content=\"summary_large_image\" \/>\n<script type=\"application\/ld+json\" class=\"yoast-schema-graph\">{\"@context\":\"https:\/\/schema.org\",\"@graph\":[{\"@type\":\"WebPage\",\"@id\":\"https:\/\/hobstop.ee\/lv\/produkts\/lapstina-gleznosanai-liquitex-freestyle-traditional\/\",\"url\":\"https:\/\/hobstop.ee\/lv\/produkts\/lapstina-gleznosanai-liquitex-freestyle-traditional\/\",\"name\":\"L\u0101psti\u0146a glezno\u0161anai Liquitex Freestyle Traditional &#8211; Skizze\",\"isPartOf\":{\"@id\":\"https:\/\/hobstop.ee\/lv\/#website\"},\"primaryImageOfPage\":{\"@id\":\"https:\/\/hobstop.ee\/lv\/produkts\/lapstina-gleznosanai-liquitex-freestyle-traditional\/#primaryimage\"},\"image\":{\"@id\":\"https:\/\/hobstop.ee\/lv\/produkts\/lapstina-gleznosanai-liquitex-freestyle-traditional\/#primaryimage\"},\"thumbnailUrl\":\"https:\/\/hobstop.ee\/media\/4498.jpg\",\"datePublished\":\"2017-04-04T08:58:00+00:00\",\"dateModified\":\"2017-04-04T08:58:00+00:00\",\"breadcrumb\":{\"@id\":\"https:\/\/hobstop.ee\/lv\/produkts\/lapstina-gleznosanai-liquitex-freestyle-traditional\/#breadcrumb\"},\"inLanguage\":\"lv-LV\",\"potentialAction\":[{\"@type\":\"ReadAction\",\"target\":[\"https:\/\/hobstop.ee\/lv\/produkts\/lapstina-gleznosanai-liquitex-freestyle-traditional\/\"]}]},{\"@type\":\"ImageObject\",\"inLanguage\":\"lv-LV\",\"@id\":\"https:\/\/hobstop.ee\/lv\/produkts\/lapstina-gleznosanai-liquitex-freestyle-traditional\/#primaryimage\",\"url\":\"https:\/\/hobstop.ee\/media\/4498.jpg\",\"contentUrl\":\"https:\/\/hobstop.ee\/media\/4498.jpg\",\"width\":1024,\"height\":768},{\"@type\":\"BreadcrumbList\",\"@id\":\"https:\/\/hobstop.ee\/lv\/produkts\/lapstina-gleznosanai-liquitex-freestyle-traditional\/#breadcrumb\",\"itemListElement\":[{\"@type\":\"ListItem\",\"position\":1,\"name\":\"Avaleht\",\"item\":\"https:\/\/www.hobstop.ee\/lv\/\"},{\"@type\":\"ListItem\",\"position\":2,\"name\":\"Veikals\",\"item\":\"https:\/\/www.hobstop.ee\/lv\/veikals\/\"},{\"@type\":\"ListItem\",\"position\":3,\"name\":\"L\u0101psti\u0146a glezno\u0161anai Liquitex Freestyle Traditional\"}]},{\"@type\":\"WebSite\",\"@id\":\"https:\/\/hobstop.ee\/lv\/#website\",\"url\":\"https:\/\/hobstop.ee\/lv\/\",\"name\":\"Skizze\",\"description\":\"M\u0101kslas, hobiju un skolas preces\",\"publisher\":{\"@id\":\"https:\/\/hobstop.ee\/lv\/#organization\"},\"potentialAction\":[{\"@type\":\"SearchAction\",\"target\":{\"@type\":\"EntryPoint\",\"urlTemplate\":\"https:\/\/hobstop.ee\/lv\/?s={search_term_string}\"},\"query-input\":{\"@type\":\"PropertyValueSpecification\",\"valueRequired\":true,\"valueName\":\"search_term_string\"}}],\"inLanguage\":\"lv-LV\"},{\"@type\":\"Organization\",\"@id\":\"https:\/\/hobstop.ee\/lv\/#organization\",\"name\":\"Vunder AS\",\"url\":\"https:\/\/hobstop.ee\/lv\/\",\"logo\":{\"@type\":\"ImageObject\",\"inLanguage\":\"lv-LV\",\"@id\":\"https:\/\/hobstop.ee\/lv\/#\/schema\/logo\/image\/\",\"url\":\"https:\/\/hobstop.ee\/media\/vunder-logo.png\",\"contentUrl\":\"https:\/\/hobstop.ee\/media\/vunder-logo.png\",\"width\":127,\"height\":55,\"caption\":\"Vunder AS\"},\"image\":{\"@id\":\"https:\/\/hobstop.ee\/lv\/#\/schema\/logo\/image\/\"},\"sameAs\":[\"http:\/\/www.facebook.com\/VunderSkizze\"]}]}<\/script>\n<!-- \/ Yoast SEO plugin. -->","yoast_head_json":{"title":"L\u0101psti\u0146a glezno\u0161anai Liquitex Freestyle Traditional &#8211; Skizze","robots":{"index":"noindex","follow":"follow","max-snippet":"max-snippet:-1","max-image-preview":"max-image-preview:large","max-video-preview":"max-video-preview:-1"},"og_locale":"lv_LV","og_type":"article","og_title":"L\u0101psti\u0146a glezno\u0161anai Liquitex Freestyle Traditional &#8211; Skizze","og_description":"\u0160iem augst\u0101k\u0101s kvalit\u0101tes na\u017eiem ir lab\u0101kie ner\u016bs\u0113jo\u0161\u0101 t\u0113rauda asme\u0146i ar maksim\u0101lu nodilumiztur\u012bbu un uz tiem neveidojas mediju izrais\u012bta korozija, ar\u012b izmantojot akrila medijus. Turkl\u0101t ergonomiskie rokturi nodro\u0161ina liel\u0101ku komfortu un \u0113rt\u0101ku satveri, veicot jebkurus darbus. Liquitex pied\u0101v\u0101 pilnu tradicion\u0101lo na\u017eu kl\u0101stu, kas ietver lielisku iztur\u012bbu pret koroziju un elast\u012bgu atsperi, lai var\u0113tu veikt jebkurus kr\u0101so\u0161anas darbus.","og_url":"https:\/\/hobstop.ee\/lv\/produkts\/lapstina-gleznosanai-liquitex-freestyle-traditional\/","og_site_name":"Skizze","article_publisher":"http:\/\/www.facebook.com\/VunderSkizze","og_image":[{"width":1024,"height":768,"url":"https:\/\/www.hobstop.ee\/media\/4498.jpg","type":"image\/jpeg"}],"twitter_card":"summary_large_image","schema":{"@context":"https:\/\/schema.org","@graph":[{"@type":"WebPage","@id":"https:\/\/hobstop.ee\/lv\/produkts\/lapstina-gleznosanai-liquitex-freestyle-traditional\/","url":"https:\/\/hobstop.ee\/lv\/produkts\/lapstina-gleznosanai-liquitex-freestyle-traditional\/","name":"L\u0101psti\u0146a glezno\u0161anai Liquitex Freestyle Traditional &#8211; Skizze","isPartOf":{"@id":"https:\/\/hobstop.ee\/lv\/#website"},"primaryImageOfPage":{"@id":"https:\/\/hobstop.ee\/lv\/produkts\/lapstina-gleznosanai-liquitex-freestyle-traditional\/#primaryimage"},"image":{"@id":"https:\/\/hobstop.ee\/lv\/produkts\/lapstina-gleznosanai-liquitex-freestyle-traditional\/#primaryimage"},"thumbnailUrl":"https:\/\/hobstop.ee\/media\/4498.jpg","datePublished":"2017-04-04T08:58:00+00:00","dateModified":"2017-04-04T08:58:00+00:00","breadcrumb":{"@id":"https:\/\/hobstop.ee\/lv\/produkts\/lapstina-gleznosanai-liquitex-freestyle-traditional\/#breadcrumb"},"inLanguage":"lv-LV","potentialAction":[{"@type":"ReadAction","target":["https:\/\/hobstop.ee\/lv\/produkts\/lapstina-gleznosanai-liquitex-freestyle-traditional\/"]}]},{"@type":"ImageObject","inLanguage":"lv-LV","@id":"https:\/\/hobstop.ee\/lv\/produkts\/lapstina-gleznosanai-liquitex-freestyle-traditional\/#primaryimage","url":"https:\/\/hobstop.ee\/media\/4498.jpg","contentUrl":"https:\/\/hobstop.ee\/media\/4498.jpg","width":1024,"height":768},{"@type":"BreadcrumbList","@id":"https:\/\/hobstop.ee\/lv\/produkts\/lapstina-gleznosanai-liquitex-freestyle-traditional\/#breadcrumb","itemListElement":[{"@type":"ListItem","position":1,"name":"Avaleht","item":"https:\/\/www.hobstop.ee\/lv\/"},{"@type":"ListItem","position":2,"name":"Veikals","item":"https:\/\/www.hobstop.ee\/lv\/veikals\/"},{"@type":"ListItem","position":3,"name":"L\u0101psti\u0146a glezno\u0161anai Liquitex Freestyle Traditional"}]},{"@type":"WebSite","@id":"https:\/\/hobstop.ee\/lv\/#website","url":"https:\/\/hobstop.ee\/lv\/","name":"Skizze","description":"M\u0101kslas, hobiju un skolas preces","publisher":{"@id":"https:\/\/hobstop.ee\/lv\/#organization"},"potentialAction":[{"@type":"SearchAction","target":{"@type":"EntryPoint","urlTemplate":"https:\/\/hobstop.ee\/lv\/?s={search_term_string}"},"query-input":{"@type":"PropertyValueSpecification","valueRequired":true,"valueName":"search_term_string"}}],"inLanguage":"lv-LV"},{"@type":"Organization","@id":"https:\/\/hobstop.ee\/lv\/#organization","name":"Vunder AS","url":"https:\/\/hobstop.ee\/lv\/","logo":{"@type":"ImageObject","inLanguage":"lv-LV","@id":"https:\/\/hobstop.ee\/lv\/#\/schema\/logo\/image\/","url":"https:\/\/hobstop.ee\/media\/vunder-logo.png","contentUrl":"https:\/\/hobstop.ee\/media\/vunder-logo.png","width":127,"height":55,"caption":"Vunder AS"},"image":{"@id":"https:\/\/hobstop.ee\/lv\/#\/schema\/logo\/image\/"},"sameAs":["http:\/\/www.facebook.com\/VunderSkizze"]}]}},"_links":{"self":[{"href":"https:\/\/hobstop.ee\/lv\/wp-json\/wp\/v2\/product\/284172","targetHints":{"allow":["GET"]}}],"collection":[{"href":"https:\/\/hobstop.ee\/lv\/wp-json\/wp\/v2\/product"}],"about":[{"href":"https:\/\/hobstop.ee\/lv\/wp-json\/wp\/v2\/types\/product"}],"replies":[{"embeddable":true,"href":"https:\/\/hobstop.ee\/lv\/wp-json\/wp\/v2\/comments?post=284172"}],"wp:featuredmedia":[{"embeddable":true,"href":"https:\/\/hobstop.ee\/lv\/wp-json\/wp\/v2\/media\/284709"}],"wp:attachment":[{"href":"https:\/\/hobstop.ee\/lv\/wp-json\/wp\/v2\/media?parent=284172"}],"wp:term":[{"taxonomy":"product_cat","embeddable":true,"href":"https:\/\/hobstop.ee\/lv\/wp-json\/wp\/v2\/product_cat?post=284172"},{"taxonomy":"product_tag","embeddable":true,"href":"https:\/\/hobstop.ee\/lv\/wp-json\/wp\/v2\/product_tag?post=284172"}],"curies":[{"name":"wp","href":"https:\/\/api.w.org\/{rel}","templated":true}]}}