{"id":284224,"date":"2017-04-04T12:00:34","date_gmt":"2017-04-04T09:00:34","guid":{"rendered":"https:\/\/sharks.ee\/vunder_2019\/lv\/product\/guasas-komplekts-winsornewton-designers\/"},"modified":"2017-04-04T12:00:34","modified_gmt":"2017-04-04T09:00:34","slug":"guasas-komplekts-winsornewton-designers","status":"publish","type":"product","link":"https:\/\/hobstop.ee\/lv\/produkts\/guasas-komplekts-winsornewton-designers\/","title":{"rendered":"Gua\u0161as komplekts Winsor&#038;Newton Designers"},"content":{"rendered":"<p>Winsor&#038;Newton ra\u017eo Designers Gouache kop\u0161 1935. gada un l\u012bdz pat \u0161ai dienai turpina pied\u0101v\u0101t lab\u0101k\u0101s m\u0101ksliniekiem pieejam\u0101s gua\u0161as kr\u0101sas. Designers Gouache kr\u0101sas ir necaursp\u012bd\u012bgas \u016bdens kr\u0101sas, kuras galvenok\u0101rt izmanto dizaineri, ilustratori un komercm\u0101kslinieki, lai rad\u012btu dinamiskas ilustr\u0101cijas. \u0160o kr\u0101su kl\u0101sts pla\u0161i tiek izmantots ar\u012b m\u0101ksl\u0101 k\u0101 necaursp\u012bd\u012bga \u016bdens kr\u0101sa. \u0160odien Designers Gouache kl\u0101sts, pateicoties tehnolo\u0123iju att\u012bst\u012bbai, ir guvis daudz vair\u0101k, kr\u0101sas ir l\u012bdzen\u0101k kl\u0101jas, t\u0101s ir vienm\u0113r\u012bg\u0101kas, nav tik caursp\u012bd\u012bgas, k\u0101 ar\u012b daudz spilgt\u0101kas nek\u0101 jebkad agr\u0101k.<\/p>\n","protected":false},"excerpt":{"rendered":"<p>Winsor&#038;Newton ra\u017eo Designers Gouache kop\u0161 1935. gada un l\u012bdz pat \u0161ai dienai turpina pied\u0101v\u0101t lab\u0101k\u0101s m\u0101ksliniekiem pieejam\u0101s gua\u0161as kr\u0101sas. Designers Gouache kr\u0101sas ir necaursp\u012bd\u012bgas \u016bdens kr\u0101sas, kuras galvenok\u0101rt izmanto dizaineri, ilustratori un komercm\u0101kslinieki, lai rad\u012btu dinamiskas ilustr\u0101cijas. \u0160o kr\u0101su kl\u0101sts pla\u0161i tiek izmantots ar\u012b m\u0101ksl\u0101 k\u0101 necaursp\u012bd\u012bga \u016bdens kr\u0101sa. \u0160odien Designers Gouache kl\u0101sts, pateicoties tehnolo\u0123iju att\u012bst\u012bbai, ir guvis daudz vair\u0101k, kr\u0101sas ir l\u012bdzen\u0101k kl\u0101jas, t\u0101s ir vienm\u0113r\u012bg\u0101kas, nav tik caursp\u012bd\u012bgas, k\u0101 ar\u012b daudz spilgt\u0101kas nek\u0101 jebkad agr\u0101k.<\/p>\n","protected":false},"featured_media":284761,"comment_status":"closed","ping_status":"closed","template":"","meta":{"_acf_changed":false,"ep_exclude_from_search":false},"product_cat":[20196,17980,16123],"product_tag":[],"class_list":{"0":"post-284224","1":"product","2":"type-product","3":"status-publish","4":"has-post-thumbnail","6":"product_cat-guasa-krasas","7":"product_cat-krasas-un-gleznosanas-paligmateriali","8":"product_cat-makslas-piederumi-2","10":"first","11":"instock","12":"taxable","13":"shipping-taxable","14":"purchasable","15":"product-type-simple"},"acf":[],"yoast_head":"<!-- This site is optimized with the Yoast SEO plugin v24.1 - https:\/\/yoast.com\/wordpress\/plugins\/seo\/ -->\n<title>Gua\u0161as komplekts Winsor&amp;Newton Designers &#8211; Skizze<\/title>\n<meta name=\"robots\" content=\"noindex, follow, max-snippet:-1, max-image-preview:large, max-video-preview:-1\" \/>\n<meta property=\"og:locale\" content=\"lv_LV\" \/>\n<meta property=\"og:type\" content=\"article\" \/>\n<meta property=\"og:title\" content=\"Gua\u0161as komplekts Winsor&amp;Newton Designers &#8211; Skizze\" \/>\n<meta property=\"og:description\" content=\"Winsor&#038;Newton ra\u017eo Designers Gouache kop\u0161 1935. gada un l\u012bdz pat \u0161ai dienai turpina pied\u0101v\u0101t lab\u0101k\u0101s m\u0101ksliniekiem pieejam\u0101s gua\u0161as kr\u0101sas. Designers Gouache kr\u0101sas ir necaursp\u012bd\u012bgas \u016bdens kr\u0101sas, kuras galvenok\u0101rt izmanto dizaineri, ilustratori un komercm\u0101kslinieki, lai rad\u012btu dinamiskas ilustr\u0101cijas. \u0160o kr\u0101su kl\u0101sts pla\u0161i tiek izmantots ar\u012b m\u0101ksl\u0101 k\u0101 necaursp\u012bd\u012bga \u016bdens kr\u0101sa. \u0160odien Designers Gouache kl\u0101sts, pateicoties tehnolo\u0123iju att\u012bst\u012bbai, ir guvis daudz vair\u0101k, kr\u0101sas ir l\u012bdzen\u0101k kl\u0101jas, t\u0101s ir vienm\u0113r\u012bg\u0101kas, nav tik caursp\u012bd\u012bgas, k\u0101 ar\u012b daudz spilgt\u0101kas nek\u0101 jebkad agr\u0101k.\" \/>\n<meta property=\"og:url\" content=\"https:\/\/hobstop.ee\/lv\/produkts\/guasas-komplekts-winsornewton-designers\/\" \/>\n<meta property=\"og:site_name\" content=\"Skizze\" \/>\n<meta property=\"article:publisher\" content=\"http:\/\/www.facebook.com\/VunderSkizze\" \/>\n<meta property=\"og:image\" content=\"https:\/\/hobstop.ee\/media\/4512.jpg\" \/>\n\t<meta property=\"og:image:width\" content=\"1024\" \/>\n\t<meta property=\"og:image:height\" content=\"768\" \/>\n\t<meta property=\"og:image:type\" content=\"image\/jpeg\" \/>\n<meta name=\"twitter:card\" content=\"summary_large_image\" \/>\n<meta name=\"twitter:label1\" content=\"Est. reading time\" \/>\n\t<meta name=\"twitter:data1\" content=\"1 min\u016b\u0161u\" \/>\n<script type=\"application\/ld+json\" class=\"yoast-schema-graph\">{\"@context\":\"https:\/\/schema.org\",\"@graph\":[{\"@type\":\"WebPage\",\"@id\":\"https:\/\/hobstop.ee\/lv\/produkts\/guasas-komplekts-winsornewton-designers\/\",\"url\":\"https:\/\/hobstop.ee\/lv\/produkts\/guasas-komplekts-winsornewton-designers\/\",\"name\":\"Gua\u0161as komplekts Winsor&Newton Designers &#8211; Skizze\",\"isPartOf\":{\"@id\":\"https:\/\/hobstop.ee\/lv\/#website\"},\"primaryImageOfPage\":{\"@id\":\"https:\/\/hobstop.ee\/lv\/produkts\/guasas-komplekts-winsornewton-designers\/#primaryimage\"},\"image\":{\"@id\":\"https:\/\/hobstop.ee\/lv\/produkts\/guasas-komplekts-winsornewton-designers\/#primaryimage\"},\"thumbnailUrl\":\"https:\/\/hobstop.ee\/media\/4512.jpg\",\"datePublished\":\"2017-04-04T09:00:34+00:00\",\"dateModified\":\"2017-04-04T09:00:34+00:00\",\"breadcrumb\":{\"@id\":\"https:\/\/hobstop.ee\/lv\/produkts\/guasas-komplekts-winsornewton-designers\/#breadcrumb\"},\"inLanguage\":\"lv-LV\",\"potentialAction\":[{\"@type\":\"ReadAction\",\"target\":[\"https:\/\/hobstop.ee\/lv\/produkts\/guasas-komplekts-winsornewton-designers\/\"]}]},{\"@type\":\"ImageObject\",\"inLanguage\":\"lv-LV\",\"@id\":\"https:\/\/hobstop.ee\/lv\/produkts\/guasas-komplekts-winsornewton-designers\/#primaryimage\",\"url\":\"https:\/\/hobstop.ee\/media\/4512.jpg\",\"contentUrl\":\"https:\/\/hobstop.ee\/media\/4512.jpg\",\"width\":1024,\"height\":768},{\"@type\":\"BreadcrumbList\",\"@id\":\"https:\/\/hobstop.ee\/lv\/produkts\/guasas-komplekts-winsornewton-designers\/#breadcrumb\",\"itemListElement\":[{\"@type\":\"ListItem\",\"position\":1,\"name\":\"Avaleht\",\"item\":\"https:\/\/hobstop.ee\/lv\/\"},{\"@type\":\"ListItem\",\"position\":2,\"name\":\"Veikals\",\"item\":\"https:\/\/hobstop.ee\/lv\/veikals\/\"},{\"@type\":\"ListItem\",\"position\":3,\"name\":\"Gua\u0161as komplekts Winsor&#038;Newton Designers\"}]},{\"@type\":\"WebSite\",\"@id\":\"https:\/\/hobstop.ee\/lv\/#website\",\"url\":\"https:\/\/hobstop.ee\/lv\/\",\"name\":\"Skizze\",\"description\":\"M\u0101kslas, hobiju un skolas preces\",\"publisher\":{\"@id\":\"https:\/\/hobstop.ee\/lv\/#organization\"},\"potentialAction\":[{\"@type\":\"SearchAction\",\"target\":{\"@type\":\"EntryPoint\",\"urlTemplate\":\"https:\/\/hobstop.ee\/lv\/?s={search_term_string}\"},\"query-input\":{\"@type\":\"PropertyValueSpecification\",\"valueRequired\":true,\"valueName\":\"search_term_string\"}}],\"inLanguage\":\"lv-LV\"},{\"@type\":\"Organization\",\"@id\":\"https:\/\/hobstop.ee\/lv\/#organization\",\"name\":\"Vunder AS\",\"url\":\"https:\/\/hobstop.ee\/lv\/\",\"logo\":{\"@type\":\"ImageObject\",\"inLanguage\":\"lv-LV\",\"@id\":\"https:\/\/hobstop.ee\/lv\/#\/schema\/logo\/image\/\",\"url\":\"https:\/\/hobstop.ee\/media\/vunder-logo.png\",\"contentUrl\":\"https:\/\/hobstop.ee\/media\/vunder-logo.png\",\"width\":127,\"height\":55,\"caption\":\"Vunder AS\"},\"image\":{\"@id\":\"https:\/\/hobstop.ee\/lv\/#\/schema\/logo\/image\/\"},\"sameAs\":[\"http:\/\/www.facebook.com\/VunderSkizze\"]}]}<\/script>\n<!-- \/ Yoast SEO plugin. -->","yoast_head_json":{"title":"Gua\u0161as komplekts Winsor&Newton Designers &#8211; Skizze","robots":{"index":"noindex","follow":"follow","max-snippet":"max-snippet:-1","max-image-preview":"max-image-preview:large","max-video-preview":"max-video-preview:-1"},"og_locale":"lv_LV","og_type":"article","og_title":"Gua\u0161as komplekts Winsor&Newton Designers &#8211; Skizze","og_description":"Winsor&#038;Newton ra\u017eo Designers Gouache kop\u0161 1935. gada un l\u012bdz pat \u0161ai dienai turpina pied\u0101v\u0101t lab\u0101k\u0101s m\u0101ksliniekiem pieejam\u0101s gua\u0161as kr\u0101sas. Designers Gouache kr\u0101sas ir necaursp\u012bd\u012bgas \u016bdens kr\u0101sas, kuras galvenok\u0101rt izmanto dizaineri, ilustratori un komercm\u0101kslinieki, lai rad\u012btu dinamiskas ilustr\u0101cijas. \u0160o kr\u0101su kl\u0101sts pla\u0161i tiek izmantots ar\u012b m\u0101ksl\u0101 k\u0101 necaursp\u012bd\u012bga \u016bdens kr\u0101sa. \u0160odien Designers Gouache kl\u0101sts, pateicoties tehnolo\u0123iju att\u012bst\u012bbai, ir guvis daudz vair\u0101k, kr\u0101sas ir l\u012bdzen\u0101k kl\u0101jas, t\u0101s ir vienm\u0113r\u012bg\u0101kas, nav tik caursp\u012bd\u012bgas, k\u0101 ar\u012b daudz spilgt\u0101kas nek\u0101 jebkad agr\u0101k.","og_url":"https:\/\/hobstop.ee\/lv\/produkts\/guasas-komplekts-winsornewton-designers\/","og_site_name":"Skizze","article_publisher":"http:\/\/www.facebook.com\/VunderSkizze","og_image":[{"width":1024,"height":768,"url":"https:\/\/hobstop.ee\/media\/4512.jpg","type":"image\/jpeg"}],"twitter_card":"summary_large_image","twitter_misc":{"Est. reading time":"1 min\u016b\u0161u"},"schema":{"@context":"https:\/\/schema.org","@graph":[{"@type":"WebPage","@id":"https:\/\/hobstop.ee\/lv\/produkts\/guasas-komplekts-winsornewton-designers\/","url":"https:\/\/hobstop.ee\/lv\/produkts\/guasas-komplekts-winsornewton-designers\/","name":"Gua\u0161as komplekts Winsor&Newton Designers &#8211; Skizze","isPartOf":{"@id":"https:\/\/hobstop.ee\/lv\/#website"},"primaryImageOfPage":{"@id":"https:\/\/hobstop.ee\/lv\/produkts\/guasas-komplekts-winsornewton-designers\/#primaryimage"},"image":{"@id":"https:\/\/hobstop.ee\/lv\/produkts\/guasas-komplekts-winsornewton-designers\/#primaryimage"},"thumbnailUrl":"https:\/\/hobstop.ee\/media\/4512.jpg","datePublished":"2017-04-04T09:00:34+00:00","dateModified":"2017-04-04T09:00:34+00:00","breadcrumb":{"@id":"https:\/\/hobstop.ee\/lv\/produkts\/guasas-komplekts-winsornewton-designers\/#breadcrumb"},"inLanguage":"lv-LV","potentialAction":[{"@type":"ReadAction","target":["https:\/\/hobstop.ee\/lv\/produkts\/guasas-komplekts-winsornewton-designers\/"]}]},{"@type":"ImageObject","inLanguage":"lv-LV","@id":"https:\/\/hobstop.ee\/lv\/produkts\/guasas-komplekts-winsornewton-designers\/#primaryimage","url":"https:\/\/hobstop.ee\/media\/4512.jpg","contentUrl":"https:\/\/hobstop.ee\/media\/4512.jpg","width":1024,"height":768},{"@type":"BreadcrumbList","@id":"https:\/\/hobstop.ee\/lv\/produkts\/guasas-komplekts-winsornewton-designers\/#breadcrumb","itemListElement":[{"@type":"ListItem","position":1,"name":"Avaleht","item":"https:\/\/hobstop.ee\/lv\/"},{"@type":"ListItem","position":2,"name":"Veikals","item":"https:\/\/hobstop.ee\/lv\/veikals\/"},{"@type":"ListItem","position":3,"name":"Gua\u0161as komplekts Winsor&#038;Newton Designers"}]},{"@type":"WebSite","@id":"https:\/\/hobstop.ee\/lv\/#website","url":"https:\/\/hobstop.ee\/lv\/","name":"Skizze","description":"M\u0101kslas, hobiju un skolas preces","publisher":{"@id":"https:\/\/hobstop.ee\/lv\/#organization"},"potentialAction":[{"@type":"SearchAction","target":{"@type":"EntryPoint","urlTemplate":"https:\/\/hobstop.ee\/lv\/?s={search_term_string}"},"query-input":{"@type":"PropertyValueSpecification","valueRequired":true,"valueName":"search_term_string"}}],"inLanguage":"lv-LV"},{"@type":"Organization","@id":"https:\/\/hobstop.ee\/lv\/#organization","name":"Vunder AS","url":"https:\/\/hobstop.ee\/lv\/","logo":{"@type":"ImageObject","inLanguage":"lv-LV","@id":"https:\/\/hobstop.ee\/lv\/#\/schema\/logo\/image\/","url":"https:\/\/hobstop.ee\/media\/vunder-logo.png","contentUrl":"https:\/\/hobstop.ee\/media\/vunder-logo.png","width":127,"height":55,"caption":"Vunder AS"},"image":{"@id":"https:\/\/hobstop.ee\/lv\/#\/schema\/logo\/image\/"},"sameAs":["http:\/\/www.facebook.com\/VunderSkizze"]}]}},"_links":{"self":[{"href":"https:\/\/hobstop.ee\/lv\/wp-json\/wp\/v2\/product\/284224","targetHints":{"allow":["GET"]}}],"collection":[{"href":"https:\/\/hobstop.ee\/lv\/wp-json\/wp\/v2\/product"}],"about":[{"href":"https:\/\/hobstop.ee\/lv\/wp-json\/wp\/v2\/types\/product"}],"replies":[{"embeddable":true,"href":"https:\/\/hobstop.ee\/lv\/wp-json\/wp\/v2\/comments?post=284224"}],"wp:featuredmedia":[{"embeddable":true,"href":"https:\/\/hobstop.ee\/lv\/wp-json\/wp\/v2\/media\/284761"}],"wp:attachment":[{"href":"https:\/\/hobstop.ee\/lv\/wp-json\/wp\/v2\/media?parent=284224"}],"wp:term":[{"taxonomy":"product_cat","embeddable":true,"href":"https:\/\/hobstop.ee\/lv\/wp-json\/wp\/v2\/product_cat?post=284224"},{"taxonomy":"product_tag","embeddable":true,"href":"https:\/\/hobstop.ee\/lv\/wp-json\/wp\/v2\/product_tag?post=284224"}],"curies":[{"name":"wp","href":"https:\/\/api.w.org\/{rel}","templated":true}]}}