{"id":285363,"date":"2015-09-06T15:14:48","date_gmt":"2017-04-06T12:14:48","guid":{"rendered":"https:\/\/sharks.ee\/vunder_2019\/lv\/product\/korka-rayher-paslimejoss\/"},"modified":"2017-04-06T15:14:48","modified_gmt":"2017-04-06T12:14:48","slug":"korka-rayher-paslimejoss","status":"publish","type":"product","link":"https:\/\/hobstop.ee\/lv\/produkts\/korka-rayher-paslimejoss\/","title":{"rendered":"Kor\u0137a Rayher pa\u0161l\u012bm\u0113jo\u0161s"},"content":{"rendered":"<p>Dab\u012bgi un ilgtsp\u0113j\u012bgi materi\u0101li ir \u013coti aktu\u0101las m\u016bsdienu dz\u012bvesstila un modes sast\u0101vda\u013cas. Kor\u0137is ir perfekts materi\u0101ls rado\u0161iem dekor\u0113jumiem, praktisk\u0101m liet\u0101m vai piederumiem! Tas ir lielisks taustei, m\u012bksts un vienlaikus gluds, k\u0101 ar\u012b rada \u012bpa\u0161u saj\u016btu. Kor\u0137is ir dab\u012bgs materi\u0101ls, nesatur \u0137\u012bmiskas vai sint\u0113tiskas vielas. Kor\u0137is atgr\u016b\u017e \u016bdeni un net\u012brumus, to var otreiz\u0113ji p\u0101rstr\u0101d\u0101t un biolo\u0123iski sadal\u0101s.<br \/>\nKor\u0137a pap\u012brs 90g\/m\u00b2. Priek\u0161puse kl\u0101ta ar dab\u012bga, izteikti pl\u0101nu kor\u0137a sl\u0101ni. Aizmugur\u0113jo pusi kl\u0101j pl\u0101ns, pa\u0161l\u012bm\u0113jo\u0161s pap\u012brs. Pa\u0161l\u012bm\u0113jo\u0161ais kor\u0137a pap\u012brs izmantojams da\u017e\u0101dos veidos: grie\u0161ana, pl\u0113\u0161ana, druk\u0101\u0161ana, caurumo\u0161ana, kr\u0101so\u0161ana utt.<\/p>\n","protected":false},"excerpt":{"rendered":"<p>Dab\u012bgi un ilgtsp\u0113j\u012bgi materi\u0101li ir \u013coti aktu\u0101las m\u016bsdienu dz\u012bvesstila un modes sast\u0101vda\u013cas. Kor\u0137is ir perfekts materi\u0101ls rado\u0161iem dekor\u0113jumiem, praktisk\u0101m liet\u0101m vai piederumiem! Tas ir lielisks taustei, m\u012bksts un vienlaikus gluds, k\u0101 ar\u012b rada \u012bpa\u0161u saj\u016btu. Kor\u0137is ir dab\u012bgs materi\u0101ls, nesatur \u0137\u012bmiskas vai sint\u0113tiskas vielas. Kor\u0137is atgr\u016b\u017e \u016bdeni un net\u012brumus, to var otreiz\u0113ji p\u0101rstr\u0101d\u0101t un biolo\u0123iski sadal\u0101s. Kor\u0137a pap\u012brs 90g\/m\u00b2. Priek\u0161puse kl\u0101ta ar dab\u012bga, izteikti pl\u0101nu kor\u0137a sl\u0101ni. Aizmugur\u0113jo pusi kl\u0101j pl\u0101ns, pa\u0161l\u012bm\u0113jo\u0161s pap\u012brs. Pa\u0161l\u012bm\u0113jo\u0161ais kor\u0137a pap\u012brs izmantojams da\u017e\u0101dos veidos: grie\u0161ana, pl\u0113\u0161ana, druk\u0101\u0161ana, caurumo\u0161ana, kr\u0101so\u0161ana utt.<\/p>\n","protected":false},"featured_media":285617,"comment_status":"closed","ping_status":"closed","template":"","meta":{"_acf_changed":false,"ep_exclude_from_search":false},"product_cat":[17968,18982,17918],"product_tag":[],"class_list":{"0":"post-285363","1":"product","2":"type-product","3":"status-publish","4":"has-post-thumbnail","6":"product_cat-citi-piederumi","7":"product_cat-dazadi-23","8":"product_cat-preces-hobijiem","10":"first","11":"outofstock","12":"sale","13":"taxable","14":"shipping-taxable","15":"purchasable","16":"product-type-variable"},"acf":[],"yoast_head":"<!-- This site is optimized with the Yoast SEO plugin v24.1 - https:\/\/yoast.com\/wordpress\/plugins\/seo\/ -->\n<title>Kor\u0137a Rayher pa\u0161l\u012bm\u0113jo\u0161s &#8211; Skizze<\/title>\n<meta name=\"robots\" content=\"noindex, follow, max-snippet:-1, max-image-preview:large, max-video-preview:-1\" \/>\n<meta property=\"og:locale\" content=\"lv_LV\" \/>\n<meta property=\"og:type\" content=\"article\" \/>\n<meta property=\"og:title\" content=\"Kor\u0137a Rayher pa\u0161l\u012bm\u0113jo\u0161s &#8211; Skizze\" \/>\n<meta property=\"og:description\" content=\"Dab\u012bgi un ilgtsp\u0113j\u012bgi materi\u0101li ir \u013coti aktu\u0101las m\u016bsdienu dz\u012bvesstila un modes sast\u0101vda\u013cas. Kor\u0137is ir perfekts materi\u0101ls rado\u0161iem dekor\u0113jumiem, praktisk\u0101m liet\u0101m vai piederumiem! Tas ir lielisks taustei, m\u012bksts un vienlaikus gluds, k\u0101 ar\u012b rada \u012bpa\u0161u saj\u016btu. Kor\u0137is ir dab\u012bgs materi\u0101ls, nesatur \u0137\u012bmiskas vai sint\u0113tiskas vielas. Kor\u0137is atgr\u016b\u017e \u016bdeni un net\u012brumus, to var otreiz\u0113ji p\u0101rstr\u0101d\u0101t un biolo\u0123iski sadal\u0101s. Kor\u0137a pap\u012brs 90g\/m\u00b2. Priek\u0161puse kl\u0101ta ar dab\u012bga, izteikti pl\u0101nu kor\u0137a sl\u0101ni. Aizmugur\u0113jo pusi kl\u0101j pl\u0101ns, pa\u0161l\u012bm\u0113jo\u0161s pap\u012brs. Pa\u0161l\u012bm\u0113jo\u0161ais kor\u0137a pap\u012brs izmantojams da\u017e\u0101dos veidos: grie\u0161ana, pl\u0113\u0161ana, druk\u0101\u0161ana, caurumo\u0161ana, kr\u0101so\u0161ana utt.\" \/>\n<meta property=\"og:url\" content=\"https:\/\/hobstop.ee\/lv\/produkts\/korka-rayher-paslimejoss\/\" \/>\n<meta property=\"og:site_name\" content=\"Skizze\" \/>\n<meta property=\"article:publisher\" content=\"http:\/\/www.facebook.com\/VunderSkizze\" \/>\n<meta property=\"og:image\" content=\"https:\/\/www.hobstop.ee\/media\/4211.jpg\" \/>\n\t<meta property=\"og:image:width\" content=\"1024\" \/>\n\t<meta property=\"og:image:height\" content=\"768\" \/>\n\t<meta property=\"og:image:type\" content=\"image\/jpeg\" \/>\n<meta name=\"twitter:card\" content=\"summary_large_image\" \/>\n<meta name=\"twitter:label1\" content=\"Est. reading time\" \/>\n\t<meta name=\"twitter:data1\" content=\"1 min\u016b\u0161u\" \/>\n<script type=\"application\/ld+json\" class=\"yoast-schema-graph\">{\"@context\":\"https:\/\/schema.org\",\"@graph\":[{\"@type\":\"WebPage\",\"@id\":\"https:\/\/hobstop.ee\/lv\/produkts\/korka-rayher-paslimejoss\/\",\"url\":\"https:\/\/hobstop.ee\/lv\/produkts\/korka-rayher-paslimejoss\/\",\"name\":\"Kor\u0137a Rayher pa\u0161l\u012bm\u0113jo\u0161s &#8211; Skizze\",\"isPartOf\":{\"@id\":\"https:\/\/hobstop.ee\/lv\/#website\"},\"primaryImageOfPage\":{\"@id\":\"https:\/\/hobstop.ee\/lv\/produkts\/korka-rayher-paslimejoss\/#primaryimage\"},\"image\":{\"@id\":\"https:\/\/hobstop.ee\/lv\/produkts\/korka-rayher-paslimejoss\/#primaryimage\"},\"thumbnailUrl\":\"https:\/\/hobstop.ee\/media\/4211.jpg\",\"datePublished\":\"2017-04-06T12:14:48+00:00\",\"dateModified\":\"2017-04-06T12:14:48+00:00\",\"breadcrumb\":{\"@id\":\"https:\/\/hobstop.ee\/lv\/produkts\/korka-rayher-paslimejoss\/#breadcrumb\"},\"inLanguage\":\"lv-LV\",\"potentialAction\":[{\"@type\":\"ReadAction\",\"target\":[\"https:\/\/hobstop.ee\/lv\/produkts\/korka-rayher-paslimejoss\/\"]}]},{\"@type\":\"ImageObject\",\"inLanguage\":\"lv-LV\",\"@id\":\"https:\/\/hobstop.ee\/lv\/produkts\/korka-rayher-paslimejoss\/#primaryimage\",\"url\":\"https:\/\/hobstop.ee\/media\/4211.jpg\",\"contentUrl\":\"https:\/\/hobstop.ee\/media\/4211.jpg\",\"width\":1024,\"height\":768},{\"@type\":\"BreadcrumbList\",\"@id\":\"https:\/\/hobstop.ee\/lv\/produkts\/korka-rayher-paslimejoss\/#breadcrumb\",\"itemListElement\":[{\"@type\":\"ListItem\",\"position\":1,\"name\":\"Avaleht\",\"item\":\"https:\/\/www.hobstop.ee\/lv\/\"},{\"@type\":\"ListItem\",\"position\":2,\"name\":\"Veikals\",\"item\":\"https:\/\/www.hobstop.ee\/lv\/veikals\/\"},{\"@type\":\"ListItem\",\"position\":3,\"name\":\"Kor\u0137a Rayher pa\u0161l\u012bm\u0113jo\u0161s\"}]},{\"@type\":\"WebSite\",\"@id\":\"https:\/\/hobstop.ee\/lv\/#website\",\"url\":\"https:\/\/hobstop.ee\/lv\/\",\"name\":\"Skizze\",\"description\":\"M\u0101kslas, hobiju un skolas preces\",\"publisher\":{\"@id\":\"https:\/\/hobstop.ee\/lv\/#organization\"},\"potentialAction\":[{\"@type\":\"SearchAction\",\"target\":{\"@type\":\"EntryPoint\",\"urlTemplate\":\"https:\/\/hobstop.ee\/lv\/?s={search_term_string}\"},\"query-input\":{\"@type\":\"PropertyValueSpecification\",\"valueRequired\":true,\"valueName\":\"search_term_string\"}}],\"inLanguage\":\"lv-LV\"},{\"@type\":\"Organization\",\"@id\":\"https:\/\/hobstop.ee\/lv\/#organization\",\"name\":\"Vunder AS\",\"url\":\"https:\/\/hobstop.ee\/lv\/\",\"logo\":{\"@type\":\"ImageObject\",\"inLanguage\":\"lv-LV\",\"@id\":\"https:\/\/hobstop.ee\/lv\/#\/schema\/logo\/image\/\",\"url\":\"https:\/\/hobstop.ee\/media\/vunder-logo.png\",\"contentUrl\":\"https:\/\/hobstop.ee\/media\/vunder-logo.png\",\"width\":127,\"height\":55,\"caption\":\"Vunder AS\"},\"image\":{\"@id\":\"https:\/\/hobstop.ee\/lv\/#\/schema\/logo\/image\/\"},\"sameAs\":[\"http:\/\/www.facebook.com\/VunderSkizze\"]}]}<\/script>\n<!-- \/ Yoast SEO plugin. -->","yoast_head_json":{"title":"Kor\u0137a Rayher pa\u0161l\u012bm\u0113jo\u0161s &#8211; Skizze","robots":{"index":"noindex","follow":"follow","max-snippet":"max-snippet:-1","max-image-preview":"max-image-preview:large","max-video-preview":"max-video-preview:-1"},"og_locale":"lv_LV","og_type":"article","og_title":"Kor\u0137a Rayher pa\u0161l\u012bm\u0113jo\u0161s &#8211; Skizze","og_description":"Dab\u012bgi un ilgtsp\u0113j\u012bgi materi\u0101li ir \u013coti aktu\u0101las m\u016bsdienu dz\u012bvesstila un modes sast\u0101vda\u013cas. Kor\u0137is ir perfekts materi\u0101ls rado\u0161iem dekor\u0113jumiem, praktisk\u0101m liet\u0101m vai piederumiem! Tas ir lielisks taustei, m\u012bksts un vienlaikus gluds, k\u0101 ar\u012b rada \u012bpa\u0161u saj\u016btu. Kor\u0137is ir dab\u012bgs materi\u0101ls, nesatur \u0137\u012bmiskas vai sint\u0113tiskas vielas. Kor\u0137is atgr\u016b\u017e \u016bdeni un net\u012brumus, to var otreiz\u0113ji p\u0101rstr\u0101d\u0101t un biolo\u0123iski sadal\u0101s. Kor\u0137a pap\u012brs 90g\/m\u00b2. Priek\u0161puse kl\u0101ta ar dab\u012bga, izteikti pl\u0101nu kor\u0137a sl\u0101ni. Aizmugur\u0113jo pusi kl\u0101j pl\u0101ns, pa\u0161l\u012bm\u0113jo\u0161s pap\u012brs. Pa\u0161l\u012bm\u0113jo\u0161ais kor\u0137a pap\u012brs izmantojams da\u017e\u0101dos veidos: grie\u0161ana, pl\u0113\u0161ana, druk\u0101\u0161ana, caurumo\u0161ana, kr\u0101so\u0161ana utt.","og_url":"https:\/\/hobstop.ee\/lv\/produkts\/korka-rayher-paslimejoss\/","og_site_name":"Skizze","article_publisher":"http:\/\/www.facebook.com\/VunderSkizze","og_image":[{"width":1024,"height":768,"url":"https:\/\/www.hobstop.ee\/media\/4211.jpg","type":"image\/jpeg"}],"twitter_card":"summary_large_image","twitter_misc":{"Est. reading time":"1 min\u016b\u0161u"},"schema":{"@context":"https:\/\/schema.org","@graph":[{"@type":"WebPage","@id":"https:\/\/hobstop.ee\/lv\/produkts\/korka-rayher-paslimejoss\/","url":"https:\/\/hobstop.ee\/lv\/produkts\/korka-rayher-paslimejoss\/","name":"Kor\u0137a Rayher pa\u0161l\u012bm\u0113jo\u0161s &#8211; Skizze","isPartOf":{"@id":"https:\/\/hobstop.ee\/lv\/#website"},"primaryImageOfPage":{"@id":"https:\/\/hobstop.ee\/lv\/produkts\/korka-rayher-paslimejoss\/#primaryimage"},"image":{"@id":"https:\/\/hobstop.ee\/lv\/produkts\/korka-rayher-paslimejoss\/#primaryimage"},"thumbnailUrl":"https:\/\/hobstop.ee\/media\/4211.jpg","datePublished":"2017-04-06T12:14:48+00:00","dateModified":"2017-04-06T12:14:48+00:00","breadcrumb":{"@id":"https:\/\/hobstop.ee\/lv\/produkts\/korka-rayher-paslimejoss\/#breadcrumb"},"inLanguage":"lv-LV","potentialAction":[{"@type":"ReadAction","target":["https:\/\/hobstop.ee\/lv\/produkts\/korka-rayher-paslimejoss\/"]}]},{"@type":"ImageObject","inLanguage":"lv-LV","@id":"https:\/\/hobstop.ee\/lv\/produkts\/korka-rayher-paslimejoss\/#primaryimage","url":"https:\/\/hobstop.ee\/media\/4211.jpg","contentUrl":"https:\/\/hobstop.ee\/media\/4211.jpg","width":1024,"height":768},{"@type":"BreadcrumbList","@id":"https:\/\/hobstop.ee\/lv\/produkts\/korka-rayher-paslimejoss\/#breadcrumb","itemListElement":[{"@type":"ListItem","position":1,"name":"Avaleht","item":"https:\/\/www.hobstop.ee\/lv\/"},{"@type":"ListItem","position":2,"name":"Veikals","item":"https:\/\/www.hobstop.ee\/lv\/veikals\/"},{"@type":"ListItem","position":3,"name":"Kor\u0137a Rayher pa\u0161l\u012bm\u0113jo\u0161s"}]},{"@type":"WebSite","@id":"https:\/\/hobstop.ee\/lv\/#website","url":"https:\/\/hobstop.ee\/lv\/","name":"Skizze","description":"M\u0101kslas, hobiju un skolas preces","publisher":{"@id":"https:\/\/hobstop.ee\/lv\/#organization"},"potentialAction":[{"@type":"SearchAction","target":{"@type":"EntryPoint","urlTemplate":"https:\/\/hobstop.ee\/lv\/?s={search_term_string}"},"query-input":{"@type":"PropertyValueSpecification","valueRequired":true,"valueName":"search_term_string"}}],"inLanguage":"lv-LV"},{"@type":"Organization","@id":"https:\/\/hobstop.ee\/lv\/#organization","name":"Vunder AS","url":"https:\/\/hobstop.ee\/lv\/","logo":{"@type":"ImageObject","inLanguage":"lv-LV","@id":"https:\/\/hobstop.ee\/lv\/#\/schema\/logo\/image\/","url":"https:\/\/hobstop.ee\/media\/vunder-logo.png","contentUrl":"https:\/\/hobstop.ee\/media\/vunder-logo.png","width":127,"height":55,"caption":"Vunder AS"},"image":{"@id":"https:\/\/hobstop.ee\/lv\/#\/schema\/logo\/image\/"},"sameAs":["http:\/\/www.facebook.com\/VunderSkizze"]}]}},"_links":{"self":[{"href":"https:\/\/hobstop.ee\/lv\/wp-json\/wp\/v2\/product\/285363","targetHints":{"allow":["GET"]}}],"collection":[{"href":"https:\/\/hobstop.ee\/lv\/wp-json\/wp\/v2\/product"}],"about":[{"href":"https:\/\/hobstop.ee\/lv\/wp-json\/wp\/v2\/types\/product"}],"replies":[{"embeddable":true,"href":"https:\/\/hobstop.ee\/lv\/wp-json\/wp\/v2\/comments?post=285363"}],"wp:featuredmedia":[{"embeddable":true,"href":"https:\/\/hobstop.ee\/lv\/wp-json\/wp\/v2\/media\/285617"}],"wp:attachment":[{"href":"https:\/\/hobstop.ee\/lv\/wp-json\/wp\/v2\/media?parent=285363"}],"wp:term":[{"taxonomy":"product_cat","embeddable":true,"href":"https:\/\/hobstop.ee\/lv\/wp-json\/wp\/v2\/product_cat?post=285363"},{"taxonomy":"product_tag","embeddable":true,"href":"https:\/\/hobstop.ee\/lv\/wp-json\/wp\/v2\/product_tag?post=285363"}],"curies":[{"name":"wp","href":"https:\/\/api.w.org\/{rel}","templated":true}]}}