{"id":285383,"date":"2015-09-06T15:14:52","date_gmt":"2017-04-06T12:14:52","guid":{"rendered":"https:\/\/sharks.ee\/vunder_2019\/lv\/product\/molberts-lb-louvre\/"},"modified":"2017-04-06T15:14:52","modified_gmt":"2017-04-06T12:14:52","slug":"molberts-lb-louvre","status":"publish","type":"product","link":"https:\/\/hobstop.ee\/lv\/produkts\/molberts-lb-louvre\/","title":{"rendered":"Molberts L&#038;B Louvre"},"content":{"rendered":"<p>Lefranc&#038;Bourgeois Louvre di\u017eskab\u0101r\u017ea molberts, kas apstr\u0101d\u0101ts ar e\u013c\u013cu, apvieno visas lab\u0101k\u0101s molberta \u012bpa\u0161\u012bbas \u2013 pateicoties t\u0101 nelielajam svaram, tas ir viegli p\u0101rn\u0113s\u0101jams, k\u0101 ar\u012b uzticams un viegli uzst\u0101d\u0101ms. Tam ir regul\u0113jama aug\u0161\u0113j\u0101 mala un audekla nostiprin\u0101\u0161anas iesp\u0113jas.<\/p>\n","protected":false},"excerpt":{"rendered":"<p>Lefranc&#038;Bourgeois Louvre di\u017eskab\u0101r\u017ea molberts, kas apstr\u0101d\u0101ts ar e\u013c\u013cu, apvieno visas lab\u0101k\u0101s molberta \u012bpa\u0161\u012bbas \u2013 pateicoties t\u0101 nelielajam svaram, tas ir viegli p\u0101rn\u0113s\u0101jams, k\u0101 ar\u012b uzticams un viegli uzst\u0101d\u0101ms. Tam ir regul\u0113jama aug\u0161\u0113j\u0101 mala un audekla nostiprin\u0101\u0161anas iesp\u0113jas.<\/p>\n","protected":false},"featured_media":0,"comment_status":"closed","ping_status":"closed","template":"","meta":{"_acf_changed":false,"ep_exclude_from_search":false},"product_cat":[16123,18934,18374],"product_tag":[],"class_list":{"0":"post-285383","1":"product","2":"type-product","3":"status-publish","5":"product_cat-makslas-piederumi-2","6":"product_cat-molberti-un-mebeles","7":"product_cat-saliekamie-molberti","9":"first","10":"outofstock","11":"taxable","12":"shipping-taxable","13":"purchasable","14":"product-type-variable"},"acf":[],"yoast_head":"<!-- This site is optimized with the Yoast SEO plugin v24.1 - https:\/\/yoast.com\/wordpress\/plugins\/seo\/ -->\n<title>Molberts L&amp;B Louvre &#8211; Skizze<\/title>\n<meta name=\"robots\" content=\"noindex, follow, max-snippet:-1, max-image-preview:large, max-video-preview:-1\" \/>\n<meta property=\"og:locale\" content=\"lv_LV\" \/>\n<meta property=\"og:type\" content=\"article\" \/>\n<meta property=\"og:title\" content=\"Molberts L&amp;B Louvre &#8211; Skizze\" \/>\n<meta property=\"og:description\" content=\"Lefranc&#038;Bourgeois Louvre di\u017eskab\u0101r\u017ea molberts, kas apstr\u0101d\u0101ts ar e\u013c\u013cu, apvieno visas lab\u0101k\u0101s molberta \u012bpa\u0161\u012bbas \u2013 pateicoties t\u0101 nelielajam svaram, tas ir viegli p\u0101rn\u0113s\u0101jams, k\u0101 ar\u012b uzticams un viegli uzst\u0101d\u0101ms. Tam ir regul\u0113jama aug\u0161\u0113j\u0101 mala un audekla nostiprin\u0101\u0161anas iesp\u0113jas.\" \/>\n<meta property=\"og:url\" content=\"https:\/\/hobstop.ee\/lv\/produkts\/molberts-lb-louvre\/\" \/>\n<meta property=\"og:site_name\" content=\"Skizze\" \/>\n<meta property=\"article:publisher\" content=\"http:\/\/www.facebook.com\/VunderSkizze\" \/>\n<meta name=\"twitter:card\" content=\"summary_large_image\" \/>\n<script type=\"application\/ld+json\" class=\"yoast-schema-graph\">{\"@context\":\"https:\/\/schema.org\",\"@graph\":[{\"@type\":\"WebPage\",\"@id\":\"https:\/\/hobstop.ee\/lv\/produkts\/molberts-lb-louvre\/\",\"url\":\"https:\/\/hobstop.ee\/lv\/produkts\/molberts-lb-louvre\/\",\"name\":\"Molberts L&B Louvre &#8211; Skizze\",\"isPartOf\":{\"@id\":\"https:\/\/hobstop.ee\/lv\/#website\"},\"datePublished\":\"2017-04-06T12:14:52+00:00\",\"dateModified\":\"2017-04-06T12:14:52+00:00\",\"breadcrumb\":{\"@id\":\"https:\/\/hobstop.ee\/lv\/produkts\/molberts-lb-louvre\/#breadcrumb\"},\"inLanguage\":\"lv-LV\",\"potentialAction\":[{\"@type\":\"ReadAction\",\"target\":[\"https:\/\/hobstop.ee\/lv\/produkts\/molberts-lb-louvre\/\"]}]},{\"@type\":\"BreadcrumbList\",\"@id\":\"https:\/\/hobstop.ee\/lv\/produkts\/molberts-lb-louvre\/#breadcrumb\",\"itemListElement\":[{\"@type\":\"ListItem\",\"position\":1,\"name\":\"Avaleht\",\"item\":\"https:\/\/hobstop.ee\/lv\/\"},{\"@type\":\"ListItem\",\"position\":2,\"name\":\"Veikals\",\"item\":\"https:\/\/hobstop.ee\/lv\/veikals\/\"},{\"@type\":\"ListItem\",\"position\":3,\"name\":\"Molberts L&#038;B Louvre\"}]},{\"@type\":\"WebSite\",\"@id\":\"https:\/\/hobstop.ee\/lv\/#website\",\"url\":\"https:\/\/hobstop.ee\/lv\/\",\"name\":\"Skizze\",\"description\":\"M\u0101kslas, hobiju un skolas preces\",\"publisher\":{\"@id\":\"https:\/\/hobstop.ee\/lv\/#organization\"},\"potentialAction\":[{\"@type\":\"SearchAction\",\"target\":{\"@type\":\"EntryPoint\",\"urlTemplate\":\"https:\/\/hobstop.ee\/lv\/?s={search_term_string}\"},\"query-input\":{\"@type\":\"PropertyValueSpecification\",\"valueRequired\":true,\"valueName\":\"search_term_string\"}}],\"inLanguage\":\"lv-LV\"},{\"@type\":\"Organization\",\"@id\":\"https:\/\/hobstop.ee\/lv\/#organization\",\"name\":\"Vunder AS\",\"url\":\"https:\/\/hobstop.ee\/lv\/\",\"logo\":{\"@type\":\"ImageObject\",\"inLanguage\":\"lv-LV\",\"@id\":\"https:\/\/hobstop.ee\/lv\/#\/schema\/logo\/image\/\",\"url\":\"https:\/\/hobstop.ee\/media\/vunder-logo.png\",\"contentUrl\":\"https:\/\/hobstop.ee\/media\/vunder-logo.png\",\"width\":127,\"height\":55,\"caption\":\"Vunder AS\"},\"image\":{\"@id\":\"https:\/\/hobstop.ee\/lv\/#\/schema\/logo\/image\/\"},\"sameAs\":[\"http:\/\/www.facebook.com\/VunderSkizze\"]}]}<\/script>\n<!-- \/ Yoast SEO plugin. -->","yoast_head_json":{"title":"Molberts L&B Louvre &#8211; Skizze","robots":{"index":"noindex","follow":"follow","max-snippet":"max-snippet:-1","max-image-preview":"max-image-preview:large","max-video-preview":"max-video-preview:-1"},"og_locale":"lv_LV","og_type":"article","og_title":"Molberts L&B Louvre &#8211; Skizze","og_description":"Lefranc&#038;Bourgeois Louvre di\u017eskab\u0101r\u017ea molberts, kas apstr\u0101d\u0101ts ar e\u013c\u013cu, apvieno visas lab\u0101k\u0101s molberta \u012bpa\u0161\u012bbas \u2013 pateicoties t\u0101 nelielajam svaram, tas ir viegli p\u0101rn\u0113s\u0101jams, k\u0101 ar\u012b uzticams un viegli uzst\u0101d\u0101ms. Tam ir regul\u0113jama aug\u0161\u0113j\u0101 mala un audekla nostiprin\u0101\u0161anas iesp\u0113jas.","og_url":"https:\/\/hobstop.ee\/lv\/produkts\/molberts-lb-louvre\/","og_site_name":"Skizze","article_publisher":"http:\/\/www.facebook.com\/VunderSkizze","twitter_card":"summary_large_image","schema":{"@context":"https:\/\/schema.org","@graph":[{"@type":"WebPage","@id":"https:\/\/hobstop.ee\/lv\/produkts\/molberts-lb-louvre\/","url":"https:\/\/hobstop.ee\/lv\/produkts\/molberts-lb-louvre\/","name":"Molberts L&B Louvre &#8211; Skizze","isPartOf":{"@id":"https:\/\/hobstop.ee\/lv\/#website"},"datePublished":"2017-04-06T12:14:52+00:00","dateModified":"2017-04-06T12:14:52+00:00","breadcrumb":{"@id":"https:\/\/hobstop.ee\/lv\/produkts\/molberts-lb-louvre\/#breadcrumb"},"inLanguage":"lv-LV","potentialAction":[{"@type":"ReadAction","target":["https:\/\/hobstop.ee\/lv\/produkts\/molberts-lb-louvre\/"]}]},{"@type":"BreadcrumbList","@id":"https:\/\/hobstop.ee\/lv\/produkts\/molberts-lb-louvre\/#breadcrumb","itemListElement":[{"@type":"ListItem","position":1,"name":"Avaleht","item":"https:\/\/hobstop.ee\/lv\/"},{"@type":"ListItem","position":2,"name":"Veikals","item":"https:\/\/hobstop.ee\/lv\/veikals\/"},{"@type":"ListItem","position":3,"name":"Molberts L&#038;B Louvre"}]},{"@type":"WebSite","@id":"https:\/\/hobstop.ee\/lv\/#website","url":"https:\/\/hobstop.ee\/lv\/","name":"Skizze","description":"M\u0101kslas, hobiju un skolas preces","publisher":{"@id":"https:\/\/hobstop.ee\/lv\/#organization"},"potentialAction":[{"@type":"SearchAction","target":{"@type":"EntryPoint","urlTemplate":"https:\/\/hobstop.ee\/lv\/?s={search_term_string}"},"query-input":{"@type":"PropertyValueSpecification","valueRequired":true,"valueName":"search_term_string"}}],"inLanguage":"lv-LV"},{"@type":"Organization","@id":"https:\/\/hobstop.ee\/lv\/#organization","name":"Vunder AS","url":"https:\/\/hobstop.ee\/lv\/","logo":{"@type":"ImageObject","inLanguage":"lv-LV","@id":"https:\/\/hobstop.ee\/lv\/#\/schema\/logo\/image\/","url":"https:\/\/hobstop.ee\/media\/vunder-logo.png","contentUrl":"https:\/\/hobstop.ee\/media\/vunder-logo.png","width":127,"height":55,"caption":"Vunder AS"},"image":{"@id":"https:\/\/hobstop.ee\/lv\/#\/schema\/logo\/image\/"},"sameAs":["http:\/\/www.facebook.com\/VunderSkizze"]}]}},"_links":{"self":[{"href":"https:\/\/hobstop.ee\/lv\/wp-json\/wp\/v2\/product\/285383","targetHints":{"allow":["GET"]}}],"collection":[{"href":"https:\/\/hobstop.ee\/lv\/wp-json\/wp\/v2\/product"}],"about":[{"href":"https:\/\/hobstop.ee\/lv\/wp-json\/wp\/v2\/types\/product"}],"replies":[{"embeddable":true,"href":"https:\/\/hobstop.ee\/lv\/wp-json\/wp\/v2\/comments?post=285383"}],"wp:attachment":[{"href":"https:\/\/hobstop.ee\/lv\/wp-json\/wp\/v2\/media?parent=285383"}],"wp:term":[{"taxonomy":"product_cat","embeddable":true,"href":"https:\/\/hobstop.ee\/lv\/wp-json\/wp\/v2\/product_cat?post=285383"},{"taxonomy":"product_tag","embeddable":true,"href":"https:\/\/hobstop.ee\/lv\/wp-json\/wp\/v2\/product_tag?post=285383"}],"curies":[{"name":"wp","href":"https:\/\/api.w.org\/{rel}","templated":true}]}}