{"id":285387,"date":"2017-04-06T15:14:53","date_gmt":"2017-04-06T12:14:53","guid":{"rendered":"https:\/\/sharks.ee\/vunder_2019\/lv\/product\/flomasteri-maped-colorpeps-long-life-innovation\/"},"modified":"2017-04-06T15:14:53","modified_gmt":"2017-04-06T12:14:53","slug":"flomasteri-maped-colorpeps-long-life-innovation","status":"publish","type":"product","link":"https:\/\/hobstop.ee\/lv\/produkts\/flomasteri-maped-colorpeps-long-life-innovation\/","title":{"rendered":"Flomasteri Maped Color&#8217;Peps Long Life Innovation"},"content":{"rendered":"<p>Color&#8217;Peps Long Life Innovation \u2013 vieds un jautrs risin\u0101jums, lai vair\u0101k nezaud\u0113tu flomasteru v\u0101ci\u0146us! V\u0101ci\u0146i ir iestr\u0101d\u0101ti m\u012bkst\u0101 un iztur\u012bg\u0101 pamatn\u0113, kas \u0113rti ietilpst skolas som\u0101. Ilgnotur\u012bgi (nokr\u0101so vair\u0101k k\u0101 300m!) flomasteri spilgt\u0101s kr\u0101s\u0101s. \u012apa\u0161i viegli izmazg\u0101jama tinte no liel\u0101k\u0101s da\u013cas audumu un \u0101das ar ziep\u0113m un \u016bdeni. Konisks uzgalis (d=3.6mm).<\/p>\n","protected":false},"excerpt":{"rendered":"<p>Color&#8217;Peps Long Life Innovation \u2013 vieds un jautrs risin\u0101jums, lai vair\u0101k nezaud\u0113tu flomasteru v\u0101ci\u0146us! V\u0101ci\u0146i ir iestr\u0101d\u0101ti m\u012bkst\u0101 un iztur\u012bg\u0101 pamatn\u0113, kas \u0113rti ietilpst skolas som\u0101. Ilgnotur\u012bgi (nokr\u0101so vair\u0101k k\u0101 300m!) flomasteri spilgt\u0101s kr\u0101s\u0101s. \u012apa\u0161i viegli izmazg\u0101jama tinte no liel\u0101k\u0101s da\u013cas audumu un \u0101das ar ziep\u0113m un \u016bdeni. Konisks uzgalis (d=3.6mm).<\/p>\n","protected":false},"featured_media":285633,"comment_status":"closed","ping_status":"closed","template":"","meta":{"_acf_changed":false,"ep_exclude_from_search":false},"product_cat":[18691,17916,18633],"product_tag":[],"class_list":{"0":"post-285387","1":"product","2":"type-product","3":"status-publish","4":"has-post-thumbnail","6":"product_cat-flomasteri-2","7":"product_cat-preces-skolai","8":"product_cat-zimesanas-piederumi-2","10":"first","11":"instock","12":"taxable","13":"shipping-taxable","14":"purchasable","15":"product-type-simple"},"acf":[],"yoast_head":"<!-- This site is optimized with the Yoast SEO plugin v24.1 - https:\/\/yoast.com\/wordpress\/plugins\/seo\/ -->\n<title>Flomasteri Maped Color&#039;Peps Long Life Innovation &#8211; Skizze<\/title>\n<meta name=\"robots\" content=\"noindex, follow, max-snippet:-1, max-image-preview:large, max-video-preview:-1\" \/>\n<meta property=\"og:locale\" content=\"lv_LV\" \/>\n<meta property=\"og:type\" content=\"article\" \/>\n<meta property=\"og:title\" content=\"Flomasteri Maped Color&#039;Peps Long Life Innovation &#8211; Skizze\" \/>\n<meta property=\"og:description\" content=\"Color&#8217;Peps Long Life Innovation \u2013 vieds un jautrs risin\u0101jums, lai vair\u0101k nezaud\u0113tu flomasteru v\u0101ci\u0146us! V\u0101ci\u0146i ir iestr\u0101d\u0101ti m\u012bkst\u0101 un iztur\u012bg\u0101 pamatn\u0113, kas \u0113rti ietilpst skolas som\u0101. Ilgnotur\u012bgi (nokr\u0101so vair\u0101k k\u0101 300m!) flomasteri spilgt\u0101s kr\u0101s\u0101s. \u012apa\u0161i viegli izmazg\u0101jama tinte no liel\u0101k\u0101s da\u013cas audumu un \u0101das ar ziep\u0113m un \u016bdeni. Konisks uzgalis (d=3.6mm).\" \/>\n<meta property=\"og:url\" content=\"https:\/\/hobstop.ee\/lv\/produkts\/flomasteri-maped-colorpeps-long-life-innovation\/\" \/>\n<meta property=\"og:site_name\" content=\"Skizze\" \/>\n<meta property=\"article:publisher\" content=\"http:\/\/www.facebook.com\/VunderSkizze\" \/>\n<meta property=\"og:image\" content=\"https:\/\/hobstop.ee\/media\/4451.jpg\" \/>\n\t<meta property=\"og:image:width\" content=\"1024\" \/>\n\t<meta property=\"og:image:height\" content=\"768\" \/>\n\t<meta property=\"og:image:type\" content=\"image\/jpeg\" \/>\n<meta name=\"twitter:card\" content=\"summary_large_image\" \/>\n<script type=\"application\/ld+json\" class=\"yoast-schema-graph\">{\"@context\":\"https:\/\/schema.org\",\"@graph\":[{\"@type\":\"WebPage\",\"@id\":\"https:\/\/hobstop.ee\/lv\/produkts\/flomasteri-maped-colorpeps-long-life-innovation\/\",\"url\":\"https:\/\/hobstop.ee\/lv\/produkts\/flomasteri-maped-colorpeps-long-life-innovation\/\",\"name\":\"Flomasteri Maped Color'Peps Long Life Innovation &#8211; Skizze\",\"isPartOf\":{\"@id\":\"https:\/\/hobstop.ee\/lv\/#website\"},\"primaryImageOfPage\":{\"@id\":\"https:\/\/hobstop.ee\/lv\/produkts\/flomasteri-maped-colorpeps-long-life-innovation\/#primaryimage\"},\"image\":{\"@id\":\"https:\/\/hobstop.ee\/lv\/produkts\/flomasteri-maped-colorpeps-long-life-innovation\/#primaryimage\"},\"thumbnailUrl\":\"https:\/\/hobstop.ee\/media\/4451.jpg\",\"datePublished\":\"2017-04-06T12:14:53+00:00\",\"dateModified\":\"2017-04-06T12:14:53+00:00\",\"breadcrumb\":{\"@id\":\"https:\/\/hobstop.ee\/lv\/produkts\/flomasteri-maped-colorpeps-long-life-innovation\/#breadcrumb\"},\"inLanguage\":\"lv-LV\",\"potentialAction\":[{\"@type\":\"ReadAction\",\"target\":[\"https:\/\/hobstop.ee\/lv\/produkts\/flomasteri-maped-colorpeps-long-life-innovation\/\"]}]},{\"@type\":\"ImageObject\",\"inLanguage\":\"lv-LV\",\"@id\":\"https:\/\/hobstop.ee\/lv\/produkts\/flomasteri-maped-colorpeps-long-life-innovation\/#primaryimage\",\"url\":\"https:\/\/hobstop.ee\/media\/4451.jpg\",\"contentUrl\":\"https:\/\/hobstop.ee\/media\/4451.jpg\",\"width\":1024,\"height\":768},{\"@type\":\"BreadcrumbList\",\"@id\":\"https:\/\/hobstop.ee\/lv\/produkts\/flomasteri-maped-colorpeps-long-life-innovation\/#breadcrumb\",\"itemListElement\":[{\"@type\":\"ListItem\",\"position\":1,\"name\":\"Avaleht\",\"item\":\"https:\/\/www.hobstop.ee\/lv\/\"},{\"@type\":\"ListItem\",\"position\":2,\"name\":\"Veikals\",\"item\":\"https:\/\/www.hobstop.ee\/lv\/veikals\/\"},{\"@type\":\"ListItem\",\"position\":3,\"name\":\"Flomasteri Maped Color&#8217;Peps Long Life Innovation\"}]},{\"@type\":\"WebSite\",\"@id\":\"https:\/\/hobstop.ee\/lv\/#website\",\"url\":\"https:\/\/hobstop.ee\/lv\/\",\"name\":\"Skizze\",\"description\":\"M\u0101kslas, hobiju un skolas preces\",\"publisher\":{\"@id\":\"https:\/\/hobstop.ee\/lv\/#organization\"},\"potentialAction\":[{\"@type\":\"SearchAction\",\"target\":{\"@type\":\"EntryPoint\",\"urlTemplate\":\"https:\/\/hobstop.ee\/lv\/?s={search_term_string}\"},\"query-input\":{\"@type\":\"PropertyValueSpecification\",\"valueRequired\":true,\"valueName\":\"search_term_string\"}}],\"inLanguage\":\"lv-LV\"},{\"@type\":\"Organization\",\"@id\":\"https:\/\/hobstop.ee\/lv\/#organization\",\"name\":\"Vunder AS\",\"url\":\"https:\/\/hobstop.ee\/lv\/\",\"logo\":{\"@type\":\"ImageObject\",\"inLanguage\":\"lv-LV\",\"@id\":\"https:\/\/hobstop.ee\/lv\/#\/schema\/logo\/image\/\",\"url\":\"https:\/\/hobstop.ee\/media\/vunder-logo.png\",\"contentUrl\":\"https:\/\/hobstop.ee\/media\/vunder-logo.png\",\"width\":127,\"height\":55,\"caption\":\"Vunder AS\"},\"image\":{\"@id\":\"https:\/\/hobstop.ee\/lv\/#\/schema\/logo\/image\/\"},\"sameAs\":[\"http:\/\/www.facebook.com\/VunderSkizze\"]}]}<\/script>\n<!-- \/ Yoast SEO plugin. -->","yoast_head_json":{"title":"Flomasteri Maped Color'Peps Long Life Innovation &#8211; Skizze","robots":{"index":"noindex","follow":"follow","max-snippet":"max-snippet:-1","max-image-preview":"max-image-preview:large","max-video-preview":"max-video-preview:-1"},"og_locale":"lv_LV","og_type":"article","og_title":"Flomasteri Maped Color'Peps Long Life Innovation &#8211; Skizze","og_description":"Color&#8217;Peps Long Life Innovation \u2013 vieds un jautrs risin\u0101jums, lai vair\u0101k nezaud\u0113tu flomasteru v\u0101ci\u0146us! V\u0101ci\u0146i ir iestr\u0101d\u0101ti m\u012bkst\u0101 un iztur\u012bg\u0101 pamatn\u0113, kas \u0113rti ietilpst skolas som\u0101. Ilgnotur\u012bgi (nokr\u0101so vair\u0101k k\u0101 300m!) flomasteri spilgt\u0101s kr\u0101s\u0101s. \u012apa\u0161i viegli izmazg\u0101jama tinte no liel\u0101k\u0101s da\u013cas audumu un \u0101das ar ziep\u0113m un \u016bdeni. Konisks uzgalis (d=3.6mm).","og_url":"https:\/\/hobstop.ee\/lv\/produkts\/flomasteri-maped-colorpeps-long-life-innovation\/","og_site_name":"Skizze","article_publisher":"http:\/\/www.facebook.com\/VunderSkizze","og_image":[{"width":1024,"height":768,"url":"https:\/\/hobstop.ee\/media\/4451.jpg","type":"image\/jpeg"}],"twitter_card":"summary_large_image","schema":{"@context":"https:\/\/schema.org","@graph":[{"@type":"WebPage","@id":"https:\/\/hobstop.ee\/lv\/produkts\/flomasteri-maped-colorpeps-long-life-innovation\/","url":"https:\/\/hobstop.ee\/lv\/produkts\/flomasteri-maped-colorpeps-long-life-innovation\/","name":"Flomasteri Maped Color'Peps Long Life Innovation &#8211; Skizze","isPartOf":{"@id":"https:\/\/hobstop.ee\/lv\/#website"},"primaryImageOfPage":{"@id":"https:\/\/hobstop.ee\/lv\/produkts\/flomasteri-maped-colorpeps-long-life-innovation\/#primaryimage"},"image":{"@id":"https:\/\/hobstop.ee\/lv\/produkts\/flomasteri-maped-colorpeps-long-life-innovation\/#primaryimage"},"thumbnailUrl":"https:\/\/hobstop.ee\/media\/4451.jpg","datePublished":"2017-04-06T12:14:53+00:00","dateModified":"2017-04-06T12:14:53+00:00","breadcrumb":{"@id":"https:\/\/hobstop.ee\/lv\/produkts\/flomasteri-maped-colorpeps-long-life-innovation\/#breadcrumb"},"inLanguage":"lv-LV","potentialAction":[{"@type":"ReadAction","target":["https:\/\/hobstop.ee\/lv\/produkts\/flomasteri-maped-colorpeps-long-life-innovation\/"]}]},{"@type":"ImageObject","inLanguage":"lv-LV","@id":"https:\/\/hobstop.ee\/lv\/produkts\/flomasteri-maped-colorpeps-long-life-innovation\/#primaryimage","url":"https:\/\/hobstop.ee\/media\/4451.jpg","contentUrl":"https:\/\/hobstop.ee\/media\/4451.jpg","width":1024,"height":768},{"@type":"BreadcrumbList","@id":"https:\/\/hobstop.ee\/lv\/produkts\/flomasteri-maped-colorpeps-long-life-innovation\/#breadcrumb","itemListElement":[{"@type":"ListItem","position":1,"name":"Avaleht","item":"https:\/\/www.hobstop.ee\/lv\/"},{"@type":"ListItem","position":2,"name":"Veikals","item":"https:\/\/www.hobstop.ee\/lv\/veikals\/"},{"@type":"ListItem","position":3,"name":"Flomasteri Maped Color&#8217;Peps Long Life Innovation"}]},{"@type":"WebSite","@id":"https:\/\/hobstop.ee\/lv\/#website","url":"https:\/\/hobstop.ee\/lv\/","name":"Skizze","description":"M\u0101kslas, hobiju un skolas preces","publisher":{"@id":"https:\/\/hobstop.ee\/lv\/#organization"},"potentialAction":[{"@type":"SearchAction","target":{"@type":"EntryPoint","urlTemplate":"https:\/\/hobstop.ee\/lv\/?s={search_term_string}"},"query-input":{"@type":"PropertyValueSpecification","valueRequired":true,"valueName":"search_term_string"}}],"inLanguage":"lv-LV"},{"@type":"Organization","@id":"https:\/\/hobstop.ee\/lv\/#organization","name":"Vunder AS","url":"https:\/\/hobstop.ee\/lv\/","logo":{"@type":"ImageObject","inLanguage":"lv-LV","@id":"https:\/\/hobstop.ee\/lv\/#\/schema\/logo\/image\/","url":"https:\/\/hobstop.ee\/media\/vunder-logo.png","contentUrl":"https:\/\/hobstop.ee\/media\/vunder-logo.png","width":127,"height":55,"caption":"Vunder AS"},"image":{"@id":"https:\/\/hobstop.ee\/lv\/#\/schema\/logo\/image\/"},"sameAs":["http:\/\/www.facebook.com\/VunderSkizze"]}]}},"_links":{"self":[{"href":"https:\/\/hobstop.ee\/lv\/wp-json\/wp\/v2\/product\/285387","targetHints":{"allow":["GET"]}}],"collection":[{"href":"https:\/\/hobstop.ee\/lv\/wp-json\/wp\/v2\/product"}],"about":[{"href":"https:\/\/hobstop.ee\/lv\/wp-json\/wp\/v2\/types\/product"}],"replies":[{"embeddable":true,"href":"https:\/\/hobstop.ee\/lv\/wp-json\/wp\/v2\/comments?post=285387"}],"wp:featuredmedia":[{"embeddable":true,"href":"https:\/\/hobstop.ee\/lv\/wp-json\/wp\/v2\/media\/285633"}],"wp:attachment":[{"href":"https:\/\/hobstop.ee\/lv\/wp-json\/wp\/v2\/media?parent=285387"}],"wp:term":[{"taxonomy":"product_cat","embeddable":true,"href":"https:\/\/hobstop.ee\/lv\/wp-json\/wp\/v2\/product_cat?post=285387"},{"taxonomy":"product_tag","embeddable":true,"href":"https:\/\/hobstop.ee\/lv\/wp-json\/wp\/v2\/product_tag?post=285387"}],"curies":[{"name":"wp","href":"https:\/\/api.w.org\/{rel}","templated":true}]}}