{"id":285395,"date":"2017-04-06T15:14:54","date_gmt":"2017-04-06T12:14:54","guid":{"rendered":"https:\/\/sharks.ee\/vunder_2019\/lv\/product\/lodisu-pildspalva-pilot-supergrip-g-rt\/"},"modified":"2017-04-06T15:14:54","modified_gmt":"2017-04-06T12:14:54","slug":"lodisu-pildspalva-pilot-supergrip-g-rt","status":"publish","type":"product","link":"https:\/\/hobstop.ee\/lv\/produkts\/lodisu-pildspalva-pilot-supergrip-g-rt\/","title":{"rendered":"Lod\u012b\u0161u pildspalva Pilot Supergrip G RT"},"content":{"rendered":"<p>Leonardo Da Vin\u010di rakst\u012bja: &#8220;Vienk\u0101r\u0161\u012bba ir augst\u0101k\u0101s pak\u0101pes izsmalcin\u0101t\u012bba.&#8221; \u0160odien Pilot Super Grip G pier\u0101da, ka vi\u0146am bija taisn\u012bba \u2013 \u0161\u012b pildspalva ar jaun\u0101k\u0101s paaudzes tinti pied\u0101v\u0101 v\u0113l nebiju\u0161u rakst\u012b\u0161anas prieku un \u0113rtu integr\u0113to rokturi. Super Grip G \u2013 tik tie\u0161\u0101m ietver visu! Super Grip G ir diezgan vienk\u0101r\u0161a, ar racion\u0101lu dizainu un \u013coti pie\u0146emamu cenu.<br \/>\n&#8211; Caursp\u012bd\u012bgs plastmasas korpuss<br \/>\n&#8211; Gumijas satveres da\u013ca<br \/>\n&#8211; Cieta un iztur\u012bga volframa karb\u012bda lod\u012bte<br \/>\n&#8211; Main\u0101ms serdenis<\/p>\n","protected":false},"excerpt":{"rendered":"<p>Leonardo Da Vin\u010di rakst\u012bja: &#8220;Vienk\u0101r\u0161\u012bba ir augst\u0101k\u0101s pak\u0101pes izsmalcin\u0101t\u012bba.&#8221; \u0160odien Pilot Super Grip G pier\u0101da, ka vi\u0146am bija taisn\u012bba \u2013 \u0161\u012b pildspalva ar jaun\u0101k\u0101s paaudzes tinti pied\u0101v\u0101 v\u0113l nebiju\u0161u rakst\u012b\u0161anas prieku un \u0113rtu integr\u0113to rokturi. Super Grip G \u2013 tik tie\u0161\u0101m ietver visu! Super Grip G ir diezgan vienk\u0101r\u0161a, ar racion\u0101lu dizainu un \u013coti pie\u0146emamu cenu. &#8211; Caursp\u012bd\u012bgs plastmasas korpuss &#8211; Gumijas satveres da\u013ca &#8211; Cieta un iztur\u012bga volframa karb\u012bda lod\u012bte &#8211; Main\u0101ms serdenis<\/p>\n","protected":false},"featured_media":285641,"comment_status":"closed","ping_status":"closed","template":"","meta":{"_acf_changed":false,"ep_exclude_from_search":false},"product_cat":[19695,18519],"product_tag":[],"class_list":{"0":"post-285395","1":"product","2":"type-product","3":"status-publish","4":"has-post-thumbnail","6":"product_cat-lodisu-pildspalvas","7":"product_cat-rakstampiederumi-2","9":"first","10":"instock","11":"taxable","12":"shipping-taxable","13":"purchasable","14":"product-type-simple"},"acf":[],"yoast_head":"<!-- This site is optimized with the Yoast SEO plugin v24.1 - https:\/\/yoast.com\/wordpress\/plugins\/seo\/ -->\n<title>Lod\u012b\u0161u pildspalva Pilot Supergrip G RT &#8211; Skizze<\/title>\n<meta name=\"robots\" content=\"noindex, follow, max-snippet:-1, max-image-preview:large, max-video-preview:-1\" \/>\n<meta property=\"og:locale\" content=\"lv_LV\" \/>\n<meta property=\"og:type\" content=\"article\" \/>\n<meta property=\"og:title\" content=\"Lod\u012b\u0161u pildspalva Pilot Supergrip G RT &#8211; Skizze\" \/>\n<meta property=\"og:description\" content=\"Leonardo Da Vin\u010di rakst\u012bja: &#8220;Vienk\u0101r\u0161\u012bba ir augst\u0101k\u0101s pak\u0101pes izsmalcin\u0101t\u012bba.&#8221; \u0160odien Pilot Super Grip G pier\u0101da, ka vi\u0146am bija taisn\u012bba \u2013 \u0161\u012b pildspalva ar jaun\u0101k\u0101s paaudzes tinti pied\u0101v\u0101 v\u0113l nebiju\u0161u rakst\u012b\u0161anas prieku un \u0113rtu integr\u0113to rokturi. Super Grip G \u2013 tik tie\u0161\u0101m ietver visu! Super Grip G ir diezgan vienk\u0101r\u0161a, ar racion\u0101lu dizainu un \u013coti pie\u0146emamu cenu. &#8211; Caursp\u012bd\u012bgs plastmasas korpuss &#8211; Gumijas satveres da\u013ca &#8211; Cieta un iztur\u012bga volframa karb\u012bda lod\u012bte &#8211; Main\u0101ms serdenis\" \/>\n<meta property=\"og:url\" content=\"https:\/\/hobstop.ee\/lv\/produkts\/lodisu-pildspalva-pilot-supergrip-g-rt\/\" \/>\n<meta property=\"og:site_name\" content=\"Skizze\" \/>\n<meta property=\"article:publisher\" content=\"http:\/\/www.facebook.com\/VunderSkizze\" \/>\n<meta property=\"og:image\" content=\"https:\/\/hobstop.ee\/media\/4496.jpg\" \/>\n\t<meta property=\"og:image:width\" content=\"1024\" \/>\n\t<meta property=\"og:image:height\" content=\"768\" \/>\n\t<meta property=\"og:image:type\" content=\"image\/jpeg\" \/>\n<meta name=\"twitter:card\" content=\"summary_large_image\" \/>\n<meta name=\"twitter:label1\" content=\"Est. reading time\" \/>\n\t<meta name=\"twitter:data1\" content=\"1 min\u016b\u0161u\" \/>\n<script type=\"application\/ld+json\" class=\"yoast-schema-graph\">{\"@context\":\"https:\/\/schema.org\",\"@graph\":[{\"@type\":\"WebPage\",\"@id\":\"https:\/\/hobstop.ee\/lv\/produkts\/lodisu-pildspalva-pilot-supergrip-g-rt\/\",\"url\":\"https:\/\/hobstop.ee\/lv\/produkts\/lodisu-pildspalva-pilot-supergrip-g-rt\/\",\"name\":\"Lod\u012b\u0161u pildspalva Pilot Supergrip G RT &#8211; Skizze\",\"isPartOf\":{\"@id\":\"https:\/\/hobstop.ee\/lv\/#website\"},\"primaryImageOfPage\":{\"@id\":\"https:\/\/hobstop.ee\/lv\/produkts\/lodisu-pildspalva-pilot-supergrip-g-rt\/#primaryimage\"},\"image\":{\"@id\":\"https:\/\/hobstop.ee\/lv\/produkts\/lodisu-pildspalva-pilot-supergrip-g-rt\/#primaryimage\"},\"thumbnailUrl\":\"https:\/\/hobstop.ee\/media\/4496.jpg\",\"datePublished\":\"2017-04-06T12:14:54+00:00\",\"dateModified\":\"2017-04-06T12:14:54+00:00\",\"breadcrumb\":{\"@id\":\"https:\/\/hobstop.ee\/lv\/produkts\/lodisu-pildspalva-pilot-supergrip-g-rt\/#breadcrumb\"},\"inLanguage\":\"lv-LV\",\"potentialAction\":[{\"@type\":\"ReadAction\",\"target\":[\"https:\/\/hobstop.ee\/lv\/produkts\/lodisu-pildspalva-pilot-supergrip-g-rt\/\"]}]},{\"@type\":\"ImageObject\",\"inLanguage\":\"lv-LV\",\"@id\":\"https:\/\/hobstop.ee\/lv\/produkts\/lodisu-pildspalva-pilot-supergrip-g-rt\/#primaryimage\",\"url\":\"https:\/\/hobstop.ee\/media\/4496.jpg\",\"contentUrl\":\"https:\/\/hobstop.ee\/media\/4496.jpg\",\"width\":1024,\"height\":768},{\"@type\":\"BreadcrumbList\",\"@id\":\"https:\/\/hobstop.ee\/lv\/produkts\/lodisu-pildspalva-pilot-supergrip-g-rt\/#breadcrumb\",\"itemListElement\":[{\"@type\":\"ListItem\",\"position\":1,\"name\":\"Avaleht\",\"item\":\"https:\/\/hobstop.ee\/lv\/\"},{\"@type\":\"ListItem\",\"position\":2,\"name\":\"Veikals\",\"item\":\"https:\/\/hobstop.ee\/lv\/veikals\/\"},{\"@type\":\"ListItem\",\"position\":3,\"name\":\"Lod\u012b\u0161u pildspalva Pilot Supergrip G RT\"}]},{\"@type\":\"WebSite\",\"@id\":\"https:\/\/hobstop.ee\/lv\/#website\",\"url\":\"https:\/\/hobstop.ee\/lv\/\",\"name\":\"Skizze\",\"description\":\"M\u0101kslas, hobiju un skolas preces\",\"publisher\":{\"@id\":\"https:\/\/hobstop.ee\/lv\/#organization\"},\"potentialAction\":[{\"@type\":\"SearchAction\",\"target\":{\"@type\":\"EntryPoint\",\"urlTemplate\":\"https:\/\/hobstop.ee\/lv\/?s={search_term_string}\"},\"query-input\":{\"@type\":\"PropertyValueSpecification\",\"valueRequired\":true,\"valueName\":\"search_term_string\"}}],\"inLanguage\":\"lv-LV\"},{\"@type\":\"Organization\",\"@id\":\"https:\/\/hobstop.ee\/lv\/#organization\",\"name\":\"Vunder AS\",\"url\":\"https:\/\/hobstop.ee\/lv\/\",\"logo\":{\"@type\":\"ImageObject\",\"inLanguage\":\"lv-LV\",\"@id\":\"https:\/\/hobstop.ee\/lv\/#\/schema\/logo\/image\/\",\"url\":\"https:\/\/hobstop.ee\/media\/vunder-logo.png\",\"contentUrl\":\"https:\/\/hobstop.ee\/media\/vunder-logo.png\",\"width\":127,\"height\":55,\"caption\":\"Vunder AS\"},\"image\":{\"@id\":\"https:\/\/hobstop.ee\/lv\/#\/schema\/logo\/image\/\"},\"sameAs\":[\"http:\/\/www.facebook.com\/VunderSkizze\"]}]}<\/script>\n<!-- \/ Yoast SEO plugin. -->","yoast_head_json":{"title":"Lod\u012b\u0161u pildspalva Pilot Supergrip G RT &#8211; Skizze","robots":{"index":"noindex","follow":"follow","max-snippet":"max-snippet:-1","max-image-preview":"max-image-preview:large","max-video-preview":"max-video-preview:-1"},"og_locale":"lv_LV","og_type":"article","og_title":"Lod\u012b\u0161u pildspalva Pilot Supergrip G RT &#8211; Skizze","og_description":"Leonardo Da Vin\u010di rakst\u012bja: &#8220;Vienk\u0101r\u0161\u012bba ir augst\u0101k\u0101s pak\u0101pes izsmalcin\u0101t\u012bba.&#8221; \u0160odien Pilot Super Grip G pier\u0101da, ka vi\u0146am bija taisn\u012bba \u2013 \u0161\u012b pildspalva ar jaun\u0101k\u0101s paaudzes tinti pied\u0101v\u0101 v\u0113l nebiju\u0161u rakst\u012b\u0161anas prieku un \u0113rtu integr\u0113to rokturi. Super Grip G \u2013 tik tie\u0161\u0101m ietver visu! Super Grip G ir diezgan vienk\u0101r\u0161a, ar racion\u0101lu dizainu un \u013coti pie\u0146emamu cenu. &#8211; Caursp\u012bd\u012bgs plastmasas korpuss &#8211; Gumijas satveres da\u013ca &#8211; Cieta un iztur\u012bga volframa karb\u012bda lod\u012bte &#8211; Main\u0101ms serdenis","og_url":"https:\/\/hobstop.ee\/lv\/produkts\/lodisu-pildspalva-pilot-supergrip-g-rt\/","og_site_name":"Skizze","article_publisher":"http:\/\/www.facebook.com\/VunderSkizze","og_image":[{"width":1024,"height":768,"url":"https:\/\/hobstop.ee\/media\/4496.jpg","type":"image\/jpeg"}],"twitter_card":"summary_large_image","twitter_misc":{"Est. reading time":"1 min\u016b\u0161u"},"schema":{"@context":"https:\/\/schema.org","@graph":[{"@type":"WebPage","@id":"https:\/\/hobstop.ee\/lv\/produkts\/lodisu-pildspalva-pilot-supergrip-g-rt\/","url":"https:\/\/hobstop.ee\/lv\/produkts\/lodisu-pildspalva-pilot-supergrip-g-rt\/","name":"Lod\u012b\u0161u pildspalva Pilot Supergrip G RT &#8211; Skizze","isPartOf":{"@id":"https:\/\/hobstop.ee\/lv\/#website"},"primaryImageOfPage":{"@id":"https:\/\/hobstop.ee\/lv\/produkts\/lodisu-pildspalva-pilot-supergrip-g-rt\/#primaryimage"},"image":{"@id":"https:\/\/hobstop.ee\/lv\/produkts\/lodisu-pildspalva-pilot-supergrip-g-rt\/#primaryimage"},"thumbnailUrl":"https:\/\/hobstop.ee\/media\/4496.jpg","datePublished":"2017-04-06T12:14:54+00:00","dateModified":"2017-04-06T12:14:54+00:00","breadcrumb":{"@id":"https:\/\/hobstop.ee\/lv\/produkts\/lodisu-pildspalva-pilot-supergrip-g-rt\/#breadcrumb"},"inLanguage":"lv-LV","potentialAction":[{"@type":"ReadAction","target":["https:\/\/hobstop.ee\/lv\/produkts\/lodisu-pildspalva-pilot-supergrip-g-rt\/"]}]},{"@type":"ImageObject","inLanguage":"lv-LV","@id":"https:\/\/hobstop.ee\/lv\/produkts\/lodisu-pildspalva-pilot-supergrip-g-rt\/#primaryimage","url":"https:\/\/hobstop.ee\/media\/4496.jpg","contentUrl":"https:\/\/hobstop.ee\/media\/4496.jpg","width":1024,"height":768},{"@type":"BreadcrumbList","@id":"https:\/\/hobstop.ee\/lv\/produkts\/lodisu-pildspalva-pilot-supergrip-g-rt\/#breadcrumb","itemListElement":[{"@type":"ListItem","position":1,"name":"Avaleht","item":"https:\/\/hobstop.ee\/lv\/"},{"@type":"ListItem","position":2,"name":"Veikals","item":"https:\/\/hobstop.ee\/lv\/veikals\/"},{"@type":"ListItem","position":3,"name":"Lod\u012b\u0161u pildspalva Pilot Supergrip G RT"}]},{"@type":"WebSite","@id":"https:\/\/hobstop.ee\/lv\/#website","url":"https:\/\/hobstop.ee\/lv\/","name":"Skizze","description":"M\u0101kslas, hobiju un skolas preces","publisher":{"@id":"https:\/\/hobstop.ee\/lv\/#organization"},"potentialAction":[{"@type":"SearchAction","target":{"@type":"EntryPoint","urlTemplate":"https:\/\/hobstop.ee\/lv\/?s={search_term_string}"},"query-input":{"@type":"PropertyValueSpecification","valueRequired":true,"valueName":"search_term_string"}}],"inLanguage":"lv-LV"},{"@type":"Organization","@id":"https:\/\/hobstop.ee\/lv\/#organization","name":"Vunder AS","url":"https:\/\/hobstop.ee\/lv\/","logo":{"@type":"ImageObject","inLanguage":"lv-LV","@id":"https:\/\/hobstop.ee\/lv\/#\/schema\/logo\/image\/","url":"https:\/\/hobstop.ee\/media\/vunder-logo.png","contentUrl":"https:\/\/hobstop.ee\/media\/vunder-logo.png","width":127,"height":55,"caption":"Vunder AS"},"image":{"@id":"https:\/\/hobstop.ee\/lv\/#\/schema\/logo\/image\/"},"sameAs":["http:\/\/www.facebook.com\/VunderSkizze"]}]}},"_links":{"self":[{"href":"https:\/\/hobstop.ee\/lv\/wp-json\/wp\/v2\/product\/285395","targetHints":{"allow":["GET"]}}],"collection":[{"href":"https:\/\/hobstop.ee\/lv\/wp-json\/wp\/v2\/product"}],"about":[{"href":"https:\/\/hobstop.ee\/lv\/wp-json\/wp\/v2\/types\/product"}],"replies":[{"embeddable":true,"href":"https:\/\/hobstop.ee\/lv\/wp-json\/wp\/v2\/comments?post=285395"}],"wp:featuredmedia":[{"embeddable":true,"href":"https:\/\/hobstop.ee\/lv\/wp-json\/wp\/v2\/media\/285641"}],"wp:attachment":[{"href":"https:\/\/hobstop.ee\/lv\/wp-json\/wp\/v2\/media?parent=285395"}],"wp:term":[{"taxonomy":"product_cat","embeddable":true,"href":"https:\/\/hobstop.ee\/lv\/wp-json\/wp\/v2\/product_cat?post=285395"},{"taxonomy":"product_tag","embeddable":true,"href":"https:\/\/hobstop.ee\/lv\/wp-json\/wp\/v2\/product_tag?post=285395"}],"curies":[{"name":"wp","href":"https:\/\/api.w.org\/{rel}","templated":true}]}}