{"id":285403,"date":"2017-04-06T15:14:56","date_gmt":"2017-04-06T12:14:56","guid":{"rendered":"https:\/\/sharks.ee\/vunder_2019\/lv\/product\/medijs-ellas-krasam-lb-flemish\/"},"modified":"2017-04-06T15:14:56","modified_gmt":"2017-04-06T12:14:56","slug":"medijs-ellas-krasam-lb-flemish","status":"publish","type":"product","link":"https:\/\/hobstop.ee\/lv\/produkts\/medijs-ellas-krasam-lb-flemish\/","title":{"rendered":"M\u0113dijs e\u013c\u013cas kr\u0101s\u0101m L&#038;B Flemish"},"content":{"rendered":"<p>Flemish mediju var izmantot, lai atjaunotu visus efektus, kas rad\u012bti ar Flemish Masters. Ar \u0161o l\u012bdzekli var maksim\u0101li atkl\u0101t virsmas refrakcijas \u012bpa\u0161\u012bbas. Tas ir ide\u0101ls spilgtu un prec\u012bzu darbu veik\u0161anai. Flemish mediju var at\u0161\u0137aid\u012bt ar rektific\u0113tu terpent\u012bnu vai \u0101tri \u017e\u016bsto\u0161u petroleju.<\/p>\n","protected":false},"excerpt":{"rendered":"<p>Flemish mediju var izmantot, lai atjaunotu visus efektus, kas rad\u012bti ar Flemish Masters. Ar \u0161o l\u012bdzekli var maksim\u0101li atkl\u0101t virsmas refrakcijas \u012bpa\u0161\u012bbas. Tas ir ide\u0101ls spilgtu un prec\u012bzu darbu veik\u0161anai. Flemish mediju var at\u0161\u0137aid\u012bt ar rektific\u0113tu terpent\u012bnu vai \u0101tri \u017e\u016bsto\u0161u petroleju.<\/p>\n","protected":false},"featured_media":298019,"comment_status":"closed","ping_status":"closed","template":"","meta":{"_acf_changed":false,"ep_exclude_from_search":false},"product_cat":[18364,17980,16123],"product_tag":[],"class_list":{"0":"post-285403","1":"product","2":"type-product","3":"status-publish","4":"has-post-thumbnail","6":"product_cat-ellas-krasu-piedevas","7":"product_cat-krasas-un-gleznosanas-paligmateriali","8":"product_cat-makslas-piederumi-2","10":"first","11":"instock","12":"taxable","13":"shipping-taxable","14":"product-type-simple"},"acf":[],"yoast_head":"<!-- This site is optimized with the Yoast SEO plugin v24.1 - https:\/\/yoast.com\/wordpress\/plugins\/seo\/ -->\n<title>M\u0113dijs e\u013c\u013cas kr\u0101s\u0101m L&amp;B Flemish &#8211; Skizze<\/title>\n<meta name=\"robots\" content=\"noindex, follow, max-snippet:-1, max-image-preview:large, max-video-preview:-1\" \/>\n<meta property=\"og:locale\" content=\"lv_LV\" \/>\n<meta property=\"og:type\" content=\"article\" \/>\n<meta property=\"og:title\" content=\"M\u0113dijs e\u013c\u013cas kr\u0101s\u0101m L&amp;B Flemish &#8211; Skizze\" \/>\n<meta property=\"og:description\" content=\"Flemish mediju var izmantot, lai atjaunotu visus efektus, kas rad\u012bti ar Flemish Masters. Ar \u0161o l\u012bdzekli var maksim\u0101li atkl\u0101t virsmas refrakcijas \u012bpa\u0161\u012bbas. Tas ir ide\u0101ls spilgtu un prec\u012bzu darbu veik\u0161anai. Flemish mediju var at\u0161\u0137aid\u012bt ar rektific\u0113tu terpent\u012bnu vai \u0101tri \u017e\u016bsto\u0161u petroleju.\" \/>\n<meta property=\"og:url\" content=\"https:\/\/hobstop.ee\/lv\/produkts\/medijs-ellas-krasam-lb-flemish\/\" \/>\n<meta property=\"og:site_name\" content=\"Skizze\" \/>\n<meta property=\"article:publisher\" content=\"http:\/\/www.facebook.com\/VunderSkizze\" \/>\n<meta property=\"og:image\" content=\"https:\/\/www.hobstop.ee\/media\/4514.jpg\" \/>\n\t<meta property=\"og:image:width\" content=\"1024\" \/>\n\t<meta property=\"og:image:height\" content=\"768\" \/>\n\t<meta property=\"og:image:type\" content=\"image\/jpeg\" \/>\n<meta name=\"twitter:card\" content=\"summary_large_image\" \/>\n<script type=\"application\/ld+json\" class=\"yoast-schema-graph\">{\"@context\":\"https:\/\/schema.org\",\"@graph\":[{\"@type\":\"WebPage\",\"@id\":\"https:\/\/hobstop.ee\/lv\/produkts\/medijs-ellas-krasam-lb-flemish\/\",\"url\":\"https:\/\/hobstop.ee\/lv\/produkts\/medijs-ellas-krasam-lb-flemish\/\",\"name\":\"M\u0113dijs e\u013c\u013cas kr\u0101s\u0101m L&B Flemish &#8211; Skizze\",\"isPartOf\":{\"@id\":\"https:\/\/hobstop.ee\/lv\/#website\"},\"primaryImageOfPage\":{\"@id\":\"https:\/\/hobstop.ee\/lv\/produkts\/medijs-ellas-krasam-lb-flemish\/#primaryimage\"},\"image\":{\"@id\":\"https:\/\/hobstop.ee\/lv\/produkts\/medijs-ellas-krasam-lb-flemish\/#primaryimage\"},\"thumbnailUrl\":\"https:\/\/hobstop.ee\/media\/4514.jpg\",\"datePublished\":\"2017-04-06T12:14:56+00:00\",\"dateModified\":\"2017-04-06T12:14:56+00:00\",\"breadcrumb\":{\"@id\":\"https:\/\/hobstop.ee\/lv\/produkts\/medijs-ellas-krasam-lb-flemish\/#breadcrumb\"},\"inLanguage\":\"lv-LV\",\"potentialAction\":[{\"@type\":\"ReadAction\",\"target\":[\"https:\/\/hobstop.ee\/lv\/produkts\/medijs-ellas-krasam-lb-flemish\/\"]}]},{\"@type\":\"ImageObject\",\"inLanguage\":\"lv-LV\",\"@id\":\"https:\/\/hobstop.ee\/lv\/produkts\/medijs-ellas-krasam-lb-flemish\/#primaryimage\",\"url\":\"https:\/\/hobstop.ee\/media\/4514.jpg\",\"contentUrl\":\"https:\/\/hobstop.ee\/media\/4514.jpg\",\"width\":1024,\"height\":768},{\"@type\":\"BreadcrumbList\",\"@id\":\"https:\/\/hobstop.ee\/lv\/produkts\/medijs-ellas-krasam-lb-flemish\/#breadcrumb\",\"itemListElement\":[{\"@type\":\"ListItem\",\"position\":1,\"name\":\"Avaleht\",\"item\":\"https:\/\/www.hobstop.ee\/lv\/\"},{\"@type\":\"ListItem\",\"position\":2,\"name\":\"Veikals\",\"item\":\"https:\/\/www.hobstop.ee\/lv\/veikals\/\"},{\"@type\":\"ListItem\",\"position\":3,\"name\":\"M\u0113dijs e\u013c\u013cas kr\u0101s\u0101m L&#038;B Flemish\"}]},{\"@type\":\"WebSite\",\"@id\":\"https:\/\/hobstop.ee\/lv\/#website\",\"url\":\"https:\/\/hobstop.ee\/lv\/\",\"name\":\"Skizze\",\"description\":\"M\u0101kslas, hobiju un skolas preces\",\"publisher\":{\"@id\":\"https:\/\/hobstop.ee\/lv\/#organization\"},\"potentialAction\":[{\"@type\":\"SearchAction\",\"target\":{\"@type\":\"EntryPoint\",\"urlTemplate\":\"https:\/\/hobstop.ee\/lv\/?s={search_term_string}\"},\"query-input\":{\"@type\":\"PropertyValueSpecification\",\"valueRequired\":true,\"valueName\":\"search_term_string\"}}],\"inLanguage\":\"lv-LV\"},{\"@type\":\"Organization\",\"@id\":\"https:\/\/hobstop.ee\/lv\/#organization\",\"name\":\"Vunder AS\",\"url\":\"https:\/\/hobstop.ee\/lv\/\",\"logo\":{\"@type\":\"ImageObject\",\"inLanguage\":\"lv-LV\",\"@id\":\"https:\/\/hobstop.ee\/lv\/#\/schema\/logo\/image\/\",\"url\":\"https:\/\/hobstop.ee\/media\/vunder-logo.png\",\"contentUrl\":\"https:\/\/hobstop.ee\/media\/vunder-logo.png\",\"width\":127,\"height\":55,\"caption\":\"Vunder AS\"},\"image\":{\"@id\":\"https:\/\/hobstop.ee\/lv\/#\/schema\/logo\/image\/\"},\"sameAs\":[\"http:\/\/www.facebook.com\/VunderSkizze\"]}]}<\/script>\n<!-- \/ Yoast SEO plugin. -->","yoast_head_json":{"title":"M\u0113dijs e\u013c\u013cas kr\u0101s\u0101m L&B Flemish &#8211; Skizze","robots":{"index":"noindex","follow":"follow","max-snippet":"max-snippet:-1","max-image-preview":"max-image-preview:large","max-video-preview":"max-video-preview:-1"},"og_locale":"lv_LV","og_type":"article","og_title":"M\u0113dijs e\u013c\u013cas kr\u0101s\u0101m L&B Flemish &#8211; Skizze","og_description":"Flemish mediju var izmantot, lai atjaunotu visus efektus, kas rad\u012bti ar Flemish Masters. Ar \u0161o l\u012bdzekli var maksim\u0101li atkl\u0101t virsmas refrakcijas \u012bpa\u0161\u012bbas. Tas ir ide\u0101ls spilgtu un prec\u012bzu darbu veik\u0161anai. Flemish mediju var at\u0161\u0137aid\u012bt ar rektific\u0113tu terpent\u012bnu vai \u0101tri \u017e\u016bsto\u0161u petroleju.","og_url":"https:\/\/hobstop.ee\/lv\/produkts\/medijs-ellas-krasam-lb-flemish\/","og_site_name":"Skizze","article_publisher":"http:\/\/www.facebook.com\/VunderSkizze","og_image":[{"width":1024,"height":768,"url":"https:\/\/www.hobstop.ee\/media\/4514.jpg","type":"image\/jpeg"}],"twitter_card":"summary_large_image","schema":{"@context":"https:\/\/schema.org","@graph":[{"@type":"WebPage","@id":"https:\/\/hobstop.ee\/lv\/produkts\/medijs-ellas-krasam-lb-flemish\/","url":"https:\/\/hobstop.ee\/lv\/produkts\/medijs-ellas-krasam-lb-flemish\/","name":"M\u0113dijs e\u013c\u013cas kr\u0101s\u0101m L&B Flemish &#8211; Skizze","isPartOf":{"@id":"https:\/\/hobstop.ee\/lv\/#website"},"primaryImageOfPage":{"@id":"https:\/\/hobstop.ee\/lv\/produkts\/medijs-ellas-krasam-lb-flemish\/#primaryimage"},"image":{"@id":"https:\/\/hobstop.ee\/lv\/produkts\/medijs-ellas-krasam-lb-flemish\/#primaryimage"},"thumbnailUrl":"https:\/\/hobstop.ee\/media\/4514.jpg","datePublished":"2017-04-06T12:14:56+00:00","dateModified":"2017-04-06T12:14:56+00:00","breadcrumb":{"@id":"https:\/\/hobstop.ee\/lv\/produkts\/medijs-ellas-krasam-lb-flemish\/#breadcrumb"},"inLanguage":"lv-LV","potentialAction":[{"@type":"ReadAction","target":["https:\/\/hobstop.ee\/lv\/produkts\/medijs-ellas-krasam-lb-flemish\/"]}]},{"@type":"ImageObject","inLanguage":"lv-LV","@id":"https:\/\/hobstop.ee\/lv\/produkts\/medijs-ellas-krasam-lb-flemish\/#primaryimage","url":"https:\/\/hobstop.ee\/media\/4514.jpg","contentUrl":"https:\/\/hobstop.ee\/media\/4514.jpg","width":1024,"height":768},{"@type":"BreadcrumbList","@id":"https:\/\/hobstop.ee\/lv\/produkts\/medijs-ellas-krasam-lb-flemish\/#breadcrumb","itemListElement":[{"@type":"ListItem","position":1,"name":"Avaleht","item":"https:\/\/www.hobstop.ee\/lv\/"},{"@type":"ListItem","position":2,"name":"Veikals","item":"https:\/\/www.hobstop.ee\/lv\/veikals\/"},{"@type":"ListItem","position":3,"name":"M\u0113dijs e\u013c\u013cas kr\u0101s\u0101m L&#038;B Flemish"}]},{"@type":"WebSite","@id":"https:\/\/hobstop.ee\/lv\/#website","url":"https:\/\/hobstop.ee\/lv\/","name":"Skizze","description":"M\u0101kslas, hobiju un skolas preces","publisher":{"@id":"https:\/\/hobstop.ee\/lv\/#organization"},"potentialAction":[{"@type":"SearchAction","target":{"@type":"EntryPoint","urlTemplate":"https:\/\/hobstop.ee\/lv\/?s={search_term_string}"},"query-input":{"@type":"PropertyValueSpecification","valueRequired":true,"valueName":"search_term_string"}}],"inLanguage":"lv-LV"},{"@type":"Organization","@id":"https:\/\/hobstop.ee\/lv\/#organization","name":"Vunder AS","url":"https:\/\/hobstop.ee\/lv\/","logo":{"@type":"ImageObject","inLanguage":"lv-LV","@id":"https:\/\/hobstop.ee\/lv\/#\/schema\/logo\/image\/","url":"https:\/\/hobstop.ee\/media\/vunder-logo.png","contentUrl":"https:\/\/hobstop.ee\/media\/vunder-logo.png","width":127,"height":55,"caption":"Vunder AS"},"image":{"@id":"https:\/\/hobstop.ee\/lv\/#\/schema\/logo\/image\/"},"sameAs":["http:\/\/www.facebook.com\/VunderSkizze"]}]}},"_links":{"self":[{"href":"https:\/\/hobstop.ee\/lv\/wp-json\/wp\/v2\/product\/285403","targetHints":{"allow":["GET"]}}],"collection":[{"href":"https:\/\/hobstop.ee\/lv\/wp-json\/wp\/v2\/product"}],"about":[{"href":"https:\/\/hobstop.ee\/lv\/wp-json\/wp\/v2\/types\/product"}],"replies":[{"embeddable":true,"href":"https:\/\/hobstop.ee\/lv\/wp-json\/wp\/v2\/comments?post=285403"}],"wp:featuredmedia":[{"embeddable":true,"href":"https:\/\/hobstop.ee\/lv\/wp-json\/wp\/v2\/media\/298019"}],"wp:attachment":[{"href":"https:\/\/hobstop.ee\/lv\/wp-json\/wp\/v2\/media?parent=285403"}],"wp:term":[{"taxonomy":"product_cat","embeddable":true,"href":"https:\/\/hobstop.ee\/lv\/wp-json\/wp\/v2\/product_cat?post=285403"},{"taxonomy":"product_tag","embeddable":true,"href":"https:\/\/hobstop.ee\/lv\/wp-json\/wp\/v2\/product_tag?post=285403"}],"curies":[{"name":"wp","href":"https:\/\/api.w.org\/{rel}","templated":true}]}}