{"id":285407,"date":"2017-04-06T15:14:57","date_gmt":"2017-04-06T12:14:57","guid":{"rendered":"https:\/\/sharks.ee\/vunder_2019\/lv\/product\/medijs-ellas-krasam-lb-flemish-siccative\/"},"modified":"2017-04-06T15:14:57","modified_gmt":"2017-04-06T12:14:57","slug":"medijs-ellas-krasam-lb-flemish-siccative","status":"publish","type":"product","link":"https:\/\/hobstop.ee\/lv\/produkts\/medijs-ellas-krasam-lb-flemish-siccative\/","title":{"rendered":"M\u0113dijs e\u013c\u013cas kr\u0101s\u0101m L&#038;B Flemish Siccative"},"content":{"rendered":"<p>Sen\u0101s izcelsmes Flemish Siccative medijs ir gleznu medijs. Madagaskaras kop\u0101la gumija, kas ir \u013coti cieta, nodro\u0161ina piln\u012bgu un ilgsto\u0161u kr\u0101sas pl\u0113ves aizsardz\u012bbu. Tas pa\u0101trina \u017e\u016b\u0161anas procesu un padara kr\u0101sas spilgt\u0101kas. \u0145emot v\u0113r\u0101 t\u0101 dabisko kr\u0101sojumu, nav v\u0113lams to jaukt ar baltu vai cit\u0101m delik\u0101t\u0101m, viegl\u0101m kr\u0101s\u0101m.<\/p>\n","protected":false},"excerpt":{"rendered":"<p>Sen\u0101s izcelsmes Flemish Siccative medijs ir gleznu medijs. Madagaskaras kop\u0101la gumija, kas ir \u013coti cieta, nodro\u0161ina piln\u012bgu un ilgsto\u0161u kr\u0101sas pl\u0113ves aizsardz\u012bbu. Tas pa\u0101trina \u017e\u016b\u0161anas procesu un padara kr\u0101sas spilgt\u0101kas. \u0145emot v\u0113r\u0101 t\u0101 dabisko kr\u0101sojumu, nav v\u0113lams to jaukt ar baltu vai cit\u0101m delik\u0101t\u0101m, viegl\u0101m kr\u0101s\u0101m.<\/p>\n","protected":false},"featured_media":354007,"comment_status":"closed","ping_status":"closed","template":"","meta":{"_acf_changed":false,"ep_exclude_from_search":false},"product_cat":[18364,17980,16123],"product_tag":[],"class_list":{"0":"post-285407","1":"product","2":"type-product","3":"status-publish","4":"has-post-thumbnail","6":"product_cat-ellas-krasu-piedevas","7":"product_cat-krasas-un-gleznosanas-paligmateriali","8":"product_cat-makslas-piederumi-2","10":"first","11":"instock","12":"taxable","13":"shipping-taxable","14":"purchasable","15":"product-type-variable"},"acf":[],"yoast_head":"<!-- This site is optimized with the Yoast SEO plugin v24.1 - https:\/\/yoast.com\/wordpress\/plugins\/seo\/ -->\n<title>M\u0113dijs e\u013c\u013cas kr\u0101s\u0101m L&amp;B Flemish Siccative &#8211; Skizze<\/title>\n<meta name=\"robots\" content=\"noindex, follow, max-snippet:-1, max-image-preview:large, max-video-preview:-1\" \/>\n<meta property=\"og:locale\" content=\"lv_LV\" \/>\n<meta property=\"og:type\" content=\"article\" \/>\n<meta property=\"og:title\" content=\"M\u0113dijs e\u013c\u013cas kr\u0101s\u0101m L&amp;B Flemish Siccative &#8211; Skizze\" \/>\n<meta property=\"og:description\" content=\"Sen\u0101s izcelsmes Flemish Siccative medijs ir gleznu medijs. Madagaskaras kop\u0101la gumija, kas ir \u013coti cieta, nodro\u0161ina piln\u012bgu un ilgsto\u0161u kr\u0101sas pl\u0113ves aizsardz\u012bbu. Tas pa\u0101trina \u017e\u016b\u0161anas procesu un padara kr\u0101sas spilgt\u0101kas. \u0145emot v\u0113r\u0101 t\u0101 dabisko kr\u0101sojumu, nav v\u0113lams to jaukt ar baltu vai cit\u0101m delik\u0101t\u0101m, viegl\u0101m kr\u0101s\u0101m.\" \/>\n<meta property=\"og:url\" content=\"https:\/\/hobstop.ee\/lv\/produkts\/medijs-ellas-krasam-lb-flemish-siccative\/\" \/>\n<meta property=\"og:site_name\" content=\"Skizze\" \/>\n<meta property=\"article:publisher\" content=\"http:\/\/www.facebook.com\/VunderSkizze\" \/>\n<meta property=\"og:image\" content=\"https:\/\/hobstop.ee\/media\/4515.jpg\" \/>\n\t<meta property=\"og:image:width\" content=\"1024\" \/>\n\t<meta property=\"og:image:height\" content=\"768\" \/>\n\t<meta property=\"og:image:type\" content=\"image\/jpeg\" \/>\n<meta name=\"twitter:card\" content=\"summary_large_image\" \/>\n<script type=\"application\/ld+json\" class=\"yoast-schema-graph\">{\"@context\":\"https:\/\/schema.org\",\"@graph\":[{\"@type\":\"WebPage\",\"@id\":\"https:\/\/hobstop.ee\/lv\/produkts\/medijs-ellas-krasam-lb-flemish-siccative\/\",\"url\":\"https:\/\/hobstop.ee\/lv\/produkts\/medijs-ellas-krasam-lb-flemish-siccative\/\",\"name\":\"M\u0113dijs e\u013c\u013cas kr\u0101s\u0101m L&B Flemish Siccative &#8211; Skizze\",\"isPartOf\":{\"@id\":\"https:\/\/hobstop.ee\/lv\/#website\"},\"primaryImageOfPage\":{\"@id\":\"https:\/\/hobstop.ee\/lv\/produkts\/medijs-ellas-krasam-lb-flemish-siccative\/#primaryimage\"},\"image\":{\"@id\":\"https:\/\/hobstop.ee\/lv\/produkts\/medijs-ellas-krasam-lb-flemish-siccative\/#primaryimage\"},\"thumbnailUrl\":\"https:\/\/hobstop.ee\/media\/4515.jpg\",\"datePublished\":\"2017-04-06T12:14:57+00:00\",\"dateModified\":\"2017-04-06T12:14:57+00:00\",\"breadcrumb\":{\"@id\":\"https:\/\/hobstop.ee\/lv\/produkts\/medijs-ellas-krasam-lb-flemish-siccative\/#breadcrumb\"},\"inLanguage\":\"lv-LV\",\"potentialAction\":[{\"@type\":\"ReadAction\",\"target\":[\"https:\/\/hobstop.ee\/lv\/produkts\/medijs-ellas-krasam-lb-flemish-siccative\/\"]}]},{\"@type\":\"ImageObject\",\"inLanguage\":\"lv-LV\",\"@id\":\"https:\/\/hobstop.ee\/lv\/produkts\/medijs-ellas-krasam-lb-flemish-siccative\/#primaryimage\",\"url\":\"https:\/\/hobstop.ee\/media\/4515.jpg\",\"contentUrl\":\"https:\/\/hobstop.ee\/media\/4515.jpg\",\"width\":1024,\"height\":768},{\"@type\":\"BreadcrumbList\",\"@id\":\"https:\/\/hobstop.ee\/lv\/produkts\/medijs-ellas-krasam-lb-flemish-siccative\/#breadcrumb\",\"itemListElement\":[{\"@type\":\"ListItem\",\"position\":1,\"name\":\"Avaleht\",\"item\":\"https:\/\/hobstop.ee\/lv\/\"},{\"@type\":\"ListItem\",\"position\":2,\"name\":\"Veikals\",\"item\":\"https:\/\/hobstop.ee\/lv\/veikals\/\"},{\"@type\":\"ListItem\",\"position\":3,\"name\":\"M\u0113dijs e\u013c\u013cas kr\u0101s\u0101m L&#038;B Flemish Siccative\"}]},{\"@type\":\"WebSite\",\"@id\":\"https:\/\/hobstop.ee\/lv\/#website\",\"url\":\"https:\/\/hobstop.ee\/lv\/\",\"name\":\"Skizze\",\"description\":\"M\u0101kslas, hobiju un skolas preces\",\"publisher\":{\"@id\":\"https:\/\/hobstop.ee\/lv\/#organization\"},\"potentialAction\":[{\"@type\":\"SearchAction\",\"target\":{\"@type\":\"EntryPoint\",\"urlTemplate\":\"https:\/\/hobstop.ee\/lv\/?s={search_term_string}\"},\"query-input\":{\"@type\":\"PropertyValueSpecification\",\"valueRequired\":true,\"valueName\":\"search_term_string\"}}],\"inLanguage\":\"lv-LV\"},{\"@type\":\"Organization\",\"@id\":\"https:\/\/hobstop.ee\/lv\/#organization\",\"name\":\"Vunder AS\",\"url\":\"https:\/\/hobstop.ee\/lv\/\",\"logo\":{\"@type\":\"ImageObject\",\"inLanguage\":\"lv-LV\",\"@id\":\"https:\/\/hobstop.ee\/lv\/#\/schema\/logo\/image\/\",\"url\":\"https:\/\/hobstop.ee\/media\/vunder-logo.png\",\"contentUrl\":\"https:\/\/hobstop.ee\/media\/vunder-logo.png\",\"width\":127,\"height\":55,\"caption\":\"Vunder AS\"},\"image\":{\"@id\":\"https:\/\/hobstop.ee\/lv\/#\/schema\/logo\/image\/\"},\"sameAs\":[\"http:\/\/www.facebook.com\/VunderSkizze\"]}]}<\/script>\n<!-- \/ Yoast SEO plugin. -->","yoast_head_json":{"title":"M\u0113dijs e\u013c\u013cas kr\u0101s\u0101m L&B Flemish Siccative &#8211; Skizze","robots":{"index":"noindex","follow":"follow","max-snippet":"max-snippet:-1","max-image-preview":"max-image-preview:large","max-video-preview":"max-video-preview:-1"},"og_locale":"lv_LV","og_type":"article","og_title":"M\u0113dijs e\u013c\u013cas kr\u0101s\u0101m L&B Flemish Siccative &#8211; Skizze","og_description":"Sen\u0101s izcelsmes Flemish Siccative medijs ir gleznu medijs. Madagaskaras kop\u0101la gumija, kas ir \u013coti cieta, nodro\u0161ina piln\u012bgu un ilgsto\u0161u kr\u0101sas pl\u0113ves aizsardz\u012bbu. Tas pa\u0101trina \u017e\u016b\u0161anas procesu un padara kr\u0101sas spilgt\u0101kas. \u0145emot v\u0113r\u0101 t\u0101 dabisko kr\u0101sojumu, nav v\u0113lams to jaukt ar baltu vai cit\u0101m delik\u0101t\u0101m, viegl\u0101m kr\u0101s\u0101m.","og_url":"https:\/\/hobstop.ee\/lv\/produkts\/medijs-ellas-krasam-lb-flemish-siccative\/","og_site_name":"Skizze","article_publisher":"http:\/\/www.facebook.com\/VunderSkizze","og_image":[{"width":1024,"height":768,"url":"https:\/\/hobstop.ee\/media\/4515.jpg","type":"image\/jpeg"}],"twitter_card":"summary_large_image","schema":{"@context":"https:\/\/schema.org","@graph":[{"@type":"WebPage","@id":"https:\/\/hobstop.ee\/lv\/produkts\/medijs-ellas-krasam-lb-flemish-siccative\/","url":"https:\/\/hobstop.ee\/lv\/produkts\/medijs-ellas-krasam-lb-flemish-siccative\/","name":"M\u0113dijs e\u013c\u013cas kr\u0101s\u0101m L&B Flemish Siccative &#8211; Skizze","isPartOf":{"@id":"https:\/\/hobstop.ee\/lv\/#website"},"primaryImageOfPage":{"@id":"https:\/\/hobstop.ee\/lv\/produkts\/medijs-ellas-krasam-lb-flemish-siccative\/#primaryimage"},"image":{"@id":"https:\/\/hobstop.ee\/lv\/produkts\/medijs-ellas-krasam-lb-flemish-siccative\/#primaryimage"},"thumbnailUrl":"https:\/\/hobstop.ee\/media\/4515.jpg","datePublished":"2017-04-06T12:14:57+00:00","dateModified":"2017-04-06T12:14:57+00:00","breadcrumb":{"@id":"https:\/\/hobstop.ee\/lv\/produkts\/medijs-ellas-krasam-lb-flemish-siccative\/#breadcrumb"},"inLanguage":"lv-LV","potentialAction":[{"@type":"ReadAction","target":["https:\/\/hobstop.ee\/lv\/produkts\/medijs-ellas-krasam-lb-flemish-siccative\/"]}]},{"@type":"ImageObject","inLanguage":"lv-LV","@id":"https:\/\/hobstop.ee\/lv\/produkts\/medijs-ellas-krasam-lb-flemish-siccative\/#primaryimage","url":"https:\/\/hobstop.ee\/media\/4515.jpg","contentUrl":"https:\/\/hobstop.ee\/media\/4515.jpg","width":1024,"height":768},{"@type":"BreadcrumbList","@id":"https:\/\/hobstop.ee\/lv\/produkts\/medijs-ellas-krasam-lb-flemish-siccative\/#breadcrumb","itemListElement":[{"@type":"ListItem","position":1,"name":"Avaleht","item":"https:\/\/hobstop.ee\/lv\/"},{"@type":"ListItem","position":2,"name":"Veikals","item":"https:\/\/hobstop.ee\/lv\/veikals\/"},{"@type":"ListItem","position":3,"name":"M\u0113dijs e\u013c\u013cas kr\u0101s\u0101m L&#038;B Flemish Siccative"}]},{"@type":"WebSite","@id":"https:\/\/hobstop.ee\/lv\/#website","url":"https:\/\/hobstop.ee\/lv\/","name":"Skizze","description":"M\u0101kslas, hobiju un skolas preces","publisher":{"@id":"https:\/\/hobstop.ee\/lv\/#organization"},"potentialAction":[{"@type":"SearchAction","target":{"@type":"EntryPoint","urlTemplate":"https:\/\/hobstop.ee\/lv\/?s={search_term_string}"},"query-input":{"@type":"PropertyValueSpecification","valueRequired":true,"valueName":"search_term_string"}}],"inLanguage":"lv-LV"},{"@type":"Organization","@id":"https:\/\/hobstop.ee\/lv\/#organization","name":"Vunder AS","url":"https:\/\/hobstop.ee\/lv\/","logo":{"@type":"ImageObject","inLanguage":"lv-LV","@id":"https:\/\/hobstop.ee\/lv\/#\/schema\/logo\/image\/","url":"https:\/\/hobstop.ee\/media\/vunder-logo.png","contentUrl":"https:\/\/hobstop.ee\/media\/vunder-logo.png","width":127,"height":55,"caption":"Vunder AS"},"image":{"@id":"https:\/\/hobstop.ee\/lv\/#\/schema\/logo\/image\/"},"sameAs":["http:\/\/www.facebook.com\/VunderSkizze"]}]}},"_links":{"self":[{"href":"https:\/\/hobstop.ee\/lv\/wp-json\/wp\/v2\/product\/285407","targetHints":{"allow":["GET"]}}],"collection":[{"href":"https:\/\/hobstop.ee\/lv\/wp-json\/wp\/v2\/product"}],"about":[{"href":"https:\/\/hobstop.ee\/lv\/wp-json\/wp\/v2\/types\/product"}],"replies":[{"embeddable":true,"href":"https:\/\/hobstop.ee\/lv\/wp-json\/wp\/v2\/comments?post=285407"}],"wp:featuredmedia":[{"embeddable":true,"href":"https:\/\/hobstop.ee\/lv\/wp-json\/wp\/v2\/media\/354007"}],"wp:attachment":[{"href":"https:\/\/hobstop.ee\/lv\/wp-json\/wp\/v2\/media?parent=285407"}],"wp:term":[{"taxonomy":"product_cat","embeddable":true,"href":"https:\/\/hobstop.ee\/lv\/wp-json\/wp\/v2\/product_cat?post=285407"},{"taxonomy":"product_tag","embeddable":true,"href":"https:\/\/hobstop.ee\/lv\/wp-json\/wp\/v2\/product_tag?post=285407"}],"curies":[{"name":"wp","href":"https:\/\/api.w.org\/{rel}","templated":true}]}}