{"id":285428,"date":"2017-04-06T16:20:24","date_gmt":"2017-04-06T12:15:02","guid":{"rendered":"https:\/\/sharks.ee\/vunder_2019\/lv\/product\/skicu-albums-marabu-art-journal\/"},"modified":"2017-04-06T15:15:02","modified_gmt":"2017-04-06T12:15:02","slug":"skicu-albums-marabu-art-journal","status":"publish","type":"product","link":"https:\/\/hobstop.ee\/lv\/produkts\/skicu-albums-marabu-art-journal\/","title":{"rendered":"Ski\u010du albums Marabu Art Journal"},"content":{"rendered":"<p>Mat\u0113tais pap\u012brs ar sal\u012bdzino\u0161i smalko tekst\u016bru ir ide\u0101li piem\u0113rots vis\u0101m kr\u0101s\u0101m un metod\u0113m, bet dab\u012bgi balt\u0101, pret gaismas ietekmi iztur\u012bg\u0101 virsma lieliski reproduc\u0113s s\u0101kotn\u0113ji uzkl\u0101t\u0101s kr\u0101sas. Pateicoties augstas kvalit\u0101tes apdarei, \u0161is bloks ar pap\u012bra stiprin\u0101juma \u0161uvi un iek\u0161\u0113jo kabati\u0146u vienm\u0113r b\u016bs pa rokai.<\/p>\n","protected":false},"excerpt":{"rendered":"<p>Mat\u0113tais pap\u012brs ar sal\u012bdzino\u0161i smalko tekst\u016bru ir ide\u0101li piem\u0113rots vis\u0101m kr\u0101s\u0101m un metod\u0113m, bet dab\u012bgi balt\u0101, pret gaismas ietekmi iztur\u012bg\u0101 virsma lieliski reproduc\u0113s s\u0101kotn\u0113ji uzkl\u0101t\u0101s kr\u0101sas. Pateicoties augstas kvalit\u0101tes apdarei, \u0161is bloks ar pap\u012bra stiprin\u0101juma \u0161uvi un iek\u0161\u0113jo kabati\u0146u vienm\u0113r b\u016bs pa rokai.<\/p>\n","protected":false},"featured_media":285677,"comment_status":"closed","ping_status":"closed","template":"","meta":{"_acf_changed":false,"ep_exclude_from_search":false},"product_cat":[18943,17921,19024],"product_tag":[],"class_list":{"0":"post-285428","1":"product","2":"type-product","3":"status-publish","4":"has-post-thumbnail","6":"product_cat-makslas-papirs-un-kartons-2","7":"product_cat-papira-izstradajumi","8":"product_cat-zimesanas-papirs-un-bloki-3","10":"first","11":"instock","12":"taxable","13":"shipping-taxable","14":"purchasable","15":"product-type-variable"},"acf":[],"yoast_head":"<!-- This site is optimized with the Yoast SEO plugin v24.1 - https:\/\/yoast.com\/wordpress\/plugins\/seo\/ -->\n<title>Ski\u010du albums Marabu Art Journal &#8211; Skizze<\/title>\n<meta name=\"robots\" content=\"noindex, follow, max-snippet:-1, max-image-preview:large, max-video-preview:-1\" \/>\n<meta property=\"og:locale\" content=\"lv_LV\" \/>\n<meta property=\"og:type\" content=\"article\" \/>\n<meta property=\"og:title\" content=\"Ski\u010du albums Marabu Art Journal &#8211; Skizze\" \/>\n<meta property=\"og:description\" content=\"Mat\u0113tais pap\u012brs ar sal\u012bdzino\u0161i smalko tekst\u016bru ir ide\u0101li piem\u0113rots vis\u0101m kr\u0101s\u0101m un metod\u0113m, bet dab\u012bgi balt\u0101, pret gaismas ietekmi iztur\u012bg\u0101 virsma lieliski reproduc\u0113s s\u0101kotn\u0113ji uzkl\u0101t\u0101s kr\u0101sas. Pateicoties augstas kvalit\u0101tes apdarei, \u0161is bloks ar pap\u012bra stiprin\u0101juma \u0161uvi un iek\u0161\u0113jo kabati\u0146u vienm\u0113r b\u016bs pa rokai.\" \/>\n<meta property=\"og:url\" content=\"https:\/\/hobstop.ee\/lv\/produkts\/skicu-albums-marabu-art-journal\/\" \/>\n<meta property=\"og:site_name\" content=\"Skizze\" \/>\n<meta property=\"article:publisher\" content=\"http:\/\/www.facebook.com\/VunderSkizze\" \/>\n<meta property=\"og:image\" content=\"https:\/\/hobstop.ee\/media\/4527.jpg\" \/>\n\t<meta property=\"og:image:width\" content=\"1024\" \/>\n\t<meta property=\"og:image:height\" content=\"768\" \/>\n\t<meta property=\"og:image:type\" content=\"image\/jpeg\" \/>\n<meta name=\"twitter:card\" content=\"summary_large_image\" \/>\n<script type=\"application\/ld+json\" class=\"yoast-schema-graph\">{\"@context\":\"https:\/\/schema.org\",\"@graph\":[{\"@type\":\"WebPage\",\"@id\":\"https:\/\/hobstop.ee\/lv\/produkts\/skicu-albums-marabu-art-journal\/\",\"url\":\"https:\/\/hobstop.ee\/lv\/produkts\/skicu-albums-marabu-art-journal\/\",\"name\":\"Ski\u010du albums Marabu Art Journal &#8211; Skizze\",\"isPartOf\":{\"@id\":\"https:\/\/hobstop.ee\/lv\/#website\"},\"primaryImageOfPage\":{\"@id\":\"https:\/\/hobstop.ee\/lv\/produkts\/skicu-albums-marabu-art-journal\/#primaryimage\"},\"image\":{\"@id\":\"https:\/\/hobstop.ee\/lv\/produkts\/skicu-albums-marabu-art-journal\/#primaryimage\"},\"thumbnailUrl\":\"https:\/\/hobstop.ee\/media\/4527.jpg\",\"datePublished\":\"2017-04-06T12:15:02+00:00\",\"dateModified\":\"2017-04-06T12:15:02+00:00\",\"breadcrumb\":{\"@id\":\"https:\/\/hobstop.ee\/lv\/produkts\/skicu-albums-marabu-art-journal\/#breadcrumb\"},\"inLanguage\":\"lv-LV\",\"potentialAction\":[{\"@type\":\"ReadAction\",\"target\":[\"https:\/\/hobstop.ee\/lv\/produkts\/skicu-albums-marabu-art-journal\/\"]}]},{\"@type\":\"ImageObject\",\"inLanguage\":\"lv-LV\",\"@id\":\"https:\/\/hobstop.ee\/lv\/produkts\/skicu-albums-marabu-art-journal\/#primaryimage\",\"url\":\"https:\/\/hobstop.ee\/media\/4527.jpg\",\"contentUrl\":\"https:\/\/hobstop.ee\/media\/4527.jpg\",\"width\":1024,\"height\":768},{\"@type\":\"BreadcrumbList\",\"@id\":\"https:\/\/hobstop.ee\/lv\/produkts\/skicu-albums-marabu-art-journal\/#breadcrumb\",\"itemListElement\":[{\"@type\":\"ListItem\",\"position\":1,\"name\":\"Avaleht\",\"item\":\"https:\/\/hobstop.ee\/lv\/\"},{\"@type\":\"ListItem\",\"position\":2,\"name\":\"Veikals\",\"item\":\"https:\/\/hobstop.ee\/lv\/veikals\/\"},{\"@type\":\"ListItem\",\"position\":3,\"name\":\"Ski\u010du albums Marabu Art Journal\"}]},{\"@type\":\"WebSite\",\"@id\":\"https:\/\/hobstop.ee\/lv\/#website\",\"url\":\"https:\/\/hobstop.ee\/lv\/\",\"name\":\"Skizze\",\"description\":\"M\u0101kslas, hobiju un skolas preces\",\"publisher\":{\"@id\":\"https:\/\/hobstop.ee\/lv\/#organization\"},\"potentialAction\":[{\"@type\":\"SearchAction\",\"target\":{\"@type\":\"EntryPoint\",\"urlTemplate\":\"https:\/\/hobstop.ee\/lv\/?s={search_term_string}\"},\"query-input\":{\"@type\":\"PropertyValueSpecification\",\"valueRequired\":true,\"valueName\":\"search_term_string\"}}],\"inLanguage\":\"lv-LV\"},{\"@type\":\"Organization\",\"@id\":\"https:\/\/hobstop.ee\/lv\/#organization\",\"name\":\"Vunder AS\",\"url\":\"https:\/\/hobstop.ee\/lv\/\",\"logo\":{\"@type\":\"ImageObject\",\"inLanguage\":\"lv-LV\",\"@id\":\"https:\/\/hobstop.ee\/lv\/#\/schema\/logo\/image\/\",\"url\":\"https:\/\/hobstop.ee\/media\/vunder-logo.png\",\"contentUrl\":\"https:\/\/hobstop.ee\/media\/vunder-logo.png\",\"width\":127,\"height\":55,\"caption\":\"Vunder AS\"},\"image\":{\"@id\":\"https:\/\/hobstop.ee\/lv\/#\/schema\/logo\/image\/\"},\"sameAs\":[\"http:\/\/www.facebook.com\/VunderSkizze\"]}]}<\/script>\n<!-- \/ Yoast SEO plugin. -->","yoast_head_json":{"title":"Ski\u010du albums Marabu Art Journal &#8211; Skizze","robots":{"index":"noindex","follow":"follow","max-snippet":"max-snippet:-1","max-image-preview":"max-image-preview:large","max-video-preview":"max-video-preview:-1"},"og_locale":"lv_LV","og_type":"article","og_title":"Ski\u010du albums Marabu Art Journal &#8211; Skizze","og_description":"Mat\u0113tais pap\u012brs ar sal\u012bdzino\u0161i smalko tekst\u016bru ir ide\u0101li piem\u0113rots vis\u0101m kr\u0101s\u0101m un metod\u0113m, bet dab\u012bgi balt\u0101, pret gaismas ietekmi iztur\u012bg\u0101 virsma lieliski reproduc\u0113s s\u0101kotn\u0113ji uzkl\u0101t\u0101s kr\u0101sas. Pateicoties augstas kvalit\u0101tes apdarei, \u0161is bloks ar pap\u012bra stiprin\u0101juma \u0161uvi un iek\u0161\u0113jo kabati\u0146u vienm\u0113r b\u016bs pa rokai.","og_url":"https:\/\/hobstop.ee\/lv\/produkts\/skicu-albums-marabu-art-journal\/","og_site_name":"Skizze","article_publisher":"http:\/\/www.facebook.com\/VunderSkizze","og_image":[{"width":1024,"height":768,"url":"https:\/\/hobstop.ee\/media\/4527.jpg","type":"image\/jpeg"}],"twitter_card":"summary_large_image","schema":{"@context":"https:\/\/schema.org","@graph":[{"@type":"WebPage","@id":"https:\/\/hobstop.ee\/lv\/produkts\/skicu-albums-marabu-art-journal\/","url":"https:\/\/hobstop.ee\/lv\/produkts\/skicu-albums-marabu-art-journal\/","name":"Ski\u010du albums Marabu Art Journal &#8211; Skizze","isPartOf":{"@id":"https:\/\/hobstop.ee\/lv\/#website"},"primaryImageOfPage":{"@id":"https:\/\/hobstop.ee\/lv\/produkts\/skicu-albums-marabu-art-journal\/#primaryimage"},"image":{"@id":"https:\/\/hobstop.ee\/lv\/produkts\/skicu-albums-marabu-art-journal\/#primaryimage"},"thumbnailUrl":"https:\/\/hobstop.ee\/media\/4527.jpg","datePublished":"2017-04-06T12:15:02+00:00","dateModified":"2017-04-06T12:15:02+00:00","breadcrumb":{"@id":"https:\/\/hobstop.ee\/lv\/produkts\/skicu-albums-marabu-art-journal\/#breadcrumb"},"inLanguage":"lv-LV","potentialAction":[{"@type":"ReadAction","target":["https:\/\/hobstop.ee\/lv\/produkts\/skicu-albums-marabu-art-journal\/"]}]},{"@type":"ImageObject","inLanguage":"lv-LV","@id":"https:\/\/hobstop.ee\/lv\/produkts\/skicu-albums-marabu-art-journal\/#primaryimage","url":"https:\/\/hobstop.ee\/media\/4527.jpg","contentUrl":"https:\/\/hobstop.ee\/media\/4527.jpg","width":1024,"height":768},{"@type":"BreadcrumbList","@id":"https:\/\/hobstop.ee\/lv\/produkts\/skicu-albums-marabu-art-journal\/#breadcrumb","itemListElement":[{"@type":"ListItem","position":1,"name":"Avaleht","item":"https:\/\/hobstop.ee\/lv\/"},{"@type":"ListItem","position":2,"name":"Veikals","item":"https:\/\/hobstop.ee\/lv\/veikals\/"},{"@type":"ListItem","position":3,"name":"Ski\u010du albums Marabu Art Journal"}]},{"@type":"WebSite","@id":"https:\/\/hobstop.ee\/lv\/#website","url":"https:\/\/hobstop.ee\/lv\/","name":"Skizze","description":"M\u0101kslas, hobiju un skolas preces","publisher":{"@id":"https:\/\/hobstop.ee\/lv\/#organization"},"potentialAction":[{"@type":"SearchAction","target":{"@type":"EntryPoint","urlTemplate":"https:\/\/hobstop.ee\/lv\/?s={search_term_string}"},"query-input":{"@type":"PropertyValueSpecification","valueRequired":true,"valueName":"search_term_string"}}],"inLanguage":"lv-LV"},{"@type":"Organization","@id":"https:\/\/hobstop.ee\/lv\/#organization","name":"Vunder AS","url":"https:\/\/hobstop.ee\/lv\/","logo":{"@type":"ImageObject","inLanguage":"lv-LV","@id":"https:\/\/hobstop.ee\/lv\/#\/schema\/logo\/image\/","url":"https:\/\/hobstop.ee\/media\/vunder-logo.png","contentUrl":"https:\/\/hobstop.ee\/media\/vunder-logo.png","width":127,"height":55,"caption":"Vunder AS"},"image":{"@id":"https:\/\/hobstop.ee\/lv\/#\/schema\/logo\/image\/"},"sameAs":["http:\/\/www.facebook.com\/VunderSkizze"]}]}},"_links":{"self":[{"href":"https:\/\/hobstop.ee\/lv\/wp-json\/wp\/v2\/product\/285428","targetHints":{"allow":["GET"]}}],"collection":[{"href":"https:\/\/hobstop.ee\/lv\/wp-json\/wp\/v2\/product"}],"about":[{"href":"https:\/\/hobstop.ee\/lv\/wp-json\/wp\/v2\/types\/product"}],"replies":[{"embeddable":true,"href":"https:\/\/hobstop.ee\/lv\/wp-json\/wp\/v2\/comments?post=285428"}],"wp:featuredmedia":[{"embeddable":true,"href":"https:\/\/hobstop.ee\/lv\/wp-json\/wp\/v2\/media\/285677"}],"wp:attachment":[{"href":"https:\/\/hobstop.ee\/lv\/wp-json\/wp\/v2\/media?parent=285428"}],"wp:term":[{"taxonomy":"product_cat","embeddable":true,"href":"https:\/\/hobstop.ee\/lv\/wp-json\/wp\/v2\/product_cat?post=285428"},{"taxonomy":"product_tag","embeddable":true,"href":"https:\/\/hobstop.ee\/lv\/wp-json\/wp\/v2\/product_tag?post=285428"}],"curies":[{"name":"wp","href":"https:\/\/api.w.org\/{rel}","templated":true}]}}