{"id":286312,"date":"2017-04-26T10:08:18","date_gmt":"2017-04-26T07:08:18","guid":{"rendered":"https:\/\/sharks.ee\/vunder_2019\/lv\/product\/krasa-aerosola-marabu-do-it-reflecting-steel-150ml\/"},"modified":"2017-04-26T10:08:18","modified_gmt":"2017-04-26T07:08:18","slug":"krasa-aerosola-marabu-do-it-reflecting-steel-150ml","status":"publish","type":"product","link":"https:\/\/hobstop.ee\/lv\/produkts\/krasa-aerosola-marabu-do-it-reflecting-steel-150ml\/","title":{"rendered":"Kr\u0101sa aerosol\u0101 Marabu do it Reflecting Steel 150ml"},"content":{"rendered":"<p>Priek\u0161meti, kas apsmidzin\u0101ti ar sp\u012bd\u012bgu met\u0101la kr\u0101su, \u0101tri vien k\u013c\u016bs par iem\u012b\u013cot\u0101kajiem! Marabu do it sniedz lielisku kr\u0101su mirdzumu, izmantojot uz jebkur\u0101m virsm\u0101m &#8211; pat uz vissare\u017e\u0123\u012bt\u0101kaj\u0101m. T\u0101s ir ide\u0101li piem\u0113rotas lieti\u0161\u0137ajai m\u0101kslai un saimniecisku priek\u0161metu kr\u0101so\u0161anai. Lielais pigmenta saturs nodro\u0161ina do it kr\u0101s\u0101m lieliskas nokl\u0101\u0161anas \u012bpa\u0161\u012bbas un labu gaismas notur\u012bbu. Do it aerosola kr\u0101sa no\u017e\u016bst \u0101tri un t\u0101 nesm\u0113r\u0113jas un ir notur\u012bga pret apk\u0101rt\u0113j\u0101s vides iedarb\u012bbu. Ar Marabu do it da\u017e\u0101du materi\u0101lu, pat gr\u016bti nokl\u0101jamu &#8211; kartona, koksnes, stikla, akmens, met\u0101la, m\u0101la un citu dab\u012bgu materi\u0101lu nokr\u0101so\u0161ana ir viegla un \u0101tra.<\/p>\n","protected":false},"excerpt":{"rendered":"<p>Priek\u0161meti, kas apsmidzin\u0101ti ar sp\u012bd\u012bgu met\u0101la kr\u0101su, \u0101tri vien k\u013c\u016bs par iem\u012b\u013cot\u0101kajiem! Marabu do it sniedz lielisku kr\u0101su mirdzumu, izmantojot uz jebkur\u0101m virsm\u0101m &#8211; pat uz vissare\u017e\u0123\u012bt\u0101kaj\u0101m. T\u0101s ir ide\u0101li piem\u0113rotas lieti\u0161\u0137ajai m\u0101kslai un saimniecisku priek\u0161metu kr\u0101so\u0161anai. Lielais pigmenta saturs nodro\u0161ina do it kr\u0101s\u0101m lieliskas nokl\u0101\u0161anas \u012bpa\u0161\u012bbas un labu gaismas notur\u012bbu. Do it aerosola kr\u0101sa no\u017e\u016bst \u0101tri un t\u0101 nesm\u0113r\u0113jas un ir notur\u012bga pret apk\u0101rt\u0113j\u0101s vides iedarb\u012bbu. Ar Marabu do it da\u017e\u0101du materi\u0101lu, pat gr\u016bti nokl\u0101jamu &#8211; kartona, koksnes, stikla, akmens, met\u0101la, m\u0101la un citu dab\u012bgu materi\u0101lu nokr\u0101so\u0161ana ir viegla un \u0101tra.<\/p>\n","protected":false},"featured_media":286520,"comment_status":"closed","ping_status":"closed","template":"","meta":{"_acf_changed":false,"ep_exclude_from_search":false},"product_cat":[18196,17954,17918],"product_tag":[],"class_list":{"0":"post-286312","1":"product","2":"type-product","3":"status-publish","4":"has-post-thumbnail","6":"product_cat-aerosolkrasas","7":"product_cat-decor-krasas-un-lakas","8":"product_cat-preces-hobijiem","10":"first","11":"instock","12":"taxable","13":"shipping-taxable","14":"purchasable","15":"product-type-simple"},"acf":[],"yoast_head":"<!-- This site is optimized with the Yoast SEO plugin v24.1 - https:\/\/yoast.com\/wordpress\/plugins\/seo\/ -->\n<title>Kr\u0101sa aerosol\u0101 Marabu do it Reflecting Steel 150ml &#8211; Skizze<\/title>\n<meta name=\"robots\" content=\"noindex, follow, max-snippet:-1, max-image-preview:large, max-video-preview:-1\" \/>\n<meta property=\"og:locale\" content=\"lv_LV\" \/>\n<meta property=\"og:type\" content=\"article\" \/>\n<meta property=\"og:title\" content=\"Kr\u0101sa aerosol\u0101 Marabu do it Reflecting Steel 150ml &#8211; Skizze\" \/>\n<meta property=\"og:description\" content=\"Priek\u0161meti, kas apsmidzin\u0101ti ar sp\u012bd\u012bgu met\u0101la kr\u0101su, \u0101tri vien k\u013c\u016bs par iem\u012b\u013cot\u0101kajiem! Marabu do it sniedz lielisku kr\u0101su mirdzumu, izmantojot uz jebkur\u0101m virsm\u0101m &#8211; pat uz vissare\u017e\u0123\u012bt\u0101kaj\u0101m. T\u0101s ir ide\u0101li piem\u0113rotas lieti\u0161\u0137ajai m\u0101kslai un saimniecisku priek\u0161metu kr\u0101so\u0161anai. Lielais pigmenta saturs nodro\u0161ina do it kr\u0101s\u0101m lieliskas nokl\u0101\u0161anas \u012bpa\u0161\u012bbas un labu gaismas notur\u012bbu. Do it aerosola kr\u0101sa no\u017e\u016bst \u0101tri un t\u0101 nesm\u0113r\u0113jas un ir notur\u012bga pret apk\u0101rt\u0113j\u0101s vides iedarb\u012bbu. Ar Marabu do it da\u017e\u0101du materi\u0101lu, pat gr\u016bti nokl\u0101jamu &#8211; kartona, koksnes, stikla, akmens, met\u0101la, m\u0101la un citu dab\u012bgu materi\u0101lu nokr\u0101so\u0161ana ir viegla un \u0101tra.\" \/>\n<meta property=\"og:url\" content=\"https:\/\/hobstop.ee\/lv\/produkts\/krasa-aerosola-marabu-do-it-reflecting-steel-150ml\/\" \/>\n<meta property=\"og:site_name\" content=\"Skizze\" \/>\n<meta property=\"article:publisher\" content=\"http:\/\/www.facebook.com\/VunderSkizze\" \/>\n<meta property=\"og:image\" content=\"https:\/\/hobstop.ee\/media\/4470.jpg\" \/>\n\t<meta property=\"og:image:width\" content=\"1024\" \/>\n\t<meta property=\"og:image:height\" content=\"768\" \/>\n\t<meta property=\"og:image:type\" content=\"image\/jpeg\" \/>\n<meta name=\"twitter:card\" content=\"summary_large_image\" \/>\n<meta name=\"twitter:label1\" content=\"Est. reading time\" \/>\n\t<meta name=\"twitter:data1\" content=\"1 min\u016b\u0161u\" \/>\n<script type=\"application\/ld+json\" class=\"yoast-schema-graph\">{\"@context\":\"https:\/\/schema.org\",\"@graph\":[{\"@type\":\"WebPage\",\"@id\":\"https:\/\/hobstop.ee\/lv\/produkts\/krasa-aerosola-marabu-do-it-reflecting-steel-150ml\/\",\"url\":\"https:\/\/hobstop.ee\/lv\/produkts\/krasa-aerosola-marabu-do-it-reflecting-steel-150ml\/\",\"name\":\"Kr\u0101sa aerosol\u0101 Marabu do it Reflecting Steel 150ml &#8211; Skizze\",\"isPartOf\":{\"@id\":\"https:\/\/hobstop.ee\/lv\/#website\"},\"primaryImageOfPage\":{\"@id\":\"https:\/\/hobstop.ee\/lv\/produkts\/krasa-aerosola-marabu-do-it-reflecting-steel-150ml\/#primaryimage\"},\"image\":{\"@id\":\"https:\/\/hobstop.ee\/lv\/produkts\/krasa-aerosola-marabu-do-it-reflecting-steel-150ml\/#primaryimage\"},\"thumbnailUrl\":\"https:\/\/hobstop.ee\/media\/4470.jpg\",\"datePublished\":\"2017-04-26T07:08:18+00:00\",\"dateModified\":\"2017-04-26T07:08:18+00:00\",\"breadcrumb\":{\"@id\":\"https:\/\/hobstop.ee\/lv\/produkts\/krasa-aerosola-marabu-do-it-reflecting-steel-150ml\/#breadcrumb\"},\"inLanguage\":\"lv-LV\",\"potentialAction\":[{\"@type\":\"ReadAction\",\"target\":[\"https:\/\/hobstop.ee\/lv\/produkts\/krasa-aerosola-marabu-do-it-reflecting-steel-150ml\/\"]}]},{\"@type\":\"ImageObject\",\"inLanguage\":\"lv-LV\",\"@id\":\"https:\/\/hobstop.ee\/lv\/produkts\/krasa-aerosola-marabu-do-it-reflecting-steel-150ml\/#primaryimage\",\"url\":\"https:\/\/hobstop.ee\/media\/4470.jpg\",\"contentUrl\":\"https:\/\/hobstop.ee\/media\/4470.jpg\",\"width\":1024,\"height\":768},{\"@type\":\"BreadcrumbList\",\"@id\":\"https:\/\/hobstop.ee\/lv\/produkts\/krasa-aerosola-marabu-do-it-reflecting-steel-150ml\/#breadcrumb\",\"itemListElement\":[{\"@type\":\"ListItem\",\"position\":1,\"name\":\"Avaleht\",\"item\":\"https:\/\/hobstop.ee\/lv\/\"},{\"@type\":\"ListItem\",\"position\":2,\"name\":\"Veikals\",\"item\":\"https:\/\/hobstop.ee\/lv\/veikals\/\"},{\"@type\":\"ListItem\",\"position\":3,\"name\":\"Kr\u0101sa aerosol\u0101 Marabu do it Reflecting Steel 150ml\"}]},{\"@type\":\"WebSite\",\"@id\":\"https:\/\/hobstop.ee\/lv\/#website\",\"url\":\"https:\/\/hobstop.ee\/lv\/\",\"name\":\"Skizze\",\"description\":\"M\u0101kslas, hobiju un skolas preces\",\"publisher\":{\"@id\":\"https:\/\/hobstop.ee\/lv\/#organization\"},\"potentialAction\":[{\"@type\":\"SearchAction\",\"target\":{\"@type\":\"EntryPoint\",\"urlTemplate\":\"https:\/\/hobstop.ee\/lv\/?s={search_term_string}\"},\"query-input\":{\"@type\":\"PropertyValueSpecification\",\"valueRequired\":true,\"valueName\":\"search_term_string\"}}],\"inLanguage\":\"lv-LV\"},{\"@type\":\"Organization\",\"@id\":\"https:\/\/hobstop.ee\/lv\/#organization\",\"name\":\"Vunder AS\",\"url\":\"https:\/\/hobstop.ee\/lv\/\",\"logo\":{\"@type\":\"ImageObject\",\"inLanguage\":\"lv-LV\",\"@id\":\"https:\/\/hobstop.ee\/lv\/#\/schema\/logo\/image\/\",\"url\":\"https:\/\/hobstop.ee\/media\/vunder-logo.png\",\"contentUrl\":\"https:\/\/hobstop.ee\/media\/vunder-logo.png\",\"width\":127,\"height\":55,\"caption\":\"Vunder AS\"},\"image\":{\"@id\":\"https:\/\/hobstop.ee\/lv\/#\/schema\/logo\/image\/\"},\"sameAs\":[\"http:\/\/www.facebook.com\/VunderSkizze\"]}]}<\/script>\n<!-- \/ Yoast SEO plugin. -->","yoast_head_json":{"title":"Kr\u0101sa aerosol\u0101 Marabu do it Reflecting Steel 150ml &#8211; Skizze","robots":{"index":"noindex","follow":"follow","max-snippet":"max-snippet:-1","max-image-preview":"max-image-preview:large","max-video-preview":"max-video-preview:-1"},"og_locale":"lv_LV","og_type":"article","og_title":"Kr\u0101sa aerosol\u0101 Marabu do it Reflecting Steel 150ml &#8211; Skizze","og_description":"Priek\u0161meti, kas apsmidzin\u0101ti ar sp\u012bd\u012bgu met\u0101la kr\u0101su, \u0101tri vien k\u013c\u016bs par iem\u012b\u013cot\u0101kajiem! Marabu do it sniedz lielisku kr\u0101su mirdzumu, izmantojot uz jebkur\u0101m virsm\u0101m &#8211; pat uz vissare\u017e\u0123\u012bt\u0101kaj\u0101m. T\u0101s ir ide\u0101li piem\u0113rotas lieti\u0161\u0137ajai m\u0101kslai un saimniecisku priek\u0161metu kr\u0101so\u0161anai. Lielais pigmenta saturs nodro\u0161ina do it kr\u0101s\u0101m lieliskas nokl\u0101\u0161anas \u012bpa\u0161\u012bbas un labu gaismas notur\u012bbu. Do it aerosola kr\u0101sa no\u017e\u016bst \u0101tri un t\u0101 nesm\u0113r\u0113jas un ir notur\u012bga pret apk\u0101rt\u0113j\u0101s vides iedarb\u012bbu. Ar Marabu do it da\u017e\u0101du materi\u0101lu, pat gr\u016bti nokl\u0101jamu &#8211; kartona, koksnes, stikla, akmens, met\u0101la, m\u0101la un citu dab\u012bgu materi\u0101lu nokr\u0101so\u0161ana ir viegla un \u0101tra.","og_url":"https:\/\/hobstop.ee\/lv\/produkts\/krasa-aerosola-marabu-do-it-reflecting-steel-150ml\/","og_site_name":"Skizze","article_publisher":"http:\/\/www.facebook.com\/VunderSkizze","og_image":[{"width":1024,"height":768,"url":"https:\/\/hobstop.ee\/media\/4470.jpg","type":"image\/jpeg"}],"twitter_card":"summary_large_image","twitter_misc":{"Est. reading time":"1 min\u016b\u0161u"},"schema":{"@context":"https:\/\/schema.org","@graph":[{"@type":"WebPage","@id":"https:\/\/hobstop.ee\/lv\/produkts\/krasa-aerosola-marabu-do-it-reflecting-steel-150ml\/","url":"https:\/\/hobstop.ee\/lv\/produkts\/krasa-aerosola-marabu-do-it-reflecting-steel-150ml\/","name":"Kr\u0101sa aerosol\u0101 Marabu do it Reflecting Steel 150ml &#8211; Skizze","isPartOf":{"@id":"https:\/\/hobstop.ee\/lv\/#website"},"primaryImageOfPage":{"@id":"https:\/\/hobstop.ee\/lv\/produkts\/krasa-aerosola-marabu-do-it-reflecting-steel-150ml\/#primaryimage"},"image":{"@id":"https:\/\/hobstop.ee\/lv\/produkts\/krasa-aerosola-marabu-do-it-reflecting-steel-150ml\/#primaryimage"},"thumbnailUrl":"https:\/\/hobstop.ee\/media\/4470.jpg","datePublished":"2017-04-26T07:08:18+00:00","dateModified":"2017-04-26T07:08:18+00:00","breadcrumb":{"@id":"https:\/\/hobstop.ee\/lv\/produkts\/krasa-aerosola-marabu-do-it-reflecting-steel-150ml\/#breadcrumb"},"inLanguage":"lv-LV","potentialAction":[{"@type":"ReadAction","target":["https:\/\/hobstop.ee\/lv\/produkts\/krasa-aerosola-marabu-do-it-reflecting-steel-150ml\/"]}]},{"@type":"ImageObject","inLanguage":"lv-LV","@id":"https:\/\/hobstop.ee\/lv\/produkts\/krasa-aerosola-marabu-do-it-reflecting-steel-150ml\/#primaryimage","url":"https:\/\/hobstop.ee\/media\/4470.jpg","contentUrl":"https:\/\/hobstop.ee\/media\/4470.jpg","width":1024,"height":768},{"@type":"BreadcrumbList","@id":"https:\/\/hobstop.ee\/lv\/produkts\/krasa-aerosola-marabu-do-it-reflecting-steel-150ml\/#breadcrumb","itemListElement":[{"@type":"ListItem","position":1,"name":"Avaleht","item":"https:\/\/hobstop.ee\/lv\/"},{"@type":"ListItem","position":2,"name":"Veikals","item":"https:\/\/hobstop.ee\/lv\/veikals\/"},{"@type":"ListItem","position":3,"name":"Kr\u0101sa aerosol\u0101 Marabu do it Reflecting Steel 150ml"}]},{"@type":"WebSite","@id":"https:\/\/hobstop.ee\/lv\/#website","url":"https:\/\/hobstop.ee\/lv\/","name":"Skizze","description":"M\u0101kslas, hobiju un skolas preces","publisher":{"@id":"https:\/\/hobstop.ee\/lv\/#organization"},"potentialAction":[{"@type":"SearchAction","target":{"@type":"EntryPoint","urlTemplate":"https:\/\/hobstop.ee\/lv\/?s={search_term_string}"},"query-input":{"@type":"PropertyValueSpecification","valueRequired":true,"valueName":"search_term_string"}}],"inLanguage":"lv-LV"},{"@type":"Organization","@id":"https:\/\/hobstop.ee\/lv\/#organization","name":"Vunder AS","url":"https:\/\/hobstop.ee\/lv\/","logo":{"@type":"ImageObject","inLanguage":"lv-LV","@id":"https:\/\/hobstop.ee\/lv\/#\/schema\/logo\/image\/","url":"https:\/\/hobstop.ee\/media\/vunder-logo.png","contentUrl":"https:\/\/hobstop.ee\/media\/vunder-logo.png","width":127,"height":55,"caption":"Vunder AS"},"image":{"@id":"https:\/\/hobstop.ee\/lv\/#\/schema\/logo\/image\/"},"sameAs":["http:\/\/www.facebook.com\/VunderSkizze"]}]}},"_links":{"self":[{"href":"https:\/\/hobstop.ee\/lv\/wp-json\/wp\/v2\/product\/286312","targetHints":{"allow":["GET"]}}],"collection":[{"href":"https:\/\/hobstop.ee\/lv\/wp-json\/wp\/v2\/product"}],"about":[{"href":"https:\/\/hobstop.ee\/lv\/wp-json\/wp\/v2\/types\/product"}],"replies":[{"embeddable":true,"href":"https:\/\/hobstop.ee\/lv\/wp-json\/wp\/v2\/comments?post=286312"}],"wp:featuredmedia":[{"embeddable":true,"href":"https:\/\/hobstop.ee\/lv\/wp-json\/wp\/v2\/media\/286520"}],"wp:attachment":[{"href":"https:\/\/hobstop.ee\/lv\/wp-json\/wp\/v2\/media?parent=286312"}],"wp:term":[{"taxonomy":"product_cat","embeddable":true,"href":"https:\/\/hobstop.ee\/lv\/wp-json\/wp\/v2\/product_cat?post=286312"},{"taxonomy":"product_tag","embeddable":true,"href":"https:\/\/hobstop.ee\/lv\/wp-json\/wp\/v2\/product_tag?post=286312"}],"curies":[{"name":"wp","href":"https:\/\/api.w.org\/{rel}","templated":true}]}}