{"id":286320,"date":"2017-04-26T10:08:20","date_gmt":"2017-04-26T07:08:20","guid":{"rendered":"https:\/\/sharks.ee\/vunder_2019\/lv\/product\/tafeles-krasas-marabu-do-it-150ml-aerosols\/"},"modified":"2017-04-26T10:08:20","modified_gmt":"2017-04-26T07:08:20","slug":"tafeles-krasas-marabu-do-it-150ml-aerosols","status":"publish","type":"product","link":"https:\/\/hobstop.ee\/lv\/produkts\/tafeles-krasas-marabu-do-it-150ml-aerosols\/","title":{"rendered":"T\u0101feles kr\u0101sas Marabu do it 150ml aerosols"},"content":{"rendered":"<p>K\u0101d\u0113\u013c gan nep\u0101rv\u0113rst sienu vai dekorat\u012bvo objektu par t\u0101feli? Marabu do it t\u0101fe\u013cu kr\u0101sa ir mat\u0113ta, \u016bdens b\u0101zes akrila kr\u0101sa, uz kuras p\u0113c no\u017e\u016b\u0161anas var rakst\u012bt ar kr\u012btiem un mazg\u0101t. T\u0101 ir \u016bdensdro\u0161a un notur\u012bga. Kr\u0101su var izmantot gan sienu apstr\u0101dei, gan koka, MDF, met\u0101la, pap\u012bra un pat audekla r\u0101mju p\u0101rkl\u0101\u0161anai.<\/p>\n","protected":false},"excerpt":{"rendered":"<p>K\u0101d\u0113\u013c gan nep\u0101rv\u0113rst sienu vai dekorat\u012bvo objektu par t\u0101feli? Marabu do it t\u0101fe\u013cu kr\u0101sa ir mat\u0113ta, \u016bdens b\u0101zes akrila kr\u0101sa, uz kuras p\u0113c no\u017e\u016b\u0161anas var rakst\u012bt ar kr\u012btiem un mazg\u0101t. T\u0101 ir \u016bdensdro\u0161a un notur\u012bga. Kr\u0101su var izmantot gan sienu apstr\u0101dei, gan koka, MDF, met\u0101la, pap\u012bra un pat audekla r\u0101mju p\u0101rkl\u0101\u0161anai.<\/p>\n","protected":false},"featured_media":286528,"comment_status":"closed","ping_status":"closed","template":"","meta":{"_acf_changed":false,"ep_exclude_from_search":false},"product_cat":[18722,17954,17918],"product_tag":[],"class_list":{"0":"post-286320","1":"product","2":"type-product","3":"status-publish","4":"has-post-thumbnail","6":"product_cat-dazadi-16","7":"product_cat-decor-krasas-un-lakas","8":"product_cat-preces-hobijiem","10":"first","11":"instock","12":"taxable","13":"shipping-taxable","14":"purchasable","15":"product-type-simple"},"acf":[],"yoast_head":"<!-- This site is optimized with the Yoast SEO plugin v24.1 - https:\/\/yoast.com\/wordpress\/plugins\/seo\/ -->\n<title>T\u0101feles kr\u0101sas Marabu do it 150ml aerosols &#8211; Skizze<\/title>\n<meta name=\"robots\" content=\"noindex, follow, max-snippet:-1, max-image-preview:large, max-video-preview:-1\" \/>\n<meta property=\"og:locale\" content=\"lv_LV\" \/>\n<meta property=\"og:type\" content=\"article\" \/>\n<meta property=\"og:title\" content=\"T\u0101feles kr\u0101sas Marabu do it 150ml aerosols &#8211; Skizze\" \/>\n<meta property=\"og:description\" content=\"K\u0101d\u0113\u013c gan nep\u0101rv\u0113rst sienu vai dekorat\u012bvo objektu par t\u0101feli? Marabu do it t\u0101fe\u013cu kr\u0101sa ir mat\u0113ta, \u016bdens b\u0101zes akrila kr\u0101sa, uz kuras p\u0113c no\u017e\u016b\u0161anas var rakst\u012bt ar kr\u012btiem un mazg\u0101t. T\u0101 ir \u016bdensdro\u0161a un notur\u012bga. Kr\u0101su var izmantot gan sienu apstr\u0101dei, gan koka, MDF, met\u0101la, pap\u012bra un pat audekla r\u0101mju p\u0101rkl\u0101\u0161anai.\" \/>\n<meta property=\"og:url\" content=\"https:\/\/hobstop.ee\/lv\/produkts\/tafeles-krasas-marabu-do-it-150ml-aerosols\/\" \/>\n<meta property=\"og:site_name\" content=\"Skizze\" \/>\n<meta property=\"article:publisher\" content=\"http:\/\/www.facebook.com\/VunderSkizze\" \/>\n<meta property=\"og:image\" content=\"https:\/\/hobstop.ee\/media\/4472.jpg\" \/>\n\t<meta property=\"og:image:width\" content=\"1024\" \/>\n\t<meta property=\"og:image:height\" content=\"768\" \/>\n\t<meta property=\"og:image:type\" content=\"image\/jpeg\" \/>\n<meta name=\"twitter:card\" content=\"summary_large_image\" \/>\n<script type=\"application\/ld+json\" class=\"yoast-schema-graph\">{\"@context\":\"https:\/\/schema.org\",\"@graph\":[{\"@type\":\"WebPage\",\"@id\":\"https:\/\/hobstop.ee\/lv\/produkts\/tafeles-krasas-marabu-do-it-150ml-aerosols\/\",\"url\":\"https:\/\/hobstop.ee\/lv\/produkts\/tafeles-krasas-marabu-do-it-150ml-aerosols\/\",\"name\":\"T\u0101feles kr\u0101sas Marabu do it 150ml aerosols &#8211; Skizze\",\"isPartOf\":{\"@id\":\"https:\/\/hobstop.ee\/lv\/#website\"},\"primaryImageOfPage\":{\"@id\":\"https:\/\/hobstop.ee\/lv\/produkts\/tafeles-krasas-marabu-do-it-150ml-aerosols\/#primaryimage\"},\"image\":{\"@id\":\"https:\/\/hobstop.ee\/lv\/produkts\/tafeles-krasas-marabu-do-it-150ml-aerosols\/#primaryimage\"},\"thumbnailUrl\":\"https:\/\/hobstop.ee\/media\/4472.jpg\",\"datePublished\":\"2017-04-26T07:08:20+00:00\",\"dateModified\":\"2017-04-26T07:08:20+00:00\",\"breadcrumb\":{\"@id\":\"https:\/\/hobstop.ee\/lv\/produkts\/tafeles-krasas-marabu-do-it-150ml-aerosols\/#breadcrumb\"},\"inLanguage\":\"lv-LV\",\"potentialAction\":[{\"@type\":\"ReadAction\",\"target\":[\"https:\/\/hobstop.ee\/lv\/produkts\/tafeles-krasas-marabu-do-it-150ml-aerosols\/\"]}]},{\"@type\":\"ImageObject\",\"inLanguage\":\"lv-LV\",\"@id\":\"https:\/\/hobstop.ee\/lv\/produkts\/tafeles-krasas-marabu-do-it-150ml-aerosols\/#primaryimage\",\"url\":\"https:\/\/hobstop.ee\/media\/4472.jpg\",\"contentUrl\":\"https:\/\/hobstop.ee\/media\/4472.jpg\",\"width\":1024,\"height\":768},{\"@type\":\"BreadcrumbList\",\"@id\":\"https:\/\/hobstop.ee\/lv\/produkts\/tafeles-krasas-marabu-do-it-150ml-aerosols\/#breadcrumb\",\"itemListElement\":[{\"@type\":\"ListItem\",\"position\":1,\"name\":\"Avaleht\",\"item\":\"https:\/\/hobstop.ee\/lv\/\"},{\"@type\":\"ListItem\",\"position\":2,\"name\":\"Veikals\",\"item\":\"https:\/\/hobstop.ee\/lv\/veikals\/\"},{\"@type\":\"ListItem\",\"position\":3,\"name\":\"T\u0101feles kr\u0101sas Marabu do it 150ml aerosols\"}]},{\"@type\":\"WebSite\",\"@id\":\"https:\/\/hobstop.ee\/lv\/#website\",\"url\":\"https:\/\/hobstop.ee\/lv\/\",\"name\":\"Skizze\",\"description\":\"M\u0101kslas, hobiju un skolas preces\",\"publisher\":{\"@id\":\"https:\/\/hobstop.ee\/lv\/#organization\"},\"potentialAction\":[{\"@type\":\"SearchAction\",\"target\":{\"@type\":\"EntryPoint\",\"urlTemplate\":\"https:\/\/hobstop.ee\/lv\/?s={search_term_string}\"},\"query-input\":{\"@type\":\"PropertyValueSpecification\",\"valueRequired\":true,\"valueName\":\"search_term_string\"}}],\"inLanguage\":\"lv-LV\"},{\"@type\":\"Organization\",\"@id\":\"https:\/\/hobstop.ee\/lv\/#organization\",\"name\":\"Vunder AS\",\"url\":\"https:\/\/hobstop.ee\/lv\/\",\"logo\":{\"@type\":\"ImageObject\",\"inLanguage\":\"lv-LV\",\"@id\":\"https:\/\/hobstop.ee\/lv\/#\/schema\/logo\/image\/\",\"url\":\"https:\/\/hobstop.ee\/media\/vunder-logo.png\",\"contentUrl\":\"https:\/\/hobstop.ee\/media\/vunder-logo.png\",\"width\":127,\"height\":55,\"caption\":\"Vunder AS\"},\"image\":{\"@id\":\"https:\/\/hobstop.ee\/lv\/#\/schema\/logo\/image\/\"},\"sameAs\":[\"http:\/\/www.facebook.com\/VunderSkizze\"]}]}<\/script>\n<!-- \/ Yoast SEO plugin. -->","yoast_head_json":{"title":"T\u0101feles kr\u0101sas Marabu do it 150ml aerosols &#8211; Skizze","robots":{"index":"noindex","follow":"follow","max-snippet":"max-snippet:-1","max-image-preview":"max-image-preview:large","max-video-preview":"max-video-preview:-1"},"og_locale":"lv_LV","og_type":"article","og_title":"T\u0101feles kr\u0101sas Marabu do it 150ml aerosols &#8211; Skizze","og_description":"K\u0101d\u0113\u013c gan nep\u0101rv\u0113rst sienu vai dekorat\u012bvo objektu par t\u0101feli? Marabu do it t\u0101fe\u013cu kr\u0101sa ir mat\u0113ta, \u016bdens b\u0101zes akrila kr\u0101sa, uz kuras p\u0113c no\u017e\u016b\u0161anas var rakst\u012bt ar kr\u012btiem un mazg\u0101t. T\u0101 ir \u016bdensdro\u0161a un notur\u012bga. Kr\u0101su var izmantot gan sienu apstr\u0101dei, gan koka, MDF, met\u0101la, pap\u012bra un pat audekla r\u0101mju p\u0101rkl\u0101\u0161anai.","og_url":"https:\/\/hobstop.ee\/lv\/produkts\/tafeles-krasas-marabu-do-it-150ml-aerosols\/","og_site_name":"Skizze","article_publisher":"http:\/\/www.facebook.com\/VunderSkizze","og_image":[{"width":1024,"height":768,"url":"https:\/\/hobstop.ee\/media\/4472.jpg","type":"image\/jpeg"}],"twitter_card":"summary_large_image","schema":{"@context":"https:\/\/schema.org","@graph":[{"@type":"WebPage","@id":"https:\/\/hobstop.ee\/lv\/produkts\/tafeles-krasas-marabu-do-it-150ml-aerosols\/","url":"https:\/\/hobstop.ee\/lv\/produkts\/tafeles-krasas-marabu-do-it-150ml-aerosols\/","name":"T\u0101feles kr\u0101sas Marabu do it 150ml aerosols &#8211; Skizze","isPartOf":{"@id":"https:\/\/hobstop.ee\/lv\/#website"},"primaryImageOfPage":{"@id":"https:\/\/hobstop.ee\/lv\/produkts\/tafeles-krasas-marabu-do-it-150ml-aerosols\/#primaryimage"},"image":{"@id":"https:\/\/hobstop.ee\/lv\/produkts\/tafeles-krasas-marabu-do-it-150ml-aerosols\/#primaryimage"},"thumbnailUrl":"https:\/\/hobstop.ee\/media\/4472.jpg","datePublished":"2017-04-26T07:08:20+00:00","dateModified":"2017-04-26T07:08:20+00:00","breadcrumb":{"@id":"https:\/\/hobstop.ee\/lv\/produkts\/tafeles-krasas-marabu-do-it-150ml-aerosols\/#breadcrumb"},"inLanguage":"lv-LV","potentialAction":[{"@type":"ReadAction","target":["https:\/\/hobstop.ee\/lv\/produkts\/tafeles-krasas-marabu-do-it-150ml-aerosols\/"]}]},{"@type":"ImageObject","inLanguage":"lv-LV","@id":"https:\/\/hobstop.ee\/lv\/produkts\/tafeles-krasas-marabu-do-it-150ml-aerosols\/#primaryimage","url":"https:\/\/hobstop.ee\/media\/4472.jpg","contentUrl":"https:\/\/hobstop.ee\/media\/4472.jpg","width":1024,"height":768},{"@type":"BreadcrumbList","@id":"https:\/\/hobstop.ee\/lv\/produkts\/tafeles-krasas-marabu-do-it-150ml-aerosols\/#breadcrumb","itemListElement":[{"@type":"ListItem","position":1,"name":"Avaleht","item":"https:\/\/hobstop.ee\/lv\/"},{"@type":"ListItem","position":2,"name":"Veikals","item":"https:\/\/hobstop.ee\/lv\/veikals\/"},{"@type":"ListItem","position":3,"name":"T\u0101feles kr\u0101sas Marabu do it 150ml aerosols"}]},{"@type":"WebSite","@id":"https:\/\/hobstop.ee\/lv\/#website","url":"https:\/\/hobstop.ee\/lv\/","name":"Skizze","description":"M\u0101kslas, hobiju un skolas preces","publisher":{"@id":"https:\/\/hobstop.ee\/lv\/#organization"},"potentialAction":[{"@type":"SearchAction","target":{"@type":"EntryPoint","urlTemplate":"https:\/\/hobstop.ee\/lv\/?s={search_term_string}"},"query-input":{"@type":"PropertyValueSpecification","valueRequired":true,"valueName":"search_term_string"}}],"inLanguage":"lv-LV"},{"@type":"Organization","@id":"https:\/\/hobstop.ee\/lv\/#organization","name":"Vunder AS","url":"https:\/\/hobstop.ee\/lv\/","logo":{"@type":"ImageObject","inLanguage":"lv-LV","@id":"https:\/\/hobstop.ee\/lv\/#\/schema\/logo\/image\/","url":"https:\/\/hobstop.ee\/media\/vunder-logo.png","contentUrl":"https:\/\/hobstop.ee\/media\/vunder-logo.png","width":127,"height":55,"caption":"Vunder AS"},"image":{"@id":"https:\/\/hobstop.ee\/lv\/#\/schema\/logo\/image\/"},"sameAs":["http:\/\/www.facebook.com\/VunderSkizze"]}]}},"_links":{"self":[{"href":"https:\/\/hobstop.ee\/lv\/wp-json\/wp\/v2\/product\/286320","targetHints":{"allow":["GET"]}}],"collection":[{"href":"https:\/\/hobstop.ee\/lv\/wp-json\/wp\/v2\/product"}],"about":[{"href":"https:\/\/hobstop.ee\/lv\/wp-json\/wp\/v2\/types\/product"}],"replies":[{"embeddable":true,"href":"https:\/\/hobstop.ee\/lv\/wp-json\/wp\/v2\/comments?post=286320"}],"wp:featuredmedia":[{"embeddable":true,"href":"https:\/\/hobstop.ee\/lv\/wp-json\/wp\/v2\/media\/286528"}],"wp:attachment":[{"href":"https:\/\/hobstop.ee\/lv\/wp-json\/wp\/v2\/media?parent=286320"}],"wp:term":[{"taxonomy":"product_cat","embeddable":true,"href":"https:\/\/hobstop.ee\/lv\/wp-json\/wp\/v2\/product_cat?post=286320"},{"taxonomy":"product_tag","embeddable":true,"href":"https:\/\/hobstop.ee\/lv\/wp-json\/wp\/v2\/product_tag?post=286320"}],"curies":[{"name":"wp","href":"https:\/\/api.w.org\/{rel}","templated":true}]}}