{"id":288736,"date":"2017-05-30T10:34:40","date_gmt":"2017-05-30T07:34:40","guid":{"rendered":"https:\/\/sharks.ee\/vunder_2019\/lv\/product\/klade-tallinna-loomaaia-toetuseks\/"},"modified":"2017-05-30T10:34:40","modified_gmt":"2017-05-30T07:34:40","slug":"klade-tallinna-loomaaia-toetuseks","status":"publish","type":"product","link":"https:\/\/hobstop.ee\/lv\/produkts\/klade-tallinna-loomaaia-toetuseks\/","title":{"rendered":"Klade Tallinna Loomaaia Toetuseks"},"content":{"rendered":"<p>Klades ar Tallinas Zoolo\u0123isk\u0101 d\u0101rza tematiku ir rad\u012btas, sadarbojoties ar Tallinas Zoolo\u0123isk\u0101 d\u0101rza draugu biedr\u012bbu. T\u0101s m\u0113r\u0137is ir atbalst\u012bt Zoolo\u0123isko d\u0101rzu \u2013 3 centi no katras p\u0101rdot\u0101s klades v\u0113rt\u012bbas tiek p\u0101rskait\u012bti Tallinas Zoolo\u0123iskajam d\u0101rzam. Dz\u012bvnieki, kas att\u0113loti uz klad\u0113m, ir re\u0101li \u0161\u012b zood\u0101rza iem\u012btnieki \u2013 gan ledusl\u0101\u010di Nords un Fr\u012bda, gan ar\u012b Am\u016bras t\u012b\u0123eris Potsmans. Uz katras klades aizmugur\u0113j\u0101 v\u0101ka var atrast \u012bsu aprakstu par da\u017e\u0101d\u0101m sug\u0101m, piem\u0113ram, prim\u0101tiem vai zilo\u0146iem un n\u012blzirgiem. Vis\u0101m klad\u0113m ir spilgti balts un l\u012bdzens 70g\/m2 pap\u012brs un biezi v\u0101ki.<\/p>\n","protected":false},"excerpt":{"rendered":"<p>Klades ar Tallinas Zoolo\u0123isk\u0101 d\u0101rza tematiku ir rad\u012btas, sadarbojoties ar Tallinas Zoolo\u0123isk\u0101 d\u0101rza draugu biedr\u012bbu. T\u0101s m\u0113r\u0137is ir atbalst\u012bt Zoolo\u0123isko d\u0101rzu \u2013 3 centi no katras p\u0101rdot\u0101s klades v\u0113rt\u012bbas tiek p\u0101rskait\u012bti Tallinas Zoolo\u0123iskajam d\u0101rzam. Dz\u012bvnieki, kas att\u0113loti uz klad\u0113m, ir re\u0101li \u0161\u012b zood\u0101rza iem\u012btnieki \u2013 gan ledusl\u0101\u010di Nords un Fr\u012bda, gan ar\u012b Am\u016bras t\u012b\u0123eris Potsmans. Uz katras klades aizmugur\u0113j\u0101 v\u0101ka var atrast \u012bsu aprakstu par da\u017e\u0101d\u0101m sug\u0101m, piem\u0113ram, prim\u0101tiem vai zilo\u0146iem un n\u012blzirgiem. Vis\u0101m klad\u0113m ir spilgti balts un l\u012bdzens 70g\/m2 pap\u012brs un biezi v\u0101ki.<\/p>\n","protected":false},"featured_media":289328,"comment_status":"closed","ping_status":"closed","template":"","meta":{"_acf_changed":false,"ep_exclude_from_search":false},"product_cat":[18428,17921,18940],"product_tag":[],"class_list":{"0":"post-288736","1":"product","2":"type-product","3":"status-publish","4":"has-post-thumbnail","6":"product_cat-klades","7":"product_cat-papira-izstradajumi","8":"product_cat-preces-skolai-3","10":"first","11":"instock","12":"taxable","13":"shipping-taxable","14":"purchasable","15":"product-type-simple"},"acf":[],"yoast_head":"<!-- This site is optimized with the Yoast SEO plugin v24.1 - https:\/\/yoast.com\/wordpress\/plugins\/seo\/ -->\n<title>Klade Tallinna Loomaaia Toetuseks &#8211; Skizze<\/title>\n<meta name=\"robots\" content=\"noindex, follow, max-snippet:-1, max-image-preview:large, max-video-preview:-1\" \/>\n<meta property=\"og:locale\" content=\"lv_LV\" \/>\n<meta property=\"og:type\" content=\"article\" \/>\n<meta property=\"og:title\" content=\"Klade Tallinna Loomaaia Toetuseks &#8211; Skizze\" \/>\n<meta property=\"og:description\" content=\"Klades ar Tallinas Zoolo\u0123isk\u0101 d\u0101rza tematiku ir rad\u012btas, sadarbojoties ar Tallinas Zoolo\u0123isk\u0101 d\u0101rza draugu biedr\u012bbu. T\u0101s m\u0113r\u0137is ir atbalst\u012bt Zoolo\u0123isko d\u0101rzu \u2013 3 centi no katras p\u0101rdot\u0101s klades v\u0113rt\u012bbas tiek p\u0101rskait\u012bti Tallinas Zoolo\u0123iskajam d\u0101rzam. Dz\u012bvnieki, kas att\u0113loti uz klad\u0113m, ir re\u0101li \u0161\u012b zood\u0101rza iem\u012btnieki \u2013 gan ledusl\u0101\u010di Nords un Fr\u012bda, gan ar\u012b Am\u016bras t\u012b\u0123eris Potsmans. Uz katras klades aizmugur\u0113j\u0101 v\u0101ka var atrast \u012bsu aprakstu par da\u017e\u0101d\u0101m sug\u0101m, piem\u0113ram, prim\u0101tiem vai zilo\u0146iem un n\u012blzirgiem. Vis\u0101m klad\u0113m ir spilgti balts un l\u012bdzens 70g\/m2 pap\u012brs un biezi v\u0101ki.\" \/>\n<meta property=\"og:url\" content=\"https:\/\/hobstop.ee\/lv\/produkts\/klade-tallinna-loomaaia-toetuseks\/\" \/>\n<meta property=\"og:site_name\" content=\"Skizze\" \/>\n<meta property=\"article:publisher\" content=\"http:\/\/www.facebook.com\/VunderSkizze\" \/>\n<meta property=\"og:image\" content=\"https:\/\/hobstop.ee\/media\/4492.jpg\" \/>\n\t<meta property=\"og:image:width\" content=\"1024\" \/>\n\t<meta property=\"og:image:height\" content=\"768\" \/>\n\t<meta property=\"og:image:type\" content=\"image\/jpeg\" \/>\n<meta name=\"twitter:card\" content=\"summary_large_image\" \/>\n<meta name=\"twitter:label1\" content=\"Est. reading time\" \/>\n\t<meta name=\"twitter:data1\" content=\"1 min\u016b\u0161u\" \/>\n<script type=\"application\/ld+json\" class=\"yoast-schema-graph\">{\"@context\":\"https:\/\/schema.org\",\"@graph\":[{\"@type\":\"WebPage\",\"@id\":\"https:\/\/hobstop.ee\/lv\/produkts\/klade-tallinna-loomaaia-toetuseks\/\",\"url\":\"https:\/\/hobstop.ee\/lv\/produkts\/klade-tallinna-loomaaia-toetuseks\/\",\"name\":\"Klade Tallinna Loomaaia Toetuseks &#8211; Skizze\",\"isPartOf\":{\"@id\":\"https:\/\/hobstop.ee\/lv\/#website\"},\"primaryImageOfPage\":{\"@id\":\"https:\/\/hobstop.ee\/lv\/produkts\/klade-tallinna-loomaaia-toetuseks\/#primaryimage\"},\"image\":{\"@id\":\"https:\/\/hobstop.ee\/lv\/produkts\/klade-tallinna-loomaaia-toetuseks\/#primaryimage\"},\"thumbnailUrl\":\"https:\/\/hobstop.ee\/media\/4492.jpg\",\"datePublished\":\"2017-05-30T07:34:40+00:00\",\"dateModified\":\"2017-05-30T07:34:40+00:00\",\"breadcrumb\":{\"@id\":\"https:\/\/hobstop.ee\/lv\/produkts\/klade-tallinna-loomaaia-toetuseks\/#breadcrumb\"},\"inLanguage\":\"lv-LV\",\"potentialAction\":[{\"@type\":\"ReadAction\",\"target\":[\"https:\/\/hobstop.ee\/lv\/produkts\/klade-tallinna-loomaaia-toetuseks\/\"]}]},{\"@type\":\"ImageObject\",\"inLanguage\":\"lv-LV\",\"@id\":\"https:\/\/hobstop.ee\/lv\/produkts\/klade-tallinna-loomaaia-toetuseks\/#primaryimage\",\"url\":\"https:\/\/hobstop.ee\/media\/4492.jpg\",\"contentUrl\":\"https:\/\/hobstop.ee\/media\/4492.jpg\",\"width\":1024,\"height\":768},{\"@type\":\"BreadcrumbList\",\"@id\":\"https:\/\/hobstop.ee\/lv\/produkts\/klade-tallinna-loomaaia-toetuseks\/#breadcrumb\",\"itemListElement\":[{\"@type\":\"ListItem\",\"position\":1,\"name\":\"Avaleht\",\"item\":\"https:\/\/www.hobstop.ee\/lv\/\"},{\"@type\":\"ListItem\",\"position\":2,\"name\":\"Veikals\",\"item\":\"https:\/\/www.hobstop.ee\/lv\/veikals\/\"},{\"@type\":\"ListItem\",\"position\":3,\"name\":\"Klade Tallinna Loomaaia Toetuseks\"}]},{\"@type\":\"WebSite\",\"@id\":\"https:\/\/hobstop.ee\/lv\/#website\",\"url\":\"https:\/\/hobstop.ee\/lv\/\",\"name\":\"Skizze\",\"description\":\"M\u0101kslas, hobiju un skolas preces\",\"publisher\":{\"@id\":\"https:\/\/hobstop.ee\/lv\/#organization\"},\"potentialAction\":[{\"@type\":\"SearchAction\",\"target\":{\"@type\":\"EntryPoint\",\"urlTemplate\":\"https:\/\/hobstop.ee\/lv\/?s={search_term_string}\"},\"query-input\":{\"@type\":\"PropertyValueSpecification\",\"valueRequired\":true,\"valueName\":\"search_term_string\"}}],\"inLanguage\":\"lv-LV\"},{\"@type\":\"Organization\",\"@id\":\"https:\/\/hobstop.ee\/lv\/#organization\",\"name\":\"Vunder AS\",\"url\":\"https:\/\/hobstop.ee\/lv\/\",\"logo\":{\"@type\":\"ImageObject\",\"inLanguage\":\"lv-LV\",\"@id\":\"https:\/\/hobstop.ee\/lv\/#\/schema\/logo\/image\/\",\"url\":\"https:\/\/hobstop.ee\/media\/vunder-logo.png\",\"contentUrl\":\"https:\/\/hobstop.ee\/media\/vunder-logo.png\",\"width\":127,\"height\":55,\"caption\":\"Vunder AS\"},\"image\":{\"@id\":\"https:\/\/hobstop.ee\/lv\/#\/schema\/logo\/image\/\"},\"sameAs\":[\"http:\/\/www.facebook.com\/VunderSkizze\"]}]}<\/script>\n<!-- \/ Yoast SEO plugin. -->","yoast_head_json":{"title":"Klade Tallinna Loomaaia Toetuseks &#8211; Skizze","robots":{"index":"noindex","follow":"follow","max-snippet":"max-snippet:-1","max-image-preview":"max-image-preview:large","max-video-preview":"max-video-preview:-1"},"og_locale":"lv_LV","og_type":"article","og_title":"Klade Tallinna Loomaaia Toetuseks &#8211; Skizze","og_description":"Klades ar Tallinas Zoolo\u0123isk\u0101 d\u0101rza tematiku ir rad\u012btas, sadarbojoties ar Tallinas Zoolo\u0123isk\u0101 d\u0101rza draugu biedr\u012bbu. T\u0101s m\u0113r\u0137is ir atbalst\u012bt Zoolo\u0123isko d\u0101rzu \u2013 3 centi no katras p\u0101rdot\u0101s klades v\u0113rt\u012bbas tiek p\u0101rskait\u012bti Tallinas Zoolo\u0123iskajam d\u0101rzam. Dz\u012bvnieki, kas att\u0113loti uz klad\u0113m, ir re\u0101li \u0161\u012b zood\u0101rza iem\u012btnieki \u2013 gan ledusl\u0101\u010di Nords un Fr\u012bda, gan ar\u012b Am\u016bras t\u012b\u0123eris Potsmans. Uz katras klades aizmugur\u0113j\u0101 v\u0101ka var atrast \u012bsu aprakstu par da\u017e\u0101d\u0101m sug\u0101m, piem\u0113ram, prim\u0101tiem vai zilo\u0146iem un n\u012blzirgiem. Vis\u0101m klad\u0113m ir spilgti balts un l\u012bdzens 70g\/m2 pap\u012brs un biezi v\u0101ki.","og_url":"https:\/\/hobstop.ee\/lv\/produkts\/klade-tallinna-loomaaia-toetuseks\/","og_site_name":"Skizze","article_publisher":"http:\/\/www.facebook.com\/VunderSkizze","og_image":[{"width":1024,"height":768,"url":"https:\/\/hobstop.ee\/media\/4492.jpg","type":"image\/jpeg"}],"twitter_card":"summary_large_image","twitter_misc":{"Est. reading time":"1 min\u016b\u0161u"},"schema":{"@context":"https:\/\/schema.org","@graph":[{"@type":"WebPage","@id":"https:\/\/hobstop.ee\/lv\/produkts\/klade-tallinna-loomaaia-toetuseks\/","url":"https:\/\/hobstop.ee\/lv\/produkts\/klade-tallinna-loomaaia-toetuseks\/","name":"Klade Tallinna Loomaaia Toetuseks &#8211; Skizze","isPartOf":{"@id":"https:\/\/hobstop.ee\/lv\/#website"},"primaryImageOfPage":{"@id":"https:\/\/hobstop.ee\/lv\/produkts\/klade-tallinna-loomaaia-toetuseks\/#primaryimage"},"image":{"@id":"https:\/\/hobstop.ee\/lv\/produkts\/klade-tallinna-loomaaia-toetuseks\/#primaryimage"},"thumbnailUrl":"https:\/\/hobstop.ee\/media\/4492.jpg","datePublished":"2017-05-30T07:34:40+00:00","dateModified":"2017-05-30T07:34:40+00:00","breadcrumb":{"@id":"https:\/\/hobstop.ee\/lv\/produkts\/klade-tallinna-loomaaia-toetuseks\/#breadcrumb"},"inLanguage":"lv-LV","potentialAction":[{"@type":"ReadAction","target":["https:\/\/hobstop.ee\/lv\/produkts\/klade-tallinna-loomaaia-toetuseks\/"]}]},{"@type":"ImageObject","inLanguage":"lv-LV","@id":"https:\/\/hobstop.ee\/lv\/produkts\/klade-tallinna-loomaaia-toetuseks\/#primaryimage","url":"https:\/\/hobstop.ee\/media\/4492.jpg","contentUrl":"https:\/\/hobstop.ee\/media\/4492.jpg","width":1024,"height":768},{"@type":"BreadcrumbList","@id":"https:\/\/hobstop.ee\/lv\/produkts\/klade-tallinna-loomaaia-toetuseks\/#breadcrumb","itemListElement":[{"@type":"ListItem","position":1,"name":"Avaleht","item":"https:\/\/www.hobstop.ee\/lv\/"},{"@type":"ListItem","position":2,"name":"Veikals","item":"https:\/\/www.hobstop.ee\/lv\/veikals\/"},{"@type":"ListItem","position":3,"name":"Klade Tallinna Loomaaia Toetuseks"}]},{"@type":"WebSite","@id":"https:\/\/hobstop.ee\/lv\/#website","url":"https:\/\/hobstop.ee\/lv\/","name":"Skizze","description":"M\u0101kslas, hobiju un skolas preces","publisher":{"@id":"https:\/\/hobstop.ee\/lv\/#organization"},"potentialAction":[{"@type":"SearchAction","target":{"@type":"EntryPoint","urlTemplate":"https:\/\/hobstop.ee\/lv\/?s={search_term_string}"},"query-input":{"@type":"PropertyValueSpecification","valueRequired":true,"valueName":"search_term_string"}}],"inLanguage":"lv-LV"},{"@type":"Organization","@id":"https:\/\/hobstop.ee\/lv\/#organization","name":"Vunder AS","url":"https:\/\/hobstop.ee\/lv\/","logo":{"@type":"ImageObject","inLanguage":"lv-LV","@id":"https:\/\/hobstop.ee\/lv\/#\/schema\/logo\/image\/","url":"https:\/\/hobstop.ee\/media\/vunder-logo.png","contentUrl":"https:\/\/hobstop.ee\/media\/vunder-logo.png","width":127,"height":55,"caption":"Vunder AS"},"image":{"@id":"https:\/\/hobstop.ee\/lv\/#\/schema\/logo\/image\/"},"sameAs":["http:\/\/www.facebook.com\/VunderSkizze"]}]}},"_links":{"self":[{"href":"https:\/\/hobstop.ee\/lv\/wp-json\/wp\/v2\/product\/288736","targetHints":{"allow":["GET"]}}],"collection":[{"href":"https:\/\/hobstop.ee\/lv\/wp-json\/wp\/v2\/product"}],"about":[{"href":"https:\/\/hobstop.ee\/lv\/wp-json\/wp\/v2\/types\/product"}],"replies":[{"embeddable":true,"href":"https:\/\/hobstop.ee\/lv\/wp-json\/wp\/v2\/comments?post=288736"}],"wp:featuredmedia":[{"embeddable":true,"href":"https:\/\/hobstop.ee\/lv\/wp-json\/wp\/v2\/media\/289328"}],"wp:attachment":[{"href":"https:\/\/hobstop.ee\/lv\/wp-json\/wp\/v2\/media?parent=288736"}],"wp:term":[{"taxonomy":"product_cat","embeddable":true,"href":"https:\/\/hobstop.ee\/lv\/wp-json\/wp\/v2\/product_cat?post=288736"},{"taxonomy":"product_tag","embeddable":true,"href":"https:\/\/hobstop.ee\/lv\/wp-json\/wp\/v2\/product_tag?post=288736"}],"curies":[{"name":"wp","href":"https:\/\/api.w.org\/{rel}","templated":true}]}}