{"id":288744,"date":"2017-05-30T10:34:41","date_gmt":"2017-05-30T07:34:41","guid":{"rendered":"https:\/\/sharks.ee\/vunder_2019\/lv\/product\/patina-krasa-modern-option\/"},"modified":"2017-05-30T10:34:41","modified_gmt":"2017-05-30T07:34:41","slug":"patina-krasa-modern-option-118ml","status":"publish","type":"product","link":"https:\/\/hobstop.ee\/lv\/produkts\/patina-krasa-modern-option-118ml\/","title":{"rendered":"Patina kr\u0101sa Modern Option 118ml"},"content":{"rendered":"<p>Radiet skaistu, ant\u012bku patinas apdari tikai da\u017eu stundu laik\u0101 uz praktiski jebkuras piem\u0113rotas virsmas! Modern Option patina rada autentisku patinas apdari, identisku tai, kura gadu laik\u0101 rodas dab\u012bg\u0101 veid\u0101. Ide\u0101li piem\u0113rota da\u017e\u0101diem m\u0101jas dekoriem, amatniec\u012bbai un m\u0101kslas projektiem. Uz \u016bdens b\u0101zes vieglai t\u012br\u012b\u0161anai, vienk\u0101r\u0161a uzkl\u0101\u0161ana, piem\u0113rota izmanto\u0161anai gan iek\u0161telp\u0101s, gan \u0101rpus telp\u0101m.<\/p>\n","protected":false},"excerpt":{"rendered":"<p>Radiet skaistu, ant\u012bku patinas apdari tikai da\u017eu stundu laik\u0101 uz praktiski jebkuras piem\u0113rotas virsmas! Modern Option patina rada autentisku patinas apdari, identisku tai, kura gadu laik\u0101 rodas dab\u012bg\u0101 veid\u0101. Ide\u0101li piem\u0113rota da\u017e\u0101diem m\u0101jas dekoriem, amatniec\u012bbai un m\u0101kslas projektiem. Uz \u016bdens b\u0101zes vieglai t\u012br\u012b\u0161anai, vienk\u0101r\u0161a uzkl\u0101\u0161ana, piem\u0113rota izmanto\u0161anai gan iek\u0161telp\u0101s, gan \u0101rpus telp\u0101m.<\/p>\n","protected":false},"featured_media":0,"comment_status":"closed","ping_status":"closed","template":"","meta":{"_acf_changed":false,"ep_exclude_from_search":false},"product_cat":[17954,18209,17918],"product_tag":[],"class_list":{"0":"post-288744","1":"product","2":"type-product","3":"status-publish","5":"product_cat-decor-krasas-un-lakas","6":"product_cat-materiali-vecinasanai","7":"product_cat-preces-hobijiem","9":"first","10":"instock","11":"taxable","12":"shipping-taxable","13":"product-type-simple"},"acf":[],"yoast_head":"<!-- This site is optimized with the Yoast SEO plugin v24.1 - https:\/\/yoast.com\/wordpress\/plugins\/seo\/ -->\n<title>Patina kr\u0101sa Modern Option 118ml &#8211; Skizze<\/title>\n<meta name=\"robots\" content=\"noindex, follow, max-snippet:-1, max-image-preview:large, max-video-preview:-1\" \/>\n<meta property=\"og:locale\" content=\"lv_LV\" \/>\n<meta property=\"og:type\" content=\"article\" \/>\n<meta property=\"og:title\" content=\"Patina kr\u0101sa Modern Option 118ml &#8211; Skizze\" \/>\n<meta property=\"og:description\" content=\"Radiet skaistu, ant\u012bku patinas apdari tikai da\u017eu stundu laik\u0101 uz praktiski jebkuras piem\u0113rotas virsmas! Modern Option patina rada autentisku patinas apdari, identisku tai, kura gadu laik\u0101 rodas dab\u012bg\u0101 veid\u0101. Ide\u0101li piem\u0113rota da\u017e\u0101diem m\u0101jas dekoriem, amatniec\u012bbai un m\u0101kslas projektiem. Uz \u016bdens b\u0101zes vieglai t\u012br\u012b\u0161anai, vienk\u0101r\u0161a uzkl\u0101\u0161ana, piem\u0113rota izmanto\u0161anai gan iek\u0161telp\u0101s, gan \u0101rpus telp\u0101m.\" \/>\n<meta property=\"og:url\" content=\"https:\/\/hobstop.ee\/lv\/produkts\/patina-krasa-modern-option-118ml\/\" \/>\n<meta property=\"og:site_name\" content=\"Skizze\" \/>\n<meta property=\"article:publisher\" content=\"http:\/\/www.facebook.com\/VunderSkizze\" \/>\n<meta name=\"twitter:card\" content=\"summary_large_image\" \/>\n<script type=\"application\/ld+json\" class=\"yoast-schema-graph\">{\"@context\":\"https:\/\/schema.org\",\"@graph\":[{\"@type\":\"WebPage\",\"@id\":\"https:\/\/hobstop.ee\/lv\/produkts\/patina-krasa-modern-option-118ml\/\",\"url\":\"https:\/\/hobstop.ee\/lv\/produkts\/patina-krasa-modern-option-118ml\/\",\"name\":\"Patina kr\u0101sa Modern Option 118ml &#8211; Skizze\",\"isPartOf\":{\"@id\":\"https:\/\/hobstop.ee\/lv\/#website\"},\"datePublished\":\"2017-05-30T07:34:41+00:00\",\"dateModified\":\"2017-05-30T07:34:41+00:00\",\"breadcrumb\":{\"@id\":\"https:\/\/hobstop.ee\/lv\/produkts\/patina-krasa-modern-option-118ml\/#breadcrumb\"},\"inLanguage\":\"lv-LV\",\"potentialAction\":[{\"@type\":\"ReadAction\",\"target\":[\"https:\/\/hobstop.ee\/lv\/produkts\/patina-krasa-modern-option-118ml\/\"]}]},{\"@type\":\"BreadcrumbList\",\"@id\":\"https:\/\/hobstop.ee\/lv\/produkts\/patina-krasa-modern-option-118ml\/#breadcrumb\",\"itemListElement\":[{\"@type\":\"ListItem\",\"position\":1,\"name\":\"Avaleht\",\"item\":\"https:\/\/hobstop.ee\/lv\/\"},{\"@type\":\"ListItem\",\"position\":2,\"name\":\"Veikals\",\"item\":\"https:\/\/hobstop.ee\/lv\/veikals\/\"},{\"@type\":\"ListItem\",\"position\":3,\"name\":\"Patina kr\u0101sa Modern Option 118ml\"}]},{\"@type\":\"WebSite\",\"@id\":\"https:\/\/hobstop.ee\/lv\/#website\",\"url\":\"https:\/\/hobstop.ee\/lv\/\",\"name\":\"Skizze\",\"description\":\"M\u0101kslas, hobiju un skolas preces\",\"publisher\":{\"@id\":\"https:\/\/hobstop.ee\/lv\/#organization\"},\"potentialAction\":[{\"@type\":\"SearchAction\",\"target\":{\"@type\":\"EntryPoint\",\"urlTemplate\":\"https:\/\/hobstop.ee\/lv\/?s={search_term_string}\"},\"query-input\":{\"@type\":\"PropertyValueSpecification\",\"valueRequired\":true,\"valueName\":\"search_term_string\"}}],\"inLanguage\":\"lv-LV\"},{\"@type\":\"Organization\",\"@id\":\"https:\/\/hobstop.ee\/lv\/#organization\",\"name\":\"Vunder AS\",\"url\":\"https:\/\/hobstop.ee\/lv\/\",\"logo\":{\"@type\":\"ImageObject\",\"inLanguage\":\"lv-LV\",\"@id\":\"https:\/\/hobstop.ee\/lv\/#\/schema\/logo\/image\/\",\"url\":\"https:\/\/hobstop.ee\/media\/vunder-logo.png\",\"contentUrl\":\"https:\/\/hobstop.ee\/media\/vunder-logo.png\",\"width\":127,\"height\":55,\"caption\":\"Vunder AS\"},\"image\":{\"@id\":\"https:\/\/hobstop.ee\/lv\/#\/schema\/logo\/image\/\"},\"sameAs\":[\"http:\/\/www.facebook.com\/VunderSkizze\"]}]}<\/script>\n<!-- \/ Yoast SEO plugin. -->","yoast_head_json":{"title":"Patina kr\u0101sa Modern Option 118ml &#8211; Skizze","robots":{"index":"noindex","follow":"follow","max-snippet":"max-snippet:-1","max-image-preview":"max-image-preview:large","max-video-preview":"max-video-preview:-1"},"og_locale":"lv_LV","og_type":"article","og_title":"Patina kr\u0101sa Modern Option 118ml &#8211; Skizze","og_description":"Radiet skaistu, ant\u012bku patinas apdari tikai da\u017eu stundu laik\u0101 uz praktiski jebkuras piem\u0113rotas virsmas! Modern Option patina rada autentisku patinas apdari, identisku tai, kura gadu laik\u0101 rodas dab\u012bg\u0101 veid\u0101. Ide\u0101li piem\u0113rota da\u017e\u0101diem m\u0101jas dekoriem, amatniec\u012bbai un m\u0101kslas projektiem. Uz \u016bdens b\u0101zes vieglai t\u012br\u012b\u0161anai, vienk\u0101r\u0161a uzkl\u0101\u0161ana, piem\u0113rota izmanto\u0161anai gan iek\u0161telp\u0101s, gan \u0101rpus telp\u0101m.","og_url":"https:\/\/hobstop.ee\/lv\/produkts\/patina-krasa-modern-option-118ml\/","og_site_name":"Skizze","article_publisher":"http:\/\/www.facebook.com\/VunderSkizze","twitter_card":"summary_large_image","schema":{"@context":"https:\/\/schema.org","@graph":[{"@type":"WebPage","@id":"https:\/\/hobstop.ee\/lv\/produkts\/patina-krasa-modern-option-118ml\/","url":"https:\/\/hobstop.ee\/lv\/produkts\/patina-krasa-modern-option-118ml\/","name":"Patina kr\u0101sa Modern Option 118ml &#8211; Skizze","isPartOf":{"@id":"https:\/\/hobstop.ee\/lv\/#website"},"datePublished":"2017-05-30T07:34:41+00:00","dateModified":"2017-05-30T07:34:41+00:00","breadcrumb":{"@id":"https:\/\/hobstop.ee\/lv\/produkts\/patina-krasa-modern-option-118ml\/#breadcrumb"},"inLanguage":"lv-LV","potentialAction":[{"@type":"ReadAction","target":["https:\/\/hobstop.ee\/lv\/produkts\/patina-krasa-modern-option-118ml\/"]}]},{"@type":"BreadcrumbList","@id":"https:\/\/hobstop.ee\/lv\/produkts\/patina-krasa-modern-option-118ml\/#breadcrumb","itemListElement":[{"@type":"ListItem","position":1,"name":"Avaleht","item":"https:\/\/hobstop.ee\/lv\/"},{"@type":"ListItem","position":2,"name":"Veikals","item":"https:\/\/hobstop.ee\/lv\/veikals\/"},{"@type":"ListItem","position":3,"name":"Patina kr\u0101sa Modern Option 118ml"}]},{"@type":"WebSite","@id":"https:\/\/hobstop.ee\/lv\/#website","url":"https:\/\/hobstop.ee\/lv\/","name":"Skizze","description":"M\u0101kslas, hobiju un skolas preces","publisher":{"@id":"https:\/\/hobstop.ee\/lv\/#organization"},"potentialAction":[{"@type":"SearchAction","target":{"@type":"EntryPoint","urlTemplate":"https:\/\/hobstop.ee\/lv\/?s={search_term_string}"},"query-input":{"@type":"PropertyValueSpecification","valueRequired":true,"valueName":"search_term_string"}}],"inLanguage":"lv-LV"},{"@type":"Organization","@id":"https:\/\/hobstop.ee\/lv\/#organization","name":"Vunder AS","url":"https:\/\/hobstop.ee\/lv\/","logo":{"@type":"ImageObject","inLanguage":"lv-LV","@id":"https:\/\/hobstop.ee\/lv\/#\/schema\/logo\/image\/","url":"https:\/\/hobstop.ee\/media\/vunder-logo.png","contentUrl":"https:\/\/hobstop.ee\/media\/vunder-logo.png","width":127,"height":55,"caption":"Vunder AS"},"image":{"@id":"https:\/\/hobstop.ee\/lv\/#\/schema\/logo\/image\/"},"sameAs":["http:\/\/www.facebook.com\/VunderSkizze"]}]}},"_links":{"self":[{"href":"https:\/\/hobstop.ee\/lv\/wp-json\/wp\/v2\/product\/288744","targetHints":{"allow":["GET"]}}],"collection":[{"href":"https:\/\/hobstop.ee\/lv\/wp-json\/wp\/v2\/product"}],"about":[{"href":"https:\/\/hobstop.ee\/lv\/wp-json\/wp\/v2\/types\/product"}],"replies":[{"embeddable":true,"href":"https:\/\/hobstop.ee\/lv\/wp-json\/wp\/v2\/comments?post=288744"}],"wp:attachment":[{"href":"https:\/\/hobstop.ee\/lv\/wp-json\/wp\/v2\/media?parent=288744"}],"wp:term":[{"taxonomy":"product_cat","embeddable":true,"href":"https:\/\/hobstop.ee\/lv\/wp-json\/wp\/v2\/product_cat?post=288744"},{"taxonomy":"product_tag","embeddable":true,"href":"https:\/\/hobstop.ee\/lv\/wp-json\/wp\/v2\/product_tag?post=288744"}],"curies":[{"name":"wp","href":"https:\/\/api.w.org\/{rel}","templated":true}]}}