{"id":288748,"date":"2017-05-30T10:34:42","date_gmt":"2017-05-30T07:34:42","guid":{"rendered":"https:\/\/sharks.ee\/vunder_2019\/lv\/product\/krasa-aerosola-liquitex-pudeles-uzgalu-tiritajs-aerosols\/"},"modified":"2017-05-30T10:34:42","modified_gmt":"2017-05-30T07:34:42","slug":"krasa-aerosola-liquitex-pudeles-uzgalu-tiritajs-aerosols","status":"publish","type":"product","link":"https:\/\/hobstop.ee\/lv\/produkts\/krasa-aerosola-liquitex-pudeles-uzgalu-tiritajs-aerosols\/","title":{"rendered":"Kr\u0101sa aerosol\u0101 Liquitex pudeles uzga\u013cu t\u012br\u012bt\u0101js aerosols"},"content":{"rendered":"<p>Liquitex v\u0101ci\u0146u t\u012br\u012bt\u0101js ir nepiecie\u0161ams jebkuram m\u0101ksliniekam, kur\u0161 str\u0101d\u0101 ar aerosola kr\u0101s\u0101m. T\u0101pat k\u0101 m\u0101kslinieku otas, ar\u012b aerosolu v\u0101ci\u0146i ir j\u0101t\u012bra, lai tie vienm\u0113r nodro\u0161in\u0101tu nevainojamu rezult\u0101tu. Liquitex v\u0101ci\u0146u t\u012br\u012bt\u0101js ir neaizst\u0101jams l\u012bdzeklis, ar kura pal\u012bdz\u012bbu j\u016bs var\u0113siet pagarin\u0101t izsmidzin\u0101\u0161anas v\u0101ci\u0146iem m\u016b\u017eu. Tikai da\u017eas sekundes un tas pal\u012bdz\u0113s nov\u0113rst aizs\u0113r\u0113\u0161anos un no\u0146ems kr\u0101sas atlikumu. Uz alkohola b\u0101zes, att\u012bra l\u012bdz pat 80 v\u0101ci\u0146us.<\/p>\n","protected":false},"excerpt":{"rendered":"<p>Liquitex v\u0101ci\u0146u t\u012br\u012bt\u0101js ir nepiecie\u0161ams jebkuram m\u0101ksliniekam, kur\u0161 str\u0101d\u0101 ar aerosola kr\u0101s\u0101m. T\u0101pat k\u0101 m\u0101kslinieku otas, ar\u012b aerosolu v\u0101ci\u0146i ir j\u0101t\u012bra, lai tie vienm\u0113r nodro\u0161in\u0101tu nevainojamu rezult\u0101tu. Liquitex v\u0101ci\u0146u t\u012br\u012bt\u0101js ir neaizst\u0101jams l\u012bdzeklis, ar kura pal\u012bdz\u012bbu j\u016bs var\u0113siet pagarin\u0101t izsmidzin\u0101\u0161anas v\u0101ci\u0146iem m\u016b\u017eu. Tikai da\u017eas sekundes un tas pal\u012bdz\u0113s nov\u0113rst aizs\u0113r\u0113\u0161anos un no\u0146ems kr\u0101sas atlikumu. Uz alkohola b\u0101zes, att\u012bra l\u012bdz pat 80 v\u0101ci\u0146us.<\/p>\n","protected":false},"featured_media":289340,"comment_status":"closed","ping_status":"closed","template":"","meta":{"_acf_changed":false,"ep_exclude_from_search":false},"product_cat":[18761,17980,16123],"product_tag":[],"class_list":{"0":"post-288748","1":"product","2":"type-product","3":"status-publish","4":"has-post-thumbnail","6":"product_cat-dazadi-30","7":"product_cat-krasas-un-gleznosanas-paligmateriali","8":"product_cat-makslas-piederumi-2","10":"first","11":"instock","12":"taxable","13":"shipping-taxable","14":"purchasable","15":"product-type-simple"},"acf":[],"yoast_head":"<!-- This site is optimized with the Yoast SEO plugin v24.1 - https:\/\/yoast.com\/wordpress\/plugins\/seo\/ -->\n<title>Kr\u0101sa aerosol\u0101 Liquitex pudeles uzga\u013cu t\u012br\u012bt\u0101js aerosols &#8211; Skizze<\/title>\n<meta name=\"robots\" content=\"noindex, follow, max-snippet:-1, max-image-preview:large, max-video-preview:-1\" \/>\n<meta property=\"og:locale\" content=\"lv_LV\" \/>\n<meta property=\"og:type\" content=\"article\" \/>\n<meta property=\"og:title\" content=\"Kr\u0101sa aerosol\u0101 Liquitex pudeles uzga\u013cu t\u012br\u012bt\u0101js aerosols &#8211; Skizze\" \/>\n<meta property=\"og:description\" content=\"Liquitex v\u0101ci\u0146u t\u012br\u012bt\u0101js ir nepiecie\u0161ams jebkuram m\u0101ksliniekam, kur\u0161 str\u0101d\u0101 ar aerosola kr\u0101s\u0101m. T\u0101pat k\u0101 m\u0101kslinieku otas, ar\u012b aerosolu v\u0101ci\u0146i ir j\u0101t\u012bra, lai tie vienm\u0113r nodro\u0161in\u0101tu nevainojamu rezult\u0101tu. Liquitex v\u0101ci\u0146u t\u012br\u012bt\u0101js ir neaizst\u0101jams l\u012bdzeklis, ar kura pal\u012bdz\u012bbu j\u016bs var\u0113siet pagarin\u0101t izsmidzin\u0101\u0161anas v\u0101ci\u0146iem m\u016b\u017eu. Tikai da\u017eas sekundes un tas pal\u012bdz\u0113s nov\u0113rst aizs\u0113r\u0113\u0161anos un no\u0146ems kr\u0101sas atlikumu. Uz alkohola b\u0101zes, att\u012bra l\u012bdz pat 80 v\u0101ci\u0146us.\" \/>\n<meta property=\"og:url\" content=\"https:\/\/hobstop.ee\/lv\/produkts\/krasa-aerosola-liquitex-pudeles-uzgalu-tiritajs-aerosols\/\" \/>\n<meta property=\"og:site_name\" content=\"Skizze\" \/>\n<meta property=\"article:publisher\" content=\"http:\/\/www.facebook.com\/VunderSkizze\" \/>\n<meta property=\"og:image\" content=\"https:\/\/hobstop.ee\/media\/4525.jpg\" \/>\n\t<meta property=\"og:image:width\" content=\"1024\" \/>\n\t<meta property=\"og:image:height\" content=\"768\" \/>\n\t<meta property=\"og:image:type\" content=\"image\/jpeg\" \/>\n<meta name=\"twitter:card\" content=\"summary_large_image\" \/>\n<meta name=\"twitter:label1\" content=\"Est. reading time\" \/>\n\t<meta name=\"twitter:data1\" content=\"1 min\u016b\u0161u\" \/>\n<script type=\"application\/ld+json\" class=\"yoast-schema-graph\">{\"@context\":\"https:\/\/schema.org\",\"@graph\":[{\"@type\":\"WebPage\",\"@id\":\"https:\/\/hobstop.ee\/lv\/produkts\/krasa-aerosola-liquitex-pudeles-uzgalu-tiritajs-aerosols\/\",\"url\":\"https:\/\/hobstop.ee\/lv\/produkts\/krasa-aerosola-liquitex-pudeles-uzgalu-tiritajs-aerosols\/\",\"name\":\"Kr\u0101sa aerosol\u0101 Liquitex pudeles uzga\u013cu t\u012br\u012bt\u0101js aerosols &#8211; Skizze\",\"isPartOf\":{\"@id\":\"https:\/\/hobstop.ee\/lv\/#website\"},\"primaryImageOfPage\":{\"@id\":\"https:\/\/hobstop.ee\/lv\/produkts\/krasa-aerosola-liquitex-pudeles-uzgalu-tiritajs-aerosols\/#primaryimage\"},\"image\":{\"@id\":\"https:\/\/hobstop.ee\/lv\/produkts\/krasa-aerosola-liquitex-pudeles-uzgalu-tiritajs-aerosols\/#primaryimage\"},\"thumbnailUrl\":\"https:\/\/hobstop.ee\/media\/4525.jpg\",\"datePublished\":\"2017-05-30T07:34:42+00:00\",\"dateModified\":\"2017-05-30T07:34:42+00:00\",\"breadcrumb\":{\"@id\":\"https:\/\/hobstop.ee\/lv\/produkts\/krasa-aerosola-liquitex-pudeles-uzgalu-tiritajs-aerosols\/#breadcrumb\"},\"inLanguage\":\"lv-LV\",\"potentialAction\":[{\"@type\":\"ReadAction\",\"target\":[\"https:\/\/hobstop.ee\/lv\/produkts\/krasa-aerosola-liquitex-pudeles-uzgalu-tiritajs-aerosols\/\"]}]},{\"@type\":\"ImageObject\",\"inLanguage\":\"lv-LV\",\"@id\":\"https:\/\/hobstop.ee\/lv\/produkts\/krasa-aerosola-liquitex-pudeles-uzgalu-tiritajs-aerosols\/#primaryimage\",\"url\":\"https:\/\/hobstop.ee\/media\/4525.jpg\",\"contentUrl\":\"https:\/\/hobstop.ee\/media\/4525.jpg\",\"width\":1024,\"height\":768},{\"@type\":\"BreadcrumbList\",\"@id\":\"https:\/\/hobstop.ee\/lv\/produkts\/krasa-aerosola-liquitex-pudeles-uzgalu-tiritajs-aerosols\/#breadcrumb\",\"itemListElement\":[{\"@type\":\"ListItem\",\"position\":1,\"name\":\"Avaleht\",\"item\":\"https:\/\/hobstop.ee\/lv\/\"},{\"@type\":\"ListItem\",\"position\":2,\"name\":\"Veikals\",\"item\":\"https:\/\/hobstop.ee\/lv\/veikals\/\"},{\"@type\":\"ListItem\",\"position\":3,\"name\":\"Kr\u0101sa aerosol\u0101 Liquitex pudeles uzga\u013cu t\u012br\u012bt\u0101js aerosols\"}]},{\"@type\":\"WebSite\",\"@id\":\"https:\/\/hobstop.ee\/lv\/#website\",\"url\":\"https:\/\/hobstop.ee\/lv\/\",\"name\":\"Skizze\",\"description\":\"M\u0101kslas, hobiju un skolas preces\",\"publisher\":{\"@id\":\"https:\/\/hobstop.ee\/lv\/#organization\"},\"potentialAction\":[{\"@type\":\"SearchAction\",\"target\":{\"@type\":\"EntryPoint\",\"urlTemplate\":\"https:\/\/hobstop.ee\/lv\/?s={search_term_string}\"},\"query-input\":{\"@type\":\"PropertyValueSpecification\",\"valueRequired\":true,\"valueName\":\"search_term_string\"}}],\"inLanguage\":\"lv-LV\"},{\"@type\":\"Organization\",\"@id\":\"https:\/\/hobstop.ee\/lv\/#organization\",\"name\":\"Vunder AS\",\"url\":\"https:\/\/hobstop.ee\/lv\/\",\"logo\":{\"@type\":\"ImageObject\",\"inLanguage\":\"lv-LV\",\"@id\":\"https:\/\/hobstop.ee\/lv\/#\/schema\/logo\/image\/\",\"url\":\"https:\/\/hobstop.ee\/media\/vunder-logo.png\",\"contentUrl\":\"https:\/\/hobstop.ee\/media\/vunder-logo.png\",\"width\":127,\"height\":55,\"caption\":\"Vunder AS\"},\"image\":{\"@id\":\"https:\/\/hobstop.ee\/lv\/#\/schema\/logo\/image\/\"},\"sameAs\":[\"http:\/\/www.facebook.com\/VunderSkizze\"]}]}<\/script>\n<!-- \/ Yoast SEO plugin. -->","yoast_head_json":{"title":"Kr\u0101sa aerosol\u0101 Liquitex pudeles uzga\u013cu t\u012br\u012bt\u0101js aerosols &#8211; Skizze","robots":{"index":"noindex","follow":"follow","max-snippet":"max-snippet:-1","max-image-preview":"max-image-preview:large","max-video-preview":"max-video-preview:-1"},"og_locale":"lv_LV","og_type":"article","og_title":"Kr\u0101sa aerosol\u0101 Liquitex pudeles uzga\u013cu t\u012br\u012bt\u0101js aerosols &#8211; Skizze","og_description":"Liquitex v\u0101ci\u0146u t\u012br\u012bt\u0101js ir nepiecie\u0161ams jebkuram m\u0101ksliniekam, kur\u0161 str\u0101d\u0101 ar aerosola kr\u0101s\u0101m. T\u0101pat k\u0101 m\u0101kslinieku otas, ar\u012b aerosolu v\u0101ci\u0146i ir j\u0101t\u012bra, lai tie vienm\u0113r nodro\u0161in\u0101tu nevainojamu rezult\u0101tu. Liquitex v\u0101ci\u0146u t\u012br\u012bt\u0101js ir neaizst\u0101jams l\u012bdzeklis, ar kura pal\u012bdz\u012bbu j\u016bs var\u0113siet pagarin\u0101t izsmidzin\u0101\u0161anas v\u0101ci\u0146iem m\u016b\u017eu. Tikai da\u017eas sekundes un tas pal\u012bdz\u0113s nov\u0113rst aizs\u0113r\u0113\u0161anos un no\u0146ems kr\u0101sas atlikumu. Uz alkohola b\u0101zes, att\u012bra l\u012bdz pat 80 v\u0101ci\u0146us.","og_url":"https:\/\/hobstop.ee\/lv\/produkts\/krasa-aerosola-liquitex-pudeles-uzgalu-tiritajs-aerosols\/","og_site_name":"Skizze","article_publisher":"http:\/\/www.facebook.com\/VunderSkizze","og_image":[{"width":1024,"height":768,"url":"https:\/\/hobstop.ee\/media\/4525.jpg","type":"image\/jpeg"}],"twitter_card":"summary_large_image","twitter_misc":{"Est. reading time":"1 min\u016b\u0161u"},"schema":{"@context":"https:\/\/schema.org","@graph":[{"@type":"WebPage","@id":"https:\/\/hobstop.ee\/lv\/produkts\/krasa-aerosola-liquitex-pudeles-uzgalu-tiritajs-aerosols\/","url":"https:\/\/hobstop.ee\/lv\/produkts\/krasa-aerosola-liquitex-pudeles-uzgalu-tiritajs-aerosols\/","name":"Kr\u0101sa aerosol\u0101 Liquitex pudeles uzga\u013cu t\u012br\u012bt\u0101js aerosols &#8211; Skizze","isPartOf":{"@id":"https:\/\/hobstop.ee\/lv\/#website"},"primaryImageOfPage":{"@id":"https:\/\/hobstop.ee\/lv\/produkts\/krasa-aerosola-liquitex-pudeles-uzgalu-tiritajs-aerosols\/#primaryimage"},"image":{"@id":"https:\/\/hobstop.ee\/lv\/produkts\/krasa-aerosola-liquitex-pudeles-uzgalu-tiritajs-aerosols\/#primaryimage"},"thumbnailUrl":"https:\/\/hobstop.ee\/media\/4525.jpg","datePublished":"2017-05-30T07:34:42+00:00","dateModified":"2017-05-30T07:34:42+00:00","breadcrumb":{"@id":"https:\/\/hobstop.ee\/lv\/produkts\/krasa-aerosola-liquitex-pudeles-uzgalu-tiritajs-aerosols\/#breadcrumb"},"inLanguage":"lv-LV","potentialAction":[{"@type":"ReadAction","target":["https:\/\/hobstop.ee\/lv\/produkts\/krasa-aerosola-liquitex-pudeles-uzgalu-tiritajs-aerosols\/"]}]},{"@type":"ImageObject","inLanguage":"lv-LV","@id":"https:\/\/hobstop.ee\/lv\/produkts\/krasa-aerosola-liquitex-pudeles-uzgalu-tiritajs-aerosols\/#primaryimage","url":"https:\/\/hobstop.ee\/media\/4525.jpg","contentUrl":"https:\/\/hobstop.ee\/media\/4525.jpg","width":1024,"height":768},{"@type":"BreadcrumbList","@id":"https:\/\/hobstop.ee\/lv\/produkts\/krasa-aerosola-liquitex-pudeles-uzgalu-tiritajs-aerosols\/#breadcrumb","itemListElement":[{"@type":"ListItem","position":1,"name":"Avaleht","item":"https:\/\/hobstop.ee\/lv\/"},{"@type":"ListItem","position":2,"name":"Veikals","item":"https:\/\/hobstop.ee\/lv\/veikals\/"},{"@type":"ListItem","position":3,"name":"Kr\u0101sa aerosol\u0101 Liquitex pudeles uzga\u013cu t\u012br\u012bt\u0101js aerosols"}]},{"@type":"WebSite","@id":"https:\/\/hobstop.ee\/lv\/#website","url":"https:\/\/hobstop.ee\/lv\/","name":"Skizze","description":"M\u0101kslas, hobiju un skolas preces","publisher":{"@id":"https:\/\/hobstop.ee\/lv\/#organization"},"potentialAction":[{"@type":"SearchAction","target":{"@type":"EntryPoint","urlTemplate":"https:\/\/hobstop.ee\/lv\/?s={search_term_string}"},"query-input":{"@type":"PropertyValueSpecification","valueRequired":true,"valueName":"search_term_string"}}],"inLanguage":"lv-LV"},{"@type":"Organization","@id":"https:\/\/hobstop.ee\/lv\/#organization","name":"Vunder AS","url":"https:\/\/hobstop.ee\/lv\/","logo":{"@type":"ImageObject","inLanguage":"lv-LV","@id":"https:\/\/hobstop.ee\/lv\/#\/schema\/logo\/image\/","url":"https:\/\/hobstop.ee\/media\/vunder-logo.png","contentUrl":"https:\/\/hobstop.ee\/media\/vunder-logo.png","width":127,"height":55,"caption":"Vunder AS"},"image":{"@id":"https:\/\/hobstop.ee\/lv\/#\/schema\/logo\/image\/"},"sameAs":["http:\/\/www.facebook.com\/VunderSkizze"]}]}},"_links":{"self":[{"href":"https:\/\/hobstop.ee\/lv\/wp-json\/wp\/v2\/product\/288748","targetHints":{"allow":["GET"]}}],"collection":[{"href":"https:\/\/hobstop.ee\/lv\/wp-json\/wp\/v2\/product"}],"about":[{"href":"https:\/\/hobstop.ee\/lv\/wp-json\/wp\/v2\/types\/product"}],"replies":[{"embeddable":true,"href":"https:\/\/hobstop.ee\/lv\/wp-json\/wp\/v2\/comments?post=288748"}],"wp:featuredmedia":[{"embeddable":true,"href":"https:\/\/hobstop.ee\/lv\/wp-json\/wp\/v2\/media\/289340"}],"wp:attachment":[{"href":"https:\/\/hobstop.ee\/lv\/wp-json\/wp\/v2\/media?parent=288748"}],"wp:term":[{"taxonomy":"product_cat","embeddable":true,"href":"https:\/\/hobstop.ee\/lv\/wp-json\/wp\/v2\/product_cat?post=288748"},{"taxonomy":"product_tag","embeddable":true,"href":"https:\/\/hobstop.ee\/lv\/wp-json\/wp\/v2\/product_tag?post=288748"}],"curies":[{"name":"wp","href":"https:\/\/api.w.org\/{rel}","templated":true}]}}