{"id":288760,"date":"2017-05-30T10:34:45","date_gmt":"2017-05-30T07:34:45","guid":{"rendered":"https:\/\/sharks.ee\/vunder_2019\/lv\/product\/veltnis-cernit-inox\/"},"modified":"2017-05-30T10:34:45","modified_gmt":"2017-05-30T07:34:45","slug":"veltnis-cernit-inox","status":"publish","type":"product","link":"https:\/\/hobstop.ee\/lv\/produkts\/veltnis-cernit-inox\/","title":{"rendered":"Veltnis Cernit Inox"},"content":{"rendered":"<p>Rull\u012btis polim\u0113ra m\u0101lu vienm\u0113r\u012bga rull\u0113\u0161anai, lai sasniegtu \u013coti gludu, nel\u012bpo\u0161u virsmu. Ide\u0101li piem\u0113rots ar\u012b vieglai kr\u0101su sajauk\u0161anai vai m\u0101la pl\u0101k\u0161\u0146u izm\u0113ra palielin\u0101\u0161anai. Viegli t\u012br\u012bt un labi izmantot kop\u0101 ar\u012b plat\u0113m, kur\u0101m ir izteikta tekst\u016bra, un citiem piederumiem.<\/p>\n","protected":false},"excerpt":{"rendered":"<p>Rull\u012btis polim\u0113ra m\u0101lu vienm\u0113r\u012bga rull\u0113\u0161anai, lai sasniegtu \u013coti gludu, nel\u012bpo\u0161u virsmu. Ide\u0101li piem\u0113rots ar\u012b vieglai kr\u0101su sajauk\u0161anai vai m\u0101la pl\u0101k\u0161\u0146u izm\u0113ra palielin\u0101\u0161anai. Viegli t\u012br\u012bt un labi izmantot kop\u0101 ar\u012b plat\u0113m, kur\u0101m ir izteikta tekst\u016bra, un citiem piederumiem.<\/p>\n","protected":false},"featured_media":289352,"comment_status":"closed","ping_status":"closed","template":"","meta":{"_acf_changed":false,"ep_exclude_from_search":false},"product_cat":[20092,17918,20086],"product_tag":[],"class_list":{"0":"post-288760","1":"product","2":"type-product","3":"status-publish","4":"has-post-thumbnail","6":"product_cat-darbariki-5","7":"product_cat-preces-hobijiem","8":"product_cat-veidosanas-masas-un-piederumi-2","10":"first","11":"instock","12":"taxable","13":"shipping-taxable","14":"purchasable","15":"product-type-simple"},"acf":[],"yoast_head":"<!-- This site is optimized with the Yoast SEO plugin v24.1 - https:\/\/yoast.com\/wordpress\/plugins\/seo\/ -->\n<title>Veltnis Cernit Inox &#8211; Skizze<\/title>\n<meta name=\"robots\" content=\"noindex, follow, max-snippet:-1, max-image-preview:large, max-video-preview:-1\" \/>\n<meta property=\"og:locale\" content=\"lv_LV\" \/>\n<meta property=\"og:type\" content=\"article\" \/>\n<meta property=\"og:title\" content=\"Veltnis Cernit Inox &#8211; Skizze\" \/>\n<meta property=\"og:description\" content=\"Rull\u012btis polim\u0113ra m\u0101lu vienm\u0113r\u012bga rull\u0113\u0161anai, lai sasniegtu \u013coti gludu, nel\u012bpo\u0161u virsmu. Ide\u0101li piem\u0113rots ar\u012b vieglai kr\u0101su sajauk\u0161anai vai m\u0101la pl\u0101k\u0161\u0146u izm\u0113ra palielin\u0101\u0161anai. Viegli t\u012br\u012bt un labi izmantot kop\u0101 ar\u012b plat\u0113m, kur\u0101m ir izteikta tekst\u016bra, un citiem piederumiem.\" \/>\n<meta property=\"og:url\" content=\"https:\/\/hobstop.ee\/lv\/produkts\/veltnis-cernit-inox\/\" \/>\n<meta property=\"og:site_name\" content=\"Skizze\" \/>\n<meta property=\"article:publisher\" content=\"http:\/\/www.facebook.com\/VunderSkizze\" \/>\n<meta property=\"og:image\" content=\"https:\/\/hobstop.ee\/media\/4535.jpg\" \/>\n\t<meta property=\"og:image:width\" content=\"1024\" \/>\n\t<meta property=\"og:image:height\" content=\"768\" \/>\n\t<meta property=\"og:image:type\" content=\"image\/jpeg\" \/>\n<meta name=\"twitter:card\" content=\"summary_large_image\" \/>\n<script type=\"application\/ld+json\" class=\"yoast-schema-graph\">{\"@context\":\"https:\/\/schema.org\",\"@graph\":[{\"@type\":\"WebPage\",\"@id\":\"https:\/\/hobstop.ee\/lv\/produkts\/veltnis-cernit-inox\/\",\"url\":\"https:\/\/hobstop.ee\/lv\/produkts\/veltnis-cernit-inox\/\",\"name\":\"Veltnis Cernit Inox &#8211; Skizze\",\"isPartOf\":{\"@id\":\"https:\/\/www.hobstop.ee\/lv\/#website\"},\"primaryImageOfPage\":{\"@id\":\"https:\/\/hobstop.ee\/lv\/produkts\/veltnis-cernit-inox\/#primaryimage\"},\"image\":{\"@id\":\"https:\/\/hobstop.ee\/lv\/produkts\/veltnis-cernit-inox\/#primaryimage\"},\"thumbnailUrl\":\"https:\/\/hobstop.ee\/media\/4535.jpg\",\"datePublished\":\"2017-05-30T07:34:45+00:00\",\"dateModified\":\"2017-05-30T07:34:45+00:00\",\"breadcrumb\":{\"@id\":\"https:\/\/hobstop.ee\/lv\/produkts\/veltnis-cernit-inox\/#breadcrumb\"},\"inLanguage\":\"lv-LV\",\"potentialAction\":[{\"@type\":\"ReadAction\",\"target\":[\"https:\/\/hobstop.ee\/lv\/produkts\/veltnis-cernit-inox\/\"]}]},{\"@type\":\"ImageObject\",\"inLanguage\":\"lv-LV\",\"@id\":\"https:\/\/hobstop.ee\/lv\/produkts\/veltnis-cernit-inox\/#primaryimage\",\"url\":\"https:\/\/hobstop.ee\/media\/4535.jpg\",\"contentUrl\":\"https:\/\/hobstop.ee\/media\/4535.jpg\",\"width\":1024,\"height\":768},{\"@type\":\"BreadcrumbList\",\"@id\":\"https:\/\/hobstop.ee\/lv\/produkts\/veltnis-cernit-inox\/#breadcrumb\",\"itemListElement\":[{\"@type\":\"ListItem\",\"position\":1,\"name\":\"Avaleht\",\"item\":\"https:\/\/www.hobstop.ee\/lv\/\"},{\"@type\":\"ListItem\",\"position\":2,\"name\":\"Veikals\",\"item\":\"https:\/\/www.hobstop.ee\/lv\/veikals\/\"},{\"@type\":\"ListItem\",\"position\":3,\"name\":\"Veltnis Cernit Inox\"}]},{\"@type\":\"WebSite\",\"@id\":\"https:\/\/www.hobstop.ee\/lv\/#website\",\"url\":\"https:\/\/www.hobstop.ee\/lv\/\",\"name\":\"Skizze\",\"description\":\"M\u0101kslas, hobiju un skolas preces\",\"publisher\":{\"@id\":\"https:\/\/www.hobstop.ee\/lv\/#organization\"},\"potentialAction\":[{\"@type\":\"SearchAction\",\"target\":{\"@type\":\"EntryPoint\",\"urlTemplate\":\"https:\/\/www.hobstop.ee\/lv\/?s={search_term_string}\"},\"query-input\":{\"@type\":\"PropertyValueSpecification\",\"valueRequired\":true,\"valueName\":\"search_term_string\"}}],\"inLanguage\":\"lv-LV\"},{\"@type\":\"Organization\",\"@id\":\"https:\/\/www.hobstop.ee\/lv\/#organization\",\"name\":\"Vunder AS\",\"url\":\"https:\/\/www.hobstop.ee\/lv\/\",\"logo\":{\"@type\":\"ImageObject\",\"inLanguage\":\"lv-LV\",\"@id\":\"https:\/\/www.hobstop.ee\/lv\/#\/schema\/logo\/image\/\",\"url\":\"https:\/\/hobstop.ee\/media\/vunder-logo.png\",\"contentUrl\":\"https:\/\/hobstop.ee\/media\/vunder-logo.png\",\"width\":127,\"height\":55,\"caption\":\"Vunder AS\"},\"image\":{\"@id\":\"https:\/\/www.hobstop.ee\/lv\/#\/schema\/logo\/image\/\"},\"sameAs\":[\"http:\/\/www.facebook.com\/VunderSkizze\"]}]}<\/script>\n<!-- \/ Yoast SEO plugin. -->","yoast_head_json":{"title":"Veltnis Cernit Inox &#8211; Skizze","robots":{"index":"noindex","follow":"follow","max-snippet":"max-snippet:-1","max-image-preview":"max-image-preview:large","max-video-preview":"max-video-preview:-1"},"og_locale":"lv_LV","og_type":"article","og_title":"Veltnis Cernit Inox &#8211; Skizze","og_description":"Rull\u012btis polim\u0113ra m\u0101lu vienm\u0113r\u012bga rull\u0113\u0161anai, lai sasniegtu \u013coti gludu, nel\u012bpo\u0161u virsmu. Ide\u0101li piem\u0113rots ar\u012b vieglai kr\u0101su sajauk\u0161anai vai m\u0101la pl\u0101k\u0161\u0146u izm\u0113ra palielin\u0101\u0161anai. Viegli t\u012br\u012bt un labi izmantot kop\u0101 ar\u012b plat\u0113m, kur\u0101m ir izteikta tekst\u016bra, un citiem piederumiem.","og_url":"https:\/\/hobstop.ee\/lv\/produkts\/veltnis-cernit-inox\/","og_site_name":"Skizze","article_publisher":"http:\/\/www.facebook.com\/VunderSkizze","og_image":[{"width":1024,"height":768,"url":"https:\/\/hobstop.ee\/media\/4535.jpg","type":"image\/jpeg"}],"twitter_card":"summary_large_image","schema":{"@context":"https:\/\/schema.org","@graph":[{"@type":"WebPage","@id":"https:\/\/hobstop.ee\/lv\/produkts\/veltnis-cernit-inox\/","url":"https:\/\/hobstop.ee\/lv\/produkts\/veltnis-cernit-inox\/","name":"Veltnis Cernit Inox &#8211; Skizze","isPartOf":{"@id":"https:\/\/www.hobstop.ee\/lv\/#website"},"primaryImageOfPage":{"@id":"https:\/\/hobstop.ee\/lv\/produkts\/veltnis-cernit-inox\/#primaryimage"},"image":{"@id":"https:\/\/hobstop.ee\/lv\/produkts\/veltnis-cernit-inox\/#primaryimage"},"thumbnailUrl":"https:\/\/hobstop.ee\/media\/4535.jpg","datePublished":"2017-05-30T07:34:45+00:00","dateModified":"2017-05-30T07:34:45+00:00","breadcrumb":{"@id":"https:\/\/hobstop.ee\/lv\/produkts\/veltnis-cernit-inox\/#breadcrumb"},"inLanguage":"lv-LV","potentialAction":[{"@type":"ReadAction","target":["https:\/\/hobstop.ee\/lv\/produkts\/veltnis-cernit-inox\/"]}]},{"@type":"ImageObject","inLanguage":"lv-LV","@id":"https:\/\/hobstop.ee\/lv\/produkts\/veltnis-cernit-inox\/#primaryimage","url":"https:\/\/hobstop.ee\/media\/4535.jpg","contentUrl":"https:\/\/hobstop.ee\/media\/4535.jpg","width":1024,"height":768},{"@type":"BreadcrumbList","@id":"https:\/\/hobstop.ee\/lv\/produkts\/veltnis-cernit-inox\/#breadcrumb","itemListElement":[{"@type":"ListItem","position":1,"name":"Avaleht","item":"https:\/\/www.hobstop.ee\/lv\/"},{"@type":"ListItem","position":2,"name":"Veikals","item":"https:\/\/www.hobstop.ee\/lv\/veikals\/"},{"@type":"ListItem","position":3,"name":"Veltnis Cernit Inox"}]},{"@type":"WebSite","@id":"https:\/\/www.hobstop.ee\/lv\/#website","url":"https:\/\/www.hobstop.ee\/lv\/","name":"Skizze","description":"M\u0101kslas, hobiju un skolas preces","publisher":{"@id":"https:\/\/www.hobstop.ee\/lv\/#organization"},"potentialAction":[{"@type":"SearchAction","target":{"@type":"EntryPoint","urlTemplate":"https:\/\/www.hobstop.ee\/lv\/?s={search_term_string}"},"query-input":{"@type":"PropertyValueSpecification","valueRequired":true,"valueName":"search_term_string"}}],"inLanguage":"lv-LV"},{"@type":"Organization","@id":"https:\/\/www.hobstop.ee\/lv\/#organization","name":"Vunder AS","url":"https:\/\/www.hobstop.ee\/lv\/","logo":{"@type":"ImageObject","inLanguage":"lv-LV","@id":"https:\/\/www.hobstop.ee\/lv\/#\/schema\/logo\/image\/","url":"https:\/\/hobstop.ee\/media\/vunder-logo.png","contentUrl":"https:\/\/hobstop.ee\/media\/vunder-logo.png","width":127,"height":55,"caption":"Vunder AS"},"image":{"@id":"https:\/\/www.hobstop.ee\/lv\/#\/schema\/logo\/image\/"},"sameAs":["http:\/\/www.facebook.com\/VunderSkizze"]}]}},"_links":{"self":[{"href":"https:\/\/hobstop.ee\/lv\/wp-json\/wp\/v2\/product\/288760","targetHints":{"allow":["GET"]}}],"collection":[{"href":"https:\/\/hobstop.ee\/lv\/wp-json\/wp\/v2\/product"}],"about":[{"href":"https:\/\/hobstop.ee\/lv\/wp-json\/wp\/v2\/types\/product"}],"replies":[{"embeddable":true,"href":"https:\/\/hobstop.ee\/lv\/wp-json\/wp\/v2\/comments?post=288760"}],"wp:featuredmedia":[{"embeddable":true,"href":"https:\/\/hobstop.ee\/lv\/wp-json\/wp\/v2\/media\/289352"}],"wp:attachment":[{"href":"https:\/\/hobstop.ee\/lv\/wp-json\/wp\/v2\/media?parent=288760"}],"wp:term":[{"taxonomy":"product_cat","embeddable":true,"href":"https:\/\/hobstop.ee\/lv\/wp-json\/wp\/v2\/product_cat?post=288760"},{"taxonomy":"product_tag","embeddable":true,"href":"https:\/\/hobstop.ee\/lv\/wp-json\/wp\/v2\/product_tag?post=288760"}],"curies":[{"name":"wp","href":"https:\/\/api.w.org\/{rel}","templated":true}]}}