{"id":288776,"date":"2017-05-30T10:34:48","date_gmt":"2017-05-30T07:34:48","guid":{"rendered":"https:\/\/sharks.ee\/vunder_2019\/lv\/product\/laku-komplekts-cernit-glass\/"},"modified":"2017-05-30T10:34:48","modified_gmt":"2017-05-30T07:34:48","slug":"laku-komplekts-cernit-glass","status":"publish","type":"product","link":"https:\/\/hobstop.ee\/lv\/produkts\/laku-komplekts-cernit-glass\/","title":{"rendered":"Laku komplekts Cernit Glass"},"content":{"rendered":"<p>Caursp\u012bd\u012bga, uz epoks\u012bda sve\u0137iem balst\u012bta laka ar div\u0101m komponent\u0113m ir \u013coti sp\u0113c\u012bga un sp\u012bd\u012bga un rada krist\u0101la apdares efektu. Piem\u0113rota da\u017e\u0101d\u0101m metod\u0113m, lai ieg\u016btu stiklam l\u012bdz\u012bgu ciet\u012bbu un caursp\u012bd\u012bbu. \u013bauj izteikti veidot biezus sl\u0101\u0146us ar lielisk\u0101m pak\u0101p\u0113m un bez burbu\u013ciem. T\u0101pat sl\u0101\u0146us ir iesp\u0113jams rad\u012bt, pak\u0101peniski \u017e\u0101v\u0113jot, lai ieg\u016btu 3D efektu. Var pie\u0161\u0137irt kr\u0101su, izmantojot kr\u0101sas uz \u0161\u0137\u012bdin\u0101t\u0101ja b\u0101zes. Piem\u0113rota darbam uz koka, kartona, met\u0101la, \u0123ip\u0161a, keramikas, akmens u.c. \u017d\u016b\u0161anas laiks: 12-24h (atkar\u012bb\u0101 no mitruma un temperat\u016bras).<\/p>\n<p>Komplekt\u0101 ietilpst:<br \/>\n120ml komponente A (epoks\u012bda sve\u0137i)<br \/>\n60ml komponente B (cietin\u0101t\u0101js)<br \/>\nMaza m\u0113rgl\u0101ze<br \/>\n2 plastmasas cimdi<br \/>\nMazs koka stien\u012btis mais\u012bjuma sagatavo\u0161anai<br \/>\nPam\u0101c\u012bba ar da\u017e\u0101d\u0101m tehnik\u0101m (ang\u013cu valod\u0101)<\/p>\n","protected":false},"excerpt":{"rendered":"<p>Caursp\u012bd\u012bga, uz epoks\u012bda sve\u0137iem balst\u012bta laka ar div\u0101m komponent\u0113m ir \u013coti sp\u0113c\u012bga un sp\u012bd\u012bga un rada krist\u0101la apdares efektu. Piem\u0113rota da\u017e\u0101d\u0101m metod\u0113m, lai ieg\u016btu stiklam l\u012bdz\u012bgu ciet\u012bbu un caursp\u012bd\u012bbu. \u013bauj izteikti veidot biezus sl\u0101\u0146us ar lielisk\u0101m pak\u0101p\u0113m un bez burbu\u013ciem. T\u0101pat sl\u0101\u0146us ir iesp\u0113jams rad\u012bt, pak\u0101peniski \u017e\u0101v\u0113jot, lai ieg\u016btu 3D efektu. Var pie\u0161\u0137irt kr\u0101su, izmantojot kr\u0101sas uz \u0161\u0137\u012bdin\u0101t\u0101ja b\u0101zes. Piem\u0113rota darbam uz koka, kartona, met\u0101la, \u0123ip\u0161a, keramikas, akmens u.c. \u017d\u016b\u0161anas laiks: 12-24h (atkar\u012bb\u0101 no mitruma un temperat\u016bras). Komplekt\u0101 ietilpst: 120ml komponente A (epoks\u012bda sve\u0137i) 60ml komponente B (cietin\u0101t\u0101js) Maza m\u0113rgl\u0101ze 2 plastmasas cimdi Mazs koka stien\u012btis mais\u012bjuma sagatavo\u0161anai Pam\u0101c\u012bba ar da\u017e\u0101d\u0101m tehnik\u0101m (ang\u013cu valod\u0101)<\/p>\n","protected":false},"featured_media":289368,"comment_status":"closed","ping_status":"closed","template":"","meta":{"_acf_changed":false,"ep_exclude_from_search":false},"product_cat":[18184,17918,20086],"product_tag":[],"class_list":{"0":"post-288776","1":"product","2":"type-product","3":"status-publish","4":"has-post-thumbnail","6":"product_cat-polimermals","7":"product_cat-preces-hobijiem","8":"product_cat-veidosanas-masas-un-piederumi-2","10":"first","11":"outofstock","12":"taxable","13":"shipping-taxable","14":"purchasable","15":"product-type-simple"},"acf":[],"yoast_head":"<!-- This site is optimized with the Yoast SEO plugin v24.1 - https:\/\/yoast.com\/wordpress\/plugins\/seo\/ -->\n<title>Laku komplekts Cernit Glass &#8211; Skizze<\/title>\n<meta name=\"robots\" content=\"noindex, follow, max-snippet:-1, max-image-preview:large, max-video-preview:-1\" \/>\n<meta property=\"og:locale\" content=\"lv_LV\" \/>\n<meta property=\"og:type\" content=\"article\" \/>\n<meta property=\"og:title\" content=\"Laku komplekts Cernit Glass &#8211; Skizze\" \/>\n<meta property=\"og:description\" content=\"Caursp\u012bd\u012bga, uz epoks\u012bda sve\u0137iem balst\u012bta laka ar div\u0101m komponent\u0113m ir \u013coti sp\u0113c\u012bga un sp\u012bd\u012bga un rada krist\u0101la apdares efektu. Piem\u0113rota da\u017e\u0101d\u0101m metod\u0113m, lai ieg\u016btu stiklam l\u012bdz\u012bgu ciet\u012bbu un caursp\u012bd\u012bbu. \u013bauj izteikti veidot biezus sl\u0101\u0146us ar lielisk\u0101m pak\u0101p\u0113m un bez burbu\u013ciem. T\u0101pat sl\u0101\u0146us ir iesp\u0113jams rad\u012bt, pak\u0101peniski \u017e\u0101v\u0113jot, lai ieg\u016btu 3D efektu. Var pie\u0161\u0137irt kr\u0101su, izmantojot kr\u0101sas uz \u0161\u0137\u012bdin\u0101t\u0101ja b\u0101zes. Piem\u0113rota darbam uz koka, kartona, met\u0101la, \u0123ip\u0161a, keramikas, akmens u.c. \u017d\u016b\u0161anas laiks: 12-24h (atkar\u012bb\u0101 no mitruma un temperat\u016bras). Komplekt\u0101 ietilpst: 120ml komponente A (epoks\u012bda sve\u0137i) 60ml komponente B (cietin\u0101t\u0101js) Maza m\u0113rgl\u0101ze 2 plastmasas cimdi Mazs koka stien\u012btis mais\u012bjuma sagatavo\u0161anai Pam\u0101c\u012bba ar da\u017e\u0101d\u0101m tehnik\u0101m (ang\u013cu valod\u0101)\" \/>\n<meta property=\"og:url\" content=\"https:\/\/hobstop.ee\/lv\/produkts\/laku-komplekts-cernit-glass\/\" \/>\n<meta property=\"og:site_name\" content=\"Skizze\" \/>\n<meta property=\"article:publisher\" content=\"http:\/\/www.facebook.com\/VunderSkizze\" \/>\n<meta property=\"og:image\" content=\"https:\/\/hobstop.ee\/media\/4540.jpg\" \/>\n\t<meta property=\"og:image:width\" content=\"1024\" \/>\n\t<meta property=\"og:image:height\" content=\"768\" \/>\n\t<meta property=\"og:image:type\" content=\"image\/jpeg\" \/>\n<meta name=\"twitter:card\" content=\"summary_large_image\" \/>\n<meta name=\"twitter:label1\" content=\"Est. reading time\" \/>\n\t<meta name=\"twitter:data1\" content=\"1 min\u016b\u0161u\" \/>\n<script type=\"application\/ld+json\" class=\"yoast-schema-graph\">{\"@context\":\"https:\/\/schema.org\",\"@graph\":[{\"@type\":\"WebPage\",\"@id\":\"https:\/\/hobstop.ee\/lv\/produkts\/laku-komplekts-cernit-glass\/\",\"url\":\"https:\/\/hobstop.ee\/lv\/produkts\/laku-komplekts-cernit-glass\/\",\"name\":\"Laku komplekts Cernit Glass &#8211; Skizze\",\"isPartOf\":{\"@id\":\"https:\/\/hobstop.ee\/lv\/#website\"},\"primaryImageOfPage\":{\"@id\":\"https:\/\/hobstop.ee\/lv\/produkts\/laku-komplekts-cernit-glass\/#primaryimage\"},\"image\":{\"@id\":\"https:\/\/hobstop.ee\/lv\/produkts\/laku-komplekts-cernit-glass\/#primaryimage\"},\"thumbnailUrl\":\"https:\/\/hobstop.ee\/media\/4540.jpg\",\"datePublished\":\"2017-05-30T07:34:48+00:00\",\"dateModified\":\"2017-05-30T07:34:48+00:00\",\"breadcrumb\":{\"@id\":\"https:\/\/hobstop.ee\/lv\/produkts\/laku-komplekts-cernit-glass\/#breadcrumb\"},\"inLanguage\":\"lv-LV\",\"potentialAction\":[{\"@type\":\"ReadAction\",\"target\":[\"https:\/\/hobstop.ee\/lv\/produkts\/laku-komplekts-cernit-glass\/\"]}]},{\"@type\":\"ImageObject\",\"inLanguage\":\"lv-LV\",\"@id\":\"https:\/\/hobstop.ee\/lv\/produkts\/laku-komplekts-cernit-glass\/#primaryimage\",\"url\":\"https:\/\/hobstop.ee\/media\/4540.jpg\",\"contentUrl\":\"https:\/\/hobstop.ee\/media\/4540.jpg\",\"width\":1024,\"height\":768},{\"@type\":\"BreadcrumbList\",\"@id\":\"https:\/\/hobstop.ee\/lv\/produkts\/laku-komplekts-cernit-glass\/#breadcrumb\",\"itemListElement\":[{\"@type\":\"ListItem\",\"position\":1,\"name\":\"Avaleht\",\"item\":\"https:\/\/www.hobstop.ee\/lv\/\"},{\"@type\":\"ListItem\",\"position\":2,\"name\":\"Veikals\",\"item\":\"https:\/\/www.hobstop.ee\/lv\/veikals\/\"},{\"@type\":\"ListItem\",\"position\":3,\"name\":\"Laku komplekts Cernit Glass\"}]},{\"@type\":\"WebSite\",\"@id\":\"https:\/\/hobstop.ee\/lv\/#website\",\"url\":\"https:\/\/hobstop.ee\/lv\/\",\"name\":\"Skizze\",\"description\":\"M\u0101kslas, hobiju un skolas preces\",\"publisher\":{\"@id\":\"https:\/\/hobstop.ee\/lv\/#organization\"},\"potentialAction\":[{\"@type\":\"SearchAction\",\"target\":{\"@type\":\"EntryPoint\",\"urlTemplate\":\"https:\/\/hobstop.ee\/lv\/?s={search_term_string}\"},\"query-input\":{\"@type\":\"PropertyValueSpecification\",\"valueRequired\":true,\"valueName\":\"search_term_string\"}}],\"inLanguage\":\"lv-LV\"},{\"@type\":\"Organization\",\"@id\":\"https:\/\/hobstop.ee\/lv\/#organization\",\"name\":\"Vunder AS\",\"url\":\"https:\/\/hobstop.ee\/lv\/\",\"logo\":{\"@type\":\"ImageObject\",\"inLanguage\":\"lv-LV\",\"@id\":\"https:\/\/hobstop.ee\/lv\/#\/schema\/logo\/image\/\",\"url\":\"https:\/\/hobstop.ee\/media\/vunder-logo.png\",\"contentUrl\":\"https:\/\/hobstop.ee\/media\/vunder-logo.png\",\"width\":127,\"height\":55,\"caption\":\"Vunder AS\"},\"image\":{\"@id\":\"https:\/\/hobstop.ee\/lv\/#\/schema\/logo\/image\/\"},\"sameAs\":[\"http:\/\/www.facebook.com\/VunderSkizze\"]}]}<\/script>\n<!-- \/ Yoast SEO plugin. -->","yoast_head_json":{"title":"Laku komplekts Cernit Glass &#8211; Skizze","robots":{"index":"noindex","follow":"follow","max-snippet":"max-snippet:-1","max-image-preview":"max-image-preview:large","max-video-preview":"max-video-preview:-1"},"og_locale":"lv_LV","og_type":"article","og_title":"Laku komplekts Cernit Glass &#8211; Skizze","og_description":"Caursp\u012bd\u012bga, uz epoks\u012bda sve\u0137iem balst\u012bta laka ar div\u0101m komponent\u0113m ir \u013coti sp\u0113c\u012bga un sp\u012bd\u012bga un rada krist\u0101la apdares efektu. Piem\u0113rota da\u017e\u0101d\u0101m metod\u0113m, lai ieg\u016btu stiklam l\u012bdz\u012bgu ciet\u012bbu un caursp\u012bd\u012bbu. \u013bauj izteikti veidot biezus sl\u0101\u0146us ar lielisk\u0101m pak\u0101p\u0113m un bez burbu\u013ciem. T\u0101pat sl\u0101\u0146us ir iesp\u0113jams rad\u012bt, pak\u0101peniski \u017e\u0101v\u0113jot, lai ieg\u016btu 3D efektu. Var pie\u0161\u0137irt kr\u0101su, izmantojot kr\u0101sas uz \u0161\u0137\u012bdin\u0101t\u0101ja b\u0101zes. Piem\u0113rota darbam uz koka, kartona, met\u0101la, \u0123ip\u0161a, keramikas, akmens u.c. \u017d\u016b\u0161anas laiks: 12-24h (atkar\u012bb\u0101 no mitruma un temperat\u016bras). Komplekt\u0101 ietilpst: 120ml komponente A (epoks\u012bda sve\u0137i) 60ml komponente B (cietin\u0101t\u0101js) Maza m\u0113rgl\u0101ze 2 plastmasas cimdi Mazs koka stien\u012btis mais\u012bjuma sagatavo\u0161anai Pam\u0101c\u012bba ar da\u017e\u0101d\u0101m tehnik\u0101m (ang\u013cu valod\u0101)","og_url":"https:\/\/hobstop.ee\/lv\/produkts\/laku-komplekts-cernit-glass\/","og_site_name":"Skizze","article_publisher":"http:\/\/www.facebook.com\/VunderSkizze","og_image":[{"width":1024,"height":768,"url":"https:\/\/hobstop.ee\/media\/4540.jpg","type":"image\/jpeg"}],"twitter_card":"summary_large_image","twitter_misc":{"Est. reading time":"1 min\u016b\u0161u"},"schema":{"@context":"https:\/\/schema.org","@graph":[{"@type":"WebPage","@id":"https:\/\/hobstop.ee\/lv\/produkts\/laku-komplekts-cernit-glass\/","url":"https:\/\/hobstop.ee\/lv\/produkts\/laku-komplekts-cernit-glass\/","name":"Laku komplekts Cernit Glass &#8211; Skizze","isPartOf":{"@id":"https:\/\/hobstop.ee\/lv\/#website"},"primaryImageOfPage":{"@id":"https:\/\/hobstop.ee\/lv\/produkts\/laku-komplekts-cernit-glass\/#primaryimage"},"image":{"@id":"https:\/\/hobstop.ee\/lv\/produkts\/laku-komplekts-cernit-glass\/#primaryimage"},"thumbnailUrl":"https:\/\/hobstop.ee\/media\/4540.jpg","datePublished":"2017-05-30T07:34:48+00:00","dateModified":"2017-05-30T07:34:48+00:00","breadcrumb":{"@id":"https:\/\/hobstop.ee\/lv\/produkts\/laku-komplekts-cernit-glass\/#breadcrumb"},"inLanguage":"lv-LV","potentialAction":[{"@type":"ReadAction","target":["https:\/\/hobstop.ee\/lv\/produkts\/laku-komplekts-cernit-glass\/"]}]},{"@type":"ImageObject","inLanguage":"lv-LV","@id":"https:\/\/hobstop.ee\/lv\/produkts\/laku-komplekts-cernit-glass\/#primaryimage","url":"https:\/\/hobstop.ee\/media\/4540.jpg","contentUrl":"https:\/\/hobstop.ee\/media\/4540.jpg","width":1024,"height":768},{"@type":"BreadcrumbList","@id":"https:\/\/hobstop.ee\/lv\/produkts\/laku-komplekts-cernit-glass\/#breadcrumb","itemListElement":[{"@type":"ListItem","position":1,"name":"Avaleht","item":"https:\/\/www.hobstop.ee\/lv\/"},{"@type":"ListItem","position":2,"name":"Veikals","item":"https:\/\/www.hobstop.ee\/lv\/veikals\/"},{"@type":"ListItem","position":3,"name":"Laku komplekts Cernit Glass"}]},{"@type":"WebSite","@id":"https:\/\/hobstop.ee\/lv\/#website","url":"https:\/\/hobstop.ee\/lv\/","name":"Skizze","description":"M\u0101kslas, hobiju un skolas preces","publisher":{"@id":"https:\/\/hobstop.ee\/lv\/#organization"},"potentialAction":[{"@type":"SearchAction","target":{"@type":"EntryPoint","urlTemplate":"https:\/\/hobstop.ee\/lv\/?s={search_term_string}"},"query-input":{"@type":"PropertyValueSpecification","valueRequired":true,"valueName":"search_term_string"}}],"inLanguage":"lv-LV"},{"@type":"Organization","@id":"https:\/\/hobstop.ee\/lv\/#organization","name":"Vunder AS","url":"https:\/\/hobstop.ee\/lv\/","logo":{"@type":"ImageObject","inLanguage":"lv-LV","@id":"https:\/\/hobstop.ee\/lv\/#\/schema\/logo\/image\/","url":"https:\/\/hobstop.ee\/media\/vunder-logo.png","contentUrl":"https:\/\/hobstop.ee\/media\/vunder-logo.png","width":127,"height":55,"caption":"Vunder AS"},"image":{"@id":"https:\/\/hobstop.ee\/lv\/#\/schema\/logo\/image\/"},"sameAs":["http:\/\/www.facebook.com\/VunderSkizze"]}]}},"_links":{"self":[{"href":"https:\/\/hobstop.ee\/lv\/wp-json\/wp\/v2\/product\/288776","targetHints":{"allow":["GET"]}}],"collection":[{"href":"https:\/\/hobstop.ee\/lv\/wp-json\/wp\/v2\/product"}],"about":[{"href":"https:\/\/hobstop.ee\/lv\/wp-json\/wp\/v2\/types\/product"}],"replies":[{"embeddable":true,"href":"https:\/\/hobstop.ee\/lv\/wp-json\/wp\/v2\/comments?post=288776"}],"wp:featuredmedia":[{"embeddable":true,"href":"https:\/\/hobstop.ee\/lv\/wp-json\/wp\/v2\/media\/289368"}],"wp:attachment":[{"href":"https:\/\/hobstop.ee\/lv\/wp-json\/wp\/v2\/media?parent=288776"}],"wp:term":[{"taxonomy":"product_cat","embeddable":true,"href":"https:\/\/hobstop.ee\/lv\/wp-json\/wp\/v2\/product_cat?post=288776"},{"taxonomy":"product_tag","embeddable":true,"href":"https:\/\/hobstop.ee\/lv\/wp-json\/wp\/v2\/product_tag?post=288776"}],"curies":[{"name":"wp","href":"https:\/\/api.w.org\/{rel}","templated":true}]}}