{"id":288784,"date":"2017-05-30T10:34:50","date_gmt":"2017-05-30T07:34:50","guid":{"rendered":"https:\/\/sharks.ee\/vunder_2019\/lv\/product\/piedeva-zida-krasam-h-dupont-skidrais-vasks\/"},"modified":"2017-05-30T10:34:50","modified_gmt":"2017-05-30T07:34:50","slug":"piedeva-zida-krasam-h-dupont-skidrais-vasks","status":"publish","type":"product","link":"https:\/\/hobstop.ee\/lv\/produkts\/piedeva-zida-krasam-h-dupont-skidrais-vasks\/","title":{"rendered":"Piedeva z\u012bda kr\u0101s\u0101m H Dupont \u0161\u0137idrais vasks"},"content":{"rendered":"<p>Auksts \u0161\u0137idrais vasks paredz\u0113ts izmanto\u0161anai ar H Dupont classique z\u012bda kr\u0101s\u0101m. Vasks ne\u013cauj kr\u0101sai fiks\u0113ties uz viet\u0101m, uz kur\u0101m t\u0101 tiek uzkl\u0101ta. Piem\u0113rots batikas tehnikai, k\u0101 ar\u012b z\u012bm\u0113\u0161anai un smalku plaisu veido\u0161anai. Gatavs lieto\u0161anai (nav j\u0101silda) un tam ir gar\u0101ks \u017e\u016b\u0161anas\/ ciet\u0113\u0161anas laiks. Var uzkl\u0101t ar oti\u0146u, s\u016bkl\u012bti, spiedogu vai ar\u012b pipeti (piem\u0113ram pudel\u012bti ar aplikatoru), lai izceltu smalkas deta\u013cas. Pirms kr\u0101su uzkl\u0101\u0161anas \u013caut piln\u012bb\u0101 no\u017e\u016bt. P\u0113c kr\u0101sas no\u017e\u016b\u0161anas no\u0146emt vasku ar gludin\u0101\u0161anas pal\u012bdz\u012bbu, izmantojot dz\u0113\u0161lapu, vai ar\u012b no\u0146emiet to ar tvaiku.<\/p>\n","protected":false},"excerpt":{"rendered":"<p>Auksts \u0161\u0137idrais vasks paredz\u0113ts izmanto\u0161anai ar H Dupont classique z\u012bda kr\u0101s\u0101m. Vasks ne\u013cauj kr\u0101sai fiks\u0113ties uz viet\u0101m, uz kur\u0101m t\u0101 tiek uzkl\u0101ta. Piem\u0113rots batikas tehnikai, k\u0101 ar\u012b z\u012bm\u0113\u0161anai un smalku plaisu veido\u0161anai. Gatavs lieto\u0161anai (nav j\u0101silda) un tam ir gar\u0101ks \u017e\u016b\u0161anas\/ ciet\u0113\u0161anas laiks. Var uzkl\u0101t ar oti\u0146u, s\u016bkl\u012bti, spiedogu vai ar\u012b pipeti (piem\u0113ram pudel\u012bti ar aplikatoru), lai izceltu smalkas deta\u013cas. Pirms kr\u0101su uzkl\u0101\u0161anas \u013caut piln\u012bb\u0101 no\u017e\u016bt. P\u0113c kr\u0101sas no\u017e\u016b\u0161anas no\u0146emt vasku ar gludin\u0101\u0161anas pal\u012bdz\u012bbu, izmantojot dz\u0113\u0161lapu, vai ar\u012b no\u0146emiet to ar tvaiku.<\/p>\n","protected":false},"featured_media":289376,"comment_status":"closed","ping_status":"closed","template":"","meta":{"_acf_changed":false,"ep_exclude_from_search":false},"product_cat":[17918,17956,20118],"product_tag":[],"class_list":{"0":"post-288784","1":"product","2":"type-product","3":"status-publish","4":"has-post-thumbnail","6":"product_cat-preces-hobijiem","7":"product_cat-tekstilam","8":"product_cat-zida-krasu-mediji","10":"first","11":"instock","12":"taxable","13":"shipping-taxable","14":"purchasable","15":"product-type-simple"},"acf":[],"yoast_head":"<!-- This site is optimized with the Yoast SEO plugin v24.1 - https:\/\/yoast.com\/wordpress\/plugins\/seo\/ -->\n<title>Piedeva z\u012bda kr\u0101s\u0101m H Dupont \u0161\u0137idrais vasks &#8211; Skizze<\/title>\n<meta name=\"robots\" content=\"noindex, follow, max-snippet:-1, max-image-preview:large, max-video-preview:-1\" \/>\n<meta property=\"og:locale\" content=\"lv_LV\" \/>\n<meta property=\"og:type\" content=\"article\" \/>\n<meta property=\"og:title\" content=\"Piedeva z\u012bda kr\u0101s\u0101m H Dupont \u0161\u0137idrais vasks &#8211; Skizze\" \/>\n<meta property=\"og:description\" content=\"Auksts \u0161\u0137idrais vasks paredz\u0113ts izmanto\u0161anai ar H Dupont classique z\u012bda kr\u0101s\u0101m. Vasks ne\u013cauj kr\u0101sai fiks\u0113ties uz viet\u0101m, uz kur\u0101m t\u0101 tiek uzkl\u0101ta. Piem\u0113rots batikas tehnikai, k\u0101 ar\u012b z\u012bm\u0113\u0161anai un smalku plaisu veido\u0161anai. Gatavs lieto\u0161anai (nav j\u0101silda) un tam ir gar\u0101ks \u017e\u016b\u0161anas\/ ciet\u0113\u0161anas laiks. Var uzkl\u0101t ar oti\u0146u, s\u016bkl\u012bti, spiedogu vai ar\u012b pipeti (piem\u0113ram pudel\u012bti ar aplikatoru), lai izceltu smalkas deta\u013cas. Pirms kr\u0101su uzkl\u0101\u0161anas \u013caut piln\u012bb\u0101 no\u017e\u016bt. P\u0113c kr\u0101sas no\u017e\u016b\u0161anas no\u0146emt vasku ar gludin\u0101\u0161anas pal\u012bdz\u012bbu, izmantojot dz\u0113\u0161lapu, vai ar\u012b no\u0146emiet to ar tvaiku.\" \/>\n<meta property=\"og:url\" content=\"https:\/\/hobstop.ee\/lv\/produkts\/piedeva-zida-krasam-h-dupont-skidrais-vasks\/\" \/>\n<meta property=\"og:site_name\" content=\"Skizze\" \/>\n<meta property=\"article:publisher\" content=\"http:\/\/www.facebook.com\/VunderSkizze\" \/>\n<meta property=\"og:image\" content=\"https:\/\/hobstop.ee\/media\/4543.jpg\" \/>\n\t<meta property=\"og:image:width\" content=\"1024\" \/>\n\t<meta property=\"og:image:height\" content=\"768\" \/>\n\t<meta property=\"og:image:type\" content=\"image\/jpeg\" \/>\n<meta name=\"twitter:card\" content=\"summary_large_image\" \/>\n<meta name=\"twitter:label1\" content=\"Est. reading time\" \/>\n\t<meta name=\"twitter:data1\" content=\"1 min\u016b\u0161u\" \/>\n<script type=\"application\/ld+json\" class=\"yoast-schema-graph\">{\"@context\":\"https:\/\/schema.org\",\"@graph\":[{\"@type\":\"WebPage\",\"@id\":\"https:\/\/hobstop.ee\/lv\/produkts\/piedeva-zida-krasam-h-dupont-skidrais-vasks\/\",\"url\":\"https:\/\/hobstop.ee\/lv\/produkts\/piedeva-zida-krasam-h-dupont-skidrais-vasks\/\",\"name\":\"Piedeva z\u012bda kr\u0101s\u0101m H Dupont \u0161\u0137idrais vasks &#8211; Skizze\",\"isPartOf\":{\"@id\":\"https:\/\/hobstop.ee\/lv\/#website\"},\"primaryImageOfPage\":{\"@id\":\"https:\/\/hobstop.ee\/lv\/produkts\/piedeva-zida-krasam-h-dupont-skidrais-vasks\/#primaryimage\"},\"image\":{\"@id\":\"https:\/\/hobstop.ee\/lv\/produkts\/piedeva-zida-krasam-h-dupont-skidrais-vasks\/#primaryimage\"},\"thumbnailUrl\":\"https:\/\/hobstop.ee\/media\/4543.jpg\",\"datePublished\":\"2017-05-30T07:34:50+00:00\",\"dateModified\":\"2017-05-30T07:34:50+00:00\",\"breadcrumb\":{\"@id\":\"https:\/\/hobstop.ee\/lv\/produkts\/piedeva-zida-krasam-h-dupont-skidrais-vasks\/#breadcrumb\"},\"inLanguage\":\"lv-LV\",\"potentialAction\":[{\"@type\":\"ReadAction\",\"target\":[\"https:\/\/hobstop.ee\/lv\/produkts\/piedeva-zida-krasam-h-dupont-skidrais-vasks\/\"]}]},{\"@type\":\"ImageObject\",\"inLanguage\":\"lv-LV\",\"@id\":\"https:\/\/hobstop.ee\/lv\/produkts\/piedeva-zida-krasam-h-dupont-skidrais-vasks\/#primaryimage\",\"url\":\"https:\/\/hobstop.ee\/media\/4543.jpg\",\"contentUrl\":\"https:\/\/hobstop.ee\/media\/4543.jpg\",\"width\":1024,\"height\":768},{\"@type\":\"BreadcrumbList\",\"@id\":\"https:\/\/hobstop.ee\/lv\/produkts\/piedeva-zida-krasam-h-dupont-skidrais-vasks\/#breadcrumb\",\"itemListElement\":[{\"@type\":\"ListItem\",\"position\":1,\"name\":\"Avaleht\",\"item\":\"https:\/\/hobstop.ee\/lv\/\"},{\"@type\":\"ListItem\",\"position\":2,\"name\":\"Veikals\",\"item\":\"https:\/\/hobstop.ee\/lv\/veikals\/\"},{\"@type\":\"ListItem\",\"position\":3,\"name\":\"Piedeva z\u012bda kr\u0101s\u0101m H Dupont \u0161\u0137idrais vasks\"}]},{\"@type\":\"WebSite\",\"@id\":\"https:\/\/hobstop.ee\/lv\/#website\",\"url\":\"https:\/\/hobstop.ee\/lv\/\",\"name\":\"Skizze\",\"description\":\"M\u0101kslas, hobiju un skolas preces\",\"publisher\":{\"@id\":\"https:\/\/hobstop.ee\/lv\/#organization\"},\"potentialAction\":[{\"@type\":\"SearchAction\",\"target\":{\"@type\":\"EntryPoint\",\"urlTemplate\":\"https:\/\/hobstop.ee\/lv\/?s={search_term_string}\"},\"query-input\":{\"@type\":\"PropertyValueSpecification\",\"valueRequired\":true,\"valueName\":\"search_term_string\"}}],\"inLanguage\":\"lv-LV\"},{\"@type\":\"Organization\",\"@id\":\"https:\/\/hobstop.ee\/lv\/#organization\",\"name\":\"Vunder AS\",\"url\":\"https:\/\/hobstop.ee\/lv\/\",\"logo\":{\"@type\":\"ImageObject\",\"inLanguage\":\"lv-LV\",\"@id\":\"https:\/\/hobstop.ee\/lv\/#\/schema\/logo\/image\/\",\"url\":\"https:\/\/hobstop.ee\/media\/vunder-logo.png\",\"contentUrl\":\"https:\/\/hobstop.ee\/media\/vunder-logo.png\",\"width\":127,\"height\":55,\"caption\":\"Vunder AS\"},\"image\":{\"@id\":\"https:\/\/hobstop.ee\/lv\/#\/schema\/logo\/image\/\"},\"sameAs\":[\"http:\/\/www.facebook.com\/VunderSkizze\"]}]}<\/script>\n<!-- \/ Yoast SEO plugin. -->","yoast_head_json":{"title":"Piedeva z\u012bda kr\u0101s\u0101m H Dupont \u0161\u0137idrais vasks &#8211; Skizze","robots":{"index":"noindex","follow":"follow","max-snippet":"max-snippet:-1","max-image-preview":"max-image-preview:large","max-video-preview":"max-video-preview:-1"},"og_locale":"lv_LV","og_type":"article","og_title":"Piedeva z\u012bda kr\u0101s\u0101m H Dupont \u0161\u0137idrais vasks &#8211; Skizze","og_description":"Auksts \u0161\u0137idrais vasks paredz\u0113ts izmanto\u0161anai ar H Dupont classique z\u012bda kr\u0101s\u0101m. Vasks ne\u013cauj kr\u0101sai fiks\u0113ties uz viet\u0101m, uz kur\u0101m t\u0101 tiek uzkl\u0101ta. Piem\u0113rots batikas tehnikai, k\u0101 ar\u012b z\u012bm\u0113\u0161anai un smalku plaisu veido\u0161anai. Gatavs lieto\u0161anai (nav j\u0101silda) un tam ir gar\u0101ks \u017e\u016b\u0161anas\/ ciet\u0113\u0161anas laiks. Var uzkl\u0101t ar oti\u0146u, s\u016bkl\u012bti, spiedogu vai ar\u012b pipeti (piem\u0113ram pudel\u012bti ar aplikatoru), lai izceltu smalkas deta\u013cas. Pirms kr\u0101su uzkl\u0101\u0161anas \u013caut piln\u012bb\u0101 no\u017e\u016bt. P\u0113c kr\u0101sas no\u017e\u016b\u0161anas no\u0146emt vasku ar gludin\u0101\u0161anas pal\u012bdz\u012bbu, izmantojot dz\u0113\u0161lapu, vai ar\u012b no\u0146emiet to ar tvaiku.","og_url":"https:\/\/hobstop.ee\/lv\/produkts\/piedeva-zida-krasam-h-dupont-skidrais-vasks\/","og_site_name":"Skizze","article_publisher":"http:\/\/www.facebook.com\/VunderSkizze","og_image":[{"width":1024,"height":768,"url":"https:\/\/hobstop.ee\/media\/4543.jpg","type":"image\/jpeg"}],"twitter_card":"summary_large_image","twitter_misc":{"Est. reading time":"1 min\u016b\u0161u"},"schema":{"@context":"https:\/\/schema.org","@graph":[{"@type":"WebPage","@id":"https:\/\/hobstop.ee\/lv\/produkts\/piedeva-zida-krasam-h-dupont-skidrais-vasks\/","url":"https:\/\/hobstop.ee\/lv\/produkts\/piedeva-zida-krasam-h-dupont-skidrais-vasks\/","name":"Piedeva z\u012bda kr\u0101s\u0101m H Dupont \u0161\u0137idrais vasks &#8211; Skizze","isPartOf":{"@id":"https:\/\/hobstop.ee\/lv\/#website"},"primaryImageOfPage":{"@id":"https:\/\/hobstop.ee\/lv\/produkts\/piedeva-zida-krasam-h-dupont-skidrais-vasks\/#primaryimage"},"image":{"@id":"https:\/\/hobstop.ee\/lv\/produkts\/piedeva-zida-krasam-h-dupont-skidrais-vasks\/#primaryimage"},"thumbnailUrl":"https:\/\/hobstop.ee\/media\/4543.jpg","datePublished":"2017-05-30T07:34:50+00:00","dateModified":"2017-05-30T07:34:50+00:00","breadcrumb":{"@id":"https:\/\/hobstop.ee\/lv\/produkts\/piedeva-zida-krasam-h-dupont-skidrais-vasks\/#breadcrumb"},"inLanguage":"lv-LV","potentialAction":[{"@type":"ReadAction","target":["https:\/\/hobstop.ee\/lv\/produkts\/piedeva-zida-krasam-h-dupont-skidrais-vasks\/"]}]},{"@type":"ImageObject","inLanguage":"lv-LV","@id":"https:\/\/hobstop.ee\/lv\/produkts\/piedeva-zida-krasam-h-dupont-skidrais-vasks\/#primaryimage","url":"https:\/\/hobstop.ee\/media\/4543.jpg","contentUrl":"https:\/\/hobstop.ee\/media\/4543.jpg","width":1024,"height":768},{"@type":"BreadcrumbList","@id":"https:\/\/hobstop.ee\/lv\/produkts\/piedeva-zida-krasam-h-dupont-skidrais-vasks\/#breadcrumb","itemListElement":[{"@type":"ListItem","position":1,"name":"Avaleht","item":"https:\/\/hobstop.ee\/lv\/"},{"@type":"ListItem","position":2,"name":"Veikals","item":"https:\/\/hobstop.ee\/lv\/veikals\/"},{"@type":"ListItem","position":3,"name":"Piedeva z\u012bda kr\u0101s\u0101m H Dupont \u0161\u0137idrais vasks"}]},{"@type":"WebSite","@id":"https:\/\/hobstop.ee\/lv\/#website","url":"https:\/\/hobstop.ee\/lv\/","name":"Skizze","description":"M\u0101kslas, hobiju un skolas preces","publisher":{"@id":"https:\/\/hobstop.ee\/lv\/#organization"},"potentialAction":[{"@type":"SearchAction","target":{"@type":"EntryPoint","urlTemplate":"https:\/\/hobstop.ee\/lv\/?s={search_term_string}"},"query-input":{"@type":"PropertyValueSpecification","valueRequired":true,"valueName":"search_term_string"}}],"inLanguage":"lv-LV"},{"@type":"Organization","@id":"https:\/\/hobstop.ee\/lv\/#organization","name":"Vunder AS","url":"https:\/\/hobstop.ee\/lv\/","logo":{"@type":"ImageObject","inLanguage":"lv-LV","@id":"https:\/\/hobstop.ee\/lv\/#\/schema\/logo\/image\/","url":"https:\/\/hobstop.ee\/media\/vunder-logo.png","contentUrl":"https:\/\/hobstop.ee\/media\/vunder-logo.png","width":127,"height":55,"caption":"Vunder AS"},"image":{"@id":"https:\/\/hobstop.ee\/lv\/#\/schema\/logo\/image\/"},"sameAs":["http:\/\/www.facebook.com\/VunderSkizze"]}]}},"_links":{"self":[{"href":"https:\/\/hobstop.ee\/lv\/wp-json\/wp\/v2\/product\/288784","targetHints":{"allow":["GET"]}}],"collection":[{"href":"https:\/\/hobstop.ee\/lv\/wp-json\/wp\/v2\/product"}],"about":[{"href":"https:\/\/hobstop.ee\/lv\/wp-json\/wp\/v2\/types\/product"}],"replies":[{"embeddable":true,"href":"https:\/\/hobstop.ee\/lv\/wp-json\/wp\/v2\/comments?post=288784"}],"wp:featuredmedia":[{"embeddable":true,"href":"https:\/\/hobstop.ee\/lv\/wp-json\/wp\/v2\/media\/289376"}],"wp:attachment":[{"href":"https:\/\/hobstop.ee\/lv\/wp-json\/wp\/v2\/media?parent=288784"}],"wp:term":[{"taxonomy":"product_cat","embeddable":true,"href":"https:\/\/hobstop.ee\/lv\/wp-json\/wp\/v2\/product_cat?post=288784"},{"taxonomy":"product_tag","embeddable":true,"href":"https:\/\/hobstop.ee\/lv\/wp-json\/wp\/v2\/product_tag?post=288784"}],"curies":[{"name":"wp","href":"https:\/\/api.w.org\/{rel}","templated":true}]}}