{"id":288792,"date":"2017-05-30T10:34:52","date_gmt":"2017-05-30T07:34:52","guid":{"rendered":"https:\/\/sharks.ee\/vunder_2019\/lv\/product\/gela-kritini-marabu\/"},"modified":"2017-05-30T10:34:52","modified_gmt":"2017-05-30T07:34:52","slug":"gela-kritini-marabu","status":"publish","type":"product","link":"https:\/\/hobstop.ee\/lv\/produkts\/gela-kritini-marabu\/","title":{"rendered":"G\u0113la kr\u012bti\u0146i Marabu"},"content":{"rendered":"<p>\u016aden\u012b \u0161\u0137\u012bsto\u0161s vaska kr\u012bti\u0146\u0161 ar augstu pigmentu saturu un gludu, m\u012bkstu konsistenci. Bag\u0101t\u012bgo, gaismiztur\u012bgo kr\u0101su var vienm\u0113r\u012bgi jaukt spilgtu, kr\u0101sainu sajaukumu veido\u0161anai, k\u0101 ar\u012b, lai g\u016btu akvare\u013cu izskatu, sajaucot ar \u016bdeni. Ide\u0101li ar\u012b fonu veido\u0161anai, trafar\u0113\u0161anai ar salveti un z\u012bmogo\u0161anai, k\u0101 ar\u012b jaukto mediju projektu savieno\u0161anai. Izmantot uz pap\u012bra, audekla, koka u.c.<\/p>\n","protected":false},"excerpt":{"rendered":"<p>\u016aden\u012b \u0161\u0137\u012bsto\u0161s vaska kr\u012bti\u0146\u0161 ar augstu pigmentu saturu un gludu, m\u012bkstu konsistenci. Bag\u0101t\u012bgo, gaismiztur\u012bgo kr\u0101su var vienm\u0113r\u012bgi jaukt spilgtu, kr\u0101sainu sajaukumu veido\u0161anai, k\u0101 ar\u012b, lai g\u016btu akvare\u013cu izskatu, sajaucot ar \u016bdeni. Ide\u0101li ar\u012b fonu veido\u0161anai, trafar\u0113\u0161anai ar salveti un z\u012bmogo\u0161anai, k\u0101 ar\u012b jaukto mediju projektu savieno\u0161anai. Izmantot uz pap\u012bra, audekla, koka u.c.<\/p>\n","protected":false},"featured_media":289384,"comment_status":"closed","ping_status":"closed","template":"","meta":{"_acf_changed":false,"ep_exclude_from_search":false},"product_cat":[16123,18754,18931],"product_tag":[],"class_list":{"0":"post-288792","1":"product","2":"type-product","3":"status-publish","4":"has-post-thumbnail","6":"product_cat-makslas-piederumi-2","7":"product_cat-papildus-piederumi","8":"product_cat-zimesanas-piederumi-3","10":"first","11":"instock","12":"taxable","13":"shipping-taxable","14":"product-type-simple"},"acf":[],"yoast_head":"<!-- This site is optimized with the Yoast SEO plugin v24.1 - https:\/\/yoast.com\/wordpress\/plugins\/seo\/ -->\n<title>G\u0113la kr\u012bti\u0146i Marabu &#8211; Skizze<\/title>\n<meta name=\"robots\" content=\"noindex, follow, max-snippet:-1, max-image-preview:large, max-video-preview:-1\" \/>\n<meta property=\"og:locale\" content=\"lv_LV\" \/>\n<meta property=\"og:type\" content=\"article\" \/>\n<meta property=\"og:title\" content=\"G\u0113la kr\u012bti\u0146i Marabu &#8211; Skizze\" \/>\n<meta property=\"og:description\" content=\"\u016aden\u012b \u0161\u0137\u012bsto\u0161s vaska kr\u012bti\u0146\u0161 ar augstu pigmentu saturu un gludu, m\u012bkstu konsistenci. Bag\u0101t\u012bgo, gaismiztur\u012bgo kr\u0101su var vienm\u0113r\u012bgi jaukt spilgtu, kr\u0101sainu sajaukumu veido\u0161anai, k\u0101 ar\u012b, lai g\u016btu akvare\u013cu izskatu, sajaucot ar \u016bdeni. Ide\u0101li ar\u012b fonu veido\u0161anai, trafar\u0113\u0161anai ar salveti un z\u012bmogo\u0161anai, k\u0101 ar\u012b jaukto mediju projektu savieno\u0161anai. Izmantot uz pap\u012bra, audekla, koka u.c.\" \/>\n<meta property=\"og:url\" content=\"https:\/\/hobstop.ee\/lv\/produkts\/gela-kritini-marabu\/\" \/>\n<meta property=\"og:site_name\" content=\"Skizze\" \/>\n<meta property=\"article:publisher\" content=\"http:\/\/www.facebook.com\/VunderSkizze\" \/>\n<meta property=\"og:image\" content=\"https:\/\/hobstop.ee\/media\/4545.jpg\" \/>\n\t<meta property=\"og:image:width\" content=\"1024\" \/>\n\t<meta property=\"og:image:height\" content=\"768\" \/>\n\t<meta property=\"og:image:type\" content=\"image\/jpeg\" \/>\n<meta name=\"twitter:card\" content=\"summary_large_image\" \/>\n<script type=\"application\/ld+json\" class=\"yoast-schema-graph\">{\"@context\":\"https:\/\/schema.org\",\"@graph\":[{\"@type\":\"WebPage\",\"@id\":\"https:\/\/hobstop.ee\/lv\/produkts\/gela-kritini-marabu\/\",\"url\":\"https:\/\/hobstop.ee\/lv\/produkts\/gela-kritini-marabu\/\",\"name\":\"G\u0113la kr\u012bti\u0146i Marabu &#8211; Skizze\",\"isPartOf\":{\"@id\":\"https:\/\/hobstop.ee\/lv\/#website\"},\"primaryImageOfPage\":{\"@id\":\"https:\/\/hobstop.ee\/lv\/produkts\/gela-kritini-marabu\/#primaryimage\"},\"image\":{\"@id\":\"https:\/\/hobstop.ee\/lv\/produkts\/gela-kritini-marabu\/#primaryimage\"},\"thumbnailUrl\":\"https:\/\/hobstop.ee\/media\/4545.jpg\",\"datePublished\":\"2017-05-30T07:34:52+00:00\",\"dateModified\":\"2017-05-30T07:34:52+00:00\",\"breadcrumb\":{\"@id\":\"https:\/\/hobstop.ee\/lv\/produkts\/gela-kritini-marabu\/#breadcrumb\"},\"inLanguage\":\"lv-LV\",\"potentialAction\":[{\"@type\":\"ReadAction\",\"target\":[\"https:\/\/hobstop.ee\/lv\/produkts\/gela-kritini-marabu\/\"]}]},{\"@type\":\"ImageObject\",\"inLanguage\":\"lv-LV\",\"@id\":\"https:\/\/hobstop.ee\/lv\/produkts\/gela-kritini-marabu\/#primaryimage\",\"url\":\"https:\/\/hobstop.ee\/media\/4545.jpg\",\"contentUrl\":\"https:\/\/hobstop.ee\/media\/4545.jpg\",\"width\":1024,\"height\":768},{\"@type\":\"BreadcrumbList\",\"@id\":\"https:\/\/hobstop.ee\/lv\/produkts\/gela-kritini-marabu\/#breadcrumb\",\"itemListElement\":[{\"@type\":\"ListItem\",\"position\":1,\"name\":\"Avaleht\",\"item\":\"https:\/\/hobstop.ee\/lv\/\"},{\"@type\":\"ListItem\",\"position\":2,\"name\":\"Veikals\",\"item\":\"https:\/\/hobstop.ee\/lv\/veikals\/\"},{\"@type\":\"ListItem\",\"position\":3,\"name\":\"G\u0113la kr\u012bti\u0146i Marabu\"}]},{\"@type\":\"WebSite\",\"@id\":\"https:\/\/hobstop.ee\/lv\/#website\",\"url\":\"https:\/\/hobstop.ee\/lv\/\",\"name\":\"Skizze\",\"description\":\"M\u0101kslas, hobiju un skolas preces\",\"publisher\":{\"@id\":\"https:\/\/hobstop.ee\/lv\/#organization\"},\"potentialAction\":[{\"@type\":\"SearchAction\",\"target\":{\"@type\":\"EntryPoint\",\"urlTemplate\":\"https:\/\/hobstop.ee\/lv\/?s={search_term_string}\"},\"query-input\":{\"@type\":\"PropertyValueSpecification\",\"valueRequired\":true,\"valueName\":\"search_term_string\"}}],\"inLanguage\":\"lv-LV\"},{\"@type\":\"Organization\",\"@id\":\"https:\/\/hobstop.ee\/lv\/#organization\",\"name\":\"Vunder AS\",\"url\":\"https:\/\/hobstop.ee\/lv\/\",\"logo\":{\"@type\":\"ImageObject\",\"inLanguage\":\"lv-LV\",\"@id\":\"https:\/\/hobstop.ee\/lv\/#\/schema\/logo\/image\/\",\"url\":\"https:\/\/hobstop.ee\/media\/vunder-logo.png\",\"contentUrl\":\"https:\/\/hobstop.ee\/media\/vunder-logo.png\",\"width\":127,\"height\":55,\"caption\":\"Vunder AS\"},\"image\":{\"@id\":\"https:\/\/hobstop.ee\/lv\/#\/schema\/logo\/image\/\"},\"sameAs\":[\"http:\/\/www.facebook.com\/VunderSkizze\"]}]}<\/script>\n<!-- \/ Yoast SEO plugin. -->","yoast_head_json":{"title":"G\u0113la kr\u012bti\u0146i Marabu &#8211; Skizze","robots":{"index":"noindex","follow":"follow","max-snippet":"max-snippet:-1","max-image-preview":"max-image-preview:large","max-video-preview":"max-video-preview:-1"},"og_locale":"lv_LV","og_type":"article","og_title":"G\u0113la kr\u012bti\u0146i Marabu &#8211; Skizze","og_description":"\u016aden\u012b \u0161\u0137\u012bsto\u0161s vaska kr\u012bti\u0146\u0161 ar augstu pigmentu saturu un gludu, m\u012bkstu konsistenci. Bag\u0101t\u012bgo, gaismiztur\u012bgo kr\u0101su var vienm\u0113r\u012bgi jaukt spilgtu, kr\u0101sainu sajaukumu veido\u0161anai, k\u0101 ar\u012b, lai g\u016btu akvare\u013cu izskatu, sajaucot ar \u016bdeni. Ide\u0101li ar\u012b fonu veido\u0161anai, trafar\u0113\u0161anai ar salveti un z\u012bmogo\u0161anai, k\u0101 ar\u012b jaukto mediju projektu savieno\u0161anai. Izmantot uz pap\u012bra, audekla, koka u.c.","og_url":"https:\/\/hobstop.ee\/lv\/produkts\/gela-kritini-marabu\/","og_site_name":"Skizze","article_publisher":"http:\/\/www.facebook.com\/VunderSkizze","og_image":[{"width":1024,"height":768,"url":"https:\/\/hobstop.ee\/media\/4545.jpg","type":"image\/jpeg"}],"twitter_card":"summary_large_image","schema":{"@context":"https:\/\/schema.org","@graph":[{"@type":"WebPage","@id":"https:\/\/hobstop.ee\/lv\/produkts\/gela-kritini-marabu\/","url":"https:\/\/hobstop.ee\/lv\/produkts\/gela-kritini-marabu\/","name":"G\u0113la kr\u012bti\u0146i Marabu &#8211; Skizze","isPartOf":{"@id":"https:\/\/hobstop.ee\/lv\/#website"},"primaryImageOfPage":{"@id":"https:\/\/hobstop.ee\/lv\/produkts\/gela-kritini-marabu\/#primaryimage"},"image":{"@id":"https:\/\/hobstop.ee\/lv\/produkts\/gela-kritini-marabu\/#primaryimage"},"thumbnailUrl":"https:\/\/hobstop.ee\/media\/4545.jpg","datePublished":"2017-05-30T07:34:52+00:00","dateModified":"2017-05-30T07:34:52+00:00","breadcrumb":{"@id":"https:\/\/hobstop.ee\/lv\/produkts\/gela-kritini-marabu\/#breadcrumb"},"inLanguage":"lv-LV","potentialAction":[{"@type":"ReadAction","target":["https:\/\/hobstop.ee\/lv\/produkts\/gela-kritini-marabu\/"]}]},{"@type":"ImageObject","inLanguage":"lv-LV","@id":"https:\/\/hobstop.ee\/lv\/produkts\/gela-kritini-marabu\/#primaryimage","url":"https:\/\/hobstop.ee\/media\/4545.jpg","contentUrl":"https:\/\/hobstop.ee\/media\/4545.jpg","width":1024,"height":768},{"@type":"BreadcrumbList","@id":"https:\/\/hobstop.ee\/lv\/produkts\/gela-kritini-marabu\/#breadcrumb","itemListElement":[{"@type":"ListItem","position":1,"name":"Avaleht","item":"https:\/\/hobstop.ee\/lv\/"},{"@type":"ListItem","position":2,"name":"Veikals","item":"https:\/\/hobstop.ee\/lv\/veikals\/"},{"@type":"ListItem","position":3,"name":"G\u0113la kr\u012bti\u0146i Marabu"}]},{"@type":"WebSite","@id":"https:\/\/hobstop.ee\/lv\/#website","url":"https:\/\/hobstop.ee\/lv\/","name":"Skizze","description":"M\u0101kslas, hobiju un skolas preces","publisher":{"@id":"https:\/\/hobstop.ee\/lv\/#organization"},"potentialAction":[{"@type":"SearchAction","target":{"@type":"EntryPoint","urlTemplate":"https:\/\/hobstop.ee\/lv\/?s={search_term_string}"},"query-input":{"@type":"PropertyValueSpecification","valueRequired":true,"valueName":"search_term_string"}}],"inLanguage":"lv-LV"},{"@type":"Organization","@id":"https:\/\/hobstop.ee\/lv\/#organization","name":"Vunder AS","url":"https:\/\/hobstop.ee\/lv\/","logo":{"@type":"ImageObject","inLanguage":"lv-LV","@id":"https:\/\/hobstop.ee\/lv\/#\/schema\/logo\/image\/","url":"https:\/\/hobstop.ee\/media\/vunder-logo.png","contentUrl":"https:\/\/hobstop.ee\/media\/vunder-logo.png","width":127,"height":55,"caption":"Vunder AS"},"image":{"@id":"https:\/\/hobstop.ee\/lv\/#\/schema\/logo\/image\/"},"sameAs":["http:\/\/www.facebook.com\/VunderSkizze"]}]}},"_links":{"self":[{"href":"https:\/\/hobstop.ee\/lv\/wp-json\/wp\/v2\/product\/288792","targetHints":{"allow":["GET"]}}],"collection":[{"href":"https:\/\/hobstop.ee\/lv\/wp-json\/wp\/v2\/product"}],"about":[{"href":"https:\/\/hobstop.ee\/lv\/wp-json\/wp\/v2\/types\/product"}],"replies":[{"embeddable":true,"href":"https:\/\/hobstop.ee\/lv\/wp-json\/wp\/v2\/comments?post=288792"}],"wp:featuredmedia":[{"embeddable":true,"href":"https:\/\/hobstop.ee\/lv\/wp-json\/wp\/v2\/media\/289384"}],"wp:attachment":[{"href":"https:\/\/hobstop.ee\/lv\/wp-json\/wp\/v2\/media?parent=288792"}],"wp:term":[{"taxonomy":"product_cat","embeddable":true,"href":"https:\/\/hobstop.ee\/lv\/wp-json\/wp\/v2\/product_cat?post=288792"},{"taxonomy":"product_tag","embeddable":true,"href":"https:\/\/hobstop.ee\/lv\/wp-json\/wp\/v2\/product_tag?post=288792"}],"curies":[{"name":"wp","href":"https:\/\/api.w.org\/{rel}","templated":true}]}}