{"id":288820,"date":"2017-05-30T10:34:59","date_gmt":"2017-05-30T07:34:59","guid":{"rendered":"https:\/\/sharks.ee\/vunder_2019\/lv\/product\/akrila-papira-bloks-marabu\/"},"modified":"2017-05-30T10:34:59","modified_gmt":"2017-05-30T07:34:59","slug":"akrila-papira-bloks-marabu","status":"publish","type":"product","link":"https:\/\/hobstop.ee\/lv\/produkts\/akrila-papira-bloks-marabu\/","title":{"rendered":"Akrila pap\u012bra bloks Marabu"},"content":{"rendered":"<p>Stingrs pap\u012brs ir ide\u0101li piem\u0113rots tehnik\u0101m, kas saist\u012btas ar kr\u0101sas uzkl\u0101\u0161anu biez\u0101 sl\u0101n\u012b. Pap\u012bra smalk\u0101 tekst\u016bra nodro\u0161ina, ka kr\u0101sas tiek uzkl\u0101tas vienm\u0113r\u012bgi un paliek bag\u0101t\u012bgas un stingras, pateicoties iztur\u012bbai pret gaismas ietekmi. Augstas kvalit\u0101tes gredzenveida stiprin\u0101jums nodro\u0161ina nepiecie\u0161amo telpu lapas dizaina veido\u0161anai, k\u0101 ar\u012b ar elast\u012bbu attiec\u012bb\u0101 uz izv\u0113l\u0113tajiem materi\u0101liem un att\u0113liem. Darbam ar akvare\u013ckr\u0101s\u0101m, akrila kr\u0101s\u0101m, kol\u0101\u017eu un ski\u010du veido\u0161anai un jauk\u0161anas tehnikai.<\/p>\n","protected":false},"excerpt":{"rendered":"<p>Stingrs pap\u012brs ir ide\u0101li piem\u0113rots tehnik\u0101m, kas saist\u012btas ar kr\u0101sas uzkl\u0101\u0161anu biez\u0101 sl\u0101n\u012b. Pap\u012bra smalk\u0101 tekst\u016bra nodro\u0161ina, ka kr\u0101sas tiek uzkl\u0101tas vienm\u0113r\u012bgi un paliek bag\u0101t\u012bgas un stingras, pateicoties iztur\u012bbai pret gaismas ietekmi. Augstas kvalit\u0101tes gredzenveida stiprin\u0101jums nodro\u0161ina nepiecie\u0161amo telpu lapas dizaina veido\u0161anai, k\u0101 ar\u012b ar elast\u012bbu attiec\u012bb\u0101 uz izv\u0113l\u0113tajiem materi\u0101liem un att\u0113liem. Darbam ar akvare\u013ckr\u0101s\u0101m, akrila kr\u0101s\u0101m, kol\u0101\u017eu un ski\u010du veido\u0161anai un jauk\u0161anas tehnikai.<\/p>\n","protected":false},"featured_media":289412,"comment_status":"closed","ping_status":"closed","template":"","meta":{"_acf_changed":false,"ep_exclude_from_search":false},"product_cat":[19021,18943,17921],"product_tag":[],"class_list":{"0":"post-288820","1":"product","2":"type-product","3":"status-publish","4":"has-post-thumbnail","6":"product_cat-akrila-un-ellas-papiri-un-bloki","7":"product_cat-makslas-papirs-un-kartons-2","8":"product_cat-papira-izstradajumi","10":"first","11":"outofstock","12":"taxable","13":"shipping-taxable","14":"purchasable","15":"product-type-simple"},"acf":[],"yoast_head":"<!-- This site is optimized with the Yoast SEO plugin v24.1 - https:\/\/yoast.com\/wordpress\/plugins\/seo\/ -->\n<title>Akrila pap\u012bra bloks Marabu &#8211; Skizze<\/title>\n<meta name=\"robots\" content=\"noindex, follow, max-snippet:-1, max-image-preview:large, max-video-preview:-1\" \/>\n<meta property=\"og:locale\" content=\"lv_LV\" \/>\n<meta property=\"og:type\" content=\"article\" \/>\n<meta property=\"og:title\" content=\"Akrila pap\u012bra bloks Marabu &#8211; Skizze\" \/>\n<meta property=\"og:description\" content=\"Stingrs pap\u012brs ir ide\u0101li piem\u0113rots tehnik\u0101m, kas saist\u012btas ar kr\u0101sas uzkl\u0101\u0161anu biez\u0101 sl\u0101n\u012b. Pap\u012bra smalk\u0101 tekst\u016bra nodro\u0161ina, ka kr\u0101sas tiek uzkl\u0101tas vienm\u0113r\u012bgi un paliek bag\u0101t\u012bgas un stingras, pateicoties iztur\u012bbai pret gaismas ietekmi. Augstas kvalit\u0101tes gredzenveida stiprin\u0101jums nodro\u0161ina nepiecie\u0161amo telpu lapas dizaina veido\u0161anai, k\u0101 ar\u012b ar elast\u012bbu attiec\u012bb\u0101 uz izv\u0113l\u0113tajiem materi\u0101liem un att\u0113liem. Darbam ar akvare\u013ckr\u0101s\u0101m, akrila kr\u0101s\u0101m, kol\u0101\u017eu un ski\u010du veido\u0161anai un jauk\u0161anas tehnikai.\" \/>\n<meta property=\"og:url\" content=\"https:\/\/hobstop.ee\/lv\/produkts\/akrila-papira-bloks-marabu\/\" \/>\n<meta property=\"og:site_name\" content=\"Skizze\" \/>\n<meta property=\"article:publisher\" content=\"http:\/\/www.facebook.com\/VunderSkizze\" \/>\n<meta property=\"og:image\" content=\"https:\/\/hobstop.ee\/media\/4553.jpg\" \/>\n\t<meta property=\"og:image:width\" content=\"1024\" \/>\n\t<meta property=\"og:image:height\" content=\"768\" \/>\n\t<meta property=\"og:image:type\" content=\"image\/jpeg\" \/>\n<meta name=\"twitter:card\" content=\"summary_large_image\" \/>\n<meta name=\"twitter:label1\" content=\"Est. reading time\" \/>\n\t<meta name=\"twitter:data1\" content=\"1 min\u016b\u0161u\" \/>\n<script type=\"application\/ld+json\" class=\"yoast-schema-graph\">{\"@context\":\"https:\/\/schema.org\",\"@graph\":[{\"@type\":\"WebPage\",\"@id\":\"https:\/\/hobstop.ee\/lv\/produkts\/akrila-papira-bloks-marabu\/\",\"url\":\"https:\/\/hobstop.ee\/lv\/produkts\/akrila-papira-bloks-marabu\/\",\"name\":\"Akrila pap\u012bra bloks Marabu &#8211; Skizze\",\"isPartOf\":{\"@id\":\"https:\/\/hobstop.ee\/lv\/#website\"},\"primaryImageOfPage\":{\"@id\":\"https:\/\/hobstop.ee\/lv\/produkts\/akrila-papira-bloks-marabu\/#primaryimage\"},\"image\":{\"@id\":\"https:\/\/hobstop.ee\/lv\/produkts\/akrila-papira-bloks-marabu\/#primaryimage\"},\"thumbnailUrl\":\"https:\/\/hobstop.ee\/media\/4553.jpg\",\"datePublished\":\"2017-05-30T07:34:59+00:00\",\"dateModified\":\"2017-05-30T07:34:59+00:00\",\"breadcrumb\":{\"@id\":\"https:\/\/hobstop.ee\/lv\/produkts\/akrila-papira-bloks-marabu\/#breadcrumb\"},\"inLanguage\":\"lv-LV\",\"potentialAction\":[{\"@type\":\"ReadAction\",\"target\":[\"https:\/\/hobstop.ee\/lv\/produkts\/akrila-papira-bloks-marabu\/\"]}]},{\"@type\":\"ImageObject\",\"inLanguage\":\"lv-LV\",\"@id\":\"https:\/\/hobstop.ee\/lv\/produkts\/akrila-papira-bloks-marabu\/#primaryimage\",\"url\":\"https:\/\/hobstop.ee\/media\/4553.jpg\",\"contentUrl\":\"https:\/\/hobstop.ee\/media\/4553.jpg\",\"width\":1024,\"height\":768},{\"@type\":\"BreadcrumbList\",\"@id\":\"https:\/\/hobstop.ee\/lv\/produkts\/akrila-papira-bloks-marabu\/#breadcrumb\",\"itemListElement\":[{\"@type\":\"ListItem\",\"position\":1,\"name\":\"Avaleht\",\"item\":\"https:\/\/hobstop.ee\/lv\/\"},{\"@type\":\"ListItem\",\"position\":2,\"name\":\"Veikals\",\"item\":\"https:\/\/hobstop.ee\/lv\/veikals\/\"},{\"@type\":\"ListItem\",\"position\":3,\"name\":\"Akrila pap\u012bra bloks Marabu\"}]},{\"@type\":\"WebSite\",\"@id\":\"https:\/\/hobstop.ee\/lv\/#website\",\"url\":\"https:\/\/hobstop.ee\/lv\/\",\"name\":\"Skizze\",\"description\":\"M\u0101kslas, hobiju un skolas preces\",\"publisher\":{\"@id\":\"https:\/\/hobstop.ee\/lv\/#organization\"},\"potentialAction\":[{\"@type\":\"SearchAction\",\"target\":{\"@type\":\"EntryPoint\",\"urlTemplate\":\"https:\/\/hobstop.ee\/lv\/?s={search_term_string}\"},\"query-input\":{\"@type\":\"PropertyValueSpecification\",\"valueRequired\":true,\"valueName\":\"search_term_string\"}}],\"inLanguage\":\"lv-LV\"},{\"@type\":\"Organization\",\"@id\":\"https:\/\/hobstop.ee\/lv\/#organization\",\"name\":\"Vunder AS\",\"url\":\"https:\/\/hobstop.ee\/lv\/\",\"logo\":{\"@type\":\"ImageObject\",\"inLanguage\":\"lv-LV\",\"@id\":\"https:\/\/hobstop.ee\/lv\/#\/schema\/logo\/image\/\",\"url\":\"https:\/\/hobstop.ee\/media\/vunder-logo.png\",\"contentUrl\":\"https:\/\/hobstop.ee\/media\/vunder-logo.png\",\"width\":127,\"height\":55,\"caption\":\"Vunder AS\"},\"image\":{\"@id\":\"https:\/\/hobstop.ee\/lv\/#\/schema\/logo\/image\/\"},\"sameAs\":[\"http:\/\/www.facebook.com\/VunderSkizze\"]}]}<\/script>\n<!-- \/ Yoast SEO plugin. -->","yoast_head_json":{"title":"Akrila pap\u012bra bloks Marabu &#8211; Skizze","robots":{"index":"noindex","follow":"follow","max-snippet":"max-snippet:-1","max-image-preview":"max-image-preview:large","max-video-preview":"max-video-preview:-1"},"og_locale":"lv_LV","og_type":"article","og_title":"Akrila pap\u012bra bloks Marabu &#8211; Skizze","og_description":"Stingrs pap\u012brs ir ide\u0101li piem\u0113rots tehnik\u0101m, kas saist\u012btas ar kr\u0101sas uzkl\u0101\u0161anu biez\u0101 sl\u0101n\u012b. Pap\u012bra smalk\u0101 tekst\u016bra nodro\u0161ina, ka kr\u0101sas tiek uzkl\u0101tas vienm\u0113r\u012bgi un paliek bag\u0101t\u012bgas un stingras, pateicoties iztur\u012bbai pret gaismas ietekmi. Augstas kvalit\u0101tes gredzenveida stiprin\u0101jums nodro\u0161ina nepiecie\u0161amo telpu lapas dizaina veido\u0161anai, k\u0101 ar\u012b ar elast\u012bbu attiec\u012bb\u0101 uz izv\u0113l\u0113tajiem materi\u0101liem un att\u0113liem. Darbam ar akvare\u013ckr\u0101s\u0101m, akrila kr\u0101s\u0101m, kol\u0101\u017eu un ski\u010du veido\u0161anai un jauk\u0161anas tehnikai.","og_url":"https:\/\/hobstop.ee\/lv\/produkts\/akrila-papira-bloks-marabu\/","og_site_name":"Skizze","article_publisher":"http:\/\/www.facebook.com\/VunderSkizze","og_image":[{"width":1024,"height":768,"url":"https:\/\/hobstop.ee\/media\/4553.jpg","type":"image\/jpeg"}],"twitter_card":"summary_large_image","twitter_misc":{"Est. reading time":"1 min\u016b\u0161u"},"schema":{"@context":"https:\/\/schema.org","@graph":[{"@type":"WebPage","@id":"https:\/\/hobstop.ee\/lv\/produkts\/akrila-papira-bloks-marabu\/","url":"https:\/\/hobstop.ee\/lv\/produkts\/akrila-papira-bloks-marabu\/","name":"Akrila pap\u012bra bloks Marabu &#8211; Skizze","isPartOf":{"@id":"https:\/\/hobstop.ee\/lv\/#website"},"primaryImageOfPage":{"@id":"https:\/\/hobstop.ee\/lv\/produkts\/akrila-papira-bloks-marabu\/#primaryimage"},"image":{"@id":"https:\/\/hobstop.ee\/lv\/produkts\/akrila-papira-bloks-marabu\/#primaryimage"},"thumbnailUrl":"https:\/\/hobstop.ee\/media\/4553.jpg","datePublished":"2017-05-30T07:34:59+00:00","dateModified":"2017-05-30T07:34:59+00:00","breadcrumb":{"@id":"https:\/\/hobstop.ee\/lv\/produkts\/akrila-papira-bloks-marabu\/#breadcrumb"},"inLanguage":"lv-LV","potentialAction":[{"@type":"ReadAction","target":["https:\/\/hobstop.ee\/lv\/produkts\/akrila-papira-bloks-marabu\/"]}]},{"@type":"ImageObject","inLanguage":"lv-LV","@id":"https:\/\/hobstop.ee\/lv\/produkts\/akrila-papira-bloks-marabu\/#primaryimage","url":"https:\/\/hobstop.ee\/media\/4553.jpg","contentUrl":"https:\/\/hobstop.ee\/media\/4553.jpg","width":1024,"height":768},{"@type":"BreadcrumbList","@id":"https:\/\/hobstop.ee\/lv\/produkts\/akrila-papira-bloks-marabu\/#breadcrumb","itemListElement":[{"@type":"ListItem","position":1,"name":"Avaleht","item":"https:\/\/hobstop.ee\/lv\/"},{"@type":"ListItem","position":2,"name":"Veikals","item":"https:\/\/hobstop.ee\/lv\/veikals\/"},{"@type":"ListItem","position":3,"name":"Akrila pap\u012bra bloks Marabu"}]},{"@type":"WebSite","@id":"https:\/\/hobstop.ee\/lv\/#website","url":"https:\/\/hobstop.ee\/lv\/","name":"Skizze","description":"M\u0101kslas, hobiju un skolas preces","publisher":{"@id":"https:\/\/hobstop.ee\/lv\/#organization"},"potentialAction":[{"@type":"SearchAction","target":{"@type":"EntryPoint","urlTemplate":"https:\/\/hobstop.ee\/lv\/?s={search_term_string}"},"query-input":{"@type":"PropertyValueSpecification","valueRequired":true,"valueName":"search_term_string"}}],"inLanguage":"lv-LV"},{"@type":"Organization","@id":"https:\/\/hobstop.ee\/lv\/#organization","name":"Vunder AS","url":"https:\/\/hobstop.ee\/lv\/","logo":{"@type":"ImageObject","inLanguage":"lv-LV","@id":"https:\/\/hobstop.ee\/lv\/#\/schema\/logo\/image\/","url":"https:\/\/hobstop.ee\/media\/vunder-logo.png","contentUrl":"https:\/\/hobstop.ee\/media\/vunder-logo.png","width":127,"height":55,"caption":"Vunder AS"},"image":{"@id":"https:\/\/hobstop.ee\/lv\/#\/schema\/logo\/image\/"},"sameAs":["http:\/\/www.facebook.com\/VunderSkizze"]}]}},"_links":{"self":[{"href":"https:\/\/hobstop.ee\/lv\/wp-json\/wp\/v2\/product\/288820","targetHints":{"allow":["GET"]}}],"collection":[{"href":"https:\/\/hobstop.ee\/lv\/wp-json\/wp\/v2\/product"}],"about":[{"href":"https:\/\/hobstop.ee\/lv\/wp-json\/wp\/v2\/types\/product"}],"replies":[{"embeddable":true,"href":"https:\/\/hobstop.ee\/lv\/wp-json\/wp\/v2\/comments?post=288820"}],"wp:featuredmedia":[{"embeddable":true,"href":"https:\/\/hobstop.ee\/lv\/wp-json\/wp\/v2\/media\/289412"}],"wp:attachment":[{"href":"https:\/\/hobstop.ee\/lv\/wp-json\/wp\/v2\/media?parent=288820"}],"wp:term":[{"taxonomy":"product_cat","embeddable":true,"href":"https:\/\/hobstop.ee\/lv\/wp-json\/wp\/v2\/product_cat?post=288820"},{"taxonomy":"product_tag","embeddable":true,"href":"https:\/\/hobstop.ee\/lv\/wp-json\/wp\/v2\/product_tag?post=288820"}],"curies":[{"name":"wp","href":"https:\/\/api.w.org\/{rel}","templated":true}]}}