{"id":288844,"date":"2017-05-30T10:35:05","date_gmt":"2017-05-30T07:35:05","guid":{"rendered":"https:\/\/sharks.ee\/vunder_2019\/lv\/product\/krasa-aerosola-marabu-a-system-400ml\/"},"modified":"2017-05-30T10:35:05","modified_gmt":"2017-05-30T07:35:05","slug":"krasa-aerosola-marabu-a-system-400ml","status":"publish","type":"product","link":"https:\/\/hobstop.ee\/lv\/produkts\/krasa-aerosola-marabu-a-system-400ml\/","title":{"rendered":"Kr\u0101sa aerosol\u0101 Marabu a-system 400ml"},"content":{"rendered":"<p>Marabu a-system ir n\u0101kam\u0101s paaudzes premium klases izsmidzin\u0101m\u0101 kr\u0101sa. T\u0101s pamat\u0101 ir inovat\u012bv\u0101 att\u012bst\u012bba tehnolo\u0123iju jom\u0101: jaun\u0101 Aqua formula un bund\u017ea ir \u012bpa\u0161i rad\u012btas \u0161aj\u0101 tehnolo\u0123ij\u0101 izgatavotaj\u0101m kr\u0101s\u0101m, lai nodro\u0161in\u0101tu unik\u0101lu rezult\u0101tu &#8211; ar minim\u0101lu smaku, \u012bsu \u017e\u0101v\u0113\u0161anas laiku un vieglu apstr\u0101di gandr\u012bz uz vis\u0101m virsm\u0101m. Polistirola virsm\u0101m!<\/p>\n","protected":false},"excerpt":{"rendered":"<p>Marabu a-system ir n\u0101kam\u0101s paaudzes premium klases izsmidzin\u0101m\u0101 kr\u0101sa. T\u0101s pamat\u0101 ir inovat\u012bv\u0101 att\u012bst\u012bba tehnolo\u0123iju jom\u0101: jaun\u0101 Aqua formula un bund\u017ea ir \u012bpa\u0161i rad\u012btas \u0161aj\u0101 tehnolo\u0123ij\u0101 izgatavotaj\u0101m kr\u0101s\u0101m, lai nodro\u0161in\u0101tu unik\u0101lu rezult\u0101tu &#8211; ar minim\u0101lu smaku, \u012bsu \u017e\u0101v\u0113\u0161anas laiku un vieglu apstr\u0101di gandr\u012bz uz vis\u0101m virsm\u0101m. Polistirola virsm\u0101m!<\/p>\n","protected":false},"featured_media":289436,"comment_status":"closed","ping_status":"closed","template":"","meta":{"_acf_changed":false,"ep_exclude_from_search":false},"product_cat":[18196,17954,17918],"product_tag":[],"class_list":{"0":"post-288844","1":"product","2":"type-product","3":"status-publish","4":"has-post-thumbnail","6":"product_cat-aerosolkrasas","7":"product_cat-decor-krasas-un-lakas","8":"product_cat-preces-hobijiem","10":"first","11":"instock","12":"taxable","13":"shipping-taxable","14":"product-type-simple"},"acf":[],"yoast_head":"<!-- This site is optimized with the Yoast SEO plugin v24.1 - https:\/\/yoast.com\/wordpress\/plugins\/seo\/ -->\n<title>Kr\u0101sa aerosol\u0101 Marabu a-system 400ml &#8211; Skizze<\/title>\n<meta name=\"robots\" content=\"noindex, follow, max-snippet:-1, max-image-preview:large, max-video-preview:-1\" \/>\n<meta property=\"og:locale\" content=\"lv_LV\" \/>\n<meta property=\"og:type\" content=\"article\" \/>\n<meta property=\"og:title\" content=\"Kr\u0101sa aerosol\u0101 Marabu a-system 400ml &#8211; Skizze\" \/>\n<meta property=\"og:description\" content=\"Marabu a-system ir n\u0101kam\u0101s paaudzes premium klases izsmidzin\u0101m\u0101 kr\u0101sa. T\u0101s pamat\u0101 ir inovat\u012bv\u0101 att\u012bst\u012bba tehnolo\u0123iju jom\u0101: jaun\u0101 Aqua formula un bund\u017ea ir \u012bpa\u0161i rad\u012btas \u0161aj\u0101 tehnolo\u0123ij\u0101 izgatavotaj\u0101m kr\u0101s\u0101m, lai nodro\u0161in\u0101tu unik\u0101lu rezult\u0101tu &#8211; ar minim\u0101lu smaku, \u012bsu \u017e\u0101v\u0113\u0161anas laiku un vieglu apstr\u0101di gandr\u012bz uz vis\u0101m virsm\u0101m. Polistirola virsm\u0101m!\" \/>\n<meta property=\"og:url\" content=\"https:\/\/hobstop.ee\/lv\/produkts\/krasa-aerosola-marabu-a-system-400ml\/\" \/>\n<meta property=\"og:site_name\" content=\"Skizze\" \/>\n<meta property=\"article:publisher\" content=\"http:\/\/www.facebook.com\/VunderSkizze\" \/>\n<meta property=\"og:image\" content=\"https:\/\/hobstop.ee\/media\/4562.jpg\" \/>\n\t<meta property=\"og:image:width\" content=\"1024\" \/>\n\t<meta property=\"og:image:height\" content=\"768\" \/>\n\t<meta property=\"og:image:type\" content=\"image\/jpeg\" \/>\n<meta name=\"twitter:card\" content=\"summary_large_image\" \/>\n<script type=\"application\/ld+json\" class=\"yoast-schema-graph\">{\"@context\":\"https:\/\/schema.org\",\"@graph\":[{\"@type\":\"WebPage\",\"@id\":\"https:\/\/hobstop.ee\/lv\/produkts\/krasa-aerosola-marabu-a-system-400ml\/\",\"url\":\"https:\/\/hobstop.ee\/lv\/produkts\/krasa-aerosola-marabu-a-system-400ml\/\",\"name\":\"Kr\u0101sa aerosol\u0101 Marabu a-system 400ml &#8211; Skizze\",\"isPartOf\":{\"@id\":\"https:\/\/hobstop.ee\/lv\/#website\"},\"primaryImageOfPage\":{\"@id\":\"https:\/\/hobstop.ee\/lv\/produkts\/krasa-aerosola-marabu-a-system-400ml\/#primaryimage\"},\"image\":{\"@id\":\"https:\/\/hobstop.ee\/lv\/produkts\/krasa-aerosola-marabu-a-system-400ml\/#primaryimage\"},\"thumbnailUrl\":\"https:\/\/hobstop.ee\/media\/4562.jpg\",\"datePublished\":\"2017-05-30T07:35:05+00:00\",\"dateModified\":\"2017-05-30T07:35:05+00:00\",\"breadcrumb\":{\"@id\":\"https:\/\/hobstop.ee\/lv\/produkts\/krasa-aerosola-marabu-a-system-400ml\/#breadcrumb\"},\"inLanguage\":\"lv-LV\",\"potentialAction\":[{\"@type\":\"ReadAction\",\"target\":[\"https:\/\/hobstop.ee\/lv\/produkts\/krasa-aerosola-marabu-a-system-400ml\/\"]}]},{\"@type\":\"ImageObject\",\"inLanguage\":\"lv-LV\",\"@id\":\"https:\/\/hobstop.ee\/lv\/produkts\/krasa-aerosola-marabu-a-system-400ml\/#primaryimage\",\"url\":\"https:\/\/hobstop.ee\/media\/4562.jpg\",\"contentUrl\":\"https:\/\/hobstop.ee\/media\/4562.jpg\",\"width\":1024,\"height\":768},{\"@type\":\"BreadcrumbList\",\"@id\":\"https:\/\/hobstop.ee\/lv\/produkts\/krasa-aerosola-marabu-a-system-400ml\/#breadcrumb\",\"itemListElement\":[{\"@type\":\"ListItem\",\"position\":1,\"name\":\"Avaleht\",\"item\":\"https:\/\/www.hobstop.ee\/lv\/\"},{\"@type\":\"ListItem\",\"position\":2,\"name\":\"Veikals\",\"item\":\"https:\/\/www.hobstop.ee\/lv\/veikals\/\"},{\"@type\":\"ListItem\",\"position\":3,\"name\":\"Kr\u0101sa aerosol\u0101 Marabu a-system 400ml\"}]},{\"@type\":\"WebSite\",\"@id\":\"https:\/\/hobstop.ee\/lv\/#website\",\"url\":\"https:\/\/hobstop.ee\/lv\/\",\"name\":\"Skizze\",\"description\":\"M\u0101kslas, hobiju un skolas preces\",\"publisher\":{\"@id\":\"https:\/\/hobstop.ee\/lv\/#organization\"},\"potentialAction\":[{\"@type\":\"SearchAction\",\"target\":{\"@type\":\"EntryPoint\",\"urlTemplate\":\"https:\/\/hobstop.ee\/lv\/?s={search_term_string}\"},\"query-input\":{\"@type\":\"PropertyValueSpecification\",\"valueRequired\":true,\"valueName\":\"search_term_string\"}}],\"inLanguage\":\"lv-LV\"},{\"@type\":\"Organization\",\"@id\":\"https:\/\/hobstop.ee\/lv\/#organization\",\"name\":\"Vunder AS\",\"url\":\"https:\/\/hobstop.ee\/lv\/\",\"logo\":{\"@type\":\"ImageObject\",\"inLanguage\":\"lv-LV\",\"@id\":\"https:\/\/hobstop.ee\/lv\/#\/schema\/logo\/image\/\",\"url\":\"https:\/\/hobstop.ee\/media\/vunder-logo.png\",\"contentUrl\":\"https:\/\/hobstop.ee\/media\/vunder-logo.png\",\"width\":127,\"height\":55,\"caption\":\"Vunder AS\"},\"image\":{\"@id\":\"https:\/\/hobstop.ee\/lv\/#\/schema\/logo\/image\/\"},\"sameAs\":[\"http:\/\/www.facebook.com\/VunderSkizze\"]}]}<\/script>\n<!-- \/ Yoast SEO plugin. -->","yoast_head_json":{"title":"Kr\u0101sa aerosol\u0101 Marabu a-system 400ml &#8211; Skizze","robots":{"index":"noindex","follow":"follow","max-snippet":"max-snippet:-1","max-image-preview":"max-image-preview:large","max-video-preview":"max-video-preview:-1"},"og_locale":"lv_LV","og_type":"article","og_title":"Kr\u0101sa aerosol\u0101 Marabu a-system 400ml &#8211; Skizze","og_description":"Marabu a-system ir n\u0101kam\u0101s paaudzes premium klases izsmidzin\u0101m\u0101 kr\u0101sa. T\u0101s pamat\u0101 ir inovat\u012bv\u0101 att\u012bst\u012bba tehnolo\u0123iju jom\u0101: jaun\u0101 Aqua formula un bund\u017ea ir \u012bpa\u0161i rad\u012btas \u0161aj\u0101 tehnolo\u0123ij\u0101 izgatavotaj\u0101m kr\u0101s\u0101m, lai nodro\u0161in\u0101tu unik\u0101lu rezult\u0101tu &#8211; ar minim\u0101lu smaku, \u012bsu \u017e\u0101v\u0113\u0161anas laiku un vieglu apstr\u0101di gandr\u012bz uz vis\u0101m virsm\u0101m. Polistirola virsm\u0101m!","og_url":"https:\/\/hobstop.ee\/lv\/produkts\/krasa-aerosola-marabu-a-system-400ml\/","og_site_name":"Skizze","article_publisher":"http:\/\/www.facebook.com\/VunderSkizze","og_image":[{"width":1024,"height":768,"url":"https:\/\/hobstop.ee\/media\/4562.jpg","type":"image\/jpeg"}],"twitter_card":"summary_large_image","schema":{"@context":"https:\/\/schema.org","@graph":[{"@type":"WebPage","@id":"https:\/\/hobstop.ee\/lv\/produkts\/krasa-aerosola-marabu-a-system-400ml\/","url":"https:\/\/hobstop.ee\/lv\/produkts\/krasa-aerosola-marabu-a-system-400ml\/","name":"Kr\u0101sa aerosol\u0101 Marabu a-system 400ml &#8211; Skizze","isPartOf":{"@id":"https:\/\/hobstop.ee\/lv\/#website"},"primaryImageOfPage":{"@id":"https:\/\/hobstop.ee\/lv\/produkts\/krasa-aerosola-marabu-a-system-400ml\/#primaryimage"},"image":{"@id":"https:\/\/hobstop.ee\/lv\/produkts\/krasa-aerosola-marabu-a-system-400ml\/#primaryimage"},"thumbnailUrl":"https:\/\/hobstop.ee\/media\/4562.jpg","datePublished":"2017-05-30T07:35:05+00:00","dateModified":"2017-05-30T07:35:05+00:00","breadcrumb":{"@id":"https:\/\/hobstop.ee\/lv\/produkts\/krasa-aerosola-marabu-a-system-400ml\/#breadcrumb"},"inLanguage":"lv-LV","potentialAction":[{"@type":"ReadAction","target":["https:\/\/hobstop.ee\/lv\/produkts\/krasa-aerosola-marabu-a-system-400ml\/"]}]},{"@type":"ImageObject","inLanguage":"lv-LV","@id":"https:\/\/hobstop.ee\/lv\/produkts\/krasa-aerosola-marabu-a-system-400ml\/#primaryimage","url":"https:\/\/hobstop.ee\/media\/4562.jpg","contentUrl":"https:\/\/hobstop.ee\/media\/4562.jpg","width":1024,"height":768},{"@type":"BreadcrumbList","@id":"https:\/\/hobstop.ee\/lv\/produkts\/krasa-aerosola-marabu-a-system-400ml\/#breadcrumb","itemListElement":[{"@type":"ListItem","position":1,"name":"Avaleht","item":"https:\/\/www.hobstop.ee\/lv\/"},{"@type":"ListItem","position":2,"name":"Veikals","item":"https:\/\/www.hobstop.ee\/lv\/veikals\/"},{"@type":"ListItem","position":3,"name":"Kr\u0101sa aerosol\u0101 Marabu a-system 400ml"}]},{"@type":"WebSite","@id":"https:\/\/hobstop.ee\/lv\/#website","url":"https:\/\/hobstop.ee\/lv\/","name":"Skizze","description":"M\u0101kslas, hobiju un skolas preces","publisher":{"@id":"https:\/\/hobstop.ee\/lv\/#organization"},"potentialAction":[{"@type":"SearchAction","target":{"@type":"EntryPoint","urlTemplate":"https:\/\/hobstop.ee\/lv\/?s={search_term_string}"},"query-input":{"@type":"PropertyValueSpecification","valueRequired":true,"valueName":"search_term_string"}}],"inLanguage":"lv-LV"},{"@type":"Organization","@id":"https:\/\/hobstop.ee\/lv\/#organization","name":"Vunder AS","url":"https:\/\/hobstop.ee\/lv\/","logo":{"@type":"ImageObject","inLanguage":"lv-LV","@id":"https:\/\/hobstop.ee\/lv\/#\/schema\/logo\/image\/","url":"https:\/\/hobstop.ee\/media\/vunder-logo.png","contentUrl":"https:\/\/hobstop.ee\/media\/vunder-logo.png","width":127,"height":55,"caption":"Vunder AS"},"image":{"@id":"https:\/\/hobstop.ee\/lv\/#\/schema\/logo\/image\/"},"sameAs":["http:\/\/www.facebook.com\/VunderSkizze"]}]}},"_links":{"self":[{"href":"https:\/\/hobstop.ee\/lv\/wp-json\/wp\/v2\/product\/288844","targetHints":{"allow":["GET"]}}],"collection":[{"href":"https:\/\/hobstop.ee\/lv\/wp-json\/wp\/v2\/product"}],"about":[{"href":"https:\/\/hobstop.ee\/lv\/wp-json\/wp\/v2\/types\/product"}],"replies":[{"embeddable":true,"href":"https:\/\/hobstop.ee\/lv\/wp-json\/wp\/v2\/comments?post=288844"}],"wp:featuredmedia":[{"embeddable":true,"href":"https:\/\/hobstop.ee\/lv\/wp-json\/wp\/v2\/media\/289436"}],"wp:attachment":[{"href":"https:\/\/hobstop.ee\/lv\/wp-json\/wp\/v2\/media?parent=288844"}],"wp:term":[{"taxonomy":"product_cat","embeddable":true,"href":"https:\/\/hobstop.ee\/lv\/wp-json\/wp\/v2\/product_cat?post=288844"},{"taxonomy":"product_tag","embeddable":true,"href":"https:\/\/hobstop.ee\/lv\/wp-json\/wp\/v2\/product_tag?post=288844"}],"curies":[{"name":"wp","href":"https:\/\/api.w.org\/{rel}","templated":true}]}}