{"id":288856,"date":"2017-05-30T10:36:30","date_gmt":"2017-05-30T07:36:30","guid":{"rendered":"https:\/\/sharks.ee\/vunder_2019\/lv\/product\/udens-traucins-mara-by-marabu\/"},"modified":"2017-05-30T10:36:30","modified_gmt":"2017-05-30T07:36:30","slug":"udens-traucins-mara-by-marabu","status":"publish","type":"product","link":"https:\/\/hobstop.ee\/lv\/produkts\/udens-traucins-mara-by-marabu\/","title":{"rendered":"\u016adens trauci\u0146\u0161 mara by Marabu"},"content":{"rendered":"<p>Ide\u0101la ier\u012bce tu t\u012br\u012b\u0161anai. Tai ir divas kameras. Viena ir ar rievotu apak\u0161u r\u016bp\u012bgai otu. Otra ir ar rievot\u0101m mal\u0101m \u0113rtai otu uzglab\u0101\u0161anai \u016bden\u012b. Turkl\u0101t 12 otas se\u0161os da\u017e\u0101dos izm\u0113ros var dro\u0161i uzglab\u0101t ar\u012b gar malu. V\u0101ku var izmantot k\u0101 \u0113rtu kr\u0101su paleti.<\/p>\n","protected":false},"excerpt":{"rendered":"<p>Ide\u0101la ier\u012bce tu t\u012br\u012b\u0161anai. Tai ir divas kameras. Viena ir ar rievotu apak\u0161u r\u016bp\u012bgai otu. Otra ir ar rievot\u0101m mal\u0101m \u0113rtai otu uzglab\u0101\u0161anai \u016bden\u012b. Turkl\u0101t 12 otas se\u0161os da\u017e\u0101dos izm\u0113ros var dro\u0161i uzglab\u0101t ar\u012b gar malu. V\u0101ku var izmantot k\u0101 \u0113rtu kr\u0101su paleti.<\/p>\n","protected":false},"featured_media":0,"comment_status":"closed","ping_status":"closed","template":"","meta":{"_acf_changed":false,"ep_exclude_from_search":false},"product_cat":[18707,18925,17916],"product_tag":[],"class_list":{"0":"post-288856","1":"product","2":"type-product","3":"status-publish","5":"product_cat-dazadi-11","6":"product_cat-gleznosanas-piederumi","7":"product_cat-preces-skolai","9":"first","10":"outofstock","11":"taxable","12":"shipping-taxable","13":"purchasable","14":"product-type-simple"},"acf":[],"yoast_head":"<!-- This site is optimized with the Yoast SEO plugin v24.1 - https:\/\/yoast.com\/wordpress\/plugins\/seo\/ -->\n<title>\u016adens trauci\u0146\u0161 mara by Marabu &#8211; Skizze<\/title>\n<meta name=\"robots\" content=\"noindex, follow, max-snippet:-1, max-image-preview:large, max-video-preview:-1\" \/>\n<meta property=\"og:locale\" content=\"lv_LV\" \/>\n<meta property=\"og:type\" content=\"article\" \/>\n<meta property=\"og:title\" content=\"\u016adens trauci\u0146\u0161 mara by Marabu &#8211; Skizze\" \/>\n<meta property=\"og:description\" content=\"Ide\u0101la ier\u012bce tu t\u012br\u012b\u0161anai. Tai ir divas kameras. Viena ir ar rievotu apak\u0161u r\u016bp\u012bgai otu. Otra ir ar rievot\u0101m mal\u0101m \u0113rtai otu uzglab\u0101\u0161anai \u016bden\u012b. Turkl\u0101t 12 otas se\u0161os da\u017e\u0101dos izm\u0113ros var dro\u0161i uzglab\u0101t ar\u012b gar malu. V\u0101ku var izmantot k\u0101 \u0113rtu kr\u0101su paleti.\" \/>\n<meta property=\"og:url\" content=\"https:\/\/hobstop.ee\/lv\/produkts\/udens-traucins-mara-by-marabu\/\" \/>\n<meta property=\"og:site_name\" content=\"Skizze\" \/>\n<meta property=\"article:publisher\" content=\"http:\/\/www.facebook.com\/VunderSkizze\" \/>\n<meta name=\"twitter:card\" content=\"summary_large_image\" \/>\n<script type=\"application\/ld+json\" class=\"yoast-schema-graph\">{\"@context\":\"https:\/\/schema.org\",\"@graph\":[{\"@type\":\"WebPage\",\"@id\":\"https:\/\/hobstop.ee\/lv\/produkts\/udens-traucins-mara-by-marabu\/\",\"url\":\"https:\/\/hobstop.ee\/lv\/produkts\/udens-traucins-mara-by-marabu\/\",\"name\":\"\u016adens trauci\u0146\u0161 mara by Marabu &#8211; Skizze\",\"isPartOf\":{\"@id\":\"https:\/\/hobstop.ee\/lv\/#website\"},\"datePublished\":\"2017-05-30T07:36:30+00:00\",\"dateModified\":\"2017-05-30T07:36:30+00:00\",\"breadcrumb\":{\"@id\":\"https:\/\/hobstop.ee\/lv\/produkts\/udens-traucins-mara-by-marabu\/#breadcrumb\"},\"inLanguage\":\"lv-LV\",\"potentialAction\":[{\"@type\":\"ReadAction\",\"target\":[\"https:\/\/hobstop.ee\/lv\/produkts\/udens-traucins-mara-by-marabu\/\"]}]},{\"@type\":\"BreadcrumbList\",\"@id\":\"https:\/\/hobstop.ee\/lv\/produkts\/udens-traucins-mara-by-marabu\/#breadcrumb\",\"itemListElement\":[{\"@type\":\"ListItem\",\"position\":1,\"name\":\"Avaleht\",\"item\":\"https:\/\/hobstop.ee\/lv\/\"},{\"@type\":\"ListItem\",\"position\":2,\"name\":\"Veikals\",\"item\":\"https:\/\/hobstop.ee\/lv\/veikals\/\"},{\"@type\":\"ListItem\",\"position\":3,\"name\":\"\u016adens trauci\u0146\u0161 mara by Marabu\"}]},{\"@type\":\"WebSite\",\"@id\":\"https:\/\/hobstop.ee\/lv\/#website\",\"url\":\"https:\/\/hobstop.ee\/lv\/\",\"name\":\"Skizze\",\"description\":\"M\u0101kslas, hobiju un skolas preces\",\"publisher\":{\"@id\":\"https:\/\/hobstop.ee\/lv\/#organization\"},\"potentialAction\":[{\"@type\":\"SearchAction\",\"target\":{\"@type\":\"EntryPoint\",\"urlTemplate\":\"https:\/\/hobstop.ee\/lv\/?s={search_term_string}\"},\"query-input\":{\"@type\":\"PropertyValueSpecification\",\"valueRequired\":true,\"valueName\":\"search_term_string\"}}],\"inLanguage\":\"lv-LV\"},{\"@type\":\"Organization\",\"@id\":\"https:\/\/hobstop.ee\/lv\/#organization\",\"name\":\"Vunder AS\",\"url\":\"https:\/\/hobstop.ee\/lv\/\",\"logo\":{\"@type\":\"ImageObject\",\"inLanguage\":\"lv-LV\",\"@id\":\"https:\/\/hobstop.ee\/lv\/#\/schema\/logo\/image\/\",\"url\":\"https:\/\/hobstop.ee\/media\/vunder-logo.png\",\"contentUrl\":\"https:\/\/hobstop.ee\/media\/vunder-logo.png\",\"width\":127,\"height\":55,\"caption\":\"Vunder AS\"},\"image\":{\"@id\":\"https:\/\/hobstop.ee\/lv\/#\/schema\/logo\/image\/\"},\"sameAs\":[\"http:\/\/www.facebook.com\/VunderSkizze\"]}]}<\/script>\n<!-- \/ Yoast SEO plugin. -->","yoast_head_json":{"title":"\u016adens trauci\u0146\u0161 mara by Marabu &#8211; Skizze","robots":{"index":"noindex","follow":"follow","max-snippet":"max-snippet:-1","max-image-preview":"max-image-preview:large","max-video-preview":"max-video-preview:-1"},"og_locale":"lv_LV","og_type":"article","og_title":"\u016adens trauci\u0146\u0161 mara by Marabu &#8211; Skizze","og_description":"Ide\u0101la ier\u012bce tu t\u012br\u012b\u0161anai. Tai ir divas kameras. Viena ir ar rievotu apak\u0161u r\u016bp\u012bgai otu. Otra ir ar rievot\u0101m mal\u0101m \u0113rtai otu uzglab\u0101\u0161anai \u016bden\u012b. Turkl\u0101t 12 otas se\u0161os da\u017e\u0101dos izm\u0113ros var dro\u0161i uzglab\u0101t ar\u012b gar malu. V\u0101ku var izmantot k\u0101 \u0113rtu kr\u0101su paleti.","og_url":"https:\/\/hobstop.ee\/lv\/produkts\/udens-traucins-mara-by-marabu\/","og_site_name":"Skizze","article_publisher":"http:\/\/www.facebook.com\/VunderSkizze","twitter_card":"summary_large_image","schema":{"@context":"https:\/\/schema.org","@graph":[{"@type":"WebPage","@id":"https:\/\/hobstop.ee\/lv\/produkts\/udens-traucins-mara-by-marabu\/","url":"https:\/\/hobstop.ee\/lv\/produkts\/udens-traucins-mara-by-marabu\/","name":"\u016adens trauci\u0146\u0161 mara by Marabu &#8211; Skizze","isPartOf":{"@id":"https:\/\/hobstop.ee\/lv\/#website"},"datePublished":"2017-05-30T07:36:30+00:00","dateModified":"2017-05-30T07:36:30+00:00","breadcrumb":{"@id":"https:\/\/hobstop.ee\/lv\/produkts\/udens-traucins-mara-by-marabu\/#breadcrumb"},"inLanguage":"lv-LV","potentialAction":[{"@type":"ReadAction","target":["https:\/\/hobstop.ee\/lv\/produkts\/udens-traucins-mara-by-marabu\/"]}]},{"@type":"BreadcrumbList","@id":"https:\/\/hobstop.ee\/lv\/produkts\/udens-traucins-mara-by-marabu\/#breadcrumb","itemListElement":[{"@type":"ListItem","position":1,"name":"Avaleht","item":"https:\/\/hobstop.ee\/lv\/"},{"@type":"ListItem","position":2,"name":"Veikals","item":"https:\/\/hobstop.ee\/lv\/veikals\/"},{"@type":"ListItem","position":3,"name":"\u016adens trauci\u0146\u0161 mara by Marabu"}]},{"@type":"WebSite","@id":"https:\/\/hobstop.ee\/lv\/#website","url":"https:\/\/hobstop.ee\/lv\/","name":"Skizze","description":"M\u0101kslas, hobiju un skolas preces","publisher":{"@id":"https:\/\/hobstop.ee\/lv\/#organization"},"potentialAction":[{"@type":"SearchAction","target":{"@type":"EntryPoint","urlTemplate":"https:\/\/hobstop.ee\/lv\/?s={search_term_string}"},"query-input":{"@type":"PropertyValueSpecification","valueRequired":true,"valueName":"search_term_string"}}],"inLanguage":"lv-LV"},{"@type":"Organization","@id":"https:\/\/hobstop.ee\/lv\/#organization","name":"Vunder AS","url":"https:\/\/hobstop.ee\/lv\/","logo":{"@type":"ImageObject","inLanguage":"lv-LV","@id":"https:\/\/hobstop.ee\/lv\/#\/schema\/logo\/image\/","url":"https:\/\/hobstop.ee\/media\/vunder-logo.png","contentUrl":"https:\/\/hobstop.ee\/media\/vunder-logo.png","width":127,"height":55,"caption":"Vunder AS"},"image":{"@id":"https:\/\/hobstop.ee\/lv\/#\/schema\/logo\/image\/"},"sameAs":["http:\/\/www.facebook.com\/VunderSkizze"]}]}},"_links":{"self":[{"href":"https:\/\/hobstop.ee\/lv\/wp-json\/wp\/v2\/product\/288856","targetHints":{"allow":["GET"]}}],"collection":[{"href":"https:\/\/hobstop.ee\/lv\/wp-json\/wp\/v2\/product"}],"about":[{"href":"https:\/\/hobstop.ee\/lv\/wp-json\/wp\/v2\/types\/product"}],"replies":[{"embeddable":true,"href":"https:\/\/hobstop.ee\/lv\/wp-json\/wp\/v2\/comments?post=288856"}],"wp:attachment":[{"href":"https:\/\/hobstop.ee\/lv\/wp-json\/wp\/v2\/media?parent=288856"}],"wp:term":[{"taxonomy":"product_cat","embeddable":true,"href":"https:\/\/hobstop.ee\/lv\/wp-json\/wp\/v2\/product_cat?post=288856"},{"taxonomy":"product_tag","embeddable":true,"href":"https:\/\/hobstop.ee\/lv\/wp-json\/wp\/v2\/product_tag?post=288856"}],"curies":[{"name":"wp","href":"https:\/\/api.w.org\/{rel}","templated":true}]}}