{"id":290520,"date":"2017-06-12T09:37:42","date_gmt":"2017-06-12T06:37:42","guid":{"rendered":"https:\/\/sharks.ee\/vunder_2019\/lv\/product\/zimulu-asinamais-maped-i-gloo-eject\/"},"modified":"2017-06-12T09:37:42","modified_gmt":"2017-06-12T06:37:42","slug":"zimulu-asinamais-maped-i-gloo-eject","status":"publish","type":"product","link":"https:\/\/hobstop.ee\/lv\/produkts\/zimulu-asinamais-maped-i-gloo-eject\/","title":{"rendered":"Z\u012bmu\u013cu asin\u0101mais Maped I-gloo Eject"},"content":{"rendered":"<p>Asin\u0101t\u0101js I-Gloo ar izstum\u0161anas funkciju! No\u0146em nolauzto galu t\u0101, ka asin\u0101t\u0101js nekad nenosprostojas \u2013 piespie\u017eot tikai vienu pogu. Pateicoties ergonomiskajai formai, to var \u0113rti tur\u0113t rok\u0101. Kompaktais izm\u0113rs \u013cauj \u0113rti glab\u0101t to pen\u0101l\u012b.<\/p>\n","protected":false},"excerpt":{"rendered":"<p>Asin\u0101t\u0101js I-Gloo ar izstum\u0161anas funkciju! No\u0146em nolauzto galu t\u0101, ka asin\u0101t\u0101js nekad nenosprostojas \u2013 piespie\u017eot tikai vienu pogu. Pateicoties ergonomiskajai formai, to var \u0113rti tur\u0113t rok\u0101. Kompaktais izm\u0113rs \u013cauj \u0113rti glab\u0101t to pen\u0101l\u012b.<\/p>\n","protected":false},"featured_media":354467,"comment_status":"closed","ping_status":"closed","template":"","meta":{"_acf_changed":false,"ep_exclude_from_search":false},"product_cat":[17916,18633,18136],"product_tag":[],"class_list":{"0":"post-290520","1":"product","2":"type-product","3":"status-publish","4":"has-post-thumbnail","6":"product_cat-preces-skolai","7":"product_cat-zimesanas-piederumi-2","8":"product_cat-zimulu-asinamie","10":"first","11":"instock","12":"taxable","13":"shipping-taxable","14":"purchasable","15":"product-type-simple"},"acf":[],"yoast_head":"<!-- This site is optimized with the Yoast SEO plugin v24.1 - https:\/\/yoast.com\/wordpress\/plugins\/seo\/ -->\n<title>Z\u012bmu\u013cu asin\u0101mais Maped I-gloo Eject &#8211; Skizze<\/title>\n<meta name=\"robots\" content=\"noindex, follow, max-snippet:-1, max-image-preview:large, max-video-preview:-1\" \/>\n<meta property=\"og:locale\" content=\"lv_LV\" \/>\n<meta property=\"og:type\" content=\"article\" \/>\n<meta property=\"og:title\" content=\"Z\u012bmu\u013cu asin\u0101mais Maped I-gloo Eject &#8211; Skizze\" \/>\n<meta property=\"og:description\" content=\"Asin\u0101t\u0101js I-Gloo ar izstum\u0161anas funkciju! No\u0146em nolauzto galu t\u0101, ka asin\u0101t\u0101js nekad nenosprostojas \u2013 piespie\u017eot tikai vienu pogu. Pateicoties ergonomiskajai formai, to var \u0113rti tur\u0113t rok\u0101. Kompaktais izm\u0113rs \u013cauj \u0113rti glab\u0101t to pen\u0101l\u012b.\" \/>\n<meta property=\"og:url\" content=\"https:\/\/hobstop.ee\/lv\/produkts\/zimulu-asinamais-maped-i-gloo-eject\/\" \/>\n<meta property=\"og:site_name\" content=\"Skizze\" \/>\n<meta property=\"article:publisher\" content=\"http:\/\/www.facebook.com\/VunderSkizze\" \/>\n<meta property=\"og:image\" content=\"https:\/\/hobstop.ee\/media\/4450.jpg\" \/>\n\t<meta property=\"og:image:width\" content=\"1024\" \/>\n\t<meta property=\"og:image:height\" content=\"768\" \/>\n\t<meta property=\"og:image:type\" content=\"image\/jpeg\" \/>\n<meta name=\"twitter:card\" content=\"summary_large_image\" \/>\n<script type=\"application\/ld+json\" class=\"yoast-schema-graph\">{\"@context\":\"https:\/\/schema.org\",\"@graph\":[{\"@type\":\"WebPage\",\"@id\":\"https:\/\/hobstop.ee\/lv\/produkts\/zimulu-asinamais-maped-i-gloo-eject\/\",\"url\":\"https:\/\/hobstop.ee\/lv\/produkts\/zimulu-asinamais-maped-i-gloo-eject\/\",\"name\":\"Z\u012bmu\u013cu asin\u0101mais Maped I-gloo Eject &#8211; Skizze\",\"isPartOf\":{\"@id\":\"https:\/\/hobstop.ee\/lv\/#website\"},\"primaryImageOfPage\":{\"@id\":\"https:\/\/hobstop.ee\/lv\/produkts\/zimulu-asinamais-maped-i-gloo-eject\/#primaryimage\"},\"image\":{\"@id\":\"https:\/\/hobstop.ee\/lv\/produkts\/zimulu-asinamais-maped-i-gloo-eject\/#primaryimage\"},\"thumbnailUrl\":\"https:\/\/hobstop.ee\/media\/4450.jpg\",\"datePublished\":\"2017-06-12T06:37:42+00:00\",\"dateModified\":\"2017-06-12T06:37:42+00:00\",\"breadcrumb\":{\"@id\":\"https:\/\/hobstop.ee\/lv\/produkts\/zimulu-asinamais-maped-i-gloo-eject\/#breadcrumb\"},\"inLanguage\":\"lv-LV\",\"potentialAction\":[{\"@type\":\"ReadAction\",\"target\":[\"https:\/\/hobstop.ee\/lv\/produkts\/zimulu-asinamais-maped-i-gloo-eject\/\"]}]},{\"@type\":\"ImageObject\",\"inLanguage\":\"lv-LV\",\"@id\":\"https:\/\/hobstop.ee\/lv\/produkts\/zimulu-asinamais-maped-i-gloo-eject\/#primaryimage\",\"url\":\"https:\/\/hobstop.ee\/media\/4450.jpg\",\"contentUrl\":\"https:\/\/hobstop.ee\/media\/4450.jpg\",\"width\":1024,\"height\":768},{\"@type\":\"BreadcrumbList\",\"@id\":\"https:\/\/hobstop.ee\/lv\/produkts\/zimulu-asinamais-maped-i-gloo-eject\/#breadcrumb\",\"itemListElement\":[{\"@type\":\"ListItem\",\"position\":1,\"name\":\"Avaleht\",\"item\":\"https:\/\/www.hobstop.ee\/lv\/\"},{\"@type\":\"ListItem\",\"position\":2,\"name\":\"Veikals\",\"item\":\"https:\/\/www.hobstop.ee\/lv\/veikals\/\"},{\"@type\":\"ListItem\",\"position\":3,\"name\":\"Z\u012bmu\u013cu asin\u0101mais Maped I-gloo Eject\"}]},{\"@type\":\"WebSite\",\"@id\":\"https:\/\/hobstop.ee\/lv\/#website\",\"url\":\"https:\/\/hobstop.ee\/lv\/\",\"name\":\"Skizze\",\"description\":\"M\u0101kslas, hobiju un skolas preces\",\"publisher\":{\"@id\":\"https:\/\/hobstop.ee\/lv\/#organization\"},\"potentialAction\":[{\"@type\":\"SearchAction\",\"target\":{\"@type\":\"EntryPoint\",\"urlTemplate\":\"https:\/\/hobstop.ee\/lv\/?s={search_term_string}\"},\"query-input\":{\"@type\":\"PropertyValueSpecification\",\"valueRequired\":true,\"valueName\":\"search_term_string\"}}],\"inLanguage\":\"lv-LV\"},{\"@type\":\"Organization\",\"@id\":\"https:\/\/hobstop.ee\/lv\/#organization\",\"name\":\"Vunder AS\",\"url\":\"https:\/\/hobstop.ee\/lv\/\",\"logo\":{\"@type\":\"ImageObject\",\"inLanguage\":\"lv-LV\",\"@id\":\"https:\/\/hobstop.ee\/lv\/#\/schema\/logo\/image\/\",\"url\":\"https:\/\/hobstop.ee\/media\/vunder-logo.png\",\"contentUrl\":\"https:\/\/hobstop.ee\/media\/vunder-logo.png\",\"width\":127,\"height\":55,\"caption\":\"Vunder AS\"},\"image\":{\"@id\":\"https:\/\/hobstop.ee\/lv\/#\/schema\/logo\/image\/\"},\"sameAs\":[\"http:\/\/www.facebook.com\/VunderSkizze\"]}]}<\/script>\n<!-- \/ Yoast SEO plugin. -->","yoast_head_json":{"title":"Z\u012bmu\u013cu asin\u0101mais Maped I-gloo Eject &#8211; Skizze","robots":{"index":"noindex","follow":"follow","max-snippet":"max-snippet:-1","max-image-preview":"max-image-preview:large","max-video-preview":"max-video-preview:-1"},"og_locale":"lv_LV","og_type":"article","og_title":"Z\u012bmu\u013cu asin\u0101mais Maped I-gloo Eject &#8211; Skizze","og_description":"Asin\u0101t\u0101js I-Gloo ar izstum\u0161anas funkciju! No\u0146em nolauzto galu t\u0101, ka asin\u0101t\u0101js nekad nenosprostojas \u2013 piespie\u017eot tikai vienu pogu. Pateicoties ergonomiskajai formai, to var \u0113rti tur\u0113t rok\u0101. Kompaktais izm\u0113rs \u013cauj \u0113rti glab\u0101t to pen\u0101l\u012b.","og_url":"https:\/\/hobstop.ee\/lv\/produkts\/zimulu-asinamais-maped-i-gloo-eject\/","og_site_name":"Skizze","article_publisher":"http:\/\/www.facebook.com\/VunderSkizze","og_image":[{"width":1024,"height":768,"url":"https:\/\/hobstop.ee\/media\/4450.jpg","type":"image\/jpeg"}],"twitter_card":"summary_large_image","schema":{"@context":"https:\/\/schema.org","@graph":[{"@type":"WebPage","@id":"https:\/\/hobstop.ee\/lv\/produkts\/zimulu-asinamais-maped-i-gloo-eject\/","url":"https:\/\/hobstop.ee\/lv\/produkts\/zimulu-asinamais-maped-i-gloo-eject\/","name":"Z\u012bmu\u013cu asin\u0101mais Maped I-gloo Eject &#8211; Skizze","isPartOf":{"@id":"https:\/\/hobstop.ee\/lv\/#website"},"primaryImageOfPage":{"@id":"https:\/\/hobstop.ee\/lv\/produkts\/zimulu-asinamais-maped-i-gloo-eject\/#primaryimage"},"image":{"@id":"https:\/\/hobstop.ee\/lv\/produkts\/zimulu-asinamais-maped-i-gloo-eject\/#primaryimage"},"thumbnailUrl":"https:\/\/hobstop.ee\/media\/4450.jpg","datePublished":"2017-06-12T06:37:42+00:00","dateModified":"2017-06-12T06:37:42+00:00","breadcrumb":{"@id":"https:\/\/hobstop.ee\/lv\/produkts\/zimulu-asinamais-maped-i-gloo-eject\/#breadcrumb"},"inLanguage":"lv-LV","potentialAction":[{"@type":"ReadAction","target":["https:\/\/hobstop.ee\/lv\/produkts\/zimulu-asinamais-maped-i-gloo-eject\/"]}]},{"@type":"ImageObject","inLanguage":"lv-LV","@id":"https:\/\/hobstop.ee\/lv\/produkts\/zimulu-asinamais-maped-i-gloo-eject\/#primaryimage","url":"https:\/\/hobstop.ee\/media\/4450.jpg","contentUrl":"https:\/\/hobstop.ee\/media\/4450.jpg","width":1024,"height":768},{"@type":"BreadcrumbList","@id":"https:\/\/hobstop.ee\/lv\/produkts\/zimulu-asinamais-maped-i-gloo-eject\/#breadcrumb","itemListElement":[{"@type":"ListItem","position":1,"name":"Avaleht","item":"https:\/\/www.hobstop.ee\/lv\/"},{"@type":"ListItem","position":2,"name":"Veikals","item":"https:\/\/www.hobstop.ee\/lv\/veikals\/"},{"@type":"ListItem","position":3,"name":"Z\u012bmu\u013cu asin\u0101mais Maped I-gloo Eject"}]},{"@type":"WebSite","@id":"https:\/\/hobstop.ee\/lv\/#website","url":"https:\/\/hobstop.ee\/lv\/","name":"Skizze","description":"M\u0101kslas, hobiju un skolas preces","publisher":{"@id":"https:\/\/hobstop.ee\/lv\/#organization"},"potentialAction":[{"@type":"SearchAction","target":{"@type":"EntryPoint","urlTemplate":"https:\/\/hobstop.ee\/lv\/?s={search_term_string}"},"query-input":{"@type":"PropertyValueSpecification","valueRequired":true,"valueName":"search_term_string"}}],"inLanguage":"lv-LV"},{"@type":"Organization","@id":"https:\/\/hobstop.ee\/lv\/#organization","name":"Vunder AS","url":"https:\/\/hobstop.ee\/lv\/","logo":{"@type":"ImageObject","inLanguage":"lv-LV","@id":"https:\/\/hobstop.ee\/lv\/#\/schema\/logo\/image\/","url":"https:\/\/hobstop.ee\/media\/vunder-logo.png","contentUrl":"https:\/\/hobstop.ee\/media\/vunder-logo.png","width":127,"height":55,"caption":"Vunder AS"},"image":{"@id":"https:\/\/hobstop.ee\/lv\/#\/schema\/logo\/image\/"},"sameAs":["http:\/\/www.facebook.com\/VunderSkizze"]}]}},"_links":{"self":[{"href":"https:\/\/hobstop.ee\/lv\/wp-json\/wp\/v2\/product\/290520","targetHints":{"allow":["GET"]}}],"collection":[{"href":"https:\/\/hobstop.ee\/lv\/wp-json\/wp\/v2\/product"}],"about":[{"href":"https:\/\/hobstop.ee\/lv\/wp-json\/wp\/v2\/types\/product"}],"replies":[{"embeddable":true,"href":"https:\/\/hobstop.ee\/lv\/wp-json\/wp\/v2\/comments?post=290520"}],"wp:featuredmedia":[{"embeddable":true,"href":"https:\/\/hobstop.ee\/lv\/wp-json\/wp\/v2\/media\/354467"}],"wp:attachment":[{"href":"https:\/\/hobstop.ee\/lv\/wp-json\/wp\/v2\/media?parent=290520"}],"wp:term":[{"taxonomy":"product_cat","embeddable":true,"href":"https:\/\/hobstop.ee\/lv\/wp-json\/wp\/v2\/product_cat?post=290520"},{"taxonomy":"product_tag","embeddable":true,"href":"https:\/\/hobstop.ee\/lv\/wp-json\/wp\/v2\/product_tag?post=290520"}],"curies":[{"name":"wp","href":"https:\/\/api.w.org\/{rel}","templated":true}]}}