{"id":290528,"date":"2017-06-12T09:37:44","date_gmt":"2017-06-12T06:37:44","guid":{"rendered":"https:\/\/sharks.ee\/vunder_2019\/lv\/product\/akvarelkrasu-kubinu-komplekts-maped-colorpeps\/"},"modified":"2017-06-12T09:37:44","modified_gmt":"2017-06-12T06:37:44","slug":"akvarelkrasu-kubinu-komplekts-maped-colorpeps","status":"publish","type":"product","link":"https:\/\/hobstop.ee\/lv\/produkts\/akvarelkrasu-kubinu-komplekts-maped-colorpeps\/","title":{"rendered":"Akvare\u013ckr\u0101su kubi\u0146u komplekts Maped Color&#8217;Peps"},"content":{"rendered":"<p>Color&#8217;Peps akvare\u013ckr\u0101sas pal\u012bdz b\u0113rnam atkl\u0101t kr\u0101sas, veicina izt\u0113li un rado\u0161umu. Praktisk\u0101 un iztur\u012bg\u0101 k\u0101rb\u0101 \u2013 viegli t\u012br\u0101ma, neizpl\u012bsto\u0161a plastmasas kaste ar no\u0146emamu v\u0101ku.<\/p>\n","protected":false},"excerpt":{"rendered":"<p>Color&#8217;Peps akvare\u013ckr\u0101sas pal\u012bdz b\u0113rnam atkl\u0101t kr\u0101sas, veicina izt\u0113li un rado\u0161umu. Praktisk\u0101 un iztur\u012bg\u0101 k\u0101rb\u0101 \u2013 viegli t\u012br\u0101ma, neizpl\u012bsto\u0161a plastmasas kaste ar no\u0146emamu v\u0101ku.<\/p>\n","protected":false},"featured_media":290664,"comment_status":"closed","ping_status":"closed","template":"","meta":{"_acf_changed":false,"ep_exclude_from_search":false},"product_cat":[18925,17916,18955],"product_tag":[],"class_list":{"0":"post-290528","1":"product","2":"type-product","3":"status-publish","4":"has-post-thumbnail","6":"product_cat-gleznosanas-piederumi","7":"product_cat-preces-skolai","8":"product_cat-udenskrasas-2","10":"first","11":"instock","12":"taxable","13":"shipping-taxable","14":"purchasable","15":"product-type-simple"},"acf":[],"yoast_head":"<!-- This site is optimized with the Yoast SEO plugin v24.1 - https:\/\/yoast.com\/wordpress\/plugins\/seo\/ -->\n<title>Akvare\u013ckr\u0101su kubi\u0146u komplekts Maped Color&#039;Peps &#8211; Skizze<\/title>\n<meta name=\"robots\" content=\"noindex, follow, max-snippet:-1, max-image-preview:large, max-video-preview:-1\" \/>\n<meta property=\"og:locale\" content=\"lv_LV\" \/>\n<meta property=\"og:type\" content=\"article\" \/>\n<meta property=\"og:title\" content=\"Akvare\u013ckr\u0101su kubi\u0146u komplekts Maped Color&#039;Peps &#8211; Skizze\" \/>\n<meta property=\"og:description\" content=\"Color&#8217;Peps akvare\u013ckr\u0101sas pal\u012bdz b\u0113rnam atkl\u0101t kr\u0101sas, veicina izt\u0113li un rado\u0161umu. Praktisk\u0101 un iztur\u012bg\u0101 k\u0101rb\u0101 \u2013 viegli t\u012br\u0101ma, neizpl\u012bsto\u0161a plastmasas kaste ar no\u0146emamu v\u0101ku.\" \/>\n<meta property=\"og:url\" content=\"https:\/\/hobstop.ee\/lv\/produkts\/akvarelkrasu-kubinu-komplekts-maped-colorpeps\/\" \/>\n<meta property=\"og:site_name\" content=\"Skizze\" \/>\n<meta property=\"article:publisher\" content=\"http:\/\/www.facebook.com\/VunderSkizze\" \/>\n<meta property=\"og:image\" content=\"https:\/\/hobstop.ee\/media\/4455.jpg\" \/>\n\t<meta property=\"og:image:width\" content=\"1024\" \/>\n\t<meta property=\"og:image:height\" content=\"768\" \/>\n\t<meta property=\"og:image:type\" content=\"image\/jpeg\" \/>\n<meta name=\"twitter:card\" content=\"summary_large_image\" \/>\n<script type=\"application\/ld+json\" class=\"yoast-schema-graph\">{\"@context\":\"https:\/\/schema.org\",\"@graph\":[{\"@type\":\"WebPage\",\"@id\":\"https:\/\/hobstop.ee\/lv\/produkts\/akvarelkrasu-kubinu-komplekts-maped-colorpeps\/\",\"url\":\"https:\/\/hobstop.ee\/lv\/produkts\/akvarelkrasu-kubinu-komplekts-maped-colorpeps\/\",\"name\":\"Akvare\u013ckr\u0101su kubi\u0146u komplekts Maped Color'Peps &#8211; Skizze\",\"isPartOf\":{\"@id\":\"https:\/\/hobstop.ee\/lv\/#website\"},\"primaryImageOfPage\":{\"@id\":\"https:\/\/hobstop.ee\/lv\/produkts\/akvarelkrasu-kubinu-komplekts-maped-colorpeps\/#primaryimage\"},\"image\":{\"@id\":\"https:\/\/hobstop.ee\/lv\/produkts\/akvarelkrasu-kubinu-komplekts-maped-colorpeps\/#primaryimage\"},\"thumbnailUrl\":\"https:\/\/hobstop.ee\/media\/4455.jpg\",\"datePublished\":\"2017-06-12T06:37:44+00:00\",\"dateModified\":\"2017-06-12T06:37:44+00:00\",\"breadcrumb\":{\"@id\":\"https:\/\/hobstop.ee\/lv\/produkts\/akvarelkrasu-kubinu-komplekts-maped-colorpeps\/#breadcrumb\"},\"inLanguage\":\"lv-LV\",\"potentialAction\":[{\"@type\":\"ReadAction\",\"target\":[\"https:\/\/hobstop.ee\/lv\/produkts\/akvarelkrasu-kubinu-komplekts-maped-colorpeps\/\"]}]},{\"@type\":\"ImageObject\",\"inLanguage\":\"lv-LV\",\"@id\":\"https:\/\/hobstop.ee\/lv\/produkts\/akvarelkrasu-kubinu-komplekts-maped-colorpeps\/#primaryimage\",\"url\":\"https:\/\/hobstop.ee\/media\/4455.jpg\",\"contentUrl\":\"https:\/\/hobstop.ee\/media\/4455.jpg\",\"width\":1024,\"height\":768},{\"@type\":\"BreadcrumbList\",\"@id\":\"https:\/\/hobstop.ee\/lv\/produkts\/akvarelkrasu-kubinu-komplekts-maped-colorpeps\/#breadcrumb\",\"itemListElement\":[{\"@type\":\"ListItem\",\"position\":1,\"name\":\"Avaleht\",\"item\":\"https:\/\/www.hobstop.ee\/lv\/\"},{\"@type\":\"ListItem\",\"position\":2,\"name\":\"Veikals\",\"item\":\"https:\/\/www.hobstop.ee\/lv\/veikals\/\"},{\"@type\":\"ListItem\",\"position\":3,\"name\":\"Akvare\u013ckr\u0101su kubi\u0146u komplekts Maped Color&#8217;Peps\"}]},{\"@type\":\"WebSite\",\"@id\":\"https:\/\/hobstop.ee\/lv\/#website\",\"url\":\"https:\/\/hobstop.ee\/lv\/\",\"name\":\"Skizze\",\"description\":\"M\u0101kslas, hobiju un skolas preces\",\"publisher\":{\"@id\":\"https:\/\/hobstop.ee\/lv\/#organization\"},\"potentialAction\":[{\"@type\":\"SearchAction\",\"target\":{\"@type\":\"EntryPoint\",\"urlTemplate\":\"https:\/\/hobstop.ee\/lv\/?s={search_term_string}\"},\"query-input\":{\"@type\":\"PropertyValueSpecification\",\"valueRequired\":true,\"valueName\":\"search_term_string\"}}],\"inLanguage\":\"lv-LV\"},{\"@type\":\"Organization\",\"@id\":\"https:\/\/hobstop.ee\/lv\/#organization\",\"name\":\"Vunder AS\",\"url\":\"https:\/\/hobstop.ee\/lv\/\",\"logo\":{\"@type\":\"ImageObject\",\"inLanguage\":\"lv-LV\",\"@id\":\"https:\/\/hobstop.ee\/lv\/#\/schema\/logo\/image\/\",\"url\":\"https:\/\/hobstop.ee\/media\/vunder-logo.png\",\"contentUrl\":\"https:\/\/hobstop.ee\/media\/vunder-logo.png\",\"width\":127,\"height\":55,\"caption\":\"Vunder AS\"},\"image\":{\"@id\":\"https:\/\/hobstop.ee\/lv\/#\/schema\/logo\/image\/\"},\"sameAs\":[\"http:\/\/www.facebook.com\/VunderSkizze\"]}]}<\/script>\n<!-- \/ Yoast SEO plugin. -->","yoast_head_json":{"title":"Akvare\u013ckr\u0101su kubi\u0146u komplekts Maped Color'Peps &#8211; Skizze","robots":{"index":"noindex","follow":"follow","max-snippet":"max-snippet:-1","max-image-preview":"max-image-preview:large","max-video-preview":"max-video-preview:-1"},"og_locale":"lv_LV","og_type":"article","og_title":"Akvare\u013ckr\u0101su kubi\u0146u komplekts Maped Color'Peps &#8211; Skizze","og_description":"Color&#8217;Peps akvare\u013ckr\u0101sas pal\u012bdz b\u0113rnam atkl\u0101t kr\u0101sas, veicina izt\u0113li un rado\u0161umu. Praktisk\u0101 un iztur\u012bg\u0101 k\u0101rb\u0101 \u2013 viegli t\u012br\u0101ma, neizpl\u012bsto\u0161a plastmasas kaste ar no\u0146emamu v\u0101ku.","og_url":"https:\/\/hobstop.ee\/lv\/produkts\/akvarelkrasu-kubinu-komplekts-maped-colorpeps\/","og_site_name":"Skizze","article_publisher":"http:\/\/www.facebook.com\/VunderSkizze","og_image":[{"width":1024,"height":768,"url":"https:\/\/hobstop.ee\/media\/4455.jpg","type":"image\/jpeg"}],"twitter_card":"summary_large_image","schema":{"@context":"https:\/\/schema.org","@graph":[{"@type":"WebPage","@id":"https:\/\/hobstop.ee\/lv\/produkts\/akvarelkrasu-kubinu-komplekts-maped-colorpeps\/","url":"https:\/\/hobstop.ee\/lv\/produkts\/akvarelkrasu-kubinu-komplekts-maped-colorpeps\/","name":"Akvare\u013ckr\u0101su kubi\u0146u komplekts Maped Color'Peps &#8211; Skizze","isPartOf":{"@id":"https:\/\/hobstop.ee\/lv\/#website"},"primaryImageOfPage":{"@id":"https:\/\/hobstop.ee\/lv\/produkts\/akvarelkrasu-kubinu-komplekts-maped-colorpeps\/#primaryimage"},"image":{"@id":"https:\/\/hobstop.ee\/lv\/produkts\/akvarelkrasu-kubinu-komplekts-maped-colorpeps\/#primaryimage"},"thumbnailUrl":"https:\/\/hobstop.ee\/media\/4455.jpg","datePublished":"2017-06-12T06:37:44+00:00","dateModified":"2017-06-12T06:37:44+00:00","breadcrumb":{"@id":"https:\/\/hobstop.ee\/lv\/produkts\/akvarelkrasu-kubinu-komplekts-maped-colorpeps\/#breadcrumb"},"inLanguage":"lv-LV","potentialAction":[{"@type":"ReadAction","target":["https:\/\/hobstop.ee\/lv\/produkts\/akvarelkrasu-kubinu-komplekts-maped-colorpeps\/"]}]},{"@type":"ImageObject","inLanguage":"lv-LV","@id":"https:\/\/hobstop.ee\/lv\/produkts\/akvarelkrasu-kubinu-komplekts-maped-colorpeps\/#primaryimage","url":"https:\/\/hobstop.ee\/media\/4455.jpg","contentUrl":"https:\/\/hobstop.ee\/media\/4455.jpg","width":1024,"height":768},{"@type":"BreadcrumbList","@id":"https:\/\/hobstop.ee\/lv\/produkts\/akvarelkrasu-kubinu-komplekts-maped-colorpeps\/#breadcrumb","itemListElement":[{"@type":"ListItem","position":1,"name":"Avaleht","item":"https:\/\/www.hobstop.ee\/lv\/"},{"@type":"ListItem","position":2,"name":"Veikals","item":"https:\/\/www.hobstop.ee\/lv\/veikals\/"},{"@type":"ListItem","position":3,"name":"Akvare\u013ckr\u0101su kubi\u0146u komplekts Maped Color&#8217;Peps"}]},{"@type":"WebSite","@id":"https:\/\/hobstop.ee\/lv\/#website","url":"https:\/\/hobstop.ee\/lv\/","name":"Skizze","description":"M\u0101kslas, hobiju un skolas preces","publisher":{"@id":"https:\/\/hobstop.ee\/lv\/#organization"},"potentialAction":[{"@type":"SearchAction","target":{"@type":"EntryPoint","urlTemplate":"https:\/\/hobstop.ee\/lv\/?s={search_term_string}"},"query-input":{"@type":"PropertyValueSpecification","valueRequired":true,"valueName":"search_term_string"}}],"inLanguage":"lv-LV"},{"@type":"Organization","@id":"https:\/\/hobstop.ee\/lv\/#organization","name":"Vunder AS","url":"https:\/\/hobstop.ee\/lv\/","logo":{"@type":"ImageObject","inLanguage":"lv-LV","@id":"https:\/\/hobstop.ee\/lv\/#\/schema\/logo\/image\/","url":"https:\/\/hobstop.ee\/media\/vunder-logo.png","contentUrl":"https:\/\/hobstop.ee\/media\/vunder-logo.png","width":127,"height":55,"caption":"Vunder AS"},"image":{"@id":"https:\/\/hobstop.ee\/lv\/#\/schema\/logo\/image\/"},"sameAs":["http:\/\/www.facebook.com\/VunderSkizze"]}]}},"_links":{"self":[{"href":"https:\/\/hobstop.ee\/lv\/wp-json\/wp\/v2\/product\/290528","targetHints":{"allow":["GET"]}}],"collection":[{"href":"https:\/\/hobstop.ee\/lv\/wp-json\/wp\/v2\/product"}],"about":[{"href":"https:\/\/hobstop.ee\/lv\/wp-json\/wp\/v2\/types\/product"}],"replies":[{"embeddable":true,"href":"https:\/\/hobstop.ee\/lv\/wp-json\/wp\/v2\/comments?post=290528"}],"wp:featuredmedia":[{"embeddable":true,"href":"https:\/\/hobstop.ee\/lv\/wp-json\/wp\/v2\/media\/290664"}],"wp:attachment":[{"href":"https:\/\/hobstop.ee\/lv\/wp-json\/wp\/v2\/media?parent=290528"}],"wp:term":[{"taxonomy":"product_cat","embeddable":true,"href":"https:\/\/hobstop.ee\/lv\/wp-json\/wp\/v2\/product_cat?post=290528"},{"taxonomy":"product_tag","embeddable":true,"href":"https:\/\/hobstop.ee\/lv\/wp-json\/wp\/v2\/product_tag?post=290528"}],"curies":[{"name":"wp","href":"https:\/\/api.w.org\/{rel}","templated":true}]}}