{"id":290540,"date":"2017-06-12T09:37:47","date_gmt":"2017-06-12T06:37:47","guid":{"rendered":"https:\/\/sharks.ee\/vunder_2019\/lv\/product\/zimesanas-komplekts-maped-colorpeps-my-first\/"},"modified":"2017-06-12T09:37:47","modified_gmt":"2017-06-12T06:37:47","slug":"zimesanas-komplekts-maped-colorpeps-early-age","status":"publish","type":"product","link":"https:\/\/hobstop.ee\/lv\/produkts\/zimesanas-komplekts-maped-colorpeps-early-age\/","title":{"rendered":"Z\u012bm\u0113\u0161anas komplekts Maped Color&#8217;Peps Early Age"},"content":{"rendered":"<p>My first Color&#8217;Peps \u2013 b\u0113rniem no 1 gadu vecuma. \u0160is komplekts ir ide\u0101ls z\u012bm\u0113\u0161anai un kr\u0101so\u0161anai. Tas ir piln\u012bgi dro\u0161s. Kr\u0101so\u0161anas materi\u0101li ir iesai\u0146oti jauk\u0101, neliel\u0101 kofer\u012b, kas ir viegli atverams un aizverams \u2013 \u012bpa\u0161i \u0113rti maz\u0101m roci\u0146\u0101m. Pateicoties rokturim, to var viegli \u0146emt l\u012bdzi.<\/p>\n<p>Komplekt\u0101 ietilpst:<br \/>\n10 Jumbo flomasteri<br \/>\n12 jumbo vaska kr\u012bti\u0146i<br \/>\nLiela izm\u0113ra plak\u0101ts (51x33cm)<br \/>\nPlastmasas koferis<\/p>\n","protected":false},"excerpt":{"rendered":"<p>My first Color&#8217;Peps \u2013 b\u0113rniem no 1 gadu vecuma. \u0160is komplekts ir ide\u0101ls z\u012bm\u0113\u0161anai un kr\u0101so\u0161anai. Tas ir piln\u012bgi dro\u0161s. Kr\u0101so\u0161anas materi\u0101li ir iesai\u0146oti jauk\u0101, neliel\u0101 kofer\u012b, kas ir viegli atverams un aizverams \u2013 \u012bpa\u0161i \u0113rti maz\u0101m roci\u0146\u0101m. Pateicoties rokturim, to var viegli \u0146emt l\u012bdzi. Komplekt\u0101 ietilpst: 10 Jumbo flomasteri 12 jumbo vaska kr\u012bti\u0146i Liela izm\u0113ra plak\u0101ts (51x33cm) Plastmasas koferis<\/p>\n","protected":false},"featured_media":290676,"comment_status":"closed","ping_status":"closed","template":"","meta":{"_acf_changed":false,"ep_exclude_from_search":false},"product_cat":[19835,20389,20395],"product_tag":[],"class_list":{"0":"post-290540","1":"product","2":"type-product","3":"status-publish","4":"has-post-thumbnail","6":"product_cat-bernu-brivais-laiks","7":"product_cat-makslas-piederumi-3","8":"product_cat-zimesana","10":"first","11":"instock","12":"taxable","13":"shipping-taxable","14":"purchasable","15":"product-type-simple"},"acf":[],"yoast_head":"<!-- This site is optimized with the Yoast SEO plugin v24.1 - https:\/\/yoast.com\/wordpress\/plugins\/seo\/ -->\n<title>Z\u012bm\u0113\u0161anas komplekts Maped Color&#039;Peps Early Age &#8211; Skizze<\/title>\n<meta name=\"robots\" content=\"noindex, follow, max-snippet:-1, max-image-preview:large, max-video-preview:-1\" \/>\n<meta property=\"og:locale\" content=\"lv_LV\" \/>\n<meta property=\"og:type\" content=\"article\" \/>\n<meta property=\"og:title\" content=\"Z\u012bm\u0113\u0161anas komplekts Maped Color&#039;Peps Early Age &#8211; Skizze\" \/>\n<meta property=\"og:description\" content=\"My first Color&#8217;Peps \u2013 b\u0113rniem no 1 gadu vecuma. \u0160is komplekts ir ide\u0101ls z\u012bm\u0113\u0161anai un kr\u0101so\u0161anai. Tas ir piln\u012bgi dro\u0161s. Kr\u0101so\u0161anas materi\u0101li ir iesai\u0146oti jauk\u0101, neliel\u0101 kofer\u012b, kas ir viegli atverams un aizverams \u2013 \u012bpa\u0161i \u0113rti maz\u0101m roci\u0146\u0101m. Pateicoties rokturim, to var viegli \u0146emt l\u012bdzi. Komplekt\u0101 ietilpst: 10 Jumbo flomasteri 12 jumbo vaska kr\u012bti\u0146i Liela izm\u0113ra plak\u0101ts (51x33cm) Plastmasas koferis\" \/>\n<meta property=\"og:url\" content=\"https:\/\/hobstop.ee\/lv\/produkts\/zimesanas-komplekts-maped-colorpeps-early-age\/\" \/>\n<meta property=\"og:site_name\" content=\"Skizze\" \/>\n<meta property=\"article:publisher\" content=\"http:\/\/www.facebook.com\/VunderSkizze\" \/>\n<meta property=\"og:image\" content=\"https:\/\/hobstop.ee\/media\/4572.jpg\" \/>\n\t<meta property=\"og:image:width\" content=\"1024\" \/>\n\t<meta property=\"og:image:height\" content=\"768\" \/>\n\t<meta property=\"og:image:type\" content=\"image\/jpeg\" \/>\n<meta name=\"twitter:card\" content=\"summary_large_image\" \/>\n<script type=\"application\/ld+json\" class=\"yoast-schema-graph\">{\"@context\":\"https:\/\/schema.org\",\"@graph\":[{\"@type\":\"WebPage\",\"@id\":\"https:\/\/hobstop.ee\/lv\/produkts\/zimesanas-komplekts-maped-colorpeps-early-age\/\",\"url\":\"https:\/\/hobstop.ee\/lv\/produkts\/zimesanas-komplekts-maped-colorpeps-early-age\/\",\"name\":\"Z\u012bm\u0113\u0161anas komplekts Maped Color'Peps Early Age &#8211; Skizze\",\"isPartOf\":{\"@id\":\"https:\/\/hobstop.ee\/lv\/#website\"},\"primaryImageOfPage\":{\"@id\":\"https:\/\/hobstop.ee\/lv\/produkts\/zimesanas-komplekts-maped-colorpeps-early-age\/#primaryimage\"},\"image\":{\"@id\":\"https:\/\/hobstop.ee\/lv\/produkts\/zimesanas-komplekts-maped-colorpeps-early-age\/#primaryimage\"},\"thumbnailUrl\":\"https:\/\/hobstop.ee\/media\/4572.jpg\",\"datePublished\":\"2017-06-12T06:37:47+00:00\",\"dateModified\":\"2017-06-12T06:37:47+00:00\",\"breadcrumb\":{\"@id\":\"https:\/\/hobstop.ee\/lv\/produkts\/zimesanas-komplekts-maped-colorpeps-early-age\/#breadcrumb\"},\"inLanguage\":\"lv-LV\",\"potentialAction\":[{\"@type\":\"ReadAction\",\"target\":[\"https:\/\/hobstop.ee\/lv\/produkts\/zimesanas-komplekts-maped-colorpeps-early-age\/\"]}]},{\"@type\":\"ImageObject\",\"inLanguage\":\"lv-LV\",\"@id\":\"https:\/\/hobstop.ee\/lv\/produkts\/zimesanas-komplekts-maped-colorpeps-early-age\/#primaryimage\",\"url\":\"https:\/\/hobstop.ee\/media\/4572.jpg\",\"contentUrl\":\"https:\/\/hobstop.ee\/media\/4572.jpg\",\"width\":1024,\"height\":768},{\"@type\":\"BreadcrumbList\",\"@id\":\"https:\/\/hobstop.ee\/lv\/produkts\/zimesanas-komplekts-maped-colorpeps-early-age\/#breadcrumb\",\"itemListElement\":[{\"@type\":\"ListItem\",\"position\":1,\"name\":\"Avaleht\",\"item\":\"https:\/\/hobstop.ee\/lv\/\"},{\"@type\":\"ListItem\",\"position\":2,\"name\":\"Veikals\",\"item\":\"https:\/\/hobstop.ee\/lv\/veikals\/\"},{\"@type\":\"ListItem\",\"position\":3,\"name\":\"Z\u012bm\u0113\u0161anas komplekts Maped Color&#8217;Peps Early Age\"}]},{\"@type\":\"WebSite\",\"@id\":\"https:\/\/hobstop.ee\/lv\/#website\",\"url\":\"https:\/\/hobstop.ee\/lv\/\",\"name\":\"Skizze\",\"description\":\"M\u0101kslas, hobiju un skolas preces\",\"publisher\":{\"@id\":\"https:\/\/hobstop.ee\/lv\/#organization\"},\"potentialAction\":[{\"@type\":\"SearchAction\",\"target\":{\"@type\":\"EntryPoint\",\"urlTemplate\":\"https:\/\/hobstop.ee\/lv\/?s={search_term_string}\"},\"query-input\":{\"@type\":\"PropertyValueSpecification\",\"valueRequired\":true,\"valueName\":\"search_term_string\"}}],\"inLanguage\":\"lv-LV\"},{\"@type\":\"Organization\",\"@id\":\"https:\/\/hobstop.ee\/lv\/#organization\",\"name\":\"Vunder AS\",\"url\":\"https:\/\/hobstop.ee\/lv\/\",\"logo\":{\"@type\":\"ImageObject\",\"inLanguage\":\"lv-LV\",\"@id\":\"https:\/\/hobstop.ee\/lv\/#\/schema\/logo\/image\/\",\"url\":\"https:\/\/hobstop.ee\/media\/vunder-logo.png\",\"contentUrl\":\"https:\/\/hobstop.ee\/media\/vunder-logo.png\",\"width\":127,\"height\":55,\"caption\":\"Vunder AS\"},\"image\":{\"@id\":\"https:\/\/hobstop.ee\/lv\/#\/schema\/logo\/image\/\"},\"sameAs\":[\"http:\/\/www.facebook.com\/VunderSkizze\"]}]}<\/script>\n<!-- \/ Yoast SEO plugin. -->","yoast_head_json":{"title":"Z\u012bm\u0113\u0161anas komplekts Maped Color'Peps Early Age &#8211; Skizze","robots":{"index":"noindex","follow":"follow","max-snippet":"max-snippet:-1","max-image-preview":"max-image-preview:large","max-video-preview":"max-video-preview:-1"},"og_locale":"lv_LV","og_type":"article","og_title":"Z\u012bm\u0113\u0161anas komplekts Maped Color'Peps Early Age &#8211; Skizze","og_description":"My first Color&#8217;Peps \u2013 b\u0113rniem no 1 gadu vecuma. \u0160is komplekts ir ide\u0101ls z\u012bm\u0113\u0161anai un kr\u0101so\u0161anai. Tas ir piln\u012bgi dro\u0161s. Kr\u0101so\u0161anas materi\u0101li ir iesai\u0146oti jauk\u0101, neliel\u0101 kofer\u012b, kas ir viegli atverams un aizverams \u2013 \u012bpa\u0161i \u0113rti maz\u0101m roci\u0146\u0101m. Pateicoties rokturim, to var viegli \u0146emt l\u012bdzi. Komplekt\u0101 ietilpst: 10 Jumbo flomasteri 12 jumbo vaska kr\u012bti\u0146i Liela izm\u0113ra plak\u0101ts (51x33cm) Plastmasas koferis","og_url":"https:\/\/hobstop.ee\/lv\/produkts\/zimesanas-komplekts-maped-colorpeps-early-age\/","og_site_name":"Skizze","article_publisher":"http:\/\/www.facebook.com\/VunderSkizze","og_image":[{"width":1024,"height":768,"url":"https:\/\/hobstop.ee\/media\/4572.jpg","type":"image\/jpeg"}],"twitter_card":"summary_large_image","schema":{"@context":"https:\/\/schema.org","@graph":[{"@type":"WebPage","@id":"https:\/\/hobstop.ee\/lv\/produkts\/zimesanas-komplekts-maped-colorpeps-early-age\/","url":"https:\/\/hobstop.ee\/lv\/produkts\/zimesanas-komplekts-maped-colorpeps-early-age\/","name":"Z\u012bm\u0113\u0161anas komplekts Maped Color'Peps Early Age &#8211; Skizze","isPartOf":{"@id":"https:\/\/hobstop.ee\/lv\/#website"},"primaryImageOfPage":{"@id":"https:\/\/hobstop.ee\/lv\/produkts\/zimesanas-komplekts-maped-colorpeps-early-age\/#primaryimage"},"image":{"@id":"https:\/\/hobstop.ee\/lv\/produkts\/zimesanas-komplekts-maped-colorpeps-early-age\/#primaryimage"},"thumbnailUrl":"https:\/\/hobstop.ee\/media\/4572.jpg","datePublished":"2017-06-12T06:37:47+00:00","dateModified":"2017-06-12T06:37:47+00:00","breadcrumb":{"@id":"https:\/\/hobstop.ee\/lv\/produkts\/zimesanas-komplekts-maped-colorpeps-early-age\/#breadcrumb"},"inLanguage":"lv-LV","potentialAction":[{"@type":"ReadAction","target":["https:\/\/hobstop.ee\/lv\/produkts\/zimesanas-komplekts-maped-colorpeps-early-age\/"]}]},{"@type":"ImageObject","inLanguage":"lv-LV","@id":"https:\/\/hobstop.ee\/lv\/produkts\/zimesanas-komplekts-maped-colorpeps-early-age\/#primaryimage","url":"https:\/\/hobstop.ee\/media\/4572.jpg","contentUrl":"https:\/\/hobstop.ee\/media\/4572.jpg","width":1024,"height":768},{"@type":"BreadcrumbList","@id":"https:\/\/hobstop.ee\/lv\/produkts\/zimesanas-komplekts-maped-colorpeps-early-age\/#breadcrumb","itemListElement":[{"@type":"ListItem","position":1,"name":"Avaleht","item":"https:\/\/hobstop.ee\/lv\/"},{"@type":"ListItem","position":2,"name":"Veikals","item":"https:\/\/hobstop.ee\/lv\/veikals\/"},{"@type":"ListItem","position":3,"name":"Z\u012bm\u0113\u0161anas komplekts Maped Color&#8217;Peps Early Age"}]},{"@type":"WebSite","@id":"https:\/\/hobstop.ee\/lv\/#website","url":"https:\/\/hobstop.ee\/lv\/","name":"Skizze","description":"M\u0101kslas, hobiju un skolas preces","publisher":{"@id":"https:\/\/hobstop.ee\/lv\/#organization"},"potentialAction":[{"@type":"SearchAction","target":{"@type":"EntryPoint","urlTemplate":"https:\/\/hobstop.ee\/lv\/?s={search_term_string}"},"query-input":{"@type":"PropertyValueSpecification","valueRequired":true,"valueName":"search_term_string"}}],"inLanguage":"lv-LV"},{"@type":"Organization","@id":"https:\/\/hobstop.ee\/lv\/#organization","name":"Vunder AS","url":"https:\/\/hobstop.ee\/lv\/","logo":{"@type":"ImageObject","inLanguage":"lv-LV","@id":"https:\/\/hobstop.ee\/lv\/#\/schema\/logo\/image\/","url":"https:\/\/hobstop.ee\/media\/vunder-logo.png","contentUrl":"https:\/\/hobstop.ee\/media\/vunder-logo.png","width":127,"height":55,"caption":"Vunder AS"},"image":{"@id":"https:\/\/hobstop.ee\/lv\/#\/schema\/logo\/image\/"},"sameAs":["http:\/\/www.facebook.com\/VunderSkizze"]}]}},"_links":{"self":[{"href":"https:\/\/hobstop.ee\/lv\/wp-json\/wp\/v2\/product\/290540","targetHints":{"allow":["GET"]}}],"collection":[{"href":"https:\/\/hobstop.ee\/lv\/wp-json\/wp\/v2\/product"}],"about":[{"href":"https:\/\/hobstop.ee\/lv\/wp-json\/wp\/v2\/types\/product"}],"replies":[{"embeddable":true,"href":"https:\/\/hobstop.ee\/lv\/wp-json\/wp\/v2\/comments?post=290540"}],"wp:featuredmedia":[{"embeddable":true,"href":"https:\/\/hobstop.ee\/lv\/wp-json\/wp\/v2\/media\/290676"}],"wp:attachment":[{"href":"https:\/\/hobstop.ee\/lv\/wp-json\/wp\/v2\/media?parent=290540"}],"wp:term":[{"taxonomy":"product_cat","embeddable":true,"href":"https:\/\/hobstop.ee\/lv\/wp-json\/wp\/v2\/product_cat?post=290540"},{"taxonomy":"product_tag","embeddable":true,"href":"https:\/\/hobstop.ee\/lv\/wp-json\/wp\/v2\/product_tag?post=290540"}],"curies":[{"name":"wp","href":"https:\/\/api.w.org\/{rel}","templated":true}]}}