{"id":291188,"date":"2017-06-22T12:51:30","date_gmt":"2017-06-22T09:51:30","guid":{"rendered":"https:\/\/sharks.ee\/vunder_2019\/lv\/product\/aplikaciju-papira-bloks-tallinna-loomaaia-toetuseks\/"},"modified":"2017-06-22T12:51:30","modified_gmt":"2017-06-22T09:51:30","slug":"aplikaciju-papira-bloks-tallinna-loomaaia-toetuseks","status":"publish","type":"product","link":"https:\/\/hobstop.ee\/lv\/produkts\/aplikaciju-papira-bloks-tallinna-loomaaia-toetuseks\/","title":{"rendered":"Aplik\u0101ciju pap\u012bra bloks Tallinna Loomaaia Toetuseks"},"content":{"rendered":"<p>Kr\u0101saino pap\u012bru bloks ar Tallinas Zoolo\u0123isk\u0101 d\u0101rza tematiku ir rad\u012bts sadarb\u012bb\u0101 ar Tallinas Zoolo\u0123isk\u0101 d\u0101rza draugu biedr\u012bbu. T\u0101s m\u0113r\u0137is ir atbalst\u012bt Zoolo\u0123isko d\u0101rzu &#8211; 5 centi no katru p\u0101rdot\u0101 bloka tiek p\u0101rskait\u012bt Tallinas Zoolo\u0123iskajam d\u0101rzam. Uz bloka v\u0101kiem att\u0113lotie dz\u012bvnieki ir re\u0101li \u0161\u012b zood\u0101rza iem\u012btnieki \u2013 gan ledusl\u0101\u010di Nords un Fr\u012bda, gan ar\u012b Am\u016bras leopards Darla un pitons Sedriks. Blok\u0101 ir 13 vienkr\u0101sainas lapas: 2 sarkan\u0101, tum\u0161i zil\u0101, tum\u0161i za\u013c\u0101 un dzelten\u0101 kr\u0101s\u0101, k\u0101 ar\u012b viena tum\u0161i br\u016bn\u0101, tirk\u012bza, za\u013c\u0101, roz\u0101 un gai\u0161i zil\u0101 kr\u0101s\u0101. T\u0101pat ir 5 divpus\u0113jas lapas: melna\/ krokodila \u0101da, b\u0113\u0161a\/ ledusl\u0101\u010da spalvas, pel\u0113ka\/ zilo\u0146a \u0101das kr\u0101sa, oran\u017ea\/ leopards spalvas un za\u013ca\/ pitona \u0101das kr\u0101sa.<\/p>\n","protected":false},"excerpt":{"rendered":"<p>Kr\u0101saino pap\u012bru bloks ar Tallinas Zoolo\u0123isk\u0101 d\u0101rza tematiku ir rad\u012bts sadarb\u012bb\u0101 ar Tallinas Zoolo\u0123isk\u0101 d\u0101rza draugu biedr\u012bbu. T\u0101s m\u0113r\u0137is ir atbalst\u012bt Zoolo\u0123isko d\u0101rzu &#8211; 5 centi no katru p\u0101rdot\u0101 bloka tiek p\u0101rskait\u012bt Tallinas Zoolo\u0123iskajam d\u0101rzam. Uz bloka v\u0101kiem att\u0113lotie dz\u012bvnieki ir re\u0101li \u0161\u012b zood\u0101rza iem\u012btnieki \u2013 gan ledusl\u0101\u010di Nords un Fr\u012bda, gan ar\u012b Am\u016bras leopards Darla un pitons Sedriks. Blok\u0101 ir 13 vienkr\u0101sainas lapas: 2 sarkan\u0101, tum\u0161i zil\u0101, tum\u0161i za\u013c\u0101 un dzelten\u0101 kr\u0101s\u0101, k\u0101 ar\u012b viena tum\u0161i br\u016bn\u0101, tirk\u012bza, za\u013c\u0101, roz\u0101 un gai\u0161i zil\u0101 kr\u0101s\u0101. T\u0101pat ir 5 divpus\u0113jas lapas: melna\/ krokodila \u0101da, b\u0113\u0161a\/ ledusl\u0101\u010da spalvas, pel\u0113ka\/ zilo\u0146a \u0101das kr\u0101sa, oran\u017ea\/ leopards spalvas un za\u013ca\/ pitona \u0101das kr\u0101sa.<\/p>\n","protected":false},"featured_media":353015,"comment_status":"closed","ping_status":"closed","template":"","meta":{"_acf_changed":false,"ep_exclude_from_search":false},"product_cat":[18445,17921,18940],"product_tag":[],"class_list":{"0":"post-291188","1":"product","2":"type-product","3":"status-publish","4":"has-post-thumbnail","6":"product_cat-krasainais-papirs","7":"product_cat-papira-izstradajumi","8":"product_cat-preces-skolai-3","10":"first","11":"instock","12":"taxable","13":"shipping-taxable","14":"purchasable","15":"product-type-simple"},"acf":[],"yoast_head":"<!-- This site is optimized with the Yoast SEO plugin v24.1 - https:\/\/yoast.com\/wordpress\/plugins\/seo\/ -->\n<title>Aplik\u0101ciju pap\u012bra bloks Tallinna Loomaaia Toetuseks &#8211; Skizze<\/title>\n<meta name=\"robots\" content=\"noindex, follow, max-snippet:-1, max-image-preview:large, max-video-preview:-1\" \/>\n<meta property=\"og:locale\" content=\"lv_LV\" \/>\n<meta property=\"og:type\" content=\"article\" \/>\n<meta property=\"og:title\" content=\"Aplik\u0101ciju pap\u012bra bloks Tallinna Loomaaia Toetuseks &#8211; Skizze\" \/>\n<meta property=\"og:description\" content=\"Kr\u0101saino pap\u012bru bloks ar Tallinas Zoolo\u0123isk\u0101 d\u0101rza tematiku ir rad\u012bts sadarb\u012bb\u0101 ar Tallinas Zoolo\u0123isk\u0101 d\u0101rza draugu biedr\u012bbu. T\u0101s m\u0113r\u0137is ir atbalst\u012bt Zoolo\u0123isko d\u0101rzu &#8211; 5 centi no katru p\u0101rdot\u0101 bloka tiek p\u0101rskait\u012bt Tallinas Zoolo\u0123iskajam d\u0101rzam. Uz bloka v\u0101kiem att\u0113lotie dz\u012bvnieki ir re\u0101li \u0161\u012b zood\u0101rza iem\u012btnieki \u2013 gan ledusl\u0101\u010di Nords un Fr\u012bda, gan ar\u012b Am\u016bras leopards Darla un pitons Sedriks. Blok\u0101 ir 13 vienkr\u0101sainas lapas: 2 sarkan\u0101, tum\u0161i zil\u0101, tum\u0161i za\u013c\u0101 un dzelten\u0101 kr\u0101s\u0101, k\u0101 ar\u012b viena tum\u0161i br\u016bn\u0101, tirk\u012bza, za\u013c\u0101, roz\u0101 un gai\u0161i zil\u0101 kr\u0101s\u0101. T\u0101pat ir 5 divpus\u0113jas lapas: melna\/ krokodila \u0101da, b\u0113\u0161a\/ ledusl\u0101\u010da spalvas, pel\u0113ka\/ zilo\u0146a \u0101das kr\u0101sa, oran\u017ea\/ leopards spalvas un za\u013ca\/ pitona \u0101das kr\u0101sa.\" \/>\n<meta property=\"og:url\" content=\"https:\/\/hobstop.ee\/lv\/produkts\/aplikaciju-papira-bloks-tallinna-loomaaia-toetuseks\/\" \/>\n<meta property=\"og:site_name\" content=\"Skizze\" \/>\n<meta property=\"article:publisher\" content=\"http:\/\/www.facebook.com\/VunderSkizze\" \/>\n<meta property=\"og:image\" content=\"https:\/\/hobstop.ee\/media\/4595.jpg\" \/>\n\t<meta property=\"og:image:width\" content=\"1024\" \/>\n\t<meta property=\"og:image:height\" content=\"768\" \/>\n\t<meta property=\"og:image:type\" content=\"image\/jpeg\" \/>\n<meta name=\"twitter:card\" content=\"summary_large_image\" \/>\n<meta name=\"twitter:label1\" content=\"Est. reading time\" \/>\n\t<meta name=\"twitter:data1\" content=\"1 min\u016b\u0161u\" \/>\n<script type=\"application\/ld+json\" class=\"yoast-schema-graph\">{\"@context\":\"https:\/\/schema.org\",\"@graph\":[{\"@type\":\"WebPage\",\"@id\":\"https:\/\/hobstop.ee\/lv\/produkts\/aplikaciju-papira-bloks-tallinna-loomaaia-toetuseks\/\",\"url\":\"https:\/\/hobstop.ee\/lv\/produkts\/aplikaciju-papira-bloks-tallinna-loomaaia-toetuseks\/\",\"name\":\"Aplik\u0101ciju pap\u012bra bloks Tallinna Loomaaia Toetuseks &#8211; Skizze\",\"isPartOf\":{\"@id\":\"https:\/\/hobstop.ee\/lv\/#website\"},\"primaryImageOfPage\":{\"@id\":\"https:\/\/hobstop.ee\/lv\/produkts\/aplikaciju-papira-bloks-tallinna-loomaaia-toetuseks\/#primaryimage\"},\"image\":{\"@id\":\"https:\/\/hobstop.ee\/lv\/produkts\/aplikaciju-papira-bloks-tallinna-loomaaia-toetuseks\/#primaryimage\"},\"thumbnailUrl\":\"https:\/\/hobstop.ee\/media\/4595.jpg\",\"datePublished\":\"2017-06-22T09:51:30+00:00\",\"dateModified\":\"2017-06-22T09:51:30+00:00\",\"breadcrumb\":{\"@id\":\"https:\/\/hobstop.ee\/lv\/produkts\/aplikaciju-papira-bloks-tallinna-loomaaia-toetuseks\/#breadcrumb\"},\"inLanguage\":\"lv-LV\",\"potentialAction\":[{\"@type\":\"ReadAction\",\"target\":[\"https:\/\/hobstop.ee\/lv\/produkts\/aplikaciju-papira-bloks-tallinna-loomaaia-toetuseks\/\"]}]},{\"@type\":\"ImageObject\",\"inLanguage\":\"lv-LV\",\"@id\":\"https:\/\/hobstop.ee\/lv\/produkts\/aplikaciju-papira-bloks-tallinna-loomaaia-toetuseks\/#primaryimage\",\"url\":\"https:\/\/hobstop.ee\/media\/4595.jpg\",\"contentUrl\":\"https:\/\/hobstop.ee\/media\/4595.jpg\",\"width\":1024,\"height\":768},{\"@type\":\"BreadcrumbList\",\"@id\":\"https:\/\/hobstop.ee\/lv\/produkts\/aplikaciju-papira-bloks-tallinna-loomaaia-toetuseks\/#breadcrumb\",\"itemListElement\":[{\"@type\":\"ListItem\",\"position\":1,\"name\":\"Avaleht\",\"item\":\"https:\/\/www.hobstop.ee\/lv\/\"},{\"@type\":\"ListItem\",\"position\":2,\"name\":\"Veikals\",\"item\":\"https:\/\/www.hobstop.ee\/lv\/veikals\/\"},{\"@type\":\"ListItem\",\"position\":3,\"name\":\"Aplik\u0101ciju pap\u012bra bloks Tallinna Loomaaia Toetuseks\"}]},{\"@type\":\"WebSite\",\"@id\":\"https:\/\/hobstop.ee\/lv\/#website\",\"url\":\"https:\/\/hobstop.ee\/lv\/\",\"name\":\"Skizze\",\"description\":\"M\u0101kslas, hobiju un skolas preces\",\"publisher\":{\"@id\":\"https:\/\/hobstop.ee\/lv\/#organization\"},\"potentialAction\":[{\"@type\":\"SearchAction\",\"target\":{\"@type\":\"EntryPoint\",\"urlTemplate\":\"https:\/\/hobstop.ee\/lv\/?s={search_term_string}\"},\"query-input\":{\"@type\":\"PropertyValueSpecification\",\"valueRequired\":true,\"valueName\":\"search_term_string\"}}],\"inLanguage\":\"lv-LV\"},{\"@type\":\"Organization\",\"@id\":\"https:\/\/hobstop.ee\/lv\/#organization\",\"name\":\"Vunder AS\",\"url\":\"https:\/\/hobstop.ee\/lv\/\",\"logo\":{\"@type\":\"ImageObject\",\"inLanguage\":\"lv-LV\",\"@id\":\"https:\/\/hobstop.ee\/lv\/#\/schema\/logo\/image\/\",\"url\":\"https:\/\/hobstop.ee\/media\/vunder-logo.png\",\"contentUrl\":\"https:\/\/hobstop.ee\/media\/vunder-logo.png\",\"width\":127,\"height\":55,\"caption\":\"Vunder AS\"},\"image\":{\"@id\":\"https:\/\/hobstop.ee\/lv\/#\/schema\/logo\/image\/\"},\"sameAs\":[\"http:\/\/www.facebook.com\/VunderSkizze\"]}]}<\/script>\n<!-- \/ Yoast SEO plugin. -->","yoast_head_json":{"title":"Aplik\u0101ciju pap\u012bra bloks Tallinna Loomaaia Toetuseks &#8211; Skizze","robots":{"index":"noindex","follow":"follow","max-snippet":"max-snippet:-1","max-image-preview":"max-image-preview:large","max-video-preview":"max-video-preview:-1"},"og_locale":"lv_LV","og_type":"article","og_title":"Aplik\u0101ciju pap\u012bra bloks Tallinna Loomaaia Toetuseks &#8211; Skizze","og_description":"Kr\u0101saino pap\u012bru bloks ar Tallinas Zoolo\u0123isk\u0101 d\u0101rza tematiku ir rad\u012bts sadarb\u012bb\u0101 ar Tallinas Zoolo\u0123isk\u0101 d\u0101rza draugu biedr\u012bbu. T\u0101s m\u0113r\u0137is ir atbalst\u012bt Zoolo\u0123isko d\u0101rzu &#8211; 5 centi no katru p\u0101rdot\u0101 bloka tiek p\u0101rskait\u012bt Tallinas Zoolo\u0123iskajam d\u0101rzam. Uz bloka v\u0101kiem att\u0113lotie dz\u012bvnieki ir re\u0101li \u0161\u012b zood\u0101rza iem\u012btnieki \u2013 gan ledusl\u0101\u010di Nords un Fr\u012bda, gan ar\u012b Am\u016bras leopards Darla un pitons Sedriks. Blok\u0101 ir 13 vienkr\u0101sainas lapas: 2 sarkan\u0101, tum\u0161i zil\u0101, tum\u0161i za\u013c\u0101 un dzelten\u0101 kr\u0101s\u0101, k\u0101 ar\u012b viena tum\u0161i br\u016bn\u0101, tirk\u012bza, za\u013c\u0101, roz\u0101 un gai\u0161i zil\u0101 kr\u0101s\u0101. T\u0101pat ir 5 divpus\u0113jas lapas: melna\/ krokodila \u0101da, b\u0113\u0161a\/ ledusl\u0101\u010da spalvas, pel\u0113ka\/ zilo\u0146a \u0101das kr\u0101sa, oran\u017ea\/ leopards spalvas un za\u013ca\/ pitona \u0101das kr\u0101sa.","og_url":"https:\/\/hobstop.ee\/lv\/produkts\/aplikaciju-papira-bloks-tallinna-loomaaia-toetuseks\/","og_site_name":"Skizze","article_publisher":"http:\/\/www.facebook.com\/VunderSkizze","og_image":[{"width":1024,"height":768,"url":"https:\/\/hobstop.ee\/media\/4595.jpg","type":"image\/jpeg"}],"twitter_card":"summary_large_image","twitter_misc":{"Est. reading time":"1 min\u016b\u0161u"},"schema":{"@context":"https:\/\/schema.org","@graph":[{"@type":"WebPage","@id":"https:\/\/hobstop.ee\/lv\/produkts\/aplikaciju-papira-bloks-tallinna-loomaaia-toetuseks\/","url":"https:\/\/hobstop.ee\/lv\/produkts\/aplikaciju-papira-bloks-tallinna-loomaaia-toetuseks\/","name":"Aplik\u0101ciju pap\u012bra bloks Tallinna Loomaaia Toetuseks &#8211; Skizze","isPartOf":{"@id":"https:\/\/hobstop.ee\/lv\/#website"},"primaryImageOfPage":{"@id":"https:\/\/hobstop.ee\/lv\/produkts\/aplikaciju-papira-bloks-tallinna-loomaaia-toetuseks\/#primaryimage"},"image":{"@id":"https:\/\/hobstop.ee\/lv\/produkts\/aplikaciju-papira-bloks-tallinna-loomaaia-toetuseks\/#primaryimage"},"thumbnailUrl":"https:\/\/hobstop.ee\/media\/4595.jpg","datePublished":"2017-06-22T09:51:30+00:00","dateModified":"2017-06-22T09:51:30+00:00","breadcrumb":{"@id":"https:\/\/hobstop.ee\/lv\/produkts\/aplikaciju-papira-bloks-tallinna-loomaaia-toetuseks\/#breadcrumb"},"inLanguage":"lv-LV","potentialAction":[{"@type":"ReadAction","target":["https:\/\/hobstop.ee\/lv\/produkts\/aplikaciju-papira-bloks-tallinna-loomaaia-toetuseks\/"]}]},{"@type":"ImageObject","inLanguage":"lv-LV","@id":"https:\/\/hobstop.ee\/lv\/produkts\/aplikaciju-papira-bloks-tallinna-loomaaia-toetuseks\/#primaryimage","url":"https:\/\/hobstop.ee\/media\/4595.jpg","contentUrl":"https:\/\/hobstop.ee\/media\/4595.jpg","width":1024,"height":768},{"@type":"BreadcrumbList","@id":"https:\/\/hobstop.ee\/lv\/produkts\/aplikaciju-papira-bloks-tallinna-loomaaia-toetuseks\/#breadcrumb","itemListElement":[{"@type":"ListItem","position":1,"name":"Avaleht","item":"https:\/\/www.hobstop.ee\/lv\/"},{"@type":"ListItem","position":2,"name":"Veikals","item":"https:\/\/www.hobstop.ee\/lv\/veikals\/"},{"@type":"ListItem","position":3,"name":"Aplik\u0101ciju pap\u012bra bloks Tallinna Loomaaia Toetuseks"}]},{"@type":"WebSite","@id":"https:\/\/hobstop.ee\/lv\/#website","url":"https:\/\/hobstop.ee\/lv\/","name":"Skizze","description":"M\u0101kslas, hobiju un skolas preces","publisher":{"@id":"https:\/\/hobstop.ee\/lv\/#organization"},"potentialAction":[{"@type":"SearchAction","target":{"@type":"EntryPoint","urlTemplate":"https:\/\/hobstop.ee\/lv\/?s={search_term_string}"},"query-input":{"@type":"PropertyValueSpecification","valueRequired":true,"valueName":"search_term_string"}}],"inLanguage":"lv-LV"},{"@type":"Organization","@id":"https:\/\/hobstop.ee\/lv\/#organization","name":"Vunder AS","url":"https:\/\/hobstop.ee\/lv\/","logo":{"@type":"ImageObject","inLanguage":"lv-LV","@id":"https:\/\/hobstop.ee\/lv\/#\/schema\/logo\/image\/","url":"https:\/\/hobstop.ee\/media\/vunder-logo.png","contentUrl":"https:\/\/hobstop.ee\/media\/vunder-logo.png","width":127,"height":55,"caption":"Vunder AS"},"image":{"@id":"https:\/\/hobstop.ee\/lv\/#\/schema\/logo\/image\/"},"sameAs":["http:\/\/www.facebook.com\/VunderSkizze"]}]}},"_links":{"self":[{"href":"https:\/\/hobstop.ee\/lv\/wp-json\/wp\/v2\/product\/291188","targetHints":{"allow":["GET"]}}],"collection":[{"href":"https:\/\/hobstop.ee\/lv\/wp-json\/wp\/v2\/product"}],"about":[{"href":"https:\/\/hobstop.ee\/lv\/wp-json\/wp\/v2\/types\/product"}],"replies":[{"embeddable":true,"href":"https:\/\/hobstop.ee\/lv\/wp-json\/wp\/v2\/comments?post=291188"}],"wp:featuredmedia":[{"embeddable":true,"href":"https:\/\/hobstop.ee\/lv\/wp-json\/wp\/v2\/media\/353015"}],"wp:attachment":[{"href":"https:\/\/hobstop.ee\/lv\/wp-json\/wp\/v2\/media?parent=291188"}],"wp:term":[{"taxonomy":"product_cat","embeddable":true,"href":"https:\/\/hobstop.ee\/lv\/wp-json\/wp\/v2\/product_cat?post=291188"},{"taxonomy":"product_tag","embeddable":true,"href":"https:\/\/hobstop.ee\/lv\/wp-json\/wp\/v2\/product_tag?post=291188"}],"curies":[{"name":"wp","href":"https:\/\/api.w.org\/{rel}","templated":true}]}}