{"id":292448,"date":"2017-08-29T09:35:28","date_gmt":"2017-08-29T06:35:28","guid":{"rendered":"https:\/\/sharks.ee\/vunder_2019\/lv\/product\/gela-pildspalva-pilot-poplol\/"},"modified":"2017-08-29T09:35:28","modified_gmt":"2017-08-29T06:35:28","slug":"gela-pildspalva-pilot-poplol","status":"publish","type":"product","link":"https:\/\/hobstop.ee\/lv\/produkts\/gela-pildspalva-pilot-poplol\/","title":{"rendered":"G\u0113la pildspalva Pilot pop&#8217;lol"},"content":{"rendered":"<p>Izbaudiet laimes terapijas kursu! Ar Pilot Pop&#8217;lol j\u016bs varat padar\u012bt savu dz\u012bvi ne tikai daudz jautr\u0101ku, bet ar\u012b kr\u0101sain\u0101ku! Vid\u0113jas ciet\u012bbas gali\u0146\u0161 un spilgt\u0101, jautr\u0101 g\u0113la tinte noteikti padar\u012bs to par j\u016bsu iecien\u012bt\u0101ko piederumu \u2013 to var piestiprin\u0101t pie jebkura piez\u012bmju bloka vai klades. Ja lieliski orient\u0113jaties modes pasaul\u0113, j\u016bs variet piestiprin\u0101t pie t\u0101s iecien\u012bt\u0101ko aksesu\u0101ru, t\u0101d\u0113j\u0101di pie\u0161\u0137irot Pilot Pop&#8217;lol savu, \u012bpa\u0161o \u0161armu. Lod\u012btes diametrs 0.7mm, rakst\u012b\u0161anas platums 0.34mm.<\/p>\n","protected":false},"excerpt":{"rendered":"<p>Izbaudiet laimes terapijas kursu! Ar Pilot Pop&#8217;lol j\u016bs varat padar\u012bt savu dz\u012bvi ne tikai daudz jautr\u0101ku, bet ar\u012b kr\u0101sain\u0101ku! Vid\u0113jas ciet\u012bbas gali\u0146\u0161 un spilgt\u0101, jautr\u0101 g\u0113la tinte noteikti padar\u012bs to par j\u016bsu iecien\u012bt\u0101ko piederumu \u2013 to var piestiprin\u0101t pie jebkura piez\u012bmju bloka vai klades. Ja lieliski orient\u0113jaties modes pasaul\u0113, j\u016bs variet piestiprin\u0101t pie t\u0101s iecien\u012bt\u0101ko aksesu\u0101ru, t\u0101d\u0113j\u0101di pie\u0161\u0137irot Pilot Pop&#8217;lol savu, \u012bpa\u0161o \u0161armu. Lod\u012btes diametrs 0.7mm, rakst\u012b\u0161anas platums 0.34mm.<\/p>\n","protected":false},"featured_media":292857,"comment_status":"closed","ping_status":"closed","template":"","meta":{"_acf_changed":false,"ep_exclude_from_search":false},"product_cat":[19668,18519],"product_tag":[],"class_list":{"0":"post-292448","1":"product","2":"type-product","3":"status-publish","4":"has-post-thumbnail","6":"product_cat-gela-pildspalvas","7":"product_cat-rakstampiederumi-2","9":"first","10":"instock","11":"taxable","12":"shipping-taxable","13":"product-type-simple"},"acf":[],"yoast_head":"<!-- This site is optimized with the Yoast SEO plugin v24.1 - https:\/\/yoast.com\/wordpress\/plugins\/seo\/ -->\n<title>G\u0113la pildspalva Pilot pop&#039;lol &#8211; Skizze<\/title>\n<meta name=\"robots\" content=\"noindex, follow, max-snippet:-1, max-image-preview:large, max-video-preview:-1\" \/>\n<meta property=\"og:locale\" content=\"lv_LV\" \/>\n<meta property=\"og:type\" content=\"article\" \/>\n<meta property=\"og:title\" content=\"G\u0113la pildspalva Pilot pop&#039;lol &#8211; Skizze\" \/>\n<meta property=\"og:description\" content=\"Izbaudiet laimes terapijas kursu! Ar Pilot Pop&#8217;lol j\u016bs varat padar\u012bt savu dz\u012bvi ne tikai daudz jautr\u0101ku, bet ar\u012b kr\u0101sain\u0101ku! Vid\u0113jas ciet\u012bbas gali\u0146\u0161 un spilgt\u0101, jautr\u0101 g\u0113la tinte noteikti padar\u012bs to par j\u016bsu iecien\u012bt\u0101ko piederumu \u2013 to var piestiprin\u0101t pie jebkura piez\u012bmju bloka vai klades. Ja lieliski orient\u0113jaties modes pasaul\u0113, j\u016bs variet piestiprin\u0101t pie t\u0101s iecien\u012bt\u0101ko aksesu\u0101ru, t\u0101d\u0113j\u0101di pie\u0161\u0137irot Pilot Pop&#8217;lol savu, \u012bpa\u0161o \u0161armu. Lod\u012btes diametrs 0.7mm, rakst\u012b\u0161anas platums 0.34mm.\" \/>\n<meta property=\"og:url\" content=\"https:\/\/hobstop.ee\/lv\/produkts\/gela-pildspalva-pilot-poplol\/\" \/>\n<meta property=\"og:site_name\" content=\"Skizze\" \/>\n<meta property=\"article:publisher\" content=\"http:\/\/www.facebook.com\/VunderSkizze\" \/>\n<meta property=\"og:image\" content=\"https:\/\/hobstop.ee\/media\/4495.jpg\" \/>\n\t<meta property=\"og:image:width\" content=\"1024\" \/>\n\t<meta property=\"og:image:height\" content=\"768\" \/>\n\t<meta property=\"og:image:type\" content=\"image\/jpeg\" \/>\n<meta name=\"twitter:card\" content=\"summary_large_image\" \/>\n<script type=\"application\/ld+json\" class=\"yoast-schema-graph\">{\"@context\":\"https:\/\/schema.org\",\"@graph\":[{\"@type\":\"WebPage\",\"@id\":\"https:\/\/hobstop.ee\/lv\/produkts\/gela-pildspalva-pilot-poplol\/\",\"url\":\"https:\/\/hobstop.ee\/lv\/produkts\/gela-pildspalva-pilot-poplol\/\",\"name\":\"G\u0113la pildspalva Pilot pop'lol &#8211; Skizze\",\"isPartOf\":{\"@id\":\"https:\/\/hobstop.ee\/lv\/#website\"},\"primaryImageOfPage\":{\"@id\":\"https:\/\/hobstop.ee\/lv\/produkts\/gela-pildspalva-pilot-poplol\/#primaryimage\"},\"image\":{\"@id\":\"https:\/\/hobstop.ee\/lv\/produkts\/gela-pildspalva-pilot-poplol\/#primaryimage\"},\"thumbnailUrl\":\"https:\/\/hobstop.ee\/media\/4495.jpg\",\"datePublished\":\"2017-08-29T06:35:28+00:00\",\"dateModified\":\"2017-08-29T06:35:28+00:00\",\"breadcrumb\":{\"@id\":\"https:\/\/hobstop.ee\/lv\/produkts\/gela-pildspalva-pilot-poplol\/#breadcrumb\"},\"inLanguage\":\"lv-LV\",\"potentialAction\":[{\"@type\":\"ReadAction\",\"target\":[\"https:\/\/hobstop.ee\/lv\/produkts\/gela-pildspalva-pilot-poplol\/\"]}]},{\"@type\":\"ImageObject\",\"inLanguage\":\"lv-LV\",\"@id\":\"https:\/\/hobstop.ee\/lv\/produkts\/gela-pildspalva-pilot-poplol\/#primaryimage\",\"url\":\"https:\/\/hobstop.ee\/media\/4495.jpg\",\"contentUrl\":\"https:\/\/hobstop.ee\/media\/4495.jpg\",\"width\":1024,\"height\":768},{\"@type\":\"BreadcrumbList\",\"@id\":\"https:\/\/hobstop.ee\/lv\/produkts\/gela-pildspalva-pilot-poplol\/#breadcrumb\",\"itemListElement\":[{\"@type\":\"ListItem\",\"position\":1,\"name\":\"Avaleht\",\"item\":\"https:\/\/hobstop.ee\/lv\/\"},{\"@type\":\"ListItem\",\"position\":2,\"name\":\"Veikals\",\"item\":\"https:\/\/hobstop.ee\/lv\/veikals\/\"},{\"@type\":\"ListItem\",\"position\":3,\"name\":\"G\u0113la pildspalva Pilot pop&#8217;lol\"}]},{\"@type\":\"WebSite\",\"@id\":\"https:\/\/hobstop.ee\/lv\/#website\",\"url\":\"https:\/\/hobstop.ee\/lv\/\",\"name\":\"Skizze\",\"description\":\"M\u0101kslas, hobiju un skolas preces\",\"publisher\":{\"@id\":\"https:\/\/hobstop.ee\/lv\/#organization\"},\"potentialAction\":[{\"@type\":\"SearchAction\",\"target\":{\"@type\":\"EntryPoint\",\"urlTemplate\":\"https:\/\/hobstop.ee\/lv\/?s={search_term_string}\"},\"query-input\":{\"@type\":\"PropertyValueSpecification\",\"valueRequired\":true,\"valueName\":\"search_term_string\"}}],\"inLanguage\":\"lv-LV\"},{\"@type\":\"Organization\",\"@id\":\"https:\/\/hobstop.ee\/lv\/#organization\",\"name\":\"Vunder AS\",\"url\":\"https:\/\/hobstop.ee\/lv\/\",\"logo\":{\"@type\":\"ImageObject\",\"inLanguage\":\"lv-LV\",\"@id\":\"https:\/\/hobstop.ee\/lv\/#\/schema\/logo\/image\/\",\"url\":\"https:\/\/hobstop.ee\/media\/vunder-logo.png\",\"contentUrl\":\"https:\/\/hobstop.ee\/media\/vunder-logo.png\",\"width\":127,\"height\":55,\"caption\":\"Vunder AS\"},\"image\":{\"@id\":\"https:\/\/hobstop.ee\/lv\/#\/schema\/logo\/image\/\"},\"sameAs\":[\"http:\/\/www.facebook.com\/VunderSkizze\"]}]}<\/script>\n<!-- \/ Yoast SEO plugin. -->","yoast_head_json":{"title":"G\u0113la pildspalva Pilot pop'lol &#8211; Skizze","robots":{"index":"noindex","follow":"follow","max-snippet":"max-snippet:-1","max-image-preview":"max-image-preview:large","max-video-preview":"max-video-preview:-1"},"og_locale":"lv_LV","og_type":"article","og_title":"G\u0113la pildspalva Pilot pop'lol &#8211; Skizze","og_description":"Izbaudiet laimes terapijas kursu! Ar Pilot Pop&#8217;lol j\u016bs varat padar\u012bt savu dz\u012bvi ne tikai daudz jautr\u0101ku, bet ar\u012b kr\u0101sain\u0101ku! Vid\u0113jas ciet\u012bbas gali\u0146\u0161 un spilgt\u0101, jautr\u0101 g\u0113la tinte noteikti padar\u012bs to par j\u016bsu iecien\u012bt\u0101ko piederumu \u2013 to var piestiprin\u0101t pie jebkura piez\u012bmju bloka vai klades. Ja lieliski orient\u0113jaties modes pasaul\u0113, j\u016bs variet piestiprin\u0101t pie t\u0101s iecien\u012bt\u0101ko aksesu\u0101ru, t\u0101d\u0113j\u0101di pie\u0161\u0137irot Pilot Pop&#8217;lol savu, \u012bpa\u0161o \u0161armu. Lod\u012btes diametrs 0.7mm, rakst\u012b\u0161anas platums 0.34mm.","og_url":"https:\/\/hobstop.ee\/lv\/produkts\/gela-pildspalva-pilot-poplol\/","og_site_name":"Skizze","article_publisher":"http:\/\/www.facebook.com\/VunderSkizze","og_image":[{"width":1024,"height":768,"url":"https:\/\/hobstop.ee\/media\/4495.jpg","type":"image\/jpeg"}],"twitter_card":"summary_large_image","schema":{"@context":"https:\/\/schema.org","@graph":[{"@type":"WebPage","@id":"https:\/\/hobstop.ee\/lv\/produkts\/gela-pildspalva-pilot-poplol\/","url":"https:\/\/hobstop.ee\/lv\/produkts\/gela-pildspalva-pilot-poplol\/","name":"G\u0113la pildspalva Pilot pop'lol &#8211; Skizze","isPartOf":{"@id":"https:\/\/hobstop.ee\/lv\/#website"},"primaryImageOfPage":{"@id":"https:\/\/hobstop.ee\/lv\/produkts\/gela-pildspalva-pilot-poplol\/#primaryimage"},"image":{"@id":"https:\/\/hobstop.ee\/lv\/produkts\/gela-pildspalva-pilot-poplol\/#primaryimage"},"thumbnailUrl":"https:\/\/hobstop.ee\/media\/4495.jpg","datePublished":"2017-08-29T06:35:28+00:00","dateModified":"2017-08-29T06:35:28+00:00","breadcrumb":{"@id":"https:\/\/hobstop.ee\/lv\/produkts\/gela-pildspalva-pilot-poplol\/#breadcrumb"},"inLanguage":"lv-LV","potentialAction":[{"@type":"ReadAction","target":["https:\/\/hobstop.ee\/lv\/produkts\/gela-pildspalva-pilot-poplol\/"]}]},{"@type":"ImageObject","inLanguage":"lv-LV","@id":"https:\/\/hobstop.ee\/lv\/produkts\/gela-pildspalva-pilot-poplol\/#primaryimage","url":"https:\/\/hobstop.ee\/media\/4495.jpg","contentUrl":"https:\/\/hobstop.ee\/media\/4495.jpg","width":1024,"height":768},{"@type":"BreadcrumbList","@id":"https:\/\/hobstop.ee\/lv\/produkts\/gela-pildspalva-pilot-poplol\/#breadcrumb","itemListElement":[{"@type":"ListItem","position":1,"name":"Avaleht","item":"https:\/\/hobstop.ee\/lv\/"},{"@type":"ListItem","position":2,"name":"Veikals","item":"https:\/\/hobstop.ee\/lv\/veikals\/"},{"@type":"ListItem","position":3,"name":"G\u0113la pildspalva Pilot pop&#8217;lol"}]},{"@type":"WebSite","@id":"https:\/\/hobstop.ee\/lv\/#website","url":"https:\/\/hobstop.ee\/lv\/","name":"Skizze","description":"M\u0101kslas, hobiju un skolas preces","publisher":{"@id":"https:\/\/hobstop.ee\/lv\/#organization"},"potentialAction":[{"@type":"SearchAction","target":{"@type":"EntryPoint","urlTemplate":"https:\/\/hobstop.ee\/lv\/?s={search_term_string}"},"query-input":{"@type":"PropertyValueSpecification","valueRequired":true,"valueName":"search_term_string"}}],"inLanguage":"lv-LV"},{"@type":"Organization","@id":"https:\/\/hobstop.ee\/lv\/#organization","name":"Vunder AS","url":"https:\/\/hobstop.ee\/lv\/","logo":{"@type":"ImageObject","inLanguage":"lv-LV","@id":"https:\/\/hobstop.ee\/lv\/#\/schema\/logo\/image\/","url":"https:\/\/hobstop.ee\/media\/vunder-logo.png","contentUrl":"https:\/\/hobstop.ee\/media\/vunder-logo.png","width":127,"height":55,"caption":"Vunder AS"},"image":{"@id":"https:\/\/hobstop.ee\/lv\/#\/schema\/logo\/image\/"},"sameAs":["http:\/\/www.facebook.com\/VunderSkizze"]}]}},"_links":{"self":[{"href":"https:\/\/hobstop.ee\/lv\/wp-json\/wp\/v2\/product\/292448","targetHints":{"allow":["GET"]}}],"collection":[{"href":"https:\/\/hobstop.ee\/lv\/wp-json\/wp\/v2\/product"}],"about":[{"href":"https:\/\/hobstop.ee\/lv\/wp-json\/wp\/v2\/types\/product"}],"replies":[{"embeddable":true,"href":"https:\/\/hobstop.ee\/lv\/wp-json\/wp\/v2\/comments?post=292448"}],"wp:featuredmedia":[{"embeddable":true,"href":"https:\/\/hobstop.ee\/lv\/wp-json\/wp\/v2\/media\/292857"}],"wp:attachment":[{"href":"https:\/\/hobstop.ee\/lv\/wp-json\/wp\/v2\/media?parent=292448"}],"wp:term":[{"taxonomy":"product_cat","embeddable":true,"href":"https:\/\/hobstop.ee\/lv\/wp-json\/wp\/v2\/product_cat?post=292448"},{"taxonomy":"product_tag","embeddable":true,"href":"https:\/\/hobstop.ee\/lv\/wp-json\/wp\/v2\/product_tag?post=292448"}],"curies":[{"name":"wp","href":"https:\/\/api.w.org\/{rel}","templated":true}]}}