{"id":292456,"date":"2017-08-29T09:35:31","date_gmt":"2017-08-29T06:35:31","guid":{"rendered":"https:\/\/sharks.ee\/vunder_2019\/lv\/product\/mape-lb-sasienama-melnazala\/"},"modified":"2017-08-29T09:35:31","modified_gmt":"2017-08-29T06:35:31","slug":"mape-lb-sasienama-melnazala","status":"publish","type":"product","link":"https:\/\/hobstop.ee\/lv\/produkts\/mape-lb-sasienama-melnazala\/","title":{"rendered":"Mape L&#038;B sasienama melna\/za\u013ca"},"content":{"rendered":"<p>S\u0113rija ir izstr\u0101d\u0101ta speci\u0101li t\u0113lot\u0101jm\u0101kslas darbu uzglab\u0101\u0161anai. \u0100rpus\u0113 tas p\u0101rkl\u0101ts ar apmalotu un kr\u0101sotu Annonay pap\u012bru, bet iek\u0161pus\u0113 izkl\u0101ts ar baltu, sk\u0101bes nesaturo\u0161u, aizsarg\u0101jo\u0161u pap\u012bru. Ar melnu audekli p\u0101rkl\u0101ta aizmugur\u0113j\u0101 da\u013ca un \u010detri st\u016bru aizsargelementi. Aiztais\u0101ms ar tr\u012bm meln\u0101m z\u012bda lent\u0113m.<\/p>\n","protected":false},"excerpt":{"rendered":"<p>S\u0113rija ir izstr\u0101d\u0101ta speci\u0101li t\u0113lot\u0101jm\u0101kslas darbu uzglab\u0101\u0161anai. \u0100rpus\u0113 tas p\u0101rkl\u0101ts ar apmalotu un kr\u0101sotu Annonay pap\u012bru, bet iek\u0161pus\u0113 izkl\u0101ts ar baltu, sk\u0101bes nesaturo\u0161u, aizsarg\u0101jo\u0161u pap\u012bru. Ar melnu audekli p\u0101rkl\u0101ta aizmugur\u0113j\u0101 da\u013ca un \u010detri st\u016bru aizsargelementi. Aiztais\u0101ms ar tr\u012bm meln\u0101m z\u012bda lent\u0113m.<\/p>\n","protected":false},"featured_media":293909,"comment_status":"closed","ping_status":"closed","template":"","meta":{"_acf_changed":false,"ep_exclude_from_search":false},"product_cat":[17913,18033,18916],"product_tag":[],"class_list":{"0":"post-292456","1":"product","2":"type-product","3":"status-publish","4":"has-post-thumbnail","6":"product_cat-biroja-preces","7":"product_cat-mapes-2","8":"product_cat-vaki-un-arhiva-piederumi-2","10":"first","11":"instock","12":"taxable","13":"shipping-taxable","14":"purchasable","15":"product-type-simple"},"acf":[],"yoast_head":"<!-- This site is optimized with the Yoast SEO plugin v24.1 - https:\/\/yoast.com\/wordpress\/plugins\/seo\/ -->\n<title>Mape L&amp;B sasienama melna\/za\u013ca &#8211; Skizze<\/title>\n<meta name=\"robots\" content=\"noindex, follow, max-snippet:-1, max-image-preview:large, max-video-preview:-1\" \/>\n<meta property=\"og:locale\" content=\"lv_LV\" \/>\n<meta property=\"og:type\" content=\"article\" \/>\n<meta property=\"og:title\" content=\"Mape L&amp;B sasienama melna\/za\u013ca &#8211; Skizze\" \/>\n<meta property=\"og:description\" content=\"S\u0113rija ir izstr\u0101d\u0101ta speci\u0101li t\u0113lot\u0101jm\u0101kslas darbu uzglab\u0101\u0161anai. \u0100rpus\u0113 tas p\u0101rkl\u0101ts ar apmalotu un kr\u0101sotu Annonay pap\u012bru, bet iek\u0161pus\u0113 izkl\u0101ts ar baltu, sk\u0101bes nesaturo\u0161u, aizsarg\u0101jo\u0161u pap\u012bru. Ar melnu audekli p\u0101rkl\u0101ta aizmugur\u0113j\u0101 da\u013ca un \u010detri st\u016bru aizsargelementi. Aiztais\u0101ms ar tr\u012bm meln\u0101m z\u012bda lent\u0113m.\" \/>\n<meta property=\"og:url\" content=\"https:\/\/hobstop.ee\/lv\/produkts\/mape-lb-sasienama-melnazala\/\" \/>\n<meta property=\"og:site_name\" content=\"Skizze\" \/>\n<meta property=\"article:publisher\" content=\"http:\/\/www.facebook.com\/VunderSkizze\" \/>\n<meta property=\"og:image\" content=\"https:\/\/hobstop.ee\/media\/4521.jpg\" \/>\n\t<meta property=\"og:image:width\" content=\"1024\" \/>\n\t<meta property=\"og:image:height\" content=\"768\" \/>\n\t<meta property=\"og:image:type\" content=\"image\/jpeg\" \/>\n<meta name=\"twitter:card\" content=\"summary_large_image\" \/>\n<script type=\"application\/ld+json\" class=\"yoast-schema-graph\">{\"@context\":\"https:\/\/schema.org\",\"@graph\":[{\"@type\":\"WebPage\",\"@id\":\"https:\/\/hobstop.ee\/lv\/produkts\/mape-lb-sasienama-melnazala\/\",\"url\":\"https:\/\/hobstop.ee\/lv\/produkts\/mape-lb-sasienama-melnazala\/\",\"name\":\"Mape L&B sasienama melna\/za\u013ca &#8211; Skizze\",\"isPartOf\":{\"@id\":\"https:\/\/hobstop.ee\/lv\/#website\"},\"primaryImageOfPage\":{\"@id\":\"https:\/\/hobstop.ee\/lv\/produkts\/mape-lb-sasienama-melnazala\/#primaryimage\"},\"image\":{\"@id\":\"https:\/\/hobstop.ee\/lv\/produkts\/mape-lb-sasienama-melnazala\/#primaryimage\"},\"thumbnailUrl\":\"https:\/\/hobstop.ee\/media\/4521.jpg\",\"datePublished\":\"2017-08-29T06:35:31+00:00\",\"dateModified\":\"2017-08-29T06:35:31+00:00\",\"breadcrumb\":{\"@id\":\"https:\/\/hobstop.ee\/lv\/produkts\/mape-lb-sasienama-melnazala\/#breadcrumb\"},\"inLanguage\":\"lv-LV\",\"potentialAction\":[{\"@type\":\"ReadAction\",\"target\":[\"https:\/\/hobstop.ee\/lv\/produkts\/mape-lb-sasienama-melnazala\/\"]}]},{\"@type\":\"ImageObject\",\"inLanguage\":\"lv-LV\",\"@id\":\"https:\/\/hobstop.ee\/lv\/produkts\/mape-lb-sasienama-melnazala\/#primaryimage\",\"url\":\"https:\/\/hobstop.ee\/media\/4521.jpg\",\"contentUrl\":\"https:\/\/hobstop.ee\/media\/4521.jpg\",\"width\":1024,\"height\":768},{\"@type\":\"BreadcrumbList\",\"@id\":\"https:\/\/hobstop.ee\/lv\/produkts\/mape-lb-sasienama-melnazala\/#breadcrumb\",\"itemListElement\":[{\"@type\":\"ListItem\",\"position\":1,\"name\":\"Avaleht\",\"item\":\"https:\/\/hobstop.ee\/lv\/\"},{\"@type\":\"ListItem\",\"position\":2,\"name\":\"Veikals\",\"item\":\"https:\/\/hobstop.ee\/lv\/veikals\/\"},{\"@type\":\"ListItem\",\"position\":3,\"name\":\"Mape L&#038;B sasienama melna\/za\u013ca\"}]},{\"@type\":\"WebSite\",\"@id\":\"https:\/\/hobstop.ee\/lv\/#website\",\"url\":\"https:\/\/hobstop.ee\/lv\/\",\"name\":\"Skizze\",\"description\":\"M\u0101kslas, hobiju un skolas preces\",\"publisher\":{\"@id\":\"https:\/\/hobstop.ee\/lv\/#organization\"},\"potentialAction\":[{\"@type\":\"SearchAction\",\"target\":{\"@type\":\"EntryPoint\",\"urlTemplate\":\"https:\/\/hobstop.ee\/lv\/?s={search_term_string}\"},\"query-input\":{\"@type\":\"PropertyValueSpecification\",\"valueRequired\":true,\"valueName\":\"search_term_string\"}}],\"inLanguage\":\"lv-LV\"},{\"@type\":\"Organization\",\"@id\":\"https:\/\/hobstop.ee\/lv\/#organization\",\"name\":\"Vunder AS\",\"url\":\"https:\/\/hobstop.ee\/lv\/\",\"logo\":{\"@type\":\"ImageObject\",\"inLanguage\":\"lv-LV\",\"@id\":\"https:\/\/hobstop.ee\/lv\/#\/schema\/logo\/image\/\",\"url\":\"https:\/\/hobstop.ee\/media\/vunder-logo.png\",\"contentUrl\":\"https:\/\/hobstop.ee\/media\/vunder-logo.png\",\"width\":127,\"height\":55,\"caption\":\"Vunder AS\"},\"image\":{\"@id\":\"https:\/\/hobstop.ee\/lv\/#\/schema\/logo\/image\/\"},\"sameAs\":[\"http:\/\/www.facebook.com\/VunderSkizze\"]}]}<\/script>\n<!-- \/ Yoast SEO plugin. -->","yoast_head_json":{"title":"Mape L&B sasienama melna\/za\u013ca &#8211; Skizze","robots":{"index":"noindex","follow":"follow","max-snippet":"max-snippet:-1","max-image-preview":"max-image-preview:large","max-video-preview":"max-video-preview:-1"},"og_locale":"lv_LV","og_type":"article","og_title":"Mape L&B sasienama melna\/za\u013ca &#8211; Skizze","og_description":"S\u0113rija ir izstr\u0101d\u0101ta speci\u0101li t\u0113lot\u0101jm\u0101kslas darbu uzglab\u0101\u0161anai. \u0100rpus\u0113 tas p\u0101rkl\u0101ts ar apmalotu un kr\u0101sotu Annonay pap\u012bru, bet iek\u0161pus\u0113 izkl\u0101ts ar baltu, sk\u0101bes nesaturo\u0161u, aizsarg\u0101jo\u0161u pap\u012bru. Ar melnu audekli p\u0101rkl\u0101ta aizmugur\u0113j\u0101 da\u013ca un \u010detri st\u016bru aizsargelementi. Aiztais\u0101ms ar tr\u012bm meln\u0101m z\u012bda lent\u0113m.","og_url":"https:\/\/hobstop.ee\/lv\/produkts\/mape-lb-sasienama-melnazala\/","og_site_name":"Skizze","article_publisher":"http:\/\/www.facebook.com\/VunderSkizze","og_image":[{"width":1024,"height":768,"url":"https:\/\/hobstop.ee\/media\/4521.jpg","type":"image\/jpeg"}],"twitter_card":"summary_large_image","schema":{"@context":"https:\/\/schema.org","@graph":[{"@type":"WebPage","@id":"https:\/\/hobstop.ee\/lv\/produkts\/mape-lb-sasienama-melnazala\/","url":"https:\/\/hobstop.ee\/lv\/produkts\/mape-lb-sasienama-melnazala\/","name":"Mape L&B sasienama melna\/za\u013ca &#8211; Skizze","isPartOf":{"@id":"https:\/\/hobstop.ee\/lv\/#website"},"primaryImageOfPage":{"@id":"https:\/\/hobstop.ee\/lv\/produkts\/mape-lb-sasienama-melnazala\/#primaryimage"},"image":{"@id":"https:\/\/hobstop.ee\/lv\/produkts\/mape-lb-sasienama-melnazala\/#primaryimage"},"thumbnailUrl":"https:\/\/hobstop.ee\/media\/4521.jpg","datePublished":"2017-08-29T06:35:31+00:00","dateModified":"2017-08-29T06:35:31+00:00","breadcrumb":{"@id":"https:\/\/hobstop.ee\/lv\/produkts\/mape-lb-sasienama-melnazala\/#breadcrumb"},"inLanguage":"lv-LV","potentialAction":[{"@type":"ReadAction","target":["https:\/\/hobstop.ee\/lv\/produkts\/mape-lb-sasienama-melnazala\/"]}]},{"@type":"ImageObject","inLanguage":"lv-LV","@id":"https:\/\/hobstop.ee\/lv\/produkts\/mape-lb-sasienama-melnazala\/#primaryimage","url":"https:\/\/hobstop.ee\/media\/4521.jpg","contentUrl":"https:\/\/hobstop.ee\/media\/4521.jpg","width":1024,"height":768},{"@type":"BreadcrumbList","@id":"https:\/\/hobstop.ee\/lv\/produkts\/mape-lb-sasienama-melnazala\/#breadcrumb","itemListElement":[{"@type":"ListItem","position":1,"name":"Avaleht","item":"https:\/\/hobstop.ee\/lv\/"},{"@type":"ListItem","position":2,"name":"Veikals","item":"https:\/\/hobstop.ee\/lv\/veikals\/"},{"@type":"ListItem","position":3,"name":"Mape L&#038;B sasienama melna\/za\u013ca"}]},{"@type":"WebSite","@id":"https:\/\/hobstop.ee\/lv\/#website","url":"https:\/\/hobstop.ee\/lv\/","name":"Skizze","description":"M\u0101kslas, hobiju un skolas preces","publisher":{"@id":"https:\/\/hobstop.ee\/lv\/#organization"},"potentialAction":[{"@type":"SearchAction","target":{"@type":"EntryPoint","urlTemplate":"https:\/\/hobstop.ee\/lv\/?s={search_term_string}"},"query-input":{"@type":"PropertyValueSpecification","valueRequired":true,"valueName":"search_term_string"}}],"inLanguage":"lv-LV"},{"@type":"Organization","@id":"https:\/\/hobstop.ee\/lv\/#organization","name":"Vunder AS","url":"https:\/\/hobstop.ee\/lv\/","logo":{"@type":"ImageObject","inLanguage":"lv-LV","@id":"https:\/\/hobstop.ee\/lv\/#\/schema\/logo\/image\/","url":"https:\/\/hobstop.ee\/media\/vunder-logo.png","contentUrl":"https:\/\/hobstop.ee\/media\/vunder-logo.png","width":127,"height":55,"caption":"Vunder AS"},"image":{"@id":"https:\/\/hobstop.ee\/lv\/#\/schema\/logo\/image\/"},"sameAs":["http:\/\/www.facebook.com\/VunderSkizze"]}]}},"_links":{"self":[{"href":"https:\/\/hobstop.ee\/lv\/wp-json\/wp\/v2\/product\/292456","targetHints":{"allow":["GET"]}}],"collection":[{"href":"https:\/\/hobstop.ee\/lv\/wp-json\/wp\/v2\/product"}],"about":[{"href":"https:\/\/hobstop.ee\/lv\/wp-json\/wp\/v2\/types\/product"}],"replies":[{"embeddable":true,"href":"https:\/\/hobstop.ee\/lv\/wp-json\/wp\/v2\/comments?post=292456"}],"wp:featuredmedia":[{"embeddable":true,"href":"https:\/\/hobstop.ee\/lv\/wp-json\/wp\/v2\/media\/293909"}],"wp:attachment":[{"href":"https:\/\/hobstop.ee\/lv\/wp-json\/wp\/v2\/media?parent=292456"}],"wp:term":[{"taxonomy":"product_cat","embeddable":true,"href":"https:\/\/hobstop.ee\/lv\/wp-json\/wp\/v2\/product_cat?post=292456"},{"taxonomy":"product_tag","embeddable":true,"href":"https:\/\/hobstop.ee\/lv\/wp-json\/wp\/v2\/product_tag?post=292456"}],"curies":[{"name":"wp","href":"https:\/\/api.w.org\/{rel}","templated":true}]}}