{"id":292460,"date":"2017-08-29T09:35:33","date_gmt":"2017-08-29T06:35:33","guid":{"rendered":"https:\/\/sharks.ee\/vunder_2019\/lv\/product\/gela-pildspalva-pilot-maica\/"},"modified":"2017-08-29T09:35:33","modified_gmt":"2017-08-29T06:35:33","slug":"gela-pildspalva-pilot-maica","status":"publish","type":"product","link":"https:\/\/hobstop.ee\/lv\/produkts\/gela-pildspalva-pilot-maica\/","title":{"rendered":"G\u0113la pildspalva Pilot Maica"},"content":{"rendered":"<p>Pilot Maica \u2013 zvaigzne pildspalvu pasaul\u0113. T\u0101 izstaro izsmalcin\u0101t\u012bbu vis\u0101 sav\u0101 b\u016bt\u012bb\u0101. Izteikt\u0101 \u017eelejas tintes lod\u012bte un v\u0101ci\u0146\u0161 ar m\u0101ksl\u012bgo dimantu \u013cauj Maica sp\u012bd\u0113t un izcelties. Piel\u0101gojiet to sav\u0101m vajadz\u012bb\u0101m un padariet neatk\u0101rtojamu, izmantojot nepiecie\u0161amos l\u012bdzek\u013cus \u2013 stiprin\u0101jums uz v\u0101ci\u0146a \u013caus papildin\u0101t to ar siksni\u0146u vai dekorat\u012bviem amuletiem! Rot\u0101jums ar stiliz\u0113tu logo padara Pilot Maica par modes aksesu\u0101ru. Pieejama 6 kr\u0101s\u0101s. Rakstot, t\u0101 pie\u0161\u0137irs darbam lielisku pl\u016bsmu un vienm\u0113r\u012bbu. Lod\u012btes diametrs 0.4mm, rakst\u012b\u0161anas platums 0.2mm.<\/p>\n","protected":false},"excerpt":{"rendered":"<p>Pilot Maica \u2013 zvaigzne pildspalvu pasaul\u0113. T\u0101 izstaro izsmalcin\u0101t\u012bbu vis\u0101 sav\u0101 b\u016bt\u012bb\u0101. Izteikt\u0101 \u017eelejas tintes lod\u012bte un v\u0101ci\u0146\u0161 ar m\u0101ksl\u012bgo dimantu \u013cauj Maica sp\u012bd\u0113t un izcelties. Piel\u0101gojiet to sav\u0101m vajadz\u012bb\u0101m un padariet neatk\u0101rtojamu, izmantojot nepiecie\u0161amos l\u012bdzek\u013cus \u2013 stiprin\u0101jums uz v\u0101ci\u0146a \u013caus papildin\u0101t to ar siksni\u0146u vai dekorat\u012bviem amuletiem! Rot\u0101jums ar stiliz\u0113tu logo padara Pilot Maica par modes aksesu\u0101ru. Pieejama 6 kr\u0101s\u0101s. Rakstot, t\u0101 pie\u0161\u0137irs darbam lielisku pl\u016bsmu un vienm\u0113r\u012bbu. Lod\u012btes diametrs 0.4mm, rakst\u012b\u0161anas platums 0.2mm.<\/p>\n","protected":false},"featured_media":292869,"comment_status":"closed","ping_status":"closed","template":"","meta":{"_acf_changed":false,"ep_exclude_from_search":false},"product_cat":[19668,18519],"product_tag":[],"class_list":{"0":"post-292460","1":"product","2":"type-product","3":"status-publish","4":"has-post-thumbnail","6":"product_cat-gela-pildspalvas","7":"product_cat-rakstampiederumi-2","9":"first","10":"instock","11":"taxable","12":"shipping-taxable","13":"purchasable","14":"product-type-simple"},"acf":[],"yoast_head":"<!-- This site is optimized with the Yoast SEO plugin v24.1 - https:\/\/yoast.com\/wordpress\/plugins\/seo\/ -->\n<title>G\u0113la pildspalva Pilot Maica &#8211; Skizze<\/title>\n<meta name=\"robots\" content=\"noindex, follow, max-snippet:-1, max-image-preview:large, max-video-preview:-1\" \/>\n<meta property=\"og:locale\" content=\"lv_LV\" \/>\n<meta property=\"og:type\" content=\"article\" \/>\n<meta property=\"og:title\" content=\"G\u0113la pildspalva Pilot Maica &#8211; Skizze\" \/>\n<meta property=\"og:description\" content=\"Pilot Maica \u2013 zvaigzne pildspalvu pasaul\u0113. T\u0101 izstaro izsmalcin\u0101t\u012bbu vis\u0101 sav\u0101 b\u016bt\u012bb\u0101. Izteikt\u0101 \u017eelejas tintes lod\u012bte un v\u0101ci\u0146\u0161 ar m\u0101ksl\u012bgo dimantu \u013cauj Maica sp\u012bd\u0113t un izcelties. Piel\u0101gojiet to sav\u0101m vajadz\u012bb\u0101m un padariet neatk\u0101rtojamu, izmantojot nepiecie\u0161amos l\u012bdzek\u013cus \u2013 stiprin\u0101jums uz v\u0101ci\u0146a \u013caus papildin\u0101t to ar siksni\u0146u vai dekorat\u012bviem amuletiem! Rot\u0101jums ar stiliz\u0113tu logo padara Pilot Maica par modes aksesu\u0101ru. Pieejama 6 kr\u0101s\u0101s. Rakstot, t\u0101 pie\u0161\u0137irs darbam lielisku pl\u016bsmu un vienm\u0113r\u012bbu. Lod\u012btes diametrs 0.4mm, rakst\u012b\u0161anas platums 0.2mm.\" \/>\n<meta property=\"og:url\" content=\"https:\/\/hobstop.ee\/lv\/produkts\/gela-pildspalva-pilot-maica\/\" \/>\n<meta property=\"og:site_name\" content=\"Skizze\" \/>\n<meta property=\"article:publisher\" content=\"http:\/\/www.facebook.com\/VunderSkizze\" \/>\n<meta property=\"og:image\" content=\"https:\/\/hobstop.ee\/media\/4528.jpg\" \/>\n\t<meta property=\"og:image:width\" content=\"1024\" \/>\n\t<meta property=\"og:image:height\" content=\"768\" \/>\n\t<meta property=\"og:image:type\" content=\"image\/jpeg\" \/>\n<meta name=\"twitter:card\" content=\"summary_large_image\" \/>\n<meta name=\"twitter:label1\" content=\"Est. reading time\" \/>\n\t<meta name=\"twitter:data1\" content=\"1 min\u016b\u0161u\" \/>\n<script type=\"application\/ld+json\" class=\"yoast-schema-graph\">{\"@context\":\"https:\/\/schema.org\",\"@graph\":[{\"@type\":\"WebPage\",\"@id\":\"https:\/\/hobstop.ee\/lv\/produkts\/gela-pildspalva-pilot-maica\/\",\"url\":\"https:\/\/hobstop.ee\/lv\/produkts\/gela-pildspalva-pilot-maica\/\",\"name\":\"G\u0113la pildspalva Pilot Maica &#8211; Skizze\",\"isPartOf\":{\"@id\":\"https:\/\/hobstop.ee\/lv\/#website\"},\"primaryImageOfPage\":{\"@id\":\"https:\/\/hobstop.ee\/lv\/produkts\/gela-pildspalva-pilot-maica\/#primaryimage\"},\"image\":{\"@id\":\"https:\/\/hobstop.ee\/lv\/produkts\/gela-pildspalva-pilot-maica\/#primaryimage\"},\"thumbnailUrl\":\"https:\/\/hobstop.ee\/media\/4528.jpg\",\"datePublished\":\"2017-08-29T06:35:33+00:00\",\"dateModified\":\"2017-08-29T06:35:33+00:00\",\"breadcrumb\":{\"@id\":\"https:\/\/hobstop.ee\/lv\/produkts\/gela-pildspalva-pilot-maica\/#breadcrumb\"},\"inLanguage\":\"lv-LV\",\"potentialAction\":[{\"@type\":\"ReadAction\",\"target\":[\"https:\/\/hobstop.ee\/lv\/produkts\/gela-pildspalva-pilot-maica\/\"]}]},{\"@type\":\"ImageObject\",\"inLanguage\":\"lv-LV\",\"@id\":\"https:\/\/hobstop.ee\/lv\/produkts\/gela-pildspalva-pilot-maica\/#primaryimage\",\"url\":\"https:\/\/hobstop.ee\/media\/4528.jpg\",\"contentUrl\":\"https:\/\/hobstop.ee\/media\/4528.jpg\",\"width\":1024,\"height\":768},{\"@type\":\"BreadcrumbList\",\"@id\":\"https:\/\/hobstop.ee\/lv\/produkts\/gela-pildspalva-pilot-maica\/#breadcrumb\",\"itemListElement\":[{\"@type\":\"ListItem\",\"position\":1,\"name\":\"Avaleht\",\"item\":\"https:\/\/www.hobstop.ee\/lv\/\"},{\"@type\":\"ListItem\",\"position\":2,\"name\":\"Veikals\",\"item\":\"https:\/\/www.hobstop.ee\/lv\/veikals\/\"},{\"@type\":\"ListItem\",\"position\":3,\"name\":\"G\u0113la pildspalva Pilot Maica\"}]},{\"@type\":\"WebSite\",\"@id\":\"https:\/\/hobstop.ee\/lv\/#website\",\"url\":\"https:\/\/hobstop.ee\/lv\/\",\"name\":\"Skizze\",\"description\":\"M\u0101kslas, hobiju un skolas preces\",\"publisher\":{\"@id\":\"https:\/\/hobstop.ee\/lv\/#organization\"},\"potentialAction\":[{\"@type\":\"SearchAction\",\"target\":{\"@type\":\"EntryPoint\",\"urlTemplate\":\"https:\/\/hobstop.ee\/lv\/?s={search_term_string}\"},\"query-input\":{\"@type\":\"PropertyValueSpecification\",\"valueRequired\":true,\"valueName\":\"search_term_string\"}}],\"inLanguage\":\"lv-LV\"},{\"@type\":\"Organization\",\"@id\":\"https:\/\/hobstop.ee\/lv\/#organization\",\"name\":\"Vunder AS\",\"url\":\"https:\/\/hobstop.ee\/lv\/\",\"logo\":{\"@type\":\"ImageObject\",\"inLanguage\":\"lv-LV\",\"@id\":\"https:\/\/hobstop.ee\/lv\/#\/schema\/logo\/image\/\",\"url\":\"https:\/\/hobstop.ee\/media\/vunder-logo.png\",\"contentUrl\":\"https:\/\/hobstop.ee\/media\/vunder-logo.png\",\"width\":127,\"height\":55,\"caption\":\"Vunder AS\"},\"image\":{\"@id\":\"https:\/\/hobstop.ee\/lv\/#\/schema\/logo\/image\/\"},\"sameAs\":[\"http:\/\/www.facebook.com\/VunderSkizze\"]}]}<\/script>\n<!-- \/ Yoast SEO plugin. -->","yoast_head_json":{"title":"G\u0113la pildspalva Pilot Maica &#8211; Skizze","robots":{"index":"noindex","follow":"follow","max-snippet":"max-snippet:-1","max-image-preview":"max-image-preview:large","max-video-preview":"max-video-preview:-1"},"og_locale":"lv_LV","og_type":"article","og_title":"G\u0113la pildspalva Pilot Maica &#8211; Skizze","og_description":"Pilot Maica \u2013 zvaigzne pildspalvu pasaul\u0113. T\u0101 izstaro izsmalcin\u0101t\u012bbu vis\u0101 sav\u0101 b\u016bt\u012bb\u0101. Izteikt\u0101 \u017eelejas tintes lod\u012bte un v\u0101ci\u0146\u0161 ar m\u0101ksl\u012bgo dimantu \u013cauj Maica sp\u012bd\u0113t un izcelties. Piel\u0101gojiet to sav\u0101m vajadz\u012bb\u0101m un padariet neatk\u0101rtojamu, izmantojot nepiecie\u0161amos l\u012bdzek\u013cus \u2013 stiprin\u0101jums uz v\u0101ci\u0146a \u013caus papildin\u0101t to ar siksni\u0146u vai dekorat\u012bviem amuletiem! Rot\u0101jums ar stiliz\u0113tu logo padara Pilot Maica par modes aksesu\u0101ru. Pieejama 6 kr\u0101s\u0101s. Rakstot, t\u0101 pie\u0161\u0137irs darbam lielisku pl\u016bsmu un vienm\u0113r\u012bbu. Lod\u012btes diametrs 0.4mm, rakst\u012b\u0161anas platums 0.2mm.","og_url":"https:\/\/hobstop.ee\/lv\/produkts\/gela-pildspalva-pilot-maica\/","og_site_name":"Skizze","article_publisher":"http:\/\/www.facebook.com\/VunderSkizze","og_image":[{"width":1024,"height":768,"url":"https:\/\/hobstop.ee\/media\/4528.jpg","type":"image\/jpeg"}],"twitter_card":"summary_large_image","twitter_misc":{"Est. reading time":"1 min\u016b\u0161u"},"schema":{"@context":"https:\/\/schema.org","@graph":[{"@type":"WebPage","@id":"https:\/\/hobstop.ee\/lv\/produkts\/gela-pildspalva-pilot-maica\/","url":"https:\/\/hobstop.ee\/lv\/produkts\/gela-pildspalva-pilot-maica\/","name":"G\u0113la pildspalva Pilot Maica &#8211; Skizze","isPartOf":{"@id":"https:\/\/hobstop.ee\/lv\/#website"},"primaryImageOfPage":{"@id":"https:\/\/hobstop.ee\/lv\/produkts\/gela-pildspalva-pilot-maica\/#primaryimage"},"image":{"@id":"https:\/\/hobstop.ee\/lv\/produkts\/gela-pildspalva-pilot-maica\/#primaryimage"},"thumbnailUrl":"https:\/\/hobstop.ee\/media\/4528.jpg","datePublished":"2017-08-29T06:35:33+00:00","dateModified":"2017-08-29T06:35:33+00:00","breadcrumb":{"@id":"https:\/\/hobstop.ee\/lv\/produkts\/gela-pildspalva-pilot-maica\/#breadcrumb"},"inLanguage":"lv-LV","potentialAction":[{"@type":"ReadAction","target":["https:\/\/hobstop.ee\/lv\/produkts\/gela-pildspalva-pilot-maica\/"]}]},{"@type":"ImageObject","inLanguage":"lv-LV","@id":"https:\/\/hobstop.ee\/lv\/produkts\/gela-pildspalva-pilot-maica\/#primaryimage","url":"https:\/\/hobstop.ee\/media\/4528.jpg","contentUrl":"https:\/\/hobstop.ee\/media\/4528.jpg","width":1024,"height":768},{"@type":"BreadcrumbList","@id":"https:\/\/hobstop.ee\/lv\/produkts\/gela-pildspalva-pilot-maica\/#breadcrumb","itemListElement":[{"@type":"ListItem","position":1,"name":"Avaleht","item":"https:\/\/www.hobstop.ee\/lv\/"},{"@type":"ListItem","position":2,"name":"Veikals","item":"https:\/\/www.hobstop.ee\/lv\/veikals\/"},{"@type":"ListItem","position":3,"name":"G\u0113la pildspalva Pilot Maica"}]},{"@type":"WebSite","@id":"https:\/\/hobstop.ee\/lv\/#website","url":"https:\/\/hobstop.ee\/lv\/","name":"Skizze","description":"M\u0101kslas, hobiju un skolas preces","publisher":{"@id":"https:\/\/hobstop.ee\/lv\/#organization"},"potentialAction":[{"@type":"SearchAction","target":{"@type":"EntryPoint","urlTemplate":"https:\/\/hobstop.ee\/lv\/?s={search_term_string}"},"query-input":{"@type":"PropertyValueSpecification","valueRequired":true,"valueName":"search_term_string"}}],"inLanguage":"lv-LV"},{"@type":"Organization","@id":"https:\/\/hobstop.ee\/lv\/#organization","name":"Vunder AS","url":"https:\/\/hobstop.ee\/lv\/","logo":{"@type":"ImageObject","inLanguage":"lv-LV","@id":"https:\/\/hobstop.ee\/lv\/#\/schema\/logo\/image\/","url":"https:\/\/hobstop.ee\/media\/vunder-logo.png","contentUrl":"https:\/\/hobstop.ee\/media\/vunder-logo.png","width":127,"height":55,"caption":"Vunder AS"},"image":{"@id":"https:\/\/hobstop.ee\/lv\/#\/schema\/logo\/image\/"},"sameAs":["http:\/\/www.facebook.com\/VunderSkizze"]}]}},"_links":{"self":[{"href":"https:\/\/hobstop.ee\/lv\/wp-json\/wp\/v2\/product\/292460","targetHints":{"allow":["GET"]}}],"collection":[{"href":"https:\/\/hobstop.ee\/lv\/wp-json\/wp\/v2\/product"}],"about":[{"href":"https:\/\/hobstop.ee\/lv\/wp-json\/wp\/v2\/types\/product"}],"replies":[{"embeddable":true,"href":"https:\/\/hobstop.ee\/lv\/wp-json\/wp\/v2\/comments?post=292460"}],"wp:featuredmedia":[{"embeddable":true,"href":"https:\/\/hobstop.ee\/lv\/wp-json\/wp\/v2\/media\/292869"}],"wp:attachment":[{"href":"https:\/\/hobstop.ee\/lv\/wp-json\/wp\/v2\/media?parent=292460"}],"wp:term":[{"taxonomy":"product_cat","embeddable":true,"href":"https:\/\/hobstop.ee\/lv\/wp-json\/wp\/v2\/product_cat?post=292460"},{"taxonomy":"product_tag","embeddable":true,"href":"https:\/\/hobstop.ee\/lv\/wp-json\/wp\/v2\/product_tag?post=292460"}],"curies":[{"name":"wp","href":"https:\/\/api.w.org\/{rel}","templated":true}]}}