{"id":292492,"date":"2015-09-29T09:35:42","date_gmt":"2017-08-29T06:35:42","guid":{"rendered":"https:\/\/sharks.ee\/vunder_2019\/lv\/product\/fotopapirs-canson-infinity-platine-fibre-rag\/"},"modified":"2017-08-29T09:35:42","modified_gmt":"2017-08-29T06:35:42","slug":"fotopapirs-canson-infinity-platine-fibre-rag","status":"publish","type":"product","link":"https:\/\/hobstop.ee\/lv\/produkts\/fotopapirs-canson-infinity-platine-fibre-rag\/","title":{"rendered":"Fotopap\u012brs Canson Infinity Platine Fibre Rag"},"content":{"rendered":"<p>Unik\u0101la sastap\u0161an\u0101s \u2013 100% kokvilna un izteikti-balts t\u0113lot\u0101jm\u0101kslas pap\u012brs, kas nesatur optisko spilgtumu rado\u0161\u0101s piedevas, tas ir dabiski iztur\u012bgs pret noveco\u0161anu, satur mikroporainu tintes absorb\u0113\u0161anas sl\u0101ni, kas p\u0113c izskata un taustes atg\u0101dina tradicion\u0101lo bar\u012bta pamatu. Pateicoties melno un pel\u0113ko to\u0146u bl\u012bvumam, \u0161is pap\u012brs ir ide\u0101li piem\u0113rots melnbalt\u0101m fotogr\u0101fij\u0101m.<\/p>\n","protected":false},"excerpt":{"rendered":"<p>Unik\u0101la sastap\u0161an\u0101s \u2013 100% kokvilna un izteikti-balts t\u0113lot\u0101jm\u0101kslas pap\u012brs, kas nesatur optisko spilgtumu rado\u0161\u0101s piedevas, tas ir dabiski iztur\u012bgs pret noveco\u0161anu, satur mikroporainu tintes absorb\u0113\u0161anas sl\u0101ni, kas p\u0113c izskata un taustes atg\u0101dina tradicion\u0101lo bar\u012bta pamatu. Pateicoties melno un pel\u0113ko to\u0146u bl\u012bvumam, \u0161is pap\u012brs ir ide\u0101li piem\u0113rots melnbalt\u0101m fotogr\u0101fij\u0101m.<\/p>\n","protected":false},"featured_media":0,"comment_status":"closed","ping_status":"closed","template":"","meta":{"_acf_changed":false,"ep_exclude_from_search":false},"product_cat":[18660,18618,17921],"product_tag":[],"class_list":{"0":"post-292492","1":"product","2":"type-product","3":"status-publish","5":"product_cat-drukas-papirs","6":"product_cat-fotopapiri","7":"product_cat-papira-izstradajumi","9":"first","10":"instock","11":"taxable","12":"shipping-taxable","13":"purchasable","14":"product-type-variable"},"acf":[],"yoast_head":"<!-- This site is optimized with the Yoast SEO plugin v24.1 - https:\/\/yoast.com\/wordpress\/plugins\/seo\/ -->\n<title>Fotopap\u012brs Canson Infinity Platine Fibre Rag &#8211; Skizze<\/title>\n<meta name=\"robots\" content=\"noindex, follow, max-snippet:-1, max-image-preview:large, max-video-preview:-1\" \/>\n<meta property=\"og:locale\" content=\"lv_LV\" \/>\n<meta property=\"og:type\" content=\"article\" \/>\n<meta property=\"og:title\" content=\"Fotopap\u012brs Canson Infinity Platine Fibre Rag &#8211; Skizze\" \/>\n<meta property=\"og:description\" content=\"Unik\u0101la sastap\u0161an\u0101s \u2013 100% kokvilna un izteikti-balts t\u0113lot\u0101jm\u0101kslas pap\u012brs, kas nesatur optisko spilgtumu rado\u0161\u0101s piedevas, tas ir dabiski iztur\u012bgs pret noveco\u0161anu, satur mikroporainu tintes absorb\u0113\u0161anas sl\u0101ni, kas p\u0113c izskata un taustes atg\u0101dina tradicion\u0101lo bar\u012bta pamatu. Pateicoties melno un pel\u0113ko to\u0146u bl\u012bvumam, \u0161is pap\u012brs ir ide\u0101li piem\u0113rots melnbalt\u0101m fotogr\u0101fij\u0101m.\" \/>\n<meta property=\"og:url\" content=\"https:\/\/hobstop.ee\/lv\/produkts\/fotopapirs-canson-infinity-platine-fibre-rag\/\" \/>\n<meta property=\"og:site_name\" content=\"Skizze\" \/>\n<meta property=\"article:publisher\" content=\"http:\/\/www.facebook.com\/VunderSkizze\" \/>\n<meta name=\"twitter:card\" content=\"summary_large_image\" \/>\n<script type=\"application\/ld+json\" class=\"yoast-schema-graph\">{\"@context\":\"https:\/\/schema.org\",\"@graph\":[{\"@type\":\"WebPage\",\"@id\":\"https:\/\/hobstop.ee\/lv\/produkts\/fotopapirs-canson-infinity-platine-fibre-rag\/\",\"url\":\"https:\/\/hobstop.ee\/lv\/produkts\/fotopapirs-canson-infinity-platine-fibre-rag\/\",\"name\":\"Fotopap\u012brs Canson Infinity Platine Fibre Rag &#8211; Skizze\",\"isPartOf\":{\"@id\":\"https:\/\/hobstop.ee\/lv\/#website\"},\"datePublished\":\"2017-08-29T06:35:42+00:00\",\"dateModified\":\"2017-08-29T06:35:42+00:00\",\"breadcrumb\":{\"@id\":\"https:\/\/hobstop.ee\/lv\/produkts\/fotopapirs-canson-infinity-platine-fibre-rag\/#breadcrumb\"},\"inLanguage\":\"lv-LV\",\"potentialAction\":[{\"@type\":\"ReadAction\",\"target\":[\"https:\/\/hobstop.ee\/lv\/produkts\/fotopapirs-canson-infinity-platine-fibre-rag\/\"]}]},{\"@type\":\"BreadcrumbList\",\"@id\":\"https:\/\/hobstop.ee\/lv\/produkts\/fotopapirs-canson-infinity-platine-fibre-rag\/#breadcrumb\",\"itemListElement\":[{\"@type\":\"ListItem\",\"position\":1,\"name\":\"Avaleht\",\"item\":\"https:\/\/www.hobstop.ee\/lv\/\"},{\"@type\":\"ListItem\",\"position\":2,\"name\":\"Veikals\",\"item\":\"https:\/\/www.hobstop.ee\/lv\/veikals\/\"},{\"@type\":\"ListItem\",\"position\":3,\"name\":\"Fotopap\u012brs Canson Infinity Platine Fibre Rag\"}]},{\"@type\":\"WebSite\",\"@id\":\"https:\/\/hobstop.ee\/lv\/#website\",\"url\":\"https:\/\/hobstop.ee\/lv\/\",\"name\":\"Skizze\",\"description\":\"M\u0101kslas, hobiju un skolas preces\",\"publisher\":{\"@id\":\"https:\/\/hobstop.ee\/lv\/#organization\"},\"potentialAction\":[{\"@type\":\"SearchAction\",\"target\":{\"@type\":\"EntryPoint\",\"urlTemplate\":\"https:\/\/hobstop.ee\/lv\/?s={search_term_string}\"},\"query-input\":{\"@type\":\"PropertyValueSpecification\",\"valueRequired\":true,\"valueName\":\"search_term_string\"}}],\"inLanguage\":\"lv-LV\"},{\"@type\":\"Organization\",\"@id\":\"https:\/\/hobstop.ee\/lv\/#organization\",\"name\":\"Vunder AS\",\"url\":\"https:\/\/hobstop.ee\/lv\/\",\"logo\":{\"@type\":\"ImageObject\",\"inLanguage\":\"lv-LV\",\"@id\":\"https:\/\/hobstop.ee\/lv\/#\/schema\/logo\/image\/\",\"url\":\"https:\/\/hobstop.ee\/media\/vunder-logo.png\",\"contentUrl\":\"https:\/\/hobstop.ee\/media\/vunder-logo.png\",\"width\":127,\"height\":55,\"caption\":\"Vunder AS\"},\"image\":{\"@id\":\"https:\/\/hobstop.ee\/lv\/#\/schema\/logo\/image\/\"},\"sameAs\":[\"http:\/\/www.facebook.com\/VunderSkizze\"]}]}<\/script>\n<!-- \/ Yoast SEO plugin. -->","yoast_head_json":{"title":"Fotopap\u012brs Canson Infinity Platine Fibre Rag &#8211; Skizze","robots":{"index":"noindex","follow":"follow","max-snippet":"max-snippet:-1","max-image-preview":"max-image-preview:large","max-video-preview":"max-video-preview:-1"},"og_locale":"lv_LV","og_type":"article","og_title":"Fotopap\u012brs Canson Infinity Platine Fibre Rag &#8211; Skizze","og_description":"Unik\u0101la sastap\u0161an\u0101s \u2013 100% kokvilna un izteikti-balts t\u0113lot\u0101jm\u0101kslas pap\u012brs, kas nesatur optisko spilgtumu rado\u0161\u0101s piedevas, tas ir dabiski iztur\u012bgs pret noveco\u0161anu, satur mikroporainu tintes absorb\u0113\u0161anas sl\u0101ni, kas p\u0113c izskata un taustes atg\u0101dina tradicion\u0101lo bar\u012bta pamatu. Pateicoties melno un pel\u0113ko to\u0146u bl\u012bvumam, \u0161is pap\u012brs ir ide\u0101li piem\u0113rots melnbalt\u0101m fotogr\u0101fij\u0101m.","og_url":"https:\/\/hobstop.ee\/lv\/produkts\/fotopapirs-canson-infinity-platine-fibre-rag\/","og_site_name":"Skizze","article_publisher":"http:\/\/www.facebook.com\/VunderSkizze","twitter_card":"summary_large_image","schema":{"@context":"https:\/\/schema.org","@graph":[{"@type":"WebPage","@id":"https:\/\/hobstop.ee\/lv\/produkts\/fotopapirs-canson-infinity-platine-fibre-rag\/","url":"https:\/\/hobstop.ee\/lv\/produkts\/fotopapirs-canson-infinity-platine-fibre-rag\/","name":"Fotopap\u012brs Canson Infinity Platine Fibre Rag &#8211; Skizze","isPartOf":{"@id":"https:\/\/hobstop.ee\/lv\/#website"},"datePublished":"2017-08-29T06:35:42+00:00","dateModified":"2017-08-29T06:35:42+00:00","breadcrumb":{"@id":"https:\/\/hobstop.ee\/lv\/produkts\/fotopapirs-canson-infinity-platine-fibre-rag\/#breadcrumb"},"inLanguage":"lv-LV","potentialAction":[{"@type":"ReadAction","target":["https:\/\/hobstop.ee\/lv\/produkts\/fotopapirs-canson-infinity-platine-fibre-rag\/"]}]},{"@type":"BreadcrumbList","@id":"https:\/\/hobstop.ee\/lv\/produkts\/fotopapirs-canson-infinity-platine-fibre-rag\/#breadcrumb","itemListElement":[{"@type":"ListItem","position":1,"name":"Avaleht","item":"https:\/\/www.hobstop.ee\/lv\/"},{"@type":"ListItem","position":2,"name":"Veikals","item":"https:\/\/www.hobstop.ee\/lv\/veikals\/"},{"@type":"ListItem","position":3,"name":"Fotopap\u012brs Canson Infinity Platine Fibre Rag"}]},{"@type":"WebSite","@id":"https:\/\/hobstop.ee\/lv\/#website","url":"https:\/\/hobstop.ee\/lv\/","name":"Skizze","description":"M\u0101kslas, hobiju un skolas preces","publisher":{"@id":"https:\/\/hobstop.ee\/lv\/#organization"},"potentialAction":[{"@type":"SearchAction","target":{"@type":"EntryPoint","urlTemplate":"https:\/\/hobstop.ee\/lv\/?s={search_term_string}"},"query-input":{"@type":"PropertyValueSpecification","valueRequired":true,"valueName":"search_term_string"}}],"inLanguage":"lv-LV"},{"@type":"Organization","@id":"https:\/\/hobstop.ee\/lv\/#organization","name":"Vunder AS","url":"https:\/\/hobstop.ee\/lv\/","logo":{"@type":"ImageObject","inLanguage":"lv-LV","@id":"https:\/\/hobstop.ee\/lv\/#\/schema\/logo\/image\/","url":"https:\/\/hobstop.ee\/media\/vunder-logo.png","contentUrl":"https:\/\/hobstop.ee\/media\/vunder-logo.png","width":127,"height":55,"caption":"Vunder AS"},"image":{"@id":"https:\/\/hobstop.ee\/lv\/#\/schema\/logo\/image\/"},"sameAs":["http:\/\/www.facebook.com\/VunderSkizze"]}]}},"_links":{"self":[{"href":"https:\/\/hobstop.ee\/lv\/wp-json\/wp\/v2\/product\/292492","targetHints":{"allow":["GET"]}}],"collection":[{"href":"https:\/\/hobstop.ee\/lv\/wp-json\/wp\/v2\/product"}],"about":[{"href":"https:\/\/hobstop.ee\/lv\/wp-json\/wp\/v2\/types\/product"}],"replies":[{"embeddable":true,"href":"https:\/\/hobstop.ee\/lv\/wp-json\/wp\/v2\/comments?post=292492"}],"wp:attachment":[{"href":"https:\/\/hobstop.ee\/lv\/wp-json\/wp\/v2\/media?parent=292492"}],"wp:term":[{"taxonomy":"product_cat","embeddable":true,"href":"https:\/\/hobstop.ee\/lv\/wp-json\/wp\/v2\/product_cat?post=292492"},{"taxonomy":"product_tag","embeddable":true,"href":"https:\/\/hobstop.ee\/lv\/wp-json\/wp\/v2\/product_tag?post=292492"}],"curies":[{"name":"wp","href":"https:\/\/api.w.org\/{rel}","templated":true}]}}