{"id":293396,"date":"2017-09-08T12:56:24","date_gmt":"2017-09-08T09:56:24","guid":{"rendered":"https:\/\/sharks.ee\/vunder_2019\/lv\/product\/putuplasts-canson-mousse\/"},"modified":"2017-09-08T12:56:24","modified_gmt":"2017-09-08T09:56:24","slug":"putuplasts-canson-mousse","status":"publish","type":"product","link":"https:\/\/hobstop.ee\/lv\/produkts\/putuplasts-canson-mousse\/","title":{"rendered":"Putuplasts Canson Mousse"},"content":{"rendered":"<p>Ide\u0101li piem\u0113rots ikdienas lieto\u0161anai. \u0160\u012bs viegl\u0101s pl\u0101tnes ir izgatavotas no polistirola un ir sader\u012bgas ar visu veidu l\u012bm\u0113m, kas nesatur \u0161\u0137\u012bdin\u0101t\u0101ju. Tas nesatur hlorfluor\u016bde\u0146radi (CFC) un laika gait\u0101 nes\u0101k dzelt\u0113t. To var izmantot vis\u0101m rado\u0161aj\u0101m darb\u012bb\u0101m (apdarei, model\u0113\u0161anai, amatniec\u012bbai u.c.), kam nepiecie\u0161ami ekonomiski materi\u0101li.<\/p>\n","protected":false},"excerpt":{"rendered":"<p>Ide\u0101li piem\u0113rots ikdienas lieto\u0161anai. \u0160\u012bs viegl\u0101s pl\u0101tnes ir izgatavotas no polistirola un ir sader\u012bgas ar visu veidu l\u012bm\u0113m, kas nesatur \u0161\u0137\u012bdin\u0101t\u0101ju. Tas nesatur hlorfluor\u016bde\u0146radi (CFC) un laika gait\u0101 nes\u0101k dzelt\u0113t. To var izmantot vis\u0101m rado\u0161aj\u0101m darb\u012bb\u0101m (apdarei, model\u0113\u0161anai, amatniec\u012bbai u.c.), kam nepiecie\u0161ami ekonomiski materi\u0101li.<\/p>\n","protected":false},"featured_media":293861,"comment_status":"closed","ping_status":"closed","template":"","meta":{"_acf_changed":false,"ep_exclude_from_search":false},"product_cat":[19932,17921],"product_tag":[],"class_list":{"0":"post-293396","1":"product","2":"type-product","3":"status-publish","4":"has-post-thumbnail","6":"product_cat-dazadi-42","7":"product_cat-papira-izstradajumi","9":"first","10":"outofstock","11":"taxable","12":"shipping-taxable","13":"purchasable","14":"product-type-simple"},"acf":[],"yoast_head":"<!-- This site is optimized with the Yoast SEO plugin v24.1 - https:\/\/yoast.com\/wordpress\/plugins\/seo\/ -->\n<title>Putuplasts Canson Mousse &#8211; Skizze<\/title>\n<meta name=\"robots\" content=\"noindex, follow, max-snippet:-1, max-image-preview:large, max-video-preview:-1\" \/>\n<meta property=\"og:locale\" content=\"lv_LV\" \/>\n<meta property=\"og:type\" content=\"article\" \/>\n<meta property=\"og:title\" content=\"Putuplasts Canson Mousse &#8211; Skizze\" \/>\n<meta property=\"og:description\" content=\"Ide\u0101li piem\u0113rots ikdienas lieto\u0161anai. \u0160\u012bs viegl\u0101s pl\u0101tnes ir izgatavotas no polistirola un ir sader\u012bgas ar visu veidu l\u012bm\u0113m, kas nesatur \u0161\u0137\u012bdin\u0101t\u0101ju. Tas nesatur hlorfluor\u016bde\u0146radi (CFC) un laika gait\u0101 nes\u0101k dzelt\u0113t. To var izmantot vis\u0101m rado\u0161aj\u0101m darb\u012bb\u0101m (apdarei, model\u0113\u0161anai, amatniec\u012bbai u.c.), kam nepiecie\u0161ami ekonomiski materi\u0101li.\" \/>\n<meta property=\"og:url\" content=\"https:\/\/hobstop.ee\/lv\/produkts\/putuplasts-canson-mousse\/\" \/>\n<meta property=\"og:site_name\" content=\"Skizze\" \/>\n<meta property=\"article:publisher\" content=\"http:\/\/www.facebook.com\/VunderSkizze\" \/>\n<meta property=\"og:image\" content=\"https:\/\/hobstop.ee\/media\/4625.jpg\" \/>\n\t<meta property=\"og:image:width\" content=\"1024\" \/>\n\t<meta property=\"og:image:height\" content=\"768\" \/>\n\t<meta property=\"og:image:type\" content=\"image\/jpeg\" \/>\n<meta name=\"twitter:card\" content=\"summary_large_image\" \/>\n<script type=\"application\/ld+json\" class=\"yoast-schema-graph\">{\"@context\":\"https:\/\/schema.org\",\"@graph\":[{\"@type\":\"WebPage\",\"@id\":\"https:\/\/hobstop.ee\/lv\/produkts\/putuplasts-canson-mousse\/\",\"url\":\"https:\/\/hobstop.ee\/lv\/produkts\/putuplasts-canson-mousse\/\",\"name\":\"Putuplasts Canson Mousse &#8211; Skizze\",\"isPartOf\":{\"@id\":\"https:\/\/hobstop.ee\/lv\/#website\"},\"primaryImageOfPage\":{\"@id\":\"https:\/\/hobstop.ee\/lv\/produkts\/putuplasts-canson-mousse\/#primaryimage\"},\"image\":{\"@id\":\"https:\/\/hobstop.ee\/lv\/produkts\/putuplasts-canson-mousse\/#primaryimage\"},\"thumbnailUrl\":\"https:\/\/hobstop.ee\/media\/4625.jpg\",\"datePublished\":\"2017-09-08T09:56:24+00:00\",\"dateModified\":\"2017-09-08T09:56:24+00:00\",\"breadcrumb\":{\"@id\":\"https:\/\/hobstop.ee\/lv\/produkts\/putuplasts-canson-mousse\/#breadcrumb\"},\"inLanguage\":\"lv-LV\",\"potentialAction\":[{\"@type\":\"ReadAction\",\"target\":[\"https:\/\/hobstop.ee\/lv\/produkts\/putuplasts-canson-mousse\/\"]}]},{\"@type\":\"ImageObject\",\"inLanguage\":\"lv-LV\",\"@id\":\"https:\/\/hobstop.ee\/lv\/produkts\/putuplasts-canson-mousse\/#primaryimage\",\"url\":\"https:\/\/hobstop.ee\/media\/4625.jpg\",\"contentUrl\":\"https:\/\/hobstop.ee\/media\/4625.jpg\",\"width\":1024,\"height\":768},{\"@type\":\"BreadcrumbList\",\"@id\":\"https:\/\/hobstop.ee\/lv\/produkts\/putuplasts-canson-mousse\/#breadcrumb\",\"itemListElement\":[{\"@type\":\"ListItem\",\"position\":1,\"name\":\"Avaleht\",\"item\":\"https:\/\/hobstop.ee\/lv\/\"},{\"@type\":\"ListItem\",\"position\":2,\"name\":\"Veikals\",\"item\":\"https:\/\/hobstop.ee\/lv\/veikals\/\"},{\"@type\":\"ListItem\",\"position\":3,\"name\":\"Putuplasts Canson Mousse\"}]},{\"@type\":\"WebSite\",\"@id\":\"https:\/\/hobstop.ee\/lv\/#website\",\"url\":\"https:\/\/hobstop.ee\/lv\/\",\"name\":\"Skizze\",\"description\":\"M\u0101kslas, hobiju un skolas preces\",\"publisher\":{\"@id\":\"https:\/\/hobstop.ee\/lv\/#organization\"},\"potentialAction\":[{\"@type\":\"SearchAction\",\"target\":{\"@type\":\"EntryPoint\",\"urlTemplate\":\"https:\/\/hobstop.ee\/lv\/?s={search_term_string}\"},\"query-input\":{\"@type\":\"PropertyValueSpecification\",\"valueRequired\":true,\"valueName\":\"search_term_string\"}}],\"inLanguage\":\"lv-LV\"},{\"@type\":\"Organization\",\"@id\":\"https:\/\/hobstop.ee\/lv\/#organization\",\"name\":\"Vunder AS\",\"url\":\"https:\/\/hobstop.ee\/lv\/\",\"logo\":{\"@type\":\"ImageObject\",\"inLanguage\":\"lv-LV\",\"@id\":\"https:\/\/hobstop.ee\/lv\/#\/schema\/logo\/image\/\",\"url\":\"https:\/\/hobstop.ee\/media\/vunder-logo.png\",\"contentUrl\":\"https:\/\/hobstop.ee\/media\/vunder-logo.png\",\"width\":127,\"height\":55,\"caption\":\"Vunder AS\"},\"image\":{\"@id\":\"https:\/\/hobstop.ee\/lv\/#\/schema\/logo\/image\/\"},\"sameAs\":[\"http:\/\/www.facebook.com\/VunderSkizze\"]}]}<\/script>\n<!-- \/ Yoast SEO plugin. -->","yoast_head_json":{"title":"Putuplasts Canson Mousse &#8211; Skizze","robots":{"index":"noindex","follow":"follow","max-snippet":"max-snippet:-1","max-image-preview":"max-image-preview:large","max-video-preview":"max-video-preview:-1"},"og_locale":"lv_LV","og_type":"article","og_title":"Putuplasts Canson Mousse &#8211; Skizze","og_description":"Ide\u0101li piem\u0113rots ikdienas lieto\u0161anai. \u0160\u012bs viegl\u0101s pl\u0101tnes ir izgatavotas no polistirola un ir sader\u012bgas ar visu veidu l\u012bm\u0113m, kas nesatur \u0161\u0137\u012bdin\u0101t\u0101ju. Tas nesatur hlorfluor\u016bde\u0146radi (CFC) un laika gait\u0101 nes\u0101k dzelt\u0113t. To var izmantot vis\u0101m rado\u0161aj\u0101m darb\u012bb\u0101m (apdarei, model\u0113\u0161anai, amatniec\u012bbai u.c.), kam nepiecie\u0161ami ekonomiski materi\u0101li.","og_url":"https:\/\/hobstop.ee\/lv\/produkts\/putuplasts-canson-mousse\/","og_site_name":"Skizze","article_publisher":"http:\/\/www.facebook.com\/VunderSkizze","og_image":[{"width":1024,"height":768,"url":"https:\/\/hobstop.ee\/media\/4625.jpg","type":"image\/jpeg"}],"twitter_card":"summary_large_image","schema":{"@context":"https:\/\/schema.org","@graph":[{"@type":"WebPage","@id":"https:\/\/hobstop.ee\/lv\/produkts\/putuplasts-canson-mousse\/","url":"https:\/\/hobstop.ee\/lv\/produkts\/putuplasts-canson-mousse\/","name":"Putuplasts Canson Mousse &#8211; Skizze","isPartOf":{"@id":"https:\/\/hobstop.ee\/lv\/#website"},"primaryImageOfPage":{"@id":"https:\/\/hobstop.ee\/lv\/produkts\/putuplasts-canson-mousse\/#primaryimage"},"image":{"@id":"https:\/\/hobstop.ee\/lv\/produkts\/putuplasts-canson-mousse\/#primaryimage"},"thumbnailUrl":"https:\/\/hobstop.ee\/media\/4625.jpg","datePublished":"2017-09-08T09:56:24+00:00","dateModified":"2017-09-08T09:56:24+00:00","breadcrumb":{"@id":"https:\/\/hobstop.ee\/lv\/produkts\/putuplasts-canson-mousse\/#breadcrumb"},"inLanguage":"lv-LV","potentialAction":[{"@type":"ReadAction","target":["https:\/\/hobstop.ee\/lv\/produkts\/putuplasts-canson-mousse\/"]}]},{"@type":"ImageObject","inLanguage":"lv-LV","@id":"https:\/\/hobstop.ee\/lv\/produkts\/putuplasts-canson-mousse\/#primaryimage","url":"https:\/\/hobstop.ee\/media\/4625.jpg","contentUrl":"https:\/\/hobstop.ee\/media\/4625.jpg","width":1024,"height":768},{"@type":"BreadcrumbList","@id":"https:\/\/hobstop.ee\/lv\/produkts\/putuplasts-canson-mousse\/#breadcrumb","itemListElement":[{"@type":"ListItem","position":1,"name":"Avaleht","item":"https:\/\/hobstop.ee\/lv\/"},{"@type":"ListItem","position":2,"name":"Veikals","item":"https:\/\/hobstop.ee\/lv\/veikals\/"},{"@type":"ListItem","position":3,"name":"Putuplasts Canson Mousse"}]},{"@type":"WebSite","@id":"https:\/\/hobstop.ee\/lv\/#website","url":"https:\/\/hobstop.ee\/lv\/","name":"Skizze","description":"M\u0101kslas, hobiju un skolas preces","publisher":{"@id":"https:\/\/hobstop.ee\/lv\/#organization"},"potentialAction":[{"@type":"SearchAction","target":{"@type":"EntryPoint","urlTemplate":"https:\/\/hobstop.ee\/lv\/?s={search_term_string}"},"query-input":{"@type":"PropertyValueSpecification","valueRequired":true,"valueName":"search_term_string"}}],"inLanguage":"lv-LV"},{"@type":"Organization","@id":"https:\/\/hobstop.ee\/lv\/#organization","name":"Vunder AS","url":"https:\/\/hobstop.ee\/lv\/","logo":{"@type":"ImageObject","inLanguage":"lv-LV","@id":"https:\/\/hobstop.ee\/lv\/#\/schema\/logo\/image\/","url":"https:\/\/hobstop.ee\/media\/vunder-logo.png","contentUrl":"https:\/\/hobstop.ee\/media\/vunder-logo.png","width":127,"height":55,"caption":"Vunder AS"},"image":{"@id":"https:\/\/hobstop.ee\/lv\/#\/schema\/logo\/image\/"},"sameAs":["http:\/\/www.facebook.com\/VunderSkizze"]}]}},"_links":{"self":[{"href":"https:\/\/hobstop.ee\/lv\/wp-json\/wp\/v2\/product\/293396","targetHints":{"allow":["GET"]}}],"collection":[{"href":"https:\/\/hobstop.ee\/lv\/wp-json\/wp\/v2\/product"}],"about":[{"href":"https:\/\/hobstop.ee\/lv\/wp-json\/wp\/v2\/types\/product"}],"replies":[{"embeddable":true,"href":"https:\/\/hobstop.ee\/lv\/wp-json\/wp\/v2\/comments?post=293396"}],"wp:featuredmedia":[{"embeddable":true,"href":"https:\/\/hobstop.ee\/lv\/wp-json\/wp\/v2\/media\/293861"}],"wp:attachment":[{"href":"https:\/\/hobstop.ee\/lv\/wp-json\/wp\/v2\/media?parent=293396"}],"wp:term":[{"taxonomy":"product_cat","embeddable":true,"href":"https:\/\/hobstop.ee\/lv\/wp-json\/wp\/v2\/product_cat?post=293396"},{"taxonomy":"product_tag","embeddable":true,"href":"https:\/\/hobstop.ee\/lv\/wp-json\/wp\/v2\/product_tag?post=293396"}],"curies":[{"name":"wp","href":"https:\/\/api.w.org\/{rel}","templated":true}]}}