{"id":293408,"date":"2017-09-08T12:56:27","date_gmt":"2017-09-08T09:56:27","guid":{"rendered":"https:\/\/sharks.ee\/vunder_2019\/lv\/product\/rasesanas-papira-bloks-canson-xl-bristol\/"},"modified":"2017-09-08T12:56:27","modified_gmt":"2017-09-08T09:56:27","slug":"rasesanas-papira-bloks-canson-xl-bristol","status":"publish","type":"product","link":"https:\/\/hobstop.ee\/lv\/produkts\/rasesanas-papira-bloks-canson-xl-bristol\/","title":{"rendered":"Ras\u0113\u0161anas pap\u012bra bloks Canson XL Bristol"},"content":{"rendered":"<p>Canson XL Bristol pap\u012brs ar sat\u012bna apdari ir izteikti balts un \u013coti gluds. Augsta iztur\u012bba, nemain\u0101s atk\u0101rtotu korekciju gad\u012bjum\u0101, izmantojot nokas\u012b\u0161anas metodi vai dz\u0113\u0161anu. Ide\u0101li piem\u0113rots darbam ar z\u012bmu\u013ciem, pildspalv\u0101m, tintes pildspalv\u0101m, aerogr\u0101fiem, pl\u016bdumu rad\u012b\u0161anai vai jebkurai tehnikai, kurai nepiecie\u0161ama gluda virsma un izteiktas l\u012bnijas.<\/p>\n","protected":false},"excerpt":{"rendered":"<p>Canson XL Bristol pap\u012brs ar sat\u012bna apdari ir izteikti balts un \u013coti gluds. Augsta iztur\u012bba, nemain\u0101s atk\u0101rtotu korekciju gad\u012bjum\u0101, izmantojot nokas\u012b\u0161anas metodi vai dz\u0113\u0161anu. Ide\u0101li piem\u0113rots darbam ar z\u012bmu\u013ciem, pildspalv\u0101m, tintes pildspalv\u0101m, aerogr\u0101fiem, pl\u016bdumu rad\u012b\u0161anai vai jebkurai tehnikai, kurai nepiecie\u0161ama gluda virsma un izteiktas l\u012bnijas.<\/p>\n","protected":false},"featured_media":354415,"comment_status":"closed","ping_status":"closed","template":"","meta":{"_acf_changed":false,"ep_exclude_from_search":false},"product_cat":[18943,17921,19024],"product_tag":[],"class_list":{"0":"post-293408","1":"product","2":"type-product","3":"status-publish","4":"has-post-thumbnail","6":"product_cat-makslas-papirs-un-kartons-2","7":"product_cat-papira-izstradajumi","8":"product_cat-zimesanas-papirs-un-bloki-3","10":"first","11":"outofstock","12":"taxable","13":"shipping-taxable","14":"purchasable","15":"product-type-simple"},"acf":[],"yoast_head":"<!-- This site is optimized with the Yoast SEO plugin v24.1 - https:\/\/yoast.com\/wordpress\/plugins\/seo\/ -->\n<title>Ras\u0113\u0161anas pap\u012bra bloks Canson XL Bristol &#8211; Skizze<\/title>\n<meta name=\"robots\" content=\"noindex, follow, max-snippet:-1, max-image-preview:large, max-video-preview:-1\" \/>\n<meta property=\"og:locale\" content=\"lv_LV\" \/>\n<meta property=\"og:type\" content=\"article\" \/>\n<meta property=\"og:title\" content=\"Ras\u0113\u0161anas pap\u012bra bloks Canson XL Bristol &#8211; Skizze\" \/>\n<meta property=\"og:description\" content=\"Canson XL Bristol pap\u012brs ar sat\u012bna apdari ir izteikti balts un \u013coti gluds. Augsta iztur\u012bba, nemain\u0101s atk\u0101rtotu korekciju gad\u012bjum\u0101, izmantojot nokas\u012b\u0161anas metodi vai dz\u0113\u0161anu. Ide\u0101li piem\u0113rots darbam ar z\u012bmu\u013ciem, pildspalv\u0101m, tintes pildspalv\u0101m, aerogr\u0101fiem, pl\u016bdumu rad\u012b\u0161anai vai jebkurai tehnikai, kurai nepiecie\u0161ama gluda virsma un izteiktas l\u012bnijas.\" \/>\n<meta property=\"og:url\" content=\"https:\/\/hobstop.ee\/lv\/produkts\/rasesanas-papira-bloks-canson-xl-bristol\/\" \/>\n<meta property=\"og:site_name\" content=\"Skizze\" \/>\n<meta property=\"article:publisher\" content=\"http:\/\/www.facebook.com\/VunderSkizze\" \/>\n<meta property=\"og:image\" content=\"https:\/\/hobstop.ee\/media\/4629.jpg\" \/>\n\t<meta property=\"og:image:width\" content=\"1024\" \/>\n\t<meta property=\"og:image:height\" content=\"768\" \/>\n\t<meta property=\"og:image:type\" content=\"image\/jpeg\" \/>\n<meta name=\"twitter:card\" content=\"summary_large_image\" \/>\n<script type=\"application\/ld+json\" class=\"yoast-schema-graph\">{\"@context\":\"https:\/\/schema.org\",\"@graph\":[{\"@type\":\"WebPage\",\"@id\":\"https:\/\/hobstop.ee\/lv\/produkts\/rasesanas-papira-bloks-canson-xl-bristol\/\",\"url\":\"https:\/\/hobstop.ee\/lv\/produkts\/rasesanas-papira-bloks-canson-xl-bristol\/\",\"name\":\"Ras\u0113\u0161anas pap\u012bra bloks Canson XL Bristol &#8211; Skizze\",\"isPartOf\":{\"@id\":\"https:\/\/hobstop.ee\/lv\/#website\"},\"primaryImageOfPage\":{\"@id\":\"https:\/\/hobstop.ee\/lv\/produkts\/rasesanas-papira-bloks-canson-xl-bristol\/#primaryimage\"},\"image\":{\"@id\":\"https:\/\/hobstop.ee\/lv\/produkts\/rasesanas-papira-bloks-canson-xl-bristol\/#primaryimage\"},\"thumbnailUrl\":\"https:\/\/hobstop.ee\/media\/4629.jpg\",\"datePublished\":\"2017-09-08T09:56:27+00:00\",\"dateModified\":\"2017-09-08T09:56:27+00:00\",\"breadcrumb\":{\"@id\":\"https:\/\/hobstop.ee\/lv\/produkts\/rasesanas-papira-bloks-canson-xl-bristol\/#breadcrumb\"},\"inLanguage\":\"lv-LV\",\"potentialAction\":[{\"@type\":\"ReadAction\",\"target\":[\"https:\/\/hobstop.ee\/lv\/produkts\/rasesanas-papira-bloks-canson-xl-bristol\/\"]}]},{\"@type\":\"ImageObject\",\"inLanguage\":\"lv-LV\",\"@id\":\"https:\/\/hobstop.ee\/lv\/produkts\/rasesanas-papira-bloks-canson-xl-bristol\/#primaryimage\",\"url\":\"https:\/\/hobstop.ee\/media\/4629.jpg\",\"contentUrl\":\"https:\/\/hobstop.ee\/media\/4629.jpg\",\"width\":1024,\"height\":768},{\"@type\":\"BreadcrumbList\",\"@id\":\"https:\/\/hobstop.ee\/lv\/produkts\/rasesanas-papira-bloks-canson-xl-bristol\/#breadcrumb\",\"itemListElement\":[{\"@type\":\"ListItem\",\"position\":1,\"name\":\"Avaleht\",\"item\":\"https:\/\/www.hobstop.ee\/lv\/\"},{\"@type\":\"ListItem\",\"position\":2,\"name\":\"Veikals\",\"item\":\"https:\/\/www.hobstop.ee\/lv\/veikals\/\"},{\"@type\":\"ListItem\",\"position\":3,\"name\":\"Ras\u0113\u0161anas pap\u012bra bloks Canson XL Bristol\"}]},{\"@type\":\"WebSite\",\"@id\":\"https:\/\/hobstop.ee\/lv\/#website\",\"url\":\"https:\/\/hobstop.ee\/lv\/\",\"name\":\"Skizze\",\"description\":\"M\u0101kslas, hobiju un skolas preces\",\"publisher\":{\"@id\":\"https:\/\/hobstop.ee\/lv\/#organization\"},\"potentialAction\":[{\"@type\":\"SearchAction\",\"target\":{\"@type\":\"EntryPoint\",\"urlTemplate\":\"https:\/\/hobstop.ee\/lv\/?s={search_term_string}\"},\"query-input\":{\"@type\":\"PropertyValueSpecification\",\"valueRequired\":true,\"valueName\":\"search_term_string\"}}],\"inLanguage\":\"lv-LV\"},{\"@type\":\"Organization\",\"@id\":\"https:\/\/hobstop.ee\/lv\/#organization\",\"name\":\"Vunder AS\",\"url\":\"https:\/\/hobstop.ee\/lv\/\",\"logo\":{\"@type\":\"ImageObject\",\"inLanguage\":\"lv-LV\",\"@id\":\"https:\/\/hobstop.ee\/lv\/#\/schema\/logo\/image\/\",\"url\":\"https:\/\/hobstop.ee\/media\/vunder-logo.png\",\"contentUrl\":\"https:\/\/hobstop.ee\/media\/vunder-logo.png\",\"width\":127,\"height\":55,\"caption\":\"Vunder AS\"},\"image\":{\"@id\":\"https:\/\/hobstop.ee\/lv\/#\/schema\/logo\/image\/\"},\"sameAs\":[\"http:\/\/www.facebook.com\/VunderSkizze\"]}]}<\/script>\n<!-- \/ Yoast SEO plugin. -->","yoast_head_json":{"title":"Ras\u0113\u0161anas pap\u012bra bloks Canson XL Bristol &#8211; Skizze","robots":{"index":"noindex","follow":"follow","max-snippet":"max-snippet:-1","max-image-preview":"max-image-preview:large","max-video-preview":"max-video-preview:-1"},"og_locale":"lv_LV","og_type":"article","og_title":"Ras\u0113\u0161anas pap\u012bra bloks Canson XL Bristol &#8211; Skizze","og_description":"Canson XL Bristol pap\u012brs ar sat\u012bna apdari ir izteikti balts un \u013coti gluds. Augsta iztur\u012bba, nemain\u0101s atk\u0101rtotu korekciju gad\u012bjum\u0101, izmantojot nokas\u012b\u0161anas metodi vai dz\u0113\u0161anu. Ide\u0101li piem\u0113rots darbam ar z\u012bmu\u013ciem, pildspalv\u0101m, tintes pildspalv\u0101m, aerogr\u0101fiem, pl\u016bdumu rad\u012b\u0161anai vai jebkurai tehnikai, kurai nepiecie\u0161ama gluda virsma un izteiktas l\u012bnijas.","og_url":"https:\/\/hobstop.ee\/lv\/produkts\/rasesanas-papira-bloks-canson-xl-bristol\/","og_site_name":"Skizze","article_publisher":"http:\/\/www.facebook.com\/VunderSkizze","og_image":[{"width":1024,"height":768,"url":"https:\/\/hobstop.ee\/media\/4629.jpg","type":"image\/jpeg"}],"twitter_card":"summary_large_image","schema":{"@context":"https:\/\/schema.org","@graph":[{"@type":"WebPage","@id":"https:\/\/hobstop.ee\/lv\/produkts\/rasesanas-papira-bloks-canson-xl-bristol\/","url":"https:\/\/hobstop.ee\/lv\/produkts\/rasesanas-papira-bloks-canson-xl-bristol\/","name":"Ras\u0113\u0161anas pap\u012bra bloks Canson XL Bristol &#8211; Skizze","isPartOf":{"@id":"https:\/\/hobstop.ee\/lv\/#website"},"primaryImageOfPage":{"@id":"https:\/\/hobstop.ee\/lv\/produkts\/rasesanas-papira-bloks-canson-xl-bristol\/#primaryimage"},"image":{"@id":"https:\/\/hobstop.ee\/lv\/produkts\/rasesanas-papira-bloks-canson-xl-bristol\/#primaryimage"},"thumbnailUrl":"https:\/\/hobstop.ee\/media\/4629.jpg","datePublished":"2017-09-08T09:56:27+00:00","dateModified":"2017-09-08T09:56:27+00:00","breadcrumb":{"@id":"https:\/\/hobstop.ee\/lv\/produkts\/rasesanas-papira-bloks-canson-xl-bristol\/#breadcrumb"},"inLanguage":"lv-LV","potentialAction":[{"@type":"ReadAction","target":["https:\/\/hobstop.ee\/lv\/produkts\/rasesanas-papira-bloks-canson-xl-bristol\/"]}]},{"@type":"ImageObject","inLanguage":"lv-LV","@id":"https:\/\/hobstop.ee\/lv\/produkts\/rasesanas-papira-bloks-canson-xl-bristol\/#primaryimage","url":"https:\/\/hobstop.ee\/media\/4629.jpg","contentUrl":"https:\/\/hobstop.ee\/media\/4629.jpg","width":1024,"height":768},{"@type":"BreadcrumbList","@id":"https:\/\/hobstop.ee\/lv\/produkts\/rasesanas-papira-bloks-canson-xl-bristol\/#breadcrumb","itemListElement":[{"@type":"ListItem","position":1,"name":"Avaleht","item":"https:\/\/www.hobstop.ee\/lv\/"},{"@type":"ListItem","position":2,"name":"Veikals","item":"https:\/\/www.hobstop.ee\/lv\/veikals\/"},{"@type":"ListItem","position":3,"name":"Ras\u0113\u0161anas pap\u012bra bloks Canson XL Bristol"}]},{"@type":"WebSite","@id":"https:\/\/hobstop.ee\/lv\/#website","url":"https:\/\/hobstop.ee\/lv\/","name":"Skizze","description":"M\u0101kslas, hobiju un skolas preces","publisher":{"@id":"https:\/\/hobstop.ee\/lv\/#organization"},"potentialAction":[{"@type":"SearchAction","target":{"@type":"EntryPoint","urlTemplate":"https:\/\/hobstop.ee\/lv\/?s={search_term_string}"},"query-input":{"@type":"PropertyValueSpecification","valueRequired":true,"valueName":"search_term_string"}}],"inLanguage":"lv-LV"},{"@type":"Organization","@id":"https:\/\/hobstop.ee\/lv\/#organization","name":"Vunder AS","url":"https:\/\/hobstop.ee\/lv\/","logo":{"@type":"ImageObject","inLanguage":"lv-LV","@id":"https:\/\/hobstop.ee\/lv\/#\/schema\/logo\/image\/","url":"https:\/\/hobstop.ee\/media\/vunder-logo.png","contentUrl":"https:\/\/hobstop.ee\/media\/vunder-logo.png","width":127,"height":55,"caption":"Vunder AS"},"image":{"@id":"https:\/\/hobstop.ee\/lv\/#\/schema\/logo\/image\/"},"sameAs":["http:\/\/www.facebook.com\/VunderSkizze"]}]}},"_links":{"self":[{"href":"https:\/\/hobstop.ee\/lv\/wp-json\/wp\/v2\/product\/293408","targetHints":{"allow":["GET"]}}],"collection":[{"href":"https:\/\/hobstop.ee\/lv\/wp-json\/wp\/v2\/product"}],"about":[{"href":"https:\/\/hobstop.ee\/lv\/wp-json\/wp\/v2\/types\/product"}],"replies":[{"embeddable":true,"href":"https:\/\/hobstop.ee\/lv\/wp-json\/wp\/v2\/comments?post=293408"}],"wp:featuredmedia":[{"embeddable":true,"href":"https:\/\/hobstop.ee\/lv\/wp-json\/wp\/v2\/media\/354415"}],"wp:attachment":[{"href":"https:\/\/hobstop.ee\/lv\/wp-json\/wp\/v2\/media?parent=293408"}],"wp:term":[{"taxonomy":"product_cat","embeddable":true,"href":"https:\/\/hobstop.ee\/lv\/wp-json\/wp\/v2\/product_cat?post=293408"},{"taxonomy":"product_tag","embeddable":true,"href":"https:\/\/hobstop.ee\/lv\/wp-json\/wp\/v2\/product_tag?post=293408"}],"curies":[{"name":"wp","href":"https:\/\/api.w.org\/{rel}","templated":true}]}}