{"id":293420,"date":"2017-09-08T12:56:29","date_gmt":"2017-09-08T09:56:29","guid":{"rendered":"https:\/\/sharks.ee\/vunder_2019\/lv\/product\/zimesanas-bloks-canson-the-wall\/"},"modified":"2017-09-08T12:56:29","modified_gmt":"2017-09-08T09:56:29","slug":"zimesanas-bloks-canson-the-wall","status":"publish","type":"product","link":"https:\/\/hobstop.ee\/lv\/produkts\/zimesanas-bloks-canson-the-wall\/","title":{"rendered":"Z\u012bm\u0113\u0161anas bloks Canson The Wall"},"content":{"rendered":"<p>Canson The Wall ir revolucion\u0101rs pap\u012brs, kas ir \u012bpa\u0161i veidots grafiti m\u0101ksliniekiem, ilustratoriem un dizainieriem. Tas darbojas k\u0101 \u012bsta siena, kas ir piln\u012bgi necaursp\u012bd\u012bga, divpus\u0113ja un ar lab\u0101k\u0101m uzs\u016bk\u0161anas sp\u0113j\u0101m, l\u012bdz ar to kr\u0101sas nenotek. Tas ir iztur\u012bgs pret spirtu saturo\u0161iem mar\u0137ieriem un aerosoliem, un \u013cauj m\u0101ksliniekiem rad\u012bt skaidras, prec\u012bzas un smalkas l\u012bnijas. Pateicoties unik\u0101lajam un novatoriskajam ra\u017eo\u0161anas procesam, tinte nekad neizpl\u016bd\u012bs cauri pap\u012bram pat tad, ja mar\u0137ieri tiek izmantoti intens\u012bvi un atk\u0101rtoti. Kr\u0101su kontrasts tiek uzlabots, pateicoties gludajai un izteikti baltajai virsmai, un profesion\u0101lam rezult\u0101tam tas \u013cauj veidot lielas un stabilas kr\u0101sas zonas bez traipiem. \u0112rtai lieto\u0161anai tas nodro\u0161ina lielisku kompromisu starp konkr\u0113t\u012bbu un elast\u012bbu. Nekad nerodas p\u0101rpalikumi un, pat izmantojot ab\u0101s pus\u0113s, pal\u012bdz sasniegt pirmklas\u012bgus rezult\u0101tus.<\/p>\n","protected":false},"excerpt":{"rendered":"<p>Canson The Wall ir revolucion\u0101rs pap\u012brs, kas ir \u012bpa\u0161i veidots grafiti m\u0101ksliniekiem, ilustratoriem un dizainieriem. Tas darbojas k\u0101 \u012bsta siena, kas ir piln\u012bgi necaursp\u012bd\u012bga, divpus\u0113ja un ar lab\u0101k\u0101m uzs\u016bk\u0161anas sp\u0113j\u0101m, l\u012bdz ar to kr\u0101sas nenotek. Tas ir iztur\u012bgs pret spirtu saturo\u0161iem mar\u0137ieriem un aerosoliem, un \u013cauj m\u0101ksliniekiem rad\u012bt skaidras, prec\u012bzas un smalkas l\u012bnijas. Pateicoties unik\u0101lajam un novatoriskajam ra\u017eo\u0161anas procesam, tinte nekad neizpl\u016bd\u012bs cauri pap\u012bram pat tad, ja mar\u0137ieri tiek izmantoti intens\u012bvi un atk\u0101rtoti. Kr\u0101su kontrasts tiek uzlabots, pateicoties gludajai un izteikti baltajai virsmai, un profesion\u0101lam rezult\u0101tam tas \u013cauj veidot lielas un stabilas kr\u0101sas zonas bez traipiem. \u0112rtai lieto\u0161anai tas nodro\u0161ina lielisku kompromisu starp konkr\u0113t\u012bbu un elast\u012bbu. Nekad nerodas p\u0101rpalikumi un, pat izmantojot ab\u0101s pus\u0113s, pal\u012bdz sasniegt pirmklas\u012bgus rezult\u0101tus.<\/p>\n","protected":false},"featured_media":354175,"comment_status":"closed","ping_status":"closed","template":"","meta":{"_acf_changed":false,"ep_exclude_from_search":false},"product_cat":[18943,17921,19024],"product_tag":[],"class_list":{"0":"post-293420","1":"product","2":"type-product","3":"status-publish","4":"has-post-thumbnail","6":"product_cat-makslas-papirs-un-kartons-2","7":"product_cat-papira-izstradajumi","8":"product_cat-zimesanas-papirs-un-bloki-3","10":"first","11":"instock","12":"taxable","13":"shipping-taxable","14":"purchasable","15":"product-type-simple"},"acf":[],"yoast_head":"<!-- This site is optimized with the Yoast SEO plugin v24.1 - https:\/\/yoast.com\/wordpress\/plugins\/seo\/ -->\n<title>Z\u012bm\u0113\u0161anas bloks Canson The Wall &#8211; Skizze<\/title>\n<meta name=\"robots\" content=\"noindex, follow, max-snippet:-1, max-image-preview:large, max-video-preview:-1\" \/>\n<meta property=\"og:locale\" content=\"lv_LV\" \/>\n<meta property=\"og:type\" content=\"article\" \/>\n<meta property=\"og:title\" content=\"Z\u012bm\u0113\u0161anas bloks Canson The Wall &#8211; Skizze\" \/>\n<meta property=\"og:description\" content=\"Canson The Wall ir revolucion\u0101rs pap\u012brs, kas ir \u012bpa\u0161i veidots grafiti m\u0101ksliniekiem, ilustratoriem un dizainieriem. Tas darbojas k\u0101 \u012bsta siena, kas ir piln\u012bgi necaursp\u012bd\u012bga, divpus\u0113ja un ar lab\u0101k\u0101m uzs\u016bk\u0161anas sp\u0113j\u0101m, l\u012bdz ar to kr\u0101sas nenotek. Tas ir iztur\u012bgs pret spirtu saturo\u0161iem mar\u0137ieriem un aerosoliem, un \u013cauj m\u0101ksliniekiem rad\u012bt skaidras, prec\u012bzas un smalkas l\u012bnijas. Pateicoties unik\u0101lajam un novatoriskajam ra\u017eo\u0161anas procesam, tinte nekad neizpl\u016bd\u012bs cauri pap\u012bram pat tad, ja mar\u0137ieri tiek izmantoti intens\u012bvi un atk\u0101rtoti. Kr\u0101su kontrasts tiek uzlabots, pateicoties gludajai un izteikti baltajai virsmai, un profesion\u0101lam rezult\u0101tam tas \u013cauj veidot lielas un stabilas kr\u0101sas zonas bez traipiem. \u0112rtai lieto\u0161anai tas nodro\u0161ina lielisku kompromisu starp konkr\u0113t\u012bbu un elast\u012bbu. Nekad nerodas p\u0101rpalikumi un, pat izmantojot ab\u0101s pus\u0113s, pal\u012bdz sasniegt pirmklas\u012bgus rezult\u0101tus.\" \/>\n<meta property=\"og:url\" content=\"https:\/\/hobstop.ee\/lv\/produkts\/zimesanas-bloks-canson-the-wall\/\" \/>\n<meta property=\"og:site_name\" content=\"Skizze\" \/>\n<meta property=\"article:publisher\" content=\"http:\/\/www.facebook.com\/VunderSkizze\" \/>\n<meta property=\"og:image\" content=\"https:\/\/www.hobstop.ee\/media\/4632.jpg\" \/>\n\t<meta property=\"og:image:width\" content=\"1024\" \/>\n\t<meta property=\"og:image:height\" content=\"768\" \/>\n\t<meta property=\"og:image:type\" content=\"image\/jpeg\" \/>\n<meta name=\"twitter:card\" content=\"summary_large_image\" \/>\n<meta name=\"twitter:label1\" content=\"Est. reading time\" \/>\n\t<meta name=\"twitter:data1\" content=\"1 min\u016b\u0161u\" \/>\n<script type=\"application\/ld+json\" class=\"yoast-schema-graph\">{\"@context\":\"https:\/\/schema.org\",\"@graph\":[{\"@type\":\"WebPage\",\"@id\":\"https:\/\/hobstop.ee\/lv\/produkts\/zimesanas-bloks-canson-the-wall\/\",\"url\":\"https:\/\/hobstop.ee\/lv\/produkts\/zimesanas-bloks-canson-the-wall\/\",\"name\":\"Z\u012bm\u0113\u0161anas bloks Canson The Wall &#8211; Skizze\",\"isPartOf\":{\"@id\":\"https:\/\/hobstop.ee\/lv\/#website\"},\"primaryImageOfPage\":{\"@id\":\"https:\/\/hobstop.ee\/lv\/produkts\/zimesanas-bloks-canson-the-wall\/#primaryimage\"},\"image\":{\"@id\":\"https:\/\/hobstop.ee\/lv\/produkts\/zimesanas-bloks-canson-the-wall\/#primaryimage\"},\"thumbnailUrl\":\"https:\/\/hobstop.ee\/media\/4632.jpg\",\"datePublished\":\"2017-09-08T09:56:29+00:00\",\"dateModified\":\"2017-09-08T09:56:29+00:00\",\"breadcrumb\":{\"@id\":\"https:\/\/hobstop.ee\/lv\/produkts\/zimesanas-bloks-canson-the-wall\/#breadcrumb\"},\"inLanguage\":\"lv-LV\",\"potentialAction\":[{\"@type\":\"ReadAction\",\"target\":[\"https:\/\/hobstop.ee\/lv\/produkts\/zimesanas-bloks-canson-the-wall\/\"]}]},{\"@type\":\"ImageObject\",\"inLanguage\":\"lv-LV\",\"@id\":\"https:\/\/hobstop.ee\/lv\/produkts\/zimesanas-bloks-canson-the-wall\/#primaryimage\",\"url\":\"https:\/\/hobstop.ee\/media\/4632.jpg\",\"contentUrl\":\"https:\/\/hobstop.ee\/media\/4632.jpg\",\"width\":1024,\"height\":768},{\"@type\":\"BreadcrumbList\",\"@id\":\"https:\/\/hobstop.ee\/lv\/produkts\/zimesanas-bloks-canson-the-wall\/#breadcrumb\",\"itemListElement\":[{\"@type\":\"ListItem\",\"position\":1,\"name\":\"Avaleht\",\"item\":\"https:\/\/www.hobstop.ee\/lv\/\"},{\"@type\":\"ListItem\",\"position\":2,\"name\":\"Veikals\",\"item\":\"https:\/\/www.hobstop.ee\/lv\/veikals\/\"},{\"@type\":\"ListItem\",\"position\":3,\"name\":\"Z\u012bm\u0113\u0161anas bloks Canson The Wall\"}]},{\"@type\":\"WebSite\",\"@id\":\"https:\/\/hobstop.ee\/lv\/#website\",\"url\":\"https:\/\/hobstop.ee\/lv\/\",\"name\":\"Skizze\",\"description\":\"M\u0101kslas, hobiju un skolas preces\",\"publisher\":{\"@id\":\"https:\/\/hobstop.ee\/lv\/#organization\"},\"potentialAction\":[{\"@type\":\"SearchAction\",\"target\":{\"@type\":\"EntryPoint\",\"urlTemplate\":\"https:\/\/hobstop.ee\/lv\/?s={search_term_string}\"},\"query-input\":{\"@type\":\"PropertyValueSpecification\",\"valueRequired\":true,\"valueName\":\"search_term_string\"}}],\"inLanguage\":\"lv-LV\"},{\"@type\":\"Organization\",\"@id\":\"https:\/\/hobstop.ee\/lv\/#organization\",\"name\":\"Vunder AS\",\"url\":\"https:\/\/hobstop.ee\/lv\/\",\"logo\":{\"@type\":\"ImageObject\",\"inLanguage\":\"lv-LV\",\"@id\":\"https:\/\/hobstop.ee\/lv\/#\/schema\/logo\/image\/\",\"url\":\"https:\/\/hobstop.ee\/media\/vunder-logo.png\",\"contentUrl\":\"https:\/\/hobstop.ee\/media\/vunder-logo.png\",\"width\":127,\"height\":55,\"caption\":\"Vunder AS\"},\"image\":{\"@id\":\"https:\/\/hobstop.ee\/lv\/#\/schema\/logo\/image\/\"},\"sameAs\":[\"http:\/\/www.facebook.com\/VunderSkizze\"]}]}<\/script>\n<!-- \/ Yoast SEO plugin. -->","yoast_head_json":{"title":"Z\u012bm\u0113\u0161anas bloks Canson The Wall &#8211; Skizze","robots":{"index":"noindex","follow":"follow","max-snippet":"max-snippet:-1","max-image-preview":"max-image-preview:large","max-video-preview":"max-video-preview:-1"},"og_locale":"lv_LV","og_type":"article","og_title":"Z\u012bm\u0113\u0161anas bloks Canson The Wall &#8211; Skizze","og_description":"Canson The Wall ir revolucion\u0101rs pap\u012brs, kas ir \u012bpa\u0161i veidots grafiti m\u0101ksliniekiem, ilustratoriem un dizainieriem. Tas darbojas k\u0101 \u012bsta siena, kas ir piln\u012bgi necaursp\u012bd\u012bga, divpus\u0113ja un ar lab\u0101k\u0101m uzs\u016bk\u0161anas sp\u0113j\u0101m, l\u012bdz ar to kr\u0101sas nenotek. Tas ir iztur\u012bgs pret spirtu saturo\u0161iem mar\u0137ieriem un aerosoliem, un \u013cauj m\u0101ksliniekiem rad\u012bt skaidras, prec\u012bzas un smalkas l\u012bnijas. Pateicoties unik\u0101lajam un novatoriskajam ra\u017eo\u0161anas procesam, tinte nekad neizpl\u016bd\u012bs cauri pap\u012bram pat tad, ja mar\u0137ieri tiek izmantoti intens\u012bvi un atk\u0101rtoti. Kr\u0101su kontrasts tiek uzlabots, pateicoties gludajai un izteikti baltajai virsmai, un profesion\u0101lam rezult\u0101tam tas \u013cauj veidot lielas un stabilas kr\u0101sas zonas bez traipiem. \u0112rtai lieto\u0161anai tas nodro\u0161ina lielisku kompromisu starp konkr\u0113t\u012bbu un elast\u012bbu. Nekad nerodas p\u0101rpalikumi un, pat izmantojot ab\u0101s pus\u0113s, pal\u012bdz sasniegt pirmklas\u012bgus rezult\u0101tus.","og_url":"https:\/\/hobstop.ee\/lv\/produkts\/zimesanas-bloks-canson-the-wall\/","og_site_name":"Skizze","article_publisher":"http:\/\/www.facebook.com\/VunderSkizze","og_image":[{"width":1024,"height":768,"url":"https:\/\/www.hobstop.ee\/media\/4632.jpg","type":"image\/jpeg"}],"twitter_card":"summary_large_image","twitter_misc":{"Est. reading time":"1 min\u016b\u0161u"},"schema":{"@context":"https:\/\/schema.org","@graph":[{"@type":"WebPage","@id":"https:\/\/hobstop.ee\/lv\/produkts\/zimesanas-bloks-canson-the-wall\/","url":"https:\/\/hobstop.ee\/lv\/produkts\/zimesanas-bloks-canson-the-wall\/","name":"Z\u012bm\u0113\u0161anas bloks Canson The Wall &#8211; Skizze","isPartOf":{"@id":"https:\/\/hobstop.ee\/lv\/#website"},"primaryImageOfPage":{"@id":"https:\/\/hobstop.ee\/lv\/produkts\/zimesanas-bloks-canson-the-wall\/#primaryimage"},"image":{"@id":"https:\/\/hobstop.ee\/lv\/produkts\/zimesanas-bloks-canson-the-wall\/#primaryimage"},"thumbnailUrl":"https:\/\/hobstop.ee\/media\/4632.jpg","datePublished":"2017-09-08T09:56:29+00:00","dateModified":"2017-09-08T09:56:29+00:00","breadcrumb":{"@id":"https:\/\/hobstop.ee\/lv\/produkts\/zimesanas-bloks-canson-the-wall\/#breadcrumb"},"inLanguage":"lv-LV","potentialAction":[{"@type":"ReadAction","target":["https:\/\/hobstop.ee\/lv\/produkts\/zimesanas-bloks-canson-the-wall\/"]}]},{"@type":"ImageObject","inLanguage":"lv-LV","@id":"https:\/\/hobstop.ee\/lv\/produkts\/zimesanas-bloks-canson-the-wall\/#primaryimage","url":"https:\/\/hobstop.ee\/media\/4632.jpg","contentUrl":"https:\/\/hobstop.ee\/media\/4632.jpg","width":1024,"height":768},{"@type":"BreadcrumbList","@id":"https:\/\/hobstop.ee\/lv\/produkts\/zimesanas-bloks-canson-the-wall\/#breadcrumb","itemListElement":[{"@type":"ListItem","position":1,"name":"Avaleht","item":"https:\/\/www.hobstop.ee\/lv\/"},{"@type":"ListItem","position":2,"name":"Veikals","item":"https:\/\/www.hobstop.ee\/lv\/veikals\/"},{"@type":"ListItem","position":3,"name":"Z\u012bm\u0113\u0161anas bloks Canson The Wall"}]},{"@type":"WebSite","@id":"https:\/\/hobstop.ee\/lv\/#website","url":"https:\/\/hobstop.ee\/lv\/","name":"Skizze","description":"M\u0101kslas, hobiju un skolas preces","publisher":{"@id":"https:\/\/hobstop.ee\/lv\/#organization"},"potentialAction":[{"@type":"SearchAction","target":{"@type":"EntryPoint","urlTemplate":"https:\/\/hobstop.ee\/lv\/?s={search_term_string}"},"query-input":{"@type":"PropertyValueSpecification","valueRequired":true,"valueName":"search_term_string"}}],"inLanguage":"lv-LV"},{"@type":"Organization","@id":"https:\/\/hobstop.ee\/lv\/#organization","name":"Vunder AS","url":"https:\/\/hobstop.ee\/lv\/","logo":{"@type":"ImageObject","inLanguage":"lv-LV","@id":"https:\/\/hobstop.ee\/lv\/#\/schema\/logo\/image\/","url":"https:\/\/hobstop.ee\/media\/vunder-logo.png","contentUrl":"https:\/\/hobstop.ee\/media\/vunder-logo.png","width":127,"height":55,"caption":"Vunder AS"},"image":{"@id":"https:\/\/hobstop.ee\/lv\/#\/schema\/logo\/image\/"},"sameAs":["http:\/\/www.facebook.com\/VunderSkizze"]}]}},"_links":{"self":[{"href":"https:\/\/hobstop.ee\/lv\/wp-json\/wp\/v2\/product\/293420","targetHints":{"allow":["GET"]}}],"collection":[{"href":"https:\/\/hobstop.ee\/lv\/wp-json\/wp\/v2\/product"}],"about":[{"href":"https:\/\/hobstop.ee\/lv\/wp-json\/wp\/v2\/types\/product"}],"replies":[{"embeddable":true,"href":"https:\/\/hobstop.ee\/lv\/wp-json\/wp\/v2\/comments?post=293420"}],"wp:featuredmedia":[{"embeddable":true,"href":"https:\/\/hobstop.ee\/lv\/wp-json\/wp\/v2\/media\/354175"}],"wp:attachment":[{"href":"https:\/\/hobstop.ee\/lv\/wp-json\/wp\/v2\/media?parent=293420"}],"wp:term":[{"taxonomy":"product_cat","embeddable":true,"href":"https:\/\/hobstop.ee\/lv\/wp-json\/wp\/v2\/product_cat?post=293420"},{"taxonomy":"product_tag","embeddable":true,"href":"https:\/\/hobstop.ee\/lv\/wp-json\/wp\/v2\/product_tag?post=293420"}],"curies":[{"name":"wp","href":"https:\/\/api.w.org\/{rel}","templated":true}]}}