{"id":293424,"date":"2017-09-08T12:56:30","date_gmt":"2017-09-08T09:56:30","guid":{"rendered":"https:\/\/sharks.ee\/vunder_2019\/lv\/product\/fotopapirs-canson-infinity-baryta-photographique\/"},"modified":"2017-09-08T12:56:30","modified_gmt":"2017-09-08T09:56:30","slug":"fotopapirs-canson-infinity-baryta-photographique","status":"publish","type":"product","link":"https:\/\/hobstop.ee\/lv\/produkts\/fotopapirs-canson-infinity-baryta-photographique\/","title":{"rendered":"Fotopap\u012brs Canson Infinity Baryta Photographique"},"content":{"rendered":"<p>Baryta Photographique ir \u012bsts b\u0101rija pap\u012brs, kas izstr\u0101d\u0101ts tintes str\u016bklas tehnolo\u0123ijai. Izteikti baltais pap\u012brs sast\u0101v no alfacelulozes, nesatur sk\u0101bes, ar t\u0101du pa\u0161u b\u0101rija sulf\u0101ta p\u0101rkl\u0101jumu tradicion\u0101lajam sudraba hal\u012bdam, k\u0101 ar\u012b pirmklas\u012bgu tintes absorb\u0113t\u0101jsl\u0101nis. Baryta Photographique ir ori\u0123in\u0101ls tum\u0161\u0101s bar\u012bta drukas izskats un est\u0113tika un tas atbilst ISO 9706 standartam, t\u0101d\u0113j\u0101di nodro\u0161in\u0101t maksim\u0101lu iztur\u012bbu. \u0160is muzeja klases fotopap\u012brs ar lielisku meln\u0101 to\u0146a bl\u012bvumu un att\u0113la asumu ir ide\u0101li piem\u0113rotu melnbalt\u0101m fotogr\u0101fij\u0101m.<\/p>\n","protected":false},"excerpt":{"rendered":"<p>Baryta Photographique ir \u012bsts b\u0101rija pap\u012brs, kas izstr\u0101d\u0101ts tintes str\u016bklas tehnolo\u0123ijai. Izteikti baltais pap\u012brs sast\u0101v no alfacelulozes, nesatur sk\u0101bes, ar t\u0101du pa\u0161u b\u0101rija sulf\u0101ta p\u0101rkl\u0101jumu tradicion\u0101lajam sudraba hal\u012bdam, k\u0101 ar\u012b pirmklas\u012bgu tintes absorb\u0113t\u0101jsl\u0101nis. Baryta Photographique ir ori\u0123in\u0101ls tum\u0161\u0101s bar\u012bta drukas izskats un est\u0113tika un tas atbilst ISO 9706 standartam, t\u0101d\u0113j\u0101di nodro\u0161in\u0101t maksim\u0101lu iztur\u012bbu. \u0160is muzeja klases fotopap\u012brs ar lielisku meln\u0101 to\u0146a bl\u012bvumu un att\u0113la asumu ir ide\u0101li piem\u0113rotu melnbalt\u0101m fotogr\u0101fij\u0101m.<\/p>\n","protected":false},"featured_media":0,"comment_status":"closed","ping_status":"closed","template":"","meta":{"_acf_changed":false,"ep_exclude_from_search":false},"product_cat":[18660,18618,17921],"product_tag":[],"class_list":{"0":"post-293424","1":"product","2":"type-product","3":"status-publish","5":"product_cat-drukas-papirs","6":"product_cat-fotopapiri","7":"product_cat-papira-izstradajumi","9":"first","10":"instock","11":"taxable","12":"shipping-taxable","13":"product-type-simple"},"acf":[],"yoast_head":"<!-- This site is optimized with the Yoast SEO plugin v24.1 - https:\/\/yoast.com\/wordpress\/plugins\/seo\/ -->\n<title>Fotopap\u012brs Canson Infinity Baryta Photographique &#8211; Skizze<\/title>\n<meta name=\"robots\" content=\"noindex, follow, max-snippet:-1, max-image-preview:large, max-video-preview:-1\" \/>\n<meta property=\"og:locale\" content=\"lv_LV\" \/>\n<meta property=\"og:type\" content=\"article\" \/>\n<meta property=\"og:title\" content=\"Fotopap\u012brs Canson Infinity Baryta Photographique &#8211; Skizze\" \/>\n<meta property=\"og:description\" content=\"Baryta Photographique ir \u012bsts b\u0101rija pap\u012brs, kas izstr\u0101d\u0101ts tintes str\u016bklas tehnolo\u0123ijai. Izteikti baltais pap\u012brs sast\u0101v no alfacelulozes, nesatur sk\u0101bes, ar t\u0101du pa\u0161u b\u0101rija sulf\u0101ta p\u0101rkl\u0101jumu tradicion\u0101lajam sudraba hal\u012bdam, k\u0101 ar\u012b pirmklas\u012bgu tintes absorb\u0113t\u0101jsl\u0101nis. Baryta Photographique ir ori\u0123in\u0101ls tum\u0161\u0101s bar\u012bta drukas izskats un est\u0113tika un tas atbilst ISO 9706 standartam, t\u0101d\u0113j\u0101di nodro\u0161in\u0101t maksim\u0101lu iztur\u012bbu. \u0160is muzeja klases fotopap\u012brs ar lielisku meln\u0101 to\u0146a bl\u012bvumu un att\u0113la asumu ir ide\u0101li piem\u0113rotu melnbalt\u0101m fotogr\u0101fij\u0101m.\" \/>\n<meta property=\"og:url\" content=\"https:\/\/hobstop.ee\/lv\/produkts\/fotopapirs-canson-infinity-baryta-photographique\/\" \/>\n<meta property=\"og:site_name\" content=\"Skizze\" \/>\n<meta property=\"article:publisher\" content=\"http:\/\/www.facebook.com\/VunderSkizze\" \/>\n<meta name=\"twitter:card\" content=\"summary_large_image\" \/>\n<meta name=\"twitter:label1\" content=\"Est. reading time\" \/>\n\t<meta name=\"twitter:data1\" content=\"1 min\u016b\u0161u\" \/>\n<script type=\"application\/ld+json\" class=\"yoast-schema-graph\">{\"@context\":\"https:\/\/schema.org\",\"@graph\":[{\"@type\":\"WebPage\",\"@id\":\"https:\/\/hobstop.ee\/lv\/produkts\/fotopapirs-canson-infinity-baryta-photographique\/\",\"url\":\"https:\/\/hobstop.ee\/lv\/produkts\/fotopapirs-canson-infinity-baryta-photographique\/\",\"name\":\"Fotopap\u012brs Canson Infinity Baryta Photographique &#8211; Skizze\",\"isPartOf\":{\"@id\":\"https:\/\/hobstop.ee\/lv\/#website\"},\"datePublished\":\"2017-09-08T09:56:30+00:00\",\"dateModified\":\"2017-09-08T09:56:30+00:00\",\"breadcrumb\":{\"@id\":\"https:\/\/hobstop.ee\/lv\/produkts\/fotopapirs-canson-infinity-baryta-photographique\/#breadcrumb\"},\"inLanguage\":\"lv-LV\",\"potentialAction\":[{\"@type\":\"ReadAction\",\"target\":[\"https:\/\/hobstop.ee\/lv\/produkts\/fotopapirs-canson-infinity-baryta-photographique\/\"]}]},{\"@type\":\"BreadcrumbList\",\"@id\":\"https:\/\/hobstop.ee\/lv\/produkts\/fotopapirs-canson-infinity-baryta-photographique\/#breadcrumb\",\"itemListElement\":[{\"@type\":\"ListItem\",\"position\":1,\"name\":\"Avaleht\",\"item\":\"https:\/\/www.hobstop.ee\/lv\/\"},{\"@type\":\"ListItem\",\"position\":2,\"name\":\"Veikals\",\"item\":\"https:\/\/www.hobstop.ee\/lv\/veikals\/\"},{\"@type\":\"ListItem\",\"position\":3,\"name\":\"Fotopap\u012brs Canson Infinity Baryta Photographique\"}]},{\"@type\":\"WebSite\",\"@id\":\"https:\/\/hobstop.ee\/lv\/#website\",\"url\":\"https:\/\/hobstop.ee\/lv\/\",\"name\":\"Skizze\",\"description\":\"M\u0101kslas, hobiju un skolas preces\",\"publisher\":{\"@id\":\"https:\/\/hobstop.ee\/lv\/#organization\"},\"potentialAction\":[{\"@type\":\"SearchAction\",\"target\":{\"@type\":\"EntryPoint\",\"urlTemplate\":\"https:\/\/hobstop.ee\/lv\/?s={search_term_string}\"},\"query-input\":{\"@type\":\"PropertyValueSpecification\",\"valueRequired\":true,\"valueName\":\"search_term_string\"}}],\"inLanguage\":\"lv-LV\"},{\"@type\":\"Organization\",\"@id\":\"https:\/\/hobstop.ee\/lv\/#organization\",\"name\":\"Vunder AS\",\"url\":\"https:\/\/hobstop.ee\/lv\/\",\"logo\":{\"@type\":\"ImageObject\",\"inLanguage\":\"lv-LV\",\"@id\":\"https:\/\/hobstop.ee\/lv\/#\/schema\/logo\/image\/\",\"url\":\"https:\/\/hobstop.ee\/media\/vunder-logo.png\",\"contentUrl\":\"https:\/\/hobstop.ee\/media\/vunder-logo.png\",\"width\":127,\"height\":55,\"caption\":\"Vunder AS\"},\"image\":{\"@id\":\"https:\/\/hobstop.ee\/lv\/#\/schema\/logo\/image\/\"},\"sameAs\":[\"http:\/\/www.facebook.com\/VunderSkizze\"]}]}<\/script>\n<!-- \/ Yoast SEO plugin. -->","yoast_head_json":{"title":"Fotopap\u012brs Canson Infinity Baryta Photographique &#8211; Skizze","robots":{"index":"noindex","follow":"follow","max-snippet":"max-snippet:-1","max-image-preview":"max-image-preview:large","max-video-preview":"max-video-preview:-1"},"og_locale":"lv_LV","og_type":"article","og_title":"Fotopap\u012brs Canson Infinity Baryta Photographique &#8211; Skizze","og_description":"Baryta Photographique ir \u012bsts b\u0101rija pap\u012brs, kas izstr\u0101d\u0101ts tintes str\u016bklas tehnolo\u0123ijai. Izteikti baltais pap\u012brs sast\u0101v no alfacelulozes, nesatur sk\u0101bes, ar t\u0101du pa\u0161u b\u0101rija sulf\u0101ta p\u0101rkl\u0101jumu tradicion\u0101lajam sudraba hal\u012bdam, k\u0101 ar\u012b pirmklas\u012bgu tintes absorb\u0113t\u0101jsl\u0101nis. Baryta Photographique ir ori\u0123in\u0101ls tum\u0161\u0101s bar\u012bta drukas izskats un est\u0113tika un tas atbilst ISO 9706 standartam, t\u0101d\u0113j\u0101di nodro\u0161in\u0101t maksim\u0101lu iztur\u012bbu. \u0160is muzeja klases fotopap\u012brs ar lielisku meln\u0101 to\u0146a bl\u012bvumu un att\u0113la asumu ir ide\u0101li piem\u0113rotu melnbalt\u0101m fotogr\u0101fij\u0101m.","og_url":"https:\/\/hobstop.ee\/lv\/produkts\/fotopapirs-canson-infinity-baryta-photographique\/","og_site_name":"Skizze","article_publisher":"http:\/\/www.facebook.com\/VunderSkizze","twitter_card":"summary_large_image","twitter_misc":{"Est. reading time":"1 min\u016b\u0161u"},"schema":{"@context":"https:\/\/schema.org","@graph":[{"@type":"WebPage","@id":"https:\/\/hobstop.ee\/lv\/produkts\/fotopapirs-canson-infinity-baryta-photographique\/","url":"https:\/\/hobstop.ee\/lv\/produkts\/fotopapirs-canson-infinity-baryta-photographique\/","name":"Fotopap\u012brs Canson Infinity Baryta Photographique &#8211; Skizze","isPartOf":{"@id":"https:\/\/hobstop.ee\/lv\/#website"},"datePublished":"2017-09-08T09:56:30+00:00","dateModified":"2017-09-08T09:56:30+00:00","breadcrumb":{"@id":"https:\/\/hobstop.ee\/lv\/produkts\/fotopapirs-canson-infinity-baryta-photographique\/#breadcrumb"},"inLanguage":"lv-LV","potentialAction":[{"@type":"ReadAction","target":["https:\/\/hobstop.ee\/lv\/produkts\/fotopapirs-canson-infinity-baryta-photographique\/"]}]},{"@type":"BreadcrumbList","@id":"https:\/\/hobstop.ee\/lv\/produkts\/fotopapirs-canson-infinity-baryta-photographique\/#breadcrumb","itemListElement":[{"@type":"ListItem","position":1,"name":"Avaleht","item":"https:\/\/www.hobstop.ee\/lv\/"},{"@type":"ListItem","position":2,"name":"Veikals","item":"https:\/\/www.hobstop.ee\/lv\/veikals\/"},{"@type":"ListItem","position":3,"name":"Fotopap\u012brs Canson Infinity Baryta Photographique"}]},{"@type":"WebSite","@id":"https:\/\/hobstop.ee\/lv\/#website","url":"https:\/\/hobstop.ee\/lv\/","name":"Skizze","description":"M\u0101kslas, hobiju un skolas preces","publisher":{"@id":"https:\/\/hobstop.ee\/lv\/#organization"},"potentialAction":[{"@type":"SearchAction","target":{"@type":"EntryPoint","urlTemplate":"https:\/\/hobstop.ee\/lv\/?s={search_term_string}"},"query-input":{"@type":"PropertyValueSpecification","valueRequired":true,"valueName":"search_term_string"}}],"inLanguage":"lv-LV"},{"@type":"Organization","@id":"https:\/\/hobstop.ee\/lv\/#organization","name":"Vunder AS","url":"https:\/\/hobstop.ee\/lv\/","logo":{"@type":"ImageObject","inLanguage":"lv-LV","@id":"https:\/\/hobstop.ee\/lv\/#\/schema\/logo\/image\/","url":"https:\/\/hobstop.ee\/media\/vunder-logo.png","contentUrl":"https:\/\/hobstop.ee\/media\/vunder-logo.png","width":127,"height":55,"caption":"Vunder AS"},"image":{"@id":"https:\/\/hobstop.ee\/lv\/#\/schema\/logo\/image\/"},"sameAs":["http:\/\/www.facebook.com\/VunderSkizze"]}]}},"_links":{"self":[{"href":"https:\/\/hobstop.ee\/lv\/wp-json\/wp\/v2\/product\/293424","targetHints":{"allow":["GET"]}}],"collection":[{"href":"https:\/\/hobstop.ee\/lv\/wp-json\/wp\/v2\/product"}],"about":[{"href":"https:\/\/hobstop.ee\/lv\/wp-json\/wp\/v2\/types\/product"}],"replies":[{"embeddable":true,"href":"https:\/\/hobstop.ee\/lv\/wp-json\/wp\/v2\/comments?post=293424"}],"wp:attachment":[{"href":"https:\/\/hobstop.ee\/lv\/wp-json\/wp\/v2\/media?parent=293424"}],"wp:term":[{"taxonomy":"product_cat","embeddable":true,"href":"https:\/\/hobstop.ee\/lv\/wp-json\/wp\/v2\/product_cat?post=293424"},{"taxonomy":"product_tag","embeddable":true,"href":"https:\/\/hobstop.ee\/lv\/wp-json\/wp\/v2\/product_tag?post=293424"}],"curies":[{"name":"wp","href":"https:\/\/api.w.org\/{rel}","templated":true}]}}